{"id":4439,"date":"2021-10-12T16:27:24","date_gmt":"2021-10-12T16:27:24","guid":{"rendered":"http:\/\/dummy.xtemos.com\/woodmart2\/elementor\/?page_id=4439"},"modified":"2025-03-16T04:32:27","modified_gmt":"2025-03-16T03:32:27","slug":"contact-us","status":"publish","type":"page","link":"https:\/\/industriemaroc.com\/en\/contact-us\/","title":{"rendered":"Contact us"},"content":{"rendered":"<div data-elementor-type=\"wp-page\" data-elementor-id=\"4439\" class=\"elementor elementor-4439\">\n\t\t\t\t\t\t<section class=\"wd-negative-gap elementor-section elementor-top-section elementor-element elementor-element-1c9344a2 elementor-section-boxed elementor-section-height-default elementor-section-height-default\" data-id=\"1c9344a2\" data-element_type=\"section\">\n\t\t\t\t\t\t<div class=\"elementor-container elementor-column-gap-default\">\n\t\t\t\t\t<div class=\"elementor-column elementor-col-50 elementor-top-column elementor-element elementor-element-a4e7846\" data-id=\"a4e7846\" data-element_type=\"column\">\n\t\t\t<div class=\"elementor-widget-wrap elementor-element-populated\">\n\t\t\t\t\t\t<div class=\"elementor-element elementor-element-1f711d0 elementor-widget elementor-widget-wd_text_block\" data-id=\"1f711d0\" data-element_type=\"widget\" data-widget_type=\"wd_text_block.default\">\n\t\t\t\t<div class=\"elementor-widget-container\">\n\t\t\t\t\t\t\t<div class=\"wd-text-block reset-last-child text-left\">\n\t\t\t\n\t\t\t<h2 style=\"text-align: center;\"><span style=\"color: #000000;\"><strong>We are here to listen to you!<\/strong><\/span><\/h2><p style=\"text-align: center;\">Chez Industrie Maroc Online, nous valorisons la voix de nos clients. Votre satisfaction est notre priorit\u00e9 absolue, c'est pourquoi nous vous encourageons vivement \u00e0 nous contacter pour toutes vos questions, suggestions ou pr\u00e9occupations.<\/p><p style=\"text-align: center;\">We are here to offer you our expertise and assistance, whether for inquiries about our products and services, purchasing advice, technical assistance or any other request specific to your business.<\/p><p style=\"text-align: center;\">Your opinion matters to us, and we are grateful for your trust. Please know that you can count on our commitment to providing exceptional customer service and finding solutions tailored to your needs.<\/p><p style=\"text-align: center;\">Contactez-nous d\u00e8s aujourd'hui et laissez-nous savoir comment nous pouvons vous aider. Nous sommes impatients d'entendre de vos nouvelles et de vous offrir une exp\u00e9rience positive avec Industrie Maroc Online.<\/p><p style=\"text-align: center;\"><br><span style=\"font-family: 'Work Sans', Arial, Helvetica, sans-serif; font-size: 16px; font-style: normal; font-variant-ligatures: normal; font-variant-caps: normal; font-weight: 400;\">do not hesitate to contact us<\/span><\/p><p style=\"text-align: center;\"><span style=\"font-family: 'Work Sans', Arial, Helvetica, sans-serif; font-size: 16px; font-style: normal; font-variant-ligatures: normal; font-variant-caps: normal;\"><b>Par t\u00e9l\u00e9phone: +212 6 61 15 09 30<\/b><\/span><\/p><p style=\"text-align: center;\"><span style=\"font-family: 'Work Sans', Arial, Helvetica, sans-serif; font-size: 16px; font-style: normal; font-variant-ligatures: normal; font-variant-caps: normal;\"><b>By email: <a href=\"mailto:support@industriemaroc.com\">support@industriemaroc.com<\/a><\/b><\/span><\/p><p style=\"text-align: center;\"><span style=\"font-family: 'Work Sans', Arial, Helvetica, sans-serif; font-size: 16px; font-style: normal; font-variant-ligatures: normal; font-variant-caps: normal; font-weight: 400;\"> Our dedicated team is ready to listen to you and respond to all your requests diligently.<\/span><\/p>\n\t\t\t\t\t<\/div>\n\t\t\t\t\t\t<\/div>\n\t\t\t\t<\/div>\n\t\t\t\t\t<\/div>\n\t\t<\/div>\n\t\t\t\t<div class=\"elementor-column elementor-col-50 elementor-top-column elementor-element elementor-element-41bec3dc\" data-id=\"41bec3dc\" data-element_type=\"column\">\n\t\t\t<div class=\"elementor-widget-wrap elementor-element-populated\">\n\t\t\t\t\t\t<div class=\"elementor-element elementor-element-88ca337 wd-width-100 elementor-widget elementor-widget-wd_title\" data-id=\"88ca337\" data-element_type=\"widget\" data-widget_type=\"wd_title.default\">\n\t\t\t\t<div class=\"elementor-widget-container\">\n\t\t\t\t\t\t\t<div class=\"title-wrapper wd-set-mb reset-last-child wd-title-color-default wd-title-style-default wd-title-size-default text-left\">\n\n\t\t\t\n\t\t\t<div class=\"liner-continer\">\n\t\t\t\t<h4 class=\"woodmart-title-container title wd-fontsize-l\">CONTACT US FOR MORE INFORMATION  <\/h4> \n\t\t\t\t\t\t\t<\/div>\n\n\t\t\t\t\t<\/div>\n\t\t\t\t\t\t<\/div>\n\t\t\t\t<\/div>\n\t\t\t\t<div class=\"elementor-element elementor-element-5ce0072f wd-cf7 elementor-widget elementor-widget-wd_contact_form_7\" data-id=\"5ce0072f\" data-element_type=\"widget\" data-widget_type=\"wd_contact_form_7.default\">\n\t\t\t\t<div class=\"elementor-widget-container\">\n\t\t\t\t\t\n<div class=\"wpcf7 no-js\" id=\"wpcf7-f1572-o1\" lang=\"en-US\" dir=\"ltr\" data-wpcf7-id=\"1572\">\n<div class=\"screen-reader-response\"><p role=\"status\" aria-live=\"polite\" aria-atomic=\"true\"><\/p> <ul><\/ul><\/div>\n<form action=\"\/en\/wp-json\/wp\/v2\/pages\/4439#wpcf7-f1572-o1\" method=\"post\" class=\"wpcf7-form init\" aria-label=\"Contact form\" novalidate=\"novalidate\" data-status=\"init\" data-trp-original-action=\"\/en\/wp-json\/wp\/v2\/pages\/4439#wpcf7-f1572-o1\">\n<div style=\"display: none;\">\n<input type=\"hidden\" name=\"_wpcf7\" value=\"1572\" \/>\n<input type=\"hidden\" name=\"_wpcf7_version\" value=\"6.0.4\" \/>\n<input type=\"hidden\" name=\"_wpcf7_locale\" value=\"en_US\" \/>\n<input type=\"hidden\" name=\"_wpcf7_unit_tag\" value=\"wpcf7-f1572-o1\" \/>\n<input type=\"hidden\" name=\"_wpcf7_container_post\" value=\"0\" \/>\n<input type=\"hidden\" name=\"_wpcf7_posted_data_hash\" value=\"\" \/>\n<\/div>\n<div class=\"row\">\n\t<p class=\"col-md-6\"><label>Your Name<\/label><span class=\"wpcf7-form-control-wrap\" data-name=\"your-name\"><input size=\"40\" maxlength=\"400\" class=\"wpcf7-form-control wpcf7-text wpcf7-validates-as-required\" aria-required=\"true\" aria-invalid=\"false\" value=\"\" type=\"text\" name=\"your-name\" \/><\/span>\n\t<\/p>\n\t<p class=\"col-md-6\"><label>Your Email<\/label><span class=\"wpcf7-form-control-wrap\" data-name=\"your-email\"><input size=\"40\" maxlength=\"400\" class=\"wpcf7-form-control wpcf7-email wpcf7-validates-as-required wpcf7-text wpcf7-validates-as-email\" aria-required=\"true\" aria-invalid=\"false\" value=\"\" type=\"email\" name=\"your-email\" \/><\/span>\n\t<\/p>\n<\/div>\n<div class=\"row\">\n\t<p class=\"col-md-6\"><label>Phone Number<\/label><span class=\"wpcf7-form-control-wrap\" data-name=\"tel-767\"><input size=\"40\" maxlength=\"400\" class=\"wpcf7-form-control wpcf7-tel wpcf7-text wpcf7-validates-as-tel\" aria-invalid=\"false\" value=\"\" type=\"tel\" name=\"tel-767\" \/><\/span>\n\t<\/p>\n<\/div>\n<p><label>Your Message<\/label><span class=\"wpcf7-form-control-wrap\" data-name=\"your-message\"><textarea cols=\"40\" rows=\"10\" maxlength=\"2000\" class=\"wpcf7-form-control wpcf7-textarea\" aria-invalid=\"false\" name=\"your-message\"><\/textarea><\/span>\n<\/p>\n<p><input class=\"wpcf7-form-control wpcf7-submit has-spinner btn-color-black\" type=\"submit\" value=\"Ask a question\" \/>\n<\/p><div class=\"wpcf7-response-output\" aria-hidden=\"true\"><\/div>\n<input type=\"hidden\" name=\"trp-form-language\" value=\"en\"\/><\/form>\n<\/div>\n\t\t\t\t<\/div>\n\t\t\t\t<\/div>\n\t\t\t\t\t<\/div>\n\t\t<\/div>\n\t\t\t\t\t<\/div>\n\t\t<\/section>\n\t\t\t\t<\/div>","protected":false},"excerpt":{"rendered":"<p>Nous sommes l\u00e0 pour vous \u00e9couter ! Chez Industrie Maroc Online, nous valorisons la voix de nos clients. Votre satisfaction<\/p>","protected":false},"author":1,"featured_media":0,"parent":0,"menu_order":0,"comment_status":"closed","ping_status":"closed","template":"","meta":{"om_disable_all_campaigns":false,"_monsterinsights_skip_tracking":false,"_monsterinsights_sitenote_active":false,"_monsterinsights_sitenote_note":"","_monsterinsights_sitenote_category":0,"_uf_show_specific_survey":0,"_uf_disable_surveys":false,"_joinchat":[],"footnotes":""},"class_list":["post-4439","page","type-page","status-publish","hentry"],"yoast_head":"<!-- This site is optimized with the Yoast SEO plugin v27.6 - https:\/\/yoast.com\/product\/yoast-seo-wordpress\/ -->\n<title>Contact us - Industrie Maroc Online<\/title>\n<meta name=\"description\" content=\"Nous sommes l\u00e0 pour vous \u00e9couter !Chez Industrie Maroc Online, nous valorisons la voix de nos clients. Votre satisfaction est notre priorit\u00e9 absolue, c&#039;est pourquoi nous vous encourageons vivement \u00e0 nous contacter pour toutes vos questions, suggestions ou pr\u00e9occupations.Nous sommes l\u00e0 pour vous offrir notre expertise et notre assistance, que ce soit pour des demandes de renseignements sur nos produits et services, des conseils d&#039;achat, une assistance technique ou toute autre demande sp\u00e9cifique \u00e0 votre entreprise.Votre avis compte pour nous, et nous sommes reconnaissants de votre confiance. Sachez que vous pouvez compter sur notre engagement \u00e0 fournir un service client\u00e8le exceptionnel et \u00e0 trouver des solutions adapt\u00e9es \u00e0 vos besoins.Contactez-nous d\u00e8s aujourd&#039;hui et laissez-nous savoir comment nous pouvons vous aider. Nous sommes impatients d&#039;entendre de vos nouvelles et de vous offrir une exp\u00e9rience positive avec Industrie Maroc Online.N&#039;h\u00e9sitez pas \u00e0 nous contacterPar t\u00e9l\u00e9phone: +212 6 61 15 09 30Par e-mail: support@industriemaroc.com Notre \u00e9quipe d\u00e9vou\u00e9e est pr\u00eate \u00e0 vous \u00e9couter et \u00e0 r\u00e9pondre \u00e0 toutes vos demandes avec diligence.   CONTACTEZ NOUS POUR PLUS D&#039;INFORMATIONS       Your Name  Your Email  Phone Number  Your Message\" \/>\n<meta name=\"robots\" content=\"index, follow, max-snippet:-1, max-image-preview:large, max-video-preview:-1\" \/>\n<link rel=\"canonical\" href=\"https:\/\/industriemaroc.com\/en\/contact-us\/\" \/>\n<meta property=\"og:locale\" content=\"en_US\" \/>\n<meta property=\"og:type\" content=\"article\" \/>\n<meta property=\"og:title\" content=\"Contact us - Industrie Maroc Online\" \/>\n<meta property=\"og:description\" content=\"Nous sommes l\u00e0 pour vous \u00e9couter !Chez Industrie Maroc Online, nous valorisons la voix de nos clients. Votre satisfaction est notre priorit\u00e9 absolue, c&#039;est pourquoi nous vous encourageons vivement \u00e0 nous contacter pour toutes vos questions, suggestions ou pr\u00e9occupations.Nous sommes l\u00e0 pour vous offrir notre expertise et notre assistance, que ce soit pour des demandes de renseignements sur nos produits et services, des conseils d&#039;achat, une assistance technique ou toute autre demande sp\u00e9cifique \u00e0 votre entreprise.Votre avis compte pour nous, et nous sommes reconnaissants de votre confiance. Sachez que vous pouvez compter sur notre engagement \u00e0 fournir un service client\u00e8le exceptionnel et \u00e0 trouver des solutions adapt\u00e9es \u00e0 vos besoins.Contactez-nous d\u00e8s aujourd&#039;hui et laissez-nous savoir comment nous pouvons vous aider. Nous sommes impatients d&#039;entendre de vos nouvelles et de vous offrir une exp\u00e9rience positive avec Industrie Maroc Online.N&#039;h\u00e9sitez pas \u00e0 nous contacterPar t\u00e9l\u00e9phone: +212 6 61 15 09 30Par e-mail: support@industriemaroc.com Notre \u00e9quipe d\u00e9vou\u00e9e est pr\u00eate \u00e0 vous \u00e9couter et \u00e0 r\u00e9pondre \u00e0 toutes vos demandes avec diligence.   CONTACTEZ NOUS POUR PLUS D&#039;INFORMATIONS       Your Name  Your Email  Phone Number  Your Message\" \/>\n<meta property=\"og:url\" content=\"https:\/\/industriemaroc.com\/en\/contact-us\/\" \/>\n<meta property=\"og:site_name\" content=\"Industrie Maroc Online\" \/>\n<meta property=\"article:modified_time\" content=\"2025-03-16T03:32:27+00:00\" \/>\n<meta name=\"twitter:card\" content=\"summary_large_image\" \/>\n<meta name=\"twitter:label1\" content=\"Est. reading time\" \/>\n\t<meta name=\"twitter:data1\" content=\"1 minute\" \/>\n<script type=\"application\/ld+json\" class=\"yoast-schema-graph\">{\"@context\":\"https:\\\/\\\/schema.org\",\"@graph\":[{\"@type\":\"WebPage\",\"@id\":\"https:\\\/\\\/industriemaroc.com\\\/contact-us\\\/\",\"url\":\"https:\\\/\\\/industriemaroc.com\\\/contact-us\\\/\",\"name\":\"Contact us - Industrie Maroc Online\",\"isPartOf\":{\"@id\":\"https:\\\/\\\/industriemaroc.com\\\/#website\"},\"datePublished\":\"2021-10-12T16:27:24+00:00\",\"dateModified\":\"2025-03-16T03:32:27+00:00\",\"description\":\"Nous sommes l\u00e0 pour vous \u00e9couter !Chez Industrie Maroc Online, nous valorisons la voix de nos clients. Votre satisfaction est notre priorit\u00e9 absolue, c'est pourquoi nous vous encourageons vivement \u00e0 nous contacter pour toutes vos questions, suggestions ou pr\u00e9occupations.Nous sommes l\u00e0 pour vous offrir notre expertise et notre assistance, que ce soit pour des demandes de renseignements sur nos produits et services, des conseils d'achat, une assistance technique ou toute autre demande sp\u00e9cifique \u00e0 votre entreprise.Votre avis compte pour nous, et nous sommes reconnaissants de votre confiance. Sachez que vous pouvez compter sur notre engagement \u00e0 fournir un service client\u00e8le exceptionnel et \u00e0 trouver des solutions adapt\u00e9es \u00e0 vos besoins.Contactez-nous d\u00e8s aujourd'hui et laissez-nous savoir comment nous pouvons vous aider. Nous sommes impatients d'entendre de vos nouvelles et de vous offrir une exp\u00e9rience positive avec Industrie Maroc Online.N'h\u00e9sitez pas \u00e0 nous contacterPar t\u00e9l\u00e9phone: +212 6 61 15 09 30Par e-mail: support@industriemaroc.com Notre \u00e9quipe d\u00e9vou\u00e9e est pr\u00eate \u00e0 vous \u00e9couter et \u00e0 r\u00e9pondre \u00e0 toutes vos demandes avec diligence. CONTACTEZ NOUS POUR PLUS D'INFORMATIONS Your Name Your Email Phone Number Your Message\",\"breadcrumb\":{\"@id\":\"https:\\\/\\\/industriemaroc.com\\\/contact-us\\\/#breadcrumb\"},\"inLanguage\":\"en-US\",\"potentialAction\":[{\"@type\":\"ReadAction\",\"target\":[\"https:\\\/\\\/industriemaroc.com\\\/contact-us\\\/\"]}]},{\"@type\":\"BreadcrumbList\",\"@id\":\"https:\\\/\\\/industriemaroc.com\\\/contact-us\\\/#breadcrumb\",\"itemListElement\":[{\"@type\":\"ListItem\",\"position\":1,\"name\":\"Home\",\"item\":\"https:\\\/\\\/industriemaroc.com\\\/\"},{\"@type\":\"ListItem\",\"position\":2,\"name\":\"Contact us\"}]},{\"@type\":\"WebSite\",\"@id\":\"https:\\\/\\\/industriemaroc.com\\\/#website\",\"url\":\"https:\\\/\\\/industriemaroc.com\\\/\",\"name\":\"Industrie Maroc Online\",\"description\":\"Plateforme B2B de mat\u00e9riel professionnel au Maroc\",\"publisher\":{\"@id\":\"https:\\\/\\\/industriemaroc.com\\\/#organization\"},\"potentialAction\":[{\"@type\":\"SearchAction\",\"target\":{\"@type\":\"EntryPoint\",\"urlTemplate\":\"https:\\\/\\\/industriemaroc.com\\\/?s={search_term_string}\"},\"query-input\":{\"@type\":\"PropertyValueSpecification\",\"valueRequired\":true,\"valueName\":\"search_term_string\"}}],\"inLanguage\":\"en-US\"},{\"@type\":\"Organization\",\"@id\":\"https:\\\/\\\/industriemaroc.com\\\/#organization\",\"name\":\"industriemaroc.com\",\"url\":\"https:\\\/\\\/industriemaroc.com\\\/\",\"logo\":{\"@type\":\"ImageObject\",\"inLanguage\":\"en-US\",\"@id\":\"https:\\\/\\\/industriemaroc.com\\\/#\\\/schema\\\/logo\\\/image\\\/\",\"url\":\"https:\\\/\\\/industriemaroc.com\\\/wp-content\\\/uploads\\\/2024\\\/04\\\/IM.jpg\",\"contentUrl\":\"https:\\\/\\\/industriemaroc.com\\\/wp-content\\\/uploads\\\/2024\\\/04\\\/IM.jpg\",\"width\":2500,\"height\":2500,\"caption\":\"industriemaroc.com\"},\"image\":{\"@id\":\"https:\\\/\\\/industriemaroc.com\\\/#\\\/schema\\\/logo\\\/image\\\/\"}}]}<\/script>\n<!-- \/ Yoast SEO plugin. -->","yoast_head_json":{"title":"Contact us - Industrie Maroc Online","description":"Nous sommes l\u00e0 pour vous \u00e9couter !Chez Industrie Maroc Online, nous valorisons la voix de nos clients. Votre satisfaction est notre priorit\u00e9 absolue, c'est pourquoi nous vous encourageons vivement \u00e0 nous contacter pour toutes vos questions, suggestions ou pr\u00e9occupations.Nous sommes l\u00e0 pour vous offrir notre expertise et notre assistance, que ce soit pour des demandes de renseignements sur nos produits et services, des conseils d'achat, une assistance technique ou toute autre demande sp\u00e9cifique \u00e0 votre entreprise.Votre avis compte pour nous, et nous sommes reconnaissants de votre confiance. Sachez que vous pouvez compter sur notre engagement \u00e0 fournir un service client\u00e8le exceptionnel et \u00e0 trouver des solutions adapt\u00e9es \u00e0 vos besoins.Contactez-nous d\u00e8s aujourd'hui et laissez-nous savoir comment nous pouvons vous aider. Nous sommes impatients d'entendre de vos nouvelles et de vous offrir une exp\u00e9rience positive avec Industrie Maroc Online.N'h\u00e9sitez pas \u00e0 nous contacterPar t\u00e9l\u00e9phone: +212 6 61 15 09 30Par e-mail: support@industriemaroc.com Notre \u00e9quipe d\u00e9vou\u00e9e est pr\u00eate \u00e0 vous \u00e9couter et \u00e0 r\u00e9pondre \u00e0 toutes vos demandes avec diligence.   CONTACTEZ NOUS POUR PLUS D'INFORMATIONS       Your Name  Your Email  Phone Number  Your Message","robots":{"index":"index","follow":"follow","max-snippet":"max-snippet:-1","max-image-preview":"max-image-preview:large","max-video-preview":"max-video-preview:-1"},"canonical":"https:\/\/industriemaroc.com\/en\/contact-us\/","og_locale":"en_US","og_type":"article","og_title":"Contact us - Industrie Maroc Online","og_description":"Nous sommes l\u00e0 pour vous \u00e9couter !Chez Industrie Maroc Online, nous valorisons la voix de nos clients. Votre satisfaction est notre priorit\u00e9 absolue, c'est pourquoi nous vous encourageons vivement \u00e0 nous contacter pour toutes vos questions, suggestions ou pr\u00e9occupations.Nous sommes l\u00e0 pour vous offrir notre expertise et notre assistance, que ce soit pour des demandes de renseignements sur nos produits et services, des conseils d'achat, une assistance technique ou toute autre demande sp\u00e9cifique \u00e0 votre entreprise.Votre avis compte pour nous, et nous sommes reconnaissants de votre confiance. Sachez que vous pouvez compter sur notre engagement \u00e0 fournir un service client\u00e8le exceptionnel et \u00e0 trouver des solutions adapt\u00e9es \u00e0 vos besoins.Contactez-nous d\u00e8s aujourd'hui et laissez-nous savoir comment nous pouvons vous aider. Nous sommes impatients d'entendre de vos nouvelles et de vous offrir une exp\u00e9rience positive avec Industrie Maroc Online.N'h\u00e9sitez pas \u00e0 nous contacterPar t\u00e9l\u00e9phone: +212 6 61 15 09 30Par e-mail: support@industriemaroc.com Notre \u00e9quipe d\u00e9vou\u00e9e est pr\u00eate \u00e0 vous \u00e9couter et \u00e0 r\u00e9pondre \u00e0 toutes vos demandes avec diligence.   CONTACTEZ NOUS POUR PLUS D'INFORMATIONS       Your Name  Your Email  Phone Number  Your Message","og_url":"https:\/\/industriemaroc.com\/en\/contact-us\/","og_site_name":"Industrie Maroc Online","article_modified_time":"2025-03-16T03:32:27+00:00","twitter_card":"summary_large_image","twitter_misc":{"Est. reading time":"1 minute"},"schema":{"@context":"https:\/\/schema.org","@graph":[{"@type":"WebPage","@id":"https:\/\/industriemaroc.com\/contact-us\/","url":"https:\/\/industriemaroc.com\/contact-us\/","name":"Contact us - Industrie Maroc Online","isPartOf":{"@id":"https:\/\/industriemaroc.com\/#website"},"datePublished":"2021-10-12T16:27:24+00:00","dateModified":"2025-03-16T03:32:27+00:00","description":"Nous sommes l\u00e0 pour vous \u00e9couter !Chez Industrie Maroc Online, nous valorisons la voix de nos clients. Votre satisfaction est notre priorit\u00e9 absolue, c'est pourquoi nous vous encourageons vivement \u00e0 nous contacter pour toutes vos questions, suggestions ou pr\u00e9occupations.Nous sommes l\u00e0 pour vous offrir notre expertise et notre assistance, que ce soit pour des demandes de renseignements sur nos produits et services, des conseils d'achat, une assistance technique ou toute autre demande sp\u00e9cifique \u00e0 votre entreprise.Votre avis compte pour nous, et nous sommes reconnaissants de votre confiance. Sachez que vous pouvez compter sur notre engagement \u00e0 fournir un service client\u00e8le exceptionnel et \u00e0 trouver des solutions adapt\u00e9es \u00e0 vos besoins.Contactez-nous d\u00e8s aujourd'hui et laissez-nous savoir comment nous pouvons vous aider. Nous sommes impatients d'entendre de vos nouvelles et de vous offrir une exp\u00e9rience positive avec Industrie Maroc Online.N'h\u00e9sitez pas \u00e0 nous contacterPar t\u00e9l\u00e9phone: +212 6 61 15 09 30Par e-mail: support@industriemaroc.com Notre \u00e9quipe d\u00e9vou\u00e9e est pr\u00eate \u00e0 vous \u00e9couter et \u00e0 r\u00e9pondre \u00e0 toutes vos demandes avec diligence. CONTACTEZ NOUS POUR PLUS D'INFORMATIONS Your Name Your Email Phone Number Your Message","breadcrumb":{"@id":"https:\/\/industriemaroc.com\/contact-us\/#breadcrumb"},"inLanguage":"en-US","potentialAction":[{"@type":"ReadAction","target":["https:\/\/industriemaroc.com\/contact-us\/"]}]},{"@type":"BreadcrumbList","@id":"https:\/\/industriemaroc.com\/contact-us\/#breadcrumb","itemListElement":[{"@type":"ListItem","position":1,"name":"Home","item":"https:\/\/industriemaroc.com\/"},{"@type":"ListItem","position":2,"name":"Contact us"}]},{"@type":"WebSite","@id":"https:\/\/industriemaroc.com\/#website","url":"https:\/\/industriemaroc.com\/","name":"Industry Morocco Online","description":"Plateforme B2B de mat\u00e9riel professionnel au Maroc","publisher":{"@id":"https:\/\/industriemaroc.com\/#organization"},"potentialAction":[{"@type":"SearchAction","target":{"@type":"EntryPoint","urlTemplate":"https:\/\/industriemaroc.com\/?s={search_term_string}"},"query-input":{"@type":"PropertyValueSpecification","valueRequired":true,"valueName":"search_term_string"}}],"inLanguage":"en-US"},{"@type":"Organization","@id":"https:\/\/industriemaroc.com\/#organization","name":"industriemaroc.com","url":"https:\/\/industriemaroc.com\/","logo":{"@type":"ImageObject","inLanguage":"en-US","@id":"https:\/\/industriemaroc.com\/#\/schema\/logo\/image\/","url":"https:\/\/industriemaroc.com\/wp-content\/uploads\/2024\/04\/IM.jpg","contentUrl":"https:\/\/industriemaroc.com\/wp-content\/uploads\/2024\/04\/IM.jpg","width":2500,"height":2500,"caption":"industriemaroc.com"},"image":{"@id":"https:\/\/industriemaroc.com\/#\/schema\/logo\/image\/"}}]}},"_links":{"self":[{"href":"https:\/\/industriemaroc.com\/en\/wp-json\/wp\/v2\/pages\/4439","targetHints":{"allow":["GET"]}}],"collection":[{"href":"https:\/\/industriemaroc.com\/en\/wp-json\/wp\/v2\/pages"}],"about":[{"href":"https:\/\/industriemaroc.com\/en\/wp-json\/wp\/v2\/types\/page"}],"author":[{"embeddable":true,"href":"https:\/\/industriemaroc.com\/en\/wp-json\/wp\/v2\/users\/1"}],"replies":[{"embeddable":true,"href":"https:\/\/industriemaroc.com\/en\/wp-json\/wp\/v2\/comments?post=4439"}],"version-history":[{"count":18,"href":"https:\/\/industriemaroc.com\/en\/wp-json\/wp\/v2\/pages\/4439\/revisions"}],"predecessor-version":[{"id":23873,"href":"https:\/\/industriemaroc.com\/en\/wp-json\/wp\/v2\/pages\/4439\/revisions\/23873"}],"wp:attachment":[{"href":"https:\/\/industriemaroc.com\/en\/wp-json\/wp\/v2\/media?parent=4439"}],"curies":[{"name":"wp","href":"https:\/\/api.w.org\/{rel}","templated":true}]}}