{"id":16986,"date":"2023-07-17T15:46:15","date_gmt":"2023-07-17T13:46:15","guid":{"rendered":"https:\/\/industriemaroc.com\/?post_type=product&#038;p=16986"},"modified":"2025-05-09T18:06:22","modified_gmt":"2025-05-09T16:06:22","slug":"feuillard-acier","status":"publish","type":"product","link":"https:\/\/industriemaroc.com\/en\/product\/feuillard-acier\/","title":{"rendered":"Feuillard Acier &#8211; Plusieurs Dimensions"},"content":{"rendered":"<h1 class=\"\" data-start=\"1157\" data-end=\"1259\"><strong data-start=\"1159\" data-end=\"1259\">Feuillard Acier au Maroc \u2013 Cerclage Ultra-R\u00e9sistant pour Charges Lourdes et Contraintes Intenses<\/strong><\/h1>\n<h2 class=\"\" data-start=\"1261\" data-end=\"1331\"><strong data-start=\"1264\" data-end=\"1331\">La solution industrielle pour la s\u00e9curit\u00e9 des transports lourds<\/strong><\/h2>\n<p class=\"\" data-start=\"1333\" data-end=\"1758\">Le <strong data-start=\"1336\" data-end=\"1355\">feuillard acier<\/strong> est la solution de cerclage par excellence pour les applications industrielles n\u00e9cessitant une <strong data-start=\"1451\" data-end=\"1485\">haute r\u00e9sistance \u00e0 la traction<\/strong> et une <strong data-start=\"1493\" data-end=\"1525\">tenue parfaite dans le temps<\/strong>.<\/p>\n<p class=\"\" data-start=\"1333\" data-end=\"1758\">Utilis\u00e9 dans les secteurs du <strong data-start=\"1556\" data-end=\"1568\">b\u00e2timent<\/strong>, de la <strong data-start=\"1576\" data-end=\"1590\">sid\u00e9rurgie<\/strong>, de la <strong data-start=\"1598\" data-end=\"1619\">logistique lourde<\/strong>, ou de la <strong data-start=\"1630\" data-end=\"1655\">fabrication m\u00e9canique<\/strong>, il permet de <strong data-start=\"1670\" data-end=\"1734\">maintenir, s\u00e9curiser et transporter des charges tr\u00e8s lourdes<\/strong> sans risque de rupture.<\/p>\n<p class=\"\" data-start=\"1760\" data-end=\"2000\">Chez <strong data-start=\"1765\" data-end=\"1787\">Industriemaroc.com<\/strong>, nous fournissons aux entreprises marocaines du feuillard acier de haute qualit\u00e9, disponible en plusieurs dimensions et finitions, afin de r\u00e9pondre aux exigences des environnements industriels les plus exigeants.<\/p>\n<h2 class=\"\" data-start=\"2002\" data-end=\"2055\"><strong data-start=\"2005\" data-end=\"2055\">Caract\u00e9ristiques techniques du feuillard acier<\/strong><\/h2>\n<ul data-start=\"2057\" data-end=\"2473\">\n<li class=\"\" data-start=\"2057\" data-end=\"2114\">\n<p class=\"\" data-start=\"2059\" data-end=\"2114\"><strong data-start=\"2059\" data-end=\"2083\">Largeurs disponibles<\/strong> : 13 mm, 16 mm, 19 mm, 32 mm<\/p>\n<\/li>\n<li class=\"\" data-start=\"2115\" data-end=\"2146\">\n<p class=\"\" data-start=\"2117\" data-end=\"2146\"><strong data-start=\"2117\" data-end=\"2131\">\u00c9paisseurs<\/strong> : 0,5 \u00e0 1 mm<\/p>\n<\/li>\n<li class=\"\" data-start=\"2147\" data-end=\"2217\">\n<p class=\"\" data-start=\"2149\" data-end=\"2217\"><strong data-start=\"2149\" data-end=\"2161\">Finition<\/strong> : bleuie, galvanis\u00e9e ou laqu\u00e9e noire (anti-corrosion)<\/p>\n<\/li>\n<li class=\"\" data-start=\"2218\" data-end=\"2268\">\n<p class=\"\" data-start=\"2220\" data-end=\"2268\"><strong data-start=\"2220\" data-end=\"2232\">Mat\u00e9riau<\/strong> : acier \u00e0 haute teneur en carbone<\/p>\n<\/li>\n<li class=\"\" data-start=\"2269\" data-end=\"2321\">\n<p class=\"\" data-start=\"2271\" data-end=\"2321\"><strong data-start=\"2271\" data-end=\"2299\">R\u00e9sistance \u00e0 la traction<\/strong> : jusqu\u2019\u00e0 850 N\/mm\u00b2<\/p>\n<\/li>\n<li class=\"\" data-start=\"2322\" data-end=\"2377\">\n<p class=\"\" data-start=\"2324\" data-end=\"2377\"><strong data-start=\"2324\" data-end=\"2343\">Conditionnement<\/strong> : rouleaux oscill\u00e9s ou enroul\u00e9s<\/p>\n<\/li>\n<li class=\"\" data-start=\"2378\" data-end=\"2473\">\n<p class=\"\" data-start=\"2380\" data-end=\"2473\"><strong data-start=\"2380\" data-end=\"2397\">Compatibilit\u00e9<\/strong> : tendeurs manuels, pinces \u00e0 sertir, clips m\u00e9talliques, outils pneumatiques<\/p>\n<\/li>\n<\/ul>\n<h2 class=\"\" data-start=\"2475\" data-end=\"2544\"><strong data-start=\"2478\" data-end=\"2544\">Avantages du feuillard acier pour les professionnels marocains<\/strong><\/h2>\n<ul data-start=\"2546\" data-end=\"2893\">\n<li class=\"\" data-start=\"2546\" data-end=\"2627\">\n<p class=\"\" data-start=\"2548\" data-end=\"2627\">\u2705 R\u00e9sistance exceptionnelle aux chocs, \u00e0 la chaleur et aux charges dynamiques<\/p>\n<\/li>\n<li class=\"\" data-start=\"2628\" data-end=\"2711\">\n<p class=\"\" data-start=\"2630\" data-end=\"2711\">\u2705 Id\u00e9al pour les <strong data-start=\"2647\" data-end=\"2709\">palettes m\u00e9talliques, tuyaux, barres, bois de construction<\/strong><\/p>\n<\/li>\n<li class=\"\" data-start=\"2712\" data-end=\"2780\">\n<p class=\"\" data-start=\"2714\" data-end=\"2780\">\u2705 Longue dur\u00e9e de vie, m\u00eame en environnement ext\u00e9rieur ou humide<\/p>\n<\/li>\n<li class=\"\" data-start=\"2781\" data-end=\"2837\">\n<p class=\"\" data-start=\"2783\" data-end=\"2837\">\u2705 S\u00e9curit\u00e9 maximale lors du transport et du stockage<\/p>\n<\/li>\n<li class=\"\" data-start=\"2838\" data-end=\"2893\">\n<p class=\"\" data-start=\"2840\" data-end=\"2893\">\u2705 Disponible en <strong data-start=\"2856\" data-end=\"2893\">plusieurs \u00e9paisseurs et finitions<\/strong><\/p>\n<\/li>\n<\/ul>\n<h2 class=\"\" data-start=\"2895\" data-end=\"2960\"><strong data-start=\"2898\" data-end=\"2960\">Applications du feuillard acier dans l\u2019industrie marocaine<\/strong><\/h2>\n<ul data-start=\"2962\" data-end=\"3293\">\n<li class=\"\" data-start=\"2962\" data-end=\"3021\">\n<p class=\"\" data-start=\"2964\" data-end=\"3021\"><strong data-start=\"2964\" data-end=\"3019\">Cerclage de charges lourdes en entrep\u00f4t ou chantier<\/strong><\/p>\n<\/li>\n<li class=\"\" data-start=\"3022\" data-end=\"3096\">\n<p class=\"\" data-start=\"3024\" data-end=\"3096\"><strong data-start=\"3024\" data-end=\"3094\">Fixation de produits longs ou encombrants (poutres, tubes, barres)<\/strong><\/p>\n<\/li>\n<li class=\"\" data-start=\"3097\" data-end=\"3172\">\n<p class=\"\" data-start=\"3099\" data-end=\"3172\"><strong data-start=\"3099\" data-end=\"3170\">Transport de mat\u00e9riaux de construction ou d\u2019\u00e9quipements industriels<\/strong><\/p>\n<\/li>\n<li class=\"\" data-start=\"3173\" data-end=\"3234\">\n<p class=\"\" data-start=\"3175\" data-end=\"3234\"><strong data-start=\"3175\" data-end=\"3232\">Conditionnement de produits m\u00e9tallurgiques ou miniers<\/strong><\/p>\n<\/li>\n<li class=\"\" data-start=\"3235\" data-end=\"3293\">\n<p class=\"\" data-start=\"3237\" data-end=\"3293\"><strong data-start=\"3237\" data-end=\"3293\">Stockage longue dur\u00e9e dans des conditions difficiles<\/strong><\/p>\n<\/li>\n<\/ul>\n<h2 class=\"\" data-start=\"3295\" data-end=\"3346\"><strong data-start=\"3298\" data-end=\"3346\">Commande et livraison sur Industriemaroc.com<\/strong><\/h2>\n<p class=\"\" data-start=\"3348\" data-end=\"3510\"><strong data-start=\"3348\" data-end=\"3370\">Industriemaroc.com<\/strong> est le partenaire B2B des professionnels marocains dans la fourniture de feuillards industriels. Gr\u00e2ce \u00e0 notre stock local, nous assurons :<\/p>\n<p class=\"\" data-start=\"3512\" data-end=\"3685\">\ud83d\udce6 <strong data-start=\"3515\" data-end=\"3552\">Livraison rapide partout au Maroc<\/strong><br data-start=\"3552\" data-end=\"3555\" \/>\ud83d\udcde <strong data-start=\"3558\" data-end=\"3632\">Support technique pour le choix du feuillard et des outils de cerclage<\/strong><br data-start=\"3632\" data-end=\"3635\" \/>\ud83d\udcbc <strong data-start=\"3638\" data-end=\"3685\">Tarifs d\u00e9gressifs pour les achats en volume<\/strong><\/p>\n<p data-start=\"3512\" data-end=\"3685\">D\u00e9couvrez notre catalogue de Feuillards sur\u00a0<a href=\"https:\/\/industriemaroc.com\/en\/product-category\/emballage-maroc\/feuillard-cerclage-emballage-maroc\/\">https:\/\/industriemaroc.com\/product-category\/emballage-maroc\/feuillard-cerclage-emballage-maroc\/<\/a><\/p>\n<p data-start=\"3512\" data-end=\"3685\"><a href=\"http:\/\/\ud83d\udd17 Les diff\u00e9rents types de feuillards de cerclage et comment choisir \u2013 Presse \u00e0 B\">http:\/\/\ud83d\udd17 Les diff\u00e9rents types de feuillards de cerclage et comment choisir \u2013 Presse \u00e0 B<\/a><\/p>\n<p data-start=\"3512\" data-end=\"3685\">","protected":false},"excerpt":{"rendered":"<ul>\n<li><strong data-start=\"194\" data-end=\"230\">Feuillard acier haute r\u00e9sistance<\/strong> pour le cerclage de charges lourdes<\/li>\n<li><strong data-start=\"272\" data-end=\"296\">Largeurs disponibles<\/strong> : 13, 16, 19 et 32 mm<\/li>\n<li><strong data-start=\"388\" data-end=\"416\">R\u00e9sistance \u00e0 la traction<\/strong> jusqu\u2019\u00e0 850 N\/mm\u00b2<\/li>\n<li>Parfait pour les secteurs <strong data-start=\"466\" data-end=\"502\">b\u00e2timent, logistique, sid\u00e9rurgie<\/strong><\/li>\n<\/ul>","protected":false},"featured_media":23994,"comment_status":"open","ping_status":"closed","template":"","meta":{"om_disable_all_campaigns":false,"_monsterinsights_skip_tracking":false,"_monsterinsights_sitenote_active":false,"_monsterinsights_sitenote_note":"","_monsterinsights_sitenote_category":0,"_uf_show_specific_survey":0,"_uf_disable_surveys":false,"_joinchat":[]},"product_brand":[],"product_cat":[768,673,773],"product_tag":[],"class_list":{"0":"post-16986","1":"product","2":"type-product","3":"status-publish","4":"has-post-thumbnail","6":"product_cat-consommable-emballage-maroc","7":"product_cat-emballage-maroc","8":"product_cat-feuillard-cerclage-emballage-maroc","10":"first","11":"instock","12":"taxable","13":"shipping-taxable","14":"product-type-simple"},"yoast_head":"<!-- This site is optimized with the Yoast SEO plugin v27.5 - https:\/\/yoast.com\/product\/yoast-seo-wordpress\/ -->\n<title>Feuillard Acier au Maroc | Industriemaroc.com<\/title>\n<meta name=\"description\" content=\"D\u00e9couvrez notre feuillard acier au Maroc. Id\u00e9al pour le cerclage de charges lourdes, s\u00e9curisation de palettes et conditionnement industriel.\" \/>\n<meta name=\"robots\" content=\"index, follow, max-snippet:-1, max-image-preview:large, max-video-preview:-1\" \/>\n<link rel=\"canonical\" href=\"https:\/\/industriemaroc.com\/en\/product\/feuillard-acier\/\" \/>\n<meta property=\"og:locale\" content=\"en_US\" \/>\n<meta property=\"og:type\" content=\"article\" \/>\n<meta property=\"og:title\" content=\"Feuillard Acier au Maroc | Industriemaroc.com\" \/>\n<meta property=\"og:description\" content=\"D\u00e9couvrez notre feuillard acier au Maroc. Id\u00e9al pour le cerclage de charges lourdes, s\u00e9curisation de palettes et conditionnement industriel.\" \/>\n<meta property=\"og:url\" content=\"https:\/\/industriemaroc.com\/en\/product\/feuillard-acier\/\" \/>\n<meta property=\"og:site_name\" content=\"Industrie Maroc Online\" \/>\n<meta property=\"article:modified_time\" content=\"2025-05-09T16:06:22+00:00\" \/>\n<meta property=\"og:image\" content=\"https:\/\/industriemaroc.com\/wp-content\/uploads\/2023\/07\/feuillard-acier.png\" \/>\n\t<meta property=\"og:image:width\" content=\"700\" \/>\n\t<meta property=\"og:image:height\" content=\"700\" \/>\n\t<meta property=\"og:image:type\" content=\"image\/png\" \/>\n<meta name=\"twitter:card\" content=\"summary_large_image\" \/>\n<meta name=\"twitter:label1\" content=\"Est. reading time\" \/>\n\t<meta name=\"twitter:data1\" content=\"2 minutes\" \/>\n<script type=\"application\/ld+json\" class=\"yoast-schema-graph\">{\"@context\":\"https:\\\/\\\/schema.org\",\"@graph\":[{\"@type\":\"WebPage\",\"@id\":\"https:\\\/\\\/industriemaroc.com\\\/produit\\\/feuillard-acier\\\/\",\"url\":\"https:\\\/\\\/industriemaroc.com\\\/produit\\\/feuillard-acier\\\/\",\"name\":\"Feuillard Acier au Maroc | Industriemaroc.com\",\"isPartOf\":{\"@id\":\"https:\\\/\\\/industriemaroc.com\\\/#website\"},\"primaryImageOfPage\":{\"@id\":\"https:\\\/\\\/industriemaroc.com\\\/produit\\\/feuillard-acier\\\/#primaryimage\"},\"image\":{\"@id\":\"https:\\\/\\\/industriemaroc.com\\\/produit\\\/feuillard-acier\\\/#primaryimage\"},\"thumbnailUrl\":\"https:\\\/\\\/industriemaroc.com\\\/wp-content\\\/uploads\\\/2023\\\/07\\\/feuillard-acier.png\",\"datePublished\":\"2023-07-17T13:46:15+00:00\",\"dateModified\":\"2025-05-09T16:06:22+00:00\",\"description\":\"D\u00e9couvrez notre feuillard acier au Maroc. Id\u00e9al pour le cerclage de charges lourdes, s\u00e9curisation de palettes et conditionnement industriel.\",\"breadcrumb\":{\"@id\":\"https:\\\/\\\/industriemaroc.com\\\/produit\\\/feuillard-acier\\\/#breadcrumb\"},\"inLanguage\":\"en-US\",\"potentialAction\":[{\"@type\":\"ReadAction\",\"target\":[\"https:\\\/\\\/industriemaroc.com\\\/produit\\\/feuillard-acier\\\/\"]}]},{\"@type\":\"ImageObject\",\"inLanguage\":\"en-US\",\"@id\":\"https:\\\/\\\/industriemaroc.com\\\/produit\\\/feuillard-acier\\\/#primaryimage\",\"url\":\"https:\\\/\\\/industriemaroc.com\\\/wp-content\\\/uploads\\\/2023\\\/07\\\/feuillard-acier.png\",\"contentUrl\":\"https:\\\/\\\/industriemaroc.com\\\/wp-content\\\/uploads\\\/2023\\\/07\\\/feuillard-acier.png\",\"width\":700,\"height\":700,\"caption\":\"Feuillard acier \u2013 robustesse et r\u00e9sistance pour l\u2019industrie lourde\"},{\"@type\":\"BreadcrumbList\",\"@id\":\"https:\\\/\\\/industriemaroc.com\\\/produit\\\/feuillard-acier\\\/#breadcrumb\",\"itemListElement\":[{\"@type\":\"ListItem\",\"position\":1,\"name\":\"Home\",\"item\":\"https:\\\/\\\/industriemaroc.com\\\/\"},{\"@type\":\"ListItem\",\"position\":2,\"name\":\"Shop\",\"item\":\"https:\\\/\\\/industriemaroc.com\\\/shop\\\/\"},{\"@type\":\"ListItem\",\"position\":3,\"name\":\"Feuillard Acier &#8211; Plusieurs Dimensions\"}]},{\"@type\":\"WebSite\",\"@id\":\"https:\\\/\\\/industriemaroc.com\\\/#website\",\"url\":\"https:\\\/\\\/industriemaroc.com\\\/\",\"name\":\"Industrie Maroc Online\",\"description\":\"Plateforme B2B de mat\u00e9riel professionnel au Maroc\",\"publisher\":{\"@id\":\"https:\\\/\\\/industriemaroc.com\\\/#organization\"},\"potentialAction\":[{\"@type\":\"SearchAction\",\"target\":{\"@type\":\"EntryPoint\",\"urlTemplate\":\"https:\\\/\\\/industriemaroc.com\\\/?s={search_term_string}\"},\"query-input\":{\"@type\":\"PropertyValueSpecification\",\"valueRequired\":true,\"valueName\":\"search_term_string\"}}],\"inLanguage\":\"en-US\"},{\"@type\":\"Organization\",\"@id\":\"https:\\\/\\\/industriemaroc.com\\\/#organization\",\"name\":\"industriemaroc.com\",\"url\":\"https:\\\/\\\/industriemaroc.com\\\/\",\"logo\":{\"@type\":\"ImageObject\",\"inLanguage\":\"en-US\",\"@id\":\"https:\\\/\\\/industriemaroc.com\\\/#\\\/schema\\\/logo\\\/image\\\/\",\"url\":\"https:\\\/\\\/industriemaroc.com\\\/wp-content\\\/uploads\\\/2024\\\/04\\\/IM.jpg\",\"contentUrl\":\"https:\\\/\\\/industriemaroc.com\\\/wp-content\\\/uploads\\\/2024\\\/04\\\/IM.jpg\",\"width\":2500,\"height\":2500,\"caption\":\"industriemaroc.com\"},\"image\":{\"@id\":\"https:\\\/\\\/industriemaroc.com\\\/#\\\/schema\\\/logo\\\/image\\\/\"}}]}<\/script>\n<!-- \/ Yoast SEO plugin. -->","yoast_head_json":{"title":"Feuillard Acier au Maroc | Industriemaroc.com","description":"D\u00e9couvrez notre feuillard acier au Maroc. Id\u00e9al pour le cerclage de charges lourdes, s\u00e9curisation de palettes et conditionnement industriel.","robots":{"index":"index","follow":"follow","max-snippet":"max-snippet:-1","max-image-preview":"max-image-preview:large","max-video-preview":"max-video-preview:-1"},"canonical":"https:\/\/industriemaroc.com\/en\/product\/feuillard-acier\/","og_locale":"en_US","og_type":"article","og_title":"Feuillard Acier au Maroc | Industriemaroc.com","og_description":"D\u00e9couvrez notre feuillard acier au Maroc. Id\u00e9al pour le cerclage de charges lourdes, s\u00e9curisation de palettes et conditionnement industriel.","og_url":"https:\/\/industriemaroc.com\/en\/product\/feuillard-acier\/","og_site_name":"Industrie Maroc Online","article_modified_time":"2025-05-09T16:06:22+00:00","og_image":[{"width":700,"height":700,"url":"https:\/\/industriemaroc.com\/wp-content\/uploads\/2023\/07\/feuillard-acier.png","type":"image\/png"}],"twitter_card":"summary_large_image","twitter_misc":{"Est. reading time":"2 minutes"},"schema":{"@context":"https:\/\/schema.org","@graph":[{"@type":"WebPage","@id":"https:\/\/industriemaroc.com\/produit\/feuillard-acier\/","url":"https:\/\/industriemaroc.com\/produit\/feuillard-acier\/","name":"Feuillard Acier au Maroc | Industriemaroc.com","isPartOf":{"@id":"https:\/\/industriemaroc.com\/#website"},"primaryImageOfPage":{"@id":"https:\/\/industriemaroc.com\/produit\/feuillard-acier\/#primaryimage"},"image":{"@id":"https:\/\/industriemaroc.com\/produit\/feuillard-acier\/#primaryimage"},"thumbnailUrl":"https:\/\/industriemaroc.com\/wp-content\/uploads\/2023\/07\/feuillard-acier.png","datePublished":"2023-07-17T13:46:15+00:00","dateModified":"2025-05-09T16:06:22+00:00","description":"D\u00e9couvrez notre feuillard acier au Maroc. Id\u00e9al pour le cerclage de charges lourdes, s\u00e9curisation de palettes et conditionnement industriel.","breadcrumb":{"@id":"https:\/\/industriemaroc.com\/produit\/feuillard-acier\/#breadcrumb"},"inLanguage":"en-US","potentialAction":[{"@type":"ReadAction","target":["https:\/\/industriemaroc.com\/produit\/feuillard-acier\/"]}]},{"@type":"ImageObject","inLanguage":"en-US","@id":"https:\/\/industriemaroc.com\/produit\/feuillard-acier\/#primaryimage","url":"https:\/\/industriemaroc.com\/wp-content\/uploads\/2023\/07\/feuillard-acier.png","contentUrl":"https:\/\/industriemaroc.com\/wp-content\/uploads\/2023\/07\/feuillard-acier.png","width":700,"height":700,"caption":"Feuillard acier \u2013 robustesse et r\u00e9sistance pour l\u2019industrie lourde"},{"@type":"BreadcrumbList","@id":"https:\/\/industriemaroc.com\/produit\/feuillard-acier\/#breadcrumb","itemListElement":[{"@type":"ListItem","position":1,"name":"Home","item":"https:\/\/industriemaroc.com\/"},{"@type":"ListItem","position":2,"name":"Shop","item":"https:\/\/industriemaroc.com\/shop\/"},{"@type":"ListItem","position":3,"name":"Feuillard Acier &#8211; Plusieurs Dimensions"}]},{"@type":"WebSite","@id":"https:\/\/industriemaroc.com\/#website","url":"https:\/\/industriemaroc.com\/","name":"Industry Morocco Online","description":"Plateforme B2B de mat\u00e9riel professionnel au Maroc","publisher":{"@id":"https:\/\/industriemaroc.com\/#organization"},"potentialAction":[{"@type":"SearchAction","target":{"@type":"EntryPoint","urlTemplate":"https:\/\/industriemaroc.com\/?s={search_term_string}"},"query-input":{"@type":"PropertyValueSpecification","valueRequired":true,"valueName":"search_term_string"}}],"inLanguage":"en-US"},{"@type":"Organization","@id":"https:\/\/industriemaroc.com\/#organization","name":"industriemaroc.com","url":"https:\/\/industriemaroc.com\/","logo":{"@type":"ImageObject","inLanguage":"en-US","@id":"https:\/\/industriemaroc.com\/#\/schema\/logo\/image\/","url":"https:\/\/industriemaroc.com\/wp-content\/uploads\/2024\/04\/IM.jpg","contentUrl":"https:\/\/industriemaroc.com\/wp-content\/uploads\/2024\/04\/IM.jpg","width":2500,"height":2500,"caption":"industriemaroc.com"},"image":{"@id":"https:\/\/industriemaroc.com\/#\/schema\/logo\/image\/"}}]}},"_links":{"self":[{"href":"https:\/\/industriemaroc.com\/en\/wp-json\/wp\/v2\/product\/16986","targetHints":{"allow":["GET"]}}],"collection":[{"href":"https:\/\/industriemaroc.com\/en\/wp-json\/wp\/v2\/product"}],"about":[{"href":"https:\/\/industriemaroc.com\/en\/wp-json\/wp\/v2\/types\/product"}],"replies":[{"embeddable":true,"href":"https:\/\/industriemaroc.com\/en\/wp-json\/wp\/v2\/comments?post=16986"}],"version-history":[{"count":9,"href":"https:\/\/industriemaroc.com\/en\/wp-json\/wp\/v2\/product\/16986\/revisions"}],"predecessor-version":[{"id":23995,"href":"https:\/\/industriemaroc.com\/en\/wp-json\/wp\/v2\/product\/16986\/revisions\/23995"}],"wp:featuredmedia":[{"embeddable":true,"href":"https:\/\/industriemaroc.com\/en\/wp-json\/wp\/v2\/media\/23994"}],"wp:attachment":[{"href":"https:\/\/industriemaroc.com\/en\/wp-json\/wp\/v2\/media?parent=16986"}],"wp:term":[{"taxonomy":"product_brand","embeddable":true,"href":"https:\/\/industriemaroc.com\/en\/wp-json\/wp\/v2\/product_brand?post=16986"},{"taxonomy":"product_cat","embeddable":true,"href":"https:\/\/industriemaroc.com\/en\/wp-json\/wp\/v2\/product_cat?post=16986"},{"taxonomy":"product_tag","embeddable":true,"href":"https:\/\/industriemaroc.com\/en\/wp-json\/wp\/v2\/product_tag?post=16986"}],"curies":[{"name":"wp","href":"https:\/\/api.w.org\/{rel}","templated":true}]}}