{"id":16994,"date":"2023-07-17T16:25:46","date_gmt":"2023-07-17T14:25:46","guid":{"rendered":"https:\/\/industriemaroc.com\/?post_type=product&#038;p=16994"},"modified":"2025-04-04T19:34:57","modified_gmt":"2025-04-04T17:34:57","slug":"feuillard-polypropylene-pp","status":"publish","type":"product","link":"https:\/\/industriemaroc.com\/en\/product\/feuillard-polypropylene-pp\/","title":{"rendered":"Feuillard polypropyl\u00e8ne  &#8211; PP"},"content":{"rendered":"<p>Feuillard PP Polypropyl\u00e8ne pour cerclage au Maroc :<\/p>\n<p><span style=\"font-weight: 400;\">A-MANUEL\u00a0:<\/span><\/p>\n<p><span style=\"font-weight: 400;\">Souple et l\u00e9ger, le feuillard PP polypropyl\u00e8ne est la solution d\u2018emballage id\u00e9ale pour un large \u00e9ventail d\u2019applications de cerclage.<\/span><\/p>\n<p><span style=\"font-weight: 400;\">DOMAINE D\u2019APPLICATION<\/span><\/p>\n<p><span style=\"font-weight: 400;\">R\u00e9sistant : il renforce le maintien de vos colis, charges et palettes jusqu\u2019\u00e0 300KG<\/span><\/p>\n<p><span style=\"font-weight: 400;\">Utilisation manuelle avec des chapes, des boucles plastiques ou m\u00e9talliques, ou sur outil de cerclage \u00e0 batterie et pneumatique<\/span><\/p>\n<p><span style=\"font-weight: 400;\">Les mandrins sont en principe de 200 mm et utilisables sur un d\u00e9vidoir mobile.<\/span><\/p>\n<p><span style=\"font-weight: 400;\">Il existe en diff\u00e9rentes couleurs\u00a0: Blanc, noir, bleu, rouge\u2026.<\/span><\/p>\n<p><span style=\"font-weight: 400;\">Il peut \u00eatre imprim\u00e9 avec votre logo pour\u00a0 vous assurer une int\u00e9grit\u00e9 de vos colis \/ produits.<\/span><\/p>\n<p>&nbsp;<\/p>\n<hr \/>\n<p>&nbsp;<\/p>\n<p><span style=\"font-weight: 400;\">B-AUTOMATIQUE<\/span><\/p>\n<p><span style=\"font-weight: 400;\">Le feuillard PP automatique est utilis\u00e9 pour une application avec une table de cerclage manuel ou \u00e0 arche et \u00e9galement pour cercler les palettes avec une cercleuse automatique verticale ou horizontale.<\/span><\/p>\n<p><span style=\"font-weight: 400;\">DOMAINE D\u2019APPLICATION<\/span><\/p>\n<p><span style=\"font-weight: 400;\">R\u00e9sistant : il renforce le maintien de vos colis ou de vos palettes.<\/span><\/p>\n<p><span style=\"font-weight: 400;\">Garantit des cadences \u00e9lev\u00e9es sur machines automatiques.<\/span><\/p>\n<p><span style=\"font-weight: 400;\">Parfaite jonction par friction ou thermo-soudure gr\u00e2ce \u00e0 son parall\u00e9lisme et son grainage r\u00e9gulier.<\/span><\/p>\n<p><span style=\"font-weight: 400;\">Les mandrins sont de 200 ou 406 mm selon si vous utilisez une table de cerclage ou une cercleuse automatique.<\/span><\/p>\n<p><span style=\"font-weight: 400;\">Il existe en diff\u00e9rentes couleurs\u00a0: Blanc, noir, Bleu, rouge\u2026<\/span><\/p>\n<p><span style=\"font-weight: 400;\">Il peut \u00eatre imprim\u00e9 avec votre logo pour vous assurer une int\u00e9grit\u00e9 de vos colis \/ produits.<\/span><\/p>\n<p>&nbsp;<\/p>\n<hr \/>\n<p>&nbsp;<\/p>\n<table>\n<thead>\n<tr>\n<th><b>Dimension<\/b><\/th>\n<th><b>mandrin<\/b><\/th>\n<th><b>classe<\/b><\/th>\n<th><b>m\u00e8trage\/Bob<\/b><\/th>\n<th><b>Gr\/mts<\/b><\/th>\n<th><b>bob\/palette<\/b><\/th>\n<\/tr>\n<\/thead>\n<tbody>\n<tr>\n<td><span style=\"font-weight: 400;\">5 x 0,45<\/span><\/td>\n<td><span style=\"font-weight: 400;\">200<\/span><\/td>\n<td><span style=\"font-weight: 400;\">Graine<\/span><\/td>\n<td><span style=\"font-weight: 400;\">7000<\/span><\/td>\n<td><span style=\"font-weight: 400;\">1,45<\/span><\/td>\n<td><span style=\"font-weight: 400;\">60<\/span><\/td>\n<\/tr>\n<tr>\n<td><span style=\"font-weight: 400;\">8 x 0,55<\/span><\/td>\n<td><span style=\"font-weight: 400;\">200<\/span><\/td>\n<td><span style=\"font-weight: 400;\">Graine<\/span><\/td>\n<td><span style=\"font-weight: 400;\">4000<\/span><\/td>\n<td><span style=\"font-weight: 400;\">2,33<\/span><\/td>\n<td><span style=\"font-weight: 400;\">60<\/span><\/td>\n<\/tr>\n<tr>\n<td><span style=\"font-weight: 400;\">8 x 0,63<\/span><\/td>\n<td><span style=\"font-weight: 400;\">200<\/span><\/td>\n<td><span style=\"font-weight: 400;\">Graine<\/span><\/td>\n<td><span style=\"font-weight: 400;\">4000<\/span><\/td>\n<td><span style=\"font-weight: 400;\">3,16<\/span><\/td>\n<td><span style=\"font-weight: 400;\">60<\/span><\/td>\n<\/tr>\n<tr>\n<td><span style=\"font-weight: 400;\">9 x 0,60<\/span><\/td>\n<td><span style=\"font-weight: 400;\">200<\/span><\/td>\n<td><span style=\"font-weight: 400;\">Graine<\/span><\/td>\n<td><span style=\"font-weight: 400;\">4000<\/span><\/td>\n<td><span style=\"font-weight: 400;\">3,00<\/span><\/td>\n<td><span style=\"font-weight: 400;\">60<\/span><\/td>\n<\/tr>\n<tr>\n<td><span style=\"font-weight: 400;\">12 x 0,55<\/span><\/td>\n<td><span style=\"font-weight: 400;\">200<\/span><\/td>\n<td><span style=\"font-weight: 400;\">Graine<\/span><\/td>\n<td><span style=\"font-weight: 400;\">3000<\/span><\/td>\n<td><span style=\"font-weight: 400;\">3,00<\/span><\/td>\n<td><span style=\"font-weight: 400;\">60<\/span><\/td>\n<\/tr>\n<tr>\n<td><span style=\"font-weight: 400;\">12 x 0,55 FF<\/span><\/td>\n<td><span style=\"font-weight: 400;\">200<\/span><\/td>\n<td><span style=\"font-weight: 400;\">Graine<\/span><\/td>\n<td><span style=\"font-weight: 400;\">3000<\/span><\/td>\n<td><span style=\"font-weight: 400;\">3,30<\/span><\/td>\n<td><span style=\"font-weight: 400;\">60<\/span><\/td>\n<\/tr>\n<tr>\n<td><span style=\"font-weight: 400;\">12 x 0,60<\/span><\/td>\n<td><span style=\"font-weight: 400;\">200<\/span><\/td>\n<td><span style=\"font-weight: 400;\">Graine<\/span><\/td>\n<td><span style=\"font-weight: 400;\">3000<\/span><\/td>\n<td><span style=\"font-weight: 400;\">3,60<\/span><\/td>\n<td><span style=\"font-weight: 400;\">60<\/span><\/td>\n<\/tr>\n<tr>\n<td><span style=\"font-weight: 400;\">12 x 0,63<\/span><\/td>\n<td><span style=\"font-weight: 400;\">200<\/span><\/td>\n<td><span style=\"font-weight: 400;\">Graine<\/span><\/td>\n<td><span style=\"font-weight: 400;\">3000<\/span><\/td>\n<td><span style=\"font-weight: 400;\">4,00<\/span><\/td>\n<td><span style=\"font-weight: 400;\">60<\/span><\/td>\n<\/tr>\n<tr>\n<td><span style=\"font-weight: 400;\">12 x 0,65<\/span><\/td>\n<td><span style=\"font-weight: 400;\">406<\/span><\/td>\n<td><span style=\"font-weight: 400;\">Graine<\/span><\/td>\n<td><span style=\"font-weight: 400;\">2500<\/span><\/td>\n<td><span style=\"font-weight: 400;\">4,50<\/span><\/td>\n<td><span style=\"font-weight: 400;\">52<\/span><\/td>\n<\/tr>\n<tr>\n<td><span style=\"font-weight: 400;\">12 x 0,73<\/span><\/td>\n<td><span style=\"font-weight: 400;\">406<\/span><\/td>\n<td><span style=\"font-weight: 400;\">Graine<\/span><\/td>\n<td><span style=\"font-weight: 400;\">2300<\/span><\/td>\n<td><span style=\"font-weight: 400;\">5,10<\/span><\/td>\n<td><span style=\"font-weight: 400;\">52<\/span><\/td>\n<\/tr>\n<tr>\n<td><span style=\"font-weight: 400;\">12 x 0,80<\/span><\/td>\n<td><span style=\"font-weight: 400;\">406<\/span><\/td>\n<td><span style=\"font-weight: 400;\">Graine<\/span><\/td>\n<td><span style=\"font-weight: 400;\">2000<\/span><\/td>\n<td><span style=\"font-weight: 400;\">6,00<\/span><\/td>\n<td><span style=\"font-weight: 400;\">52<\/span><\/td>\n<\/tr>\n<tr>\n<td><span style=\"font-weight: 400;\">15 x 0,50<\/span><\/td>\n<td><span style=\"font-weight: 400;\">200<\/span><\/td>\n<td><span style=\"font-weight: 400;\">Graine<\/span><\/td>\n<td><span style=\"font-weight: 400;\">2000<\/span><\/td>\n<td><span style=\"font-weight: 400;\">5,00<\/span><\/td>\n<td><span style=\"font-weight: 400;\">60<\/span><\/td>\n<\/tr>\n<tr>\n<td><span style=\"font-weight: 400;\">15 x 0,55<\/span><\/td>\n<td><span style=\"font-weight: 400;\">200<\/span><\/td>\n<td><span style=\"font-weight: 400;\">Graine<\/span><\/td>\n<td><span style=\"font-weight: 400;\">1800<\/span><\/td>\n<td><span style=\"font-weight: 400;\">5,50<\/span><\/td>\n<td><span style=\"font-weight: 400;\">60<\/span><\/td>\n<\/tr>\n<tr>\n<td><span style=\"font-weight: 400;\">15 x 0,65<\/span><\/td>\n<td><span style=\"font-weight: 400;\">200<\/span><\/td>\n<td><span style=\"font-weight: 400;\">Graine<\/span><\/td>\n<td><span style=\"font-weight: 400;\">1500<\/span><\/td>\n<td><span style=\"font-weight: 400;\">7,00<\/span><\/td>\n<td><span style=\"font-weight: 400;\">60<\/span><\/td>\n<\/tr>\n<tr>\n<td><span style=\"font-weight: 400;\">15 x 0,75<\/span><\/td>\n<td><span style=\"font-weight: 400;\">406<\/span><\/td>\n<td><span style=\"font-weight: 400;\">Graine<\/span><\/td>\n<td><span style=\"font-weight: 400;\">1300<\/span><\/td>\n<td><span style=\"font-weight: 400;\">7,20<\/span><\/td>\n<td><span style=\"font-weight: 400;\">52<\/span><\/td>\n<\/tr>\n<\/tbody>\n<\/table>\n<p>&nbsp;<\/p>\n<p>D\u00e9couvrez notre Gamme Emballage\u00a0<a href=\"https:\/\/industriemaroc.com\/en\/product-category\/emballage-maroc\/\">https:\/\/industriemaroc.com\/product-category\/emballage-maroc\/<\/a><\/p>","protected":false},"excerpt":{"rendered":"<p>\u2022 Mat\u00e9riau : polypropyl\u00e8ne souple et l\u00e9ger<br data-start=\"323\" data-end=\"326\" \/>\u2022 Id\u00e9al pour le cerclage de cartons, colis et produits l\u00e9gers<br data-start=\"387\" data-end=\"390\" \/>\u2022 Utilisation manuelle ou avec cercleuse semi\/automatique<br data-start=\"539\" data-end=\"542\" \/>\u2022 Convient pour l\u2019industrie, la logistique et la grande distribution.<\/p>\n<p>&nbsp;<\/p>","protected":false},"featured_media":18330,"comment_status":"open","ping_status":"closed","template":"","meta":{"om_disable_all_campaigns":false,"_monsterinsights_skip_tracking":false,"_monsterinsights_sitenote_active":false,"_monsterinsights_sitenote_note":"","_monsterinsights_sitenote_category":0,"_uf_show_specific_survey":0,"_uf_disable_surveys":false,"_joinchat":[]},"product_brand":[],"product_cat":[768,673,773],"product_tag":[],"class_list":{"0":"post-16994","1":"product","2":"type-product","3":"status-publish","4":"has-post-thumbnail","6":"product_cat-consommable-emballage-maroc","7":"product_cat-emballage-maroc","8":"product_cat-feuillard-cerclage-emballage-maroc","10":"first","11":"instock","12":"taxable","13":"shipping-taxable","14":"product-type-simple"},"yoast_head":"<!-- This site is optimized with the Yoast SEO plugin v27.4 - https:\/\/yoast.com\/product\/yoast-seo-wordpress\/ -->\n<title>Feuillard PP pour Cerclage au Maroc | industriemaroc.com<\/title>\n<meta name=\"description\" content=\"D\u00e9couvrez notre Feuillard PP polypropyl\u00e8ne pour cerclage au Maroc. Disponible en plusieurs dimensions et couleurs. Livraison partout au Maroc !\" \/>\n<meta name=\"robots\" content=\"index, follow, max-snippet:-1, max-image-preview:large, max-video-preview:-1\" \/>\n<link rel=\"canonical\" href=\"https:\/\/industriemaroc.com\/en\/product\/feuillard-polypropylene-pp\/\" \/>\n<meta property=\"og:locale\" content=\"en_US\" \/>\n<meta property=\"og:type\" content=\"article\" \/>\n<meta property=\"og:title\" content=\"Feuillard PP pour Cerclage au Maroc | industriemaroc.com\" \/>\n<meta property=\"og:description\" content=\"D\u00e9couvrez notre Feuillard PP polypropyl\u00e8ne pour cerclage au Maroc. Disponible en plusieurs dimensions et couleurs. Livraison partout au Maroc !\" \/>\n<meta property=\"og:url\" content=\"https:\/\/industriemaroc.com\/en\/product\/feuillard-polypropylene-pp\/\" \/>\n<meta property=\"og:site_name\" content=\"Industrie Maroc Online\" \/>\n<meta property=\"article:modified_time\" content=\"2025-04-04T17:34:57+00:00\" \/>\n<meta property=\"og:image\" content=\"https:\/\/industriemaroc.com\/wp-content\/uploads\/2023\/07\/4.jpg\" \/>\n\t<meta property=\"og:image:width\" content=\"700\" \/>\n\t<meta property=\"og:image:height\" content=\"700\" \/>\n\t<meta property=\"og:image:type\" content=\"image\/jpeg\" \/>\n<meta name=\"twitter:card\" content=\"summary_large_image\" \/>\n<meta name=\"twitter:label1\" content=\"Est. reading time\" \/>\n\t<meta name=\"twitter:data1\" content=\"2 minutes\" \/>\n<script type=\"application\/ld+json\" class=\"yoast-schema-graph\">{\"@context\":\"https:\\\/\\\/schema.org\",\"@graph\":[{\"@type\":\"WebPage\",\"@id\":\"https:\\\/\\\/industriemaroc.com\\\/produit\\\/feuillard-polypropylene-pp\\\/\",\"url\":\"https:\\\/\\\/industriemaroc.com\\\/produit\\\/feuillard-polypropylene-pp\\\/\",\"name\":\"Feuillard PP pour Cerclage au Maroc | industriemaroc.com\",\"isPartOf\":{\"@id\":\"https:\\\/\\\/industriemaroc.com\\\/#website\"},\"primaryImageOfPage\":{\"@id\":\"https:\\\/\\\/industriemaroc.com\\\/produit\\\/feuillard-polypropylene-pp\\\/#primaryimage\"},\"image\":{\"@id\":\"https:\\\/\\\/industriemaroc.com\\\/produit\\\/feuillard-polypropylene-pp\\\/#primaryimage\"},\"thumbnailUrl\":\"https:\\\/\\\/industriemaroc.com\\\/wp-content\\\/uploads\\\/2023\\\/07\\\/4.jpg\",\"datePublished\":\"2023-07-17T14:25:46+00:00\",\"dateModified\":\"2025-04-04T17:34:57+00:00\",\"description\":\"D\u00e9couvrez notre Feuillard PP polypropyl\u00e8ne pour cerclage au Maroc. Disponible en plusieurs dimensions et couleurs. Livraison partout au Maroc !\",\"breadcrumb\":{\"@id\":\"https:\\\/\\\/industriemaroc.com\\\/produit\\\/feuillard-polypropylene-pp\\\/#breadcrumb\"},\"inLanguage\":\"en-US\",\"potentialAction\":[{\"@type\":\"ReadAction\",\"target\":[\"https:\\\/\\\/industriemaroc.com\\\/produit\\\/feuillard-polypropylene-pp\\\/\"]}]},{\"@type\":\"ImageObject\",\"inLanguage\":\"en-US\",\"@id\":\"https:\\\/\\\/industriemaroc.com\\\/produit\\\/feuillard-polypropylene-pp\\\/#primaryimage\",\"url\":\"https:\\\/\\\/industriemaroc.com\\\/wp-content\\\/uploads\\\/2023\\\/07\\\/4.jpg\",\"contentUrl\":\"https:\\\/\\\/industriemaroc.com\\\/wp-content\\\/uploads\\\/2023\\\/07\\\/4.jpg\",\"width\":700,\"height\":700,\"caption\":\"Feuillard PP pour cerclage au Maroc\"},{\"@type\":\"BreadcrumbList\",\"@id\":\"https:\\\/\\\/industriemaroc.com\\\/produit\\\/feuillard-polypropylene-pp\\\/#breadcrumb\",\"itemListElement\":[{\"@type\":\"ListItem\",\"position\":1,\"name\":\"Home\",\"item\":\"https:\\\/\\\/industriemaroc.com\\\/\"},{\"@type\":\"ListItem\",\"position\":2,\"name\":\"Shop\",\"item\":\"https:\\\/\\\/industriemaroc.com\\\/shop\\\/\"},{\"@type\":\"ListItem\",\"position\":3,\"name\":\"Feuillard polypropyl\u00e8ne &#8211; PP\"}]},{\"@type\":\"WebSite\",\"@id\":\"https:\\\/\\\/industriemaroc.com\\\/#website\",\"url\":\"https:\\\/\\\/industriemaroc.com\\\/\",\"name\":\"Industrie Maroc Online\",\"description\":\"Plateforme B2B de mat\u00e9riel professionnel au Maroc\",\"publisher\":{\"@id\":\"https:\\\/\\\/industriemaroc.com\\\/#organization\"},\"potentialAction\":[{\"@type\":\"SearchAction\",\"target\":{\"@type\":\"EntryPoint\",\"urlTemplate\":\"https:\\\/\\\/industriemaroc.com\\\/?s={search_term_string}\"},\"query-input\":{\"@type\":\"PropertyValueSpecification\",\"valueRequired\":true,\"valueName\":\"search_term_string\"}}],\"inLanguage\":\"en-US\"},{\"@type\":\"Organization\",\"@id\":\"https:\\\/\\\/industriemaroc.com\\\/#organization\",\"name\":\"industriemaroc.com\",\"url\":\"https:\\\/\\\/industriemaroc.com\\\/\",\"logo\":{\"@type\":\"ImageObject\",\"inLanguage\":\"en-US\",\"@id\":\"https:\\\/\\\/industriemaroc.com\\\/#\\\/schema\\\/logo\\\/image\\\/\",\"url\":\"https:\\\/\\\/industriemaroc.com\\\/wp-content\\\/uploads\\\/2024\\\/04\\\/IM.jpg\",\"contentUrl\":\"https:\\\/\\\/industriemaroc.com\\\/wp-content\\\/uploads\\\/2024\\\/04\\\/IM.jpg\",\"width\":2500,\"height\":2500,\"caption\":\"industriemaroc.com\"},\"image\":{\"@id\":\"https:\\\/\\\/industriemaroc.com\\\/#\\\/schema\\\/logo\\\/image\\\/\"}}]}<\/script>\n<!-- \/ Yoast SEO plugin. -->","yoast_head_json":{"title":"Feuillard PP pour Cerclage au Maroc | industriemaroc.com","description":"D\u00e9couvrez notre Feuillard PP polypropyl\u00e8ne pour cerclage au Maroc. Disponible en plusieurs dimensions et couleurs. Livraison partout au Maroc !","robots":{"index":"index","follow":"follow","max-snippet":"max-snippet:-1","max-image-preview":"max-image-preview:large","max-video-preview":"max-video-preview:-1"},"canonical":"https:\/\/industriemaroc.com\/en\/product\/feuillard-polypropylene-pp\/","og_locale":"en_US","og_type":"article","og_title":"Feuillard PP pour Cerclage au Maroc | industriemaroc.com","og_description":"D\u00e9couvrez notre Feuillard PP polypropyl\u00e8ne pour cerclage au Maroc. Disponible en plusieurs dimensions et couleurs. Livraison partout au Maroc !","og_url":"https:\/\/industriemaroc.com\/en\/product\/feuillard-polypropylene-pp\/","og_site_name":"Industrie Maroc Online","article_modified_time":"2025-04-04T17:34:57+00:00","og_image":[{"width":700,"height":700,"url":"https:\/\/industriemaroc.com\/wp-content\/uploads\/2023\/07\/4.jpg","type":"image\/jpeg"}],"twitter_card":"summary_large_image","twitter_misc":{"Est. reading time":"2 minutes"},"schema":{"@context":"https:\/\/schema.org","@graph":[{"@type":"WebPage","@id":"https:\/\/industriemaroc.com\/produit\/feuillard-polypropylene-pp\/","url":"https:\/\/industriemaroc.com\/produit\/feuillard-polypropylene-pp\/","name":"Feuillard PP pour Cerclage au Maroc | industriemaroc.com","isPartOf":{"@id":"https:\/\/industriemaroc.com\/#website"},"primaryImageOfPage":{"@id":"https:\/\/industriemaroc.com\/produit\/feuillard-polypropylene-pp\/#primaryimage"},"image":{"@id":"https:\/\/industriemaroc.com\/produit\/feuillard-polypropylene-pp\/#primaryimage"},"thumbnailUrl":"https:\/\/industriemaroc.com\/wp-content\/uploads\/2023\/07\/4.jpg","datePublished":"2023-07-17T14:25:46+00:00","dateModified":"2025-04-04T17:34:57+00:00","description":"D\u00e9couvrez notre Feuillard PP polypropyl\u00e8ne pour cerclage au Maroc. Disponible en plusieurs dimensions et couleurs. Livraison partout au Maroc !","breadcrumb":{"@id":"https:\/\/industriemaroc.com\/produit\/feuillard-polypropylene-pp\/#breadcrumb"},"inLanguage":"en-US","potentialAction":[{"@type":"ReadAction","target":["https:\/\/industriemaroc.com\/produit\/feuillard-polypropylene-pp\/"]}]},{"@type":"ImageObject","inLanguage":"en-US","@id":"https:\/\/industriemaroc.com\/produit\/feuillard-polypropylene-pp\/#primaryimage","url":"https:\/\/industriemaroc.com\/wp-content\/uploads\/2023\/07\/4.jpg","contentUrl":"https:\/\/industriemaroc.com\/wp-content\/uploads\/2023\/07\/4.jpg","width":700,"height":700,"caption":"Feuillard PP pour cerclage au Maroc"},{"@type":"BreadcrumbList","@id":"https:\/\/industriemaroc.com\/produit\/feuillard-polypropylene-pp\/#breadcrumb","itemListElement":[{"@type":"ListItem","position":1,"name":"Home","item":"https:\/\/industriemaroc.com\/"},{"@type":"ListItem","position":2,"name":"Shop","item":"https:\/\/industriemaroc.com\/shop\/"},{"@type":"ListItem","position":3,"name":"Feuillard polypropyl\u00e8ne &#8211; PP"}]},{"@type":"WebSite","@id":"https:\/\/industriemaroc.com\/#website","url":"https:\/\/industriemaroc.com\/","name":"Industrie Maroc Online","description":"Plateforme B2B de mat\u00e9riel professionnel au Maroc","publisher":{"@id":"https:\/\/industriemaroc.com\/#organization"},"potentialAction":[{"@type":"SearchAction","target":{"@type":"EntryPoint","urlTemplate":"https:\/\/industriemaroc.com\/?s={search_term_string}"},"query-input":{"@type":"PropertyValueSpecification","valueRequired":true,"valueName":"search_term_string"}}],"inLanguage":"en-US"},{"@type":"Organization","@id":"https:\/\/industriemaroc.com\/#organization","name":"industriemaroc.com","url":"https:\/\/industriemaroc.com\/","logo":{"@type":"ImageObject","inLanguage":"en-US","@id":"https:\/\/industriemaroc.com\/#\/schema\/logo\/image\/","url":"https:\/\/industriemaroc.com\/wp-content\/uploads\/2024\/04\/IM.jpg","contentUrl":"https:\/\/industriemaroc.com\/wp-content\/uploads\/2024\/04\/IM.jpg","width":2500,"height":2500,"caption":"industriemaroc.com"},"image":{"@id":"https:\/\/industriemaroc.com\/#\/schema\/logo\/image\/"}}]}},"_links":{"self":[{"href":"https:\/\/industriemaroc.com\/en\/wp-json\/wp\/v2\/product\/16994","targetHints":{"allow":["GET"]}}],"collection":[{"href":"https:\/\/industriemaroc.com\/en\/wp-json\/wp\/v2\/product"}],"about":[{"href":"https:\/\/industriemaroc.com\/en\/wp-json\/wp\/v2\/types\/product"}],"replies":[{"embeddable":true,"href":"https:\/\/industriemaroc.com\/en\/wp-json\/wp\/v2\/comments?post=16994"}],"version-history":[{"count":6,"href":"https:\/\/industriemaroc.com\/en\/wp-json\/wp\/v2\/product\/16994\/revisions"}],"predecessor-version":[{"id":23891,"href":"https:\/\/industriemaroc.com\/en\/wp-json\/wp\/v2\/product\/16994\/revisions\/23891"}],"wp:featuredmedia":[{"embeddable":true,"href":"https:\/\/industriemaroc.com\/en\/wp-json\/wp\/v2\/media\/18330"}],"wp:attachment":[{"href":"https:\/\/industriemaroc.com\/en\/wp-json\/wp\/v2\/media?parent=16994"}],"wp:term":[{"taxonomy":"product_brand","embeddable":true,"href":"https:\/\/industriemaroc.com\/en\/wp-json\/wp\/v2\/product_brand?post=16994"},{"taxonomy":"product_cat","embeddable":true,"href":"https:\/\/industriemaroc.com\/en\/wp-json\/wp\/v2\/product_cat?post=16994"},{"taxonomy":"product_tag","embeddable":true,"href":"https:\/\/industriemaroc.com\/en\/wp-json\/wp\/v2\/product_tag?post=16994"}],"curies":[{"name":"wp","href":"https:\/\/api.w.org\/{rel}","templated":true}]}}