{"id":17143,"date":"2023-08-10T13:54:32","date_gmt":"2023-08-10T11:54:32","guid":{"rendered":"https:\/\/industriemaroc.com\/?post_type=product&#038;p=17143"},"modified":"2024-09-12T22:26:02","modified_gmt":"2024-09-12T20:26:02","slug":"tablier-jetable","status":"publish","type":"product","link":"https:\/\/industriemaroc.com\/en\/product\/tablier-jetable\/","title":{"rendered":"Tablier Jetable &#8211; Sachet de 10 pi\u00e8ces"},"content":{"rendered":"<p><strong>Tablier poly\u00e9thyl\u00e8ne \u00e0 usage unique<\/strong>\u00a0(sachet de 500 tabliers). Ce tablier jetable assure une bonne protection tant dans le domaine m\u00e9dical que le domaine industriel. Ce tablier \u00e0 usage unique est imperm\u00e9able et confortable gr\u00e2ce \u00e0 son col rond et ses deux rubans permettant de le maintenir en place.<\/p>\n<p>Tablier jetable, usage unique.<\/p>\n<p>Coloris : blanc<\/p>\n<h3 class=\"fusion-responsive-typography-calculated\" data-fontsize=\"21\" data-lineheight=\"40.11px\">Dimension :<\/h3>\n<ul>\n<li>Longueur :\u00a0 125 cm<\/li>\n<li>Largeur : 81 cm<\/li>\n<li>Epaisseur : 0.018 mm<\/li>\n<li>Composition : poly\u00e9thyl\u00e8ne<\/li>\n<\/ul>","protected":false},"excerpt":{"rendered":"<ul>\n<li>Tablier Poly\u00e9thyl\u00e8ne.<\/li>\n<li>Taille Unique.<\/li>\n<li>Dimension : 125 cm.<\/li>\n<li>Disposable.<\/li>\n<li>Couleur : Blanc.<\/li>\n<li>Conditionn\u00e9 en sachet de 10 Unit\u00e9s.<\/li>\n<\/ul>","protected":false},"featured_media":17149,"comment_status":"open","ping_status":"closed","template":"","meta":{"om_disable_all_campaigns":false,"_monsterinsights_skip_tracking":false,"_monsterinsights_sitenote_active":false,"_monsterinsights_sitenote_note":"","_monsterinsights_sitenote_category":0,"_uf_show_specific_survey":0,"_uf_disable_surveys":false,"_joinchat":[]},"product_brand":[],"product_cat":[678,670,754,689],"product_tag":[],"class_list":{"0":"post-17143","1":"product","2":"type-product","3":"status-publish","4":"has-post-thumbnail","6":"product_cat-equipements-de-protection-individuelle-epi","7":"product_cat-securite-sante","8":"product_cat-tablier","9":"product_cat-jetable-unique-epi-maroc","11":"first","12":"instock","13":"taxable","14":"shipping-taxable","15":"product-type-simple"},"yoast_head":"<!-- This site is optimized with the Yoast SEO plugin v27.4 - https:\/\/yoast.com\/product\/yoast-seo-wordpress\/ -->\n<title>Tablier Jetable - Sachet de 10 pi\u00e8ces - Industrie Maroc Online<\/title>\n<meta name=\"description\" content=\"Tablier Poly\u00e9thyl\u00e8ne.  Taille Unique.  Dimension : 125 cm.  Usage unique.  Couleur : Blanc.  Conditionn\u00e9 en sachet de 10 Unit\u00e9s.\" \/>\n<meta name=\"robots\" content=\"index, follow, max-snippet:-1, max-image-preview:large, max-video-preview:-1\" \/>\n<link rel=\"canonical\" href=\"https:\/\/industriemaroc.com\/en\/product\/tablier-jetable\/\" \/>\n<meta property=\"og:locale\" content=\"en_US\" \/>\n<meta property=\"og:type\" content=\"article\" \/>\n<meta property=\"og:title\" content=\"Tablier Jetable - Sachet de 10 pi\u00e8ces - Industrie Maroc Online\" \/>\n<meta property=\"og:description\" content=\"Tablier Poly\u00e9thyl\u00e8ne.  Taille Unique.  Dimension : 125 cm.  Usage unique.  Couleur : Blanc.  Conditionn\u00e9 en sachet de 10 Unit\u00e9s.\" \/>\n<meta property=\"og:url\" content=\"https:\/\/industriemaroc.com\/en\/product\/tablier-jetable\/\" \/>\n<meta property=\"og:site_name\" content=\"Industrie Maroc Online\" \/>\n<meta property=\"article:modified_time\" content=\"2024-09-12T20:26:02+00:00\" \/>\n<meta property=\"og:image\" content=\"https:\/\/industriemaroc.com\/wp-content\/uploads\/2023\/08\/Tablier-a-usage-unique-soluprotech-1.jpg\" \/>\n\t<meta property=\"og:image:width\" content=\"1000\" \/>\n\t<meta property=\"og:image:height\" content=\"1000\" \/>\n\t<meta property=\"og:image:type\" content=\"image\/jpeg\" \/>\n<meta name=\"twitter:card\" content=\"summary_large_image\" \/>\n<script type=\"application\/ld+json\" class=\"yoast-schema-graph\">{\"@context\":\"https:\\\/\\\/schema.org\",\"@graph\":[{\"@type\":\"WebPage\",\"@id\":\"https:\\\/\\\/industriemaroc.com\\\/produit\\\/tablier-jetable\\\/\",\"url\":\"https:\\\/\\\/industriemaroc.com\\\/produit\\\/tablier-jetable\\\/\",\"name\":\"Tablier Jetable - Sachet de 10 pi\u00e8ces - Industrie Maroc Online\",\"isPartOf\":{\"@id\":\"https:\\\/\\\/industriemaroc.com\\\/#website\"},\"primaryImageOfPage\":{\"@id\":\"https:\\\/\\\/industriemaroc.com\\\/produit\\\/tablier-jetable\\\/#primaryimage\"},\"image\":{\"@id\":\"https:\\\/\\\/industriemaroc.com\\\/produit\\\/tablier-jetable\\\/#primaryimage\"},\"thumbnailUrl\":\"https:\\\/\\\/industriemaroc.com\\\/wp-content\\\/uploads\\\/2023\\\/08\\\/Tablier-a-usage-unique-soluprotech-1.jpg\",\"datePublished\":\"2023-08-10T11:54:32+00:00\",\"dateModified\":\"2024-09-12T20:26:02+00:00\",\"description\":\"Tablier Poly\u00e9thyl\u00e8ne. Taille Unique. Dimension : 125 cm. Usage unique. Couleur : Blanc. Conditionn\u00e9 en sachet de 10 Unit\u00e9s.\",\"breadcrumb\":{\"@id\":\"https:\\\/\\\/industriemaroc.com\\\/produit\\\/tablier-jetable\\\/#breadcrumb\"},\"inLanguage\":\"en-US\",\"potentialAction\":[{\"@type\":\"ReadAction\",\"target\":[\"https:\\\/\\\/industriemaroc.com\\\/produit\\\/tablier-jetable\\\/\"]}]},{\"@type\":\"ImageObject\",\"inLanguage\":\"en-US\",\"@id\":\"https:\\\/\\\/industriemaroc.com\\\/produit\\\/tablier-jetable\\\/#primaryimage\",\"url\":\"https:\\\/\\\/industriemaroc.com\\\/wp-content\\\/uploads\\\/2023\\\/08\\\/Tablier-a-usage-unique-soluprotech-1.jpg\",\"contentUrl\":\"https:\\\/\\\/industriemaroc.com\\\/wp-content\\\/uploads\\\/2023\\\/08\\\/Tablier-a-usage-unique-soluprotech-1.jpg\",\"width\":1000,\"height\":1000},{\"@type\":\"BreadcrumbList\",\"@id\":\"https:\\\/\\\/industriemaroc.com\\\/produit\\\/tablier-jetable\\\/#breadcrumb\",\"itemListElement\":[{\"@type\":\"ListItem\",\"position\":1,\"name\":\"Home\",\"item\":\"https:\\\/\\\/industriemaroc.com\\\/\"},{\"@type\":\"ListItem\",\"position\":2,\"name\":\"Shop\",\"item\":\"https:\\\/\\\/industriemaroc.com\\\/shop\\\/\"},{\"@type\":\"ListItem\",\"position\":3,\"name\":\"Tablier Jetable &#8211; Sachet de 10 pi\u00e8ces\"}]},{\"@type\":\"WebSite\",\"@id\":\"https:\\\/\\\/industriemaroc.com\\\/#website\",\"url\":\"https:\\\/\\\/industriemaroc.com\\\/\",\"name\":\"Industrie Maroc Online\",\"description\":\"Plateforme B2B de mat\u00e9riel professionnel au Maroc\",\"publisher\":{\"@id\":\"https:\\\/\\\/industriemaroc.com\\\/#organization\"},\"potentialAction\":[{\"@type\":\"SearchAction\",\"target\":{\"@type\":\"EntryPoint\",\"urlTemplate\":\"https:\\\/\\\/industriemaroc.com\\\/?s={search_term_string}\"},\"query-input\":{\"@type\":\"PropertyValueSpecification\",\"valueRequired\":true,\"valueName\":\"search_term_string\"}}],\"inLanguage\":\"en-US\"},{\"@type\":\"Organization\",\"@id\":\"https:\\\/\\\/industriemaroc.com\\\/#organization\",\"name\":\"industriemaroc.com\",\"url\":\"https:\\\/\\\/industriemaroc.com\\\/\",\"logo\":{\"@type\":\"ImageObject\",\"inLanguage\":\"en-US\",\"@id\":\"https:\\\/\\\/industriemaroc.com\\\/#\\\/schema\\\/logo\\\/image\\\/\",\"url\":\"https:\\\/\\\/industriemaroc.com\\\/wp-content\\\/uploads\\\/2024\\\/04\\\/IM.jpg\",\"contentUrl\":\"https:\\\/\\\/industriemaroc.com\\\/wp-content\\\/uploads\\\/2024\\\/04\\\/IM.jpg\",\"width\":2500,\"height\":2500,\"caption\":\"industriemaroc.com\"},\"image\":{\"@id\":\"https:\\\/\\\/industriemaroc.com\\\/#\\\/schema\\\/logo\\\/image\\\/\"}}]}<\/script>\n<!-- \/ Yoast SEO plugin. -->","yoast_head_json":{"title":"Tablier Jetable - Sachet de 10 pi\u00e8ces - Industrie Maroc Online","description":"Tablier Poly\u00e9thyl\u00e8ne.  Taille Unique.  Dimension : 125 cm.  Usage unique.  Couleur : Blanc.  Conditionn\u00e9 en sachet de 10 Unit\u00e9s.","robots":{"index":"index","follow":"follow","max-snippet":"max-snippet:-1","max-image-preview":"max-image-preview:large","max-video-preview":"max-video-preview:-1"},"canonical":"https:\/\/industriemaroc.com\/en\/product\/tablier-jetable\/","og_locale":"en_US","og_type":"article","og_title":"Tablier Jetable - Sachet de 10 pi\u00e8ces - Industrie Maroc Online","og_description":"Tablier Poly\u00e9thyl\u00e8ne.  Taille Unique.  Dimension : 125 cm.  Usage unique.  Couleur : Blanc.  Conditionn\u00e9 en sachet de 10 Unit\u00e9s.","og_url":"https:\/\/industriemaroc.com\/en\/product\/tablier-jetable\/","og_site_name":"Industrie Maroc Online","article_modified_time":"2024-09-12T20:26:02+00:00","og_image":[{"width":1000,"height":1000,"url":"https:\/\/industriemaroc.com\/wp-content\/uploads\/2023\/08\/Tablier-a-usage-unique-soluprotech-1.jpg","type":"image\/jpeg"}],"twitter_card":"summary_large_image","schema":{"@context":"https:\/\/schema.org","@graph":[{"@type":"WebPage","@id":"https:\/\/industriemaroc.com\/produit\/tablier-jetable\/","url":"https:\/\/industriemaroc.com\/produit\/tablier-jetable\/","name":"Tablier Jetable - Sachet de 10 pi\u00e8ces - Industrie Maroc Online","isPartOf":{"@id":"https:\/\/industriemaroc.com\/#website"},"primaryImageOfPage":{"@id":"https:\/\/industriemaroc.com\/produit\/tablier-jetable\/#primaryimage"},"image":{"@id":"https:\/\/industriemaroc.com\/produit\/tablier-jetable\/#primaryimage"},"thumbnailUrl":"https:\/\/industriemaroc.com\/wp-content\/uploads\/2023\/08\/Tablier-a-usage-unique-soluprotech-1.jpg","datePublished":"2023-08-10T11:54:32+00:00","dateModified":"2024-09-12T20:26:02+00:00","description":"Tablier Poly\u00e9thyl\u00e8ne. Taille Unique. Dimension : 125 cm. Usage unique. Couleur : Blanc. Conditionn\u00e9 en sachet de 10 Unit\u00e9s.","breadcrumb":{"@id":"https:\/\/industriemaroc.com\/produit\/tablier-jetable\/#breadcrumb"},"inLanguage":"en-US","potentialAction":[{"@type":"ReadAction","target":["https:\/\/industriemaroc.com\/produit\/tablier-jetable\/"]}]},{"@type":"ImageObject","inLanguage":"en-US","@id":"https:\/\/industriemaroc.com\/produit\/tablier-jetable\/#primaryimage","url":"https:\/\/industriemaroc.com\/wp-content\/uploads\/2023\/08\/Tablier-a-usage-unique-soluprotech-1.jpg","contentUrl":"https:\/\/industriemaroc.com\/wp-content\/uploads\/2023\/08\/Tablier-a-usage-unique-soluprotech-1.jpg","width":1000,"height":1000},{"@type":"BreadcrumbList","@id":"https:\/\/industriemaroc.com\/produit\/tablier-jetable\/#breadcrumb","itemListElement":[{"@type":"ListItem","position":1,"name":"Home","item":"https:\/\/industriemaroc.com\/"},{"@type":"ListItem","position":2,"name":"Shop","item":"https:\/\/industriemaroc.com\/shop\/"},{"@type":"ListItem","position":3,"name":"Tablier Jetable &#8211; Sachet de 10 pi\u00e8ces"}]},{"@type":"WebSite","@id":"https:\/\/industriemaroc.com\/#website","url":"https:\/\/industriemaroc.com\/","name":"Industrie Maroc Online","description":"Plateforme B2B de mat\u00e9riel professionnel au Maroc","publisher":{"@id":"https:\/\/industriemaroc.com\/#organization"},"potentialAction":[{"@type":"SearchAction","target":{"@type":"EntryPoint","urlTemplate":"https:\/\/industriemaroc.com\/?s={search_term_string}"},"query-input":{"@type":"PropertyValueSpecification","valueRequired":true,"valueName":"search_term_string"}}],"inLanguage":"en-US"},{"@type":"Organization","@id":"https:\/\/industriemaroc.com\/#organization","name":"industriemaroc.com","url":"https:\/\/industriemaroc.com\/","logo":{"@type":"ImageObject","inLanguage":"en-US","@id":"https:\/\/industriemaroc.com\/#\/schema\/logo\/image\/","url":"https:\/\/industriemaroc.com\/wp-content\/uploads\/2024\/04\/IM.jpg","contentUrl":"https:\/\/industriemaroc.com\/wp-content\/uploads\/2024\/04\/IM.jpg","width":2500,"height":2500,"caption":"industriemaroc.com"},"image":{"@id":"https:\/\/industriemaroc.com\/#\/schema\/logo\/image\/"}}]}},"_links":{"self":[{"href":"https:\/\/industriemaroc.com\/en\/wp-json\/wp\/v2\/product\/17143","targetHints":{"allow":["GET"]}}],"collection":[{"href":"https:\/\/industriemaroc.com\/en\/wp-json\/wp\/v2\/product"}],"about":[{"href":"https:\/\/industriemaroc.com\/en\/wp-json\/wp\/v2\/types\/product"}],"replies":[{"embeddable":true,"href":"https:\/\/industriemaroc.com\/en\/wp-json\/wp\/v2\/comments?post=17143"}],"version-history":[{"count":4,"href":"https:\/\/industriemaroc.com\/en\/wp-json\/wp\/v2\/product\/17143\/revisions"}],"predecessor-version":[{"id":22893,"href":"https:\/\/industriemaroc.com\/en\/wp-json\/wp\/v2\/product\/17143\/revisions\/22893"}],"wp:featuredmedia":[{"embeddable":true,"href":"https:\/\/industriemaroc.com\/en\/wp-json\/wp\/v2\/media\/17149"}],"wp:attachment":[{"href":"https:\/\/industriemaroc.com\/en\/wp-json\/wp\/v2\/media?parent=17143"}],"wp:term":[{"taxonomy":"product_brand","embeddable":true,"href":"https:\/\/industriemaroc.com\/en\/wp-json\/wp\/v2\/product_brand?post=17143"},{"taxonomy":"product_cat","embeddable":true,"href":"https:\/\/industriemaroc.com\/en\/wp-json\/wp\/v2\/product_cat?post=17143"},{"taxonomy":"product_tag","embeddable":true,"href":"https:\/\/industriemaroc.com\/en\/wp-json\/wp\/v2\/product_tag?post=17143"}],"curies":[{"name":"wp","href":"https:\/\/api.w.org\/{rel}","templated":true}]}}