{"id":17155,"date":"2023-08-10T14:03:47","date_gmt":"2023-08-10T12:03:47","guid":{"rendered":"https:\/\/industriemaroc.com\/?post_type=product&#038;p=17155"},"modified":"2025-12-30T12:17:30","modified_gmt":"2025-12-30T11:17:30","slug":"surchaussure-jetable","status":"publish","type":"product","link":"https:\/\/industriemaroc.com\/en\/product\/surchaussure-jetable\/","title":{"rendered":"Surchaussure Jetable Plastique &#8211; Carton 10 Sachets 100"},"content":{"rendered":"<div class=\"zone_onglet\">\n<div class=\"zone_onglet_contenu\">\n<div id=\"zone_onglet_1\" class=\"zone_onglet_interne description\">\n<div class=\"description\">\n<p>Le lot de surchaussures jetables\u00a0 vous est propos\u00e9 en lot de 100 afin de subvenir \u00e0 vos besoins sur la dur\u00e9e.<\/p>\n<p>Ces surchaussures jetables vous assurent hygi\u00e8ne et protection tant pour vos chaussures que pour vos sols.<\/p>\n<p>Souple et \u00e0 usage unique, chaque surchaussure est r\u00e9alis\u00e9e en poly\u00e9thyl\u00e8ne et dispose d\u2019un \u00e9lastique de maintien permettant de s\u2019adapter \u00e0 chaque taille de pieds et de bien tenir la chaussure.<\/p>\n<p>Les surchaussures sont recommand\u00e9es pour les domaines de service de sant\u00e9 ou pour la transformation agroalimentaire mais \u00e9galement pour les petits travaux m\u00e9nagers pour prot\u00e9ger vos chaussures.<\/p>\n<p>Les surchaussures jetables s\u2019adaptent \u00e0 tous les pieds et donc \u00e0 toutes les chaussures, la taille est quasi universelle.<\/p>\n<p>Disponible en plusieurs lots et coloris.<\/p>\n<\/div>\n<\/div>\n<\/div>\n<\/div>\n<div class=\"block\">\n<div class=\"entete centre\"><\/div>\n<\/div>","protected":false},"excerpt":{"rendered":"<p>lot de surchaussures jetables : 100 pi\u00e8ces.<\/p>\n<p>Ces surchaussures jetables vous assurent hygi\u00e8ne et protection tant pour vos chaussures que pour vos sols.<\/p>","protected":false},"featured_media":17148,"comment_status":"open","ping_status":"closed","template":"","meta":{"om_disable_all_campaigns":false,"_monsterinsights_skip_tracking":false,"_monsterinsights_sitenote_active":false,"_monsterinsights_sitenote_note":"","_monsterinsights_sitenote_category":0,"_uf_show_specific_survey":0,"_uf_disable_surveys":false,"_joinchat":[]},"product_brand":[],"product_cat":[678,670,753,689],"product_tag":[],"class_list":{"0":"post-17155","1":"product","2":"type-product","3":"status-publish","4":"has-post-thumbnail","6":"product_cat-equipements-de-protection-individuelle-epi","7":"product_cat-securite-sante","8":"product_cat-surchaussure","9":"product_cat-jetable-unique-epi-maroc","11":"first","12":"instock","13":"taxable","14":"shipping-taxable","15":"purchasable","16":"product-type-simple"},"yoast_head":"<!-- This site is optimized with the Yoast SEO plugin v27.4 - https:\/\/yoast.com\/product\/yoast-seo-wordpress\/ -->\n<title>Surchaussure Jetable Plastique - Carton 10 Sachets 100 - Industrie Maroc Online<\/title>\n<meta name=\"description\" content=\"lot de surchaussures jetables : 100 pi\u00e8ces.  Ces surchaussures jetables vous assurent hygi\u00e8ne et protection tant pour vos chaussures que pour vos sols.\" \/>\n<meta name=\"robots\" content=\"index, follow, max-snippet:-1, max-image-preview:large, max-video-preview:-1\" \/>\n<link rel=\"canonical\" href=\"https:\/\/industriemaroc.com\/en\/product\/surchaussure-jetable\/\" \/>\n<meta property=\"og:locale\" content=\"en_US\" \/>\n<meta property=\"og:type\" content=\"article\" \/>\n<meta property=\"og:title\" content=\"Surchaussure Jetable Plastique - Carton 10 Sachets 100 - Industrie Maroc Online\" \/>\n<meta property=\"og:description\" content=\"lot de surchaussures jetables : 100 pi\u00e8ces.  Ces surchaussures jetables vous assurent hygi\u00e8ne et protection tant pour vos chaussures que pour vos sols.\" \/>\n<meta property=\"og:url\" content=\"https:\/\/industriemaroc.com\/en\/product\/surchaussure-jetable\/\" \/>\n<meta property=\"og:site_name\" content=\"Industrie Maroc Online\" \/>\n<meta property=\"article:modified_time\" content=\"2025-12-30T11:17:30+00:00\" \/>\n<meta property=\"og:image\" content=\"https:\/\/industriemaroc.com\/wp-content\/uploads\/2023\/08\/surchauss.jpg\" \/>\n\t<meta property=\"og:image:width\" content=\"800\" \/>\n\t<meta property=\"og:image:height\" content=\"800\" \/>\n\t<meta property=\"og:image:type\" content=\"image\/jpeg\" \/>\n<meta name=\"twitter:card\" content=\"summary_large_image\" \/>\n<meta name=\"twitter:label1\" content=\"Est. reading time\" \/>\n\t<meta name=\"twitter:data1\" content=\"1 minute\" \/>\n<script type=\"application\/ld+json\" class=\"yoast-schema-graph\">{\"@context\":\"https:\\\/\\\/schema.org\",\"@graph\":[{\"@type\":\"WebPage\",\"@id\":\"https:\\\/\\\/industriemaroc.com\\\/produit\\\/surchaussure-jetable\\\/\",\"url\":\"https:\\\/\\\/industriemaroc.com\\\/produit\\\/surchaussure-jetable\\\/\",\"name\":\"Surchaussure Jetable Plastique - Carton 10 Sachets 100 - Industrie Maroc Online\",\"isPartOf\":{\"@id\":\"https:\\\/\\\/industriemaroc.com\\\/#website\"},\"primaryImageOfPage\":{\"@id\":\"https:\\\/\\\/industriemaroc.com\\\/produit\\\/surchaussure-jetable\\\/#primaryimage\"},\"image\":{\"@id\":\"https:\\\/\\\/industriemaroc.com\\\/produit\\\/surchaussure-jetable\\\/#primaryimage\"},\"thumbnailUrl\":\"https:\\\/\\\/industriemaroc.com\\\/wp-content\\\/uploads\\\/2023\\\/08\\\/surchauss.jpg\",\"datePublished\":\"2023-08-10T12:03:47+00:00\",\"dateModified\":\"2025-12-30T11:17:30+00:00\",\"description\":\"lot de surchaussures jetables : 100 pi\u00e8ces. Ces surchaussures jetables vous assurent hygi\u00e8ne et protection tant pour vos chaussures que pour vos sols.\",\"breadcrumb\":{\"@id\":\"https:\\\/\\\/industriemaroc.com\\\/produit\\\/surchaussure-jetable\\\/#breadcrumb\"},\"inLanguage\":\"en-US\",\"potentialAction\":[{\"@type\":\"ReadAction\",\"target\":[\"https:\\\/\\\/industriemaroc.com\\\/produit\\\/surchaussure-jetable\\\/\"]}]},{\"@type\":\"ImageObject\",\"inLanguage\":\"en-US\",\"@id\":\"https:\\\/\\\/industriemaroc.com\\\/produit\\\/surchaussure-jetable\\\/#primaryimage\",\"url\":\"https:\\\/\\\/industriemaroc.com\\\/wp-content\\\/uploads\\\/2023\\\/08\\\/surchauss.jpg\",\"contentUrl\":\"https:\\\/\\\/industriemaroc.com\\\/wp-content\\\/uploads\\\/2023\\\/08\\\/surchauss.jpg\",\"width\":800,\"height\":800},{\"@type\":\"BreadcrumbList\",\"@id\":\"https:\\\/\\\/industriemaroc.com\\\/produit\\\/surchaussure-jetable\\\/#breadcrumb\",\"itemListElement\":[{\"@type\":\"ListItem\",\"position\":1,\"name\":\"Home\",\"item\":\"https:\\\/\\\/industriemaroc.com\\\/\"},{\"@type\":\"ListItem\",\"position\":2,\"name\":\"Shop\",\"item\":\"https:\\\/\\\/industriemaroc.com\\\/shop\\\/\"},{\"@type\":\"ListItem\",\"position\":3,\"name\":\"Surchaussure Jetable Plastique &#8211; Carton 10 Sachets 100\"}]},{\"@type\":\"WebSite\",\"@id\":\"https:\\\/\\\/industriemaroc.com\\\/#website\",\"url\":\"https:\\\/\\\/industriemaroc.com\\\/\",\"name\":\"Industrie Maroc Online\",\"description\":\"Plateforme B2B de mat\u00e9riel professionnel au Maroc\",\"publisher\":{\"@id\":\"https:\\\/\\\/industriemaroc.com\\\/#organization\"},\"potentialAction\":[{\"@type\":\"SearchAction\",\"target\":{\"@type\":\"EntryPoint\",\"urlTemplate\":\"https:\\\/\\\/industriemaroc.com\\\/?s={search_term_string}\"},\"query-input\":{\"@type\":\"PropertyValueSpecification\",\"valueRequired\":true,\"valueName\":\"search_term_string\"}}],\"inLanguage\":\"en-US\"},{\"@type\":\"Organization\",\"@id\":\"https:\\\/\\\/industriemaroc.com\\\/#organization\",\"name\":\"industriemaroc.com\",\"url\":\"https:\\\/\\\/industriemaroc.com\\\/\",\"logo\":{\"@type\":\"ImageObject\",\"inLanguage\":\"en-US\",\"@id\":\"https:\\\/\\\/industriemaroc.com\\\/#\\\/schema\\\/logo\\\/image\\\/\",\"url\":\"https:\\\/\\\/industriemaroc.com\\\/wp-content\\\/uploads\\\/2024\\\/04\\\/IM.jpg\",\"contentUrl\":\"https:\\\/\\\/industriemaroc.com\\\/wp-content\\\/uploads\\\/2024\\\/04\\\/IM.jpg\",\"width\":2500,\"height\":2500,\"caption\":\"industriemaroc.com\"},\"image\":{\"@id\":\"https:\\\/\\\/industriemaroc.com\\\/#\\\/schema\\\/logo\\\/image\\\/\"}}]}<\/script>\n<!-- \/ Yoast SEO plugin. -->","yoast_head_json":{"title":"Surchaussure Jetable Plastique - Carton 10 Sachets 100 - Industrie Maroc Online","description":"lot de surchaussures jetables : 100 pi\u00e8ces.  Ces surchaussures jetables vous assurent hygi\u00e8ne et protection tant pour vos chaussures que pour vos sols.","robots":{"index":"index","follow":"follow","max-snippet":"max-snippet:-1","max-image-preview":"max-image-preview:large","max-video-preview":"max-video-preview:-1"},"canonical":"https:\/\/industriemaroc.com\/en\/product\/surchaussure-jetable\/","og_locale":"en_US","og_type":"article","og_title":"Surchaussure Jetable Plastique - Carton 10 Sachets 100 - Industrie Maroc Online","og_description":"lot de surchaussures jetables : 100 pi\u00e8ces.  Ces surchaussures jetables vous assurent hygi\u00e8ne et protection tant pour vos chaussures que pour vos sols.","og_url":"https:\/\/industriemaroc.com\/en\/product\/surchaussure-jetable\/","og_site_name":"Industrie Maroc Online","article_modified_time":"2025-12-30T11:17:30+00:00","og_image":[{"width":800,"height":800,"url":"https:\/\/industriemaroc.com\/wp-content\/uploads\/2023\/08\/surchauss.jpg","type":"image\/jpeg"}],"twitter_card":"summary_large_image","twitter_misc":{"Est. reading time":"1 minute"},"schema":{"@context":"https:\/\/schema.org","@graph":[{"@type":"WebPage","@id":"https:\/\/industriemaroc.com\/produit\/surchaussure-jetable\/","url":"https:\/\/industriemaroc.com\/produit\/surchaussure-jetable\/","name":"Surchaussure Jetable Plastique - Carton 10 Sachets 100 - Industrie Maroc Online","isPartOf":{"@id":"https:\/\/industriemaroc.com\/#website"},"primaryImageOfPage":{"@id":"https:\/\/industriemaroc.com\/produit\/surchaussure-jetable\/#primaryimage"},"image":{"@id":"https:\/\/industriemaroc.com\/produit\/surchaussure-jetable\/#primaryimage"},"thumbnailUrl":"https:\/\/industriemaroc.com\/wp-content\/uploads\/2023\/08\/surchauss.jpg","datePublished":"2023-08-10T12:03:47+00:00","dateModified":"2025-12-30T11:17:30+00:00","description":"lot de surchaussures jetables : 100 pi\u00e8ces. Ces surchaussures jetables vous assurent hygi\u00e8ne et protection tant pour vos chaussures que pour vos sols.","breadcrumb":{"@id":"https:\/\/industriemaroc.com\/produit\/surchaussure-jetable\/#breadcrumb"},"inLanguage":"en-US","potentialAction":[{"@type":"ReadAction","target":["https:\/\/industriemaroc.com\/produit\/surchaussure-jetable\/"]}]},{"@type":"ImageObject","inLanguage":"en-US","@id":"https:\/\/industriemaroc.com\/produit\/surchaussure-jetable\/#primaryimage","url":"https:\/\/industriemaroc.com\/wp-content\/uploads\/2023\/08\/surchauss.jpg","contentUrl":"https:\/\/industriemaroc.com\/wp-content\/uploads\/2023\/08\/surchauss.jpg","width":800,"height":800},{"@type":"BreadcrumbList","@id":"https:\/\/industriemaroc.com\/produit\/surchaussure-jetable\/#breadcrumb","itemListElement":[{"@type":"ListItem","position":1,"name":"Home","item":"https:\/\/industriemaroc.com\/"},{"@type":"ListItem","position":2,"name":"Shop","item":"https:\/\/industriemaroc.com\/shop\/"},{"@type":"ListItem","position":3,"name":"Surchaussure Jetable Plastique &#8211; Carton 10 Sachets 100"}]},{"@type":"WebSite","@id":"https:\/\/industriemaroc.com\/#website","url":"https:\/\/industriemaroc.com\/","name":"Industrie Maroc Online","description":"Plateforme B2B de mat\u00e9riel professionnel au Maroc","publisher":{"@id":"https:\/\/industriemaroc.com\/#organization"},"potentialAction":[{"@type":"SearchAction","target":{"@type":"EntryPoint","urlTemplate":"https:\/\/industriemaroc.com\/?s={search_term_string}"},"query-input":{"@type":"PropertyValueSpecification","valueRequired":true,"valueName":"search_term_string"}}],"inLanguage":"en-US"},{"@type":"Organization","@id":"https:\/\/industriemaroc.com\/#organization","name":"industriemaroc.com","url":"https:\/\/industriemaroc.com\/","logo":{"@type":"ImageObject","inLanguage":"en-US","@id":"https:\/\/industriemaroc.com\/#\/schema\/logo\/image\/","url":"https:\/\/industriemaroc.com\/wp-content\/uploads\/2024\/04\/IM.jpg","contentUrl":"https:\/\/industriemaroc.com\/wp-content\/uploads\/2024\/04\/IM.jpg","width":2500,"height":2500,"caption":"industriemaroc.com"},"image":{"@id":"https:\/\/industriemaroc.com\/#\/schema\/logo\/image\/"}}]}},"_links":{"self":[{"href":"https:\/\/industriemaroc.com\/en\/wp-json\/wp\/v2\/product\/17155","targetHints":{"allow":["GET"]}}],"collection":[{"href":"https:\/\/industriemaroc.com\/en\/wp-json\/wp\/v2\/product"}],"about":[{"href":"https:\/\/industriemaroc.com\/en\/wp-json\/wp\/v2\/types\/product"}],"replies":[{"embeddable":true,"href":"https:\/\/industriemaroc.com\/en\/wp-json\/wp\/v2\/comments?post=17155"}],"version-history":[{"count":7,"href":"https:\/\/industriemaroc.com\/en\/wp-json\/wp\/v2\/product\/17155\/revisions"}],"predecessor-version":[{"id":24162,"href":"https:\/\/industriemaroc.com\/en\/wp-json\/wp\/v2\/product\/17155\/revisions\/24162"}],"wp:featuredmedia":[{"embeddable":true,"href":"https:\/\/industriemaroc.com\/en\/wp-json\/wp\/v2\/media\/17148"}],"wp:attachment":[{"href":"https:\/\/industriemaroc.com\/en\/wp-json\/wp\/v2\/media?parent=17155"}],"wp:term":[{"taxonomy":"product_brand","embeddable":true,"href":"https:\/\/industriemaroc.com\/en\/wp-json\/wp\/v2\/product_brand?post=17155"},{"taxonomy":"product_cat","embeddable":true,"href":"https:\/\/industriemaroc.com\/en\/wp-json\/wp\/v2\/product_cat?post=17155"},{"taxonomy":"product_tag","embeddable":true,"href":"https:\/\/industriemaroc.com\/en\/wp-json\/wp\/v2\/product_tag?post=17155"}],"curies":[{"name":"wp","href":"https:\/\/api.w.org\/{rel}","templated":true}]}}