{"id":17227,"date":"2023-08-10T16:51:05","date_gmt":"2023-08-10T14:51:05","guid":{"rendered":"https:\/\/industriemaroc.com\/?post_type=product&#038;p=17227"},"modified":"2024-09-12T20:45:18","modified_gmt":"2024-09-12T18:45:18","slug":"casque-curro-de-securite","status":"publish","type":"product","link":"https:\/\/industriemaroc.com\/en\/product\/casque-curro-de-securite\/","title":{"rendered":"Casque Curro de s\u00e9curit\u00e9"},"content":{"rendered":"<p>Casque Curro de s\u00e9curit\u00e9 est sp\u00e9cialement con\u00e7u pour \u00eatre utilis\u00e9 dans les travaux en hauteur, les urgences et les espaces confin\u00e9s gr\u00e2ce \u00e0 l&rsquo;absence de visi\u00e8re et sa jugulaire en Y \u00e0 4 points d&rsquo;ancrage. Il couvre \u00e9galement d&rsquo;autres domaines tels que l&rsquo;industrie, la construction, les travaux publics, la foresterie, la navigation&#8230;<\/p>\n<p>Calotte ABS<\/p>\n<p>Coiffe en textile<\/p>\n<p>Harnais de t\u00e8te \u00e0 6 points en tissu<\/p>\n<p>R\u00e9glage par molette<\/p>\n<p>Dentelle pour protections d\u00b4oreille<\/p>\n<p>Isolation \u00e9lectrique class 0<\/p>\n<p>Norme : EN 397:2012+A1:2012 &#8211; EN 50365:2002<\/p>","protected":false},"excerpt":{"rendered":"<ul>\n<li>Calotte ABS<\/li>\n<li>Coiffe en textile<\/li>\n<li>Harnais de t\u00e8te \u00e0 6 points en tissu<\/li>\n<li>R\u00e9glage par molette<\/li>\n<li>Dentelle pour protections d\u00b4oreille<\/li>\n<\/ul>","protected":false},"featured_media":18196,"comment_status":"open","ping_status":"closed","template":"","meta":{"om_disable_all_campaigns":false,"_monsterinsights_skip_tracking":false,"_monsterinsights_sitenote_active":false,"_monsterinsights_sitenote_note":"","_monsterinsights_sitenote_category":0,"_uf_show_specific_survey":0,"_uf_disable_surveys":false,"_joinchat":[]},"product_brand":[],"product_cat":[731,678,684,670],"product_tag":[],"class_list":{"0":"post-17227","1":"product","2":"type-product","3":"status-publish","4":"has-post-thumbnail","6":"product_cat-casque-de-securite","7":"product_cat-equipements-de-protection-individuelle-epi","8":"product_cat-protection-tete-epi-maroc","9":"product_cat-securite-sante","11":"first","12":"instock","13":"taxable","14":"shipping-taxable","15":"product-type-simple"},"yoast_head":"<!-- This site is optimized with the Yoast SEO plugin v27.4 - https:\/\/yoast.com\/product\/yoast-seo-wordpress\/ -->\n<title>Casque Curro de s\u00e9curit\u00e9 - Industrie Maroc Online<\/title>\n<meta name=\"description\" content=\"Calotte ABS  Coiffe en textile  Harnais de t\u00e8te \u00e0 6 points en tissu  R\u00e9glage par molette  Dentelle pour protections d\u00b4oreille\" \/>\n<meta name=\"robots\" content=\"index, follow, max-snippet:-1, max-image-preview:large, max-video-preview:-1\" \/>\n<link rel=\"canonical\" href=\"https:\/\/industriemaroc.com\/en\/product\/casque-curro-de-securite\/\" \/>\n<meta property=\"og:locale\" content=\"en_US\" \/>\n<meta property=\"og:type\" content=\"article\" \/>\n<meta property=\"og:title\" content=\"Casque Curro de s\u00e9curit\u00e9 - Industrie Maroc Online\" \/>\n<meta property=\"og:description\" content=\"Calotte ABS  Coiffe en textile  Harnais de t\u00e8te \u00e0 6 points en tissu  R\u00e9glage par molette  Dentelle pour protections d\u00b4oreille\" \/>\n<meta property=\"og:url\" content=\"https:\/\/industriemaroc.com\/en\/product\/casque-curro-de-securite\/\" \/>\n<meta property=\"og:site_name\" content=\"Industrie Maroc Online\" \/>\n<meta property=\"article:modified_time\" content=\"2024-09-12T18:45:18+00:00\" \/>\n<meta property=\"og:image\" content=\"https:\/\/industriemaroc.com\/wp-content\/uploads\/2023\/08\/n1-9.jpg\" \/>\n\t<meta property=\"og:image:width\" content=\"700\" \/>\n\t<meta property=\"og:image:height\" content=\"700\" \/>\n\t<meta property=\"og:image:type\" content=\"image\/jpeg\" \/>\n<meta name=\"twitter:card\" content=\"summary_large_image\" \/>\n<script type=\"application\/ld+json\" class=\"yoast-schema-graph\">{\"@context\":\"https:\\\/\\\/schema.org\",\"@graph\":[{\"@type\":\"WebPage\",\"@id\":\"https:\\\/\\\/industriemaroc.com\\\/produit\\\/casque-curro-de-securite\\\/\",\"url\":\"https:\\\/\\\/industriemaroc.com\\\/produit\\\/casque-curro-de-securite\\\/\",\"name\":\"Casque Curro de s\u00e9curit\u00e9 - Industrie Maroc Online\",\"isPartOf\":{\"@id\":\"https:\\\/\\\/industriemaroc.com\\\/#website\"},\"primaryImageOfPage\":{\"@id\":\"https:\\\/\\\/industriemaroc.com\\\/produit\\\/casque-curro-de-securite\\\/#primaryimage\"},\"image\":{\"@id\":\"https:\\\/\\\/industriemaroc.com\\\/produit\\\/casque-curro-de-securite\\\/#primaryimage\"},\"thumbnailUrl\":\"https:\\\/\\\/industriemaroc.com\\\/wp-content\\\/uploads\\\/2023\\\/08\\\/n1-9.jpg\",\"datePublished\":\"2023-08-10T14:51:05+00:00\",\"dateModified\":\"2024-09-12T18:45:18+00:00\",\"description\":\"Calotte ABS Coiffe en textile Harnais de t\u00e8te \u00e0 6 points en tissu R\u00e9glage par molette Dentelle pour protections d\u00b4oreille\",\"breadcrumb\":{\"@id\":\"https:\\\/\\\/industriemaroc.com\\\/produit\\\/casque-curro-de-securite\\\/#breadcrumb\"},\"inLanguage\":\"en-US\",\"potentialAction\":[{\"@type\":\"ReadAction\",\"target\":[\"https:\\\/\\\/industriemaroc.com\\\/produit\\\/casque-curro-de-securite\\\/\"]}]},{\"@type\":\"ImageObject\",\"inLanguage\":\"en-US\",\"@id\":\"https:\\\/\\\/industriemaroc.com\\\/produit\\\/casque-curro-de-securite\\\/#primaryimage\",\"url\":\"https:\\\/\\\/industriemaroc.com\\\/wp-content\\\/uploads\\\/2023\\\/08\\\/n1-9.jpg\",\"contentUrl\":\"https:\\\/\\\/industriemaroc.com\\\/wp-content\\\/uploads\\\/2023\\\/08\\\/n1-9.jpg\",\"width\":700,\"height\":700},{\"@type\":\"BreadcrumbList\",\"@id\":\"https:\\\/\\\/industriemaroc.com\\\/produit\\\/casque-curro-de-securite\\\/#breadcrumb\",\"itemListElement\":[{\"@type\":\"ListItem\",\"position\":1,\"name\":\"Home\",\"item\":\"https:\\\/\\\/industriemaroc.com\\\/\"},{\"@type\":\"ListItem\",\"position\":2,\"name\":\"Shop\",\"item\":\"https:\\\/\\\/industriemaroc.com\\\/shop\\\/\"},{\"@type\":\"ListItem\",\"position\":3,\"name\":\"Casque Curro de s\u00e9curit\u00e9\"}]},{\"@type\":\"WebSite\",\"@id\":\"https:\\\/\\\/industriemaroc.com\\\/#website\",\"url\":\"https:\\\/\\\/industriemaroc.com\\\/\",\"name\":\"Industrie Maroc Online\",\"description\":\"Plateforme B2B de mat\u00e9riel professionnel au Maroc\",\"publisher\":{\"@id\":\"https:\\\/\\\/industriemaroc.com\\\/#organization\"},\"potentialAction\":[{\"@type\":\"SearchAction\",\"target\":{\"@type\":\"EntryPoint\",\"urlTemplate\":\"https:\\\/\\\/industriemaroc.com\\\/?s={search_term_string}\"},\"query-input\":{\"@type\":\"PropertyValueSpecification\",\"valueRequired\":true,\"valueName\":\"search_term_string\"}}],\"inLanguage\":\"en-US\"},{\"@type\":\"Organization\",\"@id\":\"https:\\\/\\\/industriemaroc.com\\\/#organization\",\"name\":\"industriemaroc.com\",\"url\":\"https:\\\/\\\/industriemaroc.com\\\/\",\"logo\":{\"@type\":\"ImageObject\",\"inLanguage\":\"en-US\",\"@id\":\"https:\\\/\\\/industriemaroc.com\\\/#\\\/schema\\\/logo\\\/image\\\/\",\"url\":\"https:\\\/\\\/industriemaroc.com\\\/wp-content\\\/uploads\\\/2024\\\/04\\\/IM.jpg\",\"contentUrl\":\"https:\\\/\\\/industriemaroc.com\\\/wp-content\\\/uploads\\\/2024\\\/04\\\/IM.jpg\",\"width\":2500,\"height\":2500,\"caption\":\"industriemaroc.com\"},\"image\":{\"@id\":\"https:\\\/\\\/industriemaroc.com\\\/#\\\/schema\\\/logo\\\/image\\\/\"}}]}<\/script>\n<!-- \/ Yoast SEO plugin. -->","yoast_head_json":{"title":"Casque Curro de s\u00e9curit\u00e9 - Industrie Maroc Online","description":"Calotte ABS  Coiffe en textile  Harnais de t\u00e8te \u00e0 6 points en tissu  R\u00e9glage par molette  Dentelle pour protections d\u00b4oreille","robots":{"index":"index","follow":"follow","max-snippet":"max-snippet:-1","max-image-preview":"max-image-preview:large","max-video-preview":"max-video-preview:-1"},"canonical":"https:\/\/industriemaroc.com\/en\/product\/casque-curro-de-securite\/","og_locale":"en_US","og_type":"article","og_title":"Casque Curro de s\u00e9curit\u00e9 - Industrie Maroc Online","og_description":"Calotte ABS  Coiffe en textile  Harnais de t\u00e8te \u00e0 6 points en tissu  R\u00e9glage par molette  Dentelle pour protections d\u00b4oreille","og_url":"https:\/\/industriemaroc.com\/en\/product\/casque-curro-de-securite\/","og_site_name":"Industrie Maroc Online","article_modified_time":"2024-09-12T18:45:18+00:00","og_image":[{"width":700,"height":700,"url":"https:\/\/industriemaroc.com\/wp-content\/uploads\/2023\/08\/n1-9.jpg","type":"image\/jpeg"}],"twitter_card":"summary_large_image","schema":{"@context":"https:\/\/schema.org","@graph":[{"@type":"WebPage","@id":"https:\/\/industriemaroc.com\/produit\/casque-curro-de-securite\/","url":"https:\/\/industriemaroc.com\/produit\/casque-curro-de-securite\/","name":"Casque Curro de s\u00e9curit\u00e9 - Industrie Maroc Online","isPartOf":{"@id":"https:\/\/industriemaroc.com\/#website"},"primaryImageOfPage":{"@id":"https:\/\/industriemaroc.com\/produit\/casque-curro-de-securite\/#primaryimage"},"image":{"@id":"https:\/\/industriemaroc.com\/produit\/casque-curro-de-securite\/#primaryimage"},"thumbnailUrl":"https:\/\/industriemaroc.com\/wp-content\/uploads\/2023\/08\/n1-9.jpg","datePublished":"2023-08-10T14:51:05+00:00","dateModified":"2024-09-12T18:45:18+00:00","description":"Calotte ABS Coiffe en textile Harnais de t\u00e8te \u00e0 6 points en tissu R\u00e9glage par molette Dentelle pour protections d\u00b4oreille","breadcrumb":{"@id":"https:\/\/industriemaroc.com\/produit\/casque-curro-de-securite\/#breadcrumb"},"inLanguage":"en-US","potentialAction":[{"@type":"ReadAction","target":["https:\/\/industriemaroc.com\/produit\/casque-curro-de-securite\/"]}]},{"@type":"ImageObject","inLanguage":"en-US","@id":"https:\/\/industriemaroc.com\/produit\/casque-curro-de-securite\/#primaryimage","url":"https:\/\/industriemaroc.com\/wp-content\/uploads\/2023\/08\/n1-9.jpg","contentUrl":"https:\/\/industriemaroc.com\/wp-content\/uploads\/2023\/08\/n1-9.jpg","width":700,"height":700},{"@type":"BreadcrumbList","@id":"https:\/\/industriemaroc.com\/produit\/casque-curro-de-securite\/#breadcrumb","itemListElement":[{"@type":"ListItem","position":1,"name":"Home","item":"https:\/\/industriemaroc.com\/"},{"@type":"ListItem","position":2,"name":"Shop","item":"https:\/\/industriemaroc.com\/shop\/"},{"@type":"ListItem","position":3,"name":"Casque Curro de s\u00e9curit\u00e9"}]},{"@type":"WebSite","@id":"https:\/\/industriemaroc.com\/#website","url":"https:\/\/industriemaroc.com\/","name":"Industrie Maroc Online","description":"Plateforme B2B de mat\u00e9riel professionnel au Maroc","publisher":{"@id":"https:\/\/industriemaroc.com\/#organization"},"potentialAction":[{"@type":"SearchAction","target":{"@type":"EntryPoint","urlTemplate":"https:\/\/industriemaroc.com\/?s={search_term_string}"},"query-input":{"@type":"PropertyValueSpecification","valueRequired":true,"valueName":"search_term_string"}}],"inLanguage":"en-US"},{"@type":"Organization","@id":"https:\/\/industriemaroc.com\/#organization","name":"industriemaroc.com","url":"https:\/\/industriemaroc.com\/","logo":{"@type":"ImageObject","inLanguage":"en-US","@id":"https:\/\/industriemaroc.com\/#\/schema\/logo\/image\/","url":"https:\/\/industriemaroc.com\/wp-content\/uploads\/2024\/04\/IM.jpg","contentUrl":"https:\/\/industriemaroc.com\/wp-content\/uploads\/2024\/04\/IM.jpg","width":2500,"height":2500,"caption":"industriemaroc.com"},"image":{"@id":"https:\/\/industriemaroc.com\/#\/schema\/logo\/image\/"}}]}},"_links":{"self":[{"href":"https:\/\/industriemaroc.com\/en\/wp-json\/wp\/v2\/product\/17227","targetHints":{"allow":["GET"]}}],"collection":[{"href":"https:\/\/industriemaroc.com\/en\/wp-json\/wp\/v2\/product"}],"about":[{"href":"https:\/\/industriemaroc.com\/en\/wp-json\/wp\/v2\/types\/product"}],"replies":[{"embeddable":true,"href":"https:\/\/industriemaroc.com\/en\/wp-json\/wp\/v2\/comments?post=17227"}],"version-history":[{"count":1,"href":"https:\/\/industriemaroc.com\/en\/wp-json\/wp\/v2\/product\/17227\/revisions"}],"predecessor-version":[{"id":17228,"href":"https:\/\/industriemaroc.com\/en\/wp-json\/wp\/v2\/product\/17227\/revisions\/17228"}],"wp:featuredmedia":[{"embeddable":true,"href":"https:\/\/industriemaroc.com\/en\/wp-json\/wp\/v2\/media\/18196"}],"wp:attachment":[{"href":"https:\/\/industriemaroc.com\/en\/wp-json\/wp\/v2\/media?parent=17227"}],"wp:term":[{"taxonomy":"product_brand","embeddable":true,"href":"https:\/\/industriemaroc.com\/en\/wp-json\/wp\/v2\/product_brand?post=17227"},{"taxonomy":"product_cat","embeddable":true,"href":"https:\/\/industriemaroc.com\/en\/wp-json\/wp\/v2\/product_cat?post=17227"},{"taxonomy":"product_tag","embeddable":true,"href":"https:\/\/industriemaroc.com\/en\/wp-json\/wp\/v2\/product_tag?post=17227"}],"curies":[{"name":"wp","href":"https:\/\/api.w.org\/{rel}","templated":true}]}}