{"id":17269,"date":"2023-08-10T18:10:02","date_gmt":"2023-08-10T16:10:02","guid":{"rendered":"https:\/\/industriemaroc.com\/?post_type=product&#038;p=17269"},"modified":"2024-09-12T21:29:41","modified_gmt":"2024-09-12T19:29:41","slug":"masque-soudeur","status":"publish","type":"product","link":"https:\/\/industriemaroc.com\/en\/product\/masque-soudeur\/","title":{"rendered":"Masque Soudeur Noir Teinte 11"},"content":{"rendered":"<p>Masque soudeur \u00e0 filtre passif avec face relevable et serre t\u00eate r\u00e9glable pour une performance optimale.<\/p>\n<p>L\u00e9ger et confortable, il est \u00e9quip\u00e9 du verre teinte T11 pour une protection maximale.<\/p>\n<p>Cagoule : Polypropyl\u00e8ne<\/p>\n<p>Serre t\u00eate : Ajustable par cr\u00e9maill\u00e8re<\/p>\n<p>Teinte : Teinte 11<\/p>\n<p>Couleur : Noire<\/p>\n<p>Norme: EN 175<\/p>","protected":false},"excerpt":{"rendered":"<ul>\n<li>Masque soudeur \u00e0 filtre passif avec face relevable et serre t\u00eate r\u00e9glable pour une performance optimale.<\/li>\n<li>Teinte : Teinte 11<\/li>\n<li>Couleur : Noire<\/li>\n<\/ul>","protected":false},"featured_media":18180,"comment_status":"open","ping_status":"closed","template":"","meta":{"om_disable_all_campaigns":false,"_monsterinsights_skip_tracking":false,"_monsterinsights_sitenote_active":false,"_monsterinsights_sitenote_note":"","_monsterinsights_sitenote_category":0,"_uf_show_specific_survey":0,"_uf_disable_surveys":false,"_joinchat":[]},"product_brand":[],"product_cat":[678,688,670,744],"product_tag":[],"class_list":{"0":"post-17269","1":"product","2":"type-product","3":"status-publish","4":"has-post-thumbnail","6":"product_cat-equipements-de-protection-individuelle-epi","7":"product_cat-protection-yeux-epi-maroc","8":"product_cat-securite-sante","9":"product_cat-soudure","11":"first","12":"instock","13":"taxable","14":"shipping-taxable","15":"product-type-simple"},"yoast_head":"<!-- This site is optimized with the Yoast SEO plugin v27.4 - https:\/\/yoast.com\/product\/yoast-seo-wordpress\/ -->\n<title>Masque Soudeur Noir Teinte 11 - Industrie Maroc Online<\/title>\n<meta name=\"description\" content=\"Masque soudeur \u00e0 filtre passif avec face relevable et serre t\u00eate r\u00e9glable pour une performance optimale.  Teinte : Teinte 11  Couleur : Noire\" \/>\n<meta name=\"robots\" content=\"index, follow, max-snippet:-1, max-image-preview:large, max-video-preview:-1\" \/>\n<link rel=\"canonical\" href=\"https:\/\/industriemaroc.com\/en\/product\/masque-soudeur\/\" \/>\n<meta property=\"og:locale\" content=\"en_US\" \/>\n<meta property=\"og:type\" content=\"article\" \/>\n<meta property=\"og:title\" content=\"Masque Soudeur Noir Teinte 11 - Industrie Maroc Online\" \/>\n<meta property=\"og:description\" content=\"Masque soudeur \u00e0 filtre passif avec face relevable et serre t\u00eate r\u00e9glable pour une performance optimale.  Teinte : Teinte 11  Couleur : Noire\" \/>\n<meta property=\"og:url\" content=\"https:\/\/industriemaroc.com\/en\/product\/masque-soudeur\/\" \/>\n<meta property=\"og:site_name\" content=\"Industrie Maroc Online\" \/>\n<meta property=\"article:modified_time\" content=\"2024-09-12T19:29:41+00:00\" \/>\n<meta property=\"og:image\" content=\"https:\/\/industriemaroc.com\/wp-content\/uploads\/2023\/08\/n1-5.jpg\" \/>\n\t<meta property=\"og:image:width\" content=\"700\" \/>\n\t<meta property=\"og:image:height\" content=\"700\" \/>\n\t<meta property=\"og:image:type\" content=\"image\/jpeg\" \/>\n<meta name=\"twitter:card\" content=\"summary_large_image\" \/>\n<script type=\"application\/ld+json\" class=\"yoast-schema-graph\">{\"@context\":\"https:\\\/\\\/schema.org\",\"@graph\":[{\"@type\":\"WebPage\",\"@id\":\"https:\\\/\\\/industriemaroc.com\\\/produit\\\/masque-soudeur\\\/\",\"url\":\"https:\\\/\\\/industriemaroc.com\\\/produit\\\/masque-soudeur\\\/\",\"name\":\"Masque Soudeur Noir Teinte 11 - Industrie Maroc Online\",\"isPartOf\":{\"@id\":\"https:\\\/\\\/industriemaroc.com\\\/#website\"},\"primaryImageOfPage\":{\"@id\":\"https:\\\/\\\/industriemaroc.com\\\/produit\\\/masque-soudeur\\\/#primaryimage\"},\"image\":{\"@id\":\"https:\\\/\\\/industriemaroc.com\\\/produit\\\/masque-soudeur\\\/#primaryimage\"},\"thumbnailUrl\":\"https:\\\/\\\/industriemaroc.com\\\/wp-content\\\/uploads\\\/2023\\\/08\\\/n1-5.jpg\",\"datePublished\":\"2023-08-10T16:10:02+00:00\",\"dateModified\":\"2024-09-12T19:29:41+00:00\",\"description\":\"Masque soudeur \u00e0 filtre passif avec face relevable et serre t\u00eate r\u00e9glable pour une performance optimale. Teinte : Teinte 11 Couleur : Noire\",\"breadcrumb\":{\"@id\":\"https:\\\/\\\/industriemaroc.com\\\/produit\\\/masque-soudeur\\\/#breadcrumb\"},\"inLanguage\":\"en-US\",\"potentialAction\":[{\"@type\":\"ReadAction\",\"target\":[\"https:\\\/\\\/industriemaroc.com\\\/produit\\\/masque-soudeur\\\/\"]}]},{\"@type\":\"ImageObject\",\"inLanguage\":\"en-US\",\"@id\":\"https:\\\/\\\/industriemaroc.com\\\/produit\\\/masque-soudeur\\\/#primaryimage\",\"url\":\"https:\\\/\\\/industriemaroc.com\\\/wp-content\\\/uploads\\\/2023\\\/08\\\/n1-5.jpg\",\"contentUrl\":\"https:\\\/\\\/industriemaroc.com\\\/wp-content\\\/uploads\\\/2023\\\/08\\\/n1-5.jpg\",\"width\":700,\"height\":700},{\"@type\":\"BreadcrumbList\",\"@id\":\"https:\\\/\\\/industriemaroc.com\\\/produit\\\/masque-soudeur\\\/#breadcrumb\",\"itemListElement\":[{\"@type\":\"ListItem\",\"position\":1,\"name\":\"Home\",\"item\":\"https:\\\/\\\/industriemaroc.com\\\/\"},{\"@type\":\"ListItem\",\"position\":2,\"name\":\"Shop\",\"item\":\"https:\\\/\\\/industriemaroc.com\\\/shop\\\/\"},{\"@type\":\"ListItem\",\"position\":3,\"name\":\"Masque Soudeur Noir Teinte 11\"}]},{\"@type\":\"WebSite\",\"@id\":\"https:\\\/\\\/industriemaroc.com\\\/#website\",\"url\":\"https:\\\/\\\/industriemaroc.com\\\/\",\"name\":\"Industrie Maroc Online\",\"description\":\"Plateforme B2B de mat\u00e9riel professionnel au Maroc\",\"publisher\":{\"@id\":\"https:\\\/\\\/industriemaroc.com\\\/#organization\"},\"potentialAction\":[{\"@type\":\"SearchAction\",\"target\":{\"@type\":\"EntryPoint\",\"urlTemplate\":\"https:\\\/\\\/industriemaroc.com\\\/?s={search_term_string}\"},\"query-input\":{\"@type\":\"PropertyValueSpecification\",\"valueRequired\":true,\"valueName\":\"search_term_string\"}}],\"inLanguage\":\"en-US\"},{\"@type\":\"Organization\",\"@id\":\"https:\\\/\\\/industriemaroc.com\\\/#organization\",\"name\":\"industriemaroc.com\",\"url\":\"https:\\\/\\\/industriemaroc.com\\\/\",\"logo\":{\"@type\":\"ImageObject\",\"inLanguage\":\"en-US\",\"@id\":\"https:\\\/\\\/industriemaroc.com\\\/#\\\/schema\\\/logo\\\/image\\\/\",\"url\":\"https:\\\/\\\/industriemaroc.com\\\/wp-content\\\/uploads\\\/2024\\\/04\\\/IM.jpg\",\"contentUrl\":\"https:\\\/\\\/industriemaroc.com\\\/wp-content\\\/uploads\\\/2024\\\/04\\\/IM.jpg\",\"width\":2500,\"height\":2500,\"caption\":\"industriemaroc.com\"},\"image\":{\"@id\":\"https:\\\/\\\/industriemaroc.com\\\/#\\\/schema\\\/logo\\\/image\\\/\"}}]}<\/script>\n<!-- \/ Yoast SEO plugin. -->","yoast_head_json":{"title":"Masque Soudeur Noir Teinte 11 - Industrie Maroc Online","description":"Masque soudeur \u00e0 filtre passif avec face relevable et serre t\u00eate r\u00e9glable pour une performance optimale.  Teinte : Teinte 11  Couleur : Noire","robots":{"index":"index","follow":"follow","max-snippet":"max-snippet:-1","max-image-preview":"max-image-preview:large","max-video-preview":"max-video-preview:-1"},"canonical":"https:\/\/industriemaroc.com\/en\/product\/masque-soudeur\/","og_locale":"en_US","og_type":"article","og_title":"Masque Soudeur Noir Teinte 11 - Industrie Maroc Online","og_description":"Masque soudeur \u00e0 filtre passif avec face relevable et serre t\u00eate r\u00e9glable pour une performance optimale.  Teinte : Teinte 11  Couleur : Noire","og_url":"https:\/\/industriemaroc.com\/en\/product\/masque-soudeur\/","og_site_name":"Industrie Maroc Online","article_modified_time":"2024-09-12T19:29:41+00:00","og_image":[{"width":700,"height":700,"url":"https:\/\/industriemaroc.com\/wp-content\/uploads\/2023\/08\/n1-5.jpg","type":"image\/jpeg"}],"twitter_card":"summary_large_image","schema":{"@context":"https:\/\/schema.org","@graph":[{"@type":"WebPage","@id":"https:\/\/industriemaroc.com\/produit\/masque-soudeur\/","url":"https:\/\/industriemaroc.com\/produit\/masque-soudeur\/","name":"Masque Soudeur Noir Teinte 11 - Industrie Maroc Online","isPartOf":{"@id":"https:\/\/industriemaroc.com\/#website"},"primaryImageOfPage":{"@id":"https:\/\/industriemaroc.com\/produit\/masque-soudeur\/#primaryimage"},"image":{"@id":"https:\/\/industriemaroc.com\/produit\/masque-soudeur\/#primaryimage"},"thumbnailUrl":"https:\/\/industriemaroc.com\/wp-content\/uploads\/2023\/08\/n1-5.jpg","datePublished":"2023-08-10T16:10:02+00:00","dateModified":"2024-09-12T19:29:41+00:00","description":"Masque soudeur \u00e0 filtre passif avec face relevable et serre t\u00eate r\u00e9glable pour une performance optimale. Teinte : Teinte 11 Couleur : Noire","breadcrumb":{"@id":"https:\/\/industriemaroc.com\/produit\/masque-soudeur\/#breadcrumb"},"inLanguage":"en-US","potentialAction":[{"@type":"ReadAction","target":["https:\/\/industriemaroc.com\/produit\/masque-soudeur\/"]}]},{"@type":"ImageObject","inLanguage":"en-US","@id":"https:\/\/industriemaroc.com\/produit\/masque-soudeur\/#primaryimage","url":"https:\/\/industriemaroc.com\/wp-content\/uploads\/2023\/08\/n1-5.jpg","contentUrl":"https:\/\/industriemaroc.com\/wp-content\/uploads\/2023\/08\/n1-5.jpg","width":700,"height":700},{"@type":"BreadcrumbList","@id":"https:\/\/industriemaroc.com\/produit\/masque-soudeur\/#breadcrumb","itemListElement":[{"@type":"ListItem","position":1,"name":"Home","item":"https:\/\/industriemaroc.com\/"},{"@type":"ListItem","position":2,"name":"Shop","item":"https:\/\/industriemaroc.com\/shop\/"},{"@type":"ListItem","position":3,"name":"Masque Soudeur Noir Teinte 11"}]},{"@type":"WebSite","@id":"https:\/\/industriemaroc.com\/#website","url":"https:\/\/industriemaroc.com\/","name":"Industrie Maroc Online","description":"Plateforme B2B de mat\u00e9riel professionnel au Maroc","publisher":{"@id":"https:\/\/industriemaroc.com\/#organization"},"potentialAction":[{"@type":"SearchAction","target":{"@type":"EntryPoint","urlTemplate":"https:\/\/industriemaroc.com\/?s={search_term_string}"},"query-input":{"@type":"PropertyValueSpecification","valueRequired":true,"valueName":"search_term_string"}}],"inLanguage":"en-US"},{"@type":"Organization","@id":"https:\/\/industriemaroc.com\/#organization","name":"industriemaroc.com","url":"https:\/\/industriemaroc.com\/","logo":{"@type":"ImageObject","inLanguage":"en-US","@id":"https:\/\/industriemaroc.com\/#\/schema\/logo\/image\/","url":"https:\/\/industriemaroc.com\/wp-content\/uploads\/2024\/04\/IM.jpg","contentUrl":"https:\/\/industriemaroc.com\/wp-content\/uploads\/2024\/04\/IM.jpg","width":2500,"height":2500,"caption":"industriemaroc.com"},"image":{"@id":"https:\/\/industriemaroc.com\/#\/schema\/logo\/image\/"}}]}},"_links":{"self":[{"href":"https:\/\/industriemaroc.com\/en\/wp-json\/wp\/v2\/product\/17269","targetHints":{"allow":["GET"]}}],"collection":[{"href":"https:\/\/industriemaroc.com\/en\/wp-json\/wp\/v2\/product"}],"about":[{"href":"https:\/\/industriemaroc.com\/en\/wp-json\/wp\/v2\/types\/product"}],"replies":[{"embeddable":true,"href":"https:\/\/industriemaroc.com\/en\/wp-json\/wp\/v2\/comments?post=17269"}],"version-history":[{"count":3,"href":"https:\/\/industriemaroc.com\/en\/wp-json\/wp\/v2\/product\/17269\/revisions"}],"predecessor-version":[{"id":22856,"href":"https:\/\/industriemaroc.com\/en\/wp-json\/wp\/v2\/product\/17269\/revisions\/22856"}],"wp:featuredmedia":[{"embeddable":true,"href":"https:\/\/industriemaroc.com\/en\/wp-json\/wp\/v2\/media\/18180"}],"wp:attachment":[{"href":"https:\/\/industriemaroc.com\/en\/wp-json\/wp\/v2\/media?parent=17269"}],"wp:term":[{"taxonomy":"product_brand","embeddable":true,"href":"https:\/\/industriemaroc.com\/en\/wp-json\/wp\/v2\/product_brand?post=17269"},{"taxonomy":"product_cat","embeddable":true,"href":"https:\/\/industriemaroc.com\/en\/wp-json\/wp\/v2\/product_cat?post=17269"},{"taxonomy":"product_tag","embeddable":true,"href":"https:\/\/industriemaroc.com\/en\/wp-json\/wp\/v2\/product_tag?post=17269"}],"curies":[{"name":"wp","href":"https:\/\/api.w.org\/{rel}","templated":true}]}}