{"id":17361,"date":"2023-08-11T13:17:20","date_gmt":"2023-08-11T11:17:20","guid":{"rendered":"https:\/\/industriemaroc.com\/?post_type=product&#038;p=17361"},"modified":"2024-09-02T16:28:15","modified_gmt":"2024-09-02T14:28:15","slug":"gant-de-precision-2","status":"publish","type":"product","link":"https:\/\/industriemaroc.com\/en\/product\/gant-de-precision-2\/","title":{"rendered":"Gant de Manipulation &#8211; Rouge et Noir"},"content":{"rendered":"<ul>\n<li>Favorise une dur\u00e9e de vie plus longue et \u00e9vite la cr\u00e9ation de mauvaises odeurs.<\/li>\n<li>Consistante et durable.<\/li>\n<li>Repousse les liquides et offre une prise en main des objets d\u2019une fermet\u00e9 exceptionnelle.<\/li>\n<\/ul>\n<p>&nbsp;<\/p>","protected":false},"excerpt":{"rendered":"<ul>\n<li>Favorise une dur\u00e9e de vie plus longue.<\/li>\n<li>Evite la cr\u00e9ation de mauvaises odeurs.<\/li>\n<li>Offre une prise en main des objets d\u2019une fermet\u00e9 exceptionnelle.<\/li>\n<\/ul>","protected":false},"featured_media":17349,"comment_status":"open","ping_status":"closed","template":"","meta":{"om_disable_all_campaigns":false,"_monsterinsights_skip_tracking":false,"_monsterinsights_sitenote_active":false,"_monsterinsights_sitenote_note":"","_monsterinsights_sitenote_category":0,"_uf_show_specific_survey":0,"_uf_disable_surveys":false,"_joinchat":[]},"product_brand":[],"product_cat":[678,1071,685,670],"product_tag":[],"class_list":{"0":"post-17361","1":"product","2":"type-product","3":"status-publish","4":"has-post-thumbnail","6":"product_cat-equipements-de-protection-individuelle-epi","7":"product_cat-gant-manipulation","8":"product_cat-gant-protection-epi-maroc","9":"product_cat-securite-sante","11":"first","12":"instock","13":"taxable","14":"shipping-taxable","15":"product-type-simple"},"yoast_head":"<!-- This site is optimized with the Yoast SEO plugin v27.4 - https:\/\/yoast.com\/product\/yoast-seo-wordpress\/ -->\n<title>Gant de Manipulation - Rouge et Noir - Industrie Maroc Online<\/title>\n<meta name=\"description\" content=\"Favorise une dur\u00e9e de vie plus longue.  Evite la cr\u00e9ation de mauvaises odeurs.  Offre une prise en main des objets d\u2019une fermet\u00e9 exceptionnelle.\" \/>\n<meta name=\"robots\" content=\"index, follow, max-snippet:-1, max-image-preview:large, max-video-preview:-1\" \/>\n<link rel=\"canonical\" href=\"https:\/\/industriemaroc.com\/en\/product\/gant-de-precision-2\/\" \/>\n<meta property=\"og:locale\" content=\"en_US\" \/>\n<meta property=\"og:type\" content=\"article\" \/>\n<meta property=\"og:title\" content=\"Gant de Manipulation - Rouge et Noir - Industrie Maroc Online\" \/>\n<meta property=\"og:description\" content=\"Favorise une dur\u00e9e de vie plus longue.  Evite la cr\u00e9ation de mauvaises odeurs.  Offre une prise en main des objets d\u2019une fermet\u00e9 exceptionnelle.\" \/>\n<meta property=\"og:url\" content=\"https:\/\/industriemaroc.com\/en\/product\/gant-de-precision-2\/\" \/>\n<meta property=\"og:site_name\" content=\"Industrie Maroc Online\" \/>\n<meta property=\"article:modified_time\" content=\"2024-09-02T14:28:15+00:00\" \/>\n<meta property=\"og:image\" content=\"https:\/\/industriemaroc.com\/wp-content\/uploads\/2023\/08\/6-1.jpeg\" \/>\n\t<meta property=\"og:image:width\" content=\"474\" \/>\n\t<meta property=\"og:image:height\" content=\"474\" \/>\n\t<meta property=\"og:image:type\" content=\"image\/jpeg\" \/>\n<meta name=\"twitter:card\" content=\"summary_large_image\" \/>\n<script type=\"application\/ld+json\" class=\"yoast-schema-graph\">{\"@context\":\"https:\\\/\\\/schema.org\",\"@graph\":[{\"@type\":\"WebPage\",\"@id\":\"https:\\\/\\\/industriemaroc.com\\\/produit\\\/gant-de-precision-2\\\/\",\"url\":\"https:\\\/\\\/industriemaroc.com\\\/produit\\\/gant-de-precision-2\\\/\",\"name\":\"Gant de Manipulation - Rouge et Noir - Industrie Maroc Online\",\"isPartOf\":{\"@id\":\"https:\\\/\\\/industriemaroc.com\\\/#website\"},\"primaryImageOfPage\":{\"@id\":\"https:\\\/\\\/industriemaroc.com\\\/produit\\\/gant-de-precision-2\\\/#primaryimage\"},\"image\":{\"@id\":\"https:\\\/\\\/industriemaroc.com\\\/produit\\\/gant-de-precision-2\\\/#primaryimage\"},\"thumbnailUrl\":\"https:\\\/\\\/industriemaroc.com\\\/wp-content\\\/uploads\\\/2023\\\/08\\\/6-1.jpeg\",\"datePublished\":\"2023-08-11T11:17:20+00:00\",\"dateModified\":\"2024-09-02T14:28:15+00:00\",\"description\":\"Favorise une dur\u00e9e de vie plus longue. Evite la cr\u00e9ation de mauvaises odeurs. Offre une prise en main des objets d\u2019une fermet\u00e9 exceptionnelle.\",\"breadcrumb\":{\"@id\":\"https:\\\/\\\/industriemaroc.com\\\/produit\\\/gant-de-precision-2\\\/#breadcrumb\"},\"inLanguage\":\"en-US\",\"potentialAction\":[{\"@type\":\"ReadAction\",\"target\":[\"https:\\\/\\\/industriemaroc.com\\\/produit\\\/gant-de-precision-2\\\/\"]}]},{\"@type\":\"ImageObject\",\"inLanguage\":\"en-US\",\"@id\":\"https:\\\/\\\/industriemaroc.com\\\/produit\\\/gant-de-precision-2\\\/#primaryimage\",\"url\":\"https:\\\/\\\/industriemaroc.com\\\/wp-content\\\/uploads\\\/2023\\\/08\\\/6-1.jpeg\",\"contentUrl\":\"https:\\\/\\\/industriemaroc.com\\\/wp-content\\\/uploads\\\/2023\\\/08\\\/6-1.jpeg\",\"width\":474,\"height\":474},{\"@type\":\"BreadcrumbList\",\"@id\":\"https:\\\/\\\/industriemaroc.com\\\/produit\\\/gant-de-precision-2\\\/#breadcrumb\",\"itemListElement\":[{\"@type\":\"ListItem\",\"position\":1,\"name\":\"Home\",\"item\":\"https:\\\/\\\/industriemaroc.com\\\/\"},{\"@type\":\"ListItem\",\"position\":2,\"name\":\"Shop\",\"item\":\"https:\\\/\\\/industriemaroc.com\\\/shop\\\/\"},{\"@type\":\"ListItem\",\"position\":3,\"name\":\"Gant de Manipulation &#8211; Rouge et Noir\"}]},{\"@type\":\"WebSite\",\"@id\":\"https:\\\/\\\/industriemaroc.com\\\/#website\",\"url\":\"https:\\\/\\\/industriemaroc.com\\\/\",\"name\":\"Industrie Maroc Online\",\"description\":\"Plateforme B2B de mat\u00e9riel professionnel au Maroc\",\"publisher\":{\"@id\":\"https:\\\/\\\/industriemaroc.com\\\/#organization\"},\"potentialAction\":[{\"@type\":\"SearchAction\",\"target\":{\"@type\":\"EntryPoint\",\"urlTemplate\":\"https:\\\/\\\/industriemaroc.com\\\/?s={search_term_string}\"},\"query-input\":{\"@type\":\"PropertyValueSpecification\",\"valueRequired\":true,\"valueName\":\"search_term_string\"}}],\"inLanguage\":\"en-US\"},{\"@type\":\"Organization\",\"@id\":\"https:\\\/\\\/industriemaroc.com\\\/#organization\",\"name\":\"industriemaroc.com\",\"url\":\"https:\\\/\\\/industriemaroc.com\\\/\",\"logo\":{\"@type\":\"ImageObject\",\"inLanguage\":\"en-US\",\"@id\":\"https:\\\/\\\/industriemaroc.com\\\/#\\\/schema\\\/logo\\\/image\\\/\",\"url\":\"https:\\\/\\\/industriemaroc.com\\\/wp-content\\\/uploads\\\/2024\\\/04\\\/IM.jpg\",\"contentUrl\":\"https:\\\/\\\/industriemaroc.com\\\/wp-content\\\/uploads\\\/2024\\\/04\\\/IM.jpg\",\"width\":2500,\"height\":2500,\"caption\":\"industriemaroc.com\"},\"image\":{\"@id\":\"https:\\\/\\\/industriemaroc.com\\\/#\\\/schema\\\/logo\\\/image\\\/\"}}]}<\/script>\n<!-- \/ Yoast SEO plugin. -->","yoast_head_json":{"title":"Gant de Manipulation - Rouge et Noir - Industrie Maroc Online","description":"Favorise une dur\u00e9e de vie plus longue.  Evite la cr\u00e9ation de mauvaises odeurs.  Offre une prise en main des objets d\u2019une fermet\u00e9 exceptionnelle.","robots":{"index":"index","follow":"follow","max-snippet":"max-snippet:-1","max-image-preview":"max-image-preview:large","max-video-preview":"max-video-preview:-1"},"canonical":"https:\/\/industriemaroc.com\/en\/product\/gant-de-precision-2\/","og_locale":"en_US","og_type":"article","og_title":"Gant de Manipulation - Rouge et Noir - Industrie Maroc Online","og_description":"Favorise une dur\u00e9e de vie plus longue.  Evite la cr\u00e9ation de mauvaises odeurs.  Offre une prise en main des objets d\u2019une fermet\u00e9 exceptionnelle.","og_url":"https:\/\/industriemaroc.com\/en\/product\/gant-de-precision-2\/","og_site_name":"Industrie Maroc Online","article_modified_time":"2024-09-02T14:28:15+00:00","og_image":[{"width":474,"height":474,"url":"https:\/\/industriemaroc.com\/wp-content\/uploads\/2023\/08\/6-1.jpeg","type":"image\/jpeg"}],"twitter_card":"summary_large_image","schema":{"@context":"https:\/\/schema.org","@graph":[{"@type":"WebPage","@id":"https:\/\/industriemaroc.com\/produit\/gant-de-precision-2\/","url":"https:\/\/industriemaroc.com\/produit\/gant-de-precision-2\/","name":"Gant de Manipulation - Rouge et Noir - Industrie Maroc Online","isPartOf":{"@id":"https:\/\/industriemaroc.com\/#website"},"primaryImageOfPage":{"@id":"https:\/\/industriemaroc.com\/produit\/gant-de-precision-2\/#primaryimage"},"image":{"@id":"https:\/\/industriemaroc.com\/produit\/gant-de-precision-2\/#primaryimage"},"thumbnailUrl":"https:\/\/industriemaroc.com\/wp-content\/uploads\/2023\/08\/6-1.jpeg","datePublished":"2023-08-11T11:17:20+00:00","dateModified":"2024-09-02T14:28:15+00:00","description":"Favorise une dur\u00e9e de vie plus longue. Evite la cr\u00e9ation de mauvaises odeurs. Offre une prise en main des objets d\u2019une fermet\u00e9 exceptionnelle.","breadcrumb":{"@id":"https:\/\/industriemaroc.com\/produit\/gant-de-precision-2\/#breadcrumb"},"inLanguage":"en-US","potentialAction":[{"@type":"ReadAction","target":["https:\/\/industriemaroc.com\/produit\/gant-de-precision-2\/"]}]},{"@type":"ImageObject","inLanguage":"en-US","@id":"https:\/\/industriemaroc.com\/produit\/gant-de-precision-2\/#primaryimage","url":"https:\/\/industriemaroc.com\/wp-content\/uploads\/2023\/08\/6-1.jpeg","contentUrl":"https:\/\/industriemaroc.com\/wp-content\/uploads\/2023\/08\/6-1.jpeg","width":474,"height":474},{"@type":"BreadcrumbList","@id":"https:\/\/industriemaroc.com\/produit\/gant-de-precision-2\/#breadcrumb","itemListElement":[{"@type":"ListItem","position":1,"name":"Home","item":"https:\/\/industriemaroc.com\/"},{"@type":"ListItem","position":2,"name":"Shop","item":"https:\/\/industriemaroc.com\/shop\/"},{"@type":"ListItem","position":3,"name":"Gant de Manipulation &#8211; Rouge et Noir"}]},{"@type":"WebSite","@id":"https:\/\/industriemaroc.com\/#website","url":"https:\/\/industriemaroc.com\/","name":"Industrie Maroc Online","description":"Plateforme B2B de mat\u00e9riel professionnel au Maroc","publisher":{"@id":"https:\/\/industriemaroc.com\/#organization"},"potentialAction":[{"@type":"SearchAction","target":{"@type":"EntryPoint","urlTemplate":"https:\/\/industriemaroc.com\/?s={search_term_string}"},"query-input":{"@type":"PropertyValueSpecification","valueRequired":true,"valueName":"search_term_string"}}],"inLanguage":"en-US"},{"@type":"Organization","@id":"https:\/\/industriemaroc.com\/#organization","name":"industriemaroc.com","url":"https:\/\/industriemaroc.com\/","logo":{"@type":"ImageObject","inLanguage":"en-US","@id":"https:\/\/industriemaroc.com\/#\/schema\/logo\/image\/","url":"https:\/\/industriemaroc.com\/wp-content\/uploads\/2024\/04\/IM.jpg","contentUrl":"https:\/\/industriemaroc.com\/wp-content\/uploads\/2024\/04\/IM.jpg","width":2500,"height":2500,"caption":"industriemaroc.com"},"image":{"@id":"https:\/\/industriemaroc.com\/#\/schema\/logo\/image\/"}}]}},"_links":{"self":[{"href":"https:\/\/industriemaroc.com\/en\/wp-json\/wp\/v2\/product\/17361","targetHints":{"allow":["GET"]}}],"collection":[{"href":"https:\/\/industriemaroc.com\/en\/wp-json\/wp\/v2\/product"}],"about":[{"href":"https:\/\/industriemaroc.com\/en\/wp-json\/wp\/v2\/types\/product"}],"replies":[{"embeddable":true,"href":"https:\/\/industriemaroc.com\/en\/wp-json\/wp\/v2\/comments?post=17361"}],"version-history":[{"count":8,"href":"https:\/\/industriemaroc.com\/en\/wp-json\/wp\/v2\/product\/17361\/revisions"}],"predecessor-version":[{"id":22193,"href":"https:\/\/industriemaroc.com\/en\/wp-json\/wp\/v2\/product\/17361\/revisions\/22193"}],"wp:featuredmedia":[{"embeddable":true,"href":"https:\/\/industriemaroc.com\/en\/wp-json\/wp\/v2\/media\/17349"}],"wp:attachment":[{"href":"https:\/\/industriemaroc.com\/en\/wp-json\/wp\/v2\/media?parent=17361"}],"wp:term":[{"taxonomy":"product_brand","embeddable":true,"href":"https:\/\/industriemaroc.com\/en\/wp-json\/wp\/v2\/product_brand?post=17361"},{"taxonomy":"product_cat","embeddable":true,"href":"https:\/\/industriemaroc.com\/en\/wp-json\/wp\/v2\/product_cat?post=17361"},{"taxonomy":"product_tag","embeddable":true,"href":"https:\/\/industriemaroc.com\/en\/wp-json\/wp\/v2\/product_tag?post=17361"}],"curies":[{"name":"wp","href":"https:\/\/api.w.org\/{rel}","templated":true}]}}