{"id":17452,"date":"2023-08-17T15:17:57","date_gmt":"2023-08-17T13:17:57","guid":{"rendered":"https:\/\/industriemaroc.com\/?post_type=product&#038;p=17452"},"modified":"2024-06-14T17:34:55","modified_gmt":"2024-06-14T15:34:55","slug":"chaussure-esd-s3-src-3","status":"publish","type":"product","link":"https:\/\/industriemaroc.com\/en\/product\/chaussure-esd-s3-src-3\/","title":{"rendered":"Chaussure de s\u00e9curit\u00e9 ESD S3 SRC"},"content":{"rendered":"<div>\n<p>Chaussures de s\u00e9curit\u00e9 : Haute<\/p>\n<p>Tige: Cuir pleine fleur, r\u00e9sistant \u00e0 l&rsquo;eau<\/p>\n<p>Doubleur : Respirante, r\u00e9sistante \u00e0 l&rsquo;abrasion<\/p>\n<p>Embout : Aluminium 200 J<\/p>\n<p>Semelle de propret\u00e9: Polyur\u00e9thane multicouche souple, Amovible, anatomique, antistatique<\/p>\n<p>Semelle anti-perforation: Tissu perforation \u00ab\u00a0z\u00e9ro\u00a0\u00bb<\/p>\n<p>SEMELLE: PU 2D SRC<\/p>\n<p>Semelle de propret\u00e9(42) : 520 GR<\/p>\n<p>NORMES : EN 20345 S3 ESD SRC<\/p>\n<p>Pointures : P35 \u00e0 P48<\/p>\n<\/div>","protected":false},"excerpt":{"rendered":"<ul>\n<li>Tige: Cuir pleine fleur, r\u00e9sistant \u00e0 l&rsquo;eau<\/li>\n<li>Doubleur : Respirante, r\u00e9sistante \u00e0 l&rsquo;abrasion<\/li>\n<li>Embout : Aluminium 200 J<\/li>\n<li>Pointures : P35 \u00e0 P48u<\/li>\n<\/ul>","protected":false},"featured_media":17444,"comment_status":"open","ping_status":"closed","template":"","meta":{"om_disable_all_campaigns":false,"_monsterinsights_skip_tracking":false,"_monsterinsights_sitenote_active":false,"_monsterinsights_sitenote_note":"","_monsterinsights_sitenote_category":0,"_uf_show_specific_survey":0,"_uf_disable_surveys":false,"_joinchat":[]},"product_brand":[],"product_cat":[678,955,686,670],"product_tag":[],"class_list":{"0":"post-17452","1":"product","2":"type-product","3":"status-publish","4":"has-post-thumbnail","6":"product_cat-equipements-de-protection-individuelle-epi","7":"product_cat-gamme-s3-esd","8":"product_cat-chaussure-securite-maroc","9":"product_cat-securite-sante","11":"first","12":"instock","13":"taxable","14":"shipping-taxable","15":"product-type-simple"},"yoast_head":"<!-- This site is optimized with the Yoast SEO plugin v27.4 - https:\/\/yoast.com\/product\/yoast-seo-wordpress\/ -->\n<title>Chaussure de s\u00e9curit\u00e9 ESD S3 SRC - Industrie Maroc Online<\/title>\n<meta name=\"description\" content=\"Tige: Cuir pleine fleur, r\u00e9sistant \u00e0 l&#039;eau  Doubleur : Respirante, r\u00e9sistante \u00e0 l&#039;abrasion  Embout : Aluminium 200 J  Pointures : P35 \u00e0 P48u\" \/>\n<meta name=\"robots\" content=\"index, follow, max-snippet:-1, max-image-preview:large, max-video-preview:-1\" \/>\n<link rel=\"canonical\" href=\"https:\/\/industriemaroc.com\/en\/product\/chaussure-esd-s3-src-3\/\" \/>\n<meta property=\"og:locale\" content=\"en_US\" \/>\n<meta property=\"og:type\" content=\"article\" \/>\n<meta property=\"og:title\" content=\"Chaussure de s\u00e9curit\u00e9 ESD S3 SRC - Industrie Maroc Online\" \/>\n<meta property=\"og:description\" content=\"Tige: Cuir pleine fleur, r\u00e9sistant \u00e0 l&#039;eau  Doubleur : Respirante, r\u00e9sistante \u00e0 l&#039;abrasion  Embout : Aluminium 200 J  Pointures : P35 \u00e0 P48u\" \/>\n<meta property=\"og:url\" content=\"https:\/\/industriemaroc.com\/en\/product\/chaussure-esd-s3-src-3\/\" \/>\n<meta property=\"og:site_name\" content=\"Industrie Maroc Online\" \/>\n<meta property=\"article:modified_time\" content=\"2024-06-14T15:34:55+00:00\" \/>\n<meta property=\"og:image\" content=\"https:\/\/industriemaroc.com\/wp-content\/uploads\/2023\/08\/4-1.jpeg\" \/>\n\t<meta property=\"og:image:width\" content=\"474\" \/>\n\t<meta property=\"og:image:height\" content=\"474\" \/>\n\t<meta property=\"og:image:type\" content=\"image\/jpeg\" \/>\n<meta name=\"twitter:card\" content=\"summary_large_image\" \/>\n<script type=\"application\/ld+json\" class=\"yoast-schema-graph\">{\"@context\":\"https:\\\/\\\/schema.org\",\"@graph\":[{\"@type\":\"WebPage\",\"@id\":\"https:\\\/\\\/industriemaroc.com\\\/produit\\\/chaussure-esd-s3-src-3\\\/\",\"url\":\"https:\\\/\\\/industriemaroc.com\\\/produit\\\/chaussure-esd-s3-src-3\\\/\",\"name\":\"Chaussure de s\u00e9curit\u00e9 ESD S3 SRC - Industrie Maroc Online\",\"isPartOf\":{\"@id\":\"https:\\\/\\\/industriemaroc.com\\\/#website\"},\"primaryImageOfPage\":{\"@id\":\"https:\\\/\\\/industriemaroc.com\\\/produit\\\/chaussure-esd-s3-src-3\\\/#primaryimage\"},\"image\":{\"@id\":\"https:\\\/\\\/industriemaroc.com\\\/produit\\\/chaussure-esd-s3-src-3\\\/#primaryimage\"},\"thumbnailUrl\":\"https:\\\/\\\/industriemaroc.com\\\/wp-content\\\/uploads\\\/2023\\\/08\\\/4-1.jpeg\",\"datePublished\":\"2023-08-17T13:17:57+00:00\",\"dateModified\":\"2024-06-14T15:34:55+00:00\",\"description\":\"Tige: Cuir pleine fleur, r\u00e9sistant \u00e0 l'eau Doubleur : Respirante, r\u00e9sistante \u00e0 l'abrasion Embout : Aluminium 200 J Pointures : P35 \u00e0 P48u\",\"breadcrumb\":{\"@id\":\"https:\\\/\\\/industriemaroc.com\\\/produit\\\/chaussure-esd-s3-src-3\\\/#breadcrumb\"},\"inLanguage\":\"en-US\",\"potentialAction\":[{\"@type\":\"ReadAction\",\"target\":[\"https:\\\/\\\/industriemaroc.com\\\/produit\\\/chaussure-esd-s3-src-3\\\/\"]}]},{\"@type\":\"ImageObject\",\"inLanguage\":\"en-US\",\"@id\":\"https:\\\/\\\/industriemaroc.com\\\/produit\\\/chaussure-esd-s3-src-3\\\/#primaryimage\",\"url\":\"https:\\\/\\\/industriemaroc.com\\\/wp-content\\\/uploads\\\/2023\\\/08\\\/4-1.jpeg\",\"contentUrl\":\"https:\\\/\\\/industriemaroc.com\\\/wp-content\\\/uploads\\\/2023\\\/08\\\/4-1.jpeg\",\"width\":474,\"height\":474},{\"@type\":\"BreadcrumbList\",\"@id\":\"https:\\\/\\\/industriemaroc.com\\\/produit\\\/chaussure-esd-s3-src-3\\\/#breadcrumb\",\"itemListElement\":[{\"@type\":\"ListItem\",\"position\":1,\"name\":\"Home\",\"item\":\"https:\\\/\\\/industriemaroc.com\\\/\"},{\"@type\":\"ListItem\",\"position\":2,\"name\":\"Shop\",\"item\":\"https:\\\/\\\/industriemaroc.com\\\/shop\\\/\"},{\"@type\":\"ListItem\",\"position\":3,\"name\":\"Chaussure de s\u00e9curit\u00e9 ESD S3 SRC\"}]},{\"@type\":\"WebSite\",\"@id\":\"https:\\\/\\\/industriemaroc.com\\\/#website\",\"url\":\"https:\\\/\\\/industriemaroc.com\\\/\",\"name\":\"Industrie Maroc Online\",\"description\":\"Plateforme B2B de mat\u00e9riel professionnel au Maroc\",\"publisher\":{\"@id\":\"https:\\\/\\\/industriemaroc.com\\\/#organization\"},\"potentialAction\":[{\"@type\":\"SearchAction\",\"target\":{\"@type\":\"EntryPoint\",\"urlTemplate\":\"https:\\\/\\\/industriemaroc.com\\\/?s={search_term_string}\"},\"query-input\":{\"@type\":\"PropertyValueSpecification\",\"valueRequired\":true,\"valueName\":\"search_term_string\"}}],\"inLanguage\":\"en-US\"},{\"@type\":\"Organization\",\"@id\":\"https:\\\/\\\/industriemaroc.com\\\/#organization\",\"name\":\"industriemaroc.com\",\"url\":\"https:\\\/\\\/industriemaroc.com\\\/\",\"logo\":{\"@type\":\"ImageObject\",\"inLanguage\":\"en-US\",\"@id\":\"https:\\\/\\\/industriemaroc.com\\\/#\\\/schema\\\/logo\\\/image\\\/\",\"url\":\"https:\\\/\\\/industriemaroc.com\\\/wp-content\\\/uploads\\\/2024\\\/04\\\/IM.jpg\",\"contentUrl\":\"https:\\\/\\\/industriemaroc.com\\\/wp-content\\\/uploads\\\/2024\\\/04\\\/IM.jpg\",\"width\":2500,\"height\":2500,\"caption\":\"industriemaroc.com\"},\"image\":{\"@id\":\"https:\\\/\\\/industriemaroc.com\\\/#\\\/schema\\\/logo\\\/image\\\/\"}}]}<\/script>\n<!-- \/ Yoast SEO plugin. -->","yoast_head_json":{"title":"Chaussure de s\u00e9curit\u00e9 ESD S3 SRC - Industrie Maroc Online","description":"Tige: Cuir pleine fleur, r\u00e9sistant \u00e0 l'eau  Doubleur : Respirante, r\u00e9sistante \u00e0 l'abrasion  Embout : Aluminium 200 J  Pointures : P35 \u00e0 P48u","robots":{"index":"index","follow":"follow","max-snippet":"max-snippet:-1","max-image-preview":"max-image-preview:large","max-video-preview":"max-video-preview:-1"},"canonical":"https:\/\/industriemaroc.com\/en\/product\/chaussure-esd-s3-src-3\/","og_locale":"en_US","og_type":"article","og_title":"Chaussure de s\u00e9curit\u00e9 ESD S3 SRC - Industrie Maroc Online","og_description":"Tige: Cuir pleine fleur, r\u00e9sistant \u00e0 l'eau  Doubleur : Respirante, r\u00e9sistante \u00e0 l'abrasion  Embout : Aluminium 200 J  Pointures : P35 \u00e0 P48u","og_url":"https:\/\/industriemaroc.com\/en\/product\/chaussure-esd-s3-src-3\/","og_site_name":"Industrie Maroc Online","article_modified_time":"2024-06-14T15:34:55+00:00","og_image":[{"width":474,"height":474,"url":"https:\/\/industriemaroc.com\/wp-content\/uploads\/2023\/08\/4-1.jpeg","type":"image\/jpeg"}],"twitter_card":"summary_large_image","schema":{"@context":"https:\/\/schema.org","@graph":[{"@type":"WebPage","@id":"https:\/\/industriemaroc.com\/produit\/chaussure-esd-s3-src-3\/","url":"https:\/\/industriemaroc.com\/produit\/chaussure-esd-s3-src-3\/","name":"Chaussure de s\u00e9curit\u00e9 ESD S3 SRC - Industrie Maroc Online","isPartOf":{"@id":"https:\/\/industriemaroc.com\/#website"},"primaryImageOfPage":{"@id":"https:\/\/industriemaroc.com\/produit\/chaussure-esd-s3-src-3\/#primaryimage"},"image":{"@id":"https:\/\/industriemaroc.com\/produit\/chaussure-esd-s3-src-3\/#primaryimage"},"thumbnailUrl":"https:\/\/industriemaroc.com\/wp-content\/uploads\/2023\/08\/4-1.jpeg","datePublished":"2023-08-17T13:17:57+00:00","dateModified":"2024-06-14T15:34:55+00:00","description":"Tige: Cuir pleine fleur, r\u00e9sistant \u00e0 l'eau Doubleur : Respirante, r\u00e9sistante \u00e0 l'abrasion Embout : Aluminium 200 J Pointures : P35 \u00e0 P48u","breadcrumb":{"@id":"https:\/\/industriemaroc.com\/produit\/chaussure-esd-s3-src-3\/#breadcrumb"},"inLanguage":"en-US","potentialAction":[{"@type":"ReadAction","target":["https:\/\/industriemaroc.com\/produit\/chaussure-esd-s3-src-3\/"]}]},{"@type":"ImageObject","inLanguage":"en-US","@id":"https:\/\/industriemaroc.com\/produit\/chaussure-esd-s3-src-3\/#primaryimage","url":"https:\/\/industriemaroc.com\/wp-content\/uploads\/2023\/08\/4-1.jpeg","contentUrl":"https:\/\/industriemaroc.com\/wp-content\/uploads\/2023\/08\/4-1.jpeg","width":474,"height":474},{"@type":"BreadcrumbList","@id":"https:\/\/industriemaroc.com\/produit\/chaussure-esd-s3-src-3\/#breadcrumb","itemListElement":[{"@type":"ListItem","position":1,"name":"Home","item":"https:\/\/industriemaroc.com\/"},{"@type":"ListItem","position":2,"name":"Shop","item":"https:\/\/industriemaroc.com\/shop\/"},{"@type":"ListItem","position":3,"name":"Chaussure de s\u00e9curit\u00e9 ESD S3 SRC"}]},{"@type":"WebSite","@id":"https:\/\/industriemaroc.com\/#website","url":"https:\/\/industriemaroc.com\/","name":"Industrie Maroc Online","description":"Plateforme B2B de mat\u00e9riel professionnel au Maroc","publisher":{"@id":"https:\/\/industriemaroc.com\/#organization"},"potentialAction":[{"@type":"SearchAction","target":{"@type":"EntryPoint","urlTemplate":"https:\/\/industriemaroc.com\/?s={search_term_string}"},"query-input":{"@type":"PropertyValueSpecification","valueRequired":true,"valueName":"search_term_string"}}],"inLanguage":"en-US"},{"@type":"Organization","@id":"https:\/\/industriemaroc.com\/#organization","name":"industriemaroc.com","url":"https:\/\/industriemaroc.com\/","logo":{"@type":"ImageObject","inLanguage":"en-US","@id":"https:\/\/industriemaroc.com\/#\/schema\/logo\/image\/","url":"https:\/\/industriemaroc.com\/wp-content\/uploads\/2024\/04\/IM.jpg","contentUrl":"https:\/\/industriemaroc.com\/wp-content\/uploads\/2024\/04\/IM.jpg","width":2500,"height":2500,"caption":"industriemaroc.com"},"image":{"@id":"https:\/\/industriemaroc.com\/#\/schema\/logo\/image\/"}}]}},"_links":{"self":[{"href":"https:\/\/industriemaroc.com\/en\/wp-json\/wp\/v2\/product\/17452","targetHints":{"allow":["GET"]}}],"collection":[{"href":"https:\/\/industriemaroc.com\/en\/wp-json\/wp\/v2\/product"}],"about":[{"href":"https:\/\/industriemaroc.com\/en\/wp-json\/wp\/v2\/types\/product"}],"replies":[{"embeddable":true,"href":"https:\/\/industriemaroc.com\/en\/wp-json\/wp\/v2\/comments?post=17452"}],"version-history":[{"count":4,"href":"https:\/\/industriemaroc.com\/en\/wp-json\/wp\/v2\/product\/17452\/revisions"}],"predecessor-version":[{"id":21976,"href":"https:\/\/industriemaroc.com\/en\/wp-json\/wp\/v2\/product\/17452\/revisions\/21976"}],"wp:featuredmedia":[{"embeddable":true,"href":"https:\/\/industriemaroc.com\/en\/wp-json\/wp\/v2\/media\/17444"}],"wp:attachment":[{"href":"https:\/\/industriemaroc.com\/en\/wp-json\/wp\/v2\/media?parent=17452"}],"wp:term":[{"taxonomy":"product_brand","embeddable":true,"href":"https:\/\/industriemaroc.com\/en\/wp-json\/wp\/v2\/product_brand?post=17452"},{"taxonomy":"product_cat","embeddable":true,"href":"https:\/\/industriemaroc.com\/en\/wp-json\/wp\/v2\/product_cat?post=17452"},{"taxonomy":"product_tag","embeddable":true,"href":"https:\/\/industriemaroc.com\/en\/wp-json\/wp\/v2\/product_tag?post=17452"}],"curies":[{"name":"wp","href":"https:\/\/api.w.org\/{rel}","templated":true}]}}