{"id":17473,"date":"2023-08-17T15:47:28","date_gmt":"2023-08-17T13:47:28","guid":{"rendered":"https:\/\/industriemaroc.com\/?post_type=product&#038;p=17473"},"modified":"2024-06-14T17:20:33","modified_gmt":"2024-06-14T15:20:33","slug":"chaussure-s3-src-4","status":"publish","type":"product","link":"https:\/\/industriemaroc.com\/en\/product\/chaussure-s3-src-4\/","title":{"rendered":"Chaussure de s\u00e9curit\u00e9 S3 SRC"},"content":{"rendered":"<div>Chaussure avec tige cuir pleine fleur grain\u00e9 hydrofuge.<\/div>\n<div>Doublure avec tunnel d\u2019air respirante.<\/div>\n<div>Embout en acier.<\/div>\n<div>Semelle anti-perforation en acier.<\/div>\n<div>Semelle de propret\u00e9 respirante et antibact\u00e9rienne.<\/div>\n<div>Semelle d\u2019usure antid\u00e9rapante PU\/PU double densit\u00e9 anti-abrasion r\u00e9sistante \u00e0 l\u2019huile et antistatique.<\/div>\n<div>Liser\u00e9s r\u00e9fl\u00e9chissants.<\/div>","protected":false},"excerpt":{"rendered":"<ul>\n<li>Chaussure avec tige cuir pleine fleur grain\u00e9 hydrofuge.<\/li>\n<li>Doublure avec tunnel d\u2019air respirante.<\/li>\n<li>Embout en acier.<\/li>\n<li>Liser\u00e9s r\u00e9fl\u00e9chissants.<\/li>\n<\/ul>","protected":false},"featured_media":17464,"comment_status":"open","ping_status":"closed","template":"","meta":{"om_disable_all_campaigns":false,"_monsterinsights_skip_tracking":false,"_monsterinsights_sitenote_active":false,"_monsterinsights_sitenote_note":"","_monsterinsights_sitenote_category":0,"_uf_show_specific_survey":0,"_uf_disable_surveys":false,"_joinchat":[]},"product_brand":[],"product_cat":[678,952,686,670],"product_tag":[],"class_list":{"0":"post-17473","1":"product","2":"type-product","3":"status-publish","4":"has-post-thumbnail","6":"product_cat-equipements-de-protection-individuelle-epi","7":"product_cat-gamme-s3","8":"product_cat-chaussure-securite-maroc","9":"product_cat-securite-sante","11":"first","12":"instock","13":"taxable","14":"shipping-taxable","15":"product-type-simple"},"yoast_head":"<!-- This site is optimized with the Yoast SEO plugin v27.4 - https:\/\/yoast.com\/product\/yoast-seo-wordpress\/ -->\n<title>Chaussure de s\u00e9curit\u00e9 S3 SRC - Industrie Maroc Online<\/title>\n<meta name=\"description\" content=\"Chaussure avec tige cuir pleine fleur grain\u00e9 hydrofuge.  Doublure avec tunnel d\u2019air respirante.  Embout en acier.  Liser\u00e9s r\u00e9fl\u00e9chissants.\" \/>\n<meta name=\"robots\" content=\"index, follow, max-snippet:-1, max-image-preview:large, max-video-preview:-1\" \/>\n<link rel=\"canonical\" href=\"https:\/\/industriemaroc.com\/en\/product\/chaussure-s3-src-4\/\" \/>\n<meta property=\"og:locale\" content=\"en_US\" \/>\n<meta property=\"og:type\" content=\"article\" \/>\n<meta property=\"og:title\" content=\"Chaussure de s\u00e9curit\u00e9 S3 SRC - Industrie Maroc Online\" \/>\n<meta property=\"og:description\" content=\"Chaussure avec tige cuir pleine fleur grain\u00e9 hydrofuge.  Doublure avec tunnel d\u2019air respirante.  Embout en acier.  Liser\u00e9s r\u00e9fl\u00e9chissants.\" \/>\n<meta property=\"og:url\" content=\"https:\/\/industriemaroc.com\/en\/product\/chaussure-s3-src-4\/\" \/>\n<meta property=\"og:site_name\" content=\"Industrie Maroc Online\" \/>\n<meta property=\"article:modified_time\" content=\"2024-06-14T15:20:33+00:00\" \/>\n<meta property=\"og:image\" content=\"https:\/\/industriemaroc.com\/wp-content\/uploads\/2023\/08\/s3-4.jpg\" \/>\n\t<meta property=\"og:image:width\" content=\"800\" \/>\n\t<meta property=\"og:image:height\" content=\"800\" \/>\n\t<meta property=\"og:image:type\" content=\"image\/jpeg\" \/>\n<meta name=\"twitter:card\" content=\"summary_large_image\" \/>\n<script type=\"application\/ld+json\" class=\"yoast-schema-graph\">{\"@context\":\"https:\\\/\\\/schema.org\",\"@graph\":[{\"@type\":\"WebPage\",\"@id\":\"https:\\\/\\\/industriemaroc.com\\\/produit\\\/chaussure-s3-src-4\\\/\",\"url\":\"https:\\\/\\\/industriemaroc.com\\\/produit\\\/chaussure-s3-src-4\\\/\",\"name\":\"Chaussure de s\u00e9curit\u00e9 S3 SRC - Industrie Maroc Online\",\"isPartOf\":{\"@id\":\"https:\\\/\\\/industriemaroc.com\\\/#website\"},\"primaryImageOfPage\":{\"@id\":\"https:\\\/\\\/industriemaroc.com\\\/produit\\\/chaussure-s3-src-4\\\/#primaryimage\"},\"image\":{\"@id\":\"https:\\\/\\\/industriemaroc.com\\\/produit\\\/chaussure-s3-src-4\\\/#primaryimage\"},\"thumbnailUrl\":\"https:\\\/\\\/industriemaroc.com\\\/wp-content\\\/uploads\\\/2023\\\/08\\\/s3-4.jpg\",\"datePublished\":\"2023-08-17T13:47:28+00:00\",\"dateModified\":\"2024-06-14T15:20:33+00:00\",\"description\":\"Chaussure avec tige cuir pleine fleur grain\u00e9 hydrofuge. Doublure avec tunnel d\u2019air respirante. Embout en acier. Liser\u00e9s r\u00e9fl\u00e9chissants.\",\"breadcrumb\":{\"@id\":\"https:\\\/\\\/industriemaroc.com\\\/produit\\\/chaussure-s3-src-4\\\/#breadcrumb\"},\"inLanguage\":\"en-US\",\"potentialAction\":[{\"@type\":\"ReadAction\",\"target\":[\"https:\\\/\\\/industriemaroc.com\\\/produit\\\/chaussure-s3-src-4\\\/\"]}]},{\"@type\":\"ImageObject\",\"inLanguage\":\"en-US\",\"@id\":\"https:\\\/\\\/industriemaroc.com\\\/produit\\\/chaussure-s3-src-4\\\/#primaryimage\",\"url\":\"https:\\\/\\\/industriemaroc.com\\\/wp-content\\\/uploads\\\/2023\\\/08\\\/s3-4.jpg\",\"contentUrl\":\"https:\\\/\\\/industriemaroc.com\\\/wp-content\\\/uploads\\\/2023\\\/08\\\/s3-4.jpg\",\"width\":800,\"height\":800},{\"@type\":\"BreadcrumbList\",\"@id\":\"https:\\\/\\\/industriemaroc.com\\\/produit\\\/chaussure-s3-src-4\\\/#breadcrumb\",\"itemListElement\":[{\"@type\":\"ListItem\",\"position\":1,\"name\":\"Home\",\"item\":\"https:\\\/\\\/industriemaroc.com\\\/\"},{\"@type\":\"ListItem\",\"position\":2,\"name\":\"Shop\",\"item\":\"https:\\\/\\\/industriemaroc.com\\\/shop\\\/\"},{\"@type\":\"ListItem\",\"position\":3,\"name\":\"Chaussure de s\u00e9curit\u00e9 S3 SRC\"}]},{\"@type\":\"WebSite\",\"@id\":\"https:\\\/\\\/industriemaroc.com\\\/#website\",\"url\":\"https:\\\/\\\/industriemaroc.com\\\/\",\"name\":\"Industrie Maroc Online\",\"description\":\"Plateforme B2B de mat\u00e9riel professionnel au Maroc\",\"publisher\":{\"@id\":\"https:\\\/\\\/industriemaroc.com\\\/#organization\"},\"potentialAction\":[{\"@type\":\"SearchAction\",\"target\":{\"@type\":\"EntryPoint\",\"urlTemplate\":\"https:\\\/\\\/industriemaroc.com\\\/?s={search_term_string}\"},\"query-input\":{\"@type\":\"PropertyValueSpecification\",\"valueRequired\":true,\"valueName\":\"search_term_string\"}}],\"inLanguage\":\"en-US\"},{\"@type\":\"Organization\",\"@id\":\"https:\\\/\\\/industriemaroc.com\\\/#organization\",\"name\":\"industriemaroc.com\",\"url\":\"https:\\\/\\\/industriemaroc.com\\\/\",\"logo\":{\"@type\":\"ImageObject\",\"inLanguage\":\"en-US\",\"@id\":\"https:\\\/\\\/industriemaroc.com\\\/#\\\/schema\\\/logo\\\/image\\\/\",\"url\":\"https:\\\/\\\/industriemaroc.com\\\/wp-content\\\/uploads\\\/2024\\\/04\\\/IM.jpg\",\"contentUrl\":\"https:\\\/\\\/industriemaroc.com\\\/wp-content\\\/uploads\\\/2024\\\/04\\\/IM.jpg\",\"width\":2500,\"height\":2500,\"caption\":\"industriemaroc.com\"},\"image\":{\"@id\":\"https:\\\/\\\/industriemaroc.com\\\/#\\\/schema\\\/logo\\\/image\\\/\"}}]}<\/script>\n<!-- \/ Yoast SEO plugin. -->","yoast_head_json":{"title":"Chaussure de s\u00e9curit\u00e9 S3 SRC - Industrie Maroc Online","description":"Chaussure avec tige cuir pleine fleur grain\u00e9 hydrofuge.  Doublure avec tunnel d\u2019air respirante.  Embout en acier.  Liser\u00e9s r\u00e9fl\u00e9chissants.","robots":{"index":"index","follow":"follow","max-snippet":"max-snippet:-1","max-image-preview":"max-image-preview:large","max-video-preview":"max-video-preview:-1"},"canonical":"https:\/\/industriemaroc.com\/en\/product\/chaussure-s3-src-4\/","og_locale":"en_US","og_type":"article","og_title":"Chaussure de s\u00e9curit\u00e9 S3 SRC - Industrie Maroc Online","og_description":"Chaussure avec tige cuir pleine fleur grain\u00e9 hydrofuge.  Doublure avec tunnel d\u2019air respirante.  Embout en acier.  Liser\u00e9s r\u00e9fl\u00e9chissants.","og_url":"https:\/\/industriemaroc.com\/en\/product\/chaussure-s3-src-4\/","og_site_name":"Industrie Maroc Online","article_modified_time":"2024-06-14T15:20:33+00:00","og_image":[{"width":800,"height":800,"url":"https:\/\/industriemaroc.com\/wp-content\/uploads\/2023\/08\/s3-4.jpg","type":"image\/jpeg"}],"twitter_card":"summary_large_image","schema":{"@context":"https:\/\/schema.org","@graph":[{"@type":"WebPage","@id":"https:\/\/industriemaroc.com\/produit\/chaussure-s3-src-4\/","url":"https:\/\/industriemaroc.com\/produit\/chaussure-s3-src-4\/","name":"Chaussure de s\u00e9curit\u00e9 S3 SRC - Industrie Maroc Online","isPartOf":{"@id":"https:\/\/industriemaroc.com\/#website"},"primaryImageOfPage":{"@id":"https:\/\/industriemaroc.com\/produit\/chaussure-s3-src-4\/#primaryimage"},"image":{"@id":"https:\/\/industriemaroc.com\/produit\/chaussure-s3-src-4\/#primaryimage"},"thumbnailUrl":"https:\/\/industriemaroc.com\/wp-content\/uploads\/2023\/08\/s3-4.jpg","datePublished":"2023-08-17T13:47:28+00:00","dateModified":"2024-06-14T15:20:33+00:00","description":"Chaussure avec tige cuir pleine fleur grain\u00e9 hydrofuge. Doublure avec tunnel d\u2019air respirante. Embout en acier. Liser\u00e9s r\u00e9fl\u00e9chissants.","breadcrumb":{"@id":"https:\/\/industriemaroc.com\/produit\/chaussure-s3-src-4\/#breadcrumb"},"inLanguage":"en-US","potentialAction":[{"@type":"ReadAction","target":["https:\/\/industriemaroc.com\/produit\/chaussure-s3-src-4\/"]}]},{"@type":"ImageObject","inLanguage":"en-US","@id":"https:\/\/industriemaroc.com\/produit\/chaussure-s3-src-4\/#primaryimage","url":"https:\/\/industriemaroc.com\/wp-content\/uploads\/2023\/08\/s3-4.jpg","contentUrl":"https:\/\/industriemaroc.com\/wp-content\/uploads\/2023\/08\/s3-4.jpg","width":800,"height":800},{"@type":"BreadcrumbList","@id":"https:\/\/industriemaroc.com\/produit\/chaussure-s3-src-4\/#breadcrumb","itemListElement":[{"@type":"ListItem","position":1,"name":"Home","item":"https:\/\/industriemaroc.com\/"},{"@type":"ListItem","position":2,"name":"Shop","item":"https:\/\/industriemaroc.com\/shop\/"},{"@type":"ListItem","position":3,"name":"Chaussure de s\u00e9curit\u00e9 S3 SRC"}]},{"@type":"WebSite","@id":"https:\/\/industriemaroc.com\/#website","url":"https:\/\/industriemaroc.com\/","name":"Industrie Maroc Online","description":"Plateforme B2B de mat\u00e9riel professionnel au Maroc","publisher":{"@id":"https:\/\/industriemaroc.com\/#organization"},"potentialAction":[{"@type":"SearchAction","target":{"@type":"EntryPoint","urlTemplate":"https:\/\/industriemaroc.com\/?s={search_term_string}"},"query-input":{"@type":"PropertyValueSpecification","valueRequired":true,"valueName":"search_term_string"}}],"inLanguage":"en-US"},{"@type":"Organization","@id":"https:\/\/industriemaroc.com\/#organization","name":"industriemaroc.com","url":"https:\/\/industriemaroc.com\/","logo":{"@type":"ImageObject","inLanguage":"en-US","@id":"https:\/\/industriemaroc.com\/#\/schema\/logo\/image\/","url":"https:\/\/industriemaroc.com\/wp-content\/uploads\/2024\/04\/IM.jpg","contentUrl":"https:\/\/industriemaroc.com\/wp-content\/uploads\/2024\/04\/IM.jpg","width":2500,"height":2500,"caption":"industriemaroc.com"},"image":{"@id":"https:\/\/industriemaroc.com\/#\/schema\/logo\/image\/"}}]}},"_links":{"self":[{"href":"https:\/\/industriemaroc.com\/en\/wp-json\/wp\/v2\/product\/17473","targetHints":{"allow":["GET"]}}],"collection":[{"href":"https:\/\/industriemaroc.com\/en\/wp-json\/wp\/v2\/product"}],"about":[{"href":"https:\/\/industriemaroc.com\/en\/wp-json\/wp\/v2\/types\/product"}],"replies":[{"embeddable":true,"href":"https:\/\/industriemaroc.com\/en\/wp-json\/wp\/v2\/comments?post=17473"}],"version-history":[{"count":3,"href":"https:\/\/industriemaroc.com\/en\/wp-json\/wp\/v2\/product\/17473\/revisions"}],"predecessor-version":[{"id":21966,"href":"https:\/\/industriemaroc.com\/en\/wp-json\/wp\/v2\/product\/17473\/revisions\/21966"}],"wp:featuredmedia":[{"embeddable":true,"href":"https:\/\/industriemaroc.com\/en\/wp-json\/wp\/v2\/media\/17464"}],"wp:attachment":[{"href":"https:\/\/industriemaroc.com\/en\/wp-json\/wp\/v2\/media?parent=17473"}],"wp:term":[{"taxonomy":"product_brand","embeddable":true,"href":"https:\/\/industriemaroc.com\/en\/wp-json\/wp\/v2\/product_brand?post=17473"},{"taxonomy":"product_cat","embeddable":true,"href":"https:\/\/industriemaroc.com\/en\/wp-json\/wp\/v2\/product_cat?post=17473"},{"taxonomy":"product_tag","embeddable":true,"href":"https:\/\/industriemaroc.com\/en\/wp-json\/wp\/v2\/product_tag?post=17473"}],"curies":[{"name":"wp","href":"https:\/\/api.w.org\/{rel}","templated":true}]}}