{"id":17534,"date":"2023-08-18T14:56:27","date_gmt":"2023-08-18T12:56:27","guid":{"rendered":"https:\/\/industriemaroc.com\/?post_type=product&#038;p=17534"},"modified":"2025-10-14T19:53:36","modified_gmt":"2025-10-14T17:53:36","slug":"filet-de-chantier","status":"publish","type":"product","link":"https:\/\/industriemaroc.com\/en\/product\/filet-de-chantier\/","title":{"rendered":"Filet de Chantier Orange"},"content":{"rendered":"<h1 data-start=\"303\" data-end=\"404\"><strong data-start=\"305\" data-end=\"404\">Filet chantier orange Maroc \u2013 S\u00e9curit\u00e9 et signalisation professionnelle avec Industriemaroc.com<\/strong><\/h1>\n<h2 data-start=\"406\" data-end=\"433\"><strong data-start=\"409\" data-end=\"433\">Description g\u00e9n\u00e9rale<\/strong><\/h2>\n<p data-start=\"434\" data-end=\"742\">Le <strong data-start=\"437\" data-end=\"468\">filet chantier orange Maroc<\/strong> est un \u00e9quipement de s\u00e9curit\u00e9 essentiel pour d\u00e9limiter et prot\u00e9ger les zones de travaux, chantiers, fouilles ou \u00e9v\u00e9nements publics. Con\u00e7u pour assurer une visibilit\u00e9 maximale, ce filet de signalisation garantit la s\u00e9curit\u00e9 des ouvriers, des pi\u00e9tons et des automobilistes.<\/p>\n<p data-start=\"744\" data-end=\"991\">Fabriqu\u00e9 \u00e0 partir de <strong data-start=\"765\" data-end=\"802\">poly\u00e9thyl\u00e8ne haute densit\u00e9 (PEHD)<\/strong>, il est \u00e0 la fois <strong data-start=\"821\" data-end=\"875\">r\u00e9sistant aux intemp\u00e9ries, durable et r\u00e9utilisable<\/strong>. Gr\u00e2ce \u00e0 sa couleur orange vive, il assure une visibilit\u00e9 optimale m\u00eame dans des conditions de faible luminosit\u00e9.<\/p>\n<p data-start=\"993\" data-end=\"1183\">Sur <strong data-start=\"997\" data-end=\"1019\">Industriemaroc.com<\/strong>, nous proposons des filets de chantier adapt\u00e9s aux normes professionnelles marocaines, destin\u00e9s aux entreprises du BTP, collectivit\u00e9s, chantiers publics ou priv\u00e9s.<\/p>\n<h2 data-start=\"1185\" data-end=\"1250\"><strong data-start=\"1188\" data-end=\"1250\">Caract\u00e9ristiques techniques du filet chantier orange Maroc<\/strong><\/h2>\n<ul data-start=\"1251\" data-end=\"1591\">\n<li data-start=\"1251\" data-end=\"1292\">\n<p data-start=\"1253\" data-end=\"1292\"><strong data-start=\"1253\" data-end=\"1266\">Couleur :<\/strong> Orange haute visibilit\u00e9<\/p>\n<\/li>\n<li data-start=\"1390\" data-end=\"1447\">\n<p data-start=\"1392\" data-end=\"1447\"><strong data-start=\"1392\" data-end=\"1405\">Largeur :<\/strong> 1 m\u00e8tre<\/p>\n<\/li>\n<li data-start=\"1448\" data-end=\"1498\">\n<p data-start=\"1450\" data-end=\"1498\"><strong data-start=\"1450\" data-end=\"1475\">Longueur du rouleau :<\/strong> 100 m\u00e8tres<\/p>\n<\/li>\n<li data-start=\"1499\" data-end=\"1542\">\n<p data-start=\"1501\" data-end=\"1542\"><strong data-start=\"1501\" data-end=\"1512\">Weight :<\/strong> L\u00e9ger et facile \u00e0 manipuler<\/p>\n<\/li>\n<li data-start=\"1543\" data-end=\"1591\">\n<p data-start=\"1545\" data-end=\"1591\"><strong data-start=\"1545\" data-end=\"1561\">R\u00e9sistance :<\/strong> Intemp\u00e9ries, UV et traction<\/p>\n<\/li>\n<\/ul>\n<p data-start=\"1593\" data-end=\"1774\">Ce <strong data-start=\"1596\" data-end=\"1626\">filet de protection orange<\/strong> se fixe facilement sur des piquets ou barri\u00e8res m\u00e9talliques, garantissant une installation rapide et efficace sur tous types de chantiers au Maroc.<\/p>\n<h2 data-start=\"1776\" data-end=\"1839\"><strong data-start=\"1779\" data-end=\"1839\">Applications et avantages du filet chantier orange Maroc<\/strong><\/h2>\n<h3 data-start=\"1841\" data-end=\"1880\"><strong data-start=\"1845\" data-end=\"1880\">Domaines d\u2019utilisation au Maroc<\/strong><\/h3>\n<ul data-start=\"1881\" data-end=\"2107\">\n<li data-start=\"1881\" data-end=\"1927\">\n<p data-start=\"1883\" data-end=\"1927\">Chantiers de construction et de r\u00e9novation<\/p>\n<\/li>\n<li data-start=\"1928\" data-end=\"1966\">\n<p data-start=\"1930\" data-end=\"1966\">Travaux publics et infrastructures<\/p>\n<\/li>\n<li data-start=\"1967\" data-end=\"2010\">\n<p data-start=\"1969\" data-end=\"2010\">Zones de danger ou de passage restreint<\/p>\n<\/li>\n<li data-start=\"2011\" data-end=\"2065\">\n<p data-start=\"2013\" data-end=\"2065\">\u00c9v\u00e9nements ext\u00e9rieurs n\u00e9cessitant une d\u00e9limitation<\/p>\n<\/li>\n<li data-start=\"2066\" data-end=\"2107\">\n<p data-start=\"2068\" data-end=\"2107\">Espaces publics ou priv\u00e9s \u00e0 s\u00e9curiser<\/p>\n<\/li>\n<\/ul>\n<h3 data-start=\"2109\" data-end=\"2126\"><strong data-start=\"2113\" data-end=\"2126\">Avantages<\/strong><\/h3>\n<ul data-start=\"2127\" data-end=\"2364\">\n<li data-start=\"2127\" data-end=\"2178\">\n<p data-start=\"2129\" data-end=\"2178\">Haute visibilit\u00e9 pour la s\u00e9curit\u00e9 des chantiers<\/p>\n<\/li>\n<li data-start=\"2179\" data-end=\"2220\">\n<p data-start=\"2181\" data-end=\"2220\">R\u00e9sistant, r\u00e9utilisable et \u00e9conomique<\/p>\n<\/li>\n<li data-start=\"2221\" data-end=\"2254\">\n<p data-start=\"2223\" data-end=\"2254\">Installation simple et rapide<\/p>\n<\/li>\n<li data-start=\"2255\" data-end=\"2291\">\n<p data-start=\"2257\" data-end=\"2291\">L\u00e9ger \u00e0 transporter et \u00e0 stocker<\/p>\n<\/li>\n<li data-start=\"2292\" data-end=\"2364\">\n<p data-start=\"2294\" data-end=\"2364\">Disponible sur <strong data-start=\"2309\" data-end=\"2331\">Industriemaroc.com<\/strong> avec livraison rapide au Maroc<\/p>\n<\/li>\n<\/ul>\n<p data-start=\"2366\" data-end=\"2667\">Le <strong data-start=\"2369\" data-end=\"2400\">filet chantier orange Maroc<\/strong> est un choix incontournable pour garantir la s\u00e9curit\u00e9, la visibilit\u00e9 et l\u2019organisation des chantiers professionnels. Avec <strong data-start=\"2523\" data-end=\"2545\">Industriemaroc.com<\/strong>, vous b\u00e9n\u00e9ficiez d\u2019un produit fiable, conforme aux exigences du march\u00e9 marocain, et d\u2019un service rapide et professionnel.<\/p>\n<p data-start=\"2366\" data-end=\"2667\">D\u00e9couvrez notre gamme de s\u00e9curit\u00e9 et signalisation\u00a0<a href=\"https:\/\/industriemaroc.com\/en\/product-category\/securite-sante\/\">https:\/\/industriemaroc.com\/product-category\/securite-sante\/<\/a><\/p>","protected":false},"excerpt":{"rendered":"<p>Filet de protection pour chantier.<\/p>\n<p>Facilit\u00e9 de mise en place gr\u00e2ce \u00e0 sa l\u00e9g\u00e8ret\u00e9 et sa maniabilit\u00e9.<\/p>\n<p>Longueur : 100 m.<\/p>\n<p>Largeur : 1 m.<\/p>","protected":false},"featured_media":17529,"comment_status":"open","ping_status":"closed","template":"","meta":{"om_disable_all_campaigns":false,"_monsterinsights_skip_tracking":false,"_monsterinsights_sitenote_active":false,"_monsterinsights_sitenote_note":"","_monsterinsights_sitenote_category":0,"_uf_show_specific_survey":0,"_uf_disable_surveys":false,"_joinchat":[]},"product_brand":[],"product_cat":[678,724,670,679],"product_tag":[],"class_list":{"0":"post-17534","1":"product","2":"type-product","3":"status-publish","4":"has-post-thumbnail","6":"product_cat-equipements-de-protection-individuelle-epi","7":"product_cat-filet-de-chantier","8":"product_cat-securite-sante","9":"product_cat-signalisation-securite-maroc","11":"first","12":"instock","13":"taxable","14":"shipping-taxable","15":"purchasable","16":"product-type-simple"},"yoast_head":"<!-- This site is optimized with the Yoast SEO plugin v27.4 - https:\/\/yoast.com\/product\/yoast-seo-wordpress\/ -->\n<title>Filet chantier orange Maroc | Industriemaroc.com<\/title>\n<meta name=\"description\" content=\"Achetez le filet chantier orange Maroc sur Industriemaroc.com. Haute visibilit\u00e9 et r\u00e9sistance pour la s\u00e9curit\u00e9 de vos chantiers. Livraison rapide au Maroc.\" \/>\n<meta name=\"robots\" content=\"index, follow, max-snippet:-1, max-image-preview:large, max-video-preview:-1\" \/>\n<link rel=\"canonical\" href=\"https:\/\/industriemaroc.com\/en\/product\/filet-de-chantier\/\" \/>\n<meta property=\"og:locale\" content=\"en_US\" \/>\n<meta property=\"og:type\" content=\"article\" \/>\n<meta property=\"og:title\" content=\"Filet chantier orange Maroc | Industriemaroc.com\" \/>\n<meta property=\"og:description\" content=\"Achetez le filet chantier orange Maroc sur Industriemaroc.com. Haute visibilit\u00e9 et r\u00e9sistance pour la s\u00e9curit\u00e9 de vos chantiers. Livraison rapide au Maroc.\" \/>\n<meta property=\"og:url\" content=\"https:\/\/industriemaroc.com\/en\/product\/filet-de-chantier\/\" \/>\n<meta property=\"og:site_name\" content=\"Industrie Maroc Online\" \/>\n<meta property=\"article:modified_time\" content=\"2025-10-14T17:53:36+00:00\" \/>\n<meta property=\"og:image\" content=\"https:\/\/industriemaroc.com\/wp-content\/uploads\/2023\/08\/FILET-DE-CHANTIER.jpeg\" \/>\n\t<meta property=\"og:image:width\" content=\"474\" \/>\n\t<meta property=\"og:image:height\" content=\"474\" \/>\n\t<meta property=\"og:image:type\" content=\"image\/jpeg\" \/>\n<meta name=\"twitter:card\" content=\"summary_large_image\" \/>\n<meta name=\"twitter:label1\" content=\"Est. reading time\" \/>\n\t<meta name=\"twitter:data1\" content=\"2 minutes\" \/>\n<script type=\"application\/ld+json\" class=\"yoast-schema-graph\">{\"@context\":\"https:\\\/\\\/schema.org\",\"@graph\":[{\"@type\":\"WebPage\",\"@id\":\"https:\\\/\\\/industriemaroc.com\\\/produit\\\/filet-de-chantier\\\/\",\"url\":\"https:\\\/\\\/industriemaroc.com\\\/produit\\\/filet-de-chantier\\\/\",\"name\":\"Filet chantier orange Maroc | Industriemaroc.com\",\"isPartOf\":{\"@id\":\"https:\\\/\\\/industriemaroc.com\\\/#website\"},\"primaryImageOfPage\":{\"@id\":\"https:\\\/\\\/industriemaroc.com\\\/produit\\\/filet-de-chantier\\\/#primaryimage\"},\"image\":{\"@id\":\"https:\\\/\\\/industriemaroc.com\\\/produit\\\/filet-de-chantier\\\/#primaryimage\"},\"thumbnailUrl\":\"https:\\\/\\\/industriemaroc.com\\\/wp-content\\\/uploads\\\/2023\\\/08\\\/FILET-DE-CHANTIER.jpeg\",\"datePublished\":\"2023-08-18T12:56:27+00:00\",\"dateModified\":\"2025-10-14T17:53:36+00:00\",\"description\":\"Achetez le filet chantier orange Maroc sur Industriemaroc.com. Haute visibilit\u00e9 et r\u00e9sistance pour la s\u00e9curit\u00e9 de vos chantiers. Livraison rapide au Maroc.\",\"breadcrumb\":{\"@id\":\"https:\\\/\\\/industriemaroc.com\\\/produit\\\/filet-de-chantier\\\/#breadcrumb\"},\"inLanguage\":\"en-US\",\"potentialAction\":[{\"@type\":\"ReadAction\",\"target\":[\"https:\\\/\\\/industriemaroc.com\\\/produit\\\/filet-de-chantier\\\/\"]}]},{\"@type\":\"ImageObject\",\"inLanguage\":\"en-US\",\"@id\":\"https:\\\/\\\/industriemaroc.com\\\/produit\\\/filet-de-chantier\\\/#primaryimage\",\"url\":\"https:\\\/\\\/industriemaroc.com\\\/wp-content\\\/uploads\\\/2023\\\/08\\\/FILET-DE-CHANTIER.jpeg\",\"contentUrl\":\"https:\\\/\\\/industriemaroc.com\\\/wp-content\\\/uploads\\\/2023\\\/08\\\/FILET-DE-CHANTIER.jpeg\",\"width\":474,\"height\":474,\"caption\":\"Filet chantier orange, id\u00e9al pour la signalisation et la s\u00e9curit\u00e9 des zones de travaux au Maroc\"},{\"@type\":\"BreadcrumbList\",\"@id\":\"https:\\\/\\\/industriemaroc.com\\\/produit\\\/filet-de-chantier\\\/#breadcrumb\",\"itemListElement\":[{\"@type\":\"ListItem\",\"position\":1,\"name\":\"Home\",\"item\":\"https:\\\/\\\/industriemaroc.com\\\/\"},{\"@type\":\"ListItem\",\"position\":2,\"name\":\"Shop\",\"item\":\"https:\\\/\\\/industriemaroc.com\\\/shop\\\/\"},{\"@type\":\"ListItem\",\"position\":3,\"name\":\"Filet de Chantier Orange\"}]},{\"@type\":\"WebSite\",\"@id\":\"https:\\\/\\\/industriemaroc.com\\\/#website\",\"url\":\"https:\\\/\\\/industriemaroc.com\\\/\",\"name\":\"Industrie Maroc Online\",\"description\":\"Plateforme B2B de mat\u00e9riel professionnel au Maroc\",\"publisher\":{\"@id\":\"https:\\\/\\\/industriemaroc.com\\\/#organization\"},\"potentialAction\":[{\"@type\":\"SearchAction\",\"target\":{\"@type\":\"EntryPoint\",\"urlTemplate\":\"https:\\\/\\\/industriemaroc.com\\\/?s={search_term_string}\"},\"query-input\":{\"@type\":\"PropertyValueSpecification\",\"valueRequired\":true,\"valueName\":\"search_term_string\"}}],\"inLanguage\":\"en-US\"},{\"@type\":\"Organization\",\"@id\":\"https:\\\/\\\/industriemaroc.com\\\/#organization\",\"name\":\"industriemaroc.com\",\"url\":\"https:\\\/\\\/industriemaroc.com\\\/\",\"logo\":{\"@type\":\"ImageObject\",\"inLanguage\":\"en-US\",\"@id\":\"https:\\\/\\\/industriemaroc.com\\\/#\\\/schema\\\/logo\\\/image\\\/\",\"url\":\"https:\\\/\\\/industriemaroc.com\\\/wp-content\\\/uploads\\\/2024\\\/04\\\/IM.jpg\",\"contentUrl\":\"https:\\\/\\\/industriemaroc.com\\\/wp-content\\\/uploads\\\/2024\\\/04\\\/IM.jpg\",\"width\":2500,\"height\":2500,\"caption\":\"industriemaroc.com\"},\"image\":{\"@id\":\"https:\\\/\\\/industriemaroc.com\\\/#\\\/schema\\\/logo\\\/image\\\/\"}}]}<\/script>\n<!-- \/ Yoast SEO plugin. -->","yoast_head_json":{"title":"Filet chantier orange Maroc | Industriemaroc.com","description":"Achetez le filet chantier orange Maroc sur Industriemaroc.com. Haute visibilit\u00e9 et r\u00e9sistance pour la s\u00e9curit\u00e9 de vos chantiers. Livraison rapide au Maroc.","robots":{"index":"index","follow":"follow","max-snippet":"max-snippet:-1","max-image-preview":"max-image-preview:large","max-video-preview":"max-video-preview:-1"},"canonical":"https:\/\/industriemaroc.com\/en\/product\/filet-de-chantier\/","og_locale":"en_US","og_type":"article","og_title":"Filet chantier orange Maroc | Industriemaroc.com","og_description":"Achetez le filet chantier orange Maroc sur Industriemaroc.com. Haute visibilit\u00e9 et r\u00e9sistance pour la s\u00e9curit\u00e9 de vos chantiers. Livraison rapide au Maroc.","og_url":"https:\/\/industriemaroc.com\/en\/product\/filet-de-chantier\/","og_site_name":"Industrie Maroc Online","article_modified_time":"2025-10-14T17:53:36+00:00","og_image":[{"width":474,"height":474,"url":"https:\/\/industriemaroc.com\/wp-content\/uploads\/2023\/08\/FILET-DE-CHANTIER.jpeg","type":"image\/jpeg"}],"twitter_card":"summary_large_image","twitter_misc":{"Est. reading time":"2 minutes"},"schema":{"@context":"https:\/\/schema.org","@graph":[{"@type":"WebPage","@id":"https:\/\/industriemaroc.com\/produit\/filet-de-chantier\/","url":"https:\/\/industriemaroc.com\/produit\/filet-de-chantier\/","name":"Filet chantier orange Maroc | Industriemaroc.com","isPartOf":{"@id":"https:\/\/industriemaroc.com\/#website"},"primaryImageOfPage":{"@id":"https:\/\/industriemaroc.com\/produit\/filet-de-chantier\/#primaryimage"},"image":{"@id":"https:\/\/industriemaroc.com\/produit\/filet-de-chantier\/#primaryimage"},"thumbnailUrl":"https:\/\/industriemaroc.com\/wp-content\/uploads\/2023\/08\/FILET-DE-CHANTIER.jpeg","datePublished":"2023-08-18T12:56:27+00:00","dateModified":"2025-10-14T17:53:36+00:00","description":"Achetez le filet chantier orange Maroc sur Industriemaroc.com. Haute visibilit\u00e9 et r\u00e9sistance pour la s\u00e9curit\u00e9 de vos chantiers. Livraison rapide au Maroc.","breadcrumb":{"@id":"https:\/\/industriemaroc.com\/produit\/filet-de-chantier\/#breadcrumb"},"inLanguage":"en-US","potentialAction":[{"@type":"ReadAction","target":["https:\/\/industriemaroc.com\/produit\/filet-de-chantier\/"]}]},{"@type":"ImageObject","inLanguage":"en-US","@id":"https:\/\/industriemaroc.com\/produit\/filet-de-chantier\/#primaryimage","url":"https:\/\/industriemaroc.com\/wp-content\/uploads\/2023\/08\/FILET-DE-CHANTIER.jpeg","contentUrl":"https:\/\/industriemaroc.com\/wp-content\/uploads\/2023\/08\/FILET-DE-CHANTIER.jpeg","width":474,"height":474,"caption":"Filet chantier orange, id\u00e9al pour la signalisation et la s\u00e9curit\u00e9 des zones de travaux au Maroc"},{"@type":"BreadcrumbList","@id":"https:\/\/industriemaroc.com\/produit\/filet-de-chantier\/#breadcrumb","itemListElement":[{"@type":"ListItem","position":1,"name":"Home","item":"https:\/\/industriemaroc.com\/"},{"@type":"ListItem","position":2,"name":"Shop","item":"https:\/\/industriemaroc.com\/shop\/"},{"@type":"ListItem","position":3,"name":"Filet de Chantier Orange"}]},{"@type":"WebSite","@id":"https:\/\/industriemaroc.com\/#website","url":"https:\/\/industriemaroc.com\/","name":"Industrie Maroc Online","description":"Plateforme B2B de mat\u00e9riel professionnel au Maroc","publisher":{"@id":"https:\/\/industriemaroc.com\/#organization"},"potentialAction":[{"@type":"SearchAction","target":{"@type":"EntryPoint","urlTemplate":"https:\/\/industriemaroc.com\/?s={search_term_string}"},"query-input":{"@type":"PropertyValueSpecification","valueRequired":true,"valueName":"search_term_string"}}],"inLanguage":"en-US"},{"@type":"Organization","@id":"https:\/\/industriemaroc.com\/#organization","name":"industriemaroc.com","url":"https:\/\/industriemaroc.com\/","logo":{"@type":"ImageObject","inLanguage":"en-US","@id":"https:\/\/industriemaroc.com\/#\/schema\/logo\/image\/","url":"https:\/\/industriemaroc.com\/wp-content\/uploads\/2024\/04\/IM.jpg","contentUrl":"https:\/\/industriemaroc.com\/wp-content\/uploads\/2024\/04\/IM.jpg","width":2500,"height":2500,"caption":"industriemaroc.com"},"image":{"@id":"https:\/\/industriemaroc.com\/#\/schema\/logo\/image\/"}}]}},"_links":{"self":[{"href":"https:\/\/industriemaroc.com\/en\/wp-json\/wp\/v2\/product\/17534","targetHints":{"allow":["GET"]}}],"collection":[{"href":"https:\/\/industriemaroc.com\/en\/wp-json\/wp\/v2\/product"}],"about":[{"href":"https:\/\/industriemaroc.com\/en\/wp-json\/wp\/v2\/types\/product"}],"replies":[{"embeddable":true,"href":"https:\/\/industriemaroc.com\/en\/wp-json\/wp\/v2\/comments?post=17534"}],"version-history":[{"count":4,"href":"https:\/\/industriemaroc.com\/en\/wp-json\/wp\/v2\/product\/17534\/revisions"}],"predecessor-version":[{"id":24038,"href":"https:\/\/industriemaroc.com\/en\/wp-json\/wp\/v2\/product\/17534\/revisions\/24038"}],"wp:featuredmedia":[{"embeddable":true,"href":"https:\/\/industriemaroc.com\/en\/wp-json\/wp\/v2\/media\/17529"}],"wp:attachment":[{"href":"https:\/\/industriemaroc.com\/en\/wp-json\/wp\/v2\/media?parent=17534"}],"wp:term":[{"taxonomy":"product_brand","embeddable":true,"href":"https:\/\/industriemaroc.com\/en\/wp-json\/wp\/v2\/product_brand?post=17534"},{"taxonomy":"product_cat","embeddable":true,"href":"https:\/\/industriemaroc.com\/en\/wp-json\/wp\/v2\/product_cat?post=17534"},{"taxonomy":"product_tag","embeddable":true,"href":"https:\/\/industriemaroc.com\/en\/wp-json\/wp\/v2\/product_tag?post=17534"}],"curies":[{"name":"wp","href":"https:\/\/api.w.org\/{rel}","templated":true}]}}