{"id":17562,"date":"2023-08-18T15:20:19","date_gmt":"2023-08-18T13:20:19","guid":{"rendered":"https:\/\/industriemaroc.com\/?post_type=product&#038;p=17562"},"modified":"2024-09-12T22:31:07","modified_gmt":"2024-09-12T20:31:07","slug":"gilet-de-travail-double-ceinture-orange","status":"publish","type":"product","link":"https:\/\/industriemaroc.com\/en\/product\/gilet-de-travail-double-ceinture-orange\/","title":{"rendered":"Orange Double Belt Work Vest"},"content":{"rendered":"<p>Mati\u00e8re ext\u00e9rieure : maille polyester 120 g\/m2 fluorescente<\/p>\n<p>2 bandes torso r\u00e9tro r\u00e9fl\u00e9chissantes classe 2<\/p>\n<p>Fermeture par bande agrippante ajustable<\/p>\n<p>Couleurs : Orange<\/p>\n<p>Tailles : M \/ L \/ XL \/ XXL<\/p>\n<p>Norme :EN 471 :2003 &#8211; EN 340<\/p>","protected":false},"excerpt":{"rendered":"<ul>\n<li>Mati\u00e8re ext\u00e9rieure : maille polyester 120 g\/m2 fluorescente<\/li>\n<li>2 bandes r\u00e9tro r\u00e9fl\u00e9chissantes classe 2<\/li>\n<li>Couleurs : ORANGE<\/li>\n<\/ul>","protected":false},"featured_media":17553,"comment_status":"open","ping_status":"closed","template":"","meta":{"om_disable_all_campaigns":false,"_monsterinsights_skip_tracking":false,"_monsterinsights_sitenote_active":false,"_monsterinsights_sitenote_note":"","_monsterinsights_sitenote_category":0,"_uf_show_specific_survey":0,"_uf_disable_surveys":false,"_joinchat":[]},"product_brand":[],"product_cat":[678,670,962,690],"product_tag":[],"class_list":{"0":"post-17562","1":"product","2":"type-product","3":"status-publish","4":"has-post-thumbnail","6":"product_cat-equipements-de-protection-individuelle-epi","7":"product_cat-securite-sante","8":"product_cat-vetemenet-haute-visibilite","9":"product_cat-vetement-de-protection","11":"first","12":"instock","13":"taxable","14":"shipping-taxable","15":"product-type-simple"},"yoast_head":"<!-- This site is optimized with the Yoast SEO plugin v27.4 - https:\/\/yoast.com\/product\/yoast-seo-wordpress\/ -->\n<title>Gilet de Travail Double Ceinture Orange - Industrie Maroc Online<\/title>\n<meta name=\"description\" content=\"Mati\u00e8re ext\u00e9rieure : maille polyester 120 g\/m2 fluorescente  2 bandes r\u00e9tro r\u00e9fl\u00e9chissantes classe 2  Couleurs : ORANGE\" \/>\n<meta name=\"robots\" content=\"index, follow, max-snippet:-1, max-image-preview:large, max-video-preview:-1\" \/>\n<link rel=\"canonical\" href=\"https:\/\/industriemaroc.com\/en\/product\/gilet-de-travail-double-ceinture-orange\/\" \/>\n<meta property=\"og:locale\" content=\"en_US\" \/>\n<meta property=\"og:type\" content=\"article\" \/>\n<meta property=\"og:title\" content=\"Gilet de Travail Double Ceinture Orange - Industrie Maroc Online\" \/>\n<meta property=\"og:description\" content=\"Mati\u00e8re ext\u00e9rieure : maille polyester 120 g\/m2 fluorescente  2 bandes r\u00e9tro r\u00e9fl\u00e9chissantes classe 2  Couleurs : ORANGE\" \/>\n<meta property=\"og:url\" content=\"https:\/\/industriemaroc.com\/en\/product\/gilet-de-travail-double-ceinture-orange\/\" \/>\n<meta property=\"og:site_name\" content=\"Industrie Maroc Online\" \/>\n<meta property=\"article:modified_time\" content=\"2024-09-12T20:31:07+00:00\" \/>\n<meta property=\"og:image\" content=\"https:\/\/industriemaroc.com\/wp-content\/uploads\/2023\/08\/GILET-DE-TRAVAIL-DOUBLE-CEINTURE-orange.jpeg\" \/>\n\t<meta property=\"og:image:width\" content=\"700\" \/>\n\t<meta property=\"og:image:height\" content=\"700\" \/>\n\t<meta property=\"og:image:type\" content=\"image\/jpeg\" \/>\n<meta name=\"twitter:card\" content=\"summary_large_image\" \/>\n<script type=\"application\/ld+json\" class=\"yoast-schema-graph\">{\"@context\":\"https:\\\/\\\/schema.org\",\"@graph\":[{\"@type\":\"WebPage\",\"@id\":\"https:\\\/\\\/industriemaroc.com\\\/produit\\\/gilet-de-travail-double-ceinture-orange\\\/\",\"url\":\"https:\\\/\\\/industriemaroc.com\\\/produit\\\/gilet-de-travail-double-ceinture-orange\\\/\",\"name\":\"Gilet de Travail Double Ceinture Orange - Industrie Maroc Online\",\"isPartOf\":{\"@id\":\"https:\\\/\\\/industriemaroc.com\\\/#website\"},\"primaryImageOfPage\":{\"@id\":\"https:\\\/\\\/industriemaroc.com\\\/produit\\\/gilet-de-travail-double-ceinture-orange\\\/#primaryimage\"},\"image\":{\"@id\":\"https:\\\/\\\/industriemaroc.com\\\/produit\\\/gilet-de-travail-double-ceinture-orange\\\/#primaryimage\"},\"thumbnailUrl\":\"https:\\\/\\\/industriemaroc.com\\\/wp-content\\\/uploads\\\/2023\\\/08\\\/GILET-DE-TRAVAIL-DOUBLE-CEINTURE-orange.jpeg\",\"datePublished\":\"2023-08-18T13:20:19+00:00\",\"dateModified\":\"2024-09-12T20:31:07+00:00\",\"description\":\"Mati\u00e8re ext\u00e9rieure : maille polyester 120 g\\\/m2 fluorescente 2 bandes r\u00e9tro r\u00e9fl\u00e9chissantes classe 2 Couleurs : ORANGE\",\"breadcrumb\":{\"@id\":\"https:\\\/\\\/industriemaroc.com\\\/produit\\\/gilet-de-travail-double-ceinture-orange\\\/#breadcrumb\"},\"inLanguage\":\"en-US\",\"potentialAction\":[{\"@type\":\"ReadAction\",\"target\":[\"https:\\\/\\\/industriemaroc.com\\\/produit\\\/gilet-de-travail-double-ceinture-orange\\\/\"]}]},{\"@type\":\"ImageObject\",\"inLanguage\":\"en-US\",\"@id\":\"https:\\\/\\\/industriemaroc.com\\\/produit\\\/gilet-de-travail-double-ceinture-orange\\\/#primaryimage\",\"url\":\"https:\\\/\\\/industriemaroc.com\\\/wp-content\\\/uploads\\\/2023\\\/08\\\/GILET-DE-TRAVAIL-DOUBLE-CEINTURE-orange.jpeg\",\"contentUrl\":\"https:\\\/\\\/industriemaroc.com\\\/wp-content\\\/uploads\\\/2023\\\/08\\\/GILET-DE-TRAVAIL-DOUBLE-CEINTURE-orange.jpeg\",\"width\":700,\"height\":700},{\"@type\":\"BreadcrumbList\",\"@id\":\"https:\\\/\\\/industriemaroc.com\\\/produit\\\/gilet-de-travail-double-ceinture-orange\\\/#breadcrumb\",\"itemListElement\":[{\"@type\":\"ListItem\",\"position\":1,\"name\":\"Home\",\"item\":\"https:\\\/\\\/industriemaroc.com\\\/\"},{\"@type\":\"ListItem\",\"position\":2,\"name\":\"Shop\",\"item\":\"https:\\\/\\\/industriemaroc.com\\\/shop\\\/\"},{\"@type\":\"ListItem\",\"position\":3,\"name\":\"Gilet de Travail Double Ceinture Orange\"}]},{\"@type\":\"WebSite\",\"@id\":\"https:\\\/\\\/industriemaroc.com\\\/#website\",\"url\":\"https:\\\/\\\/industriemaroc.com\\\/\",\"name\":\"Industrie Maroc Online\",\"description\":\"Plateforme B2B de mat\u00e9riel professionnel au Maroc\",\"publisher\":{\"@id\":\"https:\\\/\\\/industriemaroc.com\\\/#organization\"},\"potentialAction\":[{\"@type\":\"SearchAction\",\"target\":{\"@type\":\"EntryPoint\",\"urlTemplate\":\"https:\\\/\\\/industriemaroc.com\\\/?s={search_term_string}\"},\"query-input\":{\"@type\":\"PropertyValueSpecification\",\"valueRequired\":true,\"valueName\":\"search_term_string\"}}],\"inLanguage\":\"en-US\"},{\"@type\":\"Organization\",\"@id\":\"https:\\\/\\\/industriemaroc.com\\\/#organization\",\"name\":\"industriemaroc.com\",\"url\":\"https:\\\/\\\/industriemaroc.com\\\/\",\"logo\":{\"@type\":\"ImageObject\",\"inLanguage\":\"en-US\",\"@id\":\"https:\\\/\\\/industriemaroc.com\\\/#\\\/schema\\\/logo\\\/image\\\/\",\"url\":\"https:\\\/\\\/industriemaroc.com\\\/wp-content\\\/uploads\\\/2024\\\/04\\\/IM.jpg\",\"contentUrl\":\"https:\\\/\\\/industriemaroc.com\\\/wp-content\\\/uploads\\\/2024\\\/04\\\/IM.jpg\",\"width\":2500,\"height\":2500,\"caption\":\"industriemaroc.com\"},\"image\":{\"@id\":\"https:\\\/\\\/industriemaroc.com\\\/#\\\/schema\\\/logo\\\/image\\\/\"}}]}<\/script>\n<!-- \/ Yoast SEO plugin. -->","yoast_head_json":{"title":"Gilet de Travail Double Ceinture Orange - Industrie Maroc Online","description":"Mati\u00e8re ext\u00e9rieure : maille polyester 120 g\/m2 fluorescente  2 bandes r\u00e9tro r\u00e9fl\u00e9chissantes classe 2  Couleurs : ORANGE","robots":{"index":"index","follow":"follow","max-snippet":"max-snippet:-1","max-image-preview":"max-image-preview:large","max-video-preview":"max-video-preview:-1"},"canonical":"https:\/\/industriemaroc.com\/en\/product\/gilet-de-travail-double-ceinture-orange\/","og_locale":"en_US","og_type":"article","og_title":"Gilet de Travail Double Ceinture Orange - Industrie Maroc Online","og_description":"Mati\u00e8re ext\u00e9rieure : maille polyester 120 g\/m2 fluorescente  2 bandes r\u00e9tro r\u00e9fl\u00e9chissantes classe 2  Couleurs : ORANGE","og_url":"https:\/\/industriemaroc.com\/en\/product\/gilet-de-travail-double-ceinture-orange\/","og_site_name":"Industrie Maroc Online","article_modified_time":"2024-09-12T20:31:07+00:00","og_image":[{"width":700,"height":700,"url":"https:\/\/industriemaroc.com\/wp-content\/uploads\/2023\/08\/GILET-DE-TRAVAIL-DOUBLE-CEINTURE-orange.jpeg","type":"image\/jpeg"}],"twitter_card":"summary_large_image","schema":{"@context":"https:\/\/schema.org","@graph":[{"@type":"WebPage","@id":"https:\/\/industriemaroc.com\/produit\/gilet-de-travail-double-ceinture-orange\/","url":"https:\/\/industriemaroc.com\/produit\/gilet-de-travail-double-ceinture-orange\/","name":"Gilet de Travail Double Ceinture Orange - Industrie Maroc Online","isPartOf":{"@id":"https:\/\/industriemaroc.com\/#website"},"primaryImageOfPage":{"@id":"https:\/\/industriemaroc.com\/produit\/gilet-de-travail-double-ceinture-orange\/#primaryimage"},"image":{"@id":"https:\/\/industriemaroc.com\/produit\/gilet-de-travail-double-ceinture-orange\/#primaryimage"},"thumbnailUrl":"https:\/\/industriemaroc.com\/wp-content\/uploads\/2023\/08\/GILET-DE-TRAVAIL-DOUBLE-CEINTURE-orange.jpeg","datePublished":"2023-08-18T13:20:19+00:00","dateModified":"2024-09-12T20:31:07+00:00","description":"Mati\u00e8re ext\u00e9rieure : maille polyester 120 g\/m2 fluorescente 2 bandes r\u00e9tro r\u00e9fl\u00e9chissantes classe 2 Couleurs : ORANGE","breadcrumb":{"@id":"https:\/\/industriemaroc.com\/produit\/gilet-de-travail-double-ceinture-orange\/#breadcrumb"},"inLanguage":"en-US","potentialAction":[{"@type":"ReadAction","target":["https:\/\/industriemaroc.com\/produit\/gilet-de-travail-double-ceinture-orange\/"]}]},{"@type":"ImageObject","inLanguage":"en-US","@id":"https:\/\/industriemaroc.com\/produit\/gilet-de-travail-double-ceinture-orange\/#primaryimage","url":"https:\/\/industriemaroc.com\/wp-content\/uploads\/2023\/08\/GILET-DE-TRAVAIL-DOUBLE-CEINTURE-orange.jpeg","contentUrl":"https:\/\/industriemaroc.com\/wp-content\/uploads\/2023\/08\/GILET-DE-TRAVAIL-DOUBLE-CEINTURE-orange.jpeg","width":700,"height":700},{"@type":"BreadcrumbList","@id":"https:\/\/industriemaroc.com\/produit\/gilet-de-travail-double-ceinture-orange\/#breadcrumb","itemListElement":[{"@type":"ListItem","position":1,"name":"Home","item":"https:\/\/industriemaroc.com\/"},{"@type":"ListItem","position":2,"name":"Shop","item":"https:\/\/industriemaroc.com\/shop\/"},{"@type":"ListItem","position":3,"name":"Gilet de Travail Double Ceinture Orange"}]},{"@type":"WebSite","@id":"https:\/\/industriemaroc.com\/#website","url":"https:\/\/industriemaroc.com\/","name":"Industrie Maroc Online","description":"Plateforme B2B de mat\u00e9riel professionnel au Maroc","publisher":{"@id":"https:\/\/industriemaroc.com\/#organization"},"potentialAction":[{"@type":"SearchAction","target":{"@type":"EntryPoint","urlTemplate":"https:\/\/industriemaroc.com\/?s={search_term_string}"},"query-input":{"@type":"PropertyValueSpecification","valueRequired":true,"valueName":"search_term_string"}}],"inLanguage":"en-US"},{"@type":"Organization","@id":"https:\/\/industriemaroc.com\/#organization","name":"industriemaroc.com","url":"https:\/\/industriemaroc.com\/","logo":{"@type":"ImageObject","inLanguage":"en-US","@id":"https:\/\/industriemaroc.com\/#\/schema\/logo\/image\/","url":"https:\/\/industriemaroc.com\/wp-content\/uploads\/2024\/04\/IM.jpg","contentUrl":"https:\/\/industriemaroc.com\/wp-content\/uploads\/2024\/04\/IM.jpg","width":2500,"height":2500,"caption":"industriemaroc.com"},"image":{"@id":"https:\/\/industriemaroc.com\/#\/schema\/logo\/image\/"}}]}},"_links":{"self":[{"href":"https:\/\/industriemaroc.com\/en\/wp-json\/wp\/v2\/product\/17562","targetHints":{"allow":["GET"]}}],"collection":[{"href":"https:\/\/industriemaroc.com\/en\/wp-json\/wp\/v2\/product"}],"about":[{"href":"https:\/\/industriemaroc.com\/en\/wp-json\/wp\/v2\/types\/product"}],"replies":[{"embeddable":true,"href":"https:\/\/industriemaroc.com\/en\/wp-json\/wp\/v2\/comments?post=17562"}],"version-history":[{"count":3,"href":"https:\/\/industriemaroc.com\/en\/wp-json\/wp\/v2\/product\/17562\/revisions"}],"predecessor-version":[{"id":22898,"href":"https:\/\/industriemaroc.com\/en\/wp-json\/wp\/v2\/product\/17562\/revisions\/22898"}],"wp:featuredmedia":[{"embeddable":true,"href":"https:\/\/industriemaroc.com\/en\/wp-json\/wp\/v2\/media\/17553"}],"wp:attachment":[{"href":"https:\/\/industriemaroc.com\/en\/wp-json\/wp\/v2\/media?parent=17562"}],"wp:term":[{"taxonomy":"product_brand","embeddable":true,"href":"https:\/\/industriemaroc.com\/en\/wp-json\/wp\/v2\/product_brand?post=17562"},{"taxonomy":"product_cat","embeddable":true,"href":"https:\/\/industriemaroc.com\/en\/wp-json\/wp\/v2\/product_cat?post=17562"},{"taxonomy":"product_tag","embeddable":true,"href":"https:\/\/industriemaroc.com\/en\/wp-json\/wp\/v2\/product_tag?post=17562"}],"curies":[{"name":"wp","href":"https:\/\/api.w.org\/{rel}","templated":true}]}}