{"id":17612,"date":"2023-08-18T16:20:40","date_gmt":"2023-08-18T14:20:40","guid":{"rendered":"https:\/\/industriemaroc.com\/?post_type=product&#038;p=17612"},"modified":"2024-06-12T23:27:21","modified_gmt":"2024-06-12T21:27:21","slug":"sabot-blanc-2","status":"publish","type":"product","link":"https:\/\/industriemaroc.com\/en\/product\/sabot-blanc-2\/","title":{"rendered":"Sabot de s\u00e9curit\u00e9 S2 SRC ESD"},"content":{"rendered":"<div dir=\"ltr\">\n<div>Sabot avec tige microfibre blanc r\u00e9sistante \u00e0 l\u2019eau (perfor\u00e9e pour le mod\u00e8le Palombe).<\/div>\n<div>Breathable polyamide lining.<\/div>\n<div>Ruban de fermeture \u00e9lastique avec bouton de pression en plastique.<\/div>\n<div>Tip: Steel.<\/div>\n<div>Semelle de propret\u00e9 en polyur\u00e9thane souple, respirante et antibact\u00e9rienne.<\/div>\n<div>Semelle d\u2019usure PU souple.<\/div>\n<div>sabot avec bride rabattable entre l\u2019empeigne et le talon.<\/div>\n<div>\n<p>EN ISO 20345:2011 SB AE FO SRC EN 61340 ESD<\/p>\n<div class=\"yj6qo\"><\/div>\n<\/div>\n<\/div>","protected":false},"excerpt":{"rendered":"<ul>\n<li>Sabot avec tige microfibre blanc r\u00e9sistante \u00e0 l\u2019eau (perfor\u00e9e pour le mod\u00e8le Palombe).<\/li>\n<li>Breathable polyamide lining.<\/li>\n<li>Tip: Steel.<\/li>\n<\/ul>","protected":false},"featured_media":18132,"comment_status":"open","ping_status":"closed","template":"","meta":{"om_disable_all_campaigns":false,"_monsterinsights_skip_tracking":false,"_monsterinsights_sitenote_active":false,"_monsterinsights_sitenote_note":"","_monsterinsights_sitenote_category":0,"_uf_show_specific_survey":0,"_uf_disable_surveys":false,"_joinchat":[]},"product_brand":[],"product_cat":[678,956,958,686,670],"product_tag":[],"class_list":{"0":"post-17612","1":"product","2":"type-product","3":"status-publish","4":"has-post-thumbnail","6":"product_cat-equipements-de-protection-individuelle-epi","7":"product_cat-gamme-blanche","8":"product_cat-gamme-sabots","9":"product_cat-chaussure-securite-maroc","10":"product_cat-securite-sante","12":"first","13":"instock","14":"taxable","15":"shipping-taxable","16":"product-type-simple"},"yoast_head":"<!-- This site is optimized with the Yoast SEO plugin v27.4 - https:\/\/yoast.com\/product\/yoast-seo-wordpress\/ -->\n<title>Sabot de s\u00e9curit\u00e9 S2 SRC ESD - Industrie Maroc Online<\/title>\n<meta name=\"description\" content=\"Sabot avec tige microfibre blanc r\u00e9sistante \u00e0 l\u2019eau (perfor\u00e9e pour le mod\u00e8le Palombe).  Doublure en polyamide respirante.  Embout : Acier.\" \/>\n<meta name=\"robots\" content=\"index, follow, max-snippet:-1, max-image-preview:large, max-video-preview:-1\" \/>\n<link rel=\"canonical\" href=\"https:\/\/industriemaroc.com\/en\/product\/sabot-blanc-2\/\" \/>\n<meta property=\"og:locale\" content=\"en_US\" \/>\n<meta property=\"og:type\" content=\"article\" \/>\n<meta property=\"og:title\" content=\"Sabot de s\u00e9curit\u00e9 S2 SRC ESD - Industrie Maroc Online\" \/>\n<meta property=\"og:description\" content=\"Sabot avec tige microfibre blanc r\u00e9sistante \u00e0 l\u2019eau (perfor\u00e9e pour le mod\u00e8le Palombe).  Doublure en polyamide respirante.  Embout : Acier.\" \/>\n<meta property=\"og:url\" content=\"https:\/\/industriemaroc.com\/en\/product\/sabot-blanc-2\/\" \/>\n<meta property=\"og:site_name\" content=\"Industrie Maroc Online\" \/>\n<meta property=\"article:modified_time\" content=\"2024-06-12T21:27:21+00:00\" \/>\n<meta property=\"og:image\" content=\"https:\/\/industriemaroc.com\/wp-content\/uploads\/2023\/08\/gamme-blanche-3.jpg\" \/>\n\t<meta property=\"og:image:width\" content=\"700\" \/>\n\t<meta property=\"og:image:height\" content=\"700\" \/>\n\t<meta property=\"og:image:type\" content=\"image\/jpeg\" \/>\n<meta name=\"twitter:card\" content=\"summary_large_image\" \/>\n<script type=\"application\/ld+json\" class=\"yoast-schema-graph\">{\"@context\":\"https:\\\/\\\/schema.org\",\"@graph\":[{\"@type\":\"WebPage\",\"@id\":\"https:\\\/\\\/industriemaroc.com\\\/produit\\\/sabot-blanc-2\\\/\",\"url\":\"https:\\\/\\\/industriemaroc.com\\\/produit\\\/sabot-blanc-2\\\/\",\"name\":\"Sabot de s\u00e9curit\u00e9 S2 SRC ESD - Industrie Maroc Online\",\"isPartOf\":{\"@id\":\"https:\\\/\\\/industriemaroc.com\\\/#website\"},\"primaryImageOfPage\":{\"@id\":\"https:\\\/\\\/industriemaroc.com\\\/produit\\\/sabot-blanc-2\\\/#primaryimage\"},\"image\":{\"@id\":\"https:\\\/\\\/industriemaroc.com\\\/produit\\\/sabot-blanc-2\\\/#primaryimage\"},\"thumbnailUrl\":\"https:\\\/\\\/industriemaroc.com\\\/wp-content\\\/uploads\\\/2023\\\/08\\\/gamme-blanche-3.jpg\",\"datePublished\":\"2023-08-18T14:20:40+00:00\",\"dateModified\":\"2024-06-12T21:27:21+00:00\",\"description\":\"Sabot avec tige microfibre blanc r\u00e9sistante \u00e0 l\u2019eau (perfor\u00e9e pour le mod\u00e8le Palombe). Doublure en polyamide respirante. Embout : Acier.\",\"breadcrumb\":{\"@id\":\"https:\\\/\\\/industriemaroc.com\\\/produit\\\/sabot-blanc-2\\\/#breadcrumb\"},\"inLanguage\":\"en-US\",\"potentialAction\":[{\"@type\":\"ReadAction\",\"target\":[\"https:\\\/\\\/industriemaroc.com\\\/produit\\\/sabot-blanc-2\\\/\"]}]},{\"@type\":\"ImageObject\",\"inLanguage\":\"en-US\",\"@id\":\"https:\\\/\\\/industriemaroc.com\\\/produit\\\/sabot-blanc-2\\\/#primaryimage\",\"url\":\"https:\\\/\\\/industriemaroc.com\\\/wp-content\\\/uploads\\\/2023\\\/08\\\/gamme-blanche-3.jpg\",\"contentUrl\":\"https:\\\/\\\/industriemaroc.com\\\/wp-content\\\/uploads\\\/2023\\\/08\\\/gamme-blanche-3.jpg\",\"width\":700,\"height\":700},{\"@type\":\"BreadcrumbList\",\"@id\":\"https:\\\/\\\/industriemaroc.com\\\/produit\\\/sabot-blanc-2\\\/#breadcrumb\",\"itemListElement\":[{\"@type\":\"ListItem\",\"position\":1,\"name\":\"Home\",\"item\":\"https:\\\/\\\/industriemaroc.com\\\/\"},{\"@type\":\"ListItem\",\"position\":2,\"name\":\"Shop\",\"item\":\"https:\\\/\\\/industriemaroc.com\\\/shop\\\/\"},{\"@type\":\"ListItem\",\"position\":3,\"name\":\"Sabot de s\u00e9curit\u00e9 S2 SRC ESD\"}]},{\"@type\":\"WebSite\",\"@id\":\"https:\\\/\\\/industriemaroc.com\\\/#website\",\"url\":\"https:\\\/\\\/industriemaroc.com\\\/\",\"name\":\"Industrie Maroc Online\",\"description\":\"Plateforme B2B de mat\u00e9riel professionnel au Maroc\",\"publisher\":{\"@id\":\"https:\\\/\\\/industriemaroc.com\\\/#organization\"},\"potentialAction\":[{\"@type\":\"SearchAction\",\"target\":{\"@type\":\"EntryPoint\",\"urlTemplate\":\"https:\\\/\\\/industriemaroc.com\\\/?s={search_term_string}\"},\"query-input\":{\"@type\":\"PropertyValueSpecification\",\"valueRequired\":true,\"valueName\":\"search_term_string\"}}],\"inLanguage\":\"en-US\"},{\"@type\":\"Organization\",\"@id\":\"https:\\\/\\\/industriemaroc.com\\\/#organization\",\"name\":\"industriemaroc.com\",\"url\":\"https:\\\/\\\/industriemaroc.com\\\/\",\"logo\":{\"@type\":\"ImageObject\",\"inLanguage\":\"en-US\",\"@id\":\"https:\\\/\\\/industriemaroc.com\\\/#\\\/schema\\\/logo\\\/image\\\/\",\"url\":\"https:\\\/\\\/industriemaroc.com\\\/wp-content\\\/uploads\\\/2024\\\/04\\\/IM.jpg\",\"contentUrl\":\"https:\\\/\\\/industriemaroc.com\\\/wp-content\\\/uploads\\\/2024\\\/04\\\/IM.jpg\",\"width\":2500,\"height\":2500,\"caption\":\"industriemaroc.com\"},\"image\":{\"@id\":\"https:\\\/\\\/industriemaroc.com\\\/#\\\/schema\\\/logo\\\/image\\\/\"}}]}<\/script>\n<!-- \/ Yoast SEO plugin. -->","yoast_head_json":{"title":"Sabot de s\u00e9curit\u00e9 S2 SRC ESD - Industrie Maroc Online","description":"Sabot avec tige microfibre blanc r\u00e9sistante \u00e0 l\u2019eau (perfor\u00e9e pour le mod\u00e8le Palombe).  Doublure en polyamide respirante.  Embout : Acier.","robots":{"index":"index","follow":"follow","max-snippet":"max-snippet:-1","max-image-preview":"max-image-preview:large","max-video-preview":"max-video-preview:-1"},"canonical":"https:\/\/industriemaroc.com\/en\/product\/sabot-blanc-2\/","og_locale":"en_US","og_type":"article","og_title":"Sabot de s\u00e9curit\u00e9 S2 SRC ESD - Industrie Maroc Online","og_description":"Sabot avec tige microfibre blanc r\u00e9sistante \u00e0 l\u2019eau (perfor\u00e9e pour le mod\u00e8le Palombe).  Doublure en polyamide respirante.  Embout : Acier.","og_url":"https:\/\/industriemaroc.com\/en\/product\/sabot-blanc-2\/","og_site_name":"Industrie Maroc Online","article_modified_time":"2024-06-12T21:27:21+00:00","og_image":[{"width":700,"height":700,"url":"https:\/\/industriemaroc.com\/wp-content\/uploads\/2023\/08\/gamme-blanche-3.jpg","type":"image\/jpeg"}],"twitter_card":"summary_large_image","schema":{"@context":"https:\/\/schema.org","@graph":[{"@type":"WebPage","@id":"https:\/\/industriemaroc.com\/produit\/sabot-blanc-2\/","url":"https:\/\/industriemaroc.com\/produit\/sabot-blanc-2\/","name":"Sabot de s\u00e9curit\u00e9 S2 SRC ESD - Industrie Maroc Online","isPartOf":{"@id":"https:\/\/industriemaroc.com\/#website"},"primaryImageOfPage":{"@id":"https:\/\/industriemaroc.com\/produit\/sabot-blanc-2\/#primaryimage"},"image":{"@id":"https:\/\/industriemaroc.com\/produit\/sabot-blanc-2\/#primaryimage"},"thumbnailUrl":"https:\/\/industriemaroc.com\/wp-content\/uploads\/2023\/08\/gamme-blanche-3.jpg","datePublished":"2023-08-18T14:20:40+00:00","dateModified":"2024-06-12T21:27:21+00:00","description":"Sabot avec tige microfibre blanc r\u00e9sistante \u00e0 l\u2019eau (perfor\u00e9e pour le mod\u00e8le Palombe). Doublure en polyamide respirante. Embout : Acier.","breadcrumb":{"@id":"https:\/\/industriemaroc.com\/produit\/sabot-blanc-2\/#breadcrumb"},"inLanguage":"en-US","potentialAction":[{"@type":"ReadAction","target":["https:\/\/industriemaroc.com\/produit\/sabot-blanc-2\/"]}]},{"@type":"ImageObject","inLanguage":"en-US","@id":"https:\/\/industriemaroc.com\/produit\/sabot-blanc-2\/#primaryimage","url":"https:\/\/industriemaroc.com\/wp-content\/uploads\/2023\/08\/gamme-blanche-3.jpg","contentUrl":"https:\/\/industriemaroc.com\/wp-content\/uploads\/2023\/08\/gamme-blanche-3.jpg","width":700,"height":700},{"@type":"BreadcrumbList","@id":"https:\/\/industriemaroc.com\/produit\/sabot-blanc-2\/#breadcrumb","itemListElement":[{"@type":"ListItem","position":1,"name":"Home","item":"https:\/\/industriemaroc.com\/"},{"@type":"ListItem","position":2,"name":"Shop","item":"https:\/\/industriemaroc.com\/shop\/"},{"@type":"ListItem","position":3,"name":"Sabot de s\u00e9curit\u00e9 S2 SRC ESD"}]},{"@type":"WebSite","@id":"https:\/\/industriemaroc.com\/#website","url":"https:\/\/industriemaroc.com\/","name":"Industrie Maroc Online","description":"Plateforme B2B de mat\u00e9riel professionnel au Maroc","publisher":{"@id":"https:\/\/industriemaroc.com\/#organization"},"potentialAction":[{"@type":"SearchAction","target":{"@type":"EntryPoint","urlTemplate":"https:\/\/industriemaroc.com\/?s={search_term_string}"},"query-input":{"@type":"PropertyValueSpecification","valueRequired":true,"valueName":"search_term_string"}}],"inLanguage":"en-US"},{"@type":"Organization","@id":"https:\/\/industriemaroc.com\/#organization","name":"industriemaroc.com","url":"https:\/\/industriemaroc.com\/","logo":{"@type":"ImageObject","inLanguage":"en-US","@id":"https:\/\/industriemaroc.com\/#\/schema\/logo\/image\/","url":"https:\/\/industriemaroc.com\/wp-content\/uploads\/2024\/04\/IM.jpg","contentUrl":"https:\/\/industriemaroc.com\/wp-content\/uploads\/2024\/04\/IM.jpg","width":2500,"height":2500,"caption":"industriemaroc.com"},"image":{"@id":"https:\/\/industriemaroc.com\/#\/schema\/logo\/image\/"}}]}},"_links":{"self":[{"href":"https:\/\/industriemaroc.com\/en\/wp-json\/wp\/v2\/product\/17612","targetHints":{"allow":["GET"]}}],"collection":[{"href":"https:\/\/industriemaroc.com\/en\/wp-json\/wp\/v2\/product"}],"about":[{"href":"https:\/\/industriemaroc.com\/en\/wp-json\/wp\/v2\/types\/product"}],"replies":[{"embeddable":true,"href":"https:\/\/industriemaroc.com\/en\/wp-json\/wp\/v2\/comments?post=17612"}],"version-history":[{"count":4,"href":"https:\/\/industriemaroc.com\/en\/wp-json\/wp\/v2\/product\/17612\/revisions"}],"predecessor-version":[{"id":21926,"href":"https:\/\/industriemaroc.com\/en\/wp-json\/wp\/v2\/product\/17612\/revisions\/21926"}],"wp:featuredmedia":[{"embeddable":true,"href":"https:\/\/industriemaroc.com\/en\/wp-json\/wp\/v2\/media\/18132"}],"wp:attachment":[{"href":"https:\/\/industriemaroc.com\/en\/wp-json\/wp\/v2\/media?parent=17612"}],"wp:term":[{"taxonomy":"product_brand","embeddable":true,"href":"https:\/\/industriemaroc.com\/en\/wp-json\/wp\/v2\/product_brand?post=17612"},{"taxonomy":"product_cat","embeddable":true,"href":"https:\/\/industriemaroc.com\/en\/wp-json\/wp\/v2\/product_cat?post=17612"},{"taxonomy":"product_tag","embeddable":true,"href":"https:\/\/industriemaroc.com\/en\/wp-json\/wp\/v2\/product_tag?post=17612"}],"curies":[{"name":"wp","href":"https:\/\/api.w.org\/{rel}","templated":true}]}}