{"id":17713,"date":"2023-08-19T16:10:17","date_gmt":"2023-08-19T14:10:17","guid":{"rendered":"https:\/\/industriemaroc.com\/?post_type=product&#038;p=17713"},"modified":"2024-10-11T20:34:46","modified_gmt":"2024-10-11T18:34:46","slug":"ecrou-carre","status":"publish","type":"product","link":"https:\/\/industriemaroc.com\/en\/product\/ecrou-carre\/","title":{"rendered":"Ecrou Carre &#8211; Boite de 100 Pcs"},"content":{"rendered":"<ul>\n<li>Square Nut.<\/li>\n<li>Offrir une surface de contact stable.<\/li>\n<li>Meilleure r\u00e9partition de la charge.<\/li>\n<li>Sa forme permet une bonne prise avec une cl\u00e9.<\/li>\n<li>Facilitant le serrage dans des espaces confin\u00e9s.<\/li>\n<li>Utilis\u00e9 principalement dans des assemblages n\u00e9cessitant une fixation solide et r\u00e9sistante.<\/li>\n<li>Couramment employ\u00e9 dans des applications industrielles et de construction.<\/li>\n<\/ul>","protected":false},"excerpt":{"rendered":"<ul>\n<li>Square Nut.<\/li>\n<li>Offrir une surface de contact stable.<\/li>\n<li>Meilleure r\u00e9partition de la charge.<\/li>\n<li>Sa forme permet une bonne prise avec une cl\u00e9.<\/li>\n<\/ul>","protected":false},"featured_media":18123,"comment_status":"open","ping_status":"closed","template":"","meta":{"om_disable_all_campaigns":false,"_monsterinsights_skip_tracking":false,"_monsterinsights_sitenote_active":false,"_monsterinsights_sitenote_note":"","_monsterinsights_sitenote_category":0,"_uf_show_specific_survey":0,"_uf_disable_surveys":false,"_joinchat":[]},"product_brand":[],"product_cat":[970,1011,672],"product_tag":[],"class_list":{"0":"post-17713","1":"product","2":"type-product","3":"status-publish","4":"has-post-thumbnail","6":"product_cat-ecrous-maroc","7":"product_cat-ecrou-carre-maroc","8":"product_cat-fournitures-industrielles","10":"first","11":"instock","12":"taxable","13":"shipping-taxable","14":"product-type-simple"},"yoast_head":"<!-- This site is optimized with the Yoast SEO plugin v27.4 - https:\/\/yoast.com\/product\/yoast-seo-wordpress\/ -->\n<title>Ecrou Carre - Boite de 100 Pcs - Industrie Maroc Online<\/title>\n<meta name=\"description\" content=\"Ecrou Carre.  Offrir une surface de contact stable.  Meilleure r\u00e9partition de la charge.  Sa forme permet une bonne prise avec une cl\u00e9.\" \/>\n<meta name=\"robots\" content=\"index, follow, max-snippet:-1, max-image-preview:large, max-video-preview:-1\" \/>\n<link rel=\"canonical\" href=\"https:\/\/industriemaroc.com\/en\/product\/ecrou-carre\/\" \/>\n<meta property=\"og:locale\" content=\"en_US\" \/>\n<meta property=\"og:type\" content=\"article\" \/>\n<meta property=\"og:title\" content=\"Ecrou Carre - Boite de 100 Pcs - Industrie Maroc Online\" \/>\n<meta property=\"og:description\" content=\"Ecrou Carre.  Offrir une surface de contact stable.  Meilleure r\u00e9partition de la charge.  Sa forme permet une bonne prise avec une cl\u00e9.\" \/>\n<meta property=\"og:url\" content=\"https:\/\/industriemaroc.com\/en\/product\/ecrou-carre\/\" \/>\n<meta property=\"og:site_name\" content=\"Industrie Maroc Online\" \/>\n<meta property=\"article:modified_time\" content=\"2024-10-11T18:34:46+00:00\" \/>\n<meta property=\"og:image\" content=\"https:\/\/industriemaroc.com\/wp-content\/uploads\/2023\/08\/tzglat-1.jpg\" \/>\n\t<meta property=\"og:image:width\" content=\"700\" \/>\n\t<meta property=\"og:image:height\" content=\"700\" \/>\n\t<meta property=\"og:image:type\" content=\"image\/jpeg\" \/>\n<meta name=\"twitter:card\" content=\"summary_large_image\" \/>\n<script type=\"application\/ld+json\" class=\"yoast-schema-graph\">{\"@context\":\"https:\\\/\\\/schema.org\",\"@graph\":[{\"@type\":\"WebPage\",\"@id\":\"https:\\\/\\\/industriemaroc.com\\\/produit\\\/ecrou-carre\\\/\",\"url\":\"https:\\\/\\\/industriemaroc.com\\\/produit\\\/ecrou-carre\\\/\",\"name\":\"Ecrou Carre - Boite de 100 Pcs - Industrie Maroc Online\",\"isPartOf\":{\"@id\":\"https:\\\/\\\/industriemaroc.com\\\/#website\"},\"primaryImageOfPage\":{\"@id\":\"https:\\\/\\\/industriemaroc.com\\\/produit\\\/ecrou-carre\\\/#primaryimage\"},\"image\":{\"@id\":\"https:\\\/\\\/industriemaroc.com\\\/produit\\\/ecrou-carre\\\/#primaryimage\"},\"thumbnailUrl\":\"https:\\\/\\\/industriemaroc.com\\\/wp-content\\\/uploads\\\/2023\\\/08\\\/tzglat-1.jpg\",\"datePublished\":\"2023-08-19T14:10:17+00:00\",\"dateModified\":\"2024-10-11T18:34:46+00:00\",\"description\":\"Ecrou Carre. Offrir une surface de contact stable. Meilleure r\u00e9partition de la charge. Sa forme permet une bonne prise avec une cl\u00e9.\",\"breadcrumb\":{\"@id\":\"https:\\\/\\\/industriemaroc.com\\\/produit\\\/ecrou-carre\\\/#breadcrumb\"},\"inLanguage\":\"en-US\",\"potentialAction\":[{\"@type\":\"ReadAction\",\"target\":[\"https:\\\/\\\/industriemaroc.com\\\/produit\\\/ecrou-carre\\\/\"]}]},{\"@type\":\"ImageObject\",\"inLanguage\":\"en-US\",\"@id\":\"https:\\\/\\\/industriemaroc.com\\\/produit\\\/ecrou-carre\\\/#primaryimage\",\"url\":\"https:\\\/\\\/industriemaroc.com\\\/wp-content\\\/uploads\\\/2023\\\/08\\\/tzglat-1.jpg\",\"contentUrl\":\"https:\\\/\\\/industriemaroc.com\\\/wp-content\\\/uploads\\\/2023\\\/08\\\/tzglat-1.jpg\",\"width\":700,\"height\":700},{\"@type\":\"BreadcrumbList\",\"@id\":\"https:\\\/\\\/industriemaroc.com\\\/produit\\\/ecrou-carre\\\/#breadcrumb\",\"itemListElement\":[{\"@type\":\"ListItem\",\"position\":1,\"name\":\"Home\",\"item\":\"https:\\\/\\\/industriemaroc.com\\\/\"},{\"@type\":\"ListItem\",\"position\":2,\"name\":\"Shop\",\"item\":\"https:\\\/\\\/industriemaroc.com\\\/shop\\\/\"},{\"@type\":\"ListItem\",\"position\":3,\"name\":\"Ecrou Carre &#8211; Boite de 100 Pcs\"}]},{\"@type\":\"WebSite\",\"@id\":\"https:\\\/\\\/industriemaroc.com\\\/#website\",\"url\":\"https:\\\/\\\/industriemaroc.com\\\/\",\"name\":\"Industrie Maroc Online\",\"description\":\"Plateforme B2B de mat\u00e9riel professionnel au Maroc\",\"publisher\":{\"@id\":\"https:\\\/\\\/industriemaroc.com\\\/#organization\"},\"potentialAction\":[{\"@type\":\"SearchAction\",\"target\":{\"@type\":\"EntryPoint\",\"urlTemplate\":\"https:\\\/\\\/industriemaroc.com\\\/?s={search_term_string}\"},\"query-input\":{\"@type\":\"PropertyValueSpecification\",\"valueRequired\":true,\"valueName\":\"search_term_string\"}}],\"inLanguage\":\"en-US\"},{\"@type\":\"Organization\",\"@id\":\"https:\\\/\\\/industriemaroc.com\\\/#organization\",\"name\":\"industriemaroc.com\",\"url\":\"https:\\\/\\\/industriemaroc.com\\\/\",\"logo\":{\"@type\":\"ImageObject\",\"inLanguage\":\"en-US\",\"@id\":\"https:\\\/\\\/industriemaroc.com\\\/#\\\/schema\\\/logo\\\/image\\\/\",\"url\":\"https:\\\/\\\/industriemaroc.com\\\/wp-content\\\/uploads\\\/2024\\\/04\\\/IM.jpg\",\"contentUrl\":\"https:\\\/\\\/industriemaroc.com\\\/wp-content\\\/uploads\\\/2024\\\/04\\\/IM.jpg\",\"width\":2500,\"height\":2500,\"caption\":\"industriemaroc.com\"},\"image\":{\"@id\":\"https:\\\/\\\/industriemaroc.com\\\/#\\\/schema\\\/logo\\\/image\\\/\"}}]}<\/script>\n<!-- \/ Yoast SEO plugin. -->","yoast_head_json":{"title":"Ecrou Carre - Boite de 100 Pcs - Industrie Maroc Online","description":"Ecrou Carre.  Offrir une surface de contact stable.  Meilleure r\u00e9partition de la charge.  Sa forme permet une bonne prise avec une cl\u00e9.","robots":{"index":"index","follow":"follow","max-snippet":"max-snippet:-1","max-image-preview":"max-image-preview:large","max-video-preview":"max-video-preview:-1"},"canonical":"https:\/\/industriemaroc.com\/en\/product\/ecrou-carre\/","og_locale":"en_US","og_type":"article","og_title":"Ecrou Carre - Boite de 100 Pcs - Industrie Maroc Online","og_description":"Ecrou Carre.  Offrir une surface de contact stable.  Meilleure r\u00e9partition de la charge.  Sa forme permet une bonne prise avec une cl\u00e9.","og_url":"https:\/\/industriemaroc.com\/en\/product\/ecrou-carre\/","og_site_name":"Industrie Maroc Online","article_modified_time":"2024-10-11T18:34:46+00:00","og_image":[{"width":700,"height":700,"url":"https:\/\/industriemaroc.com\/wp-content\/uploads\/2023\/08\/tzglat-1.jpg","type":"image\/jpeg"}],"twitter_card":"summary_large_image","schema":{"@context":"https:\/\/schema.org","@graph":[{"@type":"WebPage","@id":"https:\/\/industriemaroc.com\/produit\/ecrou-carre\/","url":"https:\/\/industriemaroc.com\/produit\/ecrou-carre\/","name":"Ecrou Carre - Boite de 100 Pcs - Industrie Maroc Online","isPartOf":{"@id":"https:\/\/industriemaroc.com\/#website"},"primaryImageOfPage":{"@id":"https:\/\/industriemaroc.com\/produit\/ecrou-carre\/#primaryimage"},"image":{"@id":"https:\/\/industriemaroc.com\/produit\/ecrou-carre\/#primaryimage"},"thumbnailUrl":"https:\/\/industriemaroc.com\/wp-content\/uploads\/2023\/08\/tzglat-1.jpg","datePublished":"2023-08-19T14:10:17+00:00","dateModified":"2024-10-11T18:34:46+00:00","description":"Ecrou Carre. Offrir une surface de contact stable. Meilleure r\u00e9partition de la charge. Sa forme permet une bonne prise avec une cl\u00e9.","breadcrumb":{"@id":"https:\/\/industriemaroc.com\/produit\/ecrou-carre\/#breadcrumb"},"inLanguage":"en-US","potentialAction":[{"@type":"ReadAction","target":["https:\/\/industriemaroc.com\/produit\/ecrou-carre\/"]}]},{"@type":"ImageObject","inLanguage":"en-US","@id":"https:\/\/industriemaroc.com\/produit\/ecrou-carre\/#primaryimage","url":"https:\/\/industriemaroc.com\/wp-content\/uploads\/2023\/08\/tzglat-1.jpg","contentUrl":"https:\/\/industriemaroc.com\/wp-content\/uploads\/2023\/08\/tzglat-1.jpg","width":700,"height":700},{"@type":"BreadcrumbList","@id":"https:\/\/industriemaroc.com\/produit\/ecrou-carre\/#breadcrumb","itemListElement":[{"@type":"ListItem","position":1,"name":"Home","item":"https:\/\/industriemaroc.com\/"},{"@type":"ListItem","position":2,"name":"Shop","item":"https:\/\/industriemaroc.com\/shop\/"},{"@type":"ListItem","position":3,"name":"Ecrou Carre &#8211; Boite de 100 Pcs"}]},{"@type":"WebSite","@id":"https:\/\/industriemaroc.com\/#website","url":"https:\/\/industriemaroc.com\/","name":"Industry Morocco Online","description":"Plateforme B2B de mat\u00e9riel professionnel au Maroc","publisher":{"@id":"https:\/\/industriemaroc.com\/#organization"},"potentialAction":[{"@type":"SearchAction","target":{"@type":"EntryPoint","urlTemplate":"https:\/\/industriemaroc.com\/?s={search_term_string}"},"query-input":{"@type":"PropertyValueSpecification","valueRequired":true,"valueName":"search_term_string"}}],"inLanguage":"en-US"},{"@type":"Organization","@id":"https:\/\/industriemaroc.com\/#organization","name":"industriemaroc.com","url":"https:\/\/industriemaroc.com\/","logo":{"@type":"ImageObject","inLanguage":"en-US","@id":"https:\/\/industriemaroc.com\/#\/schema\/logo\/image\/","url":"https:\/\/industriemaroc.com\/wp-content\/uploads\/2024\/04\/IM.jpg","contentUrl":"https:\/\/industriemaroc.com\/wp-content\/uploads\/2024\/04\/IM.jpg","width":2500,"height":2500,"caption":"industriemaroc.com"},"image":{"@id":"https:\/\/industriemaroc.com\/#\/schema\/logo\/image\/"}}]}},"_links":{"self":[{"href":"https:\/\/industriemaroc.com\/en\/wp-json\/wp\/v2\/product\/17713","targetHints":{"allow":["GET"]}}],"collection":[{"href":"https:\/\/industriemaroc.com\/en\/wp-json\/wp\/v2\/product"}],"about":[{"href":"https:\/\/industriemaroc.com\/en\/wp-json\/wp\/v2\/types\/product"}],"replies":[{"embeddable":true,"href":"https:\/\/industriemaroc.com\/en\/wp-json\/wp\/v2\/comments?post=17713"}],"version-history":[{"count":5,"href":"https:\/\/industriemaroc.com\/en\/wp-json\/wp\/v2\/product\/17713\/revisions"}],"predecessor-version":[{"id":23713,"href":"https:\/\/industriemaroc.com\/en\/wp-json\/wp\/v2\/product\/17713\/revisions\/23713"}],"wp:featuredmedia":[{"embeddable":true,"href":"https:\/\/industriemaroc.com\/en\/wp-json\/wp\/v2\/media\/18123"}],"wp:attachment":[{"href":"https:\/\/industriemaroc.com\/en\/wp-json\/wp\/v2\/media?parent=17713"}],"wp:term":[{"taxonomy":"product_brand","embeddable":true,"href":"https:\/\/industriemaroc.com\/en\/wp-json\/wp\/v2\/product_brand?post=17713"},{"taxonomy":"product_cat","embeddable":true,"href":"https:\/\/industriemaroc.com\/en\/wp-json\/wp\/v2\/product_cat?post=17713"},{"taxonomy":"product_tag","embeddable":true,"href":"https:\/\/industriemaroc.com\/en\/wp-json\/wp\/v2\/product_tag?post=17713"}],"curies":[{"name":"wp","href":"https:\/\/api.w.org\/{rel}","templated":true}]}}