{"id":17749,"date":"2023-08-19T17:18:09","date_gmt":"2023-08-19T15:18:09","guid":{"rendered":"https:\/\/industriemaroc.com\/?post_type=product&#038;p=17749"},"modified":"2024-10-11T19:40:10","modified_gmt":"2024-10-11T17:40:10","slug":"rondelle-grower","status":"publish","type":"product","link":"https:\/\/industriemaroc.com\/en\/product\/rondelle-grower\/","title":{"rendered":"Rondelle Grower &#8211; Boite de 100 Pcs"},"content":{"rendered":"<ul>\n<li>\u00a0Rondelle Grower.<\/li>\n<li>Rondelle fendue en spirale con\u00e7ue pour offrir un effet ressort sous compression.<\/li>\n<li>Lorsqu&rsquo;elle est serr\u00e9e, ses bords coup\u00e9s s&rsquo;\u00e9cartent et mordent dans la surface d&rsquo;appui, emp\u00eachant le desserrage sous vibrations.<\/li>\n<li>Utilis\u00e9e principalement dans les assemblages viss\u00e9s.<\/li>\n<li>Assure une fixation anti d\u00e9vissage fiable et durable.<\/li>\n<\/ul>","protected":false},"excerpt":{"rendered":"<ul>\n<li>\u00a0Rondelle Grower.<\/li>\n<li>Utilis\u00e9e principalement dans les assemblages viss\u00e9s.<\/li>\n<li>Assure une fixation anti d\u00e9vissage fiable et durable.<\/li>\n<\/ul>","protected":false},"featured_media":18098,"comment_status":"open","ping_status":"closed","template":"","meta":{"om_disable_all_campaigns":false,"_monsterinsights_skip_tracking":false,"_monsterinsights_sitenote_active":false,"_monsterinsights_sitenote_note":"","_monsterinsights_sitenote_category":0,"_uf_show_specific_survey":0,"_uf_disable_surveys":false,"_joinchat":[]},"product_brand":[],"product_cat":[672,971,1026],"product_tag":[],"class_list":{"0":"post-17749","1":"product","2":"type-product","3":"status-publish","4":"has-post-thumbnail","6":"product_cat-fournitures-industrielles","7":"product_cat-rondelle-maroc","8":"product_cat-rondelle-grower","10":"first","11":"instock","12":"taxable","13":"shipping-taxable","14":"product-type-simple"},"yoast_head":"<!-- This site is optimized with the Yoast SEO plugin v27.4 - https:\/\/yoast.com\/product\/yoast-seo-wordpress\/ -->\n<title>Rondelle Grower - Boite de 100 Pcs - Industrie Maroc Online<\/title>\n<meta name=\"description\" content=\"\u00a0Rondelle Grower.  Utilis\u00e9e principalement dans les assemblages viss\u00e9s.  Assure une fixation anti d\u00e9vissage fiable et durable.\" \/>\n<meta name=\"robots\" content=\"index, follow, max-snippet:-1, max-image-preview:large, max-video-preview:-1\" \/>\n<link rel=\"canonical\" href=\"https:\/\/industriemaroc.com\/en\/product\/rondelle-grower\/\" \/>\n<meta property=\"og:locale\" content=\"en_US\" \/>\n<meta property=\"og:type\" content=\"article\" \/>\n<meta property=\"og:title\" content=\"Rondelle Grower - Boite de 100 Pcs - Industrie Maroc Online\" \/>\n<meta property=\"og:description\" content=\"\u00a0Rondelle Grower.  Utilis\u00e9e principalement dans les assemblages viss\u00e9s.  Assure une fixation anti d\u00e9vissage fiable et durable.\" \/>\n<meta property=\"og:url\" content=\"https:\/\/industriemaroc.com\/en\/product\/rondelle-grower\/\" \/>\n<meta property=\"og:site_name\" content=\"Industrie Maroc Online\" \/>\n<meta property=\"article:modified_time\" content=\"2024-10-11T17:40:10+00:00\" \/>\n<meta property=\"og:image\" content=\"https:\/\/industriemaroc.com\/wp-content\/uploads\/2023\/08\/3-8.jpg\" \/>\n\t<meta property=\"og:image:width\" content=\"700\" \/>\n\t<meta property=\"og:image:height\" content=\"700\" \/>\n\t<meta property=\"og:image:type\" content=\"image\/jpeg\" \/>\n<meta name=\"twitter:card\" content=\"summary_large_image\" \/>\n<script type=\"application\/ld+json\" class=\"yoast-schema-graph\">{\"@context\":\"https:\\\/\\\/schema.org\",\"@graph\":[{\"@type\":\"WebPage\",\"@id\":\"https:\\\/\\\/industriemaroc.com\\\/produit\\\/rondelle-grower\\\/\",\"url\":\"https:\\\/\\\/industriemaroc.com\\\/produit\\\/rondelle-grower\\\/\",\"name\":\"Rondelle Grower - Boite de 100 Pcs - Industrie Maroc Online\",\"isPartOf\":{\"@id\":\"https:\\\/\\\/industriemaroc.com\\\/#website\"},\"primaryImageOfPage\":{\"@id\":\"https:\\\/\\\/industriemaroc.com\\\/produit\\\/rondelle-grower\\\/#primaryimage\"},\"image\":{\"@id\":\"https:\\\/\\\/industriemaroc.com\\\/produit\\\/rondelle-grower\\\/#primaryimage\"},\"thumbnailUrl\":\"https:\\\/\\\/industriemaroc.com\\\/wp-content\\\/uploads\\\/2023\\\/08\\\/3-8.jpg\",\"datePublished\":\"2023-08-19T15:18:09+00:00\",\"dateModified\":\"2024-10-11T17:40:10+00:00\",\"description\":\"\u00a0Rondelle Grower. Utilis\u00e9e principalement dans les assemblages viss\u00e9s. Assure une fixation anti d\u00e9vissage fiable et durable.\",\"breadcrumb\":{\"@id\":\"https:\\\/\\\/industriemaroc.com\\\/produit\\\/rondelle-grower\\\/#breadcrumb\"},\"inLanguage\":\"en-US\",\"potentialAction\":[{\"@type\":\"ReadAction\",\"target\":[\"https:\\\/\\\/industriemaroc.com\\\/produit\\\/rondelle-grower\\\/\"]}]},{\"@type\":\"ImageObject\",\"inLanguage\":\"en-US\",\"@id\":\"https:\\\/\\\/industriemaroc.com\\\/produit\\\/rondelle-grower\\\/#primaryimage\",\"url\":\"https:\\\/\\\/industriemaroc.com\\\/wp-content\\\/uploads\\\/2023\\\/08\\\/3-8.jpg\",\"contentUrl\":\"https:\\\/\\\/industriemaroc.com\\\/wp-content\\\/uploads\\\/2023\\\/08\\\/3-8.jpg\",\"width\":700,\"height\":700},{\"@type\":\"BreadcrumbList\",\"@id\":\"https:\\\/\\\/industriemaroc.com\\\/produit\\\/rondelle-grower\\\/#breadcrumb\",\"itemListElement\":[{\"@type\":\"ListItem\",\"position\":1,\"name\":\"Home\",\"item\":\"https:\\\/\\\/industriemaroc.com\\\/\"},{\"@type\":\"ListItem\",\"position\":2,\"name\":\"Shop\",\"item\":\"https:\\\/\\\/industriemaroc.com\\\/shop\\\/\"},{\"@type\":\"ListItem\",\"position\":3,\"name\":\"Rondelle Grower &#8211; Boite de 100 Pcs\"}]},{\"@type\":\"WebSite\",\"@id\":\"https:\\\/\\\/industriemaroc.com\\\/#website\",\"url\":\"https:\\\/\\\/industriemaroc.com\\\/\",\"name\":\"Industrie Maroc Online\",\"description\":\"Plateforme B2B de mat\u00e9riel professionnel au Maroc\",\"publisher\":{\"@id\":\"https:\\\/\\\/industriemaroc.com\\\/#organization\"},\"potentialAction\":[{\"@type\":\"SearchAction\",\"target\":{\"@type\":\"EntryPoint\",\"urlTemplate\":\"https:\\\/\\\/industriemaroc.com\\\/?s={search_term_string}\"},\"query-input\":{\"@type\":\"PropertyValueSpecification\",\"valueRequired\":true,\"valueName\":\"search_term_string\"}}],\"inLanguage\":\"en-US\"},{\"@type\":\"Organization\",\"@id\":\"https:\\\/\\\/industriemaroc.com\\\/#organization\",\"name\":\"industriemaroc.com\",\"url\":\"https:\\\/\\\/industriemaroc.com\\\/\",\"logo\":{\"@type\":\"ImageObject\",\"inLanguage\":\"en-US\",\"@id\":\"https:\\\/\\\/industriemaroc.com\\\/#\\\/schema\\\/logo\\\/image\\\/\",\"url\":\"https:\\\/\\\/industriemaroc.com\\\/wp-content\\\/uploads\\\/2024\\\/04\\\/IM.jpg\",\"contentUrl\":\"https:\\\/\\\/industriemaroc.com\\\/wp-content\\\/uploads\\\/2024\\\/04\\\/IM.jpg\",\"width\":2500,\"height\":2500,\"caption\":\"industriemaroc.com\"},\"image\":{\"@id\":\"https:\\\/\\\/industriemaroc.com\\\/#\\\/schema\\\/logo\\\/image\\\/\"}}]}<\/script>\n<!-- \/ Yoast SEO plugin. -->","yoast_head_json":{"title":"Rondelle Grower - Boite de 100 Pcs - Industrie Maroc Online","description":"\u00a0Rondelle Grower.  Utilis\u00e9e principalement dans les assemblages viss\u00e9s.  Assure une fixation anti d\u00e9vissage fiable et durable.","robots":{"index":"index","follow":"follow","max-snippet":"max-snippet:-1","max-image-preview":"max-image-preview:large","max-video-preview":"max-video-preview:-1"},"canonical":"https:\/\/industriemaroc.com\/en\/product\/rondelle-grower\/","og_locale":"en_US","og_type":"article","og_title":"Rondelle Grower - Boite de 100 Pcs - Industrie Maroc Online","og_description":"\u00a0Rondelle Grower.  Utilis\u00e9e principalement dans les assemblages viss\u00e9s.  Assure une fixation anti d\u00e9vissage fiable et durable.","og_url":"https:\/\/industriemaroc.com\/en\/product\/rondelle-grower\/","og_site_name":"Industrie Maroc Online","article_modified_time":"2024-10-11T17:40:10+00:00","og_image":[{"width":700,"height":700,"url":"https:\/\/industriemaroc.com\/wp-content\/uploads\/2023\/08\/3-8.jpg","type":"image\/jpeg"}],"twitter_card":"summary_large_image","schema":{"@context":"https:\/\/schema.org","@graph":[{"@type":"WebPage","@id":"https:\/\/industriemaroc.com\/produit\/rondelle-grower\/","url":"https:\/\/industriemaroc.com\/produit\/rondelle-grower\/","name":"Rondelle Grower - Boite de 100 Pcs - Industrie Maroc Online","isPartOf":{"@id":"https:\/\/industriemaroc.com\/#website"},"primaryImageOfPage":{"@id":"https:\/\/industriemaroc.com\/produit\/rondelle-grower\/#primaryimage"},"image":{"@id":"https:\/\/industriemaroc.com\/produit\/rondelle-grower\/#primaryimage"},"thumbnailUrl":"https:\/\/industriemaroc.com\/wp-content\/uploads\/2023\/08\/3-8.jpg","datePublished":"2023-08-19T15:18:09+00:00","dateModified":"2024-10-11T17:40:10+00:00","description":"\u00a0Rondelle Grower. Utilis\u00e9e principalement dans les assemblages viss\u00e9s. Assure une fixation anti d\u00e9vissage fiable et durable.","breadcrumb":{"@id":"https:\/\/industriemaroc.com\/produit\/rondelle-grower\/#breadcrumb"},"inLanguage":"en-US","potentialAction":[{"@type":"ReadAction","target":["https:\/\/industriemaroc.com\/produit\/rondelle-grower\/"]}]},{"@type":"ImageObject","inLanguage":"en-US","@id":"https:\/\/industriemaroc.com\/produit\/rondelle-grower\/#primaryimage","url":"https:\/\/industriemaroc.com\/wp-content\/uploads\/2023\/08\/3-8.jpg","contentUrl":"https:\/\/industriemaroc.com\/wp-content\/uploads\/2023\/08\/3-8.jpg","width":700,"height":700},{"@type":"BreadcrumbList","@id":"https:\/\/industriemaroc.com\/produit\/rondelle-grower\/#breadcrumb","itemListElement":[{"@type":"ListItem","position":1,"name":"Home","item":"https:\/\/industriemaroc.com\/"},{"@type":"ListItem","position":2,"name":"Shop","item":"https:\/\/industriemaroc.com\/shop\/"},{"@type":"ListItem","position":3,"name":"Rondelle Grower &#8211; Boite de 100 Pcs"}]},{"@type":"WebSite","@id":"https:\/\/industriemaroc.com\/#website","url":"https:\/\/industriemaroc.com\/","name":"Industrie Maroc Online","description":"Plateforme B2B de mat\u00e9riel professionnel au Maroc","publisher":{"@id":"https:\/\/industriemaroc.com\/#organization"},"potentialAction":[{"@type":"SearchAction","target":{"@type":"EntryPoint","urlTemplate":"https:\/\/industriemaroc.com\/?s={search_term_string}"},"query-input":{"@type":"PropertyValueSpecification","valueRequired":true,"valueName":"search_term_string"}}],"inLanguage":"en-US"},{"@type":"Organization","@id":"https:\/\/industriemaroc.com\/#organization","name":"industriemaroc.com","url":"https:\/\/industriemaroc.com\/","logo":{"@type":"ImageObject","inLanguage":"en-US","@id":"https:\/\/industriemaroc.com\/#\/schema\/logo\/image\/","url":"https:\/\/industriemaroc.com\/wp-content\/uploads\/2024\/04\/IM.jpg","contentUrl":"https:\/\/industriemaroc.com\/wp-content\/uploads\/2024\/04\/IM.jpg","width":2500,"height":2500,"caption":"industriemaroc.com"},"image":{"@id":"https:\/\/industriemaroc.com\/#\/schema\/logo\/image\/"}}]}},"_links":{"self":[{"href":"https:\/\/industriemaroc.com\/en\/wp-json\/wp\/v2\/product\/17749","targetHints":{"allow":["GET"]}}],"collection":[{"href":"https:\/\/industriemaroc.com\/en\/wp-json\/wp\/v2\/product"}],"about":[{"href":"https:\/\/industriemaroc.com\/en\/wp-json\/wp\/v2\/types\/product"}],"replies":[{"embeddable":true,"href":"https:\/\/industriemaroc.com\/en\/wp-json\/wp\/v2\/comments?post=17749"}],"version-history":[{"count":5,"href":"https:\/\/industriemaroc.com\/en\/wp-json\/wp\/v2\/product\/17749\/revisions"}],"predecessor-version":[{"id":23698,"href":"https:\/\/industriemaroc.com\/en\/wp-json\/wp\/v2\/product\/17749\/revisions\/23698"}],"wp:featuredmedia":[{"embeddable":true,"href":"https:\/\/industriemaroc.com\/en\/wp-json\/wp\/v2\/media\/18098"}],"wp:attachment":[{"href":"https:\/\/industriemaroc.com\/en\/wp-json\/wp\/v2\/media?parent=17749"}],"wp:term":[{"taxonomy":"product_brand","embeddable":true,"href":"https:\/\/industriemaroc.com\/en\/wp-json\/wp\/v2\/product_brand?post=17749"},{"taxonomy":"product_cat","embeddable":true,"href":"https:\/\/industriemaroc.com\/en\/wp-json\/wp\/v2\/product_cat?post=17749"},{"taxonomy":"product_tag","embeddable":true,"href":"https:\/\/industriemaroc.com\/en\/wp-json\/wp\/v2\/product_tag?post=17749"}],"curies":[{"name":"wp","href":"https:\/\/api.w.org\/{rel}","templated":true}]}}