{"id":17756,"date":"2023-08-19T17:21:28","date_gmt":"2023-08-19T15:21:28","guid":{"rendered":"https:\/\/industriemaroc.com\/?post_type=product&#038;p=17756"},"modified":"2024-10-11T19:29:17","modified_gmt":"2024-10-11T17:29:17","slug":"rondelle-eventail-dentures-exterieures","status":"publish","type":"product","link":"https:\/\/industriemaroc.com\/en\/product\/rondelle-eventail-dentures-exterieures\/","title":{"rendered":"Fan Washer \u2013 External Teeth"},"content":{"rendered":"<ul>\n<li>Rondelle \u00c9ventail &#8211; Dentures Ext\u00e9rieures.<\/li>\n<li>Disque m\u00e9tallique avec des dents inclin\u00e9es vers l&rsquo;ext\u00e9rieur.<\/li>\n<li>Formant un motif d&rsquo;\u00e9ventail autour de sa p\u00e9riph\u00e9rie.<\/li>\n<li>Ces dents mordent dans la surface de contact.<\/li>\n<li>Emp\u00eacher le desserrage sous vibrations ou torsions.<\/li>\n<li>Utilis\u00e9e pour des assemblages viss\u00e9s.<\/li>\n<li>Augmente l&rsquo;adh\u00e9rence.<\/li>\n<li>Assure un maintien stable en r\u00e9partissant la charge.<\/li>\n<\/ul>","protected":false},"excerpt":{"rendered":"<ul>\n<li>Rondelle \u00c9ventail &#8211; Dentures Ext\u00e9rieures.<\/li>\n<li>Emp\u00eacher le desserrage sous vibrations ou torsions.<\/li>\n<li>Utilis\u00e9e pour des assemblages viss\u00e9s.<\/li>\n<\/ul>","protected":false},"featured_media":18095,"comment_status":"open","ping_status":"closed","template":"","meta":{"om_disable_all_campaigns":false,"_monsterinsights_skip_tracking":false,"_monsterinsights_sitenote_active":false,"_monsterinsights_sitenote_note":"","_monsterinsights_sitenote_category":0,"_uf_show_specific_survey":0,"_uf_disable_surveys":false,"_joinchat":[]},"product_brand":[],"product_cat":[672,971,1029],"product_tag":[],"class_list":{"0":"post-17756","1":"product","2":"type-product","3":"status-publish","4":"has-post-thumbnail","6":"product_cat-fournitures-industrielles","7":"product_cat-rondelle-maroc","8":"product_cat-rondelle-eventail-dentures-exterieures","10":"first","11":"instock","12":"taxable","13":"shipping-taxable","14":"product-type-simple"},"yoast_head":"<!-- This site is optimized with the Yoast SEO plugin v27.4 - https:\/\/yoast.com\/product\/yoast-seo-wordpress\/ -->\n<title>Rondelle \u00c9ventail - Dentures Ext\u00e9rieures - Industrie Maroc Online<\/title>\n<meta name=\"description\" content=\"Rondelle \u00c9ventail - Dentures Ext\u00e9rieures.  Emp\u00eacher le desserrage sous vibrations ou torsions.  Utilis\u00e9e pour des assemblages viss\u00e9s.\" \/>\n<meta name=\"robots\" content=\"index, follow, max-snippet:-1, max-image-preview:large, max-video-preview:-1\" \/>\n<link rel=\"canonical\" href=\"https:\/\/industriemaroc.com\/en\/product\/rondelle-eventail-dentures-exterieures\/\" \/>\n<meta property=\"og:locale\" content=\"en_US\" \/>\n<meta property=\"og:type\" content=\"article\" \/>\n<meta property=\"og:title\" content=\"Rondelle \u00c9ventail - Dentures Ext\u00e9rieures - Industrie Maroc Online\" \/>\n<meta property=\"og:description\" content=\"Rondelle \u00c9ventail - Dentures Ext\u00e9rieures.  Emp\u00eacher le desserrage sous vibrations ou torsions.  Utilis\u00e9e pour des assemblages viss\u00e9s.\" \/>\n<meta property=\"og:url\" content=\"https:\/\/industriemaroc.com\/en\/product\/rondelle-eventail-dentures-exterieures\/\" \/>\n<meta property=\"og:site_name\" content=\"Industrie Maroc Online\" \/>\n<meta property=\"article:modified_time\" content=\"2024-10-11T17:29:17+00:00\" \/>\n<meta property=\"og:image\" content=\"https:\/\/industriemaroc.com\/wp-content\/uploads\/2023\/08\/6N-3.jpg\" \/>\n\t<meta property=\"og:image:width\" content=\"700\" \/>\n\t<meta property=\"og:image:height\" content=\"700\" \/>\n\t<meta property=\"og:image:type\" content=\"image\/jpeg\" \/>\n<meta name=\"twitter:card\" content=\"summary_large_image\" \/>\n<script type=\"application\/ld+json\" class=\"yoast-schema-graph\">{\"@context\":\"https:\\\/\\\/schema.org\",\"@graph\":[{\"@type\":\"WebPage\",\"@id\":\"https:\\\/\\\/industriemaroc.com\\\/produit\\\/rondelle-eventail-dentures-exterieures\\\/\",\"url\":\"https:\\\/\\\/industriemaroc.com\\\/produit\\\/rondelle-eventail-dentures-exterieures\\\/\",\"name\":\"Rondelle \u00c9ventail - Dentures Ext\u00e9rieures - Industrie Maroc Online\",\"isPartOf\":{\"@id\":\"https:\\\/\\\/industriemaroc.com\\\/#website\"},\"primaryImageOfPage\":{\"@id\":\"https:\\\/\\\/industriemaroc.com\\\/produit\\\/rondelle-eventail-dentures-exterieures\\\/#primaryimage\"},\"image\":{\"@id\":\"https:\\\/\\\/industriemaroc.com\\\/produit\\\/rondelle-eventail-dentures-exterieures\\\/#primaryimage\"},\"thumbnailUrl\":\"https:\\\/\\\/industriemaroc.com\\\/wp-content\\\/uploads\\\/2023\\\/08\\\/6N-3.jpg\",\"datePublished\":\"2023-08-19T15:21:28+00:00\",\"dateModified\":\"2024-10-11T17:29:17+00:00\",\"description\":\"Rondelle \u00c9ventail - Dentures Ext\u00e9rieures. Emp\u00eacher le desserrage sous vibrations ou torsions. Utilis\u00e9e pour des assemblages viss\u00e9s.\",\"breadcrumb\":{\"@id\":\"https:\\\/\\\/industriemaroc.com\\\/produit\\\/rondelle-eventail-dentures-exterieures\\\/#breadcrumb\"},\"inLanguage\":\"en-US\",\"potentialAction\":[{\"@type\":\"ReadAction\",\"target\":[\"https:\\\/\\\/industriemaroc.com\\\/produit\\\/rondelle-eventail-dentures-exterieures\\\/\"]}]},{\"@type\":\"ImageObject\",\"inLanguage\":\"en-US\",\"@id\":\"https:\\\/\\\/industriemaroc.com\\\/produit\\\/rondelle-eventail-dentures-exterieures\\\/#primaryimage\",\"url\":\"https:\\\/\\\/industriemaroc.com\\\/wp-content\\\/uploads\\\/2023\\\/08\\\/6N-3.jpg\",\"contentUrl\":\"https:\\\/\\\/industriemaroc.com\\\/wp-content\\\/uploads\\\/2023\\\/08\\\/6N-3.jpg\",\"width\":700,\"height\":700},{\"@type\":\"BreadcrumbList\",\"@id\":\"https:\\\/\\\/industriemaroc.com\\\/produit\\\/rondelle-eventail-dentures-exterieures\\\/#breadcrumb\",\"itemListElement\":[{\"@type\":\"ListItem\",\"position\":1,\"name\":\"Home\",\"item\":\"https:\\\/\\\/industriemaroc.com\\\/\"},{\"@type\":\"ListItem\",\"position\":2,\"name\":\"Shop\",\"item\":\"https:\\\/\\\/industriemaroc.com\\\/shop\\\/\"},{\"@type\":\"ListItem\",\"position\":3,\"name\":\"Rondelle \u00c9ventail &#8211; Dentures Ext\u00e9rieures\"}]},{\"@type\":\"WebSite\",\"@id\":\"https:\\\/\\\/industriemaroc.com\\\/#website\",\"url\":\"https:\\\/\\\/industriemaroc.com\\\/\",\"name\":\"Industrie Maroc Online\",\"description\":\"Plateforme B2B de mat\u00e9riel professionnel au Maroc\",\"publisher\":{\"@id\":\"https:\\\/\\\/industriemaroc.com\\\/#organization\"},\"potentialAction\":[{\"@type\":\"SearchAction\",\"target\":{\"@type\":\"EntryPoint\",\"urlTemplate\":\"https:\\\/\\\/industriemaroc.com\\\/?s={search_term_string}\"},\"query-input\":{\"@type\":\"PropertyValueSpecification\",\"valueRequired\":true,\"valueName\":\"search_term_string\"}}],\"inLanguage\":\"en-US\"},{\"@type\":\"Organization\",\"@id\":\"https:\\\/\\\/industriemaroc.com\\\/#organization\",\"name\":\"industriemaroc.com\",\"url\":\"https:\\\/\\\/industriemaroc.com\\\/\",\"logo\":{\"@type\":\"ImageObject\",\"inLanguage\":\"en-US\",\"@id\":\"https:\\\/\\\/industriemaroc.com\\\/#\\\/schema\\\/logo\\\/image\\\/\",\"url\":\"https:\\\/\\\/industriemaroc.com\\\/wp-content\\\/uploads\\\/2024\\\/04\\\/IM.jpg\",\"contentUrl\":\"https:\\\/\\\/industriemaroc.com\\\/wp-content\\\/uploads\\\/2024\\\/04\\\/IM.jpg\",\"width\":2500,\"height\":2500,\"caption\":\"industriemaroc.com\"},\"image\":{\"@id\":\"https:\\\/\\\/industriemaroc.com\\\/#\\\/schema\\\/logo\\\/image\\\/\"}}]}<\/script>\n<!-- \/ Yoast SEO plugin. -->","yoast_head_json":{"title":"Rondelle \u00c9ventail - Dentures Ext\u00e9rieures - Industrie Maroc Online","description":"Rondelle \u00c9ventail - Dentures Ext\u00e9rieures.  Emp\u00eacher le desserrage sous vibrations ou torsions.  Utilis\u00e9e pour des assemblages viss\u00e9s.","robots":{"index":"index","follow":"follow","max-snippet":"max-snippet:-1","max-image-preview":"max-image-preview:large","max-video-preview":"max-video-preview:-1"},"canonical":"https:\/\/industriemaroc.com\/en\/product\/rondelle-eventail-dentures-exterieures\/","og_locale":"en_US","og_type":"article","og_title":"Rondelle \u00c9ventail - Dentures Ext\u00e9rieures - Industrie Maroc Online","og_description":"Rondelle \u00c9ventail - Dentures Ext\u00e9rieures.  Emp\u00eacher le desserrage sous vibrations ou torsions.  Utilis\u00e9e pour des assemblages viss\u00e9s.","og_url":"https:\/\/industriemaroc.com\/en\/product\/rondelle-eventail-dentures-exterieures\/","og_site_name":"Industrie Maroc Online","article_modified_time":"2024-10-11T17:29:17+00:00","og_image":[{"width":700,"height":700,"url":"https:\/\/industriemaroc.com\/wp-content\/uploads\/2023\/08\/6N-3.jpg","type":"image\/jpeg"}],"twitter_card":"summary_large_image","schema":{"@context":"https:\/\/schema.org","@graph":[{"@type":"WebPage","@id":"https:\/\/industriemaroc.com\/produit\/rondelle-eventail-dentures-exterieures\/","url":"https:\/\/industriemaroc.com\/produit\/rondelle-eventail-dentures-exterieures\/","name":"Rondelle \u00c9ventail - Dentures Ext\u00e9rieures - Industrie Maroc Online","isPartOf":{"@id":"https:\/\/industriemaroc.com\/#website"},"primaryImageOfPage":{"@id":"https:\/\/industriemaroc.com\/produit\/rondelle-eventail-dentures-exterieures\/#primaryimage"},"image":{"@id":"https:\/\/industriemaroc.com\/produit\/rondelle-eventail-dentures-exterieures\/#primaryimage"},"thumbnailUrl":"https:\/\/industriemaroc.com\/wp-content\/uploads\/2023\/08\/6N-3.jpg","datePublished":"2023-08-19T15:21:28+00:00","dateModified":"2024-10-11T17:29:17+00:00","description":"Rondelle \u00c9ventail - Dentures Ext\u00e9rieures. Emp\u00eacher le desserrage sous vibrations ou torsions. Utilis\u00e9e pour des assemblages viss\u00e9s.","breadcrumb":{"@id":"https:\/\/industriemaroc.com\/produit\/rondelle-eventail-dentures-exterieures\/#breadcrumb"},"inLanguage":"en-US","potentialAction":[{"@type":"ReadAction","target":["https:\/\/industriemaroc.com\/produit\/rondelle-eventail-dentures-exterieures\/"]}]},{"@type":"ImageObject","inLanguage":"en-US","@id":"https:\/\/industriemaroc.com\/produit\/rondelle-eventail-dentures-exterieures\/#primaryimage","url":"https:\/\/industriemaroc.com\/wp-content\/uploads\/2023\/08\/6N-3.jpg","contentUrl":"https:\/\/industriemaroc.com\/wp-content\/uploads\/2023\/08\/6N-3.jpg","width":700,"height":700},{"@type":"BreadcrumbList","@id":"https:\/\/industriemaroc.com\/produit\/rondelle-eventail-dentures-exterieures\/#breadcrumb","itemListElement":[{"@type":"ListItem","position":1,"name":"Home","item":"https:\/\/industriemaroc.com\/"},{"@type":"ListItem","position":2,"name":"Shop","item":"https:\/\/industriemaroc.com\/shop\/"},{"@type":"ListItem","position":3,"name":"Rondelle \u00c9ventail &#8211; Dentures Ext\u00e9rieures"}]},{"@type":"WebSite","@id":"https:\/\/industriemaroc.com\/#website","url":"https:\/\/industriemaroc.com\/","name":"Industrie Maroc Online","description":"Plateforme B2B de mat\u00e9riel professionnel au Maroc","publisher":{"@id":"https:\/\/industriemaroc.com\/#organization"},"potentialAction":[{"@type":"SearchAction","target":{"@type":"EntryPoint","urlTemplate":"https:\/\/industriemaroc.com\/?s={search_term_string}"},"query-input":{"@type":"PropertyValueSpecification","valueRequired":true,"valueName":"search_term_string"}}],"inLanguage":"en-US"},{"@type":"Organization","@id":"https:\/\/industriemaroc.com\/#organization","name":"industriemaroc.com","url":"https:\/\/industriemaroc.com\/","logo":{"@type":"ImageObject","inLanguage":"en-US","@id":"https:\/\/industriemaroc.com\/#\/schema\/logo\/image\/","url":"https:\/\/industriemaroc.com\/wp-content\/uploads\/2024\/04\/IM.jpg","contentUrl":"https:\/\/industriemaroc.com\/wp-content\/uploads\/2024\/04\/IM.jpg","width":2500,"height":2500,"caption":"industriemaroc.com"},"image":{"@id":"https:\/\/industriemaroc.com\/#\/schema\/logo\/image\/"}}]}},"_links":{"self":[{"href":"https:\/\/industriemaroc.com\/en\/wp-json\/wp\/v2\/product\/17756","targetHints":{"allow":["GET"]}}],"collection":[{"href":"https:\/\/industriemaroc.com\/en\/wp-json\/wp\/v2\/product"}],"about":[{"href":"https:\/\/industriemaroc.com\/en\/wp-json\/wp\/v2\/types\/product"}],"replies":[{"embeddable":true,"href":"https:\/\/industriemaroc.com\/en\/wp-json\/wp\/v2\/comments?post=17756"}],"version-history":[{"count":5,"href":"https:\/\/industriemaroc.com\/en\/wp-json\/wp\/v2\/product\/17756\/revisions"}],"predecessor-version":[{"id":23693,"href":"https:\/\/industriemaroc.com\/en\/wp-json\/wp\/v2\/product\/17756\/revisions\/23693"}],"wp:featuredmedia":[{"embeddable":true,"href":"https:\/\/industriemaroc.com\/en\/wp-json\/wp\/v2\/media\/18095"}],"wp:attachment":[{"href":"https:\/\/industriemaroc.com\/en\/wp-json\/wp\/v2\/media?parent=17756"}],"wp:term":[{"taxonomy":"product_brand","embeddable":true,"href":"https:\/\/industriemaroc.com\/en\/wp-json\/wp\/v2\/product_brand?post=17756"},{"taxonomy":"product_cat","embeddable":true,"href":"https:\/\/industriemaroc.com\/en\/wp-json\/wp\/v2\/product_cat?post=17756"},{"taxonomy":"product_tag","embeddable":true,"href":"https:\/\/industriemaroc.com\/en\/wp-json\/wp\/v2\/product_tag?post=17756"}],"curies":[{"name":"wp","href":"https:\/\/api.w.org\/{rel}","templated":true}]}}