{"id":17853,"date":"2023-08-20T14:36:38","date_gmt":"2023-08-20T12:36:38","guid":{"rendered":"https:\/\/industriemaroc.com\/?post_type=product&#038;p=17853"},"modified":"2024-09-30T20:45:06","modified_gmt":"2024-09-30T18:45:06","slug":"tendeur-a-oeils","status":"publish","type":"product","link":"https:\/\/industriemaroc.com\/en\/product\/tendeur-a-oeils\/","title":{"rendered":"Tendeur A Oeils &#8211; Fixation"},"content":{"rendered":"<ul>\n<li>Ajuster la tension dans des c\u00e2bles ou des fils.<\/li>\n<li>Fabriqu\u00e9 en acier inoxydable ou en acier galvanis\u00e9.<\/li>\n<li>Assure une r\u00e9sistance \u00e0 la corrosion et aux forces m\u00e9caniques.<\/li>\n<\/ul>","protected":false},"excerpt":{"rendered":"<ul>\n<li>Ajuster la tension dans des c\u00e2bles ou des fils.<\/li>\n<li>Fabriqu\u00e9 en acier inoxydable ou en acier galvanis\u00e9.<\/li>\n<li>R\u00e9sistance \u00e0 la corrosion et aux forces m\u00e9caniques.<\/li>\n<\/ul>","protected":false},"featured_media":17844,"comment_status":"open","ping_status":"closed","template":"","meta":{"om_disable_all_campaigns":false,"_monsterinsights_skip_tracking":false,"_monsterinsights_sitenote_active":false,"_monsterinsights_sitenote_note":"","_monsterinsights_sitenote_category":0,"_uf_show_specific_survey":0,"_uf_disable_surveys":false,"_joinchat":[]},"product_brand":[],"product_cat":[973,672,1042,1041],"product_tag":[],"class_list":{"0":"post-17853","1":"product","2":"type-product","3":"status-publish","4":"has-post-thumbnail","6":"product_cat-chaine","7":"product_cat-fournitures-industrielles","8":"product_cat-tendeur","9":"product_cat-tendeur-a-oeils","11":"first","12":"instock","13":"taxable","14":"shipping-taxable","15":"product-type-simple"},"yoast_head":"<!-- This site is optimized with the Yoast SEO plugin v27.4 - https:\/\/yoast.com\/product\/yoast-seo-wordpress\/ -->\n<title>Tendeur A Oeils - Fixation - Industrie Maroc Online<\/title>\n<meta name=\"description\" content=\"Ajuster la tension dans des c\u00e2bles ou des fils.  Fabriqu\u00e9 en acier inoxydable ou en acier galvanis\u00e9.  R\u00e9sistance \u00e0 la corrosion et aux forces m\u00e9caniques.\" \/>\n<meta name=\"robots\" content=\"index, follow, max-snippet:-1, max-image-preview:large, max-video-preview:-1\" \/>\n<link rel=\"canonical\" href=\"https:\/\/industriemaroc.com\/en\/product\/tendeur-a-oeils\/\" \/>\n<meta property=\"og:locale\" content=\"en_US\" \/>\n<meta property=\"og:type\" content=\"article\" \/>\n<meta property=\"og:title\" content=\"Tendeur A Oeils - Fixation - Industrie Maroc Online\" \/>\n<meta property=\"og:description\" content=\"Ajuster la tension dans des c\u00e2bles ou des fils.  Fabriqu\u00e9 en acier inoxydable ou en acier galvanis\u00e9.  R\u00e9sistance \u00e0 la corrosion et aux forces m\u00e9caniques.\" \/>\n<meta property=\"og:url\" content=\"https:\/\/industriemaroc.com\/en\/product\/tendeur-a-oeils\/\" \/>\n<meta property=\"og:site_name\" content=\"Industrie Maroc Online\" \/>\n<meta property=\"article:modified_time\" content=\"2024-09-30T18:45:06+00:00\" \/>\n<meta property=\"og:image\" content=\"https:\/\/industriemaroc.com\/wp-content\/uploads\/2023\/08\/3-3.jpg\" \/>\n\t<meta property=\"og:image:width\" content=\"384\" \/>\n\t<meta property=\"og:image:height\" content=\"384\" \/>\n\t<meta property=\"og:image:type\" content=\"image\/jpeg\" \/>\n<meta name=\"twitter:card\" content=\"summary_large_image\" \/>\n<script type=\"application\/ld+json\" class=\"yoast-schema-graph\">{\"@context\":\"https:\\\/\\\/schema.org\",\"@graph\":[{\"@type\":\"WebPage\",\"@id\":\"https:\\\/\\\/industriemaroc.com\\\/produit\\\/tendeur-a-oeils\\\/\",\"url\":\"https:\\\/\\\/industriemaroc.com\\\/produit\\\/tendeur-a-oeils\\\/\",\"name\":\"Tendeur A Oeils - Fixation - Industrie Maroc Online\",\"isPartOf\":{\"@id\":\"https:\\\/\\\/industriemaroc.com\\\/#website\"},\"primaryImageOfPage\":{\"@id\":\"https:\\\/\\\/industriemaroc.com\\\/produit\\\/tendeur-a-oeils\\\/#primaryimage\"},\"image\":{\"@id\":\"https:\\\/\\\/industriemaroc.com\\\/produit\\\/tendeur-a-oeils\\\/#primaryimage\"},\"thumbnailUrl\":\"https:\\\/\\\/industriemaroc.com\\\/wp-content\\\/uploads\\\/2023\\\/08\\\/3-3.jpg\",\"datePublished\":\"2023-08-20T12:36:38+00:00\",\"dateModified\":\"2024-09-30T18:45:06+00:00\",\"description\":\"Ajuster la tension dans des c\u00e2bles ou des fils. Fabriqu\u00e9 en acier inoxydable ou en acier galvanis\u00e9. R\u00e9sistance \u00e0 la corrosion et aux forces m\u00e9caniques.\",\"breadcrumb\":{\"@id\":\"https:\\\/\\\/industriemaroc.com\\\/produit\\\/tendeur-a-oeils\\\/#breadcrumb\"},\"inLanguage\":\"en-US\",\"potentialAction\":[{\"@type\":\"ReadAction\",\"target\":[\"https:\\\/\\\/industriemaroc.com\\\/produit\\\/tendeur-a-oeils\\\/\"]}]},{\"@type\":\"ImageObject\",\"inLanguage\":\"en-US\",\"@id\":\"https:\\\/\\\/industriemaroc.com\\\/produit\\\/tendeur-a-oeils\\\/#primaryimage\",\"url\":\"https:\\\/\\\/industriemaroc.com\\\/wp-content\\\/uploads\\\/2023\\\/08\\\/3-3.jpg\",\"contentUrl\":\"https:\\\/\\\/industriemaroc.com\\\/wp-content\\\/uploads\\\/2023\\\/08\\\/3-3.jpg\",\"width\":384,\"height\":384},{\"@type\":\"BreadcrumbList\",\"@id\":\"https:\\\/\\\/industriemaroc.com\\\/produit\\\/tendeur-a-oeils\\\/#breadcrumb\",\"itemListElement\":[{\"@type\":\"ListItem\",\"position\":1,\"name\":\"Home\",\"item\":\"https:\\\/\\\/industriemaroc.com\\\/\"},{\"@type\":\"ListItem\",\"position\":2,\"name\":\"Shop\",\"item\":\"https:\\\/\\\/industriemaroc.com\\\/shop\\\/\"},{\"@type\":\"ListItem\",\"position\":3,\"name\":\"Tendeur A Oeils &#8211; Fixation\"}]},{\"@type\":\"WebSite\",\"@id\":\"https:\\\/\\\/industriemaroc.com\\\/#website\",\"url\":\"https:\\\/\\\/industriemaroc.com\\\/\",\"name\":\"Industrie Maroc Online\",\"description\":\"Plateforme B2B de mat\u00e9riel professionnel au Maroc\",\"publisher\":{\"@id\":\"https:\\\/\\\/industriemaroc.com\\\/#organization\"},\"potentialAction\":[{\"@type\":\"SearchAction\",\"target\":{\"@type\":\"EntryPoint\",\"urlTemplate\":\"https:\\\/\\\/industriemaroc.com\\\/?s={search_term_string}\"},\"query-input\":{\"@type\":\"PropertyValueSpecification\",\"valueRequired\":true,\"valueName\":\"search_term_string\"}}],\"inLanguage\":\"en-US\"},{\"@type\":\"Organization\",\"@id\":\"https:\\\/\\\/industriemaroc.com\\\/#organization\",\"name\":\"industriemaroc.com\",\"url\":\"https:\\\/\\\/industriemaroc.com\\\/\",\"logo\":{\"@type\":\"ImageObject\",\"inLanguage\":\"en-US\",\"@id\":\"https:\\\/\\\/industriemaroc.com\\\/#\\\/schema\\\/logo\\\/image\\\/\",\"url\":\"https:\\\/\\\/industriemaroc.com\\\/wp-content\\\/uploads\\\/2024\\\/04\\\/IM.jpg\",\"contentUrl\":\"https:\\\/\\\/industriemaroc.com\\\/wp-content\\\/uploads\\\/2024\\\/04\\\/IM.jpg\",\"width\":2500,\"height\":2500,\"caption\":\"industriemaroc.com\"},\"image\":{\"@id\":\"https:\\\/\\\/industriemaroc.com\\\/#\\\/schema\\\/logo\\\/image\\\/\"}}]}<\/script>\n<!-- \/ Yoast SEO plugin. -->","yoast_head_json":{"title":"Tendeur A Oeils - Fixation - Industrie Maroc Online","description":"Ajuster la tension dans des c\u00e2bles ou des fils.  Fabriqu\u00e9 en acier inoxydable ou en acier galvanis\u00e9.  R\u00e9sistance \u00e0 la corrosion et aux forces m\u00e9caniques.","robots":{"index":"index","follow":"follow","max-snippet":"max-snippet:-1","max-image-preview":"max-image-preview:large","max-video-preview":"max-video-preview:-1"},"canonical":"https:\/\/industriemaroc.com\/en\/product\/tendeur-a-oeils\/","og_locale":"en_US","og_type":"article","og_title":"Tendeur A Oeils - Fixation - Industrie Maroc Online","og_description":"Ajuster la tension dans des c\u00e2bles ou des fils.  Fabriqu\u00e9 en acier inoxydable ou en acier galvanis\u00e9.  R\u00e9sistance \u00e0 la corrosion et aux forces m\u00e9caniques.","og_url":"https:\/\/industriemaroc.com\/en\/product\/tendeur-a-oeils\/","og_site_name":"Industrie Maroc Online","article_modified_time":"2024-09-30T18:45:06+00:00","og_image":[{"width":384,"height":384,"url":"https:\/\/industriemaroc.com\/wp-content\/uploads\/2023\/08\/3-3.jpg","type":"image\/jpeg"}],"twitter_card":"summary_large_image","schema":{"@context":"https:\/\/schema.org","@graph":[{"@type":"WebPage","@id":"https:\/\/industriemaroc.com\/produit\/tendeur-a-oeils\/","url":"https:\/\/industriemaroc.com\/produit\/tendeur-a-oeils\/","name":"Tendeur A Oeils - Fixation - Industrie Maroc Online","isPartOf":{"@id":"https:\/\/industriemaroc.com\/#website"},"primaryImageOfPage":{"@id":"https:\/\/industriemaroc.com\/produit\/tendeur-a-oeils\/#primaryimage"},"image":{"@id":"https:\/\/industriemaroc.com\/produit\/tendeur-a-oeils\/#primaryimage"},"thumbnailUrl":"https:\/\/industriemaroc.com\/wp-content\/uploads\/2023\/08\/3-3.jpg","datePublished":"2023-08-20T12:36:38+00:00","dateModified":"2024-09-30T18:45:06+00:00","description":"Ajuster la tension dans des c\u00e2bles ou des fils. Fabriqu\u00e9 en acier inoxydable ou en acier galvanis\u00e9. R\u00e9sistance \u00e0 la corrosion et aux forces m\u00e9caniques.","breadcrumb":{"@id":"https:\/\/industriemaroc.com\/produit\/tendeur-a-oeils\/#breadcrumb"},"inLanguage":"en-US","potentialAction":[{"@type":"ReadAction","target":["https:\/\/industriemaroc.com\/produit\/tendeur-a-oeils\/"]}]},{"@type":"ImageObject","inLanguage":"en-US","@id":"https:\/\/industriemaroc.com\/produit\/tendeur-a-oeils\/#primaryimage","url":"https:\/\/industriemaroc.com\/wp-content\/uploads\/2023\/08\/3-3.jpg","contentUrl":"https:\/\/industriemaroc.com\/wp-content\/uploads\/2023\/08\/3-3.jpg","width":384,"height":384},{"@type":"BreadcrumbList","@id":"https:\/\/industriemaroc.com\/produit\/tendeur-a-oeils\/#breadcrumb","itemListElement":[{"@type":"ListItem","position":1,"name":"Home","item":"https:\/\/industriemaroc.com\/"},{"@type":"ListItem","position":2,"name":"Shop","item":"https:\/\/industriemaroc.com\/shop\/"},{"@type":"ListItem","position":3,"name":"Tendeur A Oeils &#8211; Fixation"}]},{"@type":"WebSite","@id":"https:\/\/industriemaroc.com\/#website","url":"https:\/\/industriemaroc.com\/","name":"Industrie Maroc Online","description":"Plateforme B2B de mat\u00e9riel professionnel au Maroc","publisher":{"@id":"https:\/\/industriemaroc.com\/#organization"},"potentialAction":[{"@type":"SearchAction","target":{"@type":"EntryPoint","urlTemplate":"https:\/\/industriemaroc.com\/?s={search_term_string}"},"query-input":{"@type":"PropertyValueSpecification","valueRequired":true,"valueName":"search_term_string"}}],"inLanguage":"en-US"},{"@type":"Organization","@id":"https:\/\/industriemaroc.com\/#organization","name":"industriemaroc.com","url":"https:\/\/industriemaroc.com\/","logo":{"@type":"ImageObject","inLanguage":"en-US","@id":"https:\/\/industriemaroc.com\/#\/schema\/logo\/image\/","url":"https:\/\/industriemaroc.com\/wp-content\/uploads\/2024\/04\/IM.jpg","contentUrl":"https:\/\/industriemaroc.com\/wp-content\/uploads\/2024\/04\/IM.jpg","width":2500,"height":2500,"caption":"industriemaroc.com"},"image":{"@id":"https:\/\/industriemaroc.com\/#\/schema\/logo\/image\/"}}]}},"_links":{"self":[{"href":"https:\/\/industriemaroc.com\/en\/wp-json\/wp\/v2\/product\/17853","targetHints":{"allow":["GET"]}}],"collection":[{"href":"https:\/\/industriemaroc.com\/en\/wp-json\/wp\/v2\/product"}],"about":[{"href":"https:\/\/industriemaroc.com\/en\/wp-json\/wp\/v2\/types\/product"}],"replies":[{"embeddable":true,"href":"https:\/\/industriemaroc.com\/en\/wp-json\/wp\/v2\/comments?post=17853"}],"version-history":[{"count":3,"href":"https:\/\/industriemaroc.com\/en\/wp-json\/wp\/v2\/product\/17853\/revisions"}],"predecessor-version":[{"id":23652,"href":"https:\/\/industriemaroc.com\/en\/wp-json\/wp\/v2\/product\/17853\/revisions\/23652"}],"wp:featuredmedia":[{"embeddable":true,"href":"https:\/\/industriemaroc.com\/en\/wp-json\/wp\/v2\/media\/17844"}],"wp:attachment":[{"href":"https:\/\/industriemaroc.com\/en\/wp-json\/wp\/v2\/media?parent=17853"}],"wp:term":[{"taxonomy":"product_brand","embeddable":true,"href":"https:\/\/industriemaroc.com\/en\/wp-json\/wp\/v2\/product_brand?post=17853"},{"taxonomy":"product_cat","embeddable":true,"href":"https:\/\/industriemaroc.com\/en\/wp-json\/wp\/v2\/product_cat?post=17853"},{"taxonomy":"product_tag","embeddable":true,"href":"https:\/\/industriemaroc.com\/en\/wp-json\/wp\/v2\/product_tag?post=17853"}],"curies":[{"name":"wp","href":"https:\/\/api.w.org\/{rel}","templated":true}]}}