{"id":18005,"date":"2023-08-25T15:22:07","date_gmt":"2023-08-25T13:22:07","guid":{"rendered":"https:\/\/industriemaroc.com\/?post_type=product&#038;p=18005"},"modified":"2024-09-30T20:50:16","modified_gmt":"2024-09-30T18:50:16","slug":"defibrillateur-automatique-saver-one-power","status":"publish","type":"product","link":"https:\/\/industriemaroc.com\/en\/product\/defibrillateur-automatique-saver-one-power\/","title":{"rendered":"D\u00e9fibrillateur Auto Saver One &#8211; Power"},"content":{"rendered":"<p>Appareil portable extr\u00eamement compact.<\/p>\n<p>L\u00e9ger et facile d\u2019utilisation.<\/p>\n<p>Vous accompagne durant tout le processus de r\u00e9animation de la victime d&rsquo;un<br \/>\narr\u00eat cardiovasculaire.<br \/>\nCe d\u00e9\ufb01brillateur interactif contient des pictogrammes, des ic\u00f4nes lumineuses.<\/p>\n<p>Vous indique via des instructions vocales claires et pr\u00e9cises, les \u00e9tapes \u00e0 \u00e9tablir a\ufb01n d&rsquo;\u00e9tablir une<br \/>\nr\u00e9animation cardiopulmonaire au plus vite et en toute s\u00e9curit\u00e9.<br \/>\nLe mode enti\u00e8rement automatique est con\u00e7u pour d\u00e9livrer le choc th\u00e9rapeutique<br \/>\nautomatiquement sans appuyer sur un bouton ou autres interventions humaines.<\/p>\n<p>Les d\u00e9\ufb01brillateurs SAVER ONE ont \u00e9t\u00e9 fabriqu\u00e9s conform\u00e9ment aux normes IEC60601-2-4.<\/p>\n<p>Optimis\u00e9s pour une utilisation tr\u00e8s rapide: le temps de chargement pour un choc est<br \/>\nvraiment court.<\/p>\n<p>Ces appareils r\u00e9pondent \u00e0 toutes les diff\u00e9rentes demandes du march\u00e9.<\/p>\n<p>Sont disponibles en 2 versions de niveau d&rsquo;\u00e9nergie:<br \/>\n\u2022 Version Standard : maximum d\u2019\u00e9nergie \u00e0 200J (SVO-B0847)<br \/>\n\u2022 Version Power : maximum d\u2019\u00e9nergie \u00e0 360J (SVO-B0848)<br \/>\nUtilisations : en lieux de travail, chantiers, cabinets m\u00e9dicaux, \u00e9coles, complexes sportifs,<br \/>\nh\u00f4tels, salles de conf\u00e9rence\u2026<\/p>","protected":false},"excerpt":{"rendered":"<p>Compact, l\u00e9ger et facile d\u2019utilisation.<\/p>\n<p>Vous accompagne durant tout le processus de r\u00e9animation de la victime d&rsquo;un arr\u00eat cardiovasculaire.<\/p>","protected":false},"featured_media":17981,"comment_status":"open","ping_status":"closed","template":"","meta":{"om_disable_all_campaigns":false,"_monsterinsights_skip_tracking":false,"_monsterinsights_sitenote_active":false,"_monsterinsights_sitenote_note":"","_monsterinsights_sitenote_category":0,"_uf_show_specific_survey":0,"_uf_disable_surveys":false,"_joinchat":[]},"product_brand":[],"product_cat":[702,680,670],"product_tag":[],"class_list":{"0":"post-18005","1":"product","2":"type-product","3":"status-publish","4":"has-post-thumbnail","6":"product_cat-defibrillateur","7":"product_cat-materiel-infirmier-maroc","8":"product_cat-securite-sante","10":"first","11":"instock","12":"taxable","13":"shipping-taxable","14":"product-type-simple"},"yoast_head":"<!-- This site is optimized with the Yoast SEO plugin v27.4 - https:\/\/yoast.com\/product\/yoast-seo-wordpress\/ -->\n<title>D\u00e9fibrillateur Auto Saver One - Power - Industrie Maroc Online<\/title>\n<meta name=\"description\" content=\"Compact, l\u00e9ger et facile d\u2019utilisation.  Vous accompagne durant tout le processus de r\u00e9animation de la victime d&#039;un arr\u00eat cardiovasculaire.\" \/>\n<meta name=\"robots\" content=\"index, follow, max-snippet:-1, max-image-preview:large, max-video-preview:-1\" \/>\n<link rel=\"canonical\" href=\"https:\/\/industriemaroc.com\/en\/product\/defibrillateur-automatique-saver-one-power\/\" \/>\n<meta property=\"og:locale\" content=\"en_US\" \/>\n<meta property=\"og:type\" content=\"article\" \/>\n<meta property=\"og:title\" content=\"D\u00e9fibrillateur Auto Saver One - Power - Industrie Maroc Online\" \/>\n<meta property=\"og:description\" content=\"Compact, l\u00e9ger et facile d\u2019utilisation.  Vous accompagne durant tout le processus de r\u00e9animation de la victime d&#039;un arr\u00eat cardiovasculaire.\" \/>\n<meta property=\"og:url\" content=\"https:\/\/industriemaroc.com\/en\/product\/defibrillateur-automatique-saver-one-power\/\" \/>\n<meta property=\"og:site_name\" content=\"Industrie Maroc Online\" \/>\n<meta property=\"article:modified_time\" content=\"2024-09-30T18:50:16+00:00\" \/>\n<meta property=\"og:image\" content=\"https:\/\/industriemaroc.com\/wp-content\/uploads\/2023\/08\/3-4.jpg\" \/>\n\t<meta property=\"og:image:width\" content=\"474\" \/>\n\t<meta property=\"og:image:height\" content=\"474\" \/>\n\t<meta property=\"og:image:type\" content=\"image\/jpeg\" \/>\n<meta name=\"twitter:card\" content=\"summary_large_image\" \/>\n<meta name=\"twitter:label1\" content=\"Est. reading time\" \/>\n\t<meta name=\"twitter:data1\" content=\"1 minute\" \/>\n<script type=\"application\/ld+json\" class=\"yoast-schema-graph\">{\"@context\":\"https:\\\/\\\/schema.org\",\"@graph\":[{\"@type\":\"WebPage\",\"@id\":\"https:\\\/\\\/industriemaroc.com\\\/produit\\\/defibrillateur-automatique-saver-one-power\\\/\",\"url\":\"https:\\\/\\\/industriemaroc.com\\\/produit\\\/defibrillateur-automatique-saver-one-power\\\/\",\"name\":\"D\u00e9fibrillateur Auto Saver One - Power - Industrie Maroc Online\",\"isPartOf\":{\"@id\":\"https:\\\/\\\/industriemaroc.com\\\/#website\"},\"primaryImageOfPage\":{\"@id\":\"https:\\\/\\\/industriemaroc.com\\\/produit\\\/defibrillateur-automatique-saver-one-power\\\/#primaryimage\"},\"image\":{\"@id\":\"https:\\\/\\\/industriemaroc.com\\\/produit\\\/defibrillateur-automatique-saver-one-power\\\/#primaryimage\"},\"thumbnailUrl\":\"https:\\\/\\\/industriemaroc.com\\\/wp-content\\\/uploads\\\/2023\\\/08\\\/3-4.jpg\",\"datePublished\":\"2023-08-25T13:22:07+00:00\",\"dateModified\":\"2024-09-30T18:50:16+00:00\",\"description\":\"Compact, l\u00e9ger et facile d\u2019utilisation. Vous accompagne durant tout le processus de r\u00e9animation de la victime d'un arr\u00eat cardiovasculaire.\",\"breadcrumb\":{\"@id\":\"https:\\\/\\\/industriemaroc.com\\\/produit\\\/defibrillateur-automatique-saver-one-power\\\/#breadcrumb\"},\"inLanguage\":\"en-US\",\"potentialAction\":[{\"@type\":\"ReadAction\",\"target\":[\"https:\\\/\\\/industriemaroc.com\\\/produit\\\/defibrillateur-automatique-saver-one-power\\\/\"]}]},{\"@type\":\"ImageObject\",\"inLanguage\":\"en-US\",\"@id\":\"https:\\\/\\\/industriemaroc.com\\\/produit\\\/defibrillateur-automatique-saver-one-power\\\/#primaryimage\",\"url\":\"https:\\\/\\\/industriemaroc.com\\\/wp-content\\\/uploads\\\/2023\\\/08\\\/3-4.jpg\",\"contentUrl\":\"https:\\\/\\\/industriemaroc.com\\\/wp-content\\\/uploads\\\/2023\\\/08\\\/3-4.jpg\",\"width\":474,\"height\":474},{\"@type\":\"BreadcrumbList\",\"@id\":\"https:\\\/\\\/industriemaroc.com\\\/produit\\\/defibrillateur-automatique-saver-one-power\\\/#breadcrumb\",\"itemListElement\":[{\"@type\":\"ListItem\",\"position\":1,\"name\":\"Home\",\"item\":\"https:\\\/\\\/industriemaroc.com\\\/\"},{\"@type\":\"ListItem\",\"position\":2,\"name\":\"Shop\",\"item\":\"https:\\\/\\\/industriemaroc.com\\\/shop\\\/\"},{\"@type\":\"ListItem\",\"position\":3,\"name\":\"D\u00e9fibrillateur Auto Saver One &#8211; Power\"}]},{\"@type\":\"WebSite\",\"@id\":\"https:\\\/\\\/industriemaroc.com\\\/#website\",\"url\":\"https:\\\/\\\/industriemaroc.com\\\/\",\"name\":\"Industrie Maroc Online\",\"description\":\"Plateforme B2B de mat\u00e9riel professionnel au Maroc\",\"publisher\":{\"@id\":\"https:\\\/\\\/industriemaroc.com\\\/#organization\"},\"potentialAction\":[{\"@type\":\"SearchAction\",\"target\":{\"@type\":\"EntryPoint\",\"urlTemplate\":\"https:\\\/\\\/industriemaroc.com\\\/?s={search_term_string}\"},\"query-input\":{\"@type\":\"PropertyValueSpecification\",\"valueRequired\":true,\"valueName\":\"search_term_string\"}}],\"inLanguage\":\"en-US\"},{\"@type\":\"Organization\",\"@id\":\"https:\\\/\\\/industriemaroc.com\\\/#organization\",\"name\":\"industriemaroc.com\",\"url\":\"https:\\\/\\\/industriemaroc.com\\\/\",\"logo\":{\"@type\":\"ImageObject\",\"inLanguage\":\"en-US\",\"@id\":\"https:\\\/\\\/industriemaroc.com\\\/#\\\/schema\\\/logo\\\/image\\\/\",\"url\":\"https:\\\/\\\/industriemaroc.com\\\/wp-content\\\/uploads\\\/2024\\\/04\\\/IM.jpg\",\"contentUrl\":\"https:\\\/\\\/industriemaroc.com\\\/wp-content\\\/uploads\\\/2024\\\/04\\\/IM.jpg\",\"width\":2500,\"height\":2500,\"caption\":\"industriemaroc.com\"},\"image\":{\"@id\":\"https:\\\/\\\/industriemaroc.com\\\/#\\\/schema\\\/logo\\\/image\\\/\"}}]}<\/script>\n<!-- \/ Yoast SEO plugin. -->","yoast_head_json":{"title":"D\u00e9fibrillateur Auto Saver One - Power - Industrie Maroc Online","description":"Compact, l\u00e9ger et facile d\u2019utilisation.  Vous accompagne durant tout le processus de r\u00e9animation de la victime d'un arr\u00eat cardiovasculaire.","robots":{"index":"index","follow":"follow","max-snippet":"max-snippet:-1","max-image-preview":"max-image-preview:large","max-video-preview":"max-video-preview:-1"},"canonical":"https:\/\/industriemaroc.com\/en\/product\/defibrillateur-automatique-saver-one-power\/","og_locale":"en_US","og_type":"article","og_title":"D\u00e9fibrillateur Auto Saver One - Power - Industrie Maroc Online","og_description":"Compact, l\u00e9ger et facile d\u2019utilisation.  Vous accompagne durant tout le processus de r\u00e9animation de la victime d'un arr\u00eat cardiovasculaire.","og_url":"https:\/\/industriemaroc.com\/en\/product\/defibrillateur-automatique-saver-one-power\/","og_site_name":"Industrie Maroc Online","article_modified_time":"2024-09-30T18:50:16+00:00","og_image":[{"width":474,"height":474,"url":"https:\/\/industriemaroc.com\/wp-content\/uploads\/2023\/08\/3-4.jpg","type":"image\/jpeg"}],"twitter_card":"summary_large_image","twitter_misc":{"Est. reading time":"1 minute"},"schema":{"@context":"https:\/\/schema.org","@graph":[{"@type":"WebPage","@id":"https:\/\/industriemaroc.com\/produit\/defibrillateur-automatique-saver-one-power\/","url":"https:\/\/industriemaroc.com\/produit\/defibrillateur-automatique-saver-one-power\/","name":"D\u00e9fibrillateur Auto Saver One - Power - Industrie Maroc Online","isPartOf":{"@id":"https:\/\/industriemaroc.com\/#website"},"primaryImageOfPage":{"@id":"https:\/\/industriemaroc.com\/produit\/defibrillateur-automatique-saver-one-power\/#primaryimage"},"image":{"@id":"https:\/\/industriemaroc.com\/produit\/defibrillateur-automatique-saver-one-power\/#primaryimage"},"thumbnailUrl":"https:\/\/industriemaroc.com\/wp-content\/uploads\/2023\/08\/3-4.jpg","datePublished":"2023-08-25T13:22:07+00:00","dateModified":"2024-09-30T18:50:16+00:00","description":"Compact, l\u00e9ger et facile d\u2019utilisation. Vous accompagne durant tout le processus de r\u00e9animation de la victime d'un arr\u00eat cardiovasculaire.","breadcrumb":{"@id":"https:\/\/industriemaroc.com\/produit\/defibrillateur-automatique-saver-one-power\/#breadcrumb"},"inLanguage":"en-US","potentialAction":[{"@type":"ReadAction","target":["https:\/\/industriemaroc.com\/produit\/defibrillateur-automatique-saver-one-power\/"]}]},{"@type":"ImageObject","inLanguage":"en-US","@id":"https:\/\/industriemaroc.com\/produit\/defibrillateur-automatique-saver-one-power\/#primaryimage","url":"https:\/\/industriemaroc.com\/wp-content\/uploads\/2023\/08\/3-4.jpg","contentUrl":"https:\/\/industriemaroc.com\/wp-content\/uploads\/2023\/08\/3-4.jpg","width":474,"height":474},{"@type":"BreadcrumbList","@id":"https:\/\/industriemaroc.com\/produit\/defibrillateur-automatique-saver-one-power\/#breadcrumb","itemListElement":[{"@type":"ListItem","position":1,"name":"Home","item":"https:\/\/industriemaroc.com\/"},{"@type":"ListItem","position":2,"name":"Shop","item":"https:\/\/industriemaroc.com\/shop\/"},{"@type":"ListItem","position":3,"name":"D\u00e9fibrillateur Auto Saver One &#8211; Power"}]},{"@type":"WebSite","@id":"https:\/\/industriemaroc.com\/#website","url":"https:\/\/industriemaroc.com\/","name":"Industrie Maroc Online","description":"Plateforme B2B de mat\u00e9riel professionnel au Maroc","publisher":{"@id":"https:\/\/industriemaroc.com\/#organization"},"potentialAction":[{"@type":"SearchAction","target":{"@type":"EntryPoint","urlTemplate":"https:\/\/industriemaroc.com\/?s={search_term_string}"},"query-input":{"@type":"PropertyValueSpecification","valueRequired":true,"valueName":"search_term_string"}}],"inLanguage":"en-US"},{"@type":"Organization","@id":"https:\/\/industriemaroc.com\/#organization","name":"industriemaroc.com","url":"https:\/\/industriemaroc.com\/","logo":{"@type":"ImageObject","inLanguage":"en-US","@id":"https:\/\/industriemaroc.com\/#\/schema\/logo\/image\/","url":"https:\/\/industriemaroc.com\/wp-content\/uploads\/2024\/04\/IM.jpg","contentUrl":"https:\/\/industriemaroc.com\/wp-content\/uploads\/2024\/04\/IM.jpg","width":2500,"height":2500,"caption":"industriemaroc.com"},"image":{"@id":"https:\/\/industriemaroc.com\/#\/schema\/logo\/image\/"}}]}},"_links":{"self":[{"href":"https:\/\/industriemaroc.com\/en\/wp-json\/wp\/v2\/product\/18005","targetHints":{"allow":["GET"]}}],"collection":[{"href":"https:\/\/industriemaroc.com\/en\/wp-json\/wp\/v2\/product"}],"about":[{"href":"https:\/\/industriemaroc.com\/en\/wp-json\/wp\/v2\/types\/product"}],"replies":[{"embeddable":true,"href":"https:\/\/industriemaroc.com\/en\/wp-json\/wp\/v2\/comments?post=18005"}],"version-history":[{"count":4,"href":"https:\/\/industriemaroc.com\/en\/wp-json\/wp\/v2\/product\/18005\/revisions"}],"predecessor-version":[{"id":23653,"href":"https:\/\/industriemaroc.com\/en\/wp-json\/wp\/v2\/product\/18005\/revisions\/23653"}],"wp:featuredmedia":[{"embeddable":true,"href":"https:\/\/industriemaroc.com\/en\/wp-json\/wp\/v2\/media\/17981"}],"wp:attachment":[{"href":"https:\/\/industriemaroc.com\/en\/wp-json\/wp\/v2\/media?parent=18005"}],"wp:term":[{"taxonomy":"product_brand","embeddable":true,"href":"https:\/\/industriemaroc.com\/en\/wp-json\/wp\/v2\/product_brand?post=18005"},{"taxonomy":"product_cat","embeddable":true,"href":"https:\/\/industriemaroc.com\/en\/wp-json\/wp\/v2\/product_cat?post=18005"},{"taxonomy":"product_tag","embeddable":true,"href":"https:\/\/industriemaroc.com\/en\/wp-json\/wp\/v2\/product_tag?post=18005"}],"curies":[{"name":"wp","href":"https:\/\/api.w.org\/{rel}","templated":true}]}}