{"id":18007,"date":"2023-08-25T15:29:27","date_gmt":"2023-08-25T13:29:27","guid":{"rendered":"https:\/\/industriemaroc.com\/?post_type=product&#038;p=18007"},"modified":"2024-09-05T21:24:12","modified_gmt":"2024-09-05T19:24:12","slug":"defibrillateur-automatique-saver-one-standard","status":"publish","type":"product","link":"https:\/\/industriemaroc.com\/en\/product\/defibrillateur-automatique-saver-one-standard\/","title":{"rendered":"D\u00e9fibrillateur Auto Saver One &#8211; Standard"},"content":{"rendered":"<p><b>Features:<\/b><\/p>\n<p><span style=\"font-weight: 400;\">Le D\u00e9\ufb01brillateur <\/span><b>Saver One <\/b><span style=\"font-weight: 400;\">est un appareil portable extr\u00eamement compact, l\u00e9ger et facile d\u2019utilisation. Il vous accompagne durant tout le processus de r\u00e9animation de la victime d&rsquo;un arr\u00eat cardiovasculaire. <\/span><span style=\"font-weight: 400;\">Ce d\u00e9\ufb01brillateur interactif contient des pictogrammes, des ic\u00f4nes lumineuses et vous indique via des instructions vocales claires et pr\u00e9cises, les \u00e9tapes \u00e0 \u00e9tablir a\ufb01n d&rsquo;\u00e9tablir une r\u00e9animation cardiopulmonaire au plus vite et en toute s\u00e9curit\u00e9. <\/span><span style=\"font-weight: 400;\">Le <\/span><b>mode enti\u00e8rement automatique <\/b><span style=\"font-weight: 400;\">est con\u00e7u pour d\u00e9livrer le choc th\u00e9rapeutique automatiquement sans appuyer sur un bouton ou autres interventions humaines. <\/span><span style=\"font-weight: 400;\">Les d\u00e9\ufb01brillateurs SAVER ONE ont \u00e9t\u00e9 fabriqu\u00e9s conform\u00e9ment aux normes IEC60601-2-4 et sont optimis\u00e9s pour une utilisation tr\u00e8s rapide: le temps de chargement pour un choc est vraiment court. Ces appareils r\u00e9pondent \u00e0 toutes les diff\u00e9rentes demandes du march\u00e9, ils sont disponibles en 2 versions de niveau d&rsquo;\u00e9nergie:<\/span><b><\/b><\/p>\n<ul>\n<li aria-level=\"1\"><b>Version Standard : <\/b><span style=\"font-weight: 400;\">maximum d\u2019\u00e9nergie \u00e0 200J (SVO-B0847)<\/span><\/li>\n<\/ul>\n<ul>\n<li aria-level=\"1\"><b>Version Power <\/b><span style=\"font-weight: 400;\">: maximum d\u2019\u00e9nergie \u00e0 360J (SVO-B0848)<\/span><\/li>\n<\/ul>\n<p><span style=\"font-weight: 400;\">Utilisations :<\/span><span style=\"font-weight: 400;\"> en lieux de travail, chantiers, cabinets m\u00e9dicaux, \u00e9coles, complexes sportifs, h\u00f4tels, salles de conf\u00e9rence\u2026<\/span><\/p>\n<p>&nbsp;<\/p>\n<h1><b>D\u00e9\ufb01brillateur &#8211; Version Standard<\/b><\/h1>\n<p>&nbsp;<\/p>\n<p><b>Fonction <\/b><span style=\"font-weight: 400;\">: Version enti\u00e8rement automatique<\/span><\/p>\n<p><b>Energie <\/b><span style=\"font-weight: 400;\">: max 200J<\/span><\/p>\n<p><b>Forme d\u2019onde <\/b><span style=\"font-weight: 400;\">: BTA (Biphasique Trap\u00e9zo\u00efdale Adaptive) conforme \u00e0 l&rsquo;imp\u00e9dance de la poitrine du patient.<\/span><\/p>\n<h1><b>Protocoles DAE Programmes par d\u00e9faut :<\/b><\/h1>\n<ul>\n<li aria-level=\"1\"><span style=\"font-weight: 400;\">Adulte \u2013 croissante 150, 200, 200J<\/span><\/li>\n<li aria-level=\"1\"><span style=\"font-weight: 400;\">P\u00e9diatrique 50J &#8211; \ufb01xe<\/span><\/li>\n<\/ul>\n<p><b>Temps de charge <\/b><span style=\"font-weight: 400;\">: \u00e0 9 secondes avec une nouvelle batterie totalement recharg\u00e9e (Une batterie affaiblie r\u00e9sultera \u00e0 un temps de charge plus cons\u00e9quent.<\/span><\/p>\n<p><b>Temps d\u2019analyse <\/b><span style=\"font-weight: 400;\">: IEC\/EN 60601-2-4 de 4 \u00e0 15 secondes.<\/span><\/p>\n<p><b>Imp\u00e9dance <\/b><span style=\"font-weight: 400;\">: 20-200 ohms<\/span><\/p>\n<p><b>Sensibilit\u00e9 <\/b><span style=\"font-weight: 400;\">: IEC\/EN 60601-2-4(AHADB, MITDB source), 97% <\/span><b>Sp\u00e9ci\ufb01cit\u00e9 <\/b><span style=\"font-weight: 400;\">: IEC\/EN 60601-2-4(AHADB, MITDB source), 99% <\/span><b>Commandes <\/b><span style=\"font-weight: 400;\">: 2 boutons : ON \/OFF, \u2018\u2019i\u2019\u2019 bouton d\u2019information <\/span><b>Ic\u00f4nes lumineuses :<\/b><\/p>\n<ul>\n<li aria-level=\"1\"><span style=\"font-weight: 400;\">\u2018Connecter les \u00e9lectrodes au patient\u2019<\/span><\/li>\n<\/ul>\n<ul>\n<li aria-level=\"1\"><span style=\"font-weight: 400;\">\u2018Adulte\/Enfant\u2019 informant sur le type d\u2019\u00e9lectrodes \u00e0 utiliser<\/span><\/li>\n<\/ul>\n<ul>\n<li aria-level=\"1\"><span style=\"font-weight: 400;\">\u2018Ne pas toucher le patient\u2019 avertissant de rester loin du patient<\/span><\/li>\n<\/ul>\n<ul>\n<li aria-level=\"1\"><span style=\"font-weight: 400;\">\u2018Choc effectu\u00e9 informant sur la possibilit\u00e9 de toucher le patient<\/span><\/li>\n<\/ul>\n<p>&nbsp;<\/p>\n<h1><b>Indicateurs :<\/b><b><\/b><\/h1>\n<ul>\n<li aria-level=\"1\"><span style=\"font-weight: 400;\">Indicateur LED informant sur l&rsquo;\u00e9tat de l\u2019appareil.<\/span><\/li>\n<\/ul>\n<ul>\n<li aria-level=\"1\"><span style=\"font-weight: 400;\">Jauge de batterie avec taux de capacit\u00e9 restante.<\/span><\/li>\n<\/ul>\n<ul>\n<li aria-level=\"1\"><span style=\"font-weight: 400;\">Alertes sonores et texte avec des options d\u2019alarmes.<\/span><span style=\"font-weight: 400;\"><br \/>\n<\/span><\/li>\n<\/ul>\n<p><b>Evolutif <\/b><span style=\"font-weight: 400;\">: via c\u00e2ble USB ou carte m\u00e9moire.<\/span><\/p>\n<p>&nbsp;<\/p>\n<h1><b>Electrodes<\/b><\/h1>\n<p><b>Type : <\/b><span style=\"font-weight: 400;\">jetables, pr\u00e9-g\u00e9li\ufb01\u00e9es et auto adh\u00e9sives.<\/span><\/p>\n<p><b>Adulte <\/b><span style=\"font-weight: 400;\">: Code SAV-C0846, pour patients &gt; \u00e0 8 ans ou poids &gt; 25 kg <\/span><b>P\u00e9diatrique <\/b><span style=\"font-weight: 400;\">: Code SAV \u2013C0016, pour patients &lt; 8 ans ou poids &lt; 25 kg. <\/span><b>Longueur c\u00e2ble : <\/b><span style=\"font-weight: 400;\">120 cm.<\/span><\/p>\n<p><b>Dur\u00e9e de conservation <\/b><span style=\"font-weight: 400;\">: 30 mois<\/span><\/p>\n<p>&nbsp;<\/p>\n<h1><b>Propri\u00e9t\u00e9s de l\u2019appareil :<\/b><\/h1>\n<p><b>Dimens<\/b><span style=\"font-weight: 400;\">ion : 26.5*21.5*7.5 cm <\/span><b>Poids <\/b><span style=\"font-weight: 400;\">: 1.95 kg avec batterie jetable <\/span><b>Enregistrement des donn\u00e9es<\/b><\/p>\n<p><b>M\u00e9moire interne <\/b><span style=\"font-weight: 400;\">: Jusqu\u2019\u00e0 6 heures continues d\u2019ECG et pratiques de secours.<\/span><\/p>\n<p><b>M\u00e9moire optionnelle <\/b><span style=\"font-weight: 400;\">: carte SD amovible, la dur\u00e9e de stockage d\u00e9pend de la capacit\u00e9 de la carte : une carte de 2 GB enregistre jusqu\u2019\u00e0 100 heures.<\/span><\/p>\n<p><b>Enregistrement de donn\u00e9es <\/b><span style=\"font-weight: 400;\">: \u00ab AED1LOG \u00bb \ufb01chier texte d\u00e9taill\u00e9 avec activit\u00e9 d&rsquo;autotest *<\/span><\/p>\n<p><span style=\"font-weight: 400;\">\u00ab AEDFILES \u00bb avec enregistrement complet d\u2019information.<\/span><\/p>\n<p><b>Revue des donn\u00e9es <\/b><span style=\"font-weight: 400;\">: \u00ab Saver View express \u00bb logiciel de gestion des donn\u00e9es.<\/span><\/p>\n<p>&nbsp;<\/p>\n<h1><b>Options de Batterie<\/b><\/h1>\n<p><span style=\"font-weight: 400;\">Les d\u00e9\ufb01brillateurs Saver One sont livr\u00e9s avec des <\/span><span style=\"font-weight: 400;\">batteries jetables<\/span><span style=\"font-weight: 400;\"> :<\/span><\/p>\n<p><b>Type <\/b><span style=\"font-weight: 400;\">: Batterie jetable Li-SOCI2 , code SAV \u2013C0903<\/span><\/p>\n<p><b>Autonomie <\/b><span style=\"font-weight: 400;\">: 300 cycles complets de sauvetage (chocs \u00e0 200j et RCP) ou 200 cycles complets de sauvetage (chocs \u00e0 360 j et RCP) ou 35 heures Analyse ECG pour une nouvelle et pleine batterie recharg\u00e9e.<\/span><\/p>\n<p><b>Dur\u00e9e de conservation <\/b><span style=\"font-weight: 400;\">: 5 ans dans l\u2019emballage original.<\/span><\/p>\n<p><b>Dur\u00e9e de vie de la batterie <\/b><span style=\"font-weight: 400;\">: 4 ans une fois install\u00e9e au DAE, en supposant un test d&rsquo;insertion de la batterie et un autotest quotidien sans allumer le DAE.<\/span><\/p>\n<p><span style=\"font-weight: 400;\">Toutefois, il existe un autre type de batteries rechargeables, en option (\u00e0 la demande du client) :<\/span><\/p>\n<p>&nbsp;<\/p>\n<h1><b>Conditions d\u2019utilisation :<\/b><\/h1>\n<p><b>Temp\u00e9rature de fonctionnement : <\/b><span style=\"font-weight: 400;\">0\u00b0C \u00e0 55\u00b0C (32\u00b0F \u00e0131\u00b0F)<\/span><span style=\"font-weight: 400;\"><br \/>\n<\/span><\/p>\n<p><b>Temp\u00e9rature de stockage\/acheminement <\/b><span style=\"font-weight: 400;\">:-40\u00b0C \u00e0 70\u00b0C sans batterie.<\/span><\/p>\n<p><b>Humidit\u00e9 <\/b><span style=\"font-weight: 400;\">: 10% \u00e0 95% humidit\u00e9 relative non condens\u00e9e.<\/span><\/p>\n<p><b>Scellage (Protection IP) : <\/b><span style=\"font-weight: 400;\">IEC\/EN 60529 class IP 54, r\u00e9sistant aux \u00e9claboussures, prot\u00e8ge de la poussi\u00e8re.<\/span><\/p>\n<p><b>Choc : <\/b><span style=\"font-weight: 400;\">IEC\/EN 60601-1 clause 21 ; 1 m\u00e8tre goutte, force d\u2019impact, manipulation brutale, tol\u00e9rance mobile<\/span><\/p>\n<p><b>D\u00e9charge \u00e9lectrostatique : <\/b><span style=\"font-weight: 400;\">IEC\/EN 61000-4-2<\/span><\/p>\n<p><b>Compatibilit\u00e9 \u00e9lectromagn\u00e9tique <\/b><span style=\"font-weight: 400;\">: IEC\/EN 60601-1-2 Emission, Immunit\u00e9. <\/span><b>Protection \u00e9lectrique : <\/b><span style=\"font-weight: 400;\">IEC\/EN 60601-1, alimentation interne type BF\/CF <\/span><b>Directive 93\/42\/CEE et 2007\/47\/CE : <\/b><span style=\"font-weight: 400;\">Class IIb<\/span><\/p>","protected":false},"excerpt":{"rendered":"<ul>\n<li aria-level=\"1\"><b>Version Standard : <\/b><span style=\"font-weight: 400;\">maximum d\u2019\u00e9nergie \u00e0 200J (SVO-B0847).<\/span><\/li>\n<\/ul>\n<ul>\n<li aria-level=\"1\"><b>Version Power <\/b><span style=\"font-weight: 400;\">: maximum d\u2019\u00e9nergie \u00e0 360J (SVO-B0848).<\/span><\/li>\n<\/ul>\n<p>&nbsp;<\/p>","protected":false},"featured_media":17982,"comment_status":"open","ping_status":"closed","template":"","meta":{"om_disable_all_campaigns":false,"_monsterinsights_skip_tracking":false,"_monsterinsights_sitenote_active":false,"_monsterinsights_sitenote_note":"","_monsterinsights_sitenote_category":0,"_uf_show_specific_survey":0,"_uf_disable_surveys":false,"_joinchat":[]},"product_brand":[],"product_cat":[702,680,670],"product_tag":[],"class_list":{"0":"post-18007","1":"product","2":"type-product","3":"status-publish","4":"has-post-thumbnail","6":"product_cat-defibrillateur","7":"product_cat-materiel-infirmier-maroc","8":"product_cat-securite-sante","10":"first","11":"instock","12":"taxable","13":"shipping-taxable","14":"product-type-simple"},"yoast_head":"<!-- This site is optimized with the Yoast SEO plugin v27.4 - https:\/\/yoast.com\/product\/yoast-seo-wordpress\/ -->\n<title>D\u00e9fibrillateur Auto Saver One - Standard - Industrie Maroc Online<\/title>\n<meta name=\"description\" content=\"Version Standard : maximum d\u2019\u00e9nergie \u00e0 200J (SVO-B0847).    Version Power : maximum d\u2019\u00e9nergie \u00e0 360J (SVO-B0848).  &nbsp;\" \/>\n<meta name=\"robots\" content=\"index, follow, max-snippet:-1, max-image-preview:large, max-video-preview:-1\" \/>\n<link rel=\"canonical\" href=\"https:\/\/industriemaroc.com\/en\/product\/defibrillateur-automatique-saver-one-standard\/\" \/>\n<meta property=\"og:locale\" content=\"en_US\" \/>\n<meta property=\"og:type\" content=\"article\" \/>\n<meta property=\"og:title\" content=\"D\u00e9fibrillateur Auto Saver One - Standard - Industrie Maroc Online\" \/>\n<meta property=\"og:description\" content=\"Version Standard : maximum d\u2019\u00e9nergie \u00e0 200J (SVO-B0847).    Version Power : maximum d\u2019\u00e9nergie \u00e0 360J (SVO-B0848).  &nbsp;\" \/>\n<meta property=\"og:url\" content=\"https:\/\/industriemaroc.com\/en\/product\/defibrillateur-automatique-saver-one-standard\/\" \/>\n<meta property=\"og:site_name\" content=\"Industrie Maroc Online\" \/>\n<meta property=\"article:modified_time\" content=\"2024-09-05T19:24:12+00:00\" \/>\n<meta property=\"og:image\" content=\"https:\/\/industriemaroc.com\/wp-content\/uploads\/2023\/08\/4-6.jpg\" \/>\n\t<meta property=\"og:image:width\" content=\"474\" \/>\n\t<meta property=\"og:image:height\" content=\"474\" \/>\n\t<meta property=\"og:image:type\" content=\"image\/jpeg\" \/>\n<meta name=\"twitter:card\" content=\"summary_large_image\" \/>\n<meta name=\"twitter:label1\" content=\"Est. reading time\" \/>\n\t<meta name=\"twitter:data1\" content=\"4 minutes\" \/>\n<script type=\"application\/ld+json\" class=\"yoast-schema-graph\">{\"@context\":\"https:\\\/\\\/schema.org\",\"@graph\":[{\"@type\":\"WebPage\",\"@id\":\"https:\\\/\\\/industriemaroc.com\\\/produit\\\/defibrillateur-automatique-saver-one-standard\\\/\",\"url\":\"https:\\\/\\\/industriemaroc.com\\\/produit\\\/defibrillateur-automatique-saver-one-standard\\\/\",\"name\":\"D\u00e9fibrillateur Auto Saver One - Standard - Industrie Maroc Online\",\"isPartOf\":{\"@id\":\"https:\\\/\\\/industriemaroc.com\\\/#website\"},\"primaryImageOfPage\":{\"@id\":\"https:\\\/\\\/industriemaroc.com\\\/produit\\\/defibrillateur-automatique-saver-one-standard\\\/#primaryimage\"},\"image\":{\"@id\":\"https:\\\/\\\/industriemaroc.com\\\/produit\\\/defibrillateur-automatique-saver-one-standard\\\/#primaryimage\"},\"thumbnailUrl\":\"https:\\\/\\\/industriemaroc.com\\\/wp-content\\\/uploads\\\/2023\\\/08\\\/4-6.jpg\",\"datePublished\":\"2023-08-25T13:29:27+00:00\",\"dateModified\":\"2024-09-05T19:24:12+00:00\",\"description\":\"Version Standard : maximum d\u2019\u00e9nergie \u00e0 200J (SVO-B0847). Version Power : maximum d\u2019\u00e9nergie \u00e0 360J (SVO-B0848). &nbsp;\",\"breadcrumb\":{\"@id\":\"https:\\\/\\\/industriemaroc.com\\\/produit\\\/defibrillateur-automatique-saver-one-standard\\\/#breadcrumb\"},\"inLanguage\":\"en-US\",\"potentialAction\":[{\"@type\":\"ReadAction\",\"target\":[\"https:\\\/\\\/industriemaroc.com\\\/produit\\\/defibrillateur-automatique-saver-one-standard\\\/\"]}]},{\"@type\":\"ImageObject\",\"inLanguage\":\"en-US\",\"@id\":\"https:\\\/\\\/industriemaroc.com\\\/produit\\\/defibrillateur-automatique-saver-one-standard\\\/#primaryimage\",\"url\":\"https:\\\/\\\/industriemaroc.com\\\/wp-content\\\/uploads\\\/2023\\\/08\\\/4-6.jpg\",\"contentUrl\":\"https:\\\/\\\/industriemaroc.com\\\/wp-content\\\/uploads\\\/2023\\\/08\\\/4-6.jpg\",\"width\":474,\"height\":474},{\"@type\":\"BreadcrumbList\",\"@id\":\"https:\\\/\\\/industriemaroc.com\\\/produit\\\/defibrillateur-automatique-saver-one-standard\\\/#breadcrumb\",\"itemListElement\":[{\"@type\":\"ListItem\",\"position\":1,\"name\":\"Home\",\"item\":\"https:\\\/\\\/industriemaroc.com\\\/\"},{\"@type\":\"ListItem\",\"position\":2,\"name\":\"Shop\",\"item\":\"https:\\\/\\\/industriemaroc.com\\\/shop\\\/\"},{\"@type\":\"ListItem\",\"position\":3,\"name\":\"D\u00e9fibrillateur Auto Saver One &#8211; Standard\"}]},{\"@type\":\"WebSite\",\"@id\":\"https:\\\/\\\/industriemaroc.com\\\/#website\",\"url\":\"https:\\\/\\\/industriemaroc.com\\\/\",\"name\":\"Industrie Maroc Online\",\"description\":\"Plateforme B2B de mat\u00e9riel professionnel au Maroc\",\"publisher\":{\"@id\":\"https:\\\/\\\/industriemaroc.com\\\/#organization\"},\"potentialAction\":[{\"@type\":\"SearchAction\",\"target\":{\"@type\":\"EntryPoint\",\"urlTemplate\":\"https:\\\/\\\/industriemaroc.com\\\/?s={search_term_string}\"},\"query-input\":{\"@type\":\"PropertyValueSpecification\",\"valueRequired\":true,\"valueName\":\"search_term_string\"}}],\"inLanguage\":\"en-US\"},{\"@type\":\"Organization\",\"@id\":\"https:\\\/\\\/industriemaroc.com\\\/#organization\",\"name\":\"industriemaroc.com\",\"url\":\"https:\\\/\\\/industriemaroc.com\\\/\",\"logo\":{\"@type\":\"ImageObject\",\"inLanguage\":\"en-US\",\"@id\":\"https:\\\/\\\/industriemaroc.com\\\/#\\\/schema\\\/logo\\\/image\\\/\",\"url\":\"https:\\\/\\\/industriemaroc.com\\\/wp-content\\\/uploads\\\/2024\\\/04\\\/IM.jpg\",\"contentUrl\":\"https:\\\/\\\/industriemaroc.com\\\/wp-content\\\/uploads\\\/2024\\\/04\\\/IM.jpg\",\"width\":2500,\"height\":2500,\"caption\":\"industriemaroc.com\"},\"image\":{\"@id\":\"https:\\\/\\\/industriemaroc.com\\\/#\\\/schema\\\/logo\\\/image\\\/\"}}]}<\/script>\n<!-- \/ Yoast SEO plugin. -->","yoast_head_json":{"title":"D\u00e9fibrillateur Auto Saver One - Standard - Industrie Maroc Online","description":"Version Standard : maximum d\u2019\u00e9nergie \u00e0 200J (SVO-B0847).    Version Power : maximum d\u2019\u00e9nergie \u00e0 360J (SVO-B0848).  &nbsp;","robots":{"index":"index","follow":"follow","max-snippet":"max-snippet:-1","max-image-preview":"max-image-preview:large","max-video-preview":"max-video-preview:-1"},"canonical":"https:\/\/industriemaroc.com\/en\/product\/defibrillateur-automatique-saver-one-standard\/","og_locale":"en_US","og_type":"article","og_title":"D\u00e9fibrillateur Auto Saver One - Standard - Industrie Maroc Online","og_description":"Version Standard : maximum d\u2019\u00e9nergie \u00e0 200J (SVO-B0847).    Version Power : maximum d\u2019\u00e9nergie \u00e0 360J (SVO-B0848).  &nbsp;","og_url":"https:\/\/industriemaroc.com\/en\/product\/defibrillateur-automatique-saver-one-standard\/","og_site_name":"Industrie Maroc Online","article_modified_time":"2024-09-05T19:24:12+00:00","og_image":[{"width":474,"height":474,"url":"https:\/\/industriemaroc.com\/wp-content\/uploads\/2023\/08\/4-6.jpg","type":"image\/jpeg"}],"twitter_card":"summary_large_image","twitter_misc":{"Est. reading time":"4 minutes"},"schema":{"@context":"https:\/\/schema.org","@graph":[{"@type":"WebPage","@id":"https:\/\/industriemaroc.com\/produit\/defibrillateur-automatique-saver-one-standard\/","url":"https:\/\/industriemaroc.com\/produit\/defibrillateur-automatique-saver-one-standard\/","name":"D\u00e9fibrillateur Auto Saver One - Standard - Industrie Maroc Online","isPartOf":{"@id":"https:\/\/industriemaroc.com\/#website"},"primaryImageOfPage":{"@id":"https:\/\/industriemaroc.com\/produit\/defibrillateur-automatique-saver-one-standard\/#primaryimage"},"image":{"@id":"https:\/\/industriemaroc.com\/produit\/defibrillateur-automatique-saver-one-standard\/#primaryimage"},"thumbnailUrl":"https:\/\/industriemaroc.com\/wp-content\/uploads\/2023\/08\/4-6.jpg","datePublished":"2023-08-25T13:29:27+00:00","dateModified":"2024-09-05T19:24:12+00:00","description":"Version Standard : maximum d\u2019\u00e9nergie \u00e0 200J (SVO-B0847). Version Power : maximum d\u2019\u00e9nergie \u00e0 360J (SVO-B0848). &nbsp;","breadcrumb":{"@id":"https:\/\/industriemaroc.com\/produit\/defibrillateur-automatique-saver-one-standard\/#breadcrumb"},"inLanguage":"en-US","potentialAction":[{"@type":"ReadAction","target":["https:\/\/industriemaroc.com\/produit\/defibrillateur-automatique-saver-one-standard\/"]}]},{"@type":"ImageObject","inLanguage":"en-US","@id":"https:\/\/industriemaroc.com\/produit\/defibrillateur-automatique-saver-one-standard\/#primaryimage","url":"https:\/\/industriemaroc.com\/wp-content\/uploads\/2023\/08\/4-6.jpg","contentUrl":"https:\/\/industriemaroc.com\/wp-content\/uploads\/2023\/08\/4-6.jpg","width":474,"height":474},{"@type":"BreadcrumbList","@id":"https:\/\/industriemaroc.com\/produit\/defibrillateur-automatique-saver-one-standard\/#breadcrumb","itemListElement":[{"@type":"ListItem","position":1,"name":"Home","item":"https:\/\/industriemaroc.com\/"},{"@type":"ListItem","position":2,"name":"Shop","item":"https:\/\/industriemaroc.com\/shop\/"},{"@type":"ListItem","position":3,"name":"D\u00e9fibrillateur Auto Saver One &#8211; Standard"}]},{"@type":"WebSite","@id":"https:\/\/industriemaroc.com\/#website","url":"https:\/\/industriemaroc.com\/","name":"Industrie Maroc Online","description":"Plateforme B2B de mat\u00e9riel professionnel au Maroc","publisher":{"@id":"https:\/\/industriemaroc.com\/#organization"},"potentialAction":[{"@type":"SearchAction","target":{"@type":"EntryPoint","urlTemplate":"https:\/\/industriemaroc.com\/?s={search_term_string}"},"query-input":{"@type":"PropertyValueSpecification","valueRequired":true,"valueName":"search_term_string"}}],"inLanguage":"en-US"},{"@type":"Organization","@id":"https:\/\/industriemaroc.com\/#organization","name":"industriemaroc.com","url":"https:\/\/industriemaroc.com\/","logo":{"@type":"ImageObject","inLanguage":"en-US","@id":"https:\/\/industriemaroc.com\/#\/schema\/logo\/image\/","url":"https:\/\/industriemaroc.com\/wp-content\/uploads\/2024\/04\/IM.jpg","contentUrl":"https:\/\/industriemaroc.com\/wp-content\/uploads\/2024\/04\/IM.jpg","width":2500,"height":2500,"caption":"industriemaroc.com"},"image":{"@id":"https:\/\/industriemaroc.com\/#\/schema\/logo\/image\/"}}]}},"_links":{"self":[{"href":"https:\/\/industriemaroc.com\/en\/wp-json\/wp\/v2\/product\/18007","targetHints":{"allow":["GET"]}}],"collection":[{"href":"https:\/\/industriemaroc.com\/en\/wp-json\/wp\/v2\/product"}],"about":[{"href":"https:\/\/industriemaroc.com\/en\/wp-json\/wp\/v2\/types\/product"}],"replies":[{"embeddable":true,"href":"https:\/\/industriemaroc.com\/en\/wp-json\/wp\/v2\/comments?post=18007"}],"version-history":[{"count":4,"href":"https:\/\/industriemaroc.com\/en\/wp-json\/wp\/v2\/product\/18007\/revisions"}],"predecessor-version":[{"id":22446,"href":"https:\/\/industriemaroc.com\/en\/wp-json\/wp\/v2\/product\/18007\/revisions\/22446"}],"wp:featuredmedia":[{"embeddable":true,"href":"https:\/\/industriemaroc.com\/en\/wp-json\/wp\/v2\/media\/17982"}],"wp:attachment":[{"href":"https:\/\/industriemaroc.com\/en\/wp-json\/wp\/v2\/media?parent=18007"}],"wp:term":[{"taxonomy":"product_brand","embeddable":true,"href":"https:\/\/industriemaroc.com\/en\/wp-json\/wp\/v2\/product_brand?post=18007"},{"taxonomy":"product_cat","embeddable":true,"href":"https:\/\/industriemaroc.com\/en\/wp-json\/wp\/v2\/product_cat?post=18007"},{"taxonomy":"product_tag","embeddable":true,"href":"https:\/\/industriemaroc.com\/en\/wp-json\/wp\/v2\/product_tag?post=18007"}],"curies":[{"name":"wp","href":"https:\/\/api.w.org\/{rel}","templated":true}]}}