{"id":18035,"date":"2023-08-25T15:59:41","date_gmt":"2023-08-25T13:59:41","guid":{"rendered":"https:\/\/industriemaroc.com\/?post_type=product&#038;p=18035"},"modified":"2024-09-05T21:44:26","modified_gmt":"2024-09-05T19:44:26","slug":"thermometre-infra-frontal-pistolet","status":"publish","type":"product","link":"https:\/\/industriemaroc.com\/en\/product\/thermometre-infra-frontal-pistolet\/","title":{"rendered":"Thermometre Infra-frontal Pistolet"},"content":{"rendered":"<p><b>Features:<\/b><\/p>\n<ul>\n<li style=\"font-weight: 400;\" aria-level=\"1\"><span style=\"font-weight: 400;\">Prise de mesure rapide et \ufb01able sans contact ;<\/span><\/li>\n<li style=\"font-weight: 400;\" aria-level=\"1\"><span style=\"font-weight: 400;\">Deux Modes : Body (corporel) et Object (temp\u00e9rature de la peau) ;<\/span><\/li>\n<li style=\"font-weight: 400;\" aria-level=\"1\"><span style=\"font-weight: 400;\">Ecran LCD r\u00e9tro\u00e9clair\u00e9 &#8211; Fonction intelligente (sonore et lumineuse) de d\u00e9tection de temp\u00e9rature ;<\/span><\/li>\n<li style=\"font-weight: 400;\" aria-level=\"1\"><span style=\"font-weight: 400;\">Unit\u00e9s de temp\u00e9rature : \u00b0C \/ \u00b0F ;<\/span><\/li>\n<li style=\"font-weight: 400;\" aria-level=\"1\"><span style=\"font-weight: 400;\">Plage de mesure de la temp\u00e9rature : 32.0\u00b0C \u00e0 43.0\u00b0C (\u00b1 0.2\u00b0C) ;<\/span><\/li>\n<li style=\"font-weight: 400;\" aria-level=\"1\"><span style=\"font-weight: 400;\">Temps de mesure &lt; 1 seconde ;<\/span><\/li>\n<li style=\"font-weight: 400;\" aria-level=\"1\"><span style=\"font-weight: 400;\">Signal d\u2019avertissement en cas de \ufb01\u00e8vre et basse temp\u00e9rature ;<\/span><\/li>\n<li style=\"font-weight: 400;\" aria-level=\"1\"><span style=\"font-weight: 400;\">Arr\u00eat automatique, faible consommation d\u2019\u00e9nergie ;<\/span><\/li>\n<li style=\"font-weight: 400;\" aria-level=\"1\"><span style=\"font-weight: 400;\">M\u00e9moire : 30 derni\u00e8res mesures de temp\u00e9rature ;<\/span><\/li>\n<li style=\"font-weight: 400;\" aria-level=\"1\"><span style=\"font-weight: 400;\">Alimentation : 2 piles alcalines ;<\/span><span style=\"font-weight: 400;\"><br \/>\n<\/span><\/li>\n<li style=\"font-weight: 400;\" aria-level=\"1\"><span style=\"font-weight: 400;\">Langue : Anglais ;<\/span><\/li>\n<li style=\"font-weight: 400;\" aria-level=\"1\"><span style=\"font-weight: 400;\">Poids : 130g<\/span><\/li>\n<\/ul>","protected":false},"excerpt":{"rendered":"<ul>\n<li style=\"font-weight: 400;\" aria-level=\"1\"><span style=\"font-weight: 400;\">Prise de mesure rapide et \ufb01able sans contact.<\/span><\/li>\n<li style=\"font-weight: 400;\" aria-level=\"1\"><span style=\"font-weight: 400;\">Deux Modes : Body (corporel) et Object (temp\u00e9rature de la peau).<\/span><\/li>\n<li style=\"font-weight: 400;\" aria-level=\"1\"><span style=\"font-weight: 400;\">Ecran LCD r\u00e9tro\u00e9clair\u00e9\u00a0<\/span><\/li>\n<\/ul>","protected":false},"featured_media":17996,"comment_status":"open","ping_status":"closed","template":"","meta":{"om_disable_all_campaigns":false,"_monsterinsights_skip_tracking":false,"_monsterinsights_sitenote_active":false,"_monsterinsights_sitenote_note":"","_monsterinsights_sitenote_category":0,"_uf_show_specific_survey":0,"_uf_disable_surveys":false,"_joinchat":[]},"product_brand":[],"product_cat":[680,670,718],"product_tag":[],"class_list":{"0":"post-18035","1":"product","2":"type-product","3":"status-publish","4":"has-post-thumbnail","6":"product_cat-materiel-infirmier-maroc","7":"product_cat-securite-sante","8":"product_cat-thermometre","10":"first","11":"instock","12":"taxable","13":"shipping-taxable","14":"product-type-simple"},"yoast_head":"<!-- This site is optimized with the Yoast SEO plugin v27.4 - https:\/\/yoast.com\/product\/yoast-seo-wordpress\/ -->\n<title>Thermometre Infra-frontal Pistolet - Industrie Maroc Online<\/title>\n<meta name=\"description\" content=\"Prise de mesure rapide et \ufb01able sans contact.  Deux Modes : Body (corporel) et Object (temp\u00e9rature de la peau).  Ecran LCD r\u00e9tro\u00e9clair\u00e9\u00a0\" \/>\n<meta name=\"robots\" content=\"index, follow, max-snippet:-1, max-image-preview:large, max-video-preview:-1\" \/>\n<link rel=\"canonical\" href=\"https:\/\/industriemaroc.com\/en\/product\/thermometre-infra-frontal-pistolet\/\" \/>\n<meta property=\"og:locale\" content=\"en_US\" \/>\n<meta property=\"og:type\" content=\"article\" \/>\n<meta property=\"og:title\" content=\"Thermometre Infra-frontal Pistolet - Industrie Maroc Online\" \/>\n<meta property=\"og:description\" content=\"Prise de mesure rapide et \ufb01able sans contact.  Deux Modes : Body (corporel) et Object (temp\u00e9rature de la peau).  Ecran LCD r\u00e9tro\u00e9clair\u00e9\u00a0\" \/>\n<meta property=\"og:url\" content=\"https:\/\/industriemaroc.com\/en\/product\/thermometre-infra-frontal-pistolet\/\" \/>\n<meta property=\"og:site_name\" content=\"Industrie Maroc Online\" \/>\n<meta property=\"article:modified_time\" content=\"2024-09-05T19:44:26+00:00\" \/>\n<meta property=\"og:image\" content=\"https:\/\/industriemaroc.com\/wp-content\/uploads\/2023\/08\/18-1.jpg\" \/>\n\t<meta property=\"og:image:width\" content=\"300\" \/>\n\t<meta property=\"og:image:height\" content=\"300\" \/>\n\t<meta property=\"og:image:type\" content=\"image\/jpeg\" \/>\n<meta name=\"twitter:card\" content=\"summary_large_image\" \/>\n<script type=\"application\/ld+json\" class=\"yoast-schema-graph\">{\"@context\":\"https:\\\/\\\/schema.org\",\"@graph\":[{\"@type\":\"WebPage\",\"@id\":\"https:\\\/\\\/industriemaroc.com\\\/produit\\\/thermometre-infra-frontal-pistolet\\\/\",\"url\":\"https:\\\/\\\/industriemaroc.com\\\/produit\\\/thermometre-infra-frontal-pistolet\\\/\",\"name\":\"Thermometre Infra-frontal Pistolet - Industrie Maroc Online\",\"isPartOf\":{\"@id\":\"https:\\\/\\\/industriemaroc.com\\\/#website\"},\"primaryImageOfPage\":{\"@id\":\"https:\\\/\\\/industriemaroc.com\\\/produit\\\/thermometre-infra-frontal-pistolet\\\/#primaryimage\"},\"image\":{\"@id\":\"https:\\\/\\\/industriemaroc.com\\\/produit\\\/thermometre-infra-frontal-pistolet\\\/#primaryimage\"},\"thumbnailUrl\":\"https:\\\/\\\/industriemaroc.com\\\/wp-content\\\/uploads\\\/2023\\\/08\\\/18-1.jpg\",\"datePublished\":\"2023-08-25T13:59:41+00:00\",\"dateModified\":\"2024-09-05T19:44:26+00:00\",\"description\":\"Prise de mesure rapide et \ufb01able sans contact. Deux Modes : Body (corporel) et Object (temp\u00e9rature de la peau). Ecran LCD r\u00e9tro\u00e9clair\u00e9\u00a0\",\"breadcrumb\":{\"@id\":\"https:\\\/\\\/industriemaroc.com\\\/produit\\\/thermometre-infra-frontal-pistolet\\\/#breadcrumb\"},\"inLanguage\":\"en-US\",\"potentialAction\":[{\"@type\":\"ReadAction\",\"target\":[\"https:\\\/\\\/industriemaroc.com\\\/produit\\\/thermometre-infra-frontal-pistolet\\\/\"]}]},{\"@type\":\"ImageObject\",\"inLanguage\":\"en-US\",\"@id\":\"https:\\\/\\\/industriemaroc.com\\\/produit\\\/thermometre-infra-frontal-pistolet\\\/#primaryimage\",\"url\":\"https:\\\/\\\/industriemaroc.com\\\/wp-content\\\/uploads\\\/2023\\\/08\\\/18-1.jpg\",\"contentUrl\":\"https:\\\/\\\/industriemaroc.com\\\/wp-content\\\/uploads\\\/2023\\\/08\\\/18-1.jpg\",\"width\":300,\"height\":300},{\"@type\":\"BreadcrumbList\",\"@id\":\"https:\\\/\\\/industriemaroc.com\\\/produit\\\/thermometre-infra-frontal-pistolet\\\/#breadcrumb\",\"itemListElement\":[{\"@type\":\"ListItem\",\"position\":1,\"name\":\"Home\",\"item\":\"https:\\\/\\\/industriemaroc.com\\\/\"},{\"@type\":\"ListItem\",\"position\":2,\"name\":\"Shop\",\"item\":\"https:\\\/\\\/industriemaroc.com\\\/shop\\\/\"},{\"@type\":\"ListItem\",\"position\":3,\"name\":\"Thermometre Infra-frontal Pistolet\"}]},{\"@type\":\"WebSite\",\"@id\":\"https:\\\/\\\/industriemaroc.com\\\/#website\",\"url\":\"https:\\\/\\\/industriemaroc.com\\\/\",\"name\":\"Industrie Maroc Online\",\"description\":\"Plateforme B2B de mat\u00e9riel professionnel au Maroc\",\"publisher\":{\"@id\":\"https:\\\/\\\/industriemaroc.com\\\/#organization\"},\"potentialAction\":[{\"@type\":\"SearchAction\",\"target\":{\"@type\":\"EntryPoint\",\"urlTemplate\":\"https:\\\/\\\/industriemaroc.com\\\/?s={search_term_string}\"},\"query-input\":{\"@type\":\"PropertyValueSpecification\",\"valueRequired\":true,\"valueName\":\"search_term_string\"}}],\"inLanguage\":\"en-US\"},{\"@type\":\"Organization\",\"@id\":\"https:\\\/\\\/industriemaroc.com\\\/#organization\",\"name\":\"industriemaroc.com\",\"url\":\"https:\\\/\\\/industriemaroc.com\\\/\",\"logo\":{\"@type\":\"ImageObject\",\"inLanguage\":\"en-US\",\"@id\":\"https:\\\/\\\/industriemaroc.com\\\/#\\\/schema\\\/logo\\\/image\\\/\",\"url\":\"https:\\\/\\\/industriemaroc.com\\\/wp-content\\\/uploads\\\/2024\\\/04\\\/IM.jpg\",\"contentUrl\":\"https:\\\/\\\/industriemaroc.com\\\/wp-content\\\/uploads\\\/2024\\\/04\\\/IM.jpg\",\"width\":2500,\"height\":2500,\"caption\":\"industriemaroc.com\"},\"image\":{\"@id\":\"https:\\\/\\\/industriemaroc.com\\\/#\\\/schema\\\/logo\\\/image\\\/\"}}]}<\/script>\n<!-- \/ Yoast SEO plugin. -->","yoast_head_json":{"title":"Thermometre Infra-frontal Pistolet - Industrie Maroc Online","description":"Prise de mesure rapide et \ufb01able sans contact.  Deux Modes : Body (corporel) et Object (temp\u00e9rature de la peau).  Ecran LCD r\u00e9tro\u00e9clair\u00e9\u00a0","robots":{"index":"index","follow":"follow","max-snippet":"max-snippet:-1","max-image-preview":"max-image-preview:large","max-video-preview":"max-video-preview:-1"},"canonical":"https:\/\/industriemaroc.com\/en\/product\/thermometre-infra-frontal-pistolet\/","og_locale":"en_US","og_type":"article","og_title":"Thermometre Infra-frontal Pistolet - Industrie Maroc Online","og_description":"Prise de mesure rapide et \ufb01able sans contact.  Deux Modes : Body (corporel) et Object (temp\u00e9rature de la peau).  Ecran LCD r\u00e9tro\u00e9clair\u00e9\u00a0","og_url":"https:\/\/industriemaroc.com\/en\/product\/thermometre-infra-frontal-pistolet\/","og_site_name":"Industrie Maroc Online","article_modified_time":"2024-09-05T19:44:26+00:00","og_image":[{"width":300,"height":300,"url":"https:\/\/industriemaroc.com\/wp-content\/uploads\/2023\/08\/18-1.jpg","type":"image\/jpeg"}],"twitter_card":"summary_large_image","schema":{"@context":"https:\/\/schema.org","@graph":[{"@type":"WebPage","@id":"https:\/\/industriemaroc.com\/produit\/thermometre-infra-frontal-pistolet\/","url":"https:\/\/industriemaroc.com\/produit\/thermometre-infra-frontal-pistolet\/","name":"Thermometre Infra-frontal Pistolet - Industrie Maroc Online","isPartOf":{"@id":"https:\/\/industriemaroc.com\/#website"},"primaryImageOfPage":{"@id":"https:\/\/industriemaroc.com\/produit\/thermometre-infra-frontal-pistolet\/#primaryimage"},"image":{"@id":"https:\/\/industriemaroc.com\/produit\/thermometre-infra-frontal-pistolet\/#primaryimage"},"thumbnailUrl":"https:\/\/industriemaroc.com\/wp-content\/uploads\/2023\/08\/18-1.jpg","datePublished":"2023-08-25T13:59:41+00:00","dateModified":"2024-09-05T19:44:26+00:00","description":"Prise de mesure rapide et \ufb01able sans contact. Deux Modes : Body (corporel) et Object (temp\u00e9rature de la peau). Ecran LCD r\u00e9tro\u00e9clair\u00e9\u00a0","breadcrumb":{"@id":"https:\/\/industriemaroc.com\/produit\/thermometre-infra-frontal-pistolet\/#breadcrumb"},"inLanguage":"en-US","potentialAction":[{"@type":"ReadAction","target":["https:\/\/industriemaroc.com\/produit\/thermometre-infra-frontal-pistolet\/"]}]},{"@type":"ImageObject","inLanguage":"en-US","@id":"https:\/\/industriemaroc.com\/produit\/thermometre-infra-frontal-pistolet\/#primaryimage","url":"https:\/\/industriemaroc.com\/wp-content\/uploads\/2023\/08\/18-1.jpg","contentUrl":"https:\/\/industriemaroc.com\/wp-content\/uploads\/2023\/08\/18-1.jpg","width":300,"height":300},{"@type":"BreadcrumbList","@id":"https:\/\/industriemaroc.com\/produit\/thermometre-infra-frontal-pistolet\/#breadcrumb","itemListElement":[{"@type":"ListItem","position":1,"name":"Home","item":"https:\/\/industriemaroc.com\/"},{"@type":"ListItem","position":2,"name":"Shop","item":"https:\/\/industriemaroc.com\/shop\/"},{"@type":"ListItem","position":3,"name":"Thermometre Infra-frontal Pistolet"}]},{"@type":"WebSite","@id":"https:\/\/industriemaroc.com\/#website","url":"https:\/\/industriemaroc.com\/","name":"Industrie Maroc Online","description":"Plateforme B2B de mat\u00e9riel professionnel au Maroc","publisher":{"@id":"https:\/\/industriemaroc.com\/#organization"},"potentialAction":[{"@type":"SearchAction","target":{"@type":"EntryPoint","urlTemplate":"https:\/\/industriemaroc.com\/?s={search_term_string}"},"query-input":{"@type":"PropertyValueSpecification","valueRequired":true,"valueName":"search_term_string"}}],"inLanguage":"en-US"},{"@type":"Organization","@id":"https:\/\/industriemaroc.com\/#organization","name":"industriemaroc.com","url":"https:\/\/industriemaroc.com\/","logo":{"@type":"ImageObject","inLanguage":"en-US","@id":"https:\/\/industriemaroc.com\/#\/schema\/logo\/image\/","url":"https:\/\/industriemaroc.com\/wp-content\/uploads\/2024\/04\/IM.jpg","contentUrl":"https:\/\/industriemaroc.com\/wp-content\/uploads\/2024\/04\/IM.jpg","width":2500,"height":2500,"caption":"industriemaroc.com"},"image":{"@id":"https:\/\/industriemaroc.com\/#\/schema\/logo\/image\/"}}]}},"_links":{"self":[{"href":"https:\/\/industriemaroc.com\/en\/wp-json\/wp\/v2\/product\/18035","targetHints":{"allow":["GET"]}}],"collection":[{"href":"https:\/\/industriemaroc.com\/en\/wp-json\/wp\/v2\/product"}],"about":[{"href":"https:\/\/industriemaroc.com\/en\/wp-json\/wp\/v2\/types\/product"}],"replies":[{"embeddable":true,"href":"https:\/\/industriemaroc.com\/en\/wp-json\/wp\/v2\/comments?post=18035"}],"version-history":[{"count":2,"href":"https:\/\/industriemaroc.com\/en\/wp-json\/wp\/v2\/product\/18035\/revisions"}],"predecessor-version":[{"id":22459,"href":"https:\/\/industriemaroc.com\/en\/wp-json\/wp\/v2\/product\/18035\/revisions\/22459"}],"wp:featuredmedia":[{"embeddable":true,"href":"https:\/\/industriemaroc.com\/en\/wp-json\/wp\/v2\/media\/17996"}],"wp:attachment":[{"href":"https:\/\/industriemaroc.com\/en\/wp-json\/wp\/v2\/media?parent=18035"}],"wp:term":[{"taxonomy":"product_brand","embeddable":true,"href":"https:\/\/industriemaroc.com\/en\/wp-json\/wp\/v2\/product_brand?post=18035"},{"taxonomy":"product_cat","embeddable":true,"href":"https:\/\/industriemaroc.com\/en\/wp-json\/wp\/v2\/product_cat?post=18035"},{"taxonomy":"product_tag","embeddable":true,"href":"https:\/\/industriemaroc.com\/en\/wp-json\/wp\/v2\/product_tag?post=18035"}],"curies":[{"name":"wp","href":"https:\/\/api.w.org\/{rel}","templated":true}]}}