{"id":18217,"date":"2023-09-01T14:32:03","date_gmt":"2023-09-01T12:32:03","guid":{"rendered":"https:\/\/industriemaroc.com\/?post_type=product&#038;p=18217"},"modified":"2024-08-01T17:39:55","modified_gmt":"2024-08-01T15:39:55","slug":"transpalette-peseur","status":"publish","type":"product","link":"https:\/\/industriemaroc.com\/en\/product\/transpalette-peseur\/","title":{"rendered":"Transpalette balance int\u00e9gr\u00e9"},"content":{"rendered":"<p>De mani\u00e8re g\u00e9n\u00e9rale, le transpalette peseur est utilis\u00e9 dans des entrep\u00f4ts, ou des centres de distribution. On le retrouvera aussi dans les commerces pour la gestion des diff\u00e9rents stocks. C&rsquo;est un appareil tr\u00e8s simple d&rsquo;utilisation et qui vous permet de gagner un temps consid\u00e9rable. Gr\u00e2ce au transpalette peseur, vous pourrez donc non seulement\u00a0d\u00e9placer vos diff\u00e9rentes palettes, mais aussi peser les \u00e9l\u00e9ments pr\u00e9sents dessus. Cela rassemblera donc deux fonctions absolument indispensables dans la gestion des stocks de votre entreprise ou de votre entrep\u00f4t.<\/p>\n<ul>\n<li>\n<div>Capacity (Kg) 2000<\/div>\n<\/li>\n<li>\n<div>Hauteur Max des Fourches (Mm) 200<\/div>\n<\/li>\n<li>\n<div>Fork Width (mm) 572<\/div>\n<\/li>\n<\/ul>","protected":false},"excerpt":{"rendered":"<ul>\n<li>\n<div>Capacity (Kg) 2000<\/div>\n<\/li>\n<li>\n<div>Hauteur Max des Fourches (Mm) 200<\/div>\n<\/li>\n<li>\n<div>Fork Width (mm) 572<\/div>\n<\/li>\n<li>Equip\u00e9 avec balance int\u00e9gr\u00e9<\/li>\n<\/ul>","protected":false},"featured_media":18210,"comment_status":"open","ping_status":"closed","template":"","meta":{"om_disable_all_campaigns":false,"_monsterinsights_skip_tracking":false,"_monsterinsights_sitenote_active":false,"_monsterinsights_sitenote_note":"","_monsterinsights_sitenote_category":0,"_uf_show_specific_survey":0,"_uf_disable_surveys":false,"_joinchat":[]},"product_brand":[],"product_cat":[672,1048,1051,1049],"product_tag":[],"class_list":{"0":"post-18217","1":"product","2":"type-product","3":"status-publish","4":"has-post-thumbnail","6":"product_cat-fournitures-industrielles","7":"product_cat-manutention","8":"product_cat-transpalette-peseur","9":"product_cat-transpalette","11":"first","12":"instock","13":"taxable","14":"shipping-taxable","15":"product-type-simple"},"yoast_head":"<!-- This site is optimized with the Yoast SEO plugin v27.4 - https:\/\/yoast.com\/product\/yoast-seo-wordpress\/ -->\n<title>Transpalette balance int\u00e9gr\u00e9 - Industrie Maroc Online<\/title>\n<meta name=\"description\" content=\"Capacit\u00e9 (Kg) 2000   Hauteur Max des Fourches (Mm) 200   Largeur Des Fourches (Mm) 572  Equip\u00e9 avec balance int\u00e9gr\u00e9\" \/>\n<meta name=\"robots\" content=\"index, follow, max-snippet:-1, max-image-preview:large, max-video-preview:-1\" \/>\n<link rel=\"canonical\" href=\"https:\/\/industriemaroc.com\/en\/product\/transpalette-peseur\/\" \/>\n<meta property=\"og:locale\" content=\"en_US\" \/>\n<meta property=\"og:type\" content=\"article\" \/>\n<meta property=\"og:title\" content=\"Transpalette balance int\u00e9gr\u00e9 - Industrie Maroc Online\" \/>\n<meta property=\"og:description\" content=\"Capacit\u00e9 (Kg) 2000   Hauteur Max des Fourches (Mm) 200   Largeur Des Fourches (Mm) 572  Equip\u00e9 avec balance int\u00e9gr\u00e9\" \/>\n<meta property=\"og:url\" content=\"https:\/\/industriemaroc.com\/en\/product\/transpalette-peseur\/\" \/>\n<meta property=\"og:site_name\" content=\"Industrie Maroc Online\" \/>\n<meta property=\"article:modified_time\" content=\"2024-08-01T15:39:55+00:00\" \/>\n<meta property=\"og:image\" content=\"https:\/\/industriemaroc.com\/wp-content\/uploads\/2023\/09\/4.jpg\" \/>\n\t<meta property=\"og:image:width\" content=\"700\" \/>\n\t<meta property=\"og:image:height\" content=\"700\" \/>\n\t<meta property=\"og:image:type\" content=\"image\/jpeg\" \/>\n<meta name=\"twitter:card\" content=\"summary_large_image\" \/>\n<meta name=\"twitter:label1\" content=\"Est. reading time\" \/>\n\t<meta name=\"twitter:data1\" content=\"1 minute\" \/>\n<script type=\"application\/ld+json\" class=\"yoast-schema-graph\">{\"@context\":\"https:\\\/\\\/schema.org\",\"@graph\":[{\"@type\":\"WebPage\",\"@id\":\"https:\\\/\\\/industriemaroc.com\\\/produit\\\/transpalette-peseur\\\/\",\"url\":\"https:\\\/\\\/industriemaroc.com\\\/produit\\\/transpalette-peseur\\\/\",\"name\":\"Transpalette balance int\u00e9gr\u00e9 - Industrie Maroc Online\",\"isPartOf\":{\"@id\":\"https:\\\/\\\/industriemaroc.com\\\/#website\"},\"primaryImageOfPage\":{\"@id\":\"https:\\\/\\\/industriemaroc.com\\\/produit\\\/transpalette-peseur\\\/#primaryimage\"},\"image\":{\"@id\":\"https:\\\/\\\/industriemaroc.com\\\/produit\\\/transpalette-peseur\\\/#primaryimage\"},\"thumbnailUrl\":\"https:\\\/\\\/industriemaroc.com\\\/wp-content\\\/uploads\\\/2023\\\/09\\\/4.jpg\",\"datePublished\":\"2023-09-01T12:32:03+00:00\",\"dateModified\":\"2024-08-01T15:39:55+00:00\",\"description\":\"Capacit\u00e9 (Kg) 2000 Hauteur Max des Fourches (Mm) 200 Largeur Des Fourches (Mm) 572 Equip\u00e9 avec balance int\u00e9gr\u00e9\",\"breadcrumb\":{\"@id\":\"https:\\\/\\\/industriemaroc.com\\\/produit\\\/transpalette-peseur\\\/#breadcrumb\"},\"inLanguage\":\"en-US\",\"potentialAction\":[{\"@type\":\"ReadAction\",\"target\":[\"https:\\\/\\\/industriemaroc.com\\\/produit\\\/transpalette-peseur\\\/\"]}]},{\"@type\":\"ImageObject\",\"inLanguage\":\"en-US\",\"@id\":\"https:\\\/\\\/industriemaroc.com\\\/produit\\\/transpalette-peseur\\\/#primaryimage\",\"url\":\"https:\\\/\\\/industriemaroc.com\\\/wp-content\\\/uploads\\\/2023\\\/09\\\/4.jpg\",\"contentUrl\":\"https:\\\/\\\/industriemaroc.com\\\/wp-content\\\/uploads\\\/2023\\\/09\\\/4.jpg\",\"width\":700,\"height\":700},{\"@type\":\"BreadcrumbList\",\"@id\":\"https:\\\/\\\/industriemaroc.com\\\/produit\\\/transpalette-peseur\\\/#breadcrumb\",\"itemListElement\":[{\"@type\":\"ListItem\",\"position\":1,\"name\":\"Home\",\"item\":\"https:\\\/\\\/industriemaroc.com\\\/\"},{\"@type\":\"ListItem\",\"position\":2,\"name\":\"Shop\",\"item\":\"https:\\\/\\\/industriemaroc.com\\\/shop\\\/\"},{\"@type\":\"ListItem\",\"position\":3,\"name\":\"Transpalette balance int\u00e9gr\u00e9\"}]},{\"@type\":\"WebSite\",\"@id\":\"https:\\\/\\\/industriemaroc.com\\\/#website\",\"url\":\"https:\\\/\\\/industriemaroc.com\\\/\",\"name\":\"Industrie Maroc Online\",\"description\":\"Plateforme B2B de mat\u00e9riel professionnel au Maroc\",\"publisher\":{\"@id\":\"https:\\\/\\\/industriemaroc.com\\\/#organization\"},\"potentialAction\":[{\"@type\":\"SearchAction\",\"target\":{\"@type\":\"EntryPoint\",\"urlTemplate\":\"https:\\\/\\\/industriemaroc.com\\\/?s={search_term_string}\"},\"query-input\":{\"@type\":\"PropertyValueSpecification\",\"valueRequired\":true,\"valueName\":\"search_term_string\"}}],\"inLanguage\":\"en-US\"},{\"@type\":\"Organization\",\"@id\":\"https:\\\/\\\/industriemaroc.com\\\/#organization\",\"name\":\"industriemaroc.com\",\"url\":\"https:\\\/\\\/industriemaroc.com\\\/\",\"logo\":{\"@type\":\"ImageObject\",\"inLanguage\":\"en-US\",\"@id\":\"https:\\\/\\\/industriemaroc.com\\\/#\\\/schema\\\/logo\\\/image\\\/\",\"url\":\"https:\\\/\\\/industriemaroc.com\\\/wp-content\\\/uploads\\\/2024\\\/04\\\/IM.jpg\",\"contentUrl\":\"https:\\\/\\\/industriemaroc.com\\\/wp-content\\\/uploads\\\/2024\\\/04\\\/IM.jpg\",\"width\":2500,\"height\":2500,\"caption\":\"industriemaroc.com\"},\"image\":{\"@id\":\"https:\\\/\\\/industriemaroc.com\\\/#\\\/schema\\\/logo\\\/image\\\/\"}}]}<\/script>\n<!-- \/ Yoast SEO plugin. -->","yoast_head_json":{"title":"Transpalette balance int\u00e9gr\u00e9 - Industrie Maroc Online","description":"Capacit\u00e9 (Kg) 2000   Hauteur Max des Fourches (Mm) 200   Largeur Des Fourches (Mm) 572  Equip\u00e9 avec balance int\u00e9gr\u00e9","robots":{"index":"index","follow":"follow","max-snippet":"max-snippet:-1","max-image-preview":"max-image-preview:large","max-video-preview":"max-video-preview:-1"},"canonical":"https:\/\/industriemaroc.com\/en\/product\/transpalette-peseur\/","og_locale":"en_US","og_type":"article","og_title":"Transpalette balance int\u00e9gr\u00e9 - Industrie Maroc Online","og_description":"Capacit\u00e9 (Kg) 2000   Hauteur Max des Fourches (Mm) 200   Largeur Des Fourches (Mm) 572  Equip\u00e9 avec balance int\u00e9gr\u00e9","og_url":"https:\/\/industriemaroc.com\/en\/product\/transpalette-peseur\/","og_site_name":"Industrie Maroc Online","article_modified_time":"2024-08-01T15:39:55+00:00","og_image":[{"width":700,"height":700,"url":"https:\/\/industriemaroc.com\/wp-content\/uploads\/2023\/09\/4.jpg","type":"image\/jpeg"}],"twitter_card":"summary_large_image","twitter_misc":{"Est. reading time":"1 minute"},"schema":{"@context":"https:\/\/schema.org","@graph":[{"@type":"WebPage","@id":"https:\/\/industriemaroc.com\/produit\/transpalette-peseur\/","url":"https:\/\/industriemaroc.com\/produit\/transpalette-peseur\/","name":"Transpalette balance int\u00e9gr\u00e9 - Industrie Maroc Online","isPartOf":{"@id":"https:\/\/industriemaroc.com\/#website"},"primaryImageOfPage":{"@id":"https:\/\/industriemaroc.com\/produit\/transpalette-peseur\/#primaryimage"},"image":{"@id":"https:\/\/industriemaroc.com\/produit\/transpalette-peseur\/#primaryimage"},"thumbnailUrl":"https:\/\/industriemaroc.com\/wp-content\/uploads\/2023\/09\/4.jpg","datePublished":"2023-09-01T12:32:03+00:00","dateModified":"2024-08-01T15:39:55+00:00","description":"Capacit\u00e9 (Kg) 2000 Hauteur Max des Fourches (Mm) 200 Largeur Des Fourches (Mm) 572 Equip\u00e9 avec balance int\u00e9gr\u00e9","breadcrumb":{"@id":"https:\/\/industriemaroc.com\/produit\/transpalette-peseur\/#breadcrumb"},"inLanguage":"en-US","potentialAction":[{"@type":"ReadAction","target":["https:\/\/industriemaroc.com\/produit\/transpalette-peseur\/"]}]},{"@type":"ImageObject","inLanguage":"en-US","@id":"https:\/\/industriemaroc.com\/produit\/transpalette-peseur\/#primaryimage","url":"https:\/\/industriemaroc.com\/wp-content\/uploads\/2023\/09\/4.jpg","contentUrl":"https:\/\/industriemaroc.com\/wp-content\/uploads\/2023\/09\/4.jpg","width":700,"height":700},{"@type":"BreadcrumbList","@id":"https:\/\/industriemaroc.com\/produit\/transpalette-peseur\/#breadcrumb","itemListElement":[{"@type":"ListItem","position":1,"name":"Home","item":"https:\/\/industriemaroc.com\/"},{"@type":"ListItem","position":2,"name":"Shop","item":"https:\/\/industriemaroc.com\/shop\/"},{"@type":"ListItem","position":3,"name":"Transpalette balance int\u00e9gr\u00e9"}]},{"@type":"WebSite","@id":"https:\/\/industriemaroc.com\/#website","url":"https:\/\/industriemaroc.com\/","name":"Industrie Maroc Online","description":"Plateforme B2B de mat\u00e9riel professionnel au Maroc","publisher":{"@id":"https:\/\/industriemaroc.com\/#organization"},"potentialAction":[{"@type":"SearchAction","target":{"@type":"EntryPoint","urlTemplate":"https:\/\/industriemaroc.com\/?s={search_term_string}"},"query-input":{"@type":"PropertyValueSpecification","valueRequired":true,"valueName":"search_term_string"}}],"inLanguage":"en-US"},{"@type":"Organization","@id":"https:\/\/industriemaroc.com\/#organization","name":"industriemaroc.com","url":"https:\/\/industriemaroc.com\/","logo":{"@type":"ImageObject","inLanguage":"en-US","@id":"https:\/\/industriemaroc.com\/#\/schema\/logo\/image\/","url":"https:\/\/industriemaroc.com\/wp-content\/uploads\/2024\/04\/IM.jpg","contentUrl":"https:\/\/industriemaroc.com\/wp-content\/uploads\/2024\/04\/IM.jpg","width":2500,"height":2500,"caption":"industriemaroc.com"},"image":{"@id":"https:\/\/industriemaroc.com\/#\/schema\/logo\/image\/"}}]}},"_links":{"self":[{"href":"https:\/\/industriemaroc.com\/en\/wp-json\/wp\/v2\/product\/18217","targetHints":{"allow":["GET"]}}],"collection":[{"href":"https:\/\/industriemaroc.com\/en\/wp-json\/wp\/v2\/product"}],"about":[{"href":"https:\/\/industriemaroc.com\/en\/wp-json\/wp\/v2\/types\/product"}],"replies":[{"embeddable":true,"href":"https:\/\/industriemaroc.com\/en\/wp-json\/wp\/v2\/comments?post=18217"}],"version-history":[{"count":3,"href":"https:\/\/industriemaroc.com\/en\/wp-json\/wp\/v2\/product\/18217\/revisions"}],"predecessor-version":[{"id":22036,"href":"https:\/\/industriemaroc.com\/en\/wp-json\/wp\/v2\/product\/18217\/revisions\/22036"}],"wp:featuredmedia":[{"embeddable":true,"href":"https:\/\/industriemaroc.com\/en\/wp-json\/wp\/v2\/media\/18210"}],"wp:attachment":[{"href":"https:\/\/industriemaroc.com\/en\/wp-json\/wp\/v2\/media?parent=18217"}],"wp:term":[{"taxonomy":"product_brand","embeddable":true,"href":"https:\/\/industriemaroc.com\/en\/wp-json\/wp\/v2\/product_brand?post=18217"},{"taxonomy":"product_cat","embeddable":true,"href":"https:\/\/industriemaroc.com\/en\/wp-json\/wp\/v2\/product_cat?post=18217"},{"taxonomy":"product_tag","embeddable":true,"href":"https:\/\/industriemaroc.com\/en\/wp-json\/wp\/v2\/product_tag?post=18217"}],"curies":[{"name":"wp","href":"https:\/\/api.w.org\/{rel}","templated":true}]}}