{"id":18282,"date":"2023-09-13T13:42:32","date_gmt":"2023-09-13T11:42:32","guid":{"rendered":"https:\/\/industriemaroc.com\/?post_type=product&#038;p=18282"},"modified":"2024-05-22T15:53:35","modified_gmt":"2024-05-22T13:53:35","slug":"ruban-adhesif-double-face","status":"publish","type":"product","link":"https:\/\/industriemaroc.com\/en\/product\/ruban-adhesif-double-face\/","title":{"rendered":"Ruban Adh\u00e9sif Double Face &#8211; Scotch"},"content":{"rendered":"<ul>\n<li>Double face compos\u00e9 d&rsquo;un support film PVC et d&rsquo;une masse adh\u00e9sive acrylique \u00e0 fort tack.<\/li>\n<li>Dispose d&rsquo;une excellente combinaison du tack \u00e9lev\u00e9 et de l&rsquo;adh\u00e9sion imm\u00e9diate.<\/li>\n<li>Compatibilit\u00e9 compl\u00e8te avec des applications \u00e0 long terme.<\/li>\n<\/ul>","protected":false},"excerpt":{"rendered":"<ul>\n<li>Double face compos\u00e9 d&rsquo;un support film PVC et d&rsquo;une masse adh\u00e9sive acrylique \u00e0 fort tack.<\/li>\n<li>Dispose d&rsquo;une excellente combinaison du tack \u00e9lev\u00e9 et de l&rsquo;adh\u00e9sion imm\u00e9diate.<\/li>\n<li>Compatibilit\u00e9 compl\u00e8te avec des applications \u00e0 long terme.<\/li>\n<\/ul>","protected":false},"featured_media":18272,"comment_status":"open","ping_status":"closed","template":"","meta":{"om_disable_all_campaigns":false,"_monsterinsights_skip_tracking":false,"_monsterinsights_sitenote_active":false,"_monsterinsights_sitenote_note":"","_monsterinsights_sitenote_category":0,"_uf_show_specific_survey":0,"_uf_disable_surveys":false,"_joinchat":[]},"product_brand":[],"product_cat":[768,673,777],"product_tag":[],"class_list":{"0":"post-18282","1":"product","2":"type-product","3":"status-publish","4":"has-post-thumbnail","6":"product_cat-consommable-emballage-maroc","7":"product_cat-emballage-maroc","8":"product_cat-ruban-adhesif-scotch-maroc","10":"first","11":"instock","12":"taxable","13":"shipping-taxable","14":"product-type-simple"},"yoast_head":"<!-- This site is optimized with the Yoast SEO plugin v27.4 - https:\/\/yoast.com\/product\/yoast-seo-wordpress\/ -->\n<title>Ruban Adh\u00e9sif Double Face - Scotch - Industrie Maroc Online<\/title>\n<meta name=\"description\" content=\"Double face compos\u00e9 d&#039;un support film PVC et d&#039;une masse adh\u00e9sive acrylique \u00e0 fort tack.  Dispose d&#039;une excellente combinaison du tack \u00e9lev\u00e9 et de l&#039;adh\u00e9sion imm\u00e9diate.  Compatibilit\u00e9 compl\u00e8te avec des applications \u00e0 long terme.\" \/>\n<meta name=\"robots\" content=\"index, follow, max-snippet:-1, max-image-preview:large, max-video-preview:-1\" \/>\n<link rel=\"canonical\" href=\"https:\/\/industriemaroc.com\/en\/product\/ruban-adhesif-double-face\/\" \/>\n<meta property=\"og:locale\" content=\"en_US\" \/>\n<meta property=\"og:type\" content=\"article\" \/>\n<meta property=\"og:title\" content=\"Ruban Adh\u00e9sif Double Face - Scotch - Industrie Maroc Online\" \/>\n<meta property=\"og:description\" content=\"Double face compos\u00e9 d&#039;un support film PVC et d&#039;une masse adh\u00e9sive acrylique \u00e0 fort tack.  Dispose d&#039;une excellente combinaison du tack \u00e9lev\u00e9 et de l&#039;adh\u00e9sion imm\u00e9diate.  Compatibilit\u00e9 compl\u00e8te avec des applications \u00e0 long terme.\" \/>\n<meta property=\"og:url\" content=\"https:\/\/industriemaroc.com\/en\/product\/ruban-adhesif-double-face\/\" \/>\n<meta property=\"og:site_name\" content=\"Industrie Maroc Online\" \/>\n<meta property=\"article:modified_time\" content=\"2024-05-22T13:53:35+00:00\" \/>\n<meta property=\"og:image\" content=\"https:\/\/industriemaroc.com\/wp-content\/uploads\/2023\/09\/2n.jpg\" \/>\n\t<meta property=\"og:image:width\" content=\"700\" \/>\n\t<meta property=\"og:image:height\" content=\"700\" \/>\n\t<meta property=\"og:image:type\" content=\"image\/jpeg\" \/>\n<meta name=\"twitter:card\" content=\"summary_large_image\" \/>\n<script type=\"application\/ld+json\" class=\"yoast-schema-graph\">{\"@context\":\"https:\\\/\\\/schema.org\",\"@graph\":[{\"@type\":\"WebPage\",\"@id\":\"https:\\\/\\\/industriemaroc.com\\\/produit\\\/ruban-adhesif-double-face\\\/\",\"url\":\"https:\\\/\\\/industriemaroc.com\\\/produit\\\/ruban-adhesif-double-face\\\/\",\"name\":\"Ruban Adh\u00e9sif Double Face - Scotch - Industrie Maroc Online\",\"isPartOf\":{\"@id\":\"https:\\\/\\\/industriemaroc.com\\\/#website\"},\"primaryImageOfPage\":{\"@id\":\"https:\\\/\\\/industriemaroc.com\\\/produit\\\/ruban-adhesif-double-face\\\/#primaryimage\"},\"image\":{\"@id\":\"https:\\\/\\\/industriemaroc.com\\\/produit\\\/ruban-adhesif-double-face\\\/#primaryimage\"},\"thumbnailUrl\":\"https:\\\/\\\/industriemaroc.com\\\/wp-content\\\/uploads\\\/2023\\\/09\\\/2n.jpg\",\"datePublished\":\"2023-09-13T11:42:32+00:00\",\"dateModified\":\"2024-05-22T13:53:35+00:00\",\"description\":\"Double face compos\u00e9 d'un support film PVC et d'une masse adh\u00e9sive acrylique \u00e0 fort tack. Dispose d'une excellente combinaison du tack \u00e9lev\u00e9 et de l'adh\u00e9sion imm\u00e9diate. Compatibilit\u00e9 compl\u00e8te avec des applications \u00e0 long terme.\",\"breadcrumb\":{\"@id\":\"https:\\\/\\\/industriemaroc.com\\\/produit\\\/ruban-adhesif-double-face\\\/#breadcrumb\"},\"inLanguage\":\"en-US\",\"potentialAction\":[{\"@type\":\"ReadAction\",\"target\":[\"https:\\\/\\\/industriemaroc.com\\\/produit\\\/ruban-adhesif-double-face\\\/\"]}]},{\"@type\":\"ImageObject\",\"inLanguage\":\"en-US\",\"@id\":\"https:\\\/\\\/industriemaroc.com\\\/produit\\\/ruban-adhesif-double-face\\\/#primaryimage\",\"url\":\"https:\\\/\\\/industriemaroc.com\\\/wp-content\\\/uploads\\\/2023\\\/09\\\/2n.jpg\",\"contentUrl\":\"https:\\\/\\\/industriemaroc.com\\\/wp-content\\\/uploads\\\/2023\\\/09\\\/2n.jpg\",\"width\":700,\"height\":700},{\"@type\":\"BreadcrumbList\",\"@id\":\"https:\\\/\\\/industriemaroc.com\\\/produit\\\/ruban-adhesif-double-face\\\/#breadcrumb\",\"itemListElement\":[{\"@type\":\"ListItem\",\"position\":1,\"name\":\"Home\",\"item\":\"https:\\\/\\\/industriemaroc.com\\\/\"},{\"@type\":\"ListItem\",\"position\":2,\"name\":\"Shop\",\"item\":\"https:\\\/\\\/industriemaroc.com\\\/shop\\\/\"},{\"@type\":\"ListItem\",\"position\":3,\"name\":\"Ruban Adh\u00e9sif Double Face &#8211; Scotch\"}]},{\"@type\":\"WebSite\",\"@id\":\"https:\\\/\\\/industriemaroc.com\\\/#website\",\"url\":\"https:\\\/\\\/industriemaroc.com\\\/\",\"name\":\"Industrie Maroc Online\",\"description\":\"Plateforme B2B de mat\u00e9riel professionnel au Maroc\",\"publisher\":{\"@id\":\"https:\\\/\\\/industriemaroc.com\\\/#organization\"},\"potentialAction\":[{\"@type\":\"SearchAction\",\"target\":{\"@type\":\"EntryPoint\",\"urlTemplate\":\"https:\\\/\\\/industriemaroc.com\\\/?s={search_term_string}\"},\"query-input\":{\"@type\":\"PropertyValueSpecification\",\"valueRequired\":true,\"valueName\":\"search_term_string\"}}],\"inLanguage\":\"en-US\"},{\"@type\":\"Organization\",\"@id\":\"https:\\\/\\\/industriemaroc.com\\\/#organization\",\"name\":\"industriemaroc.com\",\"url\":\"https:\\\/\\\/industriemaroc.com\\\/\",\"logo\":{\"@type\":\"ImageObject\",\"inLanguage\":\"en-US\",\"@id\":\"https:\\\/\\\/industriemaroc.com\\\/#\\\/schema\\\/logo\\\/image\\\/\",\"url\":\"https:\\\/\\\/industriemaroc.com\\\/wp-content\\\/uploads\\\/2024\\\/04\\\/IM.jpg\",\"contentUrl\":\"https:\\\/\\\/industriemaroc.com\\\/wp-content\\\/uploads\\\/2024\\\/04\\\/IM.jpg\",\"width\":2500,\"height\":2500,\"caption\":\"industriemaroc.com\"},\"image\":{\"@id\":\"https:\\\/\\\/industriemaroc.com\\\/#\\\/schema\\\/logo\\\/image\\\/\"}}]}<\/script>\n<!-- \/ Yoast SEO plugin. -->","yoast_head_json":{"title":"Ruban Adh\u00e9sif Double Face - Scotch - Industrie Maroc Online","description":"Double face compos\u00e9 d'un support film PVC et d'une masse adh\u00e9sive acrylique \u00e0 fort tack.  Dispose d'une excellente combinaison du tack \u00e9lev\u00e9 et de l'adh\u00e9sion imm\u00e9diate.  Compatibilit\u00e9 compl\u00e8te avec des applications \u00e0 long terme.","robots":{"index":"index","follow":"follow","max-snippet":"max-snippet:-1","max-image-preview":"max-image-preview:large","max-video-preview":"max-video-preview:-1"},"canonical":"https:\/\/industriemaroc.com\/en\/product\/ruban-adhesif-double-face\/","og_locale":"en_US","og_type":"article","og_title":"Ruban Adh\u00e9sif Double Face - Scotch - Industrie Maroc Online","og_description":"Double face compos\u00e9 d'un support film PVC et d'une masse adh\u00e9sive acrylique \u00e0 fort tack.  Dispose d'une excellente combinaison du tack \u00e9lev\u00e9 et de l'adh\u00e9sion imm\u00e9diate.  Compatibilit\u00e9 compl\u00e8te avec des applications \u00e0 long terme.","og_url":"https:\/\/industriemaroc.com\/en\/product\/ruban-adhesif-double-face\/","og_site_name":"Industrie Maroc Online","article_modified_time":"2024-05-22T13:53:35+00:00","og_image":[{"width":700,"height":700,"url":"https:\/\/industriemaroc.com\/wp-content\/uploads\/2023\/09\/2n.jpg","type":"image\/jpeg"}],"twitter_card":"summary_large_image","schema":{"@context":"https:\/\/schema.org","@graph":[{"@type":"WebPage","@id":"https:\/\/industriemaroc.com\/produit\/ruban-adhesif-double-face\/","url":"https:\/\/industriemaroc.com\/produit\/ruban-adhesif-double-face\/","name":"Ruban Adh\u00e9sif Double Face - Scotch - Industrie Maroc Online","isPartOf":{"@id":"https:\/\/industriemaroc.com\/#website"},"primaryImageOfPage":{"@id":"https:\/\/industriemaroc.com\/produit\/ruban-adhesif-double-face\/#primaryimage"},"image":{"@id":"https:\/\/industriemaroc.com\/produit\/ruban-adhesif-double-face\/#primaryimage"},"thumbnailUrl":"https:\/\/industriemaroc.com\/wp-content\/uploads\/2023\/09\/2n.jpg","datePublished":"2023-09-13T11:42:32+00:00","dateModified":"2024-05-22T13:53:35+00:00","description":"Double face compos\u00e9 d'un support film PVC et d'une masse adh\u00e9sive acrylique \u00e0 fort tack. Dispose d'une excellente combinaison du tack \u00e9lev\u00e9 et de l'adh\u00e9sion imm\u00e9diate. Compatibilit\u00e9 compl\u00e8te avec des applications \u00e0 long terme.","breadcrumb":{"@id":"https:\/\/industriemaroc.com\/produit\/ruban-adhesif-double-face\/#breadcrumb"},"inLanguage":"en-US","potentialAction":[{"@type":"ReadAction","target":["https:\/\/industriemaroc.com\/produit\/ruban-adhesif-double-face\/"]}]},{"@type":"ImageObject","inLanguage":"en-US","@id":"https:\/\/industriemaroc.com\/produit\/ruban-adhesif-double-face\/#primaryimage","url":"https:\/\/industriemaroc.com\/wp-content\/uploads\/2023\/09\/2n.jpg","contentUrl":"https:\/\/industriemaroc.com\/wp-content\/uploads\/2023\/09\/2n.jpg","width":700,"height":700},{"@type":"BreadcrumbList","@id":"https:\/\/industriemaroc.com\/produit\/ruban-adhesif-double-face\/#breadcrumb","itemListElement":[{"@type":"ListItem","position":1,"name":"Home","item":"https:\/\/industriemaroc.com\/"},{"@type":"ListItem","position":2,"name":"Shop","item":"https:\/\/industriemaroc.com\/shop\/"},{"@type":"ListItem","position":3,"name":"Ruban Adh\u00e9sif Double Face &#8211; Scotch"}]},{"@type":"WebSite","@id":"https:\/\/industriemaroc.com\/#website","url":"https:\/\/industriemaroc.com\/","name":"Industrie Maroc Online","description":"Plateforme B2B de mat\u00e9riel professionnel au Maroc","publisher":{"@id":"https:\/\/industriemaroc.com\/#organization"},"potentialAction":[{"@type":"SearchAction","target":{"@type":"EntryPoint","urlTemplate":"https:\/\/industriemaroc.com\/?s={search_term_string}"},"query-input":{"@type":"PropertyValueSpecification","valueRequired":true,"valueName":"search_term_string"}}],"inLanguage":"en-US"},{"@type":"Organization","@id":"https:\/\/industriemaroc.com\/#organization","name":"industriemaroc.com","url":"https:\/\/industriemaroc.com\/","logo":{"@type":"ImageObject","inLanguage":"en-US","@id":"https:\/\/industriemaroc.com\/#\/schema\/logo\/image\/","url":"https:\/\/industriemaroc.com\/wp-content\/uploads\/2024\/04\/IM.jpg","contentUrl":"https:\/\/industriemaroc.com\/wp-content\/uploads\/2024\/04\/IM.jpg","width":2500,"height":2500,"caption":"industriemaroc.com"},"image":{"@id":"https:\/\/industriemaroc.com\/#\/schema\/logo\/image\/"}}]}},"_links":{"self":[{"href":"https:\/\/industriemaroc.com\/en\/wp-json\/wp\/v2\/product\/18282","targetHints":{"allow":["GET"]}}],"collection":[{"href":"https:\/\/industriemaroc.com\/en\/wp-json\/wp\/v2\/product"}],"about":[{"href":"https:\/\/industriemaroc.com\/en\/wp-json\/wp\/v2\/types\/product"}],"replies":[{"embeddable":true,"href":"https:\/\/industriemaroc.com\/en\/wp-json\/wp\/v2\/comments?post=18282"}],"version-history":[{"count":3,"href":"https:\/\/industriemaroc.com\/en\/wp-json\/wp\/v2\/product\/18282\/revisions"}],"predecessor-version":[{"id":21254,"href":"https:\/\/industriemaroc.com\/en\/wp-json\/wp\/v2\/product\/18282\/revisions\/21254"}],"wp:featuredmedia":[{"embeddable":true,"href":"https:\/\/industriemaroc.com\/en\/wp-json\/wp\/v2\/media\/18272"}],"wp:attachment":[{"href":"https:\/\/industriemaroc.com\/en\/wp-json\/wp\/v2\/media?parent=18282"}],"wp:term":[{"taxonomy":"product_brand","embeddable":true,"href":"https:\/\/industriemaroc.com\/en\/wp-json\/wp\/v2\/product_brand?post=18282"},{"taxonomy":"product_cat","embeddable":true,"href":"https:\/\/industriemaroc.com\/en\/wp-json\/wp\/v2\/product_cat?post=18282"},{"taxonomy":"product_tag","embeddable":true,"href":"https:\/\/industriemaroc.com\/en\/wp-json\/wp\/v2\/product_tag?post=18282"}],"curies":[{"name":"wp","href":"https:\/\/api.w.org\/{rel}","templated":true}]}}