{"id":18428,"date":"2023-10-11T16:59:20","date_gmt":"2023-10-11T14:59:20","guid":{"rendered":"https:\/\/industriemaroc.com\/?post_type=product&#038;p=18428"},"modified":"2024-06-12T20:28:20","modified_gmt":"2024-06-12T18:28:20","slug":"degrippant-wd-40","status":"publish","type":"product","link":"https:\/\/industriemaroc.com\/en\/product\/degrippant-wd-40\/","title":{"rendered":"D\u00e9grippant lubrifiant 400 ml &#8211; WD-40"},"content":{"rendered":"<ul>\n<li>D\u00e9grippant WD-40 SpecialistTM p\u00e9n\u00e8tre rapidement et lib\u00e8re les pi\u00e8ces avec une efficacit\u00e9 accrue.<\/li>\n<li>Formule adapt\u00e9e dans les cas diffciles gr\u00e2ce \u00e0 une tr\u00e8s faible tension superficielle.<\/li>\n<li>R\u00e9siste \u00e0 l&rsquo;eau.<\/li>\n<li>Pr\u00e9vient la rouille ou la corrosion.<\/li>\n<li>Disponible en plusieurs volumes.<\/li>\n<\/ul>","protected":false},"excerpt":{"rendered":"<ul>\n<li>D\u00e9grippant WD-40 SpecialistTM p\u00e9n\u00e8tre rapidement et lib\u00e8re les pi\u00e8ces avec une efficacit\u00e9 accrue.<\/li>\n<li>Formule adapt\u00e9e dans les cas diffciles gr\u00e2ce \u00e0 une tr\u00e8s faible tension superficielle.<\/li>\n<li>R\u00e9siste \u00e0 l&rsquo;eau.<\/li>\n<li>Pr\u00e9vient la rouille ou la corrosion.<\/li>\n<li>Disponible en plusieurs volumes.<\/li>\n<\/ul>","protected":false},"featured_media":18424,"comment_status":"open","ping_status":"closed","template":"","meta":{"om_disable_all_campaigns":false,"_monsterinsights_skip_tracking":false,"_monsterinsights_sitenote_active":false,"_monsterinsights_sitenote_note":"","_monsterinsights_sitenote_category":0,"_uf_show_specific_survey":0,"_uf_disable_surveys":false,"_joinchat":[]},"product_brand":[],"product_cat":[672,1244,1246],"product_tag":[],"class_list":{"0":"post-18428","1":"product","2":"type-product","3":"status-publish","4":"has-post-thumbnail","6":"product_cat-fournitures-industrielles","7":"product_cat-graissage-et-lubrifiant","8":"product_cat-lubrifiant-et-degrippant","10":"first","11":"instock","12":"taxable","13":"shipping-taxable","14":"product-type-simple"},"yoast_head":"<!-- This site is optimized with the Yoast SEO plugin v27.4 - https:\/\/yoast.com\/product\/yoast-seo-wordpress\/ -->\n<title>D\u00e9grippant lubrifiant 400 ml - WD-40 - Industrie Maroc Online<\/title>\n<meta name=\"description\" content=\"D\u00e9grippant WD-40 SpecialistTM p\u00e9n\u00e8tre rapidement et lib\u00e8re les pi\u00e8ces avec une efficacit\u00e9 accrue.  Formule adapt\u00e9e dans les cas diffciles gr\u00e2ce \u00e0 une tr\u00e8s faible tension superficielle.  R\u00e9siste \u00e0 l&#039;eau.  Pr\u00e9vient la rouille ou la corrosion.  Disponible en plusieurs volumes.\" \/>\n<meta name=\"robots\" content=\"index, follow, max-snippet:-1, max-image-preview:large, max-video-preview:-1\" \/>\n<link rel=\"canonical\" href=\"https:\/\/industriemaroc.com\/en\/product\/degrippant-wd-40\/\" \/>\n<meta property=\"og:locale\" content=\"en_US\" \/>\n<meta property=\"og:type\" content=\"article\" \/>\n<meta property=\"og:title\" content=\"D\u00e9grippant lubrifiant 400 ml - WD-40 - Industrie Maroc Online\" \/>\n<meta property=\"og:description\" content=\"D\u00e9grippant WD-40 SpecialistTM p\u00e9n\u00e8tre rapidement et lib\u00e8re les pi\u00e8ces avec une efficacit\u00e9 accrue.  Formule adapt\u00e9e dans les cas diffciles gr\u00e2ce \u00e0 une tr\u00e8s faible tension superficielle.  R\u00e9siste \u00e0 l&#039;eau.  Pr\u00e9vient la rouille ou la corrosion.  Disponible en plusieurs volumes.\" \/>\n<meta property=\"og:url\" content=\"https:\/\/industriemaroc.com\/en\/product\/degrippant-wd-40\/\" \/>\n<meta property=\"og:site_name\" content=\"Industrie Maroc Online\" \/>\n<meta property=\"article:modified_time\" content=\"2024-06-12T18:28:20+00:00\" \/>\n<meta property=\"og:image\" content=\"https:\/\/industriemaroc.com\/wp-content\/uploads\/2023\/10\/2-2.jpg\" \/>\n\t<meta property=\"og:image:width\" content=\"700\" \/>\n\t<meta property=\"og:image:height\" content=\"700\" \/>\n\t<meta property=\"og:image:type\" content=\"image\/jpeg\" \/>\n<meta name=\"twitter:card\" content=\"summary_large_image\" \/>\n<script type=\"application\/ld+json\" class=\"yoast-schema-graph\">{\"@context\":\"https:\\\/\\\/schema.org\",\"@graph\":[{\"@type\":\"WebPage\",\"@id\":\"https:\\\/\\\/industriemaroc.com\\\/produit\\\/degrippant-wd-40\\\/\",\"url\":\"https:\\\/\\\/industriemaroc.com\\\/produit\\\/degrippant-wd-40\\\/\",\"name\":\"D\u00e9grippant lubrifiant 400 ml - WD-40 - Industrie Maroc Online\",\"isPartOf\":{\"@id\":\"https:\\\/\\\/industriemaroc.com\\\/#website\"},\"primaryImageOfPage\":{\"@id\":\"https:\\\/\\\/industriemaroc.com\\\/produit\\\/degrippant-wd-40\\\/#primaryimage\"},\"image\":{\"@id\":\"https:\\\/\\\/industriemaroc.com\\\/produit\\\/degrippant-wd-40\\\/#primaryimage\"},\"thumbnailUrl\":\"https:\\\/\\\/industriemaroc.com\\\/wp-content\\\/uploads\\\/2023\\\/10\\\/2-2.jpg\",\"datePublished\":\"2023-10-11T14:59:20+00:00\",\"dateModified\":\"2024-06-12T18:28:20+00:00\",\"description\":\"D\u00e9grippant WD-40 SpecialistTM p\u00e9n\u00e8tre rapidement et lib\u00e8re les pi\u00e8ces avec une efficacit\u00e9 accrue. Formule adapt\u00e9e dans les cas diffciles gr\u00e2ce \u00e0 une tr\u00e8s faible tension superficielle. R\u00e9siste \u00e0 l'eau. Pr\u00e9vient la rouille ou la corrosion. Disponible en plusieurs volumes.\",\"breadcrumb\":{\"@id\":\"https:\\\/\\\/industriemaroc.com\\\/produit\\\/degrippant-wd-40\\\/#breadcrumb\"},\"inLanguage\":\"en-US\",\"potentialAction\":[{\"@type\":\"ReadAction\",\"target\":[\"https:\\\/\\\/industriemaroc.com\\\/produit\\\/degrippant-wd-40\\\/\"]}]},{\"@type\":\"ImageObject\",\"inLanguage\":\"en-US\",\"@id\":\"https:\\\/\\\/industriemaroc.com\\\/produit\\\/degrippant-wd-40\\\/#primaryimage\",\"url\":\"https:\\\/\\\/industriemaroc.com\\\/wp-content\\\/uploads\\\/2023\\\/10\\\/2-2.jpg\",\"contentUrl\":\"https:\\\/\\\/industriemaroc.com\\\/wp-content\\\/uploads\\\/2023\\\/10\\\/2-2.jpg\",\"width\":700,\"height\":700},{\"@type\":\"BreadcrumbList\",\"@id\":\"https:\\\/\\\/industriemaroc.com\\\/produit\\\/degrippant-wd-40\\\/#breadcrumb\",\"itemListElement\":[{\"@type\":\"ListItem\",\"position\":1,\"name\":\"Home\",\"item\":\"https:\\\/\\\/industriemaroc.com\\\/\"},{\"@type\":\"ListItem\",\"position\":2,\"name\":\"Shop\",\"item\":\"https:\\\/\\\/industriemaroc.com\\\/shop\\\/\"},{\"@type\":\"ListItem\",\"position\":3,\"name\":\"D\u00e9grippant lubrifiant 400 ml &#8211; WD-40\"}]},{\"@type\":\"WebSite\",\"@id\":\"https:\\\/\\\/industriemaroc.com\\\/#website\",\"url\":\"https:\\\/\\\/industriemaroc.com\\\/\",\"name\":\"Industrie Maroc Online\",\"description\":\"Plateforme B2B de mat\u00e9riel professionnel au Maroc\",\"publisher\":{\"@id\":\"https:\\\/\\\/industriemaroc.com\\\/#organization\"},\"potentialAction\":[{\"@type\":\"SearchAction\",\"target\":{\"@type\":\"EntryPoint\",\"urlTemplate\":\"https:\\\/\\\/industriemaroc.com\\\/?s={search_term_string}\"},\"query-input\":{\"@type\":\"PropertyValueSpecification\",\"valueRequired\":true,\"valueName\":\"search_term_string\"}}],\"inLanguage\":\"en-US\"},{\"@type\":\"Organization\",\"@id\":\"https:\\\/\\\/industriemaroc.com\\\/#organization\",\"name\":\"industriemaroc.com\",\"url\":\"https:\\\/\\\/industriemaroc.com\\\/\",\"logo\":{\"@type\":\"ImageObject\",\"inLanguage\":\"en-US\",\"@id\":\"https:\\\/\\\/industriemaroc.com\\\/#\\\/schema\\\/logo\\\/image\\\/\",\"url\":\"https:\\\/\\\/industriemaroc.com\\\/wp-content\\\/uploads\\\/2024\\\/04\\\/IM.jpg\",\"contentUrl\":\"https:\\\/\\\/industriemaroc.com\\\/wp-content\\\/uploads\\\/2024\\\/04\\\/IM.jpg\",\"width\":2500,\"height\":2500,\"caption\":\"industriemaroc.com\"},\"image\":{\"@id\":\"https:\\\/\\\/industriemaroc.com\\\/#\\\/schema\\\/logo\\\/image\\\/\"}}]}<\/script>\n<!-- \/ Yoast SEO plugin. -->","yoast_head_json":{"title":"D\u00e9grippant lubrifiant 400 ml - WD-40 - Industrie Maroc Online","description":"D\u00e9grippant WD-40 SpecialistTM p\u00e9n\u00e8tre rapidement et lib\u00e8re les pi\u00e8ces avec une efficacit\u00e9 accrue.  Formule adapt\u00e9e dans les cas diffciles gr\u00e2ce \u00e0 une tr\u00e8s faible tension superficielle.  R\u00e9siste \u00e0 l'eau.  Pr\u00e9vient la rouille ou la corrosion.  Disponible en plusieurs volumes.","robots":{"index":"index","follow":"follow","max-snippet":"max-snippet:-1","max-image-preview":"max-image-preview:large","max-video-preview":"max-video-preview:-1"},"canonical":"https:\/\/industriemaroc.com\/en\/product\/degrippant-wd-40\/","og_locale":"en_US","og_type":"article","og_title":"D\u00e9grippant lubrifiant 400 ml - WD-40 - Industrie Maroc Online","og_description":"D\u00e9grippant WD-40 SpecialistTM p\u00e9n\u00e8tre rapidement et lib\u00e8re les pi\u00e8ces avec une efficacit\u00e9 accrue.  Formule adapt\u00e9e dans les cas diffciles gr\u00e2ce \u00e0 une tr\u00e8s faible tension superficielle.  R\u00e9siste \u00e0 l'eau.  Pr\u00e9vient la rouille ou la corrosion.  Disponible en plusieurs volumes.","og_url":"https:\/\/industriemaroc.com\/en\/product\/degrippant-wd-40\/","og_site_name":"Industrie Maroc Online","article_modified_time":"2024-06-12T18:28:20+00:00","og_image":[{"width":700,"height":700,"url":"https:\/\/industriemaroc.com\/wp-content\/uploads\/2023\/10\/2-2.jpg","type":"image\/jpeg"}],"twitter_card":"summary_large_image","schema":{"@context":"https:\/\/schema.org","@graph":[{"@type":"WebPage","@id":"https:\/\/industriemaroc.com\/produit\/degrippant-wd-40\/","url":"https:\/\/industriemaroc.com\/produit\/degrippant-wd-40\/","name":"D\u00e9grippant lubrifiant 400 ml - WD-40 - Industrie Maroc Online","isPartOf":{"@id":"https:\/\/industriemaroc.com\/#website"},"primaryImageOfPage":{"@id":"https:\/\/industriemaroc.com\/produit\/degrippant-wd-40\/#primaryimage"},"image":{"@id":"https:\/\/industriemaroc.com\/produit\/degrippant-wd-40\/#primaryimage"},"thumbnailUrl":"https:\/\/industriemaroc.com\/wp-content\/uploads\/2023\/10\/2-2.jpg","datePublished":"2023-10-11T14:59:20+00:00","dateModified":"2024-06-12T18:28:20+00:00","description":"D\u00e9grippant WD-40 SpecialistTM p\u00e9n\u00e8tre rapidement et lib\u00e8re les pi\u00e8ces avec une efficacit\u00e9 accrue. Formule adapt\u00e9e dans les cas diffciles gr\u00e2ce \u00e0 une tr\u00e8s faible tension superficielle. R\u00e9siste \u00e0 l'eau. Pr\u00e9vient la rouille ou la corrosion. Disponible en plusieurs volumes.","breadcrumb":{"@id":"https:\/\/industriemaroc.com\/produit\/degrippant-wd-40\/#breadcrumb"},"inLanguage":"en-US","potentialAction":[{"@type":"ReadAction","target":["https:\/\/industriemaroc.com\/produit\/degrippant-wd-40\/"]}]},{"@type":"ImageObject","inLanguage":"en-US","@id":"https:\/\/industriemaroc.com\/produit\/degrippant-wd-40\/#primaryimage","url":"https:\/\/industriemaroc.com\/wp-content\/uploads\/2023\/10\/2-2.jpg","contentUrl":"https:\/\/industriemaroc.com\/wp-content\/uploads\/2023\/10\/2-2.jpg","width":700,"height":700},{"@type":"BreadcrumbList","@id":"https:\/\/industriemaroc.com\/produit\/degrippant-wd-40\/#breadcrumb","itemListElement":[{"@type":"ListItem","position":1,"name":"Home","item":"https:\/\/industriemaroc.com\/"},{"@type":"ListItem","position":2,"name":"Shop","item":"https:\/\/industriemaroc.com\/shop\/"},{"@type":"ListItem","position":3,"name":"D\u00e9grippant lubrifiant 400 ml &#8211; WD-40"}]},{"@type":"WebSite","@id":"https:\/\/industriemaroc.com\/#website","url":"https:\/\/industriemaroc.com\/","name":"Industrie Maroc Online","description":"Plateforme B2B de mat\u00e9riel professionnel au Maroc","publisher":{"@id":"https:\/\/industriemaroc.com\/#organization"},"potentialAction":[{"@type":"SearchAction","target":{"@type":"EntryPoint","urlTemplate":"https:\/\/industriemaroc.com\/?s={search_term_string}"},"query-input":{"@type":"PropertyValueSpecification","valueRequired":true,"valueName":"search_term_string"}}],"inLanguage":"en-US"},{"@type":"Organization","@id":"https:\/\/industriemaroc.com\/#organization","name":"industriemaroc.com","url":"https:\/\/industriemaroc.com\/","logo":{"@type":"ImageObject","inLanguage":"en-US","@id":"https:\/\/industriemaroc.com\/#\/schema\/logo\/image\/","url":"https:\/\/industriemaroc.com\/wp-content\/uploads\/2024\/04\/IM.jpg","contentUrl":"https:\/\/industriemaroc.com\/wp-content\/uploads\/2024\/04\/IM.jpg","width":2500,"height":2500,"caption":"industriemaroc.com"},"image":{"@id":"https:\/\/industriemaroc.com\/#\/schema\/logo\/image\/"}}]}},"_links":{"self":[{"href":"https:\/\/industriemaroc.com\/en\/wp-json\/wp\/v2\/product\/18428","targetHints":{"allow":["GET"]}}],"collection":[{"href":"https:\/\/industriemaroc.com\/en\/wp-json\/wp\/v2\/product"}],"about":[{"href":"https:\/\/industriemaroc.com\/en\/wp-json\/wp\/v2\/types\/product"}],"replies":[{"embeddable":true,"href":"https:\/\/industriemaroc.com\/en\/wp-json\/wp\/v2\/comments?post=18428"}],"version-history":[{"count":3,"href":"https:\/\/industriemaroc.com\/en\/wp-json\/wp\/v2\/product\/18428\/revisions"}],"predecessor-version":[{"id":21868,"href":"https:\/\/industriemaroc.com\/en\/wp-json\/wp\/v2\/product\/18428\/revisions\/21868"}],"wp:featuredmedia":[{"embeddable":true,"href":"https:\/\/industriemaroc.com\/en\/wp-json\/wp\/v2\/media\/18424"}],"wp:attachment":[{"href":"https:\/\/industriemaroc.com\/en\/wp-json\/wp\/v2\/media?parent=18428"}],"wp:term":[{"taxonomy":"product_brand","embeddable":true,"href":"https:\/\/industriemaroc.com\/en\/wp-json\/wp\/v2\/product_brand?post=18428"},{"taxonomy":"product_cat","embeddable":true,"href":"https:\/\/industriemaroc.com\/en\/wp-json\/wp\/v2\/product_cat?post=18428"},{"taxonomy":"product_tag","embeddable":true,"href":"https:\/\/industriemaroc.com\/en\/wp-json\/wp\/v2\/product_tag?post=18428"}],"curies":[{"name":"wp","href":"https:\/\/api.w.org\/{rel}","templated":true}]}}