{"id":18434,"date":"2023-10-11T17:20:22","date_gmt":"2023-10-11T15:20:22","guid":{"rendered":"https:\/\/industriemaroc.com\/?post_type=product&#038;p=18434"},"modified":"2024-09-13T22:53:05","modified_gmt":"2024-09-13T20:53:05","slug":"cea-arc-403","status":"publish","type":"product","link":"https:\/\/industriemaroc.com\/en\/product\/cea-arc-403\/","title":{"rendered":"Soudeuse \u00e9lectrode triphas\u00e9 Cea Arc 403"},"content":{"rendered":"<p>SOUDEUSE POUR ELECTRODE TRIPHASEES EN COURANT CONTINU AVEC REGLAGE A SHUNT MAGNETIQUE<\/p>\n<p>Excellente caract\u00e9ristique d\u2019arc, robustesse et fiabilit\u00e9, sont les principales caract\u00e9ristiques des mod\u00e8les ARC. Adapt\u00e9s pour toute application en maintenance ou fabrication, en chantier naval ou en construction m\u00e9cano-soud\u00e9e, les mod\u00e8les ARC assurent une stabilit\u00e9 extraordinaire de l\u2019arc de soudage.<\/p>","protected":false},"excerpt":{"rendered":"<ul>\n<li>SOUDEUSE POUR ELECTRODE TRIPHASEES EN COURANT CONTINU AVEC REGLAGE A SHUNT MAGNETIQUE<\/li>\n<li>Excellente caract\u00e9ristique d\u2019arc, robustesse et fiabilit\u00e9<\/li>\n<\/ul>","protected":false},"featured_media":18436,"comment_status":"open","ping_status":"closed","template":"","meta":{"om_disable_all_campaigns":false,"_monsterinsights_skip_tracking":false,"_monsterinsights_sitenote_active":false,"_monsterinsights_sitenote_note":"","_monsterinsights_sitenote_category":0,"_uf_show_specific_survey":0,"_uf_disable_surveys":false,"_joinchat":[]},"product_brand":[],"product_cat":[672,1089,1088,1079],"product_tag":[],"class_list":{"0":"post-18434","1":"product","2":"type-product","3":"status-publish","4":"has-post-thumbnail","6":"product_cat-fournitures-industrielles","7":"product_cat-mma","8":"product_cat-postes-a-souder","9":"product_cat-materiel-de-soudage","11":"first","12":"instock","13":"taxable","14":"shipping-taxable","15":"product-type-simple"},"yoast_head":"<!-- This site is optimized with the Yoast SEO plugin v27.4 - https:\/\/yoast.com\/product\/yoast-seo-wordpress\/ -->\n<title>Soudeuse \u00e9lectrode triphas\u00e9 Cea Arc 403 - Industrie Maroc Online<\/title>\n<meta name=\"description\" content=\"SOUDEUSE POUR ELECTRODE TRIPHASEES EN COURANT CONTINU AVEC REGLAGE A SHUNT MAGNETIQUE  Excellente caract\u00e9ristique d\u2019arc, robustesse et fiabilit\u00e9\" \/>\n<meta name=\"robots\" content=\"index, follow, max-snippet:-1, max-image-preview:large, max-video-preview:-1\" \/>\n<link rel=\"canonical\" href=\"https:\/\/industriemaroc.com\/en\/product\/cea-arc-403\/\" \/>\n<meta property=\"og:locale\" content=\"en_US\" \/>\n<meta property=\"og:type\" content=\"article\" \/>\n<meta property=\"og:title\" content=\"Soudeuse \u00e9lectrode triphas\u00e9 Cea Arc 403 - Industrie Maroc Online\" \/>\n<meta property=\"og:description\" content=\"SOUDEUSE POUR ELECTRODE TRIPHASEES EN COURANT CONTINU AVEC REGLAGE A SHUNT MAGNETIQUE  Excellente caract\u00e9ristique d\u2019arc, robustesse et fiabilit\u00e9\" \/>\n<meta property=\"og:url\" content=\"https:\/\/industriemaroc.com\/en\/product\/cea-arc-403\/\" \/>\n<meta property=\"og:site_name\" content=\"Industrie Maroc Online\" \/>\n<meta property=\"article:modified_time\" content=\"2024-09-13T20:53:05+00:00\" \/>\n<meta property=\"og:image\" content=\"https:\/\/industriemaroc.com\/wp-content\/uploads\/2023\/10\/1-4.jpg\" \/>\n\t<meta property=\"og:image:width\" content=\"700\" \/>\n\t<meta property=\"og:image:height\" content=\"700\" \/>\n\t<meta property=\"og:image:type\" content=\"image\/jpeg\" \/>\n<meta name=\"twitter:card\" content=\"summary_large_image\" \/>\n<script type=\"application\/ld+json\" class=\"yoast-schema-graph\">{\"@context\":\"https:\\\/\\\/schema.org\",\"@graph\":[{\"@type\":\"WebPage\",\"@id\":\"https:\\\/\\\/industriemaroc.com\\\/produit\\\/cea-arc-403\\\/\",\"url\":\"https:\\\/\\\/industriemaroc.com\\\/produit\\\/cea-arc-403\\\/\",\"name\":\"Soudeuse \u00e9lectrode triphas\u00e9 Cea Arc 403 - Industrie Maroc Online\",\"isPartOf\":{\"@id\":\"https:\\\/\\\/industriemaroc.com\\\/#website\"},\"primaryImageOfPage\":{\"@id\":\"https:\\\/\\\/industriemaroc.com\\\/produit\\\/cea-arc-403\\\/#primaryimage\"},\"image\":{\"@id\":\"https:\\\/\\\/industriemaroc.com\\\/produit\\\/cea-arc-403\\\/#primaryimage\"},\"thumbnailUrl\":\"https:\\\/\\\/industriemaroc.com\\\/wp-content\\\/uploads\\\/2023\\\/10\\\/1-4.jpg\",\"datePublished\":\"2023-10-11T15:20:22+00:00\",\"dateModified\":\"2024-09-13T20:53:05+00:00\",\"description\":\"SOUDEUSE POUR ELECTRODE TRIPHASEES EN COURANT CONTINU AVEC REGLAGE A SHUNT MAGNETIQUE Excellente caract\u00e9ristique d\u2019arc, robustesse et fiabilit\u00e9\",\"breadcrumb\":{\"@id\":\"https:\\\/\\\/industriemaroc.com\\\/produit\\\/cea-arc-403\\\/#breadcrumb\"},\"inLanguage\":\"en-US\",\"potentialAction\":[{\"@type\":\"ReadAction\",\"target\":[\"https:\\\/\\\/industriemaroc.com\\\/produit\\\/cea-arc-403\\\/\"]}]},{\"@type\":\"ImageObject\",\"inLanguage\":\"en-US\",\"@id\":\"https:\\\/\\\/industriemaroc.com\\\/produit\\\/cea-arc-403\\\/#primaryimage\",\"url\":\"https:\\\/\\\/industriemaroc.com\\\/wp-content\\\/uploads\\\/2023\\\/10\\\/1-4.jpg\",\"contentUrl\":\"https:\\\/\\\/industriemaroc.com\\\/wp-content\\\/uploads\\\/2023\\\/10\\\/1-4.jpg\",\"width\":700,\"height\":700},{\"@type\":\"BreadcrumbList\",\"@id\":\"https:\\\/\\\/industriemaroc.com\\\/produit\\\/cea-arc-403\\\/#breadcrumb\",\"itemListElement\":[{\"@type\":\"ListItem\",\"position\":1,\"name\":\"Home\",\"item\":\"https:\\\/\\\/industriemaroc.com\\\/\"},{\"@type\":\"ListItem\",\"position\":2,\"name\":\"Shop\",\"item\":\"https:\\\/\\\/industriemaroc.com\\\/shop\\\/\"},{\"@type\":\"ListItem\",\"position\":3,\"name\":\"Soudeuse \u00e9lectrode triphas\u00e9 Cea Arc 403\"}]},{\"@type\":\"WebSite\",\"@id\":\"https:\\\/\\\/industriemaroc.com\\\/#website\",\"url\":\"https:\\\/\\\/industriemaroc.com\\\/\",\"name\":\"Industrie Maroc Online\",\"description\":\"Plateforme B2B de mat\u00e9riel professionnel au Maroc\",\"publisher\":{\"@id\":\"https:\\\/\\\/industriemaroc.com\\\/#organization\"},\"potentialAction\":[{\"@type\":\"SearchAction\",\"target\":{\"@type\":\"EntryPoint\",\"urlTemplate\":\"https:\\\/\\\/industriemaroc.com\\\/?s={search_term_string}\"},\"query-input\":{\"@type\":\"PropertyValueSpecification\",\"valueRequired\":true,\"valueName\":\"search_term_string\"}}],\"inLanguage\":\"en-US\"},{\"@type\":\"Organization\",\"@id\":\"https:\\\/\\\/industriemaroc.com\\\/#organization\",\"name\":\"industriemaroc.com\",\"url\":\"https:\\\/\\\/industriemaroc.com\\\/\",\"logo\":{\"@type\":\"ImageObject\",\"inLanguage\":\"en-US\",\"@id\":\"https:\\\/\\\/industriemaroc.com\\\/#\\\/schema\\\/logo\\\/image\\\/\",\"url\":\"https:\\\/\\\/industriemaroc.com\\\/wp-content\\\/uploads\\\/2024\\\/04\\\/IM.jpg\",\"contentUrl\":\"https:\\\/\\\/industriemaroc.com\\\/wp-content\\\/uploads\\\/2024\\\/04\\\/IM.jpg\",\"width\":2500,\"height\":2500,\"caption\":\"industriemaroc.com\"},\"image\":{\"@id\":\"https:\\\/\\\/industriemaroc.com\\\/#\\\/schema\\\/logo\\\/image\\\/\"}}]}<\/script>\n<!-- \/ Yoast SEO plugin. -->","yoast_head_json":{"title":"Soudeuse \u00e9lectrode triphas\u00e9 Cea Arc 403 - Industrie Maroc Online","description":"SOUDEUSE POUR ELECTRODE TRIPHASEES EN COURANT CONTINU AVEC REGLAGE A SHUNT MAGNETIQUE  Excellente caract\u00e9ristique d\u2019arc, robustesse et fiabilit\u00e9","robots":{"index":"index","follow":"follow","max-snippet":"max-snippet:-1","max-image-preview":"max-image-preview:large","max-video-preview":"max-video-preview:-1"},"canonical":"https:\/\/industriemaroc.com\/en\/product\/cea-arc-403\/","og_locale":"en_US","og_type":"article","og_title":"Soudeuse \u00e9lectrode triphas\u00e9 Cea Arc 403 - Industrie Maroc Online","og_description":"SOUDEUSE POUR ELECTRODE TRIPHASEES EN COURANT CONTINU AVEC REGLAGE A SHUNT MAGNETIQUE  Excellente caract\u00e9ristique d\u2019arc, robustesse et fiabilit\u00e9","og_url":"https:\/\/industriemaroc.com\/en\/product\/cea-arc-403\/","og_site_name":"Industrie Maroc Online","article_modified_time":"2024-09-13T20:53:05+00:00","og_image":[{"width":700,"height":700,"url":"https:\/\/industriemaroc.com\/wp-content\/uploads\/2023\/10\/1-4.jpg","type":"image\/jpeg"}],"twitter_card":"summary_large_image","schema":{"@context":"https:\/\/schema.org","@graph":[{"@type":"WebPage","@id":"https:\/\/industriemaroc.com\/produit\/cea-arc-403\/","url":"https:\/\/industriemaroc.com\/produit\/cea-arc-403\/","name":"Soudeuse \u00e9lectrode triphas\u00e9 Cea Arc 403 - Industrie Maroc Online","isPartOf":{"@id":"https:\/\/industriemaroc.com\/#website"},"primaryImageOfPage":{"@id":"https:\/\/industriemaroc.com\/produit\/cea-arc-403\/#primaryimage"},"image":{"@id":"https:\/\/industriemaroc.com\/produit\/cea-arc-403\/#primaryimage"},"thumbnailUrl":"https:\/\/industriemaroc.com\/wp-content\/uploads\/2023\/10\/1-4.jpg","datePublished":"2023-10-11T15:20:22+00:00","dateModified":"2024-09-13T20:53:05+00:00","description":"SOUDEUSE POUR ELECTRODE TRIPHASEES EN COURANT CONTINU AVEC REGLAGE A SHUNT MAGNETIQUE Excellente caract\u00e9ristique d\u2019arc, robustesse et fiabilit\u00e9","breadcrumb":{"@id":"https:\/\/industriemaroc.com\/produit\/cea-arc-403\/#breadcrumb"},"inLanguage":"en-US","potentialAction":[{"@type":"ReadAction","target":["https:\/\/industriemaroc.com\/produit\/cea-arc-403\/"]}]},{"@type":"ImageObject","inLanguage":"en-US","@id":"https:\/\/industriemaroc.com\/produit\/cea-arc-403\/#primaryimage","url":"https:\/\/industriemaroc.com\/wp-content\/uploads\/2023\/10\/1-4.jpg","contentUrl":"https:\/\/industriemaroc.com\/wp-content\/uploads\/2023\/10\/1-4.jpg","width":700,"height":700},{"@type":"BreadcrumbList","@id":"https:\/\/industriemaroc.com\/produit\/cea-arc-403\/#breadcrumb","itemListElement":[{"@type":"ListItem","position":1,"name":"Home","item":"https:\/\/industriemaroc.com\/"},{"@type":"ListItem","position":2,"name":"Shop","item":"https:\/\/industriemaroc.com\/shop\/"},{"@type":"ListItem","position":3,"name":"Soudeuse \u00e9lectrode triphas\u00e9 Cea Arc 403"}]},{"@type":"WebSite","@id":"https:\/\/industriemaroc.com\/#website","url":"https:\/\/industriemaroc.com\/","name":"Industrie Maroc Online","description":"Plateforme B2B de mat\u00e9riel professionnel au Maroc","publisher":{"@id":"https:\/\/industriemaroc.com\/#organization"},"potentialAction":[{"@type":"SearchAction","target":{"@type":"EntryPoint","urlTemplate":"https:\/\/industriemaroc.com\/?s={search_term_string}"},"query-input":{"@type":"PropertyValueSpecification","valueRequired":true,"valueName":"search_term_string"}}],"inLanguage":"en-US"},{"@type":"Organization","@id":"https:\/\/industriemaroc.com\/#organization","name":"industriemaroc.com","url":"https:\/\/industriemaroc.com\/","logo":{"@type":"ImageObject","inLanguage":"en-US","@id":"https:\/\/industriemaroc.com\/#\/schema\/logo\/image\/","url":"https:\/\/industriemaroc.com\/wp-content\/uploads\/2024\/04\/IM.jpg","contentUrl":"https:\/\/industriemaroc.com\/wp-content\/uploads\/2024\/04\/IM.jpg","width":2500,"height":2500,"caption":"industriemaroc.com"},"image":{"@id":"https:\/\/industriemaroc.com\/#\/schema\/logo\/image\/"}}]}},"_links":{"self":[{"href":"https:\/\/industriemaroc.com\/en\/wp-json\/wp\/v2\/product\/18434","targetHints":{"allow":["GET"]}}],"collection":[{"href":"https:\/\/industriemaroc.com\/en\/wp-json\/wp\/v2\/product"}],"about":[{"href":"https:\/\/industriemaroc.com\/en\/wp-json\/wp\/v2\/types\/product"}],"replies":[{"embeddable":true,"href":"https:\/\/industriemaroc.com\/en\/wp-json\/wp\/v2\/comments?post=18434"}],"version-history":[{"count":3,"href":"https:\/\/industriemaroc.com\/en\/wp-json\/wp\/v2\/product\/18434\/revisions"}],"predecessor-version":[{"id":22993,"href":"https:\/\/industriemaroc.com\/en\/wp-json\/wp\/v2\/product\/18434\/revisions\/22993"}],"wp:featuredmedia":[{"embeddable":true,"href":"https:\/\/industriemaroc.com\/en\/wp-json\/wp\/v2\/media\/18436"}],"wp:attachment":[{"href":"https:\/\/industriemaroc.com\/en\/wp-json\/wp\/v2\/media?parent=18434"}],"wp:term":[{"taxonomy":"product_brand","embeddable":true,"href":"https:\/\/industriemaroc.com\/en\/wp-json\/wp\/v2\/product_brand?post=18434"},{"taxonomy":"product_cat","embeddable":true,"href":"https:\/\/industriemaroc.com\/en\/wp-json\/wp\/v2\/product_cat?post=18434"},{"taxonomy":"product_tag","embeddable":true,"href":"https:\/\/industriemaroc.com\/en\/wp-json\/wp\/v2\/product_tag?post=18434"}],"curies":[{"name":"wp","href":"https:\/\/api.w.org\/{rel}","templated":true}]}}