{"id":18451,"date":"2023-10-11T17:24:27","date_gmt":"2023-10-11T15:24:27","guid":{"rendered":"https:\/\/industriemaroc.com\/?post_type=product&#038;p=18451"},"modified":"2024-09-09T21:46:44","modified_gmt":"2024-09-09T19:46:44","slug":"cea-rainbow-180","status":"publish","type":"product","link":"https:\/\/industriemaroc.com\/en\/product\/cea-rainbow-180\/","title":{"rendered":"Onduleur de Soudage Cea Rainbow 180"},"content":{"rendered":"<ul>\n<li>ONDULEUR DE SOUDAGE POUR ELECTRODESLes\u00a0RAINBOW\u00a0repr\u00e9sentent l\u2019\u00e9volution la plus r\u00e9cente en mati\u00e8re d\u2019onduleurs de soudage en courant continu.<\/li>\n<li>Ces \u00e9quipements 100 kHz puissant utilisent la derni\u00e8re g\u00e9n\u00e9ration des transistors IGBT, et sont \u00e9quip\u00e9s d\u2019un transformateur plat.<br \/>\nLes RAINBOW avec sa l\u00e9g\u00e8ret\u00e9 et dimensions r\u00e9duites, ses excellentes performances en soudage \u00e9lectrode MMA et TIG avec amor\u00e7age par levage, sont une des meilleures solutions pour la maintenance et les travaux l\u00e9gers.<\/li>\n<\/ul>","protected":false},"excerpt":{"rendered":"<ul>\n<li>ONDULEUR DE SOUDAGE POUR ELECTRODESLes\u00a0RAINBOW\u00a0repr\u00e9sentent l\u2019\u00e9volution la plus r\u00e9cente en mati\u00e8re d\u2019onduleurs de soudage en courant continu.<\/li>\n<\/ul>","protected":false},"featured_media":18440,"comment_status":"open","ping_status":"closed","template":"","meta":{"om_disable_all_campaigns":false,"_monsterinsights_skip_tracking":false,"_monsterinsights_sitenote_active":false,"_monsterinsights_sitenote_note":"","_monsterinsights_sitenote_category":0,"_uf_show_specific_survey":0,"_uf_disable_surveys":false,"_joinchat":[]},"product_brand":[],"product_cat":[672,1089,1088,1079],"product_tag":[],"class_list":{"0":"post-18451","1":"product","2":"type-product","3":"status-publish","4":"has-post-thumbnail","6":"product_cat-fournitures-industrielles","7":"product_cat-mma","8":"product_cat-postes-a-souder","9":"product_cat-materiel-de-soudage","11":"first","12":"instock","13":"taxable","14":"shipping-taxable","15":"product-type-simple"},"yoast_head":"<!-- This site is optimized with the Yoast SEO plugin v27.4 - https:\/\/yoast.com\/product\/yoast-seo-wordpress\/ -->\n<title>Onduleur de Soudage Cea Rainbow 180 - Industrie Maroc Online<\/title>\n<meta name=\"description\" content=\"ONDULEUR DE SOUDAGE POUR ELECTRODESLes\u00a0RAINBOW\u00a0repr\u00e9sentent l\u2019\u00e9volution la plus r\u00e9cente en mati\u00e8re d\u2019onduleurs de soudage en courant continu.\" \/>\n<meta name=\"robots\" content=\"index, follow, max-snippet:-1, max-image-preview:large, max-video-preview:-1\" \/>\n<link rel=\"canonical\" href=\"https:\/\/industriemaroc.com\/en\/product\/cea-rainbow-180\/\" \/>\n<meta property=\"og:locale\" content=\"en_US\" \/>\n<meta property=\"og:type\" content=\"article\" \/>\n<meta property=\"og:title\" content=\"Onduleur de Soudage Cea Rainbow 180 - Industrie Maroc Online\" \/>\n<meta property=\"og:description\" content=\"ONDULEUR DE SOUDAGE POUR ELECTRODESLes\u00a0RAINBOW\u00a0repr\u00e9sentent l\u2019\u00e9volution la plus r\u00e9cente en mati\u00e8re d\u2019onduleurs de soudage en courant continu.\" \/>\n<meta property=\"og:url\" content=\"https:\/\/industriemaroc.com\/en\/product\/cea-rainbow-180\/\" \/>\n<meta property=\"og:site_name\" content=\"Industrie Maroc Online\" \/>\n<meta property=\"article:modified_time\" content=\"2024-09-09T19:46:44+00:00\" \/>\n<meta property=\"og:image\" content=\"https:\/\/industriemaroc.com\/wp-content\/uploads\/2023\/10\/5-1.jpg\" \/>\n\t<meta property=\"og:image:width\" content=\"700\" \/>\n\t<meta property=\"og:image:height\" content=\"700\" \/>\n\t<meta property=\"og:image:type\" content=\"image\/jpeg\" \/>\n<meta name=\"twitter:card\" content=\"summary_large_image\" \/>\n<script type=\"application\/ld+json\" class=\"yoast-schema-graph\">{\"@context\":\"https:\\\/\\\/schema.org\",\"@graph\":[{\"@type\":\"WebPage\",\"@id\":\"https:\\\/\\\/industriemaroc.com\\\/produit\\\/cea-rainbow-180\\\/\",\"url\":\"https:\\\/\\\/industriemaroc.com\\\/produit\\\/cea-rainbow-180\\\/\",\"name\":\"Onduleur de Soudage Cea Rainbow 180 - Industrie Maroc Online\",\"isPartOf\":{\"@id\":\"https:\\\/\\\/industriemaroc.com\\\/#website\"},\"primaryImageOfPage\":{\"@id\":\"https:\\\/\\\/industriemaroc.com\\\/produit\\\/cea-rainbow-180\\\/#primaryimage\"},\"image\":{\"@id\":\"https:\\\/\\\/industriemaroc.com\\\/produit\\\/cea-rainbow-180\\\/#primaryimage\"},\"thumbnailUrl\":\"https:\\\/\\\/industriemaroc.com\\\/wp-content\\\/uploads\\\/2023\\\/10\\\/5-1.jpg\",\"datePublished\":\"2023-10-11T15:24:27+00:00\",\"dateModified\":\"2024-09-09T19:46:44+00:00\",\"description\":\"ONDULEUR DE SOUDAGE POUR ELECTRODESLes\u00a0RAINBOW\u00a0repr\u00e9sentent l\u2019\u00e9volution la plus r\u00e9cente en mati\u00e8re d\u2019onduleurs de soudage en courant continu.\",\"breadcrumb\":{\"@id\":\"https:\\\/\\\/industriemaroc.com\\\/produit\\\/cea-rainbow-180\\\/#breadcrumb\"},\"inLanguage\":\"en-US\",\"potentialAction\":[{\"@type\":\"ReadAction\",\"target\":[\"https:\\\/\\\/industriemaroc.com\\\/produit\\\/cea-rainbow-180\\\/\"]}]},{\"@type\":\"ImageObject\",\"inLanguage\":\"en-US\",\"@id\":\"https:\\\/\\\/industriemaroc.com\\\/produit\\\/cea-rainbow-180\\\/#primaryimage\",\"url\":\"https:\\\/\\\/industriemaroc.com\\\/wp-content\\\/uploads\\\/2023\\\/10\\\/5-1.jpg\",\"contentUrl\":\"https:\\\/\\\/industriemaroc.com\\\/wp-content\\\/uploads\\\/2023\\\/10\\\/5-1.jpg\",\"width\":700,\"height\":700},{\"@type\":\"BreadcrumbList\",\"@id\":\"https:\\\/\\\/industriemaroc.com\\\/produit\\\/cea-rainbow-180\\\/#breadcrumb\",\"itemListElement\":[{\"@type\":\"ListItem\",\"position\":1,\"name\":\"Home\",\"item\":\"https:\\\/\\\/industriemaroc.com\\\/\"},{\"@type\":\"ListItem\",\"position\":2,\"name\":\"Shop\",\"item\":\"https:\\\/\\\/industriemaroc.com\\\/shop\\\/\"},{\"@type\":\"ListItem\",\"position\":3,\"name\":\"Onduleur de Soudage Cea Rainbow 180\"}]},{\"@type\":\"WebSite\",\"@id\":\"https:\\\/\\\/industriemaroc.com\\\/#website\",\"url\":\"https:\\\/\\\/industriemaroc.com\\\/\",\"name\":\"Industrie Maroc Online\",\"description\":\"Plateforme B2B de mat\u00e9riel professionnel au Maroc\",\"publisher\":{\"@id\":\"https:\\\/\\\/industriemaroc.com\\\/#organization\"},\"potentialAction\":[{\"@type\":\"SearchAction\",\"target\":{\"@type\":\"EntryPoint\",\"urlTemplate\":\"https:\\\/\\\/industriemaroc.com\\\/?s={search_term_string}\"},\"query-input\":{\"@type\":\"PropertyValueSpecification\",\"valueRequired\":true,\"valueName\":\"search_term_string\"}}],\"inLanguage\":\"en-US\"},{\"@type\":\"Organization\",\"@id\":\"https:\\\/\\\/industriemaroc.com\\\/#organization\",\"name\":\"industriemaroc.com\",\"url\":\"https:\\\/\\\/industriemaroc.com\\\/\",\"logo\":{\"@type\":\"ImageObject\",\"inLanguage\":\"en-US\",\"@id\":\"https:\\\/\\\/industriemaroc.com\\\/#\\\/schema\\\/logo\\\/image\\\/\",\"url\":\"https:\\\/\\\/industriemaroc.com\\\/wp-content\\\/uploads\\\/2024\\\/04\\\/IM.jpg\",\"contentUrl\":\"https:\\\/\\\/industriemaroc.com\\\/wp-content\\\/uploads\\\/2024\\\/04\\\/IM.jpg\",\"width\":2500,\"height\":2500,\"caption\":\"industriemaroc.com\"},\"image\":{\"@id\":\"https:\\\/\\\/industriemaroc.com\\\/#\\\/schema\\\/logo\\\/image\\\/\"}}]}<\/script>\n<!-- \/ Yoast SEO plugin. -->","yoast_head_json":{"title":"Onduleur de Soudage Cea Rainbow 180 - Industrie Maroc Online","description":"ONDULEUR DE SOUDAGE POUR ELECTRODESLes\u00a0RAINBOW\u00a0repr\u00e9sentent l\u2019\u00e9volution la plus r\u00e9cente en mati\u00e8re d\u2019onduleurs de soudage en courant continu.","robots":{"index":"index","follow":"follow","max-snippet":"max-snippet:-1","max-image-preview":"max-image-preview:large","max-video-preview":"max-video-preview:-1"},"canonical":"https:\/\/industriemaroc.com\/en\/product\/cea-rainbow-180\/","og_locale":"en_US","og_type":"article","og_title":"Onduleur de Soudage Cea Rainbow 180 - Industrie Maroc Online","og_description":"ONDULEUR DE SOUDAGE POUR ELECTRODESLes\u00a0RAINBOW\u00a0repr\u00e9sentent l\u2019\u00e9volution la plus r\u00e9cente en mati\u00e8re d\u2019onduleurs de soudage en courant continu.","og_url":"https:\/\/industriemaroc.com\/en\/product\/cea-rainbow-180\/","og_site_name":"Industrie Maroc Online","article_modified_time":"2024-09-09T19:46:44+00:00","og_image":[{"width":700,"height":700,"url":"https:\/\/industriemaroc.com\/wp-content\/uploads\/2023\/10\/5-1.jpg","type":"image\/jpeg"}],"twitter_card":"summary_large_image","schema":{"@context":"https:\/\/schema.org","@graph":[{"@type":"WebPage","@id":"https:\/\/industriemaroc.com\/produit\/cea-rainbow-180\/","url":"https:\/\/industriemaroc.com\/produit\/cea-rainbow-180\/","name":"Onduleur de Soudage Cea Rainbow 180 - Industrie Maroc Online","isPartOf":{"@id":"https:\/\/industriemaroc.com\/#website"},"primaryImageOfPage":{"@id":"https:\/\/industriemaroc.com\/produit\/cea-rainbow-180\/#primaryimage"},"image":{"@id":"https:\/\/industriemaroc.com\/produit\/cea-rainbow-180\/#primaryimage"},"thumbnailUrl":"https:\/\/industriemaroc.com\/wp-content\/uploads\/2023\/10\/5-1.jpg","datePublished":"2023-10-11T15:24:27+00:00","dateModified":"2024-09-09T19:46:44+00:00","description":"ONDULEUR DE SOUDAGE POUR ELECTRODESLes\u00a0RAINBOW\u00a0repr\u00e9sentent l\u2019\u00e9volution la plus r\u00e9cente en mati\u00e8re d\u2019onduleurs de soudage en courant continu.","breadcrumb":{"@id":"https:\/\/industriemaroc.com\/produit\/cea-rainbow-180\/#breadcrumb"},"inLanguage":"en-US","potentialAction":[{"@type":"ReadAction","target":["https:\/\/industriemaroc.com\/produit\/cea-rainbow-180\/"]}]},{"@type":"ImageObject","inLanguage":"en-US","@id":"https:\/\/industriemaroc.com\/produit\/cea-rainbow-180\/#primaryimage","url":"https:\/\/industriemaroc.com\/wp-content\/uploads\/2023\/10\/5-1.jpg","contentUrl":"https:\/\/industriemaroc.com\/wp-content\/uploads\/2023\/10\/5-1.jpg","width":700,"height":700},{"@type":"BreadcrumbList","@id":"https:\/\/industriemaroc.com\/produit\/cea-rainbow-180\/#breadcrumb","itemListElement":[{"@type":"ListItem","position":1,"name":"Home","item":"https:\/\/industriemaroc.com\/"},{"@type":"ListItem","position":2,"name":"Shop","item":"https:\/\/industriemaroc.com\/shop\/"},{"@type":"ListItem","position":3,"name":"Onduleur de Soudage Cea Rainbow 180"}]},{"@type":"WebSite","@id":"https:\/\/industriemaroc.com\/#website","url":"https:\/\/industriemaroc.com\/","name":"Industrie Maroc Online","description":"Plateforme B2B de mat\u00e9riel professionnel au Maroc","publisher":{"@id":"https:\/\/industriemaroc.com\/#organization"},"potentialAction":[{"@type":"SearchAction","target":{"@type":"EntryPoint","urlTemplate":"https:\/\/industriemaroc.com\/?s={search_term_string}"},"query-input":{"@type":"PropertyValueSpecification","valueRequired":true,"valueName":"search_term_string"}}],"inLanguage":"en-US"},{"@type":"Organization","@id":"https:\/\/industriemaroc.com\/#organization","name":"industriemaroc.com","url":"https:\/\/industriemaroc.com\/","logo":{"@type":"ImageObject","inLanguage":"en-US","@id":"https:\/\/industriemaroc.com\/#\/schema\/logo\/image\/","url":"https:\/\/industriemaroc.com\/wp-content\/uploads\/2024\/04\/IM.jpg","contentUrl":"https:\/\/industriemaroc.com\/wp-content\/uploads\/2024\/04\/IM.jpg","width":2500,"height":2500,"caption":"industriemaroc.com"},"image":{"@id":"https:\/\/industriemaroc.com\/#\/schema\/logo\/image\/"}}]}},"_links":{"self":[{"href":"https:\/\/industriemaroc.com\/en\/wp-json\/wp\/v2\/product\/18451","targetHints":{"allow":["GET"]}}],"collection":[{"href":"https:\/\/industriemaroc.com\/en\/wp-json\/wp\/v2\/product"}],"about":[{"href":"https:\/\/industriemaroc.com\/en\/wp-json\/wp\/v2\/types\/product"}],"replies":[{"embeddable":true,"href":"https:\/\/industriemaroc.com\/en\/wp-json\/wp\/v2\/comments?post=18451"}],"version-history":[{"count":3,"href":"https:\/\/industriemaroc.com\/en\/wp-json\/wp\/v2\/product\/18451\/revisions"}],"predecessor-version":[{"id":22784,"href":"https:\/\/industriemaroc.com\/en\/wp-json\/wp\/v2\/product\/18451\/revisions\/22784"}],"wp:featuredmedia":[{"embeddable":true,"href":"https:\/\/industriemaroc.com\/en\/wp-json\/wp\/v2\/media\/18440"}],"wp:attachment":[{"href":"https:\/\/industriemaroc.com\/en\/wp-json\/wp\/v2\/media?parent=18451"}],"wp:term":[{"taxonomy":"product_brand","embeddable":true,"href":"https:\/\/industriemaroc.com\/en\/wp-json\/wp\/v2\/product_brand?post=18451"},{"taxonomy":"product_cat","embeddable":true,"href":"https:\/\/industriemaroc.com\/en\/wp-json\/wp\/v2\/product_cat?post=18451"},{"taxonomy":"product_tag","embeddable":true,"href":"https:\/\/industriemaroc.com\/en\/wp-json\/wp\/v2\/product_tag?post=18451"}],"curies":[{"name":"wp","href":"https:\/\/api.w.org\/{rel}","templated":true}]}}