{"id":18455,"date":"2023-10-11T17:26:37","date_gmt":"2023-10-11T15:26:37","guid":{"rendered":"https:\/\/industriemaroc.com\/?post_type=product&#038;p=18455"},"modified":"2024-09-09T21:41:55","modified_gmt":"2024-09-09T19:41:55","slug":"cea-arctronic-626","status":"publish","type":"product","link":"https:\/\/industriemaroc.com\/en\/product\/cea-arctronic-626\/","title":{"rendered":"Soudeuse Cea Arctronic 626"},"content":{"rendered":"<ul>\n<li>SOUDEUSE POUR ELECTRODE TRIPHASEES EN COURANT CONTINU AVEC REGLAGE ELECTRONIQUE DU COURANT DE SOUDAGERobustes, fiables, avec d\u2019excellentes caract\u00e9ristiques d\u2019arc, ils sont recommand\u00e9s pour les applications de tr\u00e8s grande qualit\u00e9 avec tout type d\u2019\u00e9lectrode, que ce soit en chantier naval, en construction m\u00e9cano-soud\u00e9e ou en soudage de tubes.<\/li>\n<li>La s\u00e9rie ARCTRONIC assure une stabilit\u00e9 extraordinaire des param\u00e9tr\u00e9s et leur dynamique d\u2019arc tr\u00e8s rapide les rend parfaitement aptes au soudage de qualit\u00e9 d\u2019\u00e9lectrodes cellulosiques ou d\u2019\u00e9lectrodes basiques particuli\u00e8rement difficiles.<\/li>\n<\/ul>","protected":false},"excerpt":{"rendered":"<ul>\n<li>SOUDEUSE POUR ELECTRODE TRIPHASEES EN COURANT CONTINU AVEC REGLAGE ELECTRONIQUE DU COURANT DE SOUDAGE<\/li>\n<li>ARCTRONIC assure une stabilit\u00e9 des param\u00e9tr\u00e9s<\/li>\n<\/ul>","protected":false},"featured_media":18442,"comment_status":"open","ping_status":"closed","template":"","meta":{"om_disable_all_campaigns":false,"_monsterinsights_skip_tracking":false,"_monsterinsights_sitenote_active":false,"_monsterinsights_sitenote_note":"","_monsterinsights_sitenote_category":0,"_uf_show_specific_survey":0,"_uf_disable_surveys":false,"_joinchat":[]},"product_brand":[],"product_cat":[672,1089,1088,1079],"product_tag":[],"class_list":{"0":"post-18455","1":"product","2":"type-product","3":"status-publish","4":"has-post-thumbnail","6":"product_cat-fournitures-industrielles","7":"product_cat-mma","8":"product_cat-postes-a-souder","9":"product_cat-materiel-de-soudage","11":"first","12":"instock","13":"taxable","14":"shipping-taxable","15":"product-type-simple"},"yoast_head":"<!-- This site is optimized with the Yoast SEO plugin v27.4 - https:\/\/yoast.com\/product\/yoast-seo-wordpress\/ -->\n<title>Soudeuse Cea Arctronic 626 - Industrie Maroc Online<\/title>\n<meta name=\"description\" content=\"SOUDEUSE POUR ELECTRODE TRIPHASEES EN COURANT CONTINU AVEC REGLAGE ELECTRONIQUE DU COURANT DE SOUDAGE  ARCTRONIC assure une stabilit\u00e9 des param\u00e9tr\u00e9s\" \/>\n<meta name=\"robots\" content=\"index, follow, max-snippet:-1, max-image-preview:large, max-video-preview:-1\" \/>\n<link rel=\"canonical\" href=\"https:\/\/industriemaroc.com\/en\/product\/cea-arctronic-626\/\" \/>\n<meta property=\"og:locale\" content=\"en_US\" \/>\n<meta property=\"og:type\" content=\"article\" \/>\n<meta property=\"og:title\" content=\"Soudeuse Cea Arctronic 626 - Industrie Maroc Online\" \/>\n<meta property=\"og:description\" content=\"SOUDEUSE POUR ELECTRODE TRIPHASEES EN COURANT CONTINU AVEC REGLAGE ELECTRONIQUE DU COURANT DE SOUDAGE  ARCTRONIC assure une stabilit\u00e9 des param\u00e9tr\u00e9s\" \/>\n<meta property=\"og:url\" content=\"https:\/\/industriemaroc.com\/en\/product\/cea-arctronic-626\/\" \/>\n<meta property=\"og:site_name\" content=\"Industrie Maroc Online\" \/>\n<meta property=\"article:modified_time\" content=\"2024-09-09T19:41:55+00:00\" \/>\n<meta property=\"og:image\" content=\"https:\/\/industriemaroc.com\/wp-content\/uploads\/2023\/10\/7-1.jpg\" \/>\n\t<meta property=\"og:image:width\" content=\"700\" \/>\n\t<meta property=\"og:image:height\" content=\"700\" \/>\n\t<meta property=\"og:image:type\" content=\"image\/jpeg\" \/>\n<meta name=\"twitter:card\" content=\"summary_large_image\" \/>\n<script type=\"application\/ld+json\" class=\"yoast-schema-graph\">{\"@context\":\"https:\\\/\\\/schema.org\",\"@graph\":[{\"@type\":\"WebPage\",\"@id\":\"https:\\\/\\\/industriemaroc.com\\\/produit\\\/cea-arctronic-626\\\/\",\"url\":\"https:\\\/\\\/industriemaroc.com\\\/produit\\\/cea-arctronic-626\\\/\",\"name\":\"Soudeuse Cea Arctronic 626 - Industrie Maroc Online\",\"isPartOf\":{\"@id\":\"https:\\\/\\\/industriemaroc.com\\\/#website\"},\"primaryImageOfPage\":{\"@id\":\"https:\\\/\\\/industriemaroc.com\\\/produit\\\/cea-arctronic-626\\\/#primaryimage\"},\"image\":{\"@id\":\"https:\\\/\\\/industriemaroc.com\\\/produit\\\/cea-arctronic-626\\\/#primaryimage\"},\"thumbnailUrl\":\"https:\\\/\\\/industriemaroc.com\\\/wp-content\\\/uploads\\\/2023\\\/10\\\/7-1.jpg\",\"datePublished\":\"2023-10-11T15:26:37+00:00\",\"dateModified\":\"2024-09-09T19:41:55+00:00\",\"description\":\"SOUDEUSE POUR ELECTRODE TRIPHASEES EN COURANT CONTINU AVEC REGLAGE ELECTRONIQUE DU COURANT DE SOUDAGE ARCTRONIC assure une stabilit\u00e9 des param\u00e9tr\u00e9s\",\"breadcrumb\":{\"@id\":\"https:\\\/\\\/industriemaroc.com\\\/produit\\\/cea-arctronic-626\\\/#breadcrumb\"},\"inLanguage\":\"en-US\",\"potentialAction\":[{\"@type\":\"ReadAction\",\"target\":[\"https:\\\/\\\/industriemaroc.com\\\/produit\\\/cea-arctronic-626\\\/\"]}]},{\"@type\":\"ImageObject\",\"inLanguage\":\"en-US\",\"@id\":\"https:\\\/\\\/industriemaroc.com\\\/produit\\\/cea-arctronic-626\\\/#primaryimage\",\"url\":\"https:\\\/\\\/industriemaroc.com\\\/wp-content\\\/uploads\\\/2023\\\/10\\\/7-1.jpg\",\"contentUrl\":\"https:\\\/\\\/industriemaroc.com\\\/wp-content\\\/uploads\\\/2023\\\/10\\\/7-1.jpg\",\"width\":700,\"height\":700},{\"@type\":\"BreadcrumbList\",\"@id\":\"https:\\\/\\\/industriemaroc.com\\\/produit\\\/cea-arctronic-626\\\/#breadcrumb\",\"itemListElement\":[{\"@type\":\"ListItem\",\"position\":1,\"name\":\"Home\",\"item\":\"https:\\\/\\\/industriemaroc.com\\\/\"},{\"@type\":\"ListItem\",\"position\":2,\"name\":\"Shop\",\"item\":\"https:\\\/\\\/industriemaroc.com\\\/shop\\\/\"},{\"@type\":\"ListItem\",\"position\":3,\"name\":\"Soudeuse Cea Arctronic 626\"}]},{\"@type\":\"WebSite\",\"@id\":\"https:\\\/\\\/industriemaroc.com\\\/#website\",\"url\":\"https:\\\/\\\/industriemaroc.com\\\/\",\"name\":\"Industrie Maroc Online\",\"description\":\"Plateforme B2B de mat\u00e9riel professionnel au Maroc\",\"publisher\":{\"@id\":\"https:\\\/\\\/industriemaroc.com\\\/#organization\"},\"potentialAction\":[{\"@type\":\"SearchAction\",\"target\":{\"@type\":\"EntryPoint\",\"urlTemplate\":\"https:\\\/\\\/industriemaroc.com\\\/?s={search_term_string}\"},\"query-input\":{\"@type\":\"PropertyValueSpecification\",\"valueRequired\":true,\"valueName\":\"search_term_string\"}}],\"inLanguage\":\"en-US\"},{\"@type\":\"Organization\",\"@id\":\"https:\\\/\\\/industriemaroc.com\\\/#organization\",\"name\":\"industriemaroc.com\",\"url\":\"https:\\\/\\\/industriemaroc.com\\\/\",\"logo\":{\"@type\":\"ImageObject\",\"inLanguage\":\"en-US\",\"@id\":\"https:\\\/\\\/industriemaroc.com\\\/#\\\/schema\\\/logo\\\/image\\\/\",\"url\":\"https:\\\/\\\/industriemaroc.com\\\/wp-content\\\/uploads\\\/2024\\\/04\\\/IM.jpg\",\"contentUrl\":\"https:\\\/\\\/industriemaroc.com\\\/wp-content\\\/uploads\\\/2024\\\/04\\\/IM.jpg\",\"width\":2500,\"height\":2500,\"caption\":\"industriemaroc.com\"},\"image\":{\"@id\":\"https:\\\/\\\/industriemaroc.com\\\/#\\\/schema\\\/logo\\\/image\\\/\"}}]}<\/script>\n<!-- \/ Yoast SEO plugin. -->","yoast_head_json":{"title":"Soudeuse Cea Arctronic 626 - Industrie Maroc Online","description":"SOUDEUSE POUR ELECTRODE TRIPHASEES EN COURANT CONTINU AVEC REGLAGE ELECTRONIQUE DU COURANT DE SOUDAGE  ARCTRONIC assure une stabilit\u00e9 des param\u00e9tr\u00e9s","robots":{"index":"index","follow":"follow","max-snippet":"max-snippet:-1","max-image-preview":"max-image-preview:large","max-video-preview":"max-video-preview:-1"},"canonical":"https:\/\/industriemaroc.com\/en\/product\/cea-arctronic-626\/","og_locale":"en_US","og_type":"article","og_title":"Soudeuse Cea Arctronic 626 - Industrie Maroc Online","og_description":"SOUDEUSE POUR ELECTRODE TRIPHASEES EN COURANT CONTINU AVEC REGLAGE ELECTRONIQUE DU COURANT DE SOUDAGE  ARCTRONIC assure une stabilit\u00e9 des param\u00e9tr\u00e9s","og_url":"https:\/\/industriemaroc.com\/en\/product\/cea-arctronic-626\/","og_site_name":"Industrie Maroc Online","article_modified_time":"2024-09-09T19:41:55+00:00","og_image":[{"width":700,"height":700,"url":"https:\/\/industriemaroc.com\/wp-content\/uploads\/2023\/10\/7-1.jpg","type":"image\/jpeg"}],"twitter_card":"summary_large_image","schema":{"@context":"https:\/\/schema.org","@graph":[{"@type":"WebPage","@id":"https:\/\/industriemaroc.com\/produit\/cea-arctronic-626\/","url":"https:\/\/industriemaroc.com\/produit\/cea-arctronic-626\/","name":"Soudeuse Cea Arctronic 626 - Industrie Maroc Online","isPartOf":{"@id":"https:\/\/industriemaroc.com\/#website"},"primaryImageOfPage":{"@id":"https:\/\/industriemaroc.com\/produit\/cea-arctronic-626\/#primaryimage"},"image":{"@id":"https:\/\/industriemaroc.com\/produit\/cea-arctronic-626\/#primaryimage"},"thumbnailUrl":"https:\/\/industriemaroc.com\/wp-content\/uploads\/2023\/10\/7-1.jpg","datePublished":"2023-10-11T15:26:37+00:00","dateModified":"2024-09-09T19:41:55+00:00","description":"SOUDEUSE POUR ELECTRODE TRIPHASEES EN COURANT CONTINU AVEC REGLAGE ELECTRONIQUE DU COURANT DE SOUDAGE ARCTRONIC assure une stabilit\u00e9 des param\u00e9tr\u00e9s","breadcrumb":{"@id":"https:\/\/industriemaroc.com\/produit\/cea-arctronic-626\/#breadcrumb"},"inLanguage":"en-US","potentialAction":[{"@type":"ReadAction","target":["https:\/\/industriemaroc.com\/produit\/cea-arctronic-626\/"]}]},{"@type":"ImageObject","inLanguage":"en-US","@id":"https:\/\/industriemaroc.com\/produit\/cea-arctronic-626\/#primaryimage","url":"https:\/\/industriemaroc.com\/wp-content\/uploads\/2023\/10\/7-1.jpg","contentUrl":"https:\/\/industriemaroc.com\/wp-content\/uploads\/2023\/10\/7-1.jpg","width":700,"height":700},{"@type":"BreadcrumbList","@id":"https:\/\/industriemaroc.com\/produit\/cea-arctronic-626\/#breadcrumb","itemListElement":[{"@type":"ListItem","position":1,"name":"Home","item":"https:\/\/industriemaroc.com\/"},{"@type":"ListItem","position":2,"name":"Shop","item":"https:\/\/industriemaroc.com\/shop\/"},{"@type":"ListItem","position":3,"name":"Soudeuse Cea Arctronic 626"}]},{"@type":"WebSite","@id":"https:\/\/industriemaroc.com\/#website","url":"https:\/\/industriemaroc.com\/","name":"Industrie Maroc Online","description":"Plateforme B2B de mat\u00e9riel professionnel au Maroc","publisher":{"@id":"https:\/\/industriemaroc.com\/#organization"},"potentialAction":[{"@type":"SearchAction","target":{"@type":"EntryPoint","urlTemplate":"https:\/\/industriemaroc.com\/?s={search_term_string}"},"query-input":{"@type":"PropertyValueSpecification","valueRequired":true,"valueName":"search_term_string"}}],"inLanguage":"en-US"},{"@type":"Organization","@id":"https:\/\/industriemaroc.com\/#organization","name":"industriemaroc.com","url":"https:\/\/industriemaroc.com\/","logo":{"@type":"ImageObject","inLanguage":"en-US","@id":"https:\/\/industriemaroc.com\/#\/schema\/logo\/image\/","url":"https:\/\/industriemaroc.com\/wp-content\/uploads\/2024\/04\/IM.jpg","contentUrl":"https:\/\/industriemaroc.com\/wp-content\/uploads\/2024\/04\/IM.jpg","width":2500,"height":2500,"caption":"industriemaroc.com"},"image":{"@id":"https:\/\/industriemaroc.com\/#\/schema\/logo\/image\/"}}]}},"_links":{"self":[{"href":"https:\/\/industriemaroc.com\/en\/wp-json\/wp\/v2\/product\/18455","targetHints":{"allow":["GET"]}}],"collection":[{"href":"https:\/\/industriemaroc.com\/en\/wp-json\/wp\/v2\/product"}],"about":[{"href":"https:\/\/industriemaroc.com\/en\/wp-json\/wp\/v2\/types\/product"}],"replies":[{"embeddable":true,"href":"https:\/\/industriemaroc.com\/en\/wp-json\/wp\/v2\/comments?post=18455"}],"version-history":[{"count":3,"href":"https:\/\/industriemaroc.com\/en\/wp-json\/wp\/v2\/product\/18455\/revisions"}],"predecessor-version":[{"id":22781,"href":"https:\/\/industriemaroc.com\/en\/wp-json\/wp\/v2\/product\/18455\/revisions\/22781"}],"wp:featuredmedia":[{"embeddable":true,"href":"https:\/\/industriemaroc.com\/en\/wp-json\/wp\/v2\/media\/18442"}],"wp:attachment":[{"href":"https:\/\/industriemaroc.com\/en\/wp-json\/wp\/v2\/media?parent=18455"}],"wp:term":[{"taxonomy":"product_brand","embeddable":true,"href":"https:\/\/industriemaroc.com\/en\/wp-json\/wp\/v2\/product_brand?post=18455"},{"taxonomy":"product_cat","embeddable":true,"href":"https:\/\/industriemaroc.com\/en\/wp-json\/wp\/v2\/product_cat?post=18455"},{"taxonomy":"product_tag","embeddable":true,"href":"https:\/\/industriemaroc.com\/en\/wp-json\/wp\/v2\/product_tag?post=18455"}],"curies":[{"name":"wp","href":"https:\/\/api.w.org\/{rel}","templated":true}]}}