{"id":18460,"date":"2023-10-11T17:39:54","date_gmt":"2023-10-11T15:39:54","guid":{"rendered":"https:\/\/industriemaroc.com\/?post_type=product&#038;p=18460"},"modified":"2024-09-14T23:18:16","modified_gmt":"2024-09-14T21:18:16","slug":"rainbow-201-hf","status":"publish","type":"product","link":"https:\/\/industriemaroc.com\/en\/product\/rainbow-201-hf\/","title":{"rendered":"Poste de soudage Rainbow 201 Hf Cea"},"content":{"rendered":"<ul>\n<li>MACHINE DE SOUDAGE MONOPHASEE INVERTER POUR LE SOUDAGE TIG DCLe\u00a0RAINBOW 201 HF PRO\u00a0 avec contr\u00f4le digital, repr\u00e9sentent la derni\u00e8re \u00e9volution des g\u00e9n\u00e9rateurs de soudage en courant continu avec la technologie inverse.<br \/>\nCes puissants g\u00e9n\u00e9rateurs \u00e0 100 kHz, bas\u00e9s sur la derni\u00e8re g\u00e9n\u00e9ration d\u2019IGBT, munis de transformateurs planaires, autorisent le soudage TIG de tous les m\u00e9taux \u00e0 l\u2019exception de l\u2019aluminium et de ses alliages.<br \/>\nCes g\u00e9n\u00e9rateurs, aussi tr\u00e8s bon pour le soudage \u00e0 l\u2019\u00e9lectrode, avec leur l\u00e9g\u00e8ret\u00e9 et leurs excellentes qualit\u00e9s de soudage, sont les solutions id\u00e9ales pour les emplois de travaux de manutention et de montages de charpentes l\u00e9g\u00e8res.<\/li>\n<\/ul>","protected":false},"excerpt":{"rendered":"<ul>\n<li>Avec contr\u00f4le digital, repr\u00e9sentent la derni\u00e8re \u00e9volution des g\u00e9n\u00e9rateurs de soudage en courant continu avec la technologie inverse.<\/li>\n<\/ul>","protected":false},"featured_media":18462,"comment_status":"open","ping_status":"closed","template":"","meta":{"om_disable_all_campaigns":false,"_monsterinsights_skip_tracking":false,"_monsterinsights_sitenote_active":false,"_monsterinsights_sitenote_note":"","_monsterinsights_sitenote_category":0,"_uf_show_specific_survey":0,"_uf_disable_surveys":false,"_joinchat":[]},"product_brand":[],"product_cat":[672,1088,1079,1090],"product_tag":[],"class_list":{"0":"post-18460","1":"product","2":"type-product","3":"status-publish","4":"has-post-thumbnail","6":"product_cat-fournitures-industrielles","7":"product_cat-postes-a-souder","8":"product_cat-materiel-de-soudage","9":"product_cat-tig","11":"first","12":"instock","13":"taxable","14":"shipping-taxable","15":"product-type-simple"},"yoast_head":"<!-- This site is optimized with the Yoast SEO plugin v27.4 - https:\/\/yoast.com\/product\/yoast-seo-wordpress\/ -->\n<title>Poste de soudage Rainbow 201 Hf Cea - Industrie Maroc Online<\/title>\n<meta name=\"description\" content=\"Avec contr\u00f4le digital, repr\u00e9sentent la derni\u00e8re \u00e9volution des g\u00e9n\u00e9rateurs de soudage en courant continu avec la technologie inverse.\" \/>\n<meta name=\"robots\" content=\"index, follow, max-snippet:-1, max-image-preview:large, max-video-preview:-1\" \/>\n<link rel=\"canonical\" href=\"https:\/\/industriemaroc.com\/en\/product\/rainbow-201-hf\/\" \/>\n<meta property=\"og:locale\" content=\"en_US\" \/>\n<meta property=\"og:type\" content=\"article\" \/>\n<meta property=\"og:title\" content=\"Poste de soudage Rainbow 201 Hf Cea - Industrie Maroc Online\" \/>\n<meta property=\"og:description\" content=\"Avec contr\u00f4le digital, repr\u00e9sentent la derni\u00e8re \u00e9volution des g\u00e9n\u00e9rateurs de soudage en courant continu avec la technologie inverse.\" \/>\n<meta property=\"og:url\" content=\"https:\/\/industriemaroc.com\/en\/product\/rainbow-201-hf\/\" \/>\n<meta property=\"og:site_name\" content=\"Industrie Maroc Online\" \/>\n<meta property=\"article:modified_time\" content=\"2024-09-14T21:18:16+00:00\" \/>\n<meta property=\"og:image\" content=\"https:\/\/industriemaroc.com\/wp-content\/uploads\/2023\/10\/1-5.jpg\" \/>\n\t<meta property=\"og:image:width\" content=\"700\" \/>\n\t<meta property=\"og:image:height\" content=\"700\" \/>\n\t<meta property=\"og:image:type\" content=\"image\/jpeg\" \/>\n<meta name=\"twitter:card\" content=\"summary_large_image\" \/>\n<meta name=\"twitter:label1\" content=\"Est. reading time\" \/>\n\t<meta name=\"twitter:data1\" content=\"1 minute\" \/>\n<script type=\"application\/ld+json\" class=\"yoast-schema-graph\">{\"@context\":\"https:\\\/\\\/schema.org\",\"@graph\":[{\"@type\":\"WebPage\",\"@id\":\"https:\\\/\\\/industriemaroc.com\\\/produit\\\/rainbow-201-hf\\\/\",\"url\":\"https:\\\/\\\/industriemaroc.com\\\/produit\\\/rainbow-201-hf\\\/\",\"name\":\"Poste de soudage Rainbow 201 Hf Cea - Industrie Maroc Online\",\"isPartOf\":{\"@id\":\"https:\\\/\\\/industriemaroc.com\\\/#website\"},\"primaryImageOfPage\":{\"@id\":\"https:\\\/\\\/industriemaroc.com\\\/produit\\\/rainbow-201-hf\\\/#primaryimage\"},\"image\":{\"@id\":\"https:\\\/\\\/industriemaroc.com\\\/produit\\\/rainbow-201-hf\\\/#primaryimage\"},\"thumbnailUrl\":\"https:\\\/\\\/industriemaroc.com\\\/wp-content\\\/uploads\\\/2023\\\/10\\\/1-5.jpg\",\"datePublished\":\"2023-10-11T15:39:54+00:00\",\"dateModified\":\"2024-09-14T21:18:16+00:00\",\"description\":\"Avec contr\u00f4le digital, repr\u00e9sentent la derni\u00e8re \u00e9volution des g\u00e9n\u00e9rateurs de soudage en courant continu avec la technologie inverse.\",\"breadcrumb\":{\"@id\":\"https:\\\/\\\/industriemaroc.com\\\/produit\\\/rainbow-201-hf\\\/#breadcrumb\"},\"inLanguage\":\"en-US\",\"potentialAction\":[{\"@type\":\"ReadAction\",\"target\":[\"https:\\\/\\\/industriemaroc.com\\\/produit\\\/rainbow-201-hf\\\/\"]}]},{\"@type\":\"ImageObject\",\"inLanguage\":\"en-US\",\"@id\":\"https:\\\/\\\/industriemaroc.com\\\/produit\\\/rainbow-201-hf\\\/#primaryimage\",\"url\":\"https:\\\/\\\/industriemaroc.com\\\/wp-content\\\/uploads\\\/2023\\\/10\\\/1-5.jpg\",\"contentUrl\":\"https:\\\/\\\/industriemaroc.com\\\/wp-content\\\/uploads\\\/2023\\\/10\\\/1-5.jpg\",\"width\":700,\"height\":700},{\"@type\":\"BreadcrumbList\",\"@id\":\"https:\\\/\\\/industriemaroc.com\\\/produit\\\/rainbow-201-hf\\\/#breadcrumb\",\"itemListElement\":[{\"@type\":\"ListItem\",\"position\":1,\"name\":\"Home\",\"item\":\"https:\\\/\\\/industriemaroc.com\\\/\"},{\"@type\":\"ListItem\",\"position\":2,\"name\":\"Shop\",\"item\":\"https:\\\/\\\/industriemaroc.com\\\/shop\\\/\"},{\"@type\":\"ListItem\",\"position\":3,\"name\":\"Poste de soudage Rainbow 201 Hf Cea\"}]},{\"@type\":\"WebSite\",\"@id\":\"https:\\\/\\\/industriemaroc.com\\\/#website\",\"url\":\"https:\\\/\\\/industriemaroc.com\\\/\",\"name\":\"Industrie Maroc Online\",\"description\":\"Plateforme B2B de mat\u00e9riel professionnel au Maroc\",\"publisher\":{\"@id\":\"https:\\\/\\\/industriemaroc.com\\\/#organization\"},\"potentialAction\":[{\"@type\":\"SearchAction\",\"target\":{\"@type\":\"EntryPoint\",\"urlTemplate\":\"https:\\\/\\\/industriemaroc.com\\\/?s={search_term_string}\"},\"query-input\":{\"@type\":\"PropertyValueSpecification\",\"valueRequired\":true,\"valueName\":\"search_term_string\"}}],\"inLanguage\":\"en-US\"},{\"@type\":\"Organization\",\"@id\":\"https:\\\/\\\/industriemaroc.com\\\/#organization\",\"name\":\"industriemaroc.com\",\"url\":\"https:\\\/\\\/industriemaroc.com\\\/\",\"logo\":{\"@type\":\"ImageObject\",\"inLanguage\":\"en-US\",\"@id\":\"https:\\\/\\\/industriemaroc.com\\\/#\\\/schema\\\/logo\\\/image\\\/\",\"url\":\"https:\\\/\\\/industriemaroc.com\\\/wp-content\\\/uploads\\\/2024\\\/04\\\/IM.jpg\",\"contentUrl\":\"https:\\\/\\\/industriemaroc.com\\\/wp-content\\\/uploads\\\/2024\\\/04\\\/IM.jpg\",\"width\":2500,\"height\":2500,\"caption\":\"industriemaroc.com\"},\"image\":{\"@id\":\"https:\\\/\\\/industriemaroc.com\\\/#\\\/schema\\\/logo\\\/image\\\/\"}}]}<\/script>\n<!-- \/ Yoast SEO plugin. -->","yoast_head_json":{"title":"Poste de soudage Rainbow 201 Hf Cea - Industrie Maroc Online","description":"Avec contr\u00f4le digital, repr\u00e9sentent la derni\u00e8re \u00e9volution des g\u00e9n\u00e9rateurs de soudage en courant continu avec la technologie inverse.","robots":{"index":"index","follow":"follow","max-snippet":"max-snippet:-1","max-image-preview":"max-image-preview:large","max-video-preview":"max-video-preview:-1"},"canonical":"https:\/\/industriemaroc.com\/en\/product\/rainbow-201-hf\/","og_locale":"en_US","og_type":"article","og_title":"Poste de soudage Rainbow 201 Hf Cea - Industrie Maroc Online","og_description":"Avec contr\u00f4le digital, repr\u00e9sentent la derni\u00e8re \u00e9volution des g\u00e9n\u00e9rateurs de soudage en courant continu avec la technologie inverse.","og_url":"https:\/\/industriemaroc.com\/en\/product\/rainbow-201-hf\/","og_site_name":"Industrie Maroc Online","article_modified_time":"2024-09-14T21:18:16+00:00","og_image":[{"width":700,"height":700,"url":"https:\/\/industriemaroc.com\/wp-content\/uploads\/2023\/10\/1-5.jpg","type":"image\/jpeg"}],"twitter_card":"summary_large_image","twitter_misc":{"Est. reading time":"1 minute"},"schema":{"@context":"https:\/\/schema.org","@graph":[{"@type":"WebPage","@id":"https:\/\/industriemaroc.com\/produit\/rainbow-201-hf\/","url":"https:\/\/industriemaroc.com\/produit\/rainbow-201-hf\/","name":"Poste de soudage Rainbow 201 Hf Cea - Industrie Maroc Online","isPartOf":{"@id":"https:\/\/industriemaroc.com\/#website"},"primaryImageOfPage":{"@id":"https:\/\/industriemaroc.com\/produit\/rainbow-201-hf\/#primaryimage"},"image":{"@id":"https:\/\/industriemaroc.com\/produit\/rainbow-201-hf\/#primaryimage"},"thumbnailUrl":"https:\/\/industriemaroc.com\/wp-content\/uploads\/2023\/10\/1-5.jpg","datePublished":"2023-10-11T15:39:54+00:00","dateModified":"2024-09-14T21:18:16+00:00","description":"Avec contr\u00f4le digital, repr\u00e9sentent la derni\u00e8re \u00e9volution des g\u00e9n\u00e9rateurs de soudage en courant continu avec la technologie inverse.","breadcrumb":{"@id":"https:\/\/industriemaroc.com\/produit\/rainbow-201-hf\/#breadcrumb"},"inLanguage":"en-US","potentialAction":[{"@type":"ReadAction","target":["https:\/\/industriemaroc.com\/produit\/rainbow-201-hf\/"]}]},{"@type":"ImageObject","inLanguage":"en-US","@id":"https:\/\/industriemaroc.com\/produit\/rainbow-201-hf\/#primaryimage","url":"https:\/\/industriemaroc.com\/wp-content\/uploads\/2023\/10\/1-5.jpg","contentUrl":"https:\/\/industriemaroc.com\/wp-content\/uploads\/2023\/10\/1-5.jpg","width":700,"height":700},{"@type":"BreadcrumbList","@id":"https:\/\/industriemaroc.com\/produit\/rainbow-201-hf\/#breadcrumb","itemListElement":[{"@type":"ListItem","position":1,"name":"Home","item":"https:\/\/industriemaroc.com\/"},{"@type":"ListItem","position":2,"name":"Shop","item":"https:\/\/industriemaroc.com\/shop\/"},{"@type":"ListItem","position":3,"name":"Poste de soudage Rainbow 201 Hf Cea"}]},{"@type":"WebSite","@id":"https:\/\/industriemaroc.com\/#website","url":"https:\/\/industriemaroc.com\/","name":"Industrie Maroc Online","description":"Plateforme B2B de mat\u00e9riel professionnel au Maroc","publisher":{"@id":"https:\/\/industriemaroc.com\/#organization"},"potentialAction":[{"@type":"SearchAction","target":{"@type":"EntryPoint","urlTemplate":"https:\/\/industriemaroc.com\/?s={search_term_string}"},"query-input":{"@type":"PropertyValueSpecification","valueRequired":true,"valueName":"search_term_string"}}],"inLanguage":"en-US"},{"@type":"Organization","@id":"https:\/\/industriemaroc.com\/#organization","name":"industriemaroc.com","url":"https:\/\/industriemaroc.com\/","logo":{"@type":"ImageObject","inLanguage":"en-US","@id":"https:\/\/industriemaroc.com\/#\/schema\/logo\/image\/","url":"https:\/\/industriemaroc.com\/wp-content\/uploads\/2024\/04\/IM.jpg","contentUrl":"https:\/\/industriemaroc.com\/wp-content\/uploads\/2024\/04\/IM.jpg","width":2500,"height":2500,"caption":"industriemaroc.com"},"image":{"@id":"https:\/\/industriemaroc.com\/#\/schema\/logo\/image\/"}}]}},"_links":{"self":[{"href":"https:\/\/industriemaroc.com\/en\/wp-json\/wp\/v2\/product\/18460","targetHints":{"allow":["GET"]}}],"collection":[{"href":"https:\/\/industriemaroc.com\/en\/wp-json\/wp\/v2\/product"}],"about":[{"href":"https:\/\/industriemaroc.com\/en\/wp-json\/wp\/v2\/types\/product"}],"replies":[{"embeddable":true,"href":"https:\/\/industriemaroc.com\/en\/wp-json\/wp\/v2\/comments?post=18460"}],"version-history":[{"count":4,"href":"https:\/\/industriemaroc.com\/en\/wp-json\/wp\/v2\/product\/18460\/revisions"}],"predecessor-version":[{"id":23145,"href":"https:\/\/industriemaroc.com\/en\/wp-json\/wp\/v2\/product\/18460\/revisions\/23145"}],"wp:featuredmedia":[{"embeddable":true,"href":"https:\/\/industriemaroc.com\/en\/wp-json\/wp\/v2\/media\/18462"}],"wp:attachment":[{"href":"https:\/\/industriemaroc.com\/en\/wp-json\/wp\/v2\/media?parent=18460"}],"wp:term":[{"taxonomy":"product_brand","embeddable":true,"href":"https:\/\/industriemaroc.com\/en\/wp-json\/wp\/v2\/product_brand?post=18460"},{"taxonomy":"product_cat","embeddable":true,"href":"https:\/\/industriemaroc.com\/en\/wp-json\/wp\/v2\/product_cat?post=18460"},{"taxonomy":"product_tag","embeddable":true,"href":"https:\/\/industriemaroc.com\/en\/wp-json\/wp\/v2\/product_tag?post=18460"}],"curies":[{"name":"wp","href":"https:\/\/api.w.org\/{rel}","templated":true}]}}