{"id":18467,"date":"2023-10-11T17:41:36","date_gmt":"2023-10-11T15:41:36","guid":{"rendered":"https:\/\/industriemaroc.com\/?post_type=product&#038;p=18467"},"modified":"2024-09-14T22:11:03","modified_gmt":"2024-09-14T20:11:03","slug":"matrix-2600-hf","status":"publish","type":"product","link":"https:\/\/industriemaroc.com\/en\/product\/matrix-2600-hf\/","title":{"rendered":"Poste de soudage Matrix 2600 Hf"},"content":{"rendered":"<ul>\n<li>EQUIPEMENT DE SOUDAGE TIG ONDULEUR TRIPHAS\u00c9Ce g\u00e9n\u00e9rateur, qui exploite la technologie INVERTER de pointe est \u00e9quip\u00e9 d\u2019un contr\u00f4le num\u00e9rique, complet et novateur, de tous les param\u00e8tres de soudage.<\/li>\n<li>Les caract\u00e9ristiques techniques haut de gamme permettent de r\u00e9aliser des soudures TIG en courant continu de qualit\u00e9 \u00e9lev\u00e9e, ce qui est id\u00e9al pour les utilisations qualifi\u00e9es de l\u2019industrie et les travaux d\u2019entretien.<\/li>\n<li>Robuste et simple \u00e0 utiliser, ce g\u00e9n\u00e9rateur offre la possibilit\u00e9 de souder en TIG l\u2019acier inox, l\u2019acier au carbone, le cuivre et les alliages\u00a0; il garantit en outre d\u2019excellentes performances en soudage MMA, m\u00eame avec des \u00e9lectrodes cellulosiques et basiques particuli\u00e8rement difficiles.<\/li>\n<\/ul>","protected":false},"excerpt":{"rendered":"<p>Exploite la technologie INVERTER de pointe est \u00e9quip\u00e9 d\u2019un contr\u00f4le num\u00e9rique, complet et novateur, de tous les param\u00e8tres de soudage.<\/p>\n<p>&nbsp;<\/p>\n<p>&nbsp;<\/p>","protected":false},"featured_media":18463,"comment_status":"open","ping_status":"closed","template":"","meta":{"om_disable_all_campaigns":false,"_monsterinsights_skip_tracking":false,"_monsterinsights_sitenote_active":false,"_monsterinsights_sitenote_note":"","_monsterinsights_sitenote_category":0,"_uf_show_specific_survey":0,"_uf_disable_surveys":false,"_joinchat":[]},"product_brand":[],"product_cat":[672,1088,1079,1090],"product_tag":[],"class_list":{"0":"post-18467","1":"product","2":"type-product","3":"status-publish","4":"has-post-thumbnail","6":"product_cat-fournitures-industrielles","7":"product_cat-postes-a-souder","8":"product_cat-materiel-de-soudage","9":"product_cat-tig","11":"first","12":"instock","13":"taxable","14":"shipping-taxable","15":"product-type-simple"},"yoast_head":"<!-- This site is optimized with the Yoast SEO plugin v27.4 - https:\/\/yoast.com\/product\/yoast-seo-wordpress\/ -->\n<title>Poste de soudage Matrix 2600 Hf - Industrie Maroc Online<\/title>\n<meta name=\"description\" content=\"Exploite la technologie INVERTER de pointe est \u00e9quip\u00e9 d\u2019un contr\u00f4le num\u00e9rique, complet et novateur, de tous les param\u00e8tres de soudage.  &nbsp;  &nbsp;\" \/>\n<meta name=\"robots\" content=\"index, follow, max-snippet:-1, max-image-preview:large, max-video-preview:-1\" \/>\n<link rel=\"canonical\" href=\"https:\/\/industriemaroc.com\/en\/product\/matrix-2600-hf\/\" \/>\n<meta property=\"og:locale\" content=\"en_US\" \/>\n<meta property=\"og:type\" content=\"article\" \/>\n<meta property=\"og:title\" content=\"Poste de soudage Matrix 2600 Hf - Industrie Maroc Online\" \/>\n<meta property=\"og:description\" content=\"Exploite la technologie INVERTER de pointe est \u00e9quip\u00e9 d\u2019un contr\u00f4le num\u00e9rique, complet et novateur, de tous les param\u00e8tres de soudage.  &nbsp;  &nbsp;\" \/>\n<meta property=\"og:url\" content=\"https:\/\/industriemaroc.com\/en\/product\/matrix-2600-hf\/\" \/>\n<meta property=\"og:site_name\" content=\"Industrie Maroc Online\" \/>\n<meta property=\"article:modified_time\" content=\"2024-09-14T20:11:03+00:00\" \/>\n<meta property=\"og:image\" content=\"https:\/\/industriemaroc.com\/wp-content\/uploads\/2023\/10\/2-4.jpg\" \/>\n\t<meta property=\"og:image:width\" content=\"700\" \/>\n\t<meta property=\"og:image:height\" content=\"700\" \/>\n\t<meta property=\"og:image:type\" content=\"image\/jpeg\" \/>\n<meta name=\"twitter:card\" content=\"summary_large_image\" \/>\n<meta name=\"twitter:label1\" content=\"Est. reading time\" \/>\n\t<meta name=\"twitter:data1\" content=\"1 minute\" \/>\n<script type=\"application\/ld+json\" class=\"yoast-schema-graph\">{\"@context\":\"https:\\\/\\\/schema.org\",\"@graph\":[{\"@type\":\"WebPage\",\"@id\":\"https:\\\/\\\/industriemaroc.com\\\/produit\\\/matrix-2600-hf\\\/\",\"url\":\"https:\\\/\\\/industriemaroc.com\\\/produit\\\/matrix-2600-hf\\\/\",\"name\":\"Poste de soudage Matrix 2600 Hf - Industrie Maroc Online\",\"isPartOf\":{\"@id\":\"https:\\\/\\\/industriemaroc.com\\\/#website\"},\"primaryImageOfPage\":{\"@id\":\"https:\\\/\\\/industriemaroc.com\\\/produit\\\/matrix-2600-hf\\\/#primaryimage\"},\"image\":{\"@id\":\"https:\\\/\\\/industriemaroc.com\\\/produit\\\/matrix-2600-hf\\\/#primaryimage\"},\"thumbnailUrl\":\"https:\\\/\\\/industriemaroc.com\\\/wp-content\\\/uploads\\\/2023\\\/10\\\/2-4.jpg\",\"datePublished\":\"2023-10-11T15:41:36+00:00\",\"dateModified\":\"2024-09-14T20:11:03+00:00\",\"description\":\"Exploite la technologie INVERTER de pointe est \u00e9quip\u00e9 d\u2019un contr\u00f4le num\u00e9rique, complet et novateur, de tous les param\u00e8tres de soudage. &nbsp; &nbsp;\",\"breadcrumb\":{\"@id\":\"https:\\\/\\\/industriemaroc.com\\\/produit\\\/matrix-2600-hf\\\/#breadcrumb\"},\"inLanguage\":\"en-US\",\"potentialAction\":[{\"@type\":\"ReadAction\",\"target\":[\"https:\\\/\\\/industriemaroc.com\\\/produit\\\/matrix-2600-hf\\\/\"]}]},{\"@type\":\"ImageObject\",\"inLanguage\":\"en-US\",\"@id\":\"https:\\\/\\\/industriemaroc.com\\\/produit\\\/matrix-2600-hf\\\/#primaryimage\",\"url\":\"https:\\\/\\\/industriemaroc.com\\\/wp-content\\\/uploads\\\/2023\\\/10\\\/2-4.jpg\",\"contentUrl\":\"https:\\\/\\\/industriemaroc.com\\\/wp-content\\\/uploads\\\/2023\\\/10\\\/2-4.jpg\",\"width\":700,\"height\":700},{\"@type\":\"BreadcrumbList\",\"@id\":\"https:\\\/\\\/industriemaroc.com\\\/produit\\\/matrix-2600-hf\\\/#breadcrumb\",\"itemListElement\":[{\"@type\":\"ListItem\",\"position\":1,\"name\":\"Home\",\"item\":\"https:\\\/\\\/industriemaroc.com\\\/\"},{\"@type\":\"ListItem\",\"position\":2,\"name\":\"Shop\",\"item\":\"https:\\\/\\\/industriemaroc.com\\\/shop\\\/\"},{\"@type\":\"ListItem\",\"position\":3,\"name\":\"Poste de soudage Matrix 2600 Hf\"}]},{\"@type\":\"WebSite\",\"@id\":\"https:\\\/\\\/industriemaroc.com\\\/#website\",\"url\":\"https:\\\/\\\/industriemaroc.com\\\/\",\"name\":\"Industrie Maroc Online\",\"description\":\"Plateforme B2B de mat\u00e9riel professionnel au Maroc\",\"publisher\":{\"@id\":\"https:\\\/\\\/industriemaroc.com\\\/#organization\"},\"potentialAction\":[{\"@type\":\"SearchAction\",\"target\":{\"@type\":\"EntryPoint\",\"urlTemplate\":\"https:\\\/\\\/industriemaroc.com\\\/?s={search_term_string}\"},\"query-input\":{\"@type\":\"PropertyValueSpecification\",\"valueRequired\":true,\"valueName\":\"search_term_string\"}}],\"inLanguage\":\"en-US\"},{\"@type\":\"Organization\",\"@id\":\"https:\\\/\\\/industriemaroc.com\\\/#organization\",\"name\":\"industriemaroc.com\",\"url\":\"https:\\\/\\\/industriemaroc.com\\\/\",\"logo\":{\"@type\":\"ImageObject\",\"inLanguage\":\"en-US\",\"@id\":\"https:\\\/\\\/industriemaroc.com\\\/#\\\/schema\\\/logo\\\/image\\\/\",\"url\":\"https:\\\/\\\/industriemaroc.com\\\/wp-content\\\/uploads\\\/2024\\\/04\\\/IM.jpg\",\"contentUrl\":\"https:\\\/\\\/industriemaroc.com\\\/wp-content\\\/uploads\\\/2024\\\/04\\\/IM.jpg\",\"width\":2500,\"height\":2500,\"caption\":\"industriemaroc.com\"},\"image\":{\"@id\":\"https:\\\/\\\/industriemaroc.com\\\/#\\\/schema\\\/logo\\\/image\\\/\"}}]}<\/script>\n<!-- \/ Yoast SEO plugin. -->","yoast_head_json":{"title":"Poste de soudage Matrix 2600 Hf - Industrie Maroc Online","description":"Exploite la technologie INVERTER de pointe est \u00e9quip\u00e9 d\u2019un contr\u00f4le num\u00e9rique, complet et novateur, de tous les param\u00e8tres de soudage.  &nbsp;  &nbsp;","robots":{"index":"index","follow":"follow","max-snippet":"max-snippet:-1","max-image-preview":"max-image-preview:large","max-video-preview":"max-video-preview:-1"},"canonical":"https:\/\/industriemaroc.com\/en\/product\/matrix-2600-hf\/","og_locale":"en_US","og_type":"article","og_title":"Poste de soudage Matrix 2600 Hf - Industrie Maroc Online","og_description":"Exploite la technologie INVERTER de pointe est \u00e9quip\u00e9 d\u2019un contr\u00f4le num\u00e9rique, complet et novateur, de tous les param\u00e8tres de soudage.  &nbsp;  &nbsp;","og_url":"https:\/\/industriemaroc.com\/en\/product\/matrix-2600-hf\/","og_site_name":"Industrie Maroc Online","article_modified_time":"2024-09-14T20:11:03+00:00","og_image":[{"width":700,"height":700,"url":"https:\/\/industriemaroc.com\/wp-content\/uploads\/2023\/10\/2-4.jpg","type":"image\/jpeg"}],"twitter_card":"summary_large_image","twitter_misc":{"Est. reading time":"1 minute"},"schema":{"@context":"https:\/\/schema.org","@graph":[{"@type":"WebPage","@id":"https:\/\/industriemaroc.com\/produit\/matrix-2600-hf\/","url":"https:\/\/industriemaroc.com\/produit\/matrix-2600-hf\/","name":"Poste de soudage Matrix 2600 Hf - Industrie Maroc Online","isPartOf":{"@id":"https:\/\/industriemaroc.com\/#website"},"primaryImageOfPage":{"@id":"https:\/\/industriemaroc.com\/produit\/matrix-2600-hf\/#primaryimage"},"image":{"@id":"https:\/\/industriemaroc.com\/produit\/matrix-2600-hf\/#primaryimage"},"thumbnailUrl":"https:\/\/industriemaroc.com\/wp-content\/uploads\/2023\/10\/2-4.jpg","datePublished":"2023-10-11T15:41:36+00:00","dateModified":"2024-09-14T20:11:03+00:00","description":"Exploite la technologie INVERTER de pointe est \u00e9quip\u00e9 d\u2019un contr\u00f4le num\u00e9rique, complet et novateur, de tous les param\u00e8tres de soudage. &nbsp; &nbsp;","breadcrumb":{"@id":"https:\/\/industriemaroc.com\/produit\/matrix-2600-hf\/#breadcrumb"},"inLanguage":"en-US","potentialAction":[{"@type":"ReadAction","target":["https:\/\/industriemaroc.com\/produit\/matrix-2600-hf\/"]}]},{"@type":"ImageObject","inLanguage":"en-US","@id":"https:\/\/industriemaroc.com\/produit\/matrix-2600-hf\/#primaryimage","url":"https:\/\/industriemaroc.com\/wp-content\/uploads\/2023\/10\/2-4.jpg","contentUrl":"https:\/\/industriemaroc.com\/wp-content\/uploads\/2023\/10\/2-4.jpg","width":700,"height":700},{"@type":"BreadcrumbList","@id":"https:\/\/industriemaroc.com\/produit\/matrix-2600-hf\/#breadcrumb","itemListElement":[{"@type":"ListItem","position":1,"name":"Home","item":"https:\/\/industriemaroc.com\/"},{"@type":"ListItem","position":2,"name":"Shop","item":"https:\/\/industriemaroc.com\/shop\/"},{"@type":"ListItem","position":3,"name":"Poste de soudage Matrix 2600 Hf"}]},{"@type":"WebSite","@id":"https:\/\/industriemaroc.com\/#website","url":"https:\/\/industriemaroc.com\/","name":"Industrie Maroc Online","description":"Plateforme B2B de mat\u00e9riel professionnel au Maroc","publisher":{"@id":"https:\/\/industriemaroc.com\/#organization"},"potentialAction":[{"@type":"SearchAction","target":{"@type":"EntryPoint","urlTemplate":"https:\/\/industriemaroc.com\/?s={search_term_string}"},"query-input":{"@type":"PropertyValueSpecification","valueRequired":true,"valueName":"search_term_string"}}],"inLanguage":"en-US"},{"@type":"Organization","@id":"https:\/\/industriemaroc.com\/#organization","name":"industriemaroc.com","url":"https:\/\/industriemaroc.com\/","logo":{"@type":"ImageObject","inLanguage":"en-US","@id":"https:\/\/industriemaroc.com\/#\/schema\/logo\/image\/","url":"https:\/\/industriemaroc.com\/wp-content\/uploads\/2024\/04\/IM.jpg","contentUrl":"https:\/\/industriemaroc.com\/wp-content\/uploads\/2024\/04\/IM.jpg","width":2500,"height":2500,"caption":"industriemaroc.com"},"image":{"@id":"https:\/\/industriemaroc.com\/#\/schema\/logo\/image\/"}}]}},"_links":{"self":[{"href":"https:\/\/industriemaroc.com\/en\/wp-json\/wp\/v2\/product\/18467","targetHints":{"allow":["GET"]}}],"collection":[{"href":"https:\/\/industriemaroc.com\/en\/wp-json\/wp\/v2\/product"}],"about":[{"href":"https:\/\/industriemaroc.com\/en\/wp-json\/wp\/v2\/types\/product"}],"replies":[{"embeddable":true,"href":"https:\/\/industriemaroc.com\/en\/wp-json\/wp\/v2\/comments?post=18467"}],"version-history":[{"count":3,"href":"https:\/\/industriemaroc.com\/en\/wp-json\/wp\/v2\/product\/18467\/revisions"}],"predecessor-version":[{"id":23095,"href":"https:\/\/industriemaroc.com\/en\/wp-json\/wp\/v2\/product\/18467\/revisions\/23095"}],"wp:featuredmedia":[{"embeddable":true,"href":"https:\/\/industriemaroc.com\/en\/wp-json\/wp\/v2\/media\/18463"}],"wp:attachment":[{"href":"https:\/\/industriemaroc.com\/en\/wp-json\/wp\/v2\/media?parent=18467"}],"wp:term":[{"taxonomy":"product_brand","embeddable":true,"href":"https:\/\/industriemaroc.com\/en\/wp-json\/wp\/v2\/product_brand?post=18467"},{"taxonomy":"product_cat","embeddable":true,"href":"https:\/\/industriemaroc.com\/en\/wp-json\/wp\/v2\/product_cat?post=18467"},{"taxonomy":"product_tag","embeddable":true,"href":"https:\/\/industriemaroc.com\/en\/wp-json\/wp\/v2\/product_tag?post=18467"}],"curies":[{"name":"wp","href":"https:\/\/api.w.org\/{rel}","templated":true}]}}