{"id":18469,"date":"2023-10-11T17:42:18","date_gmt":"2023-10-11T15:42:18","guid":{"rendered":"https:\/\/industriemaroc.com\/?post_type=product&#038;p=18469"},"modified":"2024-09-14T00:03:20","modified_gmt":"2024-09-13T22:03:20","slug":"matrix-2200-ac-dc","status":"publish","type":"product","link":"https:\/\/industriemaroc.com\/en\/product\/matrix-2200-ac-dc\/","title":{"rendered":"Matrix 2200  Ac\/dc &#8211; Cea"},"content":{"rendered":"<ul>\n<li>SOURCES DE COURANT ONDULEUR POUR LE SOUDAGE TIGPuissant, compact et l\u00e9ger, le\u00a0MATRIX 2200HF\u00a0repr\u00e9sente le g\u00e9n\u00e9rateur \u00e0 inverter \u00e0 alimentation monophas\u00e9e pour soudage TIG le plus novateur, performant et \u00e0 l\u2019avant-garde de la technologie du march\u00e9.<br \/>\nGr\u00e2ce au dispositif PFC Power Factor Correction, qui optimise l\u2019absorption d\u2019\u00e9nergie \u00e9lectrique, ce g\u00e9n\u00e9rateur de puissance \u00e9lev\u00e9e peut \u00eatre branch\u00e9 sans probl\u00e8mes sur des r\u00e9seaux d\u2019alimentations \u00e9quip\u00e9s de fusibles de 16A et sur des motos g\u00e9n\u00e9rateurs.<br \/>\nLe contr\u00f4le digital, tr\u00e8s facile \u00e0 utiliser et avec des fonctions avanc\u00e9es, assure une stabilit\u00e9 extraordinaire des param\u00e8tres de soudage et offre des r\u00e9sultats de qualit\u00e9 que ce soit en TIG ou en MMA avec tout type d\u2019\u00e9lectrodes.<br \/>\nLe MATRIX 2200 HF repr\u00e9sente la solution id\u00e9ale pour toutes les applications de soudage qualifi\u00e9es et les travaux d\u2019entretien, demandant \u00e0 la fois puissance et portabilit\u00e9.<br \/>\nLe MATRIX 2200 HF en courant continu permet de souder en TIG l\u2019acier inox l\u2019acier au carbone, le cuivre et ses alliages.<\/li>\n<\/ul>","protected":false},"excerpt":{"rendered":"<ul>\n<li>Id\u00e9ale pour toutes les applications de soudage qualifi\u00e9es et les travaux d\u2019entretien, demandant \u00e0 la fois puissance et portabilit\u00e9.<\/li>\n<\/ul>","protected":false},"featured_media":18464,"comment_status":"open","ping_status":"closed","template":"","meta":{"om_disable_all_campaigns":false,"_monsterinsights_skip_tracking":false,"_monsterinsights_sitenote_active":false,"_monsterinsights_sitenote_note":"","_monsterinsights_sitenote_category":0,"_uf_show_specific_survey":0,"_uf_disable_surveys":false,"_joinchat":[]},"product_brand":[],"product_cat":[672,1088,1079,1090],"product_tag":[],"class_list":{"0":"post-18469","1":"product","2":"type-product","3":"status-publish","4":"has-post-thumbnail","6":"product_cat-fournitures-industrielles","7":"product_cat-postes-a-souder","8":"product_cat-materiel-de-soudage","9":"product_cat-tig","11":"first","12":"instock","13":"taxable","14":"shipping-taxable","15":"product-type-simple"},"yoast_head":"<!-- This site is optimized with the Yoast SEO plugin v27.4 - https:\/\/yoast.com\/product\/yoast-seo-wordpress\/ -->\n<title>Matrix 2200 Ac\/dc - Cea - Industrie Maroc Online<\/title>\n<meta name=\"description\" content=\"Id\u00e9ale pour toutes les applications de soudage qualifi\u00e9es et les travaux d\u2019entretien, demandant \u00e0 la fois puissance et portabilit\u00e9.\" \/>\n<meta name=\"robots\" content=\"index, follow, max-snippet:-1, max-image-preview:large, max-video-preview:-1\" \/>\n<link rel=\"canonical\" href=\"https:\/\/industriemaroc.com\/en\/product\/matrix-2200-ac-dc\/\" \/>\n<meta property=\"og:locale\" content=\"en_US\" \/>\n<meta property=\"og:type\" content=\"article\" \/>\n<meta property=\"og:title\" content=\"Matrix 2200 Ac\/dc - Cea - Industrie Maroc Online\" \/>\n<meta property=\"og:description\" content=\"Id\u00e9ale pour toutes les applications de soudage qualifi\u00e9es et les travaux d\u2019entretien, demandant \u00e0 la fois puissance et portabilit\u00e9.\" \/>\n<meta property=\"og:url\" content=\"https:\/\/industriemaroc.com\/en\/product\/matrix-2200-ac-dc\/\" \/>\n<meta property=\"og:site_name\" content=\"Industrie Maroc Online\" \/>\n<meta property=\"article:modified_time\" content=\"2024-09-13T22:03:20+00:00\" \/>\n<meta property=\"og:image\" content=\"https:\/\/industriemaroc.com\/wp-content\/uploads\/2023\/10\/3-4.jpg\" \/>\n\t<meta property=\"og:image:width\" content=\"700\" \/>\n\t<meta property=\"og:image:height\" content=\"700\" \/>\n\t<meta property=\"og:image:type\" content=\"image\/jpeg\" \/>\n<meta name=\"twitter:card\" content=\"summary_large_image\" \/>\n<meta name=\"twitter:label1\" content=\"Est. reading time\" \/>\n\t<meta name=\"twitter:data1\" content=\"1 minute\" \/>\n<script type=\"application\/ld+json\" class=\"yoast-schema-graph\">{\"@context\":\"https:\\\/\\\/schema.org\",\"@graph\":[{\"@type\":\"WebPage\",\"@id\":\"https:\\\/\\\/industriemaroc.com\\\/produit\\\/matrix-2200-ac-dc\\\/\",\"url\":\"https:\\\/\\\/industriemaroc.com\\\/produit\\\/matrix-2200-ac-dc\\\/\",\"name\":\"Matrix 2200 Ac\\\/dc - Cea - Industrie Maroc Online\",\"isPartOf\":{\"@id\":\"https:\\\/\\\/industriemaroc.com\\\/#website\"},\"primaryImageOfPage\":{\"@id\":\"https:\\\/\\\/industriemaroc.com\\\/produit\\\/matrix-2200-ac-dc\\\/#primaryimage\"},\"image\":{\"@id\":\"https:\\\/\\\/industriemaroc.com\\\/produit\\\/matrix-2200-ac-dc\\\/#primaryimage\"},\"thumbnailUrl\":\"https:\\\/\\\/industriemaroc.com\\\/wp-content\\\/uploads\\\/2023\\\/10\\\/3-4.jpg\",\"datePublished\":\"2023-10-11T15:42:18+00:00\",\"dateModified\":\"2024-09-13T22:03:20+00:00\",\"description\":\"Id\u00e9ale pour toutes les applications de soudage qualifi\u00e9es et les travaux d\u2019entretien, demandant \u00e0 la fois puissance et portabilit\u00e9.\",\"breadcrumb\":{\"@id\":\"https:\\\/\\\/industriemaroc.com\\\/produit\\\/matrix-2200-ac-dc\\\/#breadcrumb\"},\"inLanguage\":\"en-US\",\"potentialAction\":[{\"@type\":\"ReadAction\",\"target\":[\"https:\\\/\\\/industriemaroc.com\\\/produit\\\/matrix-2200-ac-dc\\\/\"]}]},{\"@type\":\"ImageObject\",\"inLanguage\":\"en-US\",\"@id\":\"https:\\\/\\\/industriemaroc.com\\\/produit\\\/matrix-2200-ac-dc\\\/#primaryimage\",\"url\":\"https:\\\/\\\/industriemaroc.com\\\/wp-content\\\/uploads\\\/2023\\\/10\\\/3-4.jpg\",\"contentUrl\":\"https:\\\/\\\/industriemaroc.com\\\/wp-content\\\/uploads\\\/2023\\\/10\\\/3-4.jpg\",\"width\":700,\"height\":700},{\"@type\":\"BreadcrumbList\",\"@id\":\"https:\\\/\\\/industriemaroc.com\\\/produit\\\/matrix-2200-ac-dc\\\/#breadcrumb\",\"itemListElement\":[{\"@type\":\"ListItem\",\"position\":1,\"name\":\"Home\",\"item\":\"https:\\\/\\\/industriemaroc.com\\\/\"},{\"@type\":\"ListItem\",\"position\":2,\"name\":\"Shop\",\"item\":\"https:\\\/\\\/industriemaroc.com\\\/shop\\\/\"},{\"@type\":\"ListItem\",\"position\":3,\"name\":\"Matrix 2200 Ac\\\/dc &#8211; Cea\"}]},{\"@type\":\"WebSite\",\"@id\":\"https:\\\/\\\/industriemaroc.com\\\/#website\",\"url\":\"https:\\\/\\\/industriemaroc.com\\\/\",\"name\":\"Industrie Maroc Online\",\"description\":\"Plateforme B2B de mat\u00e9riel professionnel au Maroc\",\"publisher\":{\"@id\":\"https:\\\/\\\/industriemaroc.com\\\/#organization\"},\"potentialAction\":[{\"@type\":\"SearchAction\",\"target\":{\"@type\":\"EntryPoint\",\"urlTemplate\":\"https:\\\/\\\/industriemaroc.com\\\/?s={search_term_string}\"},\"query-input\":{\"@type\":\"PropertyValueSpecification\",\"valueRequired\":true,\"valueName\":\"search_term_string\"}}],\"inLanguage\":\"en-US\"},{\"@type\":\"Organization\",\"@id\":\"https:\\\/\\\/industriemaroc.com\\\/#organization\",\"name\":\"industriemaroc.com\",\"url\":\"https:\\\/\\\/industriemaroc.com\\\/\",\"logo\":{\"@type\":\"ImageObject\",\"inLanguage\":\"en-US\",\"@id\":\"https:\\\/\\\/industriemaroc.com\\\/#\\\/schema\\\/logo\\\/image\\\/\",\"url\":\"https:\\\/\\\/industriemaroc.com\\\/wp-content\\\/uploads\\\/2024\\\/04\\\/IM.jpg\",\"contentUrl\":\"https:\\\/\\\/industriemaroc.com\\\/wp-content\\\/uploads\\\/2024\\\/04\\\/IM.jpg\",\"width\":2500,\"height\":2500,\"caption\":\"industriemaroc.com\"},\"image\":{\"@id\":\"https:\\\/\\\/industriemaroc.com\\\/#\\\/schema\\\/logo\\\/image\\\/\"}}]}<\/script>\n<!-- \/ Yoast SEO plugin. -->","yoast_head_json":{"title":"Matrix 2200 Ac\/dc - Cea - Industrie Maroc Online","description":"Id\u00e9ale pour toutes les applications de soudage qualifi\u00e9es et les travaux d\u2019entretien, demandant \u00e0 la fois puissance et portabilit\u00e9.","robots":{"index":"index","follow":"follow","max-snippet":"max-snippet:-1","max-image-preview":"max-image-preview:large","max-video-preview":"max-video-preview:-1"},"canonical":"https:\/\/industriemaroc.com\/en\/product\/matrix-2200-ac-dc\/","og_locale":"en_US","og_type":"article","og_title":"Matrix 2200 Ac\/dc - Cea - Industrie Maroc Online","og_description":"Id\u00e9ale pour toutes les applications de soudage qualifi\u00e9es et les travaux d\u2019entretien, demandant \u00e0 la fois puissance et portabilit\u00e9.","og_url":"https:\/\/industriemaroc.com\/en\/product\/matrix-2200-ac-dc\/","og_site_name":"Industrie Maroc Online","article_modified_time":"2024-09-13T22:03:20+00:00","og_image":[{"width":700,"height":700,"url":"https:\/\/industriemaroc.com\/wp-content\/uploads\/2023\/10\/3-4.jpg","type":"image\/jpeg"}],"twitter_card":"summary_large_image","twitter_misc":{"Est. reading time":"1 minute"},"schema":{"@context":"https:\/\/schema.org","@graph":[{"@type":"WebPage","@id":"https:\/\/industriemaroc.com\/produit\/matrix-2200-ac-dc\/","url":"https:\/\/industriemaroc.com\/produit\/matrix-2200-ac-dc\/","name":"Matrix 2200 Ac\/dc - Cea - Industrie Maroc Online","isPartOf":{"@id":"https:\/\/industriemaroc.com\/#website"},"primaryImageOfPage":{"@id":"https:\/\/industriemaroc.com\/produit\/matrix-2200-ac-dc\/#primaryimage"},"image":{"@id":"https:\/\/industriemaroc.com\/produit\/matrix-2200-ac-dc\/#primaryimage"},"thumbnailUrl":"https:\/\/industriemaroc.com\/wp-content\/uploads\/2023\/10\/3-4.jpg","datePublished":"2023-10-11T15:42:18+00:00","dateModified":"2024-09-13T22:03:20+00:00","description":"Id\u00e9ale pour toutes les applications de soudage qualifi\u00e9es et les travaux d\u2019entretien, demandant \u00e0 la fois puissance et portabilit\u00e9.","breadcrumb":{"@id":"https:\/\/industriemaroc.com\/produit\/matrix-2200-ac-dc\/#breadcrumb"},"inLanguage":"en-US","potentialAction":[{"@type":"ReadAction","target":["https:\/\/industriemaroc.com\/produit\/matrix-2200-ac-dc\/"]}]},{"@type":"ImageObject","inLanguage":"en-US","@id":"https:\/\/industriemaroc.com\/produit\/matrix-2200-ac-dc\/#primaryimage","url":"https:\/\/industriemaroc.com\/wp-content\/uploads\/2023\/10\/3-4.jpg","contentUrl":"https:\/\/industriemaroc.com\/wp-content\/uploads\/2023\/10\/3-4.jpg","width":700,"height":700},{"@type":"BreadcrumbList","@id":"https:\/\/industriemaroc.com\/produit\/matrix-2200-ac-dc\/#breadcrumb","itemListElement":[{"@type":"ListItem","position":1,"name":"Home","item":"https:\/\/industriemaroc.com\/"},{"@type":"ListItem","position":2,"name":"Shop","item":"https:\/\/industriemaroc.com\/shop\/"},{"@type":"ListItem","position":3,"name":"Matrix 2200 Ac\/dc &#8211; Cea"}]},{"@type":"WebSite","@id":"https:\/\/industriemaroc.com\/#website","url":"https:\/\/industriemaroc.com\/","name":"Industrie Maroc Online","description":"Plateforme B2B de mat\u00e9riel professionnel au Maroc","publisher":{"@id":"https:\/\/industriemaroc.com\/#organization"},"potentialAction":[{"@type":"SearchAction","target":{"@type":"EntryPoint","urlTemplate":"https:\/\/industriemaroc.com\/?s={search_term_string}"},"query-input":{"@type":"PropertyValueSpecification","valueRequired":true,"valueName":"search_term_string"}}],"inLanguage":"en-US"},{"@type":"Organization","@id":"https:\/\/industriemaroc.com\/#organization","name":"industriemaroc.com","url":"https:\/\/industriemaroc.com\/","logo":{"@type":"ImageObject","inLanguage":"en-US","@id":"https:\/\/industriemaroc.com\/#\/schema\/logo\/image\/","url":"https:\/\/industriemaroc.com\/wp-content\/uploads\/2024\/04\/IM.jpg","contentUrl":"https:\/\/industriemaroc.com\/wp-content\/uploads\/2024\/04\/IM.jpg","width":2500,"height":2500,"caption":"industriemaroc.com"},"image":{"@id":"https:\/\/industriemaroc.com\/#\/schema\/logo\/image\/"}}]}},"_links":{"self":[{"href":"https:\/\/industriemaroc.com\/en\/wp-json\/wp\/v2\/product\/18469","targetHints":{"allow":["GET"]}}],"collection":[{"href":"https:\/\/industriemaroc.com\/en\/wp-json\/wp\/v2\/product"}],"about":[{"href":"https:\/\/industriemaroc.com\/en\/wp-json\/wp\/v2\/types\/product"}],"replies":[{"embeddable":true,"href":"https:\/\/industriemaroc.com\/en\/wp-json\/wp\/v2\/comments?post=18469"}],"version-history":[{"count":4,"href":"https:\/\/industriemaroc.com\/en\/wp-json\/wp\/v2\/product\/18469\/revisions"}],"predecessor-version":[{"id":23055,"href":"https:\/\/industriemaroc.com\/en\/wp-json\/wp\/v2\/product\/18469\/revisions\/23055"}],"wp:featuredmedia":[{"embeddable":true,"href":"https:\/\/industriemaroc.com\/en\/wp-json\/wp\/v2\/media\/18464"}],"wp:attachment":[{"href":"https:\/\/industriemaroc.com\/en\/wp-json\/wp\/v2\/media?parent=18469"}],"wp:term":[{"taxonomy":"product_brand","embeddable":true,"href":"https:\/\/industriemaroc.com\/en\/wp-json\/wp\/v2\/product_brand?post=18469"},{"taxonomy":"product_cat","embeddable":true,"href":"https:\/\/industriemaroc.com\/en\/wp-json\/wp\/v2\/product_cat?post=18469"},{"taxonomy":"product_tag","embeddable":true,"href":"https:\/\/industriemaroc.com\/en\/wp-json\/wp\/v2\/product_tag?post=18469"}],"curies":[{"name":"wp","href":"https:\/\/api.w.org\/{rel}","templated":true}]}}