{"id":18474,"date":"2023-10-12T16:16:24","date_gmt":"2023-10-12T14:16:24","guid":{"rendered":"https:\/\/industriemaroc.com\/?post_type=product&#038;p=18474"},"modified":"2024-09-13T22:46:01","modified_gmt":"2024-09-13T20:46:01","slug":"cea-compact-310","status":"publish","type":"product","link":"https:\/\/industriemaroc.com\/en\/product\/cea-compact-310\/","title":{"rendered":"Poste de soudage Cea Compact 310"},"content":{"rendered":"<ul>\n<li>SEMI-AUTOMATIC COMPACT WELDING STATION WITH STEP ADJUSTMENT<\/li>\n<li>S\u00e9ries de postes de soudage industrielles semi-automatiques avec d\u00e9vidoir int\u00e9gr\u00e9 professionnel, pour les applications professionnelles et industrielles.<\/li>\n<li>Les sources de courant COMPACT, avec design innovant et fonctionnel, assurent d\u2019excellentes caract\u00e9ristiques de soudage sur tous les m\u00e9taux, aluminium et acier inoxydable inclus, et un arc tr\u00e8s stable dans toutes les positions de soudage.<\/li>\n<li>Robustes, faciles \u00e0 utiliser les COMPACT sont recommand\u00e9es dans l\u2019industrie, les travaux, la r\u00e9paration de carrosseries, l\u2019agriculture et la maintenance.<\/li>\n<\/ul>","protected":false},"excerpt":{"rendered":"<ul>\n<li>POSTE DE SOUDAGE COMPACT SEMI AUTOMATIQUE AVEC REGLAGE PARECHELONS<\/li>\n<li>S\u00e9ries de postes de soudage industrielles semi-automatiques avec d\u00e9vidoir int\u00e9gr\u00e9<\/li>\n<\/ul>","protected":false},"featured_media":18475,"comment_status":"open","ping_status":"closed","template":"","meta":{"om_disable_all_campaigns":false,"_monsterinsights_skip_tracking":false,"_monsterinsights_sitenote_active":false,"_monsterinsights_sitenote_note":"","_monsterinsights_sitenote_category":0,"_uf_show_specific_survey":0,"_uf_disable_surveys":false,"_joinchat":[]},"product_brand":[],"product_cat":[672,1091,1088,1079],"product_tag":[],"class_list":{"0":"post-18474","1":"product","2":"type-product","3":"status-publish","4":"has-post-thumbnail","6":"product_cat-fournitures-industrielles","7":"product_cat-mig-mag","8":"product_cat-postes-a-souder","9":"product_cat-materiel-de-soudage","11":"first","12":"instock","13":"taxable","14":"shipping-taxable","15":"product-type-simple"},"yoast_head":"<!-- This site is optimized with the Yoast SEO plugin v27.4 - https:\/\/yoast.com\/product\/yoast-seo-wordpress\/ -->\n<title>Poste de soudage Cea Compact 310 - Industrie Maroc Online<\/title>\n<meta name=\"description\" content=\"POSTE DE SOUDAGE COMPACT SEMI AUTOMATIQUE AVEC REGLAGE PARECHELONS  S\u00e9ries de postes de soudage industrielles semi-automatiques avec d\u00e9vidoir int\u00e9gr\u00e9\" \/>\n<meta name=\"robots\" content=\"index, follow, max-snippet:-1, max-image-preview:large, max-video-preview:-1\" \/>\n<link rel=\"canonical\" href=\"https:\/\/industriemaroc.com\/en\/product\/cea-compact-310\/\" \/>\n<meta property=\"og:locale\" content=\"en_US\" \/>\n<meta property=\"og:type\" content=\"article\" \/>\n<meta property=\"og:title\" content=\"Poste de soudage Cea Compact 310 - Industrie Maroc Online\" \/>\n<meta property=\"og:description\" content=\"POSTE DE SOUDAGE COMPACT SEMI AUTOMATIQUE AVEC REGLAGE PARECHELONS  S\u00e9ries de postes de soudage industrielles semi-automatiques avec d\u00e9vidoir int\u00e9gr\u00e9\" \/>\n<meta property=\"og:url\" content=\"https:\/\/industriemaroc.com\/en\/product\/cea-compact-310\/\" \/>\n<meta property=\"og:site_name\" content=\"Industrie Maroc Online\" \/>\n<meta property=\"article:modified_time\" content=\"2024-09-13T20:46:01+00:00\" \/>\n<meta property=\"og:image\" content=\"https:\/\/industriemaroc.com\/wp-content\/uploads\/2023\/10\/1-6.jpg\" \/>\n\t<meta property=\"og:image:width\" content=\"700\" \/>\n\t<meta property=\"og:image:height\" content=\"700\" \/>\n\t<meta property=\"og:image:type\" content=\"image\/jpeg\" \/>\n<meta name=\"twitter:card\" content=\"summary_large_image\" \/>\n<script type=\"application\/ld+json\" class=\"yoast-schema-graph\">{\"@context\":\"https:\\\/\\\/schema.org\",\"@graph\":[{\"@type\":\"WebPage\",\"@id\":\"https:\\\/\\\/industriemaroc.com\\\/produit\\\/cea-compact-310\\\/\",\"url\":\"https:\\\/\\\/industriemaroc.com\\\/produit\\\/cea-compact-310\\\/\",\"name\":\"Poste de soudage Cea Compact 310 - Industrie Maroc Online\",\"isPartOf\":{\"@id\":\"https:\\\/\\\/industriemaroc.com\\\/#website\"},\"primaryImageOfPage\":{\"@id\":\"https:\\\/\\\/industriemaroc.com\\\/produit\\\/cea-compact-310\\\/#primaryimage\"},\"image\":{\"@id\":\"https:\\\/\\\/industriemaroc.com\\\/produit\\\/cea-compact-310\\\/#primaryimage\"},\"thumbnailUrl\":\"https:\\\/\\\/industriemaroc.com\\\/wp-content\\\/uploads\\\/2023\\\/10\\\/1-6.jpg\",\"datePublished\":\"2023-10-12T14:16:24+00:00\",\"dateModified\":\"2024-09-13T20:46:01+00:00\",\"description\":\"POSTE DE SOUDAGE COMPACT SEMI AUTOMATIQUE AVEC REGLAGE PARECHELONS S\u00e9ries de postes de soudage industrielles semi-automatiques avec d\u00e9vidoir int\u00e9gr\u00e9\",\"breadcrumb\":{\"@id\":\"https:\\\/\\\/industriemaroc.com\\\/produit\\\/cea-compact-310\\\/#breadcrumb\"},\"inLanguage\":\"en-US\",\"potentialAction\":[{\"@type\":\"ReadAction\",\"target\":[\"https:\\\/\\\/industriemaroc.com\\\/produit\\\/cea-compact-310\\\/\"]}]},{\"@type\":\"ImageObject\",\"inLanguage\":\"en-US\",\"@id\":\"https:\\\/\\\/industriemaroc.com\\\/produit\\\/cea-compact-310\\\/#primaryimage\",\"url\":\"https:\\\/\\\/industriemaroc.com\\\/wp-content\\\/uploads\\\/2023\\\/10\\\/1-6.jpg\",\"contentUrl\":\"https:\\\/\\\/industriemaroc.com\\\/wp-content\\\/uploads\\\/2023\\\/10\\\/1-6.jpg\",\"width\":700,\"height\":700},{\"@type\":\"BreadcrumbList\",\"@id\":\"https:\\\/\\\/industriemaroc.com\\\/produit\\\/cea-compact-310\\\/#breadcrumb\",\"itemListElement\":[{\"@type\":\"ListItem\",\"position\":1,\"name\":\"Home\",\"item\":\"https:\\\/\\\/industriemaroc.com\\\/\"},{\"@type\":\"ListItem\",\"position\":2,\"name\":\"Shop\",\"item\":\"https:\\\/\\\/industriemaroc.com\\\/shop\\\/\"},{\"@type\":\"ListItem\",\"position\":3,\"name\":\"Poste de soudage Cea Compact 310\"}]},{\"@type\":\"WebSite\",\"@id\":\"https:\\\/\\\/industriemaroc.com\\\/#website\",\"url\":\"https:\\\/\\\/industriemaroc.com\\\/\",\"name\":\"Industrie Maroc Online\",\"description\":\"Plateforme B2B de mat\u00e9riel professionnel au Maroc\",\"publisher\":{\"@id\":\"https:\\\/\\\/industriemaroc.com\\\/#organization\"},\"potentialAction\":[{\"@type\":\"SearchAction\",\"target\":{\"@type\":\"EntryPoint\",\"urlTemplate\":\"https:\\\/\\\/industriemaroc.com\\\/?s={search_term_string}\"},\"query-input\":{\"@type\":\"PropertyValueSpecification\",\"valueRequired\":true,\"valueName\":\"search_term_string\"}}],\"inLanguage\":\"en-US\"},{\"@type\":\"Organization\",\"@id\":\"https:\\\/\\\/industriemaroc.com\\\/#organization\",\"name\":\"industriemaroc.com\",\"url\":\"https:\\\/\\\/industriemaroc.com\\\/\",\"logo\":{\"@type\":\"ImageObject\",\"inLanguage\":\"en-US\",\"@id\":\"https:\\\/\\\/industriemaroc.com\\\/#\\\/schema\\\/logo\\\/image\\\/\",\"url\":\"https:\\\/\\\/industriemaroc.com\\\/wp-content\\\/uploads\\\/2024\\\/04\\\/IM.jpg\",\"contentUrl\":\"https:\\\/\\\/industriemaroc.com\\\/wp-content\\\/uploads\\\/2024\\\/04\\\/IM.jpg\",\"width\":2500,\"height\":2500,\"caption\":\"industriemaroc.com\"},\"image\":{\"@id\":\"https:\\\/\\\/industriemaroc.com\\\/#\\\/schema\\\/logo\\\/image\\\/\"}}]}<\/script>\n<!-- \/ Yoast SEO plugin. -->","yoast_head_json":{"title":"Poste de soudage Cea Compact 310 - Industrie Maroc Online","description":"POSTE DE SOUDAGE COMPACT SEMI AUTOMATIQUE AVEC REGLAGE PARECHELONS  S\u00e9ries de postes de soudage industrielles semi-automatiques avec d\u00e9vidoir int\u00e9gr\u00e9","robots":{"index":"index","follow":"follow","max-snippet":"max-snippet:-1","max-image-preview":"max-image-preview:large","max-video-preview":"max-video-preview:-1"},"canonical":"https:\/\/industriemaroc.com\/en\/product\/cea-compact-310\/","og_locale":"en_US","og_type":"article","og_title":"Poste de soudage Cea Compact 310 - Industrie Maroc Online","og_description":"POSTE DE SOUDAGE COMPACT SEMI AUTOMATIQUE AVEC REGLAGE PARECHELONS  S\u00e9ries de postes de soudage industrielles semi-automatiques avec d\u00e9vidoir int\u00e9gr\u00e9","og_url":"https:\/\/industriemaroc.com\/en\/product\/cea-compact-310\/","og_site_name":"Industrie Maroc Online","article_modified_time":"2024-09-13T20:46:01+00:00","og_image":[{"width":700,"height":700,"url":"https:\/\/industriemaroc.com\/wp-content\/uploads\/2023\/10\/1-6.jpg","type":"image\/jpeg"}],"twitter_card":"summary_large_image","schema":{"@context":"https:\/\/schema.org","@graph":[{"@type":"WebPage","@id":"https:\/\/industriemaroc.com\/produit\/cea-compact-310\/","url":"https:\/\/industriemaroc.com\/produit\/cea-compact-310\/","name":"Poste de soudage Cea Compact 310 - Industrie Maroc Online","isPartOf":{"@id":"https:\/\/industriemaroc.com\/#website"},"primaryImageOfPage":{"@id":"https:\/\/industriemaroc.com\/produit\/cea-compact-310\/#primaryimage"},"image":{"@id":"https:\/\/industriemaroc.com\/produit\/cea-compact-310\/#primaryimage"},"thumbnailUrl":"https:\/\/industriemaroc.com\/wp-content\/uploads\/2023\/10\/1-6.jpg","datePublished":"2023-10-12T14:16:24+00:00","dateModified":"2024-09-13T20:46:01+00:00","description":"POSTE DE SOUDAGE COMPACT SEMI AUTOMATIQUE AVEC REGLAGE PARECHELONS S\u00e9ries de postes de soudage industrielles semi-automatiques avec d\u00e9vidoir int\u00e9gr\u00e9","breadcrumb":{"@id":"https:\/\/industriemaroc.com\/produit\/cea-compact-310\/#breadcrumb"},"inLanguage":"en-US","potentialAction":[{"@type":"ReadAction","target":["https:\/\/industriemaroc.com\/produit\/cea-compact-310\/"]}]},{"@type":"ImageObject","inLanguage":"en-US","@id":"https:\/\/industriemaroc.com\/produit\/cea-compact-310\/#primaryimage","url":"https:\/\/industriemaroc.com\/wp-content\/uploads\/2023\/10\/1-6.jpg","contentUrl":"https:\/\/industriemaroc.com\/wp-content\/uploads\/2023\/10\/1-6.jpg","width":700,"height":700},{"@type":"BreadcrumbList","@id":"https:\/\/industriemaroc.com\/produit\/cea-compact-310\/#breadcrumb","itemListElement":[{"@type":"ListItem","position":1,"name":"Home","item":"https:\/\/industriemaroc.com\/"},{"@type":"ListItem","position":2,"name":"Shop","item":"https:\/\/industriemaroc.com\/shop\/"},{"@type":"ListItem","position":3,"name":"Poste de soudage Cea Compact 310"}]},{"@type":"WebSite","@id":"https:\/\/industriemaroc.com\/#website","url":"https:\/\/industriemaroc.com\/","name":"Industrie Maroc Online","description":"Plateforme B2B de mat\u00e9riel professionnel au Maroc","publisher":{"@id":"https:\/\/industriemaroc.com\/#organization"},"potentialAction":[{"@type":"SearchAction","target":{"@type":"EntryPoint","urlTemplate":"https:\/\/industriemaroc.com\/?s={search_term_string}"},"query-input":{"@type":"PropertyValueSpecification","valueRequired":true,"valueName":"search_term_string"}}],"inLanguage":"en-US"},{"@type":"Organization","@id":"https:\/\/industriemaroc.com\/#organization","name":"industriemaroc.com","url":"https:\/\/industriemaroc.com\/","logo":{"@type":"ImageObject","inLanguage":"en-US","@id":"https:\/\/industriemaroc.com\/#\/schema\/logo\/image\/","url":"https:\/\/industriemaroc.com\/wp-content\/uploads\/2024\/04\/IM.jpg","contentUrl":"https:\/\/industriemaroc.com\/wp-content\/uploads\/2024\/04\/IM.jpg","width":2500,"height":2500,"caption":"industriemaroc.com"},"image":{"@id":"https:\/\/industriemaroc.com\/#\/schema\/logo\/image\/"}}]}},"_links":{"self":[{"href":"https:\/\/industriemaroc.com\/en\/wp-json\/wp\/v2\/product\/18474","targetHints":{"allow":["GET"]}}],"collection":[{"href":"https:\/\/industriemaroc.com\/en\/wp-json\/wp\/v2\/product"}],"about":[{"href":"https:\/\/industriemaroc.com\/en\/wp-json\/wp\/v2\/types\/product"}],"replies":[{"embeddable":true,"href":"https:\/\/industriemaroc.com\/en\/wp-json\/wp\/v2\/comments?post=18474"}],"version-history":[{"count":3,"href":"https:\/\/industriemaroc.com\/en\/wp-json\/wp\/v2\/product\/18474\/revisions"}],"predecessor-version":[{"id":22989,"href":"https:\/\/industriemaroc.com\/en\/wp-json\/wp\/v2\/product\/18474\/revisions\/22989"}],"wp:featuredmedia":[{"embeddable":true,"href":"https:\/\/industriemaroc.com\/en\/wp-json\/wp\/v2\/media\/18475"}],"wp:attachment":[{"href":"https:\/\/industriemaroc.com\/en\/wp-json\/wp\/v2\/media?parent=18474"}],"wp:term":[{"taxonomy":"product_brand","embeddable":true,"href":"https:\/\/industriemaroc.com\/en\/wp-json\/wp\/v2\/product_brand?post=18474"},{"taxonomy":"product_cat","embeddable":true,"href":"https:\/\/industriemaroc.com\/en\/wp-json\/wp\/v2\/product_cat?post=18474"},{"taxonomy":"product_tag","embeddable":true,"href":"https:\/\/industriemaroc.com\/en\/wp-json\/wp\/v2\/product_tag?post=18474"}],"curies":[{"name":"wp","href":"https:\/\/api.w.org\/{rel}","templated":true}]}}