{"id":18484,"date":"2023-10-12T16:27:17","date_gmt":"2023-10-12T14:27:17","guid":{"rendered":"https:\/\/industriemaroc.com\/?post_type=product&#038;p=18484"},"modified":"2024-09-13T22:41:22","modified_gmt":"2024-09-13T20:41:22","slug":"cea-maxi-405","status":"publish","type":"product","link":"https:\/\/industriemaroc.com\/en\/product\/cea-maxi-405\/","title":{"rendered":"Poste de soudage Cea Maxi 405"},"content":{"rendered":"<ul>\n<li>POSTE DE SOUDAGE SEMI-AUTOMATIQUE A DEVIDOIR SEPARE ET REGLAGE PAR COMMUTATEURS<\/li>\n<li>S\u00e9ries de postes de soudage semi-automatique avec d\u00e9vidoir s\u00e9par\u00e9 recommand\u00e9s pour les applications industrielles, les travaux de moyenne et grande taille.<\/li>\n<li>Les sources de courant MAXI, utilisables avec une large gamme de d\u00e9vidoirs et de faisceaux de diff\u00e9rentes longueurs, sont la solution la plus compl\u00e8te pour toutes les applications de soudage et assurent d\u2019excellentes caract\u00e9ristiques de soudage sur tous les m\u00e9taux sur plusieurs \u00e9paisseurs gr\u00e2ce \u00e0 un arc tr\u00e8s stable dans toutes les positions de soudage.<\/li>\n<\/ul>","protected":false},"excerpt":{"rendered":"<ul>\n<li>POSTE DE SOUDAGE SEMI-AUTOMATIQUE A DEVIDOIR SEPARE<\/li>\n<li>Recommand\u00e9s pour les applications industrielles, les travaux de moyenne et grande taille.<\/li>\n<\/ul>","protected":false},"featured_media":18476,"comment_status":"open","ping_status":"closed","template":"","meta":{"om_disable_all_campaigns":false,"_monsterinsights_skip_tracking":false,"_monsterinsights_sitenote_active":false,"_monsterinsights_sitenote_note":"","_monsterinsights_sitenote_category":0,"_uf_show_specific_survey":0,"_uf_disable_surveys":false,"_joinchat":[]},"product_brand":[],"product_cat":[672,1091,1088,1079],"product_tag":[],"class_list":{"0":"post-18484","1":"product","2":"type-product","3":"status-publish","4":"has-post-thumbnail","6":"product_cat-fournitures-industrielles","7":"product_cat-mig-mag","8":"product_cat-postes-a-souder","9":"product_cat-materiel-de-soudage","11":"first","12":"instock","13":"taxable","14":"shipping-taxable","15":"product-type-simple"},"yoast_head":"<!-- This site is optimized with the Yoast SEO plugin v27.4 - https:\/\/yoast.com\/product\/yoast-seo-wordpress\/ -->\n<title>Poste de soudage Cea Maxi 405 - Industrie Maroc Online<\/title>\n<meta name=\"description\" content=\"POSTE DE SOUDAGE SEMI-AUTOMATIQUE A DEVIDOIR SEPARE  Recommand\u00e9s pour les applications industrielles, les travaux de moyenne et grande taille.\" \/>\n<meta name=\"robots\" content=\"index, follow, max-snippet:-1, max-image-preview:large, max-video-preview:-1\" \/>\n<link rel=\"canonical\" href=\"https:\/\/industriemaroc.com\/en\/product\/cea-maxi-405\/\" \/>\n<meta property=\"og:locale\" content=\"en_US\" \/>\n<meta property=\"og:type\" content=\"article\" \/>\n<meta property=\"og:title\" content=\"Poste de soudage Cea Maxi 405 - Industrie Maroc Online\" \/>\n<meta property=\"og:description\" content=\"POSTE DE SOUDAGE SEMI-AUTOMATIQUE A DEVIDOIR SEPARE  Recommand\u00e9s pour les applications industrielles, les travaux de moyenne et grande taille.\" \/>\n<meta property=\"og:url\" content=\"https:\/\/industriemaroc.com\/en\/product\/cea-maxi-405\/\" \/>\n<meta property=\"og:site_name\" content=\"Industrie Maroc Online\" \/>\n<meta property=\"article:modified_time\" content=\"2024-09-13T20:41:22+00:00\" \/>\n<meta property=\"og:image\" content=\"https:\/\/industriemaroc.com\/wp-content\/uploads\/2023\/10\/3-5.jpg\" \/>\n\t<meta property=\"og:image:width\" content=\"700\" \/>\n\t<meta property=\"og:image:height\" content=\"700\" \/>\n\t<meta property=\"og:image:type\" content=\"image\/jpeg\" \/>\n<meta name=\"twitter:card\" content=\"summary_large_image\" \/>\n<script type=\"application\/ld+json\" class=\"yoast-schema-graph\">{\"@context\":\"https:\\\/\\\/schema.org\",\"@graph\":[{\"@type\":\"WebPage\",\"@id\":\"https:\\\/\\\/industriemaroc.com\\\/produit\\\/cea-maxi-405\\\/\",\"url\":\"https:\\\/\\\/industriemaroc.com\\\/produit\\\/cea-maxi-405\\\/\",\"name\":\"Poste de soudage Cea Maxi 405 - Industrie Maroc Online\",\"isPartOf\":{\"@id\":\"https:\\\/\\\/industriemaroc.com\\\/#website\"},\"primaryImageOfPage\":{\"@id\":\"https:\\\/\\\/industriemaroc.com\\\/produit\\\/cea-maxi-405\\\/#primaryimage\"},\"image\":{\"@id\":\"https:\\\/\\\/industriemaroc.com\\\/produit\\\/cea-maxi-405\\\/#primaryimage\"},\"thumbnailUrl\":\"https:\\\/\\\/industriemaroc.com\\\/wp-content\\\/uploads\\\/2023\\\/10\\\/3-5.jpg\",\"datePublished\":\"2023-10-12T14:27:17+00:00\",\"dateModified\":\"2024-09-13T20:41:22+00:00\",\"description\":\"POSTE DE SOUDAGE SEMI-AUTOMATIQUE A DEVIDOIR SEPARE Recommand\u00e9s pour les applications industrielles, les travaux de moyenne et grande taille.\",\"breadcrumb\":{\"@id\":\"https:\\\/\\\/industriemaroc.com\\\/produit\\\/cea-maxi-405\\\/#breadcrumb\"},\"inLanguage\":\"en-US\",\"potentialAction\":[{\"@type\":\"ReadAction\",\"target\":[\"https:\\\/\\\/industriemaroc.com\\\/produit\\\/cea-maxi-405\\\/\"]}]},{\"@type\":\"ImageObject\",\"inLanguage\":\"en-US\",\"@id\":\"https:\\\/\\\/industriemaroc.com\\\/produit\\\/cea-maxi-405\\\/#primaryimage\",\"url\":\"https:\\\/\\\/industriemaroc.com\\\/wp-content\\\/uploads\\\/2023\\\/10\\\/3-5.jpg\",\"contentUrl\":\"https:\\\/\\\/industriemaroc.com\\\/wp-content\\\/uploads\\\/2023\\\/10\\\/3-5.jpg\",\"width\":700,\"height\":700},{\"@type\":\"BreadcrumbList\",\"@id\":\"https:\\\/\\\/industriemaroc.com\\\/produit\\\/cea-maxi-405\\\/#breadcrumb\",\"itemListElement\":[{\"@type\":\"ListItem\",\"position\":1,\"name\":\"Home\",\"item\":\"https:\\\/\\\/industriemaroc.com\\\/\"},{\"@type\":\"ListItem\",\"position\":2,\"name\":\"Shop\",\"item\":\"https:\\\/\\\/industriemaroc.com\\\/shop\\\/\"},{\"@type\":\"ListItem\",\"position\":3,\"name\":\"Poste de soudage Cea Maxi 405\"}]},{\"@type\":\"WebSite\",\"@id\":\"https:\\\/\\\/industriemaroc.com\\\/#website\",\"url\":\"https:\\\/\\\/industriemaroc.com\\\/\",\"name\":\"Industrie Maroc Online\",\"description\":\"Plateforme B2B de mat\u00e9riel professionnel au Maroc\",\"publisher\":{\"@id\":\"https:\\\/\\\/industriemaroc.com\\\/#organization\"},\"potentialAction\":[{\"@type\":\"SearchAction\",\"target\":{\"@type\":\"EntryPoint\",\"urlTemplate\":\"https:\\\/\\\/industriemaroc.com\\\/?s={search_term_string}\"},\"query-input\":{\"@type\":\"PropertyValueSpecification\",\"valueRequired\":true,\"valueName\":\"search_term_string\"}}],\"inLanguage\":\"en-US\"},{\"@type\":\"Organization\",\"@id\":\"https:\\\/\\\/industriemaroc.com\\\/#organization\",\"name\":\"industriemaroc.com\",\"url\":\"https:\\\/\\\/industriemaroc.com\\\/\",\"logo\":{\"@type\":\"ImageObject\",\"inLanguage\":\"en-US\",\"@id\":\"https:\\\/\\\/industriemaroc.com\\\/#\\\/schema\\\/logo\\\/image\\\/\",\"url\":\"https:\\\/\\\/industriemaroc.com\\\/wp-content\\\/uploads\\\/2024\\\/04\\\/IM.jpg\",\"contentUrl\":\"https:\\\/\\\/industriemaroc.com\\\/wp-content\\\/uploads\\\/2024\\\/04\\\/IM.jpg\",\"width\":2500,\"height\":2500,\"caption\":\"industriemaroc.com\"},\"image\":{\"@id\":\"https:\\\/\\\/industriemaroc.com\\\/#\\\/schema\\\/logo\\\/image\\\/\"}}]}<\/script>\n<!-- \/ Yoast SEO plugin. -->","yoast_head_json":{"title":"Poste de soudage Cea Maxi 405 - Industrie Maroc Online","description":"POSTE DE SOUDAGE SEMI-AUTOMATIQUE A DEVIDOIR SEPARE  Recommand\u00e9s pour les applications industrielles, les travaux de moyenne et grande taille.","robots":{"index":"index","follow":"follow","max-snippet":"max-snippet:-1","max-image-preview":"max-image-preview:large","max-video-preview":"max-video-preview:-1"},"canonical":"https:\/\/industriemaroc.com\/en\/product\/cea-maxi-405\/","og_locale":"en_US","og_type":"article","og_title":"Poste de soudage Cea Maxi 405 - Industrie Maroc Online","og_description":"POSTE DE SOUDAGE SEMI-AUTOMATIQUE A DEVIDOIR SEPARE  Recommand\u00e9s pour les applications industrielles, les travaux de moyenne et grande taille.","og_url":"https:\/\/industriemaroc.com\/en\/product\/cea-maxi-405\/","og_site_name":"Industrie Maroc Online","article_modified_time":"2024-09-13T20:41:22+00:00","og_image":[{"width":700,"height":700,"url":"https:\/\/industriemaroc.com\/wp-content\/uploads\/2023\/10\/3-5.jpg","type":"image\/jpeg"}],"twitter_card":"summary_large_image","schema":{"@context":"https:\/\/schema.org","@graph":[{"@type":"WebPage","@id":"https:\/\/industriemaroc.com\/produit\/cea-maxi-405\/","url":"https:\/\/industriemaroc.com\/produit\/cea-maxi-405\/","name":"Poste de soudage Cea Maxi 405 - Industrie Maroc Online","isPartOf":{"@id":"https:\/\/industriemaroc.com\/#website"},"primaryImageOfPage":{"@id":"https:\/\/industriemaroc.com\/produit\/cea-maxi-405\/#primaryimage"},"image":{"@id":"https:\/\/industriemaroc.com\/produit\/cea-maxi-405\/#primaryimage"},"thumbnailUrl":"https:\/\/industriemaroc.com\/wp-content\/uploads\/2023\/10\/3-5.jpg","datePublished":"2023-10-12T14:27:17+00:00","dateModified":"2024-09-13T20:41:22+00:00","description":"POSTE DE SOUDAGE SEMI-AUTOMATIQUE A DEVIDOIR SEPARE Recommand\u00e9s pour les applications industrielles, les travaux de moyenne et grande taille.","breadcrumb":{"@id":"https:\/\/industriemaroc.com\/produit\/cea-maxi-405\/#breadcrumb"},"inLanguage":"en-US","potentialAction":[{"@type":"ReadAction","target":["https:\/\/industriemaroc.com\/produit\/cea-maxi-405\/"]}]},{"@type":"ImageObject","inLanguage":"en-US","@id":"https:\/\/industriemaroc.com\/produit\/cea-maxi-405\/#primaryimage","url":"https:\/\/industriemaroc.com\/wp-content\/uploads\/2023\/10\/3-5.jpg","contentUrl":"https:\/\/industriemaroc.com\/wp-content\/uploads\/2023\/10\/3-5.jpg","width":700,"height":700},{"@type":"BreadcrumbList","@id":"https:\/\/industriemaroc.com\/produit\/cea-maxi-405\/#breadcrumb","itemListElement":[{"@type":"ListItem","position":1,"name":"Home","item":"https:\/\/industriemaroc.com\/"},{"@type":"ListItem","position":2,"name":"Shop","item":"https:\/\/industriemaroc.com\/shop\/"},{"@type":"ListItem","position":3,"name":"Poste de soudage Cea Maxi 405"}]},{"@type":"WebSite","@id":"https:\/\/industriemaroc.com\/#website","url":"https:\/\/industriemaroc.com\/","name":"Industrie Maroc Online","description":"Plateforme B2B de mat\u00e9riel professionnel au Maroc","publisher":{"@id":"https:\/\/industriemaroc.com\/#organization"},"potentialAction":[{"@type":"SearchAction","target":{"@type":"EntryPoint","urlTemplate":"https:\/\/industriemaroc.com\/?s={search_term_string}"},"query-input":{"@type":"PropertyValueSpecification","valueRequired":true,"valueName":"search_term_string"}}],"inLanguage":"en-US"},{"@type":"Organization","@id":"https:\/\/industriemaroc.com\/#organization","name":"industriemaroc.com","url":"https:\/\/industriemaroc.com\/","logo":{"@type":"ImageObject","inLanguage":"en-US","@id":"https:\/\/industriemaroc.com\/#\/schema\/logo\/image\/","url":"https:\/\/industriemaroc.com\/wp-content\/uploads\/2024\/04\/IM.jpg","contentUrl":"https:\/\/industriemaroc.com\/wp-content\/uploads\/2024\/04\/IM.jpg","width":2500,"height":2500,"caption":"industriemaroc.com"},"image":{"@id":"https:\/\/industriemaroc.com\/#\/schema\/logo\/image\/"}}]}},"_links":{"self":[{"href":"https:\/\/industriemaroc.com\/en\/wp-json\/wp\/v2\/product\/18484","targetHints":{"allow":["GET"]}}],"collection":[{"href":"https:\/\/industriemaroc.com\/en\/wp-json\/wp\/v2\/product"}],"about":[{"href":"https:\/\/industriemaroc.com\/en\/wp-json\/wp\/v2\/types\/product"}],"replies":[{"embeddable":true,"href":"https:\/\/industriemaroc.com\/en\/wp-json\/wp\/v2\/comments?post=18484"}],"version-history":[{"count":3,"href":"https:\/\/industriemaroc.com\/en\/wp-json\/wp\/v2\/product\/18484\/revisions"}],"predecessor-version":[{"id":22986,"href":"https:\/\/industriemaroc.com\/en\/wp-json\/wp\/v2\/product\/18484\/revisions\/22986"}],"wp:featuredmedia":[{"embeddable":true,"href":"https:\/\/industriemaroc.com\/en\/wp-json\/wp\/v2\/media\/18476"}],"wp:attachment":[{"href":"https:\/\/industriemaroc.com\/en\/wp-json\/wp\/v2\/media?parent=18484"}],"wp:term":[{"taxonomy":"product_brand","embeddable":true,"href":"https:\/\/industriemaroc.com\/en\/wp-json\/wp\/v2\/product_brand?post=18484"},{"taxonomy":"product_cat","embeddable":true,"href":"https:\/\/industriemaroc.com\/en\/wp-json\/wp\/v2\/product_cat?post=18484"},{"taxonomy":"product_tag","embeddable":true,"href":"https:\/\/industriemaroc.com\/en\/wp-json\/wp\/v2\/product_tag?post=18484"}],"curies":[{"name":"wp","href":"https:\/\/api.w.org\/{rel}","templated":true}]}}