{"id":18492,"date":"2023-10-12T16:32:34","date_gmt":"2023-10-12T14:32:34","guid":{"rendered":"https:\/\/industriemaroc.com\/?post_type=product&#038;p=18492"},"modified":"2024-09-13T23:06:06","modified_gmt":"2024-09-13T21:06:06","slug":"magmaweld-rs-400","status":"publish","type":"product","link":"https:\/\/industriemaroc.com\/en\/product\/magmaweld-rs-400\/","title":{"rendered":"Poste de soudage Magmaweld Rs 400"},"content":{"rendered":"<ul>\n<li>Alimentation 3 Phases 400 V-50\/60 Hz.<\/li>\n<li>Excellentes caract\u00e9ristiques de soudage avec toutes sortes de Fil Massif et Fil Fourr\u00e9.<\/li>\n<li>D\u00e9vidoir compact ou s\u00e9par\u00e9 de 5 m (peut s\u2019\u00e9tendre jusqu\u2019a 30 m sur demande) \u00e0 4 galets assure un bon d\u00e9vidage avec les torches longues et\u00a0ne d\u00e9forme pas les fils en aluminium et les fils fourr\u00e9s.<\/li>\n<li>R\u00e9glage de la tension du soudage avec le commutateur, de la vitesse de d\u00e9vidage (courant du soudage) avec le potentiom\u00e8tre.<\/li>\n<li>Choix facile des param\u00e8tres de la tension de soudage et de la vitesse de d\u00e9vidage avec l\u2019aide de l\u2019abaque du panneau frontal<\/li>\n<li>Soft start\u00a0(d\u00e9marrage sans \u00e9claboussures), le pr\u00e9-gaz, le\u00a0post-gaz, le remplissage de crat\u00e8re, les temps de burn-back (br\u00fbler en arri\u00e8re de fil)\u00a0r\u00e9gl\u00e9s depuis la cabine de d\u00e9vidoir.<\/li>\n<li>Affichage digital des param\u00e8tres de soudage.<\/li>\n<\/ul>","protected":false},"excerpt":{"rendered":"<ul>\n<li>Excellentes caract\u00e9ristiques de soudage avec toutes sortes de Fil Massif et Fil Fourr\u00e9.<\/li>\n<li>Alimentation 3 Phases 400 V-50\/60 Hz.<\/li>\n<\/ul>","protected":false},"featured_media":18479,"comment_status":"open","ping_status":"closed","template":"","meta":{"om_disable_all_campaigns":false,"_monsterinsights_skip_tracking":false,"_monsterinsights_sitenote_active":false,"_monsterinsights_sitenote_note":"","_monsterinsights_sitenote_category":0,"_uf_show_specific_survey":0,"_uf_disable_surveys":false,"_joinchat":[]},"product_brand":[],"product_cat":[672,1091,1088,1079],"product_tag":[],"class_list":{"0":"post-18492","1":"product","2":"type-product","3":"status-publish","4":"has-post-thumbnail","6":"product_cat-fournitures-industrielles","7":"product_cat-mig-mag","8":"product_cat-postes-a-souder","9":"product_cat-materiel-de-soudage","11":"first","12":"instock","13":"taxable","14":"shipping-taxable","15":"product-type-simple"},"yoast_head":"<!-- This site is optimized with the Yoast SEO plugin v27.4 - https:\/\/yoast.com\/product\/yoast-seo-wordpress\/ -->\n<title>Poste de soudage Magmaweld Rs 400 - Industrie Maroc Online<\/title>\n<meta name=\"description\" content=\"Excellentes caract\u00e9ristiques de soudage avec toutes sortes de Fil Massif et Fil Fourr\u00e9.  Alimentation 3 Phases 400 V-50\/60 Hz.\" \/>\n<meta name=\"robots\" content=\"index, follow, max-snippet:-1, max-image-preview:large, max-video-preview:-1\" \/>\n<link rel=\"canonical\" href=\"https:\/\/industriemaroc.com\/en\/product\/magmaweld-rs-400\/\" \/>\n<meta property=\"og:locale\" content=\"en_US\" \/>\n<meta property=\"og:type\" content=\"article\" \/>\n<meta property=\"og:title\" content=\"Poste de soudage Magmaweld Rs 400 - Industrie Maroc Online\" \/>\n<meta property=\"og:description\" content=\"Excellentes caract\u00e9ristiques de soudage avec toutes sortes de Fil Massif et Fil Fourr\u00e9.  Alimentation 3 Phases 400 V-50\/60 Hz.\" \/>\n<meta property=\"og:url\" content=\"https:\/\/industriemaroc.com\/en\/product\/magmaweld-rs-400\/\" \/>\n<meta property=\"og:site_name\" content=\"Industrie Maroc Online\" \/>\n<meta property=\"article:modified_time\" content=\"2024-09-13T21:06:06+00:00\" \/>\n<meta property=\"og:image\" content=\"https:\/\/industriemaroc.com\/wp-content\/uploads\/2023\/10\/7-2.jpg\" \/>\n\t<meta property=\"og:image:width\" content=\"700\" \/>\n\t<meta property=\"og:image:height\" content=\"700\" \/>\n\t<meta property=\"og:image:type\" content=\"image\/jpeg\" \/>\n<meta name=\"twitter:card\" content=\"summary_large_image\" \/>\n<meta name=\"twitter:label1\" content=\"Est. reading time\" \/>\n\t<meta name=\"twitter:data1\" content=\"1 minute\" \/>\n<script type=\"application\/ld+json\" class=\"yoast-schema-graph\">{\"@context\":\"https:\\\/\\\/schema.org\",\"@graph\":[{\"@type\":\"WebPage\",\"@id\":\"https:\\\/\\\/industriemaroc.com\\\/produit\\\/magmaweld-rs-400\\\/\",\"url\":\"https:\\\/\\\/industriemaroc.com\\\/produit\\\/magmaweld-rs-400\\\/\",\"name\":\"Poste de soudage Magmaweld Rs 400 - Industrie Maroc Online\",\"isPartOf\":{\"@id\":\"https:\\\/\\\/industriemaroc.com\\\/#website\"},\"primaryImageOfPage\":{\"@id\":\"https:\\\/\\\/industriemaroc.com\\\/produit\\\/magmaweld-rs-400\\\/#primaryimage\"},\"image\":{\"@id\":\"https:\\\/\\\/industriemaroc.com\\\/produit\\\/magmaweld-rs-400\\\/#primaryimage\"},\"thumbnailUrl\":\"https:\\\/\\\/industriemaroc.com\\\/wp-content\\\/uploads\\\/2023\\\/10\\\/7-2.jpg\",\"datePublished\":\"2023-10-12T14:32:34+00:00\",\"dateModified\":\"2024-09-13T21:06:06+00:00\",\"description\":\"Excellentes caract\u00e9ristiques de soudage avec toutes sortes de Fil Massif et Fil Fourr\u00e9. Alimentation 3 Phases 400 V-50\\\/60 Hz.\",\"breadcrumb\":{\"@id\":\"https:\\\/\\\/industriemaroc.com\\\/produit\\\/magmaweld-rs-400\\\/#breadcrumb\"},\"inLanguage\":\"en-US\",\"potentialAction\":[{\"@type\":\"ReadAction\",\"target\":[\"https:\\\/\\\/industriemaroc.com\\\/produit\\\/magmaweld-rs-400\\\/\"]}]},{\"@type\":\"ImageObject\",\"inLanguage\":\"en-US\",\"@id\":\"https:\\\/\\\/industriemaroc.com\\\/produit\\\/magmaweld-rs-400\\\/#primaryimage\",\"url\":\"https:\\\/\\\/industriemaroc.com\\\/wp-content\\\/uploads\\\/2023\\\/10\\\/7-2.jpg\",\"contentUrl\":\"https:\\\/\\\/industriemaroc.com\\\/wp-content\\\/uploads\\\/2023\\\/10\\\/7-2.jpg\",\"width\":700,\"height\":700},{\"@type\":\"BreadcrumbList\",\"@id\":\"https:\\\/\\\/industriemaroc.com\\\/produit\\\/magmaweld-rs-400\\\/#breadcrumb\",\"itemListElement\":[{\"@type\":\"ListItem\",\"position\":1,\"name\":\"Home\",\"item\":\"https:\\\/\\\/industriemaroc.com\\\/\"},{\"@type\":\"ListItem\",\"position\":2,\"name\":\"Shop\",\"item\":\"https:\\\/\\\/industriemaroc.com\\\/shop\\\/\"},{\"@type\":\"ListItem\",\"position\":3,\"name\":\"Poste de soudage Magmaweld Rs 400\"}]},{\"@type\":\"WebSite\",\"@id\":\"https:\\\/\\\/industriemaroc.com\\\/#website\",\"url\":\"https:\\\/\\\/industriemaroc.com\\\/\",\"name\":\"Industrie Maroc Online\",\"description\":\"Plateforme B2B de mat\u00e9riel professionnel au Maroc\",\"publisher\":{\"@id\":\"https:\\\/\\\/industriemaroc.com\\\/#organization\"},\"potentialAction\":[{\"@type\":\"SearchAction\",\"target\":{\"@type\":\"EntryPoint\",\"urlTemplate\":\"https:\\\/\\\/industriemaroc.com\\\/?s={search_term_string}\"},\"query-input\":{\"@type\":\"PropertyValueSpecification\",\"valueRequired\":true,\"valueName\":\"search_term_string\"}}],\"inLanguage\":\"en-US\"},{\"@type\":\"Organization\",\"@id\":\"https:\\\/\\\/industriemaroc.com\\\/#organization\",\"name\":\"industriemaroc.com\",\"url\":\"https:\\\/\\\/industriemaroc.com\\\/\",\"logo\":{\"@type\":\"ImageObject\",\"inLanguage\":\"en-US\",\"@id\":\"https:\\\/\\\/industriemaroc.com\\\/#\\\/schema\\\/logo\\\/image\\\/\",\"url\":\"https:\\\/\\\/industriemaroc.com\\\/wp-content\\\/uploads\\\/2024\\\/04\\\/IM.jpg\",\"contentUrl\":\"https:\\\/\\\/industriemaroc.com\\\/wp-content\\\/uploads\\\/2024\\\/04\\\/IM.jpg\",\"width\":2500,\"height\":2500,\"caption\":\"industriemaroc.com\"},\"image\":{\"@id\":\"https:\\\/\\\/industriemaroc.com\\\/#\\\/schema\\\/logo\\\/image\\\/\"}}]}<\/script>\n<!-- \/ Yoast SEO plugin. -->","yoast_head_json":{"title":"Poste de soudage Magmaweld Rs 400 - Industrie Maroc Online","description":"Excellentes caract\u00e9ristiques de soudage avec toutes sortes de Fil Massif et Fil Fourr\u00e9.  Alimentation 3 Phases 400 V-50\/60 Hz.","robots":{"index":"index","follow":"follow","max-snippet":"max-snippet:-1","max-image-preview":"max-image-preview:large","max-video-preview":"max-video-preview:-1"},"canonical":"https:\/\/industriemaroc.com\/en\/product\/magmaweld-rs-400\/","og_locale":"en_US","og_type":"article","og_title":"Poste de soudage Magmaweld Rs 400 - Industrie Maroc Online","og_description":"Excellentes caract\u00e9ristiques de soudage avec toutes sortes de Fil Massif et Fil Fourr\u00e9.  Alimentation 3 Phases 400 V-50\/60 Hz.","og_url":"https:\/\/industriemaroc.com\/en\/product\/magmaweld-rs-400\/","og_site_name":"Industrie Maroc Online","article_modified_time":"2024-09-13T21:06:06+00:00","og_image":[{"width":700,"height":700,"url":"https:\/\/industriemaroc.com\/wp-content\/uploads\/2023\/10\/7-2.jpg","type":"image\/jpeg"}],"twitter_card":"summary_large_image","twitter_misc":{"Est. reading time":"1 minute"},"schema":{"@context":"https:\/\/schema.org","@graph":[{"@type":"WebPage","@id":"https:\/\/industriemaroc.com\/produit\/magmaweld-rs-400\/","url":"https:\/\/industriemaroc.com\/produit\/magmaweld-rs-400\/","name":"Poste de soudage Magmaweld Rs 400 - Industrie Maroc Online","isPartOf":{"@id":"https:\/\/industriemaroc.com\/#website"},"primaryImageOfPage":{"@id":"https:\/\/industriemaroc.com\/produit\/magmaweld-rs-400\/#primaryimage"},"image":{"@id":"https:\/\/industriemaroc.com\/produit\/magmaweld-rs-400\/#primaryimage"},"thumbnailUrl":"https:\/\/industriemaroc.com\/wp-content\/uploads\/2023\/10\/7-2.jpg","datePublished":"2023-10-12T14:32:34+00:00","dateModified":"2024-09-13T21:06:06+00:00","description":"Excellentes caract\u00e9ristiques de soudage avec toutes sortes de Fil Massif et Fil Fourr\u00e9. Alimentation 3 Phases 400 V-50\/60 Hz.","breadcrumb":{"@id":"https:\/\/industriemaroc.com\/produit\/magmaweld-rs-400\/#breadcrumb"},"inLanguage":"en-US","potentialAction":[{"@type":"ReadAction","target":["https:\/\/industriemaroc.com\/produit\/magmaweld-rs-400\/"]}]},{"@type":"ImageObject","inLanguage":"en-US","@id":"https:\/\/industriemaroc.com\/produit\/magmaweld-rs-400\/#primaryimage","url":"https:\/\/industriemaroc.com\/wp-content\/uploads\/2023\/10\/7-2.jpg","contentUrl":"https:\/\/industriemaroc.com\/wp-content\/uploads\/2023\/10\/7-2.jpg","width":700,"height":700},{"@type":"BreadcrumbList","@id":"https:\/\/industriemaroc.com\/produit\/magmaweld-rs-400\/#breadcrumb","itemListElement":[{"@type":"ListItem","position":1,"name":"Home","item":"https:\/\/industriemaroc.com\/"},{"@type":"ListItem","position":2,"name":"Shop","item":"https:\/\/industriemaroc.com\/shop\/"},{"@type":"ListItem","position":3,"name":"Poste de soudage Magmaweld Rs 400"}]},{"@type":"WebSite","@id":"https:\/\/industriemaroc.com\/#website","url":"https:\/\/industriemaroc.com\/","name":"Industrie Maroc Online","description":"Plateforme B2B de mat\u00e9riel professionnel au Maroc","publisher":{"@id":"https:\/\/industriemaroc.com\/#organization"},"potentialAction":[{"@type":"SearchAction","target":{"@type":"EntryPoint","urlTemplate":"https:\/\/industriemaroc.com\/?s={search_term_string}"},"query-input":{"@type":"PropertyValueSpecification","valueRequired":true,"valueName":"search_term_string"}}],"inLanguage":"en-US"},{"@type":"Organization","@id":"https:\/\/industriemaroc.com\/#organization","name":"industriemaroc.com","url":"https:\/\/industriemaroc.com\/","logo":{"@type":"ImageObject","inLanguage":"en-US","@id":"https:\/\/industriemaroc.com\/#\/schema\/logo\/image\/","url":"https:\/\/industriemaroc.com\/wp-content\/uploads\/2024\/04\/IM.jpg","contentUrl":"https:\/\/industriemaroc.com\/wp-content\/uploads\/2024\/04\/IM.jpg","width":2500,"height":2500,"caption":"industriemaroc.com"},"image":{"@id":"https:\/\/industriemaroc.com\/#\/schema\/logo\/image\/"}}]}},"_links":{"self":[{"href":"https:\/\/industriemaroc.com\/en\/wp-json\/wp\/v2\/product\/18492","targetHints":{"allow":["GET"]}}],"collection":[{"href":"https:\/\/industriemaroc.com\/en\/wp-json\/wp\/v2\/product"}],"about":[{"href":"https:\/\/industriemaroc.com\/en\/wp-json\/wp\/v2\/types\/product"}],"replies":[{"embeddable":true,"href":"https:\/\/industriemaroc.com\/en\/wp-json\/wp\/v2\/comments?post=18492"}],"version-history":[{"count":3,"href":"https:\/\/industriemaroc.com\/en\/wp-json\/wp\/v2\/product\/18492\/revisions"}],"predecessor-version":[{"id":22997,"href":"https:\/\/industriemaroc.com\/en\/wp-json\/wp\/v2\/product\/18492\/revisions\/22997"}],"wp:featuredmedia":[{"embeddable":true,"href":"https:\/\/industriemaroc.com\/en\/wp-json\/wp\/v2\/media\/18479"}],"wp:attachment":[{"href":"https:\/\/industriemaroc.com\/en\/wp-json\/wp\/v2\/media?parent=18492"}],"wp:term":[{"taxonomy":"product_brand","embeddable":true,"href":"https:\/\/industriemaroc.com\/en\/wp-json\/wp\/v2\/product_brand?post=18492"},{"taxonomy":"product_cat","embeddable":true,"href":"https:\/\/industriemaroc.com\/en\/wp-json\/wp\/v2\/product_cat?post=18492"},{"taxonomy":"product_tag","embeddable":true,"href":"https:\/\/industriemaroc.com\/en\/wp-json\/wp\/v2\/product_tag?post=18492"}],"curies":[{"name":"wp","href":"https:\/\/api.w.org\/{rel}","templated":true}]}}