{"id":18494,"date":"2023-10-12T16:34:19","date_gmt":"2023-10-12T14:34:19","guid":{"rendered":"https:\/\/industriemaroc.com\/?post_type=product&#038;p=18494"},"modified":"2024-09-13T22:34:48","modified_gmt":"2024-09-13T20:34:48","slug":"cea-digitech-4000-vision-plus","status":"publish","type":"product","link":"https:\/\/industriemaroc.com\/en\/product\/cea-digitech-4000-vision-plus\/","title":{"rendered":"Cea Digitech 4000 Vision Plus"},"content":{"rendered":"<ul>\n<li>Les installations puls\u00e9es multi-proc\u00e9d\u00e9 de la s\u00e9rie DIGITECH VP2 (VISION PULSE 2) sont l\u2019\u00e9volution des installations DIGITECH VISION PULSE.<\/li>\n<li>Le microprocesseur de derni\u00e8re g\u00e9n\u00e9ration et le nouveau logiciel de contr\u00f4le de l\u2019arc vision ARC2 ont permis d\u2019augmenter sensiblement les performances de soudage de ces installations et d\u2019atteindre une qualit\u00e9 du soudage impensable jusqu\u2019ici.<\/li>\n<li>Les installations DIGITECH-VP2 sont caract\u00e9ris\u00e9es par un contr\u00f4le num\u00e9rique synergique, qui \u00e9tablit automatiquement les meilleurs param\u00e8tres de soudage, en fonction du type de mat\u00e9riau, du diam\u00e8tre du fil et du gaz utilis\u00e9s.<br \/>\nThe innovative digital control with color display allows DIGITECH-VP2 installations to satisfy the requirements of those who want to combine synergy with complete control of all parameters, in order to face welding in a more modern and efficient way.<\/li>\n<li>At the forefront of technology, robust and modern, they allow very high quality welds to be produced at high speed, in pulsed and double pulsed MIG, in MIG\/MAG and electrode and in TIG with \u201cLift\u201d type ignition. and they represent the best solution in all industrial fields, for all qualified welding uses requiring high precision and repeatability of results.<\/li>\n<\/ul>","protected":false},"excerpt":{"rendered":"<ul>\n<li>Les installations puls\u00e9es multi-proc\u00e9d\u00e9 de la s\u00e9rie DIGITECH VP2 (VISION PULSE 2) sont l\u2019\u00e9volution des installations DIGITECH VISION PULSE.<\/li>\n<\/ul>","protected":false},"featured_media":18480,"comment_status":"open","ping_status":"closed","template":"","meta":{"om_disable_all_campaigns":false,"_monsterinsights_skip_tracking":false,"_monsterinsights_sitenote_active":false,"_monsterinsights_sitenote_note":"","_monsterinsights_sitenote_category":0,"_uf_show_specific_survey":0,"_uf_disable_surveys":false,"_joinchat":[]},"product_brand":[],"product_cat":[672,1091,1088,1079],"product_tag":[],"class_list":{"0":"post-18494","1":"product","2":"type-product","3":"status-publish","4":"has-post-thumbnail","6":"product_cat-fournitures-industrielles","7":"product_cat-mig-mag","8":"product_cat-postes-a-souder","9":"product_cat-materiel-de-soudage","11":"first","12":"instock","13":"taxable","14":"shipping-taxable","15":"product-type-simple"},"yoast_head":"<!-- This site is optimized with the Yoast SEO plugin v27.4 - https:\/\/yoast.com\/product\/yoast-seo-wordpress\/ -->\n<title>Cea Digitech 4000 Vision Plus - Industrie Maroc Online<\/title>\n<meta name=\"description\" content=\"Les installations puls\u00e9es multi-proc\u00e9d\u00e9 de la s\u00e9rie DIGITECH VP2 (VISION PULSE 2) sont l\u2019\u00e9volution des installations DIGITECH VISION PULSE.\" \/>\n<meta name=\"robots\" content=\"index, follow, max-snippet:-1, max-image-preview:large, max-video-preview:-1\" \/>\n<link rel=\"canonical\" href=\"https:\/\/industriemaroc.com\/en\/product\/cea-digitech-4000-vision-plus\/\" \/>\n<meta property=\"og:locale\" content=\"en_US\" \/>\n<meta property=\"og:type\" content=\"article\" \/>\n<meta property=\"og:title\" content=\"Cea Digitech 4000 Vision Plus - Industrie Maroc Online\" \/>\n<meta property=\"og:description\" content=\"Les installations puls\u00e9es multi-proc\u00e9d\u00e9 de la s\u00e9rie DIGITECH VP2 (VISION PULSE 2) sont l\u2019\u00e9volution des installations DIGITECH VISION PULSE.\" \/>\n<meta property=\"og:url\" content=\"https:\/\/industriemaroc.com\/en\/product\/cea-digitech-4000-vision-plus\/\" \/>\n<meta property=\"og:site_name\" content=\"Industrie Maroc Online\" \/>\n<meta property=\"article:modified_time\" content=\"2024-09-13T20:34:48+00:00\" \/>\n<meta property=\"og:image\" content=\"https:\/\/industriemaroc.com\/wp-content\/uploads\/2023\/10\/8-2.jpg\" \/>\n\t<meta property=\"og:image:width\" content=\"700\" \/>\n\t<meta property=\"og:image:height\" content=\"700\" \/>\n\t<meta property=\"og:image:type\" content=\"image\/jpeg\" \/>\n<meta name=\"twitter:card\" content=\"summary_large_image\" \/>\n<meta name=\"twitter:label1\" content=\"Est. reading time\" \/>\n\t<meta name=\"twitter:data1\" content=\"1 minute\" \/>\n<script type=\"application\/ld+json\" class=\"yoast-schema-graph\">{\"@context\":\"https:\\\/\\\/schema.org\",\"@graph\":[{\"@type\":\"WebPage\",\"@id\":\"https:\\\/\\\/industriemaroc.com\\\/produit\\\/cea-digitech-4000-vision-plus\\\/\",\"url\":\"https:\\\/\\\/industriemaroc.com\\\/produit\\\/cea-digitech-4000-vision-plus\\\/\",\"name\":\"Cea Digitech 4000 Vision Plus - Industrie Maroc Online\",\"isPartOf\":{\"@id\":\"https:\\\/\\\/industriemaroc.com\\\/#website\"},\"primaryImageOfPage\":{\"@id\":\"https:\\\/\\\/industriemaroc.com\\\/produit\\\/cea-digitech-4000-vision-plus\\\/#primaryimage\"},\"image\":{\"@id\":\"https:\\\/\\\/industriemaroc.com\\\/produit\\\/cea-digitech-4000-vision-plus\\\/#primaryimage\"},\"thumbnailUrl\":\"https:\\\/\\\/industriemaroc.com\\\/wp-content\\\/uploads\\\/2023\\\/10\\\/8-2.jpg\",\"datePublished\":\"2023-10-12T14:34:19+00:00\",\"dateModified\":\"2024-09-13T20:34:48+00:00\",\"description\":\"Les installations puls\u00e9es multi-proc\u00e9d\u00e9 de la s\u00e9rie DIGITECH VP2 (VISION PULSE 2) sont l\u2019\u00e9volution des installations DIGITECH VISION PULSE.\",\"breadcrumb\":{\"@id\":\"https:\\\/\\\/industriemaroc.com\\\/produit\\\/cea-digitech-4000-vision-plus\\\/#breadcrumb\"},\"inLanguage\":\"en-US\",\"potentialAction\":[{\"@type\":\"ReadAction\",\"target\":[\"https:\\\/\\\/industriemaroc.com\\\/produit\\\/cea-digitech-4000-vision-plus\\\/\"]}]},{\"@type\":\"ImageObject\",\"inLanguage\":\"en-US\",\"@id\":\"https:\\\/\\\/industriemaroc.com\\\/produit\\\/cea-digitech-4000-vision-plus\\\/#primaryimage\",\"url\":\"https:\\\/\\\/industriemaroc.com\\\/wp-content\\\/uploads\\\/2023\\\/10\\\/8-2.jpg\",\"contentUrl\":\"https:\\\/\\\/industriemaroc.com\\\/wp-content\\\/uploads\\\/2023\\\/10\\\/8-2.jpg\",\"width\":700,\"height\":700},{\"@type\":\"BreadcrumbList\",\"@id\":\"https:\\\/\\\/industriemaroc.com\\\/produit\\\/cea-digitech-4000-vision-plus\\\/#breadcrumb\",\"itemListElement\":[{\"@type\":\"ListItem\",\"position\":1,\"name\":\"Home\",\"item\":\"https:\\\/\\\/industriemaroc.com\\\/\"},{\"@type\":\"ListItem\",\"position\":2,\"name\":\"Shop\",\"item\":\"https:\\\/\\\/industriemaroc.com\\\/shop\\\/\"},{\"@type\":\"ListItem\",\"position\":3,\"name\":\"Cea Digitech 4000 Vision Plus\"}]},{\"@type\":\"WebSite\",\"@id\":\"https:\\\/\\\/industriemaroc.com\\\/#website\",\"url\":\"https:\\\/\\\/industriemaroc.com\\\/\",\"name\":\"Industrie Maroc Online\",\"description\":\"Plateforme B2B de mat\u00e9riel professionnel au Maroc\",\"publisher\":{\"@id\":\"https:\\\/\\\/industriemaroc.com\\\/#organization\"},\"potentialAction\":[{\"@type\":\"SearchAction\",\"target\":{\"@type\":\"EntryPoint\",\"urlTemplate\":\"https:\\\/\\\/industriemaroc.com\\\/?s={search_term_string}\"},\"query-input\":{\"@type\":\"PropertyValueSpecification\",\"valueRequired\":true,\"valueName\":\"search_term_string\"}}],\"inLanguage\":\"en-US\"},{\"@type\":\"Organization\",\"@id\":\"https:\\\/\\\/industriemaroc.com\\\/#organization\",\"name\":\"industriemaroc.com\",\"url\":\"https:\\\/\\\/industriemaroc.com\\\/\",\"logo\":{\"@type\":\"ImageObject\",\"inLanguage\":\"en-US\",\"@id\":\"https:\\\/\\\/industriemaroc.com\\\/#\\\/schema\\\/logo\\\/image\\\/\",\"url\":\"https:\\\/\\\/industriemaroc.com\\\/wp-content\\\/uploads\\\/2024\\\/04\\\/IM.jpg\",\"contentUrl\":\"https:\\\/\\\/industriemaroc.com\\\/wp-content\\\/uploads\\\/2024\\\/04\\\/IM.jpg\",\"width\":2500,\"height\":2500,\"caption\":\"industriemaroc.com\"},\"image\":{\"@id\":\"https:\\\/\\\/industriemaroc.com\\\/#\\\/schema\\\/logo\\\/image\\\/\"}}]}<\/script>\n<!-- \/ Yoast SEO plugin. -->","yoast_head_json":{"title":"Cea Digitech 4000 Vision Plus - Industrie Maroc Online","description":"Les installations puls\u00e9es multi-proc\u00e9d\u00e9 de la s\u00e9rie DIGITECH VP2 (VISION PULSE 2) sont l\u2019\u00e9volution des installations DIGITECH VISION PULSE.","robots":{"index":"index","follow":"follow","max-snippet":"max-snippet:-1","max-image-preview":"max-image-preview:large","max-video-preview":"max-video-preview:-1"},"canonical":"https:\/\/industriemaroc.com\/en\/product\/cea-digitech-4000-vision-plus\/","og_locale":"en_US","og_type":"article","og_title":"Cea Digitech 4000 Vision Plus - Industrie Maroc Online","og_description":"Les installations puls\u00e9es multi-proc\u00e9d\u00e9 de la s\u00e9rie DIGITECH VP2 (VISION PULSE 2) sont l\u2019\u00e9volution des installations DIGITECH VISION PULSE.","og_url":"https:\/\/industriemaroc.com\/en\/product\/cea-digitech-4000-vision-plus\/","og_site_name":"Industrie Maroc Online","article_modified_time":"2024-09-13T20:34:48+00:00","og_image":[{"width":700,"height":700,"url":"https:\/\/industriemaroc.com\/wp-content\/uploads\/2023\/10\/8-2.jpg","type":"image\/jpeg"}],"twitter_card":"summary_large_image","twitter_misc":{"Est. reading time":"1 minute"},"schema":{"@context":"https:\/\/schema.org","@graph":[{"@type":"WebPage","@id":"https:\/\/industriemaroc.com\/produit\/cea-digitech-4000-vision-plus\/","url":"https:\/\/industriemaroc.com\/produit\/cea-digitech-4000-vision-plus\/","name":"Cea Digitech 4000 Vision Plus - Industrie Maroc Online","isPartOf":{"@id":"https:\/\/industriemaroc.com\/#website"},"primaryImageOfPage":{"@id":"https:\/\/industriemaroc.com\/produit\/cea-digitech-4000-vision-plus\/#primaryimage"},"image":{"@id":"https:\/\/industriemaroc.com\/produit\/cea-digitech-4000-vision-plus\/#primaryimage"},"thumbnailUrl":"https:\/\/industriemaroc.com\/wp-content\/uploads\/2023\/10\/8-2.jpg","datePublished":"2023-10-12T14:34:19+00:00","dateModified":"2024-09-13T20:34:48+00:00","description":"Les installations puls\u00e9es multi-proc\u00e9d\u00e9 de la s\u00e9rie DIGITECH VP2 (VISION PULSE 2) sont l\u2019\u00e9volution des installations DIGITECH VISION PULSE.","breadcrumb":{"@id":"https:\/\/industriemaroc.com\/produit\/cea-digitech-4000-vision-plus\/#breadcrumb"},"inLanguage":"en-US","potentialAction":[{"@type":"ReadAction","target":["https:\/\/industriemaroc.com\/produit\/cea-digitech-4000-vision-plus\/"]}]},{"@type":"ImageObject","inLanguage":"en-US","@id":"https:\/\/industriemaroc.com\/produit\/cea-digitech-4000-vision-plus\/#primaryimage","url":"https:\/\/industriemaroc.com\/wp-content\/uploads\/2023\/10\/8-2.jpg","contentUrl":"https:\/\/industriemaroc.com\/wp-content\/uploads\/2023\/10\/8-2.jpg","width":700,"height":700},{"@type":"BreadcrumbList","@id":"https:\/\/industriemaroc.com\/produit\/cea-digitech-4000-vision-plus\/#breadcrumb","itemListElement":[{"@type":"ListItem","position":1,"name":"Home","item":"https:\/\/industriemaroc.com\/"},{"@type":"ListItem","position":2,"name":"Shop","item":"https:\/\/industriemaroc.com\/shop\/"},{"@type":"ListItem","position":3,"name":"Cea Digitech 4000 Vision Plus"}]},{"@type":"WebSite","@id":"https:\/\/industriemaroc.com\/#website","url":"https:\/\/industriemaroc.com\/","name":"Industrie Maroc Online","description":"Plateforme B2B de mat\u00e9riel professionnel au Maroc","publisher":{"@id":"https:\/\/industriemaroc.com\/#organization"},"potentialAction":[{"@type":"SearchAction","target":{"@type":"EntryPoint","urlTemplate":"https:\/\/industriemaroc.com\/?s={search_term_string}"},"query-input":{"@type":"PropertyValueSpecification","valueRequired":true,"valueName":"search_term_string"}}],"inLanguage":"en-US"},{"@type":"Organization","@id":"https:\/\/industriemaroc.com\/#organization","name":"industriemaroc.com","url":"https:\/\/industriemaroc.com\/","logo":{"@type":"ImageObject","inLanguage":"en-US","@id":"https:\/\/industriemaroc.com\/#\/schema\/logo\/image\/","url":"https:\/\/industriemaroc.com\/wp-content\/uploads\/2024\/04\/IM.jpg","contentUrl":"https:\/\/industriemaroc.com\/wp-content\/uploads\/2024\/04\/IM.jpg","width":2500,"height":2500,"caption":"industriemaroc.com"},"image":{"@id":"https:\/\/industriemaroc.com\/#\/schema\/logo\/image\/"}}]}},"_links":{"self":[{"href":"https:\/\/industriemaroc.com\/en\/wp-json\/wp\/v2\/product\/18494","targetHints":{"allow":["GET"]}}],"collection":[{"href":"https:\/\/industriemaroc.com\/en\/wp-json\/wp\/v2\/product"}],"about":[{"href":"https:\/\/industriemaroc.com\/en\/wp-json\/wp\/v2\/types\/product"}],"replies":[{"embeddable":true,"href":"https:\/\/industriemaroc.com\/en\/wp-json\/wp\/v2\/comments?post=18494"}],"version-history":[{"count":3,"href":"https:\/\/industriemaroc.com\/en\/wp-json\/wp\/v2\/product\/18494\/revisions"}],"predecessor-version":[{"id":22982,"href":"https:\/\/industriemaroc.com\/en\/wp-json\/wp\/v2\/product\/18494\/revisions\/22982"}],"wp:featuredmedia":[{"embeddable":true,"href":"https:\/\/industriemaroc.com\/en\/wp-json\/wp\/v2\/media\/18480"}],"wp:attachment":[{"href":"https:\/\/industriemaroc.com\/en\/wp-json\/wp\/v2\/media?parent=18494"}],"wp:term":[{"taxonomy":"product_brand","embeddable":true,"href":"https:\/\/industriemaroc.com\/en\/wp-json\/wp\/v2\/product_brand?post=18494"},{"taxonomy":"product_cat","embeddable":true,"href":"https:\/\/industriemaroc.com\/en\/wp-json\/wp\/v2\/product_cat?post=18494"},{"taxonomy":"product_tag","embeddable":true,"href":"https:\/\/industriemaroc.com\/en\/wp-json\/wp\/v2\/product_tag?post=18494"}],"curies":[{"name":"wp","href":"https:\/\/api.w.org\/{rel}","templated":true}]}}