{"id":18503,"date":"2023-10-12T16:50:37","date_gmt":"2023-10-12T14:50:37","guid":{"rendered":"https:\/\/industriemaroc.com\/?post_type=product&#038;p=18503"},"modified":"2024-09-14T00:00:01","modified_gmt":"2024-09-13T22:00:01","slug":"convex-mobil-255-pulse","status":"publish","type":"product","link":"https:\/\/industriemaroc.com\/en\/product\/convex-mobil-255-pulse\/","title":{"rendered":"Convex Mobil 255 Pulse Cea"},"content":{"rendered":"<div>\n<ul>\n<li>GENERATEURS INVERTER MULTIPROCEDE SYNERGIQUES COMPACTS<\/li>\n<li>Puissants g\u00e9n\u00e9rateurs\u00a0triphas\u00e9s\u00a0avec l\u2019empattement d\u2019un d\u00e9vidoir de fil traditionnel\u00a0: c\u2019est la particularit\u00e9 des r\u00e9volutionnaires installations synergiques multi-proc\u00e9d\u00e9\u00a0CONVEX MOBILE 255 PULSE\u00a0pour le soudage en MIG\/MAG, \u00e9lectrode et TIG avec amor\u00e7age de type \u201cLift\u201d.<\/li>\n<li>Polyvalentes, faciles \u00e0 transporter, simples \u00e0 utiliser, les installations CONVEX MOBILE 255 PULSE exploitent une technologie de pointe et sont absolument irrempla\u00e7ables pour r\u00e9aliser des soudures de qualit\u00e9 \u00e9lev\u00e9e, sur les chantiers, pour les travaux d\u2019entretien, la carrosserie, et la charpenterie l\u00e9g\u00e8re.<\/li>\n<li>Gr\u00e2ce \u00e0 la possibilit\u00e9 de souder en MIG puls\u00e9 et double puls\u00e9, garantissent des soudures de qualit\u00e9 \u00e9lev\u00e9e sur tous les mat\u00e9riaux, en particulier l\u2019acier inox, l\u2019aluminium et l\u2019acier zingu\u00e9, en rendant pratiquement inutile l\u2019\u00e9limination successive des \u00e9claboussures dues au soudage.<\/li>\n<\/ul>\n<\/div>","protected":false},"excerpt":{"rendered":"<div>\n<ul>\n<li>GENERATEURS INVERTER MULTIPROCEDE SYNERGIQUES COMPACTS<\/li>\n<li>Puissants g\u00e9n\u00e9rateurs triphas\u00e9s avec l\u2019empattement d\u2019un d\u00e9vidoir de fil traditionnel<\/li>\n<\/ul>\n<\/div>","protected":false},"featured_media":18504,"comment_status":"open","ping_status":"closed","template":"","meta":{"om_disable_all_campaigns":false,"_monsterinsights_skip_tracking":false,"_monsterinsights_sitenote_active":false,"_monsterinsights_sitenote_note":"","_monsterinsights_sitenote_category":0,"_uf_show_specific_survey":0,"_uf_disable_surveys":false,"_joinchat":[]},"product_brand":[],"product_cat":[672,1093,1088,1079],"product_tag":[],"class_list":{"0":"post-18503","1":"product","2":"type-product","3":"status-publish","4":"has-post-thumbnail","6":"product_cat-fournitures-industrielles","7":"product_cat-multi-procedes","8":"product_cat-postes-a-souder","9":"product_cat-materiel-de-soudage","11":"first","12":"instock","13":"taxable","14":"shipping-taxable","15":"product-type-simple"},"yoast_head":"<!-- This site is optimized with the Yoast SEO plugin v27.4 - https:\/\/yoast.com\/product\/yoast-seo-wordpress\/ -->\n<title>Convex Mobil 255 Pulse Cea - Industrie Maroc Online<\/title>\n<meta name=\"description\" content=\"GENERATEURS INVERTER MULTIPROCEDE SYNERGIQUES COMPACTS  Puissants g\u00e9n\u00e9rateurs triphas\u00e9s avec l\u2019empattement d\u2019un d\u00e9vidoir de fil traditionnel\" \/>\n<meta name=\"robots\" content=\"index, follow, max-snippet:-1, max-image-preview:large, max-video-preview:-1\" \/>\n<link rel=\"canonical\" href=\"https:\/\/industriemaroc.com\/en\/product\/convex-mobil-255-pulse\/\" \/>\n<meta property=\"og:locale\" content=\"en_US\" \/>\n<meta property=\"og:type\" content=\"article\" \/>\n<meta property=\"og:title\" content=\"Convex Mobil 255 Pulse Cea - Industrie Maroc Online\" \/>\n<meta property=\"og:description\" content=\"GENERATEURS INVERTER MULTIPROCEDE SYNERGIQUES COMPACTS  Puissants g\u00e9n\u00e9rateurs triphas\u00e9s avec l\u2019empattement d\u2019un d\u00e9vidoir de fil traditionnel\" \/>\n<meta property=\"og:url\" content=\"https:\/\/industriemaroc.com\/en\/product\/convex-mobil-255-pulse\/\" \/>\n<meta property=\"og:site_name\" content=\"Industrie Maroc Online\" \/>\n<meta property=\"article:modified_time\" content=\"2024-09-13T22:00:01+00:00\" \/>\n<meta property=\"og:image\" content=\"https:\/\/industriemaroc.com\/wp-content\/uploads\/2023\/10\/4-5.jpg\" \/>\n\t<meta property=\"og:image:width\" content=\"700\" \/>\n\t<meta property=\"og:image:height\" content=\"700\" \/>\n\t<meta property=\"og:image:type\" content=\"image\/jpeg\" \/>\n<meta name=\"twitter:card\" content=\"summary_large_image\" \/>\n<meta name=\"twitter:label1\" content=\"Est. reading time\" \/>\n\t<meta name=\"twitter:data1\" content=\"1 minute\" \/>\n<script type=\"application\/ld+json\" class=\"yoast-schema-graph\">{\"@context\":\"https:\\\/\\\/schema.org\",\"@graph\":[{\"@type\":\"WebPage\",\"@id\":\"https:\\\/\\\/industriemaroc.com\\\/produit\\\/convex-mobil-255-pulse\\\/\",\"url\":\"https:\\\/\\\/industriemaroc.com\\\/produit\\\/convex-mobil-255-pulse\\\/\",\"name\":\"Convex Mobil 255 Pulse Cea - Industrie Maroc Online\",\"isPartOf\":{\"@id\":\"https:\\\/\\\/industriemaroc.com\\\/#website\"},\"primaryImageOfPage\":{\"@id\":\"https:\\\/\\\/industriemaroc.com\\\/produit\\\/convex-mobil-255-pulse\\\/#primaryimage\"},\"image\":{\"@id\":\"https:\\\/\\\/industriemaroc.com\\\/produit\\\/convex-mobil-255-pulse\\\/#primaryimage\"},\"thumbnailUrl\":\"https:\\\/\\\/industriemaroc.com\\\/wp-content\\\/uploads\\\/2023\\\/10\\\/4-5.jpg\",\"datePublished\":\"2023-10-12T14:50:37+00:00\",\"dateModified\":\"2024-09-13T22:00:01+00:00\",\"description\":\"GENERATEURS INVERTER MULTIPROCEDE SYNERGIQUES COMPACTS Puissants g\u00e9n\u00e9rateurs triphas\u00e9s avec l\u2019empattement d\u2019un d\u00e9vidoir de fil traditionnel\",\"breadcrumb\":{\"@id\":\"https:\\\/\\\/industriemaroc.com\\\/produit\\\/convex-mobil-255-pulse\\\/#breadcrumb\"},\"inLanguage\":\"en-US\",\"potentialAction\":[{\"@type\":\"ReadAction\",\"target\":[\"https:\\\/\\\/industriemaroc.com\\\/produit\\\/convex-mobil-255-pulse\\\/\"]}]},{\"@type\":\"ImageObject\",\"inLanguage\":\"en-US\",\"@id\":\"https:\\\/\\\/industriemaroc.com\\\/produit\\\/convex-mobil-255-pulse\\\/#primaryimage\",\"url\":\"https:\\\/\\\/industriemaroc.com\\\/wp-content\\\/uploads\\\/2023\\\/10\\\/4-5.jpg\",\"contentUrl\":\"https:\\\/\\\/industriemaroc.com\\\/wp-content\\\/uploads\\\/2023\\\/10\\\/4-5.jpg\",\"width\":700,\"height\":700},{\"@type\":\"BreadcrumbList\",\"@id\":\"https:\\\/\\\/industriemaroc.com\\\/produit\\\/convex-mobil-255-pulse\\\/#breadcrumb\",\"itemListElement\":[{\"@type\":\"ListItem\",\"position\":1,\"name\":\"Home\",\"item\":\"https:\\\/\\\/industriemaroc.com\\\/\"},{\"@type\":\"ListItem\",\"position\":2,\"name\":\"Shop\",\"item\":\"https:\\\/\\\/industriemaroc.com\\\/shop\\\/\"},{\"@type\":\"ListItem\",\"position\":3,\"name\":\"Convex Mobil 255 Pulse Cea\"}]},{\"@type\":\"WebSite\",\"@id\":\"https:\\\/\\\/industriemaroc.com\\\/#website\",\"url\":\"https:\\\/\\\/industriemaroc.com\\\/\",\"name\":\"Industrie Maroc Online\",\"description\":\"Plateforme B2B de mat\u00e9riel professionnel au Maroc\",\"publisher\":{\"@id\":\"https:\\\/\\\/industriemaroc.com\\\/#organization\"},\"potentialAction\":[{\"@type\":\"SearchAction\",\"target\":{\"@type\":\"EntryPoint\",\"urlTemplate\":\"https:\\\/\\\/industriemaroc.com\\\/?s={search_term_string}\"},\"query-input\":{\"@type\":\"PropertyValueSpecification\",\"valueRequired\":true,\"valueName\":\"search_term_string\"}}],\"inLanguage\":\"en-US\"},{\"@type\":\"Organization\",\"@id\":\"https:\\\/\\\/industriemaroc.com\\\/#organization\",\"name\":\"industriemaroc.com\",\"url\":\"https:\\\/\\\/industriemaroc.com\\\/\",\"logo\":{\"@type\":\"ImageObject\",\"inLanguage\":\"en-US\",\"@id\":\"https:\\\/\\\/industriemaroc.com\\\/#\\\/schema\\\/logo\\\/image\\\/\",\"url\":\"https:\\\/\\\/industriemaroc.com\\\/wp-content\\\/uploads\\\/2024\\\/04\\\/IM.jpg\",\"contentUrl\":\"https:\\\/\\\/industriemaroc.com\\\/wp-content\\\/uploads\\\/2024\\\/04\\\/IM.jpg\",\"width\":2500,\"height\":2500,\"caption\":\"industriemaroc.com\"},\"image\":{\"@id\":\"https:\\\/\\\/industriemaroc.com\\\/#\\\/schema\\\/logo\\\/image\\\/\"}}]}<\/script>\n<!-- \/ Yoast SEO plugin. -->","yoast_head_json":{"title":"Convex Mobil 255 Pulse Cea - Industrie Maroc Online","description":"GENERATEURS INVERTER MULTIPROCEDE SYNERGIQUES COMPACTS  Puissants g\u00e9n\u00e9rateurs triphas\u00e9s avec l\u2019empattement d\u2019un d\u00e9vidoir de fil traditionnel","robots":{"index":"index","follow":"follow","max-snippet":"max-snippet:-1","max-image-preview":"max-image-preview:large","max-video-preview":"max-video-preview:-1"},"canonical":"https:\/\/industriemaroc.com\/en\/product\/convex-mobil-255-pulse\/","og_locale":"en_US","og_type":"article","og_title":"Convex Mobil 255 Pulse Cea - Industrie Maroc Online","og_description":"GENERATEURS INVERTER MULTIPROCEDE SYNERGIQUES COMPACTS  Puissants g\u00e9n\u00e9rateurs triphas\u00e9s avec l\u2019empattement d\u2019un d\u00e9vidoir de fil traditionnel","og_url":"https:\/\/industriemaroc.com\/en\/product\/convex-mobil-255-pulse\/","og_site_name":"Industrie Maroc Online","article_modified_time":"2024-09-13T22:00:01+00:00","og_image":[{"width":700,"height":700,"url":"https:\/\/industriemaroc.com\/wp-content\/uploads\/2023\/10\/4-5.jpg","type":"image\/jpeg"}],"twitter_card":"summary_large_image","twitter_misc":{"Est. reading time":"1 minute"},"schema":{"@context":"https:\/\/schema.org","@graph":[{"@type":"WebPage","@id":"https:\/\/industriemaroc.com\/produit\/convex-mobil-255-pulse\/","url":"https:\/\/industriemaroc.com\/produit\/convex-mobil-255-pulse\/","name":"Convex Mobil 255 Pulse Cea - Industrie Maroc Online","isPartOf":{"@id":"https:\/\/industriemaroc.com\/#website"},"primaryImageOfPage":{"@id":"https:\/\/industriemaroc.com\/produit\/convex-mobil-255-pulse\/#primaryimage"},"image":{"@id":"https:\/\/industriemaroc.com\/produit\/convex-mobil-255-pulse\/#primaryimage"},"thumbnailUrl":"https:\/\/industriemaroc.com\/wp-content\/uploads\/2023\/10\/4-5.jpg","datePublished":"2023-10-12T14:50:37+00:00","dateModified":"2024-09-13T22:00:01+00:00","description":"GENERATEURS INVERTER MULTIPROCEDE SYNERGIQUES COMPACTS Puissants g\u00e9n\u00e9rateurs triphas\u00e9s avec l\u2019empattement d\u2019un d\u00e9vidoir de fil traditionnel","breadcrumb":{"@id":"https:\/\/industriemaroc.com\/produit\/convex-mobil-255-pulse\/#breadcrumb"},"inLanguage":"en-US","potentialAction":[{"@type":"ReadAction","target":["https:\/\/industriemaroc.com\/produit\/convex-mobil-255-pulse\/"]}]},{"@type":"ImageObject","inLanguage":"en-US","@id":"https:\/\/industriemaroc.com\/produit\/convex-mobil-255-pulse\/#primaryimage","url":"https:\/\/industriemaroc.com\/wp-content\/uploads\/2023\/10\/4-5.jpg","contentUrl":"https:\/\/industriemaroc.com\/wp-content\/uploads\/2023\/10\/4-5.jpg","width":700,"height":700},{"@type":"BreadcrumbList","@id":"https:\/\/industriemaroc.com\/produit\/convex-mobil-255-pulse\/#breadcrumb","itemListElement":[{"@type":"ListItem","position":1,"name":"Home","item":"https:\/\/industriemaroc.com\/"},{"@type":"ListItem","position":2,"name":"Shop","item":"https:\/\/industriemaroc.com\/shop\/"},{"@type":"ListItem","position":3,"name":"Convex Mobil 255 Pulse Cea"}]},{"@type":"WebSite","@id":"https:\/\/industriemaroc.com\/#website","url":"https:\/\/industriemaroc.com\/","name":"Industrie Maroc Online","description":"Plateforme B2B de mat\u00e9riel professionnel au Maroc","publisher":{"@id":"https:\/\/industriemaroc.com\/#organization"},"potentialAction":[{"@type":"SearchAction","target":{"@type":"EntryPoint","urlTemplate":"https:\/\/industriemaroc.com\/?s={search_term_string}"},"query-input":{"@type":"PropertyValueSpecification","valueRequired":true,"valueName":"search_term_string"}}],"inLanguage":"en-US"},{"@type":"Organization","@id":"https:\/\/industriemaroc.com\/#organization","name":"industriemaroc.com","url":"https:\/\/industriemaroc.com\/","logo":{"@type":"ImageObject","inLanguage":"en-US","@id":"https:\/\/industriemaroc.com\/#\/schema\/logo\/image\/","url":"https:\/\/industriemaroc.com\/wp-content\/uploads\/2024\/04\/IM.jpg","contentUrl":"https:\/\/industriemaroc.com\/wp-content\/uploads\/2024\/04\/IM.jpg","width":2500,"height":2500,"caption":"industriemaroc.com"},"image":{"@id":"https:\/\/industriemaroc.com\/#\/schema\/logo\/image\/"}}]}},"_links":{"self":[{"href":"https:\/\/industriemaroc.com\/en\/wp-json\/wp\/v2\/product\/18503","targetHints":{"allow":["GET"]}}],"collection":[{"href":"https:\/\/industriemaroc.com\/en\/wp-json\/wp\/v2\/product"}],"about":[{"href":"https:\/\/industriemaroc.com\/en\/wp-json\/wp\/v2\/types\/product"}],"replies":[{"embeddable":true,"href":"https:\/\/industriemaroc.com\/en\/wp-json\/wp\/v2\/comments?post=18503"}],"version-history":[{"count":3,"href":"https:\/\/industriemaroc.com\/en\/wp-json\/wp\/v2\/product\/18503\/revisions"}],"predecessor-version":[{"id":23053,"href":"https:\/\/industriemaroc.com\/en\/wp-json\/wp\/v2\/product\/18503\/revisions\/23053"}],"wp:featuredmedia":[{"embeddable":true,"href":"https:\/\/industriemaroc.com\/en\/wp-json\/wp\/v2\/media\/18504"}],"wp:attachment":[{"href":"https:\/\/industriemaroc.com\/en\/wp-json\/wp\/v2\/media?parent=18503"}],"wp:term":[{"taxonomy":"product_brand","embeddable":true,"href":"https:\/\/industriemaroc.com\/en\/wp-json\/wp\/v2\/product_brand?post=18503"},{"taxonomy":"product_cat","embeddable":true,"href":"https:\/\/industriemaroc.com\/en\/wp-json\/wp\/v2\/product_cat?post=18503"},{"taxonomy":"product_tag","embeddable":true,"href":"https:\/\/industriemaroc.com\/en\/wp-json\/wp\/v2\/product_tag?post=18503"}],"curies":[{"name":"wp","href":"https:\/\/api.w.org\/{rel}","templated":true}]}}