{"id":18506,"date":"2023-10-12T16:55:39","date_gmt":"2023-10-12T14:55:39","guid":{"rendered":"https:\/\/industriemaroc.com\/?post_type=product&#038;p=18506"},"modified":"2024-09-13T23:58:08","modified_gmt":"2024-09-13T21:58:08","slug":"esr-11-rutile-6013","status":"publish","type":"product","link":"https:\/\/industriemaroc.com\/en\/product\/esr-11-rutile-6013\/","title":{"rendered":"Electrode ESR 11 (Rutile &#8211; 6013) Magmaweld"},"content":{"rendered":"<ul>\n<li>AWS\/ASME SFA \u2013 5.1\u00a0\u00a0\u00a0\u00a0\u00a0\u00a0\u00a0\u00a0\u00a0\u00a0\u00a0\u00a0\u00a0\u00a0\u00a0\u00a0\u00a0 E6013<\/li>\n<li>EN ISO 2560 \u2013 A\u00a0\u00a0\u00a0\u00a0\u00a0\u00a0\u00a0\u00a0\u00a0\u00a0\u00a0\u00a0\u00a0\u00a0\u00a0\u00a0\u00a0\u00a0\u00a0\u00a0\u00a0\u00a0\u00a0\u00a0 E 38 0 RC 11<\/li>\n<li>TS EN ISO 2560 \u2013 A\u00a0\u00a0\u00a0\u00a0\u00a0\u00a0\u00a0\u00a0\u00a0\u00a0\u00a0\u00a0\u00a0\u00a0\u00a0\u00a0 \u00a0\u00a0E 38 0 RC 11<\/li>\n<li>DIAMETERS:<\/li>\n<li>DIAM 2.5*350 mm : ETUI DE 2.5 KG<\/li>\n<li>DIAM 3.25*350 mm : ETUI DE 5.00 KG\u00a0\u00a0\u00a0\u00a0 3 ETUIS PAR CARTON POUR TOUS LES DIAMETRES<\/li>\n<li>DIAM 4.00*350 mm : ETUI DE 5.00 KG<\/li>\n<li>DIAM 5.00*450 mm : ETUI DE 6.50 KG<\/li>\n<\/ul>\n<p>DESCRIPTION :<\/p>\n<p>\u00c9lectrode sp\u00e9cialement \u00e9tudi\u00e9e pour le soudage toutes positions y compris en verticale descendante.<\/p>\n<p>Arc stable avec une grande facilit\u00e9 d\u2019amor\u00e7age et de r\u00e9amor\u00e7age avec une excellente maniabilit\u00e9.<\/p>\n<p>Tr\u00e8s faibles projections, excellent mouillage avec un cordon l\u00e9g\u00e8rement concave, laitier auto-d\u00e9tachable.<\/p>\n<p>Pour le soudage de t\u00f4le pr\u00e9-peinte ou faiblement oxyd\u00e9e.<\/p>\n<p>Destin\u00e9e au soudage des \u00e9paisseurs inf\u00e9rieures \u00e0 5mm, pour la tuyauterie, r\u00e9servoir, installation de chaudi\u00e8res et la tuyauterie destin\u00e9e \u00e0 la galvanisation.<\/p>\n<p>Utilisable en courant AC ou DC.<\/p>","protected":false},"excerpt":{"rendered":"<ul>\n<li>DIAM 2.5*350 mm : ETUI DE 2.5 KG<\/li>\n<li>DIAM 3.25*350 mm : ETUI DE 5.00 KG<\/li>\n<li>DIAM 4.00*350 mm : ETUI DE 5.00 KG<\/li>\n<li>DIAM 5.00*450 mm : ETUI DE 6.50 KG<\/li>\n<\/ul>","protected":false},"featured_media":18507,"comment_status":"open","ping_status":"closed","template":"","meta":{"om_disable_all_campaigns":false,"_monsterinsights_skip_tracking":false,"_monsterinsights_sitenote_active":false,"_monsterinsights_sitenote_note":"","_monsterinsights_sitenote_category":0,"_uf_show_specific_survey":0,"_uf_disable_surveys":false,"_joinchat":[]},"product_brand":[],"product_cat":[672,1094,1080,1079],"product_tag":[],"class_list":{"0":"post-18506","1":"product","2":"type-product","3":"status-publish","4":"has-post-thumbnail","6":"product_cat-fournitures-industrielles","7":"product_cat-magmaweld","8":"product_cat-metaux-dapport-electrodes","9":"product_cat-materiel-de-soudage","11":"first","12":"instock","13":"taxable","14":"shipping-taxable","15":"product-type-simple"},"yoast_head":"<!-- This site is optimized with the Yoast SEO plugin v27.4 - https:\/\/yoast.com\/product\/yoast-seo-wordpress\/ -->\n<title>Electrode ESR 11 (Rutile - 6013) Magmaweld - Industrie Maroc Online<\/title>\n<meta name=\"description\" content=\"DIAM 2.5*350 mm : ETUI DE 2.5 KG  DIAM 3.25*350 mm : ETUI DE 5.00 KG  DIAM 4.00*350 mm : ETUI DE 5.00 KG  DIAM 5.00*450 mm : ETUI DE 6.50 KG\" \/>\n<meta name=\"robots\" content=\"index, follow, max-snippet:-1, max-image-preview:large, max-video-preview:-1\" \/>\n<link rel=\"canonical\" href=\"https:\/\/industriemaroc.com\/en\/product\/esr-11-rutile-6013\/\" \/>\n<meta property=\"og:locale\" content=\"en_US\" \/>\n<meta property=\"og:type\" content=\"article\" \/>\n<meta property=\"og:title\" content=\"Electrode ESR 11 (Rutile - 6013) Magmaweld - Industrie Maroc Online\" \/>\n<meta property=\"og:description\" content=\"DIAM 2.5*350 mm : ETUI DE 2.5 KG  DIAM 3.25*350 mm : ETUI DE 5.00 KG  DIAM 4.00*350 mm : ETUI DE 5.00 KG  DIAM 5.00*450 mm : ETUI DE 6.50 KG\" \/>\n<meta property=\"og:url\" content=\"https:\/\/industriemaroc.com\/en\/product\/esr-11-rutile-6013\/\" \/>\n<meta property=\"og:site_name\" content=\"Industrie Maroc Online\" \/>\n<meta property=\"article:modified_time\" content=\"2024-09-13T21:58:08+00:00\" \/>\n<meta property=\"og:image\" content=\"https:\/\/industriemaroc.com\/wp-content\/uploads\/2023\/10\/1-8.jpg\" \/>\n\t<meta property=\"og:image:width\" content=\"700\" \/>\n\t<meta property=\"og:image:height\" content=\"700\" \/>\n\t<meta property=\"og:image:type\" content=\"image\/jpeg\" \/>\n<meta name=\"twitter:card\" content=\"summary_large_image\" \/>\n<meta name=\"twitter:label1\" content=\"Est. reading time\" \/>\n\t<meta name=\"twitter:data1\" content=\"1 minute\" \/>\n<script type=\"application\/ld+json\" class=\"yoast-schema-graph\">{\"@context\":\"https:\\\/\\\/schema.org\",\"@graph\":[{\"@type\":\"WebPage\",\"@id\":\"https:\\\/\\\/industriemaroc.com\\\/produit\\\/esr-11-rutile-6013\\\/\",\"url\":\"https:\\\/\\\/industriemaroc.com\\\/produit\\\/esr-11-rutile-6013\\\/\",\"name\":\"Electrode ESR 11 (Rutile - 6013) Magmaweld - Industrie Maroc Online\",\"isPartOf\":{\"@id\":\"https:\\\/\\\/industriemaroc.com\\\/#website\"},\"primaryImageOfPage\":{\"@id\":\"https:\\\/\\\/industriemaroc.com\\\/produit\\\/esr-11-rutile-6013\\\/#primaryimage\"},\"image\":{\"@id\":\"https:\\\/\\\/industriemaroc.com\\\/produit\\\/esr-11-rutile-6013\\\/#primaryimage\"},\"thumbnailUrl\":\"https:\\\/\\\/industriemaroc.com\\\/wp-content\\\/uploads\\\/2023\\\/10\\\/1-8.jpg\",\"datePublished\":\"2023-10-12T14:55:39+00:00\",\"dateModified\":\"2024-09-13T21:58:08+00:00\",\"description\":\"DIAM 2.5*350 mm : ETUI DE 2.5 KG DIAM 3.25*350 mm : ETUI DE 5.00 KG DIAM 4.00*350 mm : ETUI DE 5.00 KG DIAM 5.00*450 mm : ETUI DE 6.50 KG\",\"breadcrumb\":{\"@id\":\"https:\\\/\\\/industriemaroc.com\\\/produit\\\/esr-11-rutile-6013\\\/#breadcrumb\"},\"inLanguage\":\"en-US\",\"potentialAction\":[{\"@type\":\"ReadAction\",\"target\":[\"https:\\\/\\\/industriemaroc.com\\\/produit\\\/esr-11-rutile-6013\\\/\"]}]},{\"@type\":\"ImageObject\",\"inLanguage\":\"en-US\",\"@id\":\"https:\\\/\\\/industriemaroc.com\\\/produit\\\/esr-11-rutile-6013\\\/#primaryimage\",\"url\":\"https:\\\/\\\/industriemaroc.com\\\/wp-content\\\/uploads\\\/2023\\\/10\\\/1-8.jpg\",\"contentUrl\":\"https:\\\/\\\/industriemaroc.com\\\/wp-content\\\/uploads\\\/2023\\\/10\\\/1-8.jpg\",\"width\":700,\"height\":700},{\"@type\":\"BreadcrumbList\",\"@id\":\"https:\\\/\\\/industriemaroc.com\\\/produit\\\/esr-11-rutile-6013\\\/#breadcrumb\",\"itemListElement\":[{\"@type\":\"ListItem\",\"position\":1,\"name\":\"Home\",\"item\":\"https:\\\/\\\/industriemaroc.com\\\/\"},{\"@type\":\"ListItem\",\"position\":2,\"name\":\"Shop\",\"item\":\"https:\\\/\\\/industriemaroc.com\\\/shop\\\/\"},{\"@type\":\"ListItem\",\"position\":3,\"name\":\"Electrode ESR 11 (Rutile &#8211; 6013) Magmaweld\"}]},{\"@type\":\"WebSite\",\"@id\":\"https:\\\/\\\/industriemaroc.com\\\/#website\",\"url\":\"https:\\\/\\\/industriemaroc.com\\\/\",\"name\":\"Industrie Maroc Online\",\"description\":\"Plateforme B2B de mat\u00e9riel professionnel au Maroc\",\"publisher\":{\"@id\":\"https:\\\/\\\/industriemaroc.com\\\/#organization\"},\"potentialAction\":[{\"@type\":\"SearchAction\",\"target\":{\"@type\":\"EntryPoint\",\"urlTemplate\":\"https:\\\/\\\/industriemaroc.com\\\/?s={search_term_string}\"},\"query-input\":{\"@type\":\"PropertyValueSpecification\",\"valueRequired\":true,\"valueName\":\"search_term_string\"}}],\"inLanguage\":\"en-US\"},{\"@type\":\"Organization\",\"@id\":\"https:\\\/\\\/industriemaroc.com\\\/#organization\",\"name\":\"industriemaroc.com\",\"url\":\"https:\\\/\\\/industriemaroc.com\\\/\",\"logo\":{\"@type\":\"ImageObject\",\"inLanguage\":\"en-US\",\"@id\":\"https:\\\/\\\/industriemaroc.com\\\/#\\\/schema\\\/logo\\\/image\\\/\",\"url\":\"https:\\\/\\\/industriemaroc.com\\\/wp-content\\\/uploads\\\/2024\\\/04\\\/IM.jpg\",\"contentUrl\":\"https:\\\/\\\/industriemaroc.com\\\/wp-content\\\/uploads\\\/2024\\\/04\\\/IM.jpg\",\"width\":2500,\"height\":2500,\"caption\":\"industriemaroc.com\"},\"image\":{\"@id\":\"https:\\\/\\\/industriemaroc.com\\\/#\\\/schema\\\/logo\\\/image\\\/\"}}]}<\/script>\n<!-- \/ Yoast SEO plugin. -->","yoast_head_json":{"title":"Electrode ESR 11 (Rutile - 6013) Magmaweld - Industrie Maroc Online","description":"DIAM 2.5*350 mm : ETUI DE 2.5 KG  DIAM 3.25*350 mm : ETUI DE 5.00 KG  DIAM 4.00*350 mm : ETUI DE 5.00 KG  DIAM 5.00*450 mm : ETUI DE 6.50 KG","robots":{"index":"index","follow":"follow","max-snippet":"max-snippet:-1","max-image-preview":"max-image-preview:large","max-video-preview":"max-video-preview:-1"},"canonical":"https:\/\/industriemaroc.com\/en\/product\/esr-11-rutile-6013\/","og_locale":"en_US","og_type":"article","og_title":"Electrode ESR 11 (Rutile - 6013) Magmaweld - Industrie Maroc Online","og_description":"DIAM 2.5*350 mm : ETUI DE 2.5 KG  DIAM 3.25*350 mm : ETUI DE 5.00 KG  DIAM 4.00*350 mm : ETUI DE 5.00 KG  DIAM 5.00*450 mm : ETUI DE 6.50 KG","og_url":"https:\/\/industriemaroc.com\/en\/product\/esr-11-rutile-6013\/","og_site_name":"Industrie Maroc Online","article_modified_time":"2024-09-13T21:58:08+00:00","og_image":[{"width":700,"height":700,"url":"https:\/\/industriemaroc.com\/wp-content\/uploads\/2023\/10\/1-8.jpg","type":"image\/jpeg"}],"twitter_card":"summary_large_image","twitter_misc":{"Est. reading time":"1 minute"},"schema":{"@context":"https:\/\/schema.org","@graph":[{"@type":"WebPage","@id":"https:\/\/industriemaroc.com\/produit\/esr-11-rutile-6013\/","url":"https:\/\/industriemaroc.com\/produit\/esr-11-rutile-6013\/","name":"Electrode ESR 11 (Rutile - 6013) Magmaweld - Industrie Maroc Online","isPartOf":{"@id":"https:\/\/industriemaroc.com\/#website"},"primaryImageOfPage":{"@id":"https:\/\/industriemaroc.com\/produit\/esr-11-rutile-6013\/#primaryimage"},"image":{"@id":"https:\/\/industriemaroc.com\/produit\/esr-11-rutile-6013\/#primaryimage"},"thumbnailUrl":"https:\/\/industriemaroc.com\/wp-content\/uploads\/2023\/10\/1-8.jpg","datePublished":"2023-10-12T14:55:39+00:00","dateModified":"2024-09-13T21:58:08+00:00","description":"DIAM 2.5*350 mm : ETUI DE 2.5 KG DIAM 3.25*350 mm : ETUI DE 5.00 KG DIAM 4.00*350 mm : ETUI DE 5.00 KG DIAM 5.00*450 mm : ETUI DE 6.50 KG","breadcrumb":{"@id":"https:\/\/industriemaroc.com\/produit\/esr-11-rutile-6013\/#breadcrumb"},"inLanguage":"en-US","potentialAction":[{"@type":"ReadAction","target":["https:\/\/industriemaroc.com\/produit\/esr-11-rutile-6013\/"]}]},{"@type":"ImageObject","inLanguage":"en-US","@id":"https:\/\/industriemaroc.com\/produit\/esr-11-rutile-6013\/#primaryimage","url":"https:\/\/industriemaroc.com\/wp-content\/uploads\/2023\/10\/1-8.jpg","contentUrl":"https:\/\/industriemaroc.com\/wp-content\/uploads\/2023\/10\/1-8.jpg","width":700,"height":700},{"@type":"BreadcrumbList","@id":"https:\/\/industriemaroc.com\/produit\/esr-11-rutile-6013\/#breadcrumb","itemListElement":[{"@type":"ListItem","position":1,"name":"Home","item":"https:\/\/industriemaroc.com\/"},{"@type":"ListItem","position":2,"name":"Shop","item":"https:\/\/industriemaroc.com\/shop\/"},{"@type":"ListItem","position":3,"name":"Electrode ESR 11 (Rutile &#8211; 6013) Magmaweld"}]},{"@type":"WebSite","@id":"https:\/\/industriemaroc.com\/#website","url":"https:\/\/industriemaroc.com\/","name":"Industrie Maroc Online","description":"Plateforme B2B de mat\u00e9riel professionnel au Maroc","publisher":{"@id":"https:\/\/industriemaroc.com\/#organization"},"potentialAction":[{"@type":"SearchAction","target":{"@type":"EntryPoint","urlTemplate":"https:\/\/industriemaroc.com\/?s={search_term_string}"},"query-input":{"@type":"PropertyValueSpecification","valueRequired":true,"valueName":"search_term_string"}}],"inLanguage":"en-US"},{"@type":"Organization","@id":"https:\/\/industriemaroc.com\/#organization","name":"industriemaroc.com","url":"https:\/\/industriemaroc.com\/","logo":{"@type":"ImageObject","inLanguage":"en-US","@id":"https:\/\/industriemaroc.com\/#\/schema\/logo\/image\/","url":"https:\/\/industriemaroc.com\/wp-content\/uploads\/2024\/04\/IM.jpg","contentUrl":"https:\/\/industriemaroc.com\/wp-content\/uploads\/2024\/04\/IM.jpg","width":2500,"height":2500,"caption":"industriemaroc.com"},"image":{"@id":"https:\/\/industriemaroc.com\/#\/schema\/logo\/image\/"}}]}},"_links":{"self":[{"href":"https:\/\/industriemaroc.com\/en\/wp-json\/wp\/v2\/product\/18506","targetHints":{"allow":["GET"]}}],"collection":[{"href":"https:\/\/industriemaroc.com\/en\/wp-json\/wp\/v2\/product"}],"about":[{"href":"https:\/\/industriemaroc.com\/en\/wp-json\/wp\/v2\/types\/product"}],"replies":[{"embeddable":true,"href":"https:\/\/industriemaroc.com\/en\/wp-json\/wp\/v2\/comments?post=18506"}],"version-history":[{"count":2,"href":"https:\/\/industriemaroc.com\/en\/wp-json\/wp\/v2\/product\/18506\/revisions"}],"predecessor-version":[{"id":23051,"href":"https:\/\/industriemaroc.com\/en\/wp-json\/wp\/v2\/product\/18506\/revisions\/23051"}],"wp:featuredmedia":[{"embeddable":true,"href":"https:\/\/industriemaroc.com\/en\/wp-json\/wp\/v2\/media\/18507"}],"wp:attachment":[{"href":"https:\/\/industriemaroc.com\/en\/wp-json\/wp\/v2\/media?parent=18506"}],"wp:term":[{"taxonomy":"product_brand","embeddable":true,"href":"https:\/\/industriemaroc.com\/en\/wp-json\/wp\/v2\/product_brand?post=18506"},{"taxonomy":"product_cat","embeddable":true,"href":"https:\/\/industriemaroc.com\/en\/wp-json\/wp\/v2\/product_cat?post=18506"},{"taxonomy":"product_tag","embeddable":true,"href":"https:\/\/industriemaroc.com\/en\/wp-json\/wp\/v2\/product_tag?post=18506"}],"curies":[{"name":"wp","href":"https:\/\/api.w.org\/{rel}","templated":true}]}}