{"id":18528,"date":"2023-10-12T17:25:57","date_gmt":"2023-10-12T15:25:57","guid":{"rendered":"https:\/\/industriemaroc.com\/?post_type=product&#038;p=18528"},"modified":"2024-09-13T23:56:32","modified_gmt":"2024-09-13T21:56:32","slug":"esb-52-basique-7018","status":"publish","type":"product","link":"https:\/\/industriemaroc.com\/en\/product\/esb-52-basique-7018\/","title":{"rendered":"Electrode ESB 52 (Basique &#8211; 7018) Magmaweld"},"content":{"rendered":"<ul>\n<li>AWS\/ASME SFA \u2013 5.1\u00a0\u00a0\u00a0\u00a0\u00a0\u00a0\u00a0\u00a0\u00a0\u00a0\u00a0\u00a0\u00a0\u00a0\u00a0 \u00a0\u00a0\u00a0\u00a0 E7018-1 H4R<\/li>\n<li>EN ISO 2560 \u2013 A\u00a0\u00a0\u00a0\u00a0\u00a0\u00a0\u00a0\u00a0\u00a0\u00a0\u00a0\u00a0\u00a0\u00a0\u00a0\u00a0\u00a0\u00a0\u00a0\u00a0\u00a0 \u00a0\u00a0\u00a0\u00a0\u00a0\u00a0\u00a0\u00a0 E 42 5 B 42 H5<\/li>\n<li>TS EN ISO 2560 \u2013 A\u00a0\u00a0\u00a0\u00a0\u00a0\u00a0\u00a0\u00a0\u00a0\u00a0\u00a0\u00a0\u00a0\u00a0\u00a0\u00a0\u00a0\u00a0\u00a0 \u00a0\u00a0\u00a0\u00a0 E 42 5 B 42 H5<\/li>\n<li>CSA W48-18\u00a0\u00a0\u00a0\u00a0\u00a0\u00a0\u00a0\u00a0\u00a0\u00a0\u00a0 \u00a0\u00a0\u00a0\u00a0\u00a0\u00a0\u00a0\u00a0\u00a0\u00a0\u00a0\u00a0\u00a0\u00a0\u00a0\u00a0\u00a0\u00a0\u00a0\u00a0\u00a0\u00a0\u00a0\u00a0\u00a0 E4918-1-H4<\/li>\n<li><span style=\"color: #333333; font-family: Source Sans Pro, sans-serif;\">DIAMETERS:<\/span><\/li>\n<li>DIAM 2.5*350 \u00a0mm: ETUI DE 5 KG<\/li>\n<li>DIAM 3.25*350 \u00a0mm: ETUI DE 5 KG<\/li>\n<li>DIAM 4.00*450 mm: ETUI DE 6.5 KG\u00a0\u00a0\u00a0 3 ETUIS PAR CARTON POUR TOUS LES DIAMETRES<\/li>\n<li>DIAM 5.00*450 \u00a0mm: ETUI DE 6.5 KG<\/li>\n<\/ul>\n<p>DESCRIPTION :<\/p>\n<p>\u00c9lectrode Basique d\u00e9posant un acier \u00e0 basse teneur en hydrog\u00e8ne \u00e0 haute t\u00e9nacit\u00e9 et une tr\u00e8s bonne r\u00e9sistance \u00e0 la fissuration m\u00eame sur les aciers avec une teneur en carbone jusqu\u2019\u00e0 0.60 %.<\/p>\n<p>Bonne r\u00e9sistance au vieillissement.<\/p>\n<p>Tr\u00e8s bon amor\u00e7age avec un arc stable et r\u00e9gulier, bon mouillage du cordon, utilisable pour les passes de racine comme en passes de remplissage, laitier auto d\u00e9tachable, qualit\u00e9 radio.<\/p>\n<p>Construction m\u00e9tallique, navale, industrie lourde, p\u00e9trochimie, chaudi\u00e8re, pont, appareils \u00e0 pression, tuyauterie. Peut-\u00eatre aussi utilis\u00e9e en sous-couche sur aciers \u00e0 haut carbone.<\/p>","protected":false},"excerpt":{"rendered":"<ul>\n<li>DIAM 2.5*350 \u00a0mm: ETUI DE 5 KG<\/li>\n<li>DIAM 3.25*350 \u00a0mm: ETUI DE 5 KG<\/li>\n<li>DIAM 4.00*450 mm: ETUI DE 6.5 KG<\/li>\n<li>DIAM 5.00*450 \u00a0mm: ETUI DE 6.5 KG<\/li>\n<\/ul>","protected":false},"featured_media":18508,"comment_status":"open","ping_status":"closed","template":"","meta":{"om_disable_all_campaigns":false,"_monsterinsights_skip_tracking":false,"_monsterinsights_sitenote_active":false,"_monsterinsights_sitenote_note":"","_monsterinsights_sitenote_category":0,"_uf_show_specific_survey":0,"_uf_disable_surveys":false,"_joinchat":[]},"product_brand":[],"product_cat":[672,1094,1080,1079],"product_tag":[],"class_list":{"0":"post-18528","1":"product","2":"type-product","3":"status-publish","4":"has-post-thumbnail","6":"product_cat-fournitures-industrielles","7":"product_cat-magmaweld","8":"product_cat-metaux-dapport-electrodes","9":"product_cat-materiel-de-soudage","11":"first","12":"instock","13":"taxable","14":"shipping-taxable","15":"product-type-simple"},"yoast_head":"<!-- This site is optimized with the Yoast SEO plugin v27.4 - https:\/\/yoast.com\/product\/yoast-seo-wordpress\/ -->\n<title>Electrode ESB 52 (Basique - 7018) Magmaweld - Industrie Maroc Online<\/title>\n<meta name=\"description\" content=\"DIAM 2.5*350 \u00a0mm: ETUI DE 5 KG  DIAM 3.25*350 \u00a0mm: ETUI DE 5 KG  DIAM 4.00*450 mm: ETUI DE 6.5 KG  DIAM 5.00*450 \u00a0mm: ETUI DE 6.5 KG\" \/>\n<meta name=\"robots\" content=\"index, follow, max-snippet:-1, max-image-preview:large, max-video-preview:-1\" \/>\n<link rel=\"canonical\" href=\"https:\/\/industriemaroc.com\/en\/product\/esb-52-basique-7018\/\" \/>\n<meta property=\"og:locale\" content=\"en_US\" \/>\n<meta property=\"og:type\" content=\"article\" \/>\n<meta property=\"og:title\" content=\"Electrode ESB 52 (Basique - 7018) Magmaweld - Industrie Maroc Online\" \/>\n<meta property=\"og:description\" content=\"DIAM 2.5*350 \u00a0mm: ETUI DE 5 KG  DIAM 3.25*350 \u00a0mm: ETUI DE 5 KG  DIAM 4.00*450 mm: ETUI DE 6.5 KG  DIAM 5.00*450 \u00a0mm: ETUI DE 6.5 KG\" \/>\n<meta property=\"og:url\" content=\"https:\/\/industriemaroc.com\/en\/product\/esb-52-basique-7018\/\" \/>\n<meta property=\"og:site_name\" content=\"Industrie Maroc Online\" \/>\n<meta property=\"article:modified_time\" content=\"2024-09-13T21:56:32+00:00\" \/>\n<meta property=\"og:image\" content=\"https:\/\/industriemaroc.com\/wp-content\/uploads\/2023\/10\/2-5.jpg\" \/>\n\t<meta property=\"og:image:width\" content=\"700\" \/>\n\t<meta property=\"og:image:height\" content=\"700\" \/>\n\t<meta property=\"og:image:type\" content=\"image\/jpeg\" \/>\n<meta name=\"twitter:card\" content=\"summary_large_image\" \/>\n<meta name=\"twitter:label1\" content=\"Est. reading time\" \/>\n\t<meta name=\"twitter:data1\" content=\"1 minute\" \/>\n<script type=\"application\/ld+json\" class=\"yoast-schema-graph\">{\"@context\":\"https:\\\/\\\/schema.org\",\"@graph\":[{\"@type\":\"WebPage\",\"@id\":\"https:\\\/\\\/industriemaroc.com\\\/produit\\\/esb-52-basique-7018\\\/\",\"url\":\"https:\\\/\\\/industriemaroc.com\\\/produit\\\/esb-52-basique-7018\\\/\",\"name\":\"Electrode ESB 52 (Basique - 7018) Magmaweld - Industrie Maroc Online\",\"isPartOf\":{\"@id\":\"https:\\\/\\\/industriemaroc.com\\\/#website\"},\"primaryImageOfPage\":{\"@id\":\"https:\\\/\\\/industriemaroc.com\\\/produit\\\/esb-52-basique-7018\\\/#primaryimage\"},\"image\":{\"@id\":\"https:\\\/\\\/industriemaroc.com\\\/produit\\\/esb-52-basique-7018\\\/#primaryimage\"},\"thumbnailUrl\":\"https:\\\/\\\/industriemaroc.com\\\/wp-content\\\/uploads\\\/2023\\\/10\\\/2-5.jpg\",\"datePublished\":\"2023-10-12T15:25:57+00:00\",\"dateModified\":\"2024-09-13T21:56:32+00:00\",\"description\":\"DIAM 2.5*350 \u00a0mm: ETUI DE 5 KG DIAM 3.25*350 \u00a0mm: ETUI DE 5 KG DIAM 4.00*450 mm: ETUI DE 6.5 KG DIAM 5.00*450 \u00a0mm: ETUI DE 6.5 KG\",\"breadcrumb\":{\"@id\":\"https:\\\/\\\/industriemaroc.com\\\/produit\\\/esb-52-basique-7018\\\/#breadcrumb\"},\"inLanguage\":\"en-US\",\"potentialAction\":[{\"@type\":\"ReadAction\",\"target\":[\"https:\\\/\\\/industriemaroc.com\\\/produit\\\/esb-52-basique-7018\\\/\"]}]},{\"@type\":\"ImageObject\",\"inLanguage\":\"en-US\",\"@id\":\"https:\\\/\\\/industriemaroc.com\\\/produit\\\/esb-52-basique-7018\\\/#primaryimage\",\"url\":\"https:\\\/\\\/industriemaroc.com\\\/wp-content\\\/uploads\\\/2023\\\/10\\\/2-5.jpg\",\"contentUrl\":\"https:\\\/\\\/industriemaroc.com\\\/wp-content\\\/uploads\\\/2023\\\/10\\\/2-5.jpg\",\"width\":700,\"height\":700},{\"@type\":\"BreadcrumbList\",\"@id\":\"https:\\\/\\\/industriemaroc.com\\\/produit\\\/esb-52-basique-7018\\\/#breadcrumb\",\"itemListElement\":[{\"@type\":\"ListItem\",\"position\":1,\"name\":\"Home\",\"item\":\"https:\\\/\\\/industriemaroc.com\\\/\"},{\"@type\":\"ListItem\",\"position\":2,\"name\":\"Shop\",\"item\":\"https:\\\/\\\/industriemaroc.com\\\/shop\\\/\"},{\"@type\":\"ListItem\",\"position\":3,\"name\":\"Electrode ESB 52 (Basique &#8211; 7018) Magmaweld\"}]},{\"@type\":\"WebSite\",\"@id\":\"https:\\\/\\\/industriemaroc.com\\\/#website\",\"url\":\"https:\\\/\\\/industriemaroc.com\\\/\",\"name\":\"Industrie Maroc Online\",\"description\":\"Plateforme B2B de mat\u00e9riel professionnel au Maroc\",\"publisher\":{\"@id\":\"https:\\\/\\\/industriemaroc.com\\\/#organization\"},\"potentialAction\":[{\"@type\":\"SearchAction\",\"target\":{\"@type\":\"EntryPoint\",\"urlTemplate\":\"https:\\\/\\\/industriemaroc.com\\\/?s={search_term_string}\"},\"query-input\":{\"@type\":\"PropertyValueSpecification\",\"valueRequired\":true,\"valueName\":\"search_term_string\"}}],\"inLanguage\":\"en-US\"},{\"@type\":\"Organization\",\"@id\":\"https:\\\/\\\/industriemaroc.com\\\/#organization\",\"name\":\"industriemaroc.com\",\"url\":\"https:\\\/\\\/industriemaroc.com\\\/\",\"logo\":{\"@type\":\"ImageObject\",\"inLanguage\":\"en-US\",\"@id\":\"https:\\\/\\\/industriemaroc.com\\\/#\\\/schema\\\/logo\\\/image\\\/\",\"url\":\"https:\\\/\\\/industriemaroc.com\\\/wp-content\\\/uploads\\\/2024\\\/04\\\/IM.jpg\",\"contentUrl\":\"https:\\\/\\\/industriemaroc.com\\\/wp-content\\\/uploads\\\/2024\\\/04\\\/IM.jpg\",\"width\":2500,\"height\":2500,\"caption\":\"industriemaroc.com\"},\"image\":{\"@id\":\"https:\\\/\\\/industriemaroc.com\\\/#\\\/schema\\\/logo\\\/image\\\/\"}}]}<\/script>\n<!-- \/ Yoast SEO plugin. -->","yoast_head_json":{"title":"Electrode ESB 52 (Basique - 7018) Magmaweld - Industrie Maroc Online","description":"DIAM 2.5*350 \u00a0mm: ETUI DE 5 KG  DIAM 3.25*350 \u00a0mm: ETUI DE 5 KG  DIAM 4.00*450 mm: ETUI DE 6.5 KG  DIAM 5.00*450 \u00a0mm: ETUI DE 6.5 KG","robots":{"index":"index","follow":"follow","max-snippet":"max-snippet:-1","max-image-preview":"max-image-preview:large","max-video-preview":"max-video-preview:-1"},"canonical":"https:\/\/industriemaroc.com\/en\/product\/esb-52-basique-7018\/","og_locale":"en_US","og_type":"article","og_title":"Electrode ESB 52 (Basique - 7018) Magmaweld - Industrie Maroc Online","og_description":"DIAM 2.5*350 \u00a0mm: ETUI DE 5 KG  DIAM 3.25*350 \u00a0mm: ETUI DE 5 KG  DIAM 4.00*450 mm: ETUI DE 6.5 KG  DIAM 5.00*450 \u00a0mm: ETUI DE 6.5 KG","og_url":"https:\/\/industriemaroc.com\/en\/product\/esb-52-basique-7018\/","og_site_name":"Industrie Maroc Online","article_modified_time":"2024-09-13T21:56:32+00:00","og_image":[{"width":700,"height":700,"url":"https:\/\/industriemaroc.com\/wp-content\/uploads\/2023\/10\/2-5.jpg","type":"image\/jpeg"}],"twitter_card":"summary_large_image","twitter_misc":{"Est. reading time":"1 minute"},"schema":{"@context":"https:\/\/schema.org","@graph":[{"@type":"WebPage","@id":"https:\/\/industriemaroc.com\/produit\/esb-52-basique-7018\/","url":"https:\/\/industriemaroc.com\/produit\/esb-52-basique-7018\/","name":"Electrode ESB 52 (Basique - 7018) Magmaweld - Industrie Maroc Online","isPartOf":{"@id":"https:\/\/industriemaroc.com\/#website"},"primaryImageOfPage":{"@id":"https:\/\/industriemaroc.com\/produit\/esb-52-basique-7018\/#primaryimage"},"image":{"@id":"https:\/\/industriemaroc.com\/produit\/esb-52-basique-7018\/#primaryimage"},"thumbnailUrl":"https:\/\/industriemaroc.com\/wp-content\/uploads\/2023\/10\/2-5.jpg","datePublished":"2023-10-12T15:25:57+00:00","dateModified":"2024-09-13T21:56:32+00:00","description":"DIAM 2.5*350 \u00a0mm: ETUI DE 5 KG DIAM 3.25*350 \u00a0mm: ETUI DE 5 KG DIAM 4.00*450 mm: ETUI DE 6.5 KG DIAM 5.00*450 \u00a0mm: ETUI DE 6.5 KG","breadcrumb":{"@id":"https:\/\/industriemaroc.com\/produit\/esb-52-basique-7018\/#breadcrumb"},"inLanguage":"en-US","potentialAction":[{"@type":"ReadAction","target":["https:\/\/industriemaroc.com\/produit\/esb-52-basique-7018\/"]}]},{"@type":"ImageObject","inLanguage":"en-US","@id":"https:\/\/industriemaroc.com\/produit\/esb-52-basique-7018\/#primaryimage","url":"https:\/\/industriemaroc.com\/wp-content\/uploads\/2023\/10\/2-5.jpg","contentUrl":"https:\/\/industriemaroc.com\/wp-content\/uploads\/2023\/10\/2-5.jpg","width":700,"height":700},{"@type":"BreadcrumbList","@id":"https:\/\/industriemaroc.com\/produit\/esb-52-basique-7018\/#breadcrumb","itemListElement":[{"@type":"ListItem","position":1,"name":"Home","item":"https:\/\/industriemaroc.com\/"},{"@type":"ListItem","position":2,"name":"Shop","item":"https:\/\/industriemaroc.com\/shop\/"},{"@type":"ListItem","position":3,"name":"Electrode ESB 52 (Basique &#8211; 7018) Magmaweld"}]},{"@type":"WebSite","@id":"https:\/\/industriemaroc.com\/#website","url":"https:\/\/industriemaroc.com\/","name":"Industrie Maroc Online","description":"Plateforme B2B de mat\u00e9riel professionnel au Maroc","publisher":{"@id":"https:\/\/industriemaroc.com\/#organization"},"potentialAction":[{"@type":"SearchAction","target":{"@type":"EntryPoint","urlTemplate":"https:\/\/industriemaroc.com\/?s={search_term_string}"},"query-input":{"@type":"PropertyValueSpecification","valueRequired":true,"valueName":"search_term_string"}}],"inLanguage":"en-US"},{"@type":"Organization","@id":"https:\/\/industriemaroc.com\/#organization","name":"industriemaroc.com","url":"https:\/\/industriemaroc.com\/","logo":{"@type":"ImageObject","inLanguage":"en-US","@id":"https:\/\/industriemaroc.com\/#\/schema\/logo\/image\/","url":"https:\/\/industriemaroc.com\/wp-content\/uploads\/2024\/04\/IM.jpg","contentUrl":"https:\/\/industriemaroc.com\/wp-content\/uploads\/2024\/04\/IM.jpg","width":2500,"height":2500,"caption":"industriemaroc.com"},"image":{"@id":"https:\/\/industriemaroc.com\/#\/schema\/logo\/image\/"}}]}},"_links":{"self":[{"href":"https:\/\/industriemaroc.com\/en\/wp-json\/wp\/v2\/product\/18528","targetHints":{"allow":["GET"]}}],"collection":[{"href":"https:\/\/industriemaroc.com\/en\/wp-json\/wp\/v2\/product"}],"about":[{"href":"https:\/\/industriemaroc.com\/en\/wp-json\/wp\/v2\/types\/product"}],"replies":[{"embeddable":true,"href":"https:\/\/industriemaroc.com\/en\/wp-json\/wp\/v2\/comments?post=18528"}],"version-history":[{"count":3,"href":"https:\/\/industriemaroc.com\/en\/wp-json\/wp\/v2\/product\/18528\/revisions"}],"predecessor-version":[{"id":23049,"href":"https:\/\/industriemaroc.com\/en\/wp-json\/wp\/v2\/product\/18528\/revisions\/23049"}],"wp:featuredmedia":[{"embeddable":true,"href":"https:\/\/industriemaroc.com\/en\/wp-json\/wp\/v2\/media\/18508"}],"wp:attachment":[{"href":"https:\/\/industriemaroc.com\/en\/wp-json\/wp\/v2\/media?parent=18528"}],"wp:term":[{"taxonomy":"product_brand","embeddable":true,"href":"https:\/\/industriemaroc.com\/en\/wp-json\/wp\/v2\/product_brand?post=18528"},{"taxonomy":"product_cat","embeddable":true,"href":"https:\/\/industriemaroc.com\/en\/wp-json\/wp\/v2\/product_cat?post=18528"},{"taxonomy":"product_tag","embeddable":true,"href":"https:\/\/industriemaroc.com\/en\/wp-json\/wp\/v2\/product_tag?post=18528"}],"curies":[{"name":"wp","href":"https:\/\/api.w.org\/{rel}","templated":true}]}}