{"id":18530,"date":"2023-10-12T17:28:10","date_gmt":"2023-10-12T15:28:10","guid":{"rendered":"https:\/\/industriemaroc.com\/?post_type=product&#038;p=18530"},"modified":"2024-09-14T22:07:06","modified_gmt":"2024-09-14T20:07:06","slug":"em-150-w-basique-8018","status":"publish","type":"product","link":"https:\/\/industriemaroc.com\/en\/product\/em-150-w-basique-8018\/","title":{"rendered":"Electrode EM 150 W Basique 8018 Magmaweld"},"content":{"rendered":"<ul>\n<li>AWS\/ASME SFA \u2013 5.5\u00a0\u00a0\u00a0\u00a0\u00a0\u00a0\u00a0\u00a0\u00a0\u00a0\u00a0\u00a0\u00a0\u00a0\u00a0\u00a0\u00a0\u00a0\u00a0\u00a0 E8018-W2<\/li>\n<li>EN ISO 2560 \u2013 A\u00a0\u00a0\u00a0\u00a0\u00a0\u00a0\u00a0\u00a0\u00a0\u00a0\u00a0\u00a0\u00a0\u00a0\u00a0\u00a0\u00a0\u00a0\u00a0\u00a0\u00a0\u00a0\u00a0\u00a0\u00a0\u00a0\u00a0\u00a0\u00a0<wbr \/>\u00a0 E 50 6 Z 1Ni B 42<\/li>\n<li>TS EN ISO 2560 \u2013 A\u00a0\u00a0\u00a0\u00a0\u00a0\u00a0\u00a0\u00a0\u00a0\u00a0\u00a0\u00a0\u00a0\u00a0\u00a0\u00a0\u00a0\u00a0\u00a0\u00a0\u00a0\u00a0\u00a0\u00a0 E 50 6 Z 1Ni B 42<\/li>\n<li>DIAMETERS:<\/li>\n<li>DIAM 2.5*350 \u00a0mm: ETUI DE 5 KG<\/li>\n<li>DIAM 3.25*350 \u00a0mm : ETUI DE 5 KG\u00a0 \u00a0\u00a0\u00a0\u00a0\u00a0\u00a0\u00a03 ETUIS PAR CARTON POUR TOUS LES DIAMETRES<\/li>\n<li>DIAM 4.00*350 \u00a0mm : ETUI DE 5KG<\/li>\n<\/ul>\n<p>DESCRIPTION :<\/p>\n<p>\u00c9lectrode basique \u00e0 enrobage semi \u00e9pais d\u00e9posant un acier \u00e0 hautes caract\u00e9ristiques m\u00e9caniques pour le soudage des aciers \u00e0 haute r\u00e9sistance et en particulier les aciers contenant du cuivre pour la r\u00e9sistance \u00e0 la corrosion atmosph\u00e9rique comme le COR-TEN.<\/p>\n<p>Haute r\u00e9sistance \u00e0 la fissuration \u00e0 froid pour des assemblages soumis \u00e0 de fortes contraintes m\u00e9caniques en dynamique et \u00e0 haute et basse temp\u00e9rature.<\/p>\n<p>Utilis\u00e9e en construction pour les passes de racine de tous types de construction en acier, pont, stade, plateformes offshore.<\/p>\n<p>Qualit\u00e9 radio.<\/p>","protected":false},"excerpt":{"rendered":"<ul>\n<li>DIAM 2.5*350 \u00a0mm: ETUI DE 5 KG<\/li>\n<li>DIAM 3.25*350 \u00a0mm : ETUI DE 5 KG<\/li>\n<li>DIAM 4.00*350 \u00a0mm : ETUI DE 5KG<\/li>\n<li>3 ETUIS PAR CARTON POUR TOUS LES DIAMETRES<\/li>\n<\/ul>","protected":false},"featured_media":18509,"comment_status":"open","ping_status":"closed","template":"","meta":{"om_disable_all_campaigns":false,"_monsterinsights_skip_tracking":false,"_monsterinsights_sitenote_active":false,"_monsterinsights_sitenote_note":"","_monsterinsights_sitenote_category":0,"_uf_show_specific_survey":0,"_uf_disable_surveys":false,"_joinchat":[]},"product_brand":[],"product_cat":[672,1094,1080,1079],"product_tag":[],"class_list":{"0":"post-18530","1":"product","2":"type-product","3":"status-publish","4":"has-post-thumbnail","6":"product_cat-fournitures-industrielles","7":"product_cat-magmaweld","8":"product_cat-metaux-dapport-electrodes","9":"product_cat-materiel-de-soudage","11":"first","12":"instock","13":"taxable","14":"shipping-taxable","15":"product-type-simple"},"yoast_head":"<!-- This site is optimized with the Yoast SEO plugin v27.4 - https:\/\/yoast.com\/product\/yoast-seo-wordpress\/ -->\n<title>Electrode EM 150 W Basique 8018 Magmaweld - Industrie Maroc Online<\/title>\n<meta name=\"description\" content=\"DIAM 2.5*350 \u00a0mm: ETUI DE 5 KG  DIAM 3.25*350 \u00a0mm : ETUI DE 5 KG  DIAM 4.00*350 \u00a0mm : ETUI DE 5KG  3 ETUIS PAR CARTON POUR TOUS LES DIAMETRES\" \/>\n<meta name=\"robots\" content=\"index, follow, max-snippet:-1, max-image-preview:large, max-video-preview:-1\" \/>\n<link rel=\"canonical\" href=\"https:\/\/industriemaroc.com\/en\/product\/em-150-w-basique-8018\/\" \/>\n<meta property=\"og:locale\" content=\"en_US\" \/>\n<meta property=\"og:type\" content=\"article\" \/>\n<meta property=\"og:title\" content=\"Electrode EM 150 W Basique 8018 Magmaweld - Industrie Maroc Online\" \/>\n<meta property=\"og:description\" content=\"DIAM 2.5*350 \u00a0mm: ETUI DE 5 KG  DIAM 3.25*350 \u00a0mm : ETUI DE 5 KG  DIAM 4.00*350 \u00a0mm : ETUI DE 5KG  3 ETUIS PAR CARTON POUR TOUS LES DIAMETRES\" \/>\n<meta property=\"og:url\" content=\"https:\/\/industriemaroc.com\/en\/product\/em-150-w-basique-8018\/\" \/>\n<meta property=\"og:site_name\" content=\"Industrie Maroc Online\" \/>\n<meta property=\"article:modified_time\" content=\"2024-09-14T20:07:06+00:00\" \/>\n<meta property=\"og:image\" content=\"https:\/\/industriemaroc.com\/wp-content\/uploads\/2023\/10\/3-6.jpg\" \/>\n\t<meta property=\"og:image:width\" content=\"700\" \/>\n\t<meta property=\"og:image:height\" content=\"700\" \/>\n\t<meta property=\"og:image:type\" content=\"image\/jpeg\" \/>\n<meta name=\"twitter:card\" content=\"summary_large_image\" \/>\n<meta name=\"twitter:label1\" content=\"Est. reading time\" \/>\n\t<meta name=\"twitter:data1\" content=\"1 minute\" \/>\n<script type=\"application\/ld+json\" class=\"yoast-schema-graph\">{\"@context\":\"https:\\\/\\\/schema.org\",\"@graph\":[{\"@type\":\"WebPage\",\"@id\":\"https:\\\/\\\/industriemaroc.com\\\/produit\\\/em-150-w-basique-8018\\\/\",\"url\":\"https:\\\/\\\/industriemaroc.com\\\/produit\\\/em-150-w-basique-8018\\\/\",\"name\":\"Electrode EM 150 W Basique 8018 Magmaweld - Industrie Maroc Online\",\"isPartOf\":{\"@id\":\"https:\\\/\\\/industriemaroc.com\\\/#website\"},\"primaryImageOfPage\":{\"@id\":\"https:\\\/\\\/industriemaroc.com\\\/produit\\\/em-150-w-basique-8018\\\/#primaryimage\"},\"image\":{\"@id\":\"https:\\\/\\\/industriemaroc.com\\\/produit\\\/em-150-w-basique-8018\\\/#primaryimage\"},\"thumbnailUrl\":\"https:\\\/\\\/industriemaroc.com\\\/wp-content\\\/uploads\\\/2023\\\/10\\\/3-6.jpg\",\"datePublished\":\"2023-10-12T15:28:10+00:00\",\"dateModified\":\"2024-09-14T20:07:06+00:00\",\"description\":\"DIAM 2.5*350 \u00a0mm: ETUI DE 5 KG DIAM 3.25*350 \u00a0mm : ETUI DE 5 KG DIAM 4.00*350 \u00a0mm : ETUI DE 5KG 3 ETUIS PAR CARTON POUR TOUS LES DIAMETRES\",\"breadcrumb\":{\"@id\":\"https:\\\/\\\/industriemaroc.com\\\/produit\\\/em-150-w-basique-8018\\\/#breadcrumb\"},\"inLanguage\":\"en-US\",\"potentialAction\":[{\"@type\":\"ReadAction\",\"target\":[\"https:\\\/\\\/industriemaroc.com\\\/produit\\\/em-150-w-basique-8018\\\/\"]}]},{\"@type\":\"ImageObject\",\"inLanguage\":\"en-US\",\"@id\":\"https:\\\/\\\/industriemaroc.com\\\/produit\\\/em-150-w-basique-8018\\\/#primaryimage\",\"url\":\"https:\\\/\\\/industriemaroc.com\\\/wp-content\\\/uploads\\\/2023\\\/10\\\/3-6.jpg\",\"contentUrl\":\"https:\\\/\\\/industriemaroc.com\\\/wp-content\\\/uploads\\\/2023\\\/10\\\/3-6.jpg\",\"width\":700,\"height\":700},{\"@type\":\"BreadcrumbList\",\"@id\":\"https:\\\/\\\/industriemaroc.com\\\/produit\\\/em-150-w-basique-8018\\\/#breadcrumb\",\"itemListElement\":[{\"@type\":\"ListItem\",\"position\":1,\"name\":\"Home\",\"item\":\"https:\\\/\\\/industriemaroc.com\\\/\"},{\"@type\":\"ListItem\",\"position\":2,\"name\":\"Shop\",\"item\":\"https:\\\/\\\/industriemaroc.com\\\/shop\\\/\"},{\"@type\":\"ListItem\",\"position\":3,\"name\":\"Electrode EM 150 W Basique 8018 Magmaweld\"}]},{\"@type\":\"WebSite\",\"@id\":\"https:\\\/\\\/industriemaroc.com\\\/#website\",\"url\":\"https:\\\/\\\/industriemaroc.com\\\/\",\"name\":\"Industrie Maroc Online\",\"description\":\"Plateforme B2B de mat\u00e9riel professionnel au Maroc\",\"publisher\":{\"@id\":\"https:\\\/\\\/industriemaroc.com\\\/#organization\"},\"potentialAction\":[{\"@type\":\"SearchAction\",\"target\":{\"@type\":\"EntryPoint\",\"urlTemplate\":\"https:\\\/\\\/industriemaroc.com\\\/?s={search_term_string}\"},\"query-input\":{\"@type\":\"PropertyValueSpecification\",\"valueRequired\":true,\"valueName\":\"search_term_string\"}}],\"inLanguage\":\"en-US\"},{\"@type\":\"Organization\",\"@id\":\"https:\\\/\\\/industriemaroc.com\\\/#organization\",\"name\":\"industriemaroc.com\",\"url\":\"https:\\\/\\\/industriemaroc.com\\\/\",\"logo\":{\"@type\":\"ImageObject\",\"inLanguage\":\"en-US\",\"@id\":\"https:\\\/\\\/industriemaroc.com\\\/#\\\/schema\\\/logo\\\/image\\\/\",\"url\":\"https:\\\/\\\/industriemaroc.com\\\/wp-content\\\/uploads\\\/2024\\\/04\\\/IM.jpg\",\"contentUrl\":\"https:\\\/\\\/industriemaroc.com\\\/wp-content\\\/uploads\\\/2024\\\/04\\\/IM.jpg\",\"width\":2500,\"height\":2500,\"caption\":\"industriemaroc.com\"},\"image\":{\"@id\":\"https:\\\/\\\/industriemaroc.com\\\/#\\\/schema\\\/logo\\\/image\\\/\"}}]}<\/script>\n<!-- \/ Yoast SEO plugin. -->","yoast_head_json":{"title":"Electrode EM 150 W Basique 8018 Magmaweld - Industrie Maroc Online","description":"DIAM 2.5*350 \u00a0mm: ETUI DE 5 KG  DIAM 3.25*350 \u00a0mm : ETUI DE 5 KG  DIAM 4.00*350 \u00a0mm : ETUI DE 5KG  3 ETUIS PAR CARTON POUR TOUS LES DIAMETRES","robots":{"index":"index","follow":"follow","max-snippet":"max-snippet:-1","max-image-preview":"max-image-preview:large","max-video-preview":"max-video-preview:-1"},"canonical":"https:\/\/industriemaroc.com\/en\/product\/em-150-w-basique-8018\/","og_locale":"en_US","og_type":"article","og_title":"Electrode EM 150 W Basique 8018 Magmaweld - Industrie Maroc Online","og_description":"DIAM 2.5*350 \u00a0mm: ETUI DE 5 KG  DIAM 3.25*350 \u00a0mm : ETUI DE 5 KG  DIAM 4.00*350 \u00a0mm : ETUI DE 5KG  3 ETUIS PAR CARTON POUR TOUS LES DIAMETRES","og_url":"https:\/\/industriemaroc.com\/en\/product\/em-150-w-basique-8018\/","og_site_name":"Industrie Maroc Online","article_modified_time":"2024-09-14T20:07:06+00:00","og_image":[{"width":700,"height":700,"url":"https:\/\/industriemaroc.com\/wp-content\/uploads\/2023\/10\/3-6.jpg","type":"image\/jpeg"}],"twitter_card":"summary_large_image","twitter_misc":{"Est. reading time":"1 minute"},"schema":{"@context":"https:\/\/schema.org","@graph":[{"@type":"WebPage","@id":"https:\/\/industriemaroc.com\/produit\/em-150-w-basique-8018\/","url":"https:\/\/industriemaroc.com\/produit\/em-150-w-basique-8018\/","name":"Electrode EM 150 W Basique 8018 Magmaweld - Industrie Maroc Online","isPartOf":{"@id":"https:\/\/industriemaroc.com\/#website"},"primaryImageOfPage":{"@id":"https:\/\/industriemaroc.com\/produit\/em-150-w-basique-8018\/#primaryimage"},"image":{"@id":"https:\/\/industriemaroc.com\/produit\/em-150-w-basique-8018\/#primaryimage"},"thumbnailUrl":"https:\/\/industriemaroc.com\/wp-content\/uploads\/2023\/10\/3-6.jpg","datePublished":"2023-10-12T15:28:10+00:00","dateModified":"2024-09-14T20:07:06+00:00","description":"DIAM 2.5*350 \u00a0mm: ETUI DE 5 KG DIAM 3.25*350 \u00a0mm : ETUI DE 5 KG DIAM 4.00*350 \u00a0mm : ETUI DE 5KG 3 ETUIS PAR CARTON POUR TOUS LES DIAMETRES","breadcrumb":{"@id":"https:\/\/industriemaroc.com\/produit\/em-150-w-basique-8018\/#breadcrumb"},"inLanguage":"en-US","potentialAction":[{"@type":"ReadAction","target":["https:\/\/industriemaroc.com\/produit\/em-150-w-basique-8018\/"]}]},{"@type":"ImageObject","inLanguage":"en-US","@id":"https:\/\/industriemaroc.com\/produit\/em-150-w-basique-8018\/#primaryimage","url":"https:\/\/industriemaroc.com\/wp-content\/uploads\/2023\/10\/3-6.jpg","contentUrl":"https:\/\/industriemaroc.com\/wp-content\/uploads\/2023\/10\/3-6.jpg","width":700,"height":700},{"@type":"BreadcrumbList","@id":"https:\/\/industriemaroc.com\/produit\/em-150-w-basique-8018\/#breadcrumb","itemListElement":[{"@type":"ListItem","position":1,"name":"Home","item":"https:\/\/industriemaroc.com\/"},{"@type":"ListItem","position":2,"name":"Shop","item":"https:\/\/industriemaroc.com\/shop\/"},{"@type":"ListItem","position":3,"name":"Electrode EM 150 W Basique 8018 Magmaweld"}]},{"@type":"WebSite","@id":"https:\/\/industriemaroc.com\/#website","url":"https:\/\/industriemaroc.com\/","name":"Industrie Maroc Online","description":"Plateforme B2B de mat\u00e9riel professionnel au Maroc","publisher":{"@id":"https:\/\/industriemaroc.com\/#organization"},"potentialAction":[{"@type":"SearchAction","target":{"@type":"EntryPoint","urlTemplate":"https:\/\/industriemaroc.com\/?s={search_term_string}"},"query-input":{"@type":"PropertyValueSpecification","valueRequired":true,"valueName":"search_term_string"}}],"inLanguage":"en-US"},{"@type":"Organization","@id":"https:\/\/industriemaroc.com\/#organization","name":"industriemaroc.com","url":"https:\/\/industriemaroc.com\/","logo":{"@type":"ImageObject","inLanguage":"en-US","@id":"https:\/\/industriemaroc.com\/#\/schema\/logo\/image\/","url":"https:\/\/industriemaroc.com\/wp-content\/uploads\/2024\/04\/IM.jpg","contentUrl":"https:\/\/industriemaroc.com\/wp-content\/uploads\/2024\/04\/IM.jpg","width":2500,"height":2500,"caption":"industriemaroc.com"},"image":{"@id":"https:\/\/industriemaroc.com\/#\/schema\/logo\/image\/"}}]}},"_links":{"self":[{"href":"https:\/\/industriemaroc.com\/en\/wp-json\/wp\/v2\/product\/18530","targetHints":{"allow":["GET"]}}],"collection":[{"href":"https:\/\/industriemaroc.com\/en\/wp-json\/wp\/v2\/product"}],"about":[{"href":"https:\/\/industriemaroc.com\/en\/wp-json\/wp\/v2\/types\/product"}],"replies":[{"embeddable":true,"href":"https:\/\/industriemaroc.com\/en\/wp-json\/wp\/v2\/comments?post=18530"}],"version-history":[{"count":3,"href":"https:\/\/industriemaroc.com\/en\/wp-json\/wp\/v2\/product\/18530\/revisions"}],"predecessor-version":[{"id":23094,"href":"https:\/\/industriemaroc.com\/en\/wp-json\/wp\/v2\/product\/18530\/revisions\/23094"}],"wp:featuredmedia":[{"embeddable":true,"href":"https:\/\/industriemaroc.com\/en\/wp-json\/wp\/v2\/media\/18509"}],"wp:attachment":[{"href":"https:\/\/industriemaroc.com\/en\/wp-json\/wp\/v2\/media?parent=18530"}],"wp:term":[{"taxonomy":"product_brand","embeddable":true,"href":"https:\/\/industriemaroc.com\/en\/wp-json\/wp\/v2\/product_brand?post=18530"},{"taxonomy":"product_cat","embeddable":true,"href":"https:\/\/industriemaroc.com\/en\/wp-json\/wp\/v2\/product_cat?post=18530"},{"taxonomy":"product_tag","embeddable":true,"href":"https:\/\/industriemaroc.com\/en\/wp-json\/wp\/v2\/product_tag?post=18530"}],"curies":[{"name":"wp","href":"https:\/\/api.w.org\/{rel}","templated":true}]}}