{"id":18553,"date":"2023-10-12T17:43:37","date_gmt":"2023-10-12T15:43:37","guid":{"rendered":"https:\/\/industriemaroc.com\/?post_type=product&#038;p=18553"},"modified":"2024-09-13T23:37:09","modified_gmt":"2024-09-13T21:37:09","slug":"eni-416","status":"publish","type":"product","link":"https:\/\/industriemaroc.com\/en\/product\/eni-416\/","title":{"rendered":"Electrode ENI 416 Magmaweld"},"content":{"rendered":"<ul>\n<li>AWS\/ASME SFA \u2013 5.15\u00a0\u00a0\u00a0\u00a0\u00a0\u00a0\u00a0\u00a0\u00a0\u00a0\u00a0\u00a0\u00a0\u00a0\u00a0\u00a0\u00a0\u00a0\u00a0\u00a0\u00a0\u00a0\u00a0\u00a0\u00a0\u00a0<wbr \/>\u00a0\u00a0\u00a0\u00a0\u00a0\u00a0\u00a0\u00a0\u00a0\u00a0\u00a0\u00a0\u00a0 ENiFe-CI<\/li>\n<li>EN ISO 1071\u00a0\u00a0\u00a0\u00a0\u00a0\u00a0\u00a0\u00a0\u00a0\u00a0\u00a0\u00a0\u00a0\u00a0\u00a0\u00a0\u00a0\u00a0\u00a0\u00a0\u00a0\u00a0\u00a0\u00a0\u00a0\u00a0<wbr \/>\u00a0\u00a0\u00a0\u00a0\u00a0\u00a0\u00a0\u00a0\u00a0\u00a0\u00a0\u00a0\u00a0\u00a0\u00a0\u00a0\u00a0\u00a0\u00a0\u00a0\u00a0\u00a0\u00a0\u00a0\u00a0\u00a0\u00a0\u00a0\u00a0\u00a0<wbr \/>\u00a0\u00a0 EC NiFe-CI 3<\/li>\n<li>TS EN ISO 1071\u00a0\u00a0\u00a0\u00a0\u00a0\u00a0\u00a0\u00a0\u00a0\u00a0\u00a0\u00a0\u00a0\u00a0\u00a0\u00a0\u00a0\u00a0\u00a0\u00a0\u00a0\u00a0\u00a0\u00a0\u00a0\u00a0<wbr \/>\u00a0\u00a0\u00a0\u00a0\u00a0\u00a0\u00a0\u00a0\u00a0\u00a0\u00a0\u00a0\u00a0\u00a0\u00a0\u00a0\u00a0\u00a0\u00a0\u00a0\u00a0\u00a0\u00a0\u00a0\u00a0\u00a0 EC NiFe-CI 3<\/li>\n<li>DIAMETERS:<\/li>\n<li>DIAM 2.5*300 mm: 1.75 KG CASE<\/li>\n<li>DIAM 3.25*300 mm: 1.75 KG CASE 9 CASE PER BOX FOR ALL DIAMETERS<\/li>\n<li>DIAM 4.00*400 mm: 2.5 KG CASE<\/li>\n<\/ul>\n<p>DESCRIPTION :<\/p>\n<p>\u00c9lectrode avec une \u00e2me en ferro-nickel pour l\u2019assemblage et la r\u00e9paration avec ou sans pr\u00e9chauffage des fontes \u00e0 graphites sph\u00e9ro\u00efdales, pour des assemblages hautement sollicit\u00e9s.<\/p>\n<p>Fusion douce et bon accrochage du m\u00e9tal d\u00e9pos\u00e9, bonne r\u00e9sistance \u00e0 la fissuration \u00e0 chaud, est recommand\u00e9e pour les passes d\u2019assemblages apr\u00e8s beurrage avec nos \u00e9lectrodes en \u00e2me nickel pur, aussi pour les assemblages brid\u00e9s et les assemblages h\u00e9t\u00e9rog\u00e8nes fontes\/aciers.<\/p>\n<p>Un martelage du cordon tous les 50 \u00e0 70 mm de d\u00e9p\u00f4t est recommand\u00e9 afin de lib\u00e9rer les contraintes li\u00e9es \u00e0 la dilatation et au retrait.<\/p>\n<p>S\u2019utilise en polarit\u00e9 positive. Corps de pompe, boites de vitesses, b\u00e2tis de machines, pi\u00e8ces moul\u00e9es, corps de vannes.<\/p>","protected":false},"excerpt":{"rendered":"<ul>\n<li>DIAM 2.5*300 mm: 1.75 KG CASE<\/li>\n<li>DIAM 3.25*300 mm : ETUI DE 1.75 KG<\/li>\n<li>DIAM 4.00*400 mm: 2.5 KG CASE<\/li>\n<li>9 ETUIS PAR CARTON POUR TOUS LES DIAMETRES<\/li>\n<\/ul>","protected":false},"featured_media":18520,"comment_status":"open","ping_status":"closed","template":"","meta":{"om_disable_all_campaigns":false,"_monsterinsights_skip_tracking":false,"_monsterinsights_sitenote_active":false,"_monsterinsights_sitenote_note":"","_monsterinsights_sitenote_category":0,"_uf_show_specific_survey":0,"_uf_disable_surveys":false,"_joinchat":[]},"product_brand":[],"product_cat":[672,1094,1080,1079],"product_tag":[],"class_list":{"0":"post-18553","1":"product","2":"type-product","3":"status-publish","4":"has-post-thumbnail","6":"product_cat-fournitures-industrielles","7":"product_cat-magmaweld","8":"product_cat-metaux-dapport-electrodes","9":"product_cat-materiel-de-soudage","11":"first","12":"instock","13":"taxable","14":"shipping-taxable","15":"product-type-simple"},"yoast_head":"<!-- This site is optimized with the Yoast SEO plugin v27.4 - https:\/\/yoast.com\/product\/yoast-seo-wordpress\/ -->\n<title>Electrode ENI 416 Magmaweld - Industrie Maroc Online<\/title>\n<meta name=\"description\" content=\"DIAM 2.5*300 mm : ETUI DE 1.75 KG  DIAM 3.25*300 mm : ETUI DE 1.75 KG  DIAM 4.00*400 mm : ETUI DE 2.5 KG  9 ETUIS PAR CARTON POUR TOUS LES DIAMETRES\" \/>\n<meta name=\"robots\" content=\"index, follow, max-snippet:-1, max-image-preview:large, max-video-preview:-1\" \/>\n<link rel=\"canonical\" href=\"https:\/\/industriemaroc.com\/en\/product\/eni-416\/\" \/>\n<meta property=\"og:locale\" content=\"en_US\" \/>\n<meta property=\"og:type\" content=\"article\" \/>\n<meta property=\"og:title\" content=\"Electrode ENI 416 Magmaweld - Industrie Maroc Online\" \/>\n<meta property=\"og:description\" content=\"DIAM 2.5*300 mm : ETUI DE 1.75 KG  DIAM 3.25*300 mm : ETUI DE 1.75 KG  DIAM 4.00*400 mm : ETUI DE 2.5 KG  9 ETUIS PAR CARTON POUR TOUS LES DIAMETRES\" \/>\n<meta property=\"og:url\" content=\"https:\/\/industriemaroc.com\/en\/product\/eni-416\/\" \/>\n<meta property=\"og:site_name\" content=\"Industrie Maroc Online\" \/>\n<meta property=\"article:modified_time\" content=\"2024-09-13T21:37:09+00:00\" \/>\n<meta property=\"og:image\" content=\"https:\/\/industriemaroc.com\/wp-content\/uploads\/2023\/10\/14.jpg\" \/>\n\t<meta property=\"og:image:width\" content=\"700\" \/>\n\t<meta property=\"og:image:height\" content=\"700\" \/>\n\t<meta property=\"og:image:type\" content=\"image\/jpeg\" \/>\n<meta name=\"twitter:card\" content=\"summary_large_image\" \/>\n<meta name=\"twitter:label1\" content=\"Est. reading time\" \/>\n\t<meta name=\"twitter:data1\" content=\"1 minute\" \/>\n<script type=\"application\/ld+json\" class=\"yoast-schema-graph\">{\"@context\":\"https:\\\/\\\/schema.org\",\"@graph\":[{\"@type\":\"WebPage\",\"@id\":\"https:\\\/\\\/industriemaroc.com\\\/produit\\\/eni-416\\\/\",\"url\":\"https:\\\/\\\/industriemaroc.com\\\/produit\\\/eni-416\\\/\",\"name\":\"Electrode ENI 416 Magmaweld - Industrie Maroc Online\",\"isPartOf\":{\"@id\":\"https:\\\/\\\/industriemaroc.com\\\/#website\"},\"primaryImageOfPage\":{\"@id\":\"https:\\\/\\\/industriemaroc.com\\\/produit\\\/eni-416\\\/#primaryimage\"},\"image\":{\"@id\":\"https:\\\/\\\/industriemaroc.com\\\/produit\\\/eni-416\\\/#primaryimage\"},\"thumbnailUrl\":\"https:\\\/\\\/industriemaroc.com\\\/wp-content\\\/uploads\\\/2023\\\/10\\\/14.jpg\",\"datePublished\":\"2023-10-12T15:43:37+00:00\",\"dateModified\":\"2024-09-13T21:37:09+00:00\",\"description\":\"DIAM 2.5*300 mm : ETUI DE 1.75 KG DIAM 3.25*300 mm : ETUI DE 1.75 KG DIAM 4.00*400 mm : ETUI DE 2.5 KG 9 ETUIS PAR CARTON POUR TOUS LES DIAMETRES\",\"breadcrumb\":{\"@id\":\"https:\\\/\\\/industriemaroc.com\\\/produit\\\/eni-416\\\/#breadcrumb\"},\"inLanguage\":\"en-US\",\"potentialAction\":[{\"@type\":\"ReadAction\",\"target\":[\"https:\\\/\\\/industriemaroc.com\\\/produit\\\/eni-416\\\/\"]}]},{\"@type\":\"ImageObject\",\"inLanguage\":\"en-US\",\"@id\":\"https:\\\/\\\/industriemaroc.com\\\/produit\\\/eni-416\\\/#primaryimage\",\"url\":\"https:\\\/\\\/industriemaroc.com\\\/wp-content\\\/uploads\\\/2023\\\/10\\\/14.jpg\",\"contentUrl\":\"https:\\\/\\\/industriemaroc.com\\\/wp-content\\\/uploads\\\/2023\\\/10\\\/14.jpg\",\"width\":700,\"height\":700},{\"@type\":\"BreadcrumbList\",\"@id\":\"https:\\\/\\\/industriemaroc.com\\\/produit\\\/eni-416\\\/#breadcrumb\",\"itemListElement\":[{\"@type\":\"ListItem\",\"position\":1,\"name\":\"Home\",\"item\":\"https:\\\/\\\/industriemaroc.com\\\/\"},{\"@type\":\"ListItem\",\"position\":2,\"name\":\"Shop\",\"item\":\"https:\\\/\\\/industriemaroc.com\\\/shop\\\/\"},{\"@type\":\"ListItem\",\"position\":3,\"name\":\"Electrode ENI 416 Magmaweld\"}]},{\"@type\":\"WebSite\",\"@id\":\"https:\\\/\\\/industriemaroc.com\\\/#website\",\"url\":\"https:\\\/\\\/industriemaroc.com\\\/\",\"name\":\"Industrie Maroc Online\",\"description\":\"Plateforme B2B de mat\u00e9riel professionnel au Maroc\",\"publisher\":{\"@id\":\"https:\\\/\\\/industriemaroc.com\\\/#organization\"},\"potentialAction\":[{\"@type\":\"SearchAction\",\"target\":{\"@type\":\"EntryPoint\",\"urlTemplate\":\"https:\\\/\\\/industriemaroc.com\\\/?s={search_term_string}\"},\"query-input\":{\"@type\":\"PropertyValueSpecification\",\"valueRequired\":true,\"valueName\":\"search_term_string\"}}],\"inLanguage\":\"en-US\"},{\"@type\":\"Organization\",\"@id\":\"https:\\\/\\\/industriemaroc.com\\\/#organization\",\"name\":\"industriemaroc.com\",\"url\":\"https:\\\/\\\/industriemaroc.com\\\/\",\"logo\":{\"@type\":\"ImageObject\",\"inLanguage\":\"en-US\",\"@id\":\"https:\\\/\\\/industriemaroc.com\\\/#\\\/schema\\\/logo\\\/image\\\/\",\"url\":\"https:\\\/\\\/industriemaroc.com\\\/wp-content\\\/uploads\\\/2024\\\/04\\\/IM.jpg\",\"contentUrl\":\"https:\\\/\\\/industriemaroc.com\\\/wp-content\\\/uploads\\\/2024\\\/04\\\/IM.jpg\",\"width\":2500,\"height\":2500,\"caption\":\"industriemaroc.com\"},\"image\":{\"@id\":\"https:\\\/\\\/industriemaroc.com\\\/#\\\/schema\\\/logo\\\/image\\\/\"}}]}<\/script>\n<!-- \/ Yoast SEO plugin. -->","yoast_head_json":{"title":"Electrode ENI 416 Magmaweld - Industrie Maroc Online","description":"DIAM 2.5*300 mm : ETUI DE 1.75 KG  DIAM 3.25*300 mm : ETUI DE 1.75 KG  DIAM 4.00*400 mm : ETUI DE 2.5 KG  9 ETUIS PAR CARTON POUR TOUS LES DIAMETRES","robots":{"index":"index","follow":"follow","max-snippet":"max-snippet:-1","max-image-preview":"max-image-preview:large","max-video-preview":"max-video-preview:-1"},"canonical":"https:\/\/industriemaroc.com\/en\/product\/eni-416\/","og_locale":"en_US","og_type":"article","og_title":"Electrode ENI 416 Magmaweld - Industrie Maroc Online","og_description":"DIAM 2.5*300 mm : ETUI DE 1.75 KG  DIAM 3.25*300 mm : ETUI DE 1.75 KG  DIAM 4.00*400 mm : ETUI DE 2.5 KG  9 ETUIS PAR CARTON POUR TOUS LES DIAMETRES","og_url":"https:\/\/industriemaroc.com\/en\/product\/eni-416\/","og_site_name":"Industrie Maroc Online","article_modified_time":"2024-09-13T21:37:09+00:00","og_image":[{"width":700,"height":700,"url":"https:\/\/industriemaroc.com\/wp-content\/uploads\/2023\/10\/14.jpg","type":"image\/jpeg"}],"twitter_card":"summary_large_image","twitter_misc":{"Est. reading time":"1 minute"},"schema":{"@context":"https:\/\/schema.org","@graph":[{"@type":"WebPage","@id":"https:\/\/industriemaroc.com\/produit\/eni-416\/","url":"https:\/\/industriemaroc.com\/produit\/eni-416\/","name":"Electrode ENI 416 Magmaweld - Industrie Maroc Online","isPartOf":{"@id":"https:\/\/industriemaroc.com\/#website"},"primaryImageOfPage":{"@id":"https:\/\/industriemaroc.com\/produit\/eni-416\/#primaryimage"},"image":{"@id":"https:\/\/industriemaroc.com\/produit\/eni-416\/#primaryimage"},"thumbnailUrl":"https:\/\/industriemaroc.com\/wp-content\/uploads\/2023\/10\/14.jpg","datePublished":"2023-10-12T15:43:37+00:00","dateModified":"2024-09-13T21:37:09+00:00","description":"DIAM 2.5*300 mm : ETUI DE 1.75 KG DIAM 3.25*300 mm : ETUI DE 1.75 KG DIAM 4.00*400 mm : ETUI DE 2.5 KG 9 ETUIS PAR CARTON POUR TOUS LES DIAMETRES","breadcrumb":{"@id":"https:\/\/industriemaroc.com\/produit\/eni-416\/#breadcrumb"},"inLanguage":"en-US","potentialAction":[{"@type":"ReadAction","target":["https:\/\/industriemaroc.com\/produit\/eni-416\/"]}]},{"@type":"ImageObject","inLanguage":"en-US","@id":"https:\/\/industriemaroc.com\/produit\/eni-416\/#primaryimage","url":"https:\/\/industriemaroc.com\/wp-content\/uploads\/2023\/10\/14.jpg","contentUrl":"https:\/\/industriemaroc.com\/wp-content\/uploads\/2023\/10\/14.jpg","width":700,"height":700},{"@type":"BreadcrumbList","@id":"https:\/\/industriemaroc.com\/produit\/eni-416\/#breadcrumb","itemListElement":[{"@type":"ListItem","position":1,"name":"Home","item":"https:\/\/industriemaroc.com\/"},{"@type":"ListItem","position":2,"name":"Shop","item":"https:\/\/industriemaroc.com\/shop\/"},{"@type":"ListItem","position":3,"name":"Electrode ENI 416 Magmaweld"}]},{"@type":"WebSite","@id":"https:\/\/industriemaroc.com\/#website","url":"https:\/\/industriemaroc.com\/","name":"Industrie Maroc Online","description":"Plateforme B2B de mat\u00e9riel professionnel au Maroc","publisher":{"@id":"https:\/\/industriemaroc.com\/#organization"},"potentialAction":[{"@type":"SearchAction","target":{"@type":"EntryPoint","urlTemplate":"https:\/\/industriemaroc.com\/?s={search_term_string}"},"query-input":{"@type":"PropertyValueSpecification","valueRequired":true,"valueName":"search_term_string"}}],"inLanguage":"en-US"},{"@type":"Organization","@id":"https:\/\/industriemaroc.com\/#organization","name":"industriemaroc.com","url":"https:\/\/industriemaroc.com\/","logo":{"@type":"ImageObject","inLanguage":"en-US","@id":"https:\/\/industriemaroc.com\/#\/schema\/logo\/image\/","url":"https:\/\/industriemaroc.com\/wp-content\/uploads\/2024\/04\/IM.jpg","contentUrl":"https:\/\/industriemaroc.com\/wp-content\/uploads\/2024\/04\/IM.jpg","width":2500,"height":2500,"caption":"industriemaroc.com"},"image":{"@id":"https:\/\/industriemaroc.com\/#\/schema\/logo\/image\/"}}]}},"_links":{"self":[{"href":"https:\/\/industriemaroc.com\/en\/wp-json\/wp\/v2\/product\/18553","targetHints":{"allow":["GET"]}}],"collection":[{"href":"https:\/\/industriemaroc.com\/en\/wp-json\/wp\/v2\/product"}],"about":[{"href":"https:\/\/industriemaroc.com\/en\/wp-json\/wp\/v2\/types\/product"}],"replies":[{"embeddable":true,"href":"https:\/\/industriemaroc.com\/en\/wp-json\/wp\/v2\/comments?post=18553"}],"version-history":[{"count":3,"href":"https:\/\/industriemaroc.com\/en\/wp-json\/wp\/v2\/product\/18553\/revisions"}],"predecessor-version":[{"id":23027,"href":"https:\/\/industriemaroc.com\/en\/wp-json\/wp\/v2\/product\/18553\/revisions\/23027"}],"wp:featuredmedia":[{"embeddable":true,"href":"https:\/\/industriemaroc.com\/en\/wp-json\/wp\/v2\/media\/18520"}],"wp:attachment":[{"href":"https:\/\/industriemaroc.com\/en\/wp-json\/wp\/v2\/media?parent=18553"}],"wp:term":[{"taxonomy":"product_brand","embeddable":true,"href":"https:\/\/industriemaroc.com\/en\/wp-json\/wp\/v2\/product_brand?post=18553"},{"taxonomy":"product_cat","embeddable":true,"href":"https:\/\/industriemaroc.com\/en\/wp-json\/wp\/v2\/product_cat?post=18553"},{"taxonomy":"product_tag","embeddable":true,"href":"https:\/\/industriemaroc.com\/en\/wp-json\/wp\/v2\/product_tag?post=18553"}],"curies":[{"name":"wp","href":"https:\/\/api.w.org\/{rel}","templated":true}]}}