{"id":18561,"date":"2023-10-12T17:51:08","date_gmt":"2023-10-12T15:51:08","guid":{"rendered":"https:\/\/industriemaroc.com\/?post_type=product&#038;p=18561"},"modified":"2024-09-13T23:28:24","modified_gmt":"2024-09-13T21:28:24","slug":"eh-528","status":"publish","type":"product","link":"https:\/\/industriemaroc.com\/en\/product\/eh-528\/","title":{"rendered":"Electrode EH 528 Magmaweld"},"content":{"rendered":"<ul>\n<li>EN 14700\u00a0\u00a0\u00a0\u00a0\u00a0\u00a0\u00a0\u00a0\u00a0\u00a0\u00a0\u00a0\u00a0\u00a0\u00a0\u00a0\u00a0\u00a0\u00a0\u00a0\u00a0\u00a0\u00a0\u00a0\u00a0<wbr \/>\u00a0\u00a0\u00a0\u00a0\u00a0\u00a0\u00a0\u00a0\u00a0\u00a0\u00a0\u00a0\u00a0 E Fe15<\/li>\n<li>TS EN 14700\u00a0\u00a0\u00a0\u00a0\u00a0\u00a0\u00a0\u00a0\u00a0\u00a0\u00a0\u00a0\u00a0\u00a0\u00a0\u00a0\u00a0\u00a0\u00a0\u00a0\u00a0\u00a0\u00a0\u00a0\u00a0<wbr \/>\u00a0\u00a0\u00a0\u00a0\u00a0\u00a0\u00a0 E Fe16<\/li>\n<li>DIN 8555\u00a0\u00a0\u00a0\u00a0\u00a0\u00a0\u00a0\u00a0\u00a0\u00a0\u00a0\u00a0\u00a0\u00a0\u00a0\u00a0\u00a0\u00a0\u00a0\u00a0\u00a0\u00a0\u00a0\u00a0\u00a0\u00a0<wbr \/>\u00a0\u00a0\u00a0\u00a0\u00a0\u00a0\u00a0\u00a0\u00a0\u00a0\u00a0\u00a0\u00a0 E 10-UM-65-GR<\/li>\n<li>DIAMETERS:<\/li>\n<li>DIAM 3.25*350 mm : ETUI DE 5 KG<\/li>\n<li>DIAM 4.00*350 mm : ETUI DE 5 KG\u00a0\u00a0\u00a0\u00a0\u00a0\u00a0\u00a0\u00a0 3 ETUIS PAR CARTON POUR TOUS LES DIAMETRES<\/li>\n<\/ul>\n<p>DESCRIPTION :<\/p>\n<p>\u00c9lectrode de rechargement dur \u00e0 haut rendement (180%) d\u00e9posant des carbures primaires de chrome et de niobium conf\u00e8rent au d\u00e9p\u00f4t une r\u00e9sistance exceptionnelle \u00e0 l\u2019abrasion min\u00e9rale avec une r\u00e9sistance aux chocs mod\u00e9r\u00e9s pour des pi\u00e8ces soumises \u00e0 des temp\u00e9ratures de service jusqu\u2019\u00e0 450\u00b0C.<\/p>\n<p>R\u00e9sistance optimale apr\u00e8s 3 couches, d\u00e9p\u00f4t usinable par meulage. Une sous-couche avec notre \u00e9lectrode EIS307 est recommand\u00e9e.<\/p>\n<p>Plaques d\u2019usures, pompes \u00e0 b\u00e9ton, \u00e0 boues, concasseurs giratoires, d\u00e9sint\u00e9grateurs, marteaux de broyage \u00e0 minerais, concasseurs, vis de transport, presses \u00e0 ciment, \u00e0 briques, p\u00e2les de m\u00e9langeurs.<\/p>","protected":false},"excerpt":{"rendered":"<ul>\n<li>Diam\u00e8tres :<\/li>\n<li>DIAM 3.25*350 mm : ETUI DE 5 KG.<\/li>\n<li>DIAM 4.00*350 mm : ETUI DE 5 KG.<\/li>\n<li>3 ETUIS PAR CARTON POUR TOUS LES DIAMETRES<\/li>\n<\/ul>","protected":false},"featured_media":18524,"comment_status":"open","ping_status":"closed","template":"","meta":{"om_disable_all_campaigns":false,"_monsterinsights_skip_tracking":false,"_monsterinsights_sitenote_active":false,"_monsterinsights_sitenote_note":"","_monsterinsights_sitenote_category":0,"_uf_show_specific_survey":0,"_uf_disable_surveys":false,"_joinchat":[]},"product_brand":[],"product_cat":[672,1094,1080,1079],"product_tag":[],"class_list":{"0":"post-18561","1":"product","2":"type-product","3":"status-publish","4":"has-post-thumbnail","6":"product_cat-fournitures-industrielles","7":"product_cat-magmaweld","8":"product_cat-metaux-dapport-electrodes","9":"product_cat-materiel-de-soudage","11":"first","12":"instock","13":"taxable","14":"shipping-taxable","15":"product-type-simple"},"yoast_head":"<!-- This site is optimized with the Yoast SEO plugin v27.4 - https:\/\/yoast.com\/product\/yoast-seo-wordpress\/ -->\n<title>Electrode EH 528 Magmaweld - Industrie Maroc Online<\/title>\n<meta name=\"description\" content=\"Diam\u00e8tres :  DIAM 3.25*350 mm : ETUI DE 5 KG.  DIAM 4.00*350 mm : ETUI DE 5 KG.  3 ETUIS PAR CARTON POUR TOUS LES DIAMETRES\" \/>\n<meta name=\"robots\" content=\"index, follow, max-snippet:-1, max-image-preview:large, max-video-preview:-1\" \/>\n<link rel=\"canonical\" href=\"https:\/\/industriemaroc.com\/en\/product\/eh-528\/\" \/>\n<meta property=\"og:locale\" content=\"en_US\" \/>\n<meta property=\"og:type\" content=\"article\" \/>\n<meta property=\"og:title\" content=\"Electrode EH 528 Magmaweld - Industrie Maroc Online\" \/>\n<meta property=\"og:description\" content=\"Diam\u00e8tres :  DIAM 3.25*350 mm : ETUI DE 5 KG.  DIAM 4.00*350 mm : ETUI DE 5 KG.  3 ETUIS PAR CARTON POUR TOUS LES DIAMETRES\" \/>\n<meta property=\"og:url\" content=\"https:\/\/industriemaroc.com\/en\/product\/eh-528\/\" \/>\n<meta property=\"og:site_name\" content=\"Industrie Maroc Online\" \/>\n<meta property=\"article:modified_time\" content=\"2024-09-13T21:28:24+00:00\" \/>\n<meta property=\"og:image\" content=\"https:\/\/industriemaroc.com\/wp-content\/uploads\/2023\/10\/18.jpg\" \/>\n\t<meta property=\"og:image:width\" content=\"700\" \/>\n\t<meta property=\"og:image:height\" content=\"700\" \/>\n\t<meta property=\"og:image:type\" content=\"image\/jpeg\" \/>\n<meta name=\"twitter:card\" content=\"summary_large_image\" \/>\n<meta name=\"twitter:label1\" content=\"Est. reading time\" \/>\n\t<meta name=\"twitter:data1\" content=\"1 minute\" \/>\n<script type=\"application\/ld+json\" class=\"yoast-schema-graph\">{\"@context\":\"https:\\\/\\\/schema.org\",\"@graph\":[{\"@type\":\"WebPage\",\"@id\":\"https:\\\/\\\/industriemaroc.com\\\/produit\\\/eh-528\\\/\",\"url\":\"https:\\\/\\\/industriemaroc.com\\\/produit\\\/eh-528\\\/\",\"name\":\"Electrode EH 528 Magmaweld - Industrie Maroc Online\",\"isPartOf\":{\"@id\":\"https:\\\/\\\/industriemaroc.com\\\/#website\"},\"primaryImageOfPage\":{\"@id\":\"https:\\\/\\\/industriemaroc.com\\\/produit\\\/eh-528\\\/#primaryimage\"},\"image\":{\"@id\":\"https:\\\/\\\/industriemaroc.com\\\/produit\\\/eh-528\\\/#primaryimage\"},\"thumbnailUrl\":\"https:\\\/\\\/industriemaroc.com\\\/wp-content\\\/uploads\\\/2023\\\/10\\\/18.jpg\",\"datePublished\":\"2023-10-12T15:51:08+00:00\",\"dateModified\":\"2024-09-13T21:28:24+00:00\",\"description\":\"Diam\u00e8tres : DIAM 3.25*350 mm : ETUI DE 5 KG. DIAM 4.00*350 mm : ETUI DE 5 KG. 3 ETUIS PAR CARTON POUR TOUS LES DIAMETRES\",\"breadcrumb\":{\"@id\":\"https:\\\/\\\/industriemaroc.com\\\/produit\\\/eh-528\\\/#breadcrumb\"},\"inLanguage\":\"en-US\",\"potentialAction\":[{\"@type\":\"ReadAction\",\"target\":[\"https:\\\/\\\/industriemaroc.com\\\/produit\\\/eh-528\\\/\"]}]},{\"@type\":\"ImageObject\",\"inLanguage\":\"en-US\",\"@id\":\"https:\\\/\\\/industriemaroc.com\\\/produit\\\/eh-528\\\/#primaryimage\",\"url\":\"https:\\\/\\\/industriemaroc.com\\\/wp-content\\\/uploads\\\/2023\\\/10\\\/18.jpg\",\"contentUrl\":\"https:\\\/\\\/industriemaroc.com\\\/wp-content\\\/uploads\\\/2023\\\/10\\\/18.jpg\",\"width\":700,\"height\":700},{\"@type\":\"BreadcrumbList\",\"@id\":\"https:\\\/\\\/industriemaroc.com\\\/produit\\\/eh-528\\\/#breadcrumb\",\"itemListElement\":[{\"@type\":\"ListItem\",\"position\":1,\"name\":\"Home\",\"item\":\"https:\\\/\\\/industriemaroc.com\\\/\"},{\"@type\":\"ListItem\",\"position\":2,\"name\":\"Shop\",\"item\":\"https:\\\/\\\/industriemaroc.com\\\/shop\\\/\"},{\"@type\":\"ListItem\",\"position\":3,\"name\":\"Electrode EH 528 Magmaweld\"}]},{\"@type\":\"WebSite\",\"@id\":\"https:\\\/\\\/industriemaroc.com\\\/#website\",\"url\":\"https:\\\/\\\/industriemaroc.com\\\/\",\"name\":\"Industrie Maroc Online\",\"description\":\"Plateforme B2B de mat\u00e9riel professionnel au Maroc\",\"publisher\":{\"@id\":\"https:\\\/\\\/industriemaroc.com\\\/#organization\"},\"potentialAction\":[{\"@type\":\"SearchAction\",\"target\":{\"@type\":\"EntryPoint\",\"urlTemplate\":\"https:\\\/\\\/industriemaroc.com\\\/?s={search_term_string}\"},\"query-input\":{\"@type\":\"PropertyValueSpecification\",\"valueRequired\":true,\"valueName\":\"search_term_string\"}}],\"inLanguage\":\"en-US\"},{\"@type\":\"Organization\",\"@id\":\"https:\\\/\\\/industriemaroc.com\\\/#organization\",\"name\":\"industriemaroc.com\",\"url\":\"https:\\\/\\\/industriemaroc.com\\\/\",\"logo\":{\"@type\":\"ImageObject\",\"inLanguage\":\"en-US\",\"@id\":\"https:\\\/\\\/industriemaroc.com\\\/#\\\/schema\\\/logo\\\/image\\\/\",\"url\":\"https:\\\/\\\/industriemaroc.com\\\/wp-content\\\/uploads\\\/2024\\\/04\\\/IM.jpg\",\"contentUrl\":\"https:\\\/\\\/industriemaroc.com\\\/wp-content\\\/uploads\\\/2024\\\/04\\\/IM.jpg\",\"width\":2500,\"height\":2500,\"caption\":\"industriemaroc.com\"},\"image\":{\"@id\":\"https:\\\/\\\/industriemaroc.com\\\/#\\\/schema\\\/logo\\\/image\\\/\"}}]}<\/script>\n<!-- \/ Yoast SEO plugin. -->","yoast_head_json":{"title":"Electrode EH 528 Magmaweld - Industrie Maroc Online","description":"Diam\u00e8tres :  DIAM 3.25*350 mm : ETUI DE 5 KG.  DIAM 4.00*350 mm : ETUI DE 5 KG.  3 ETUIS PAR CARTON POUR TOUS LES DIAMETRES","robots":{"index":"index","follow":"follow","max-snippet":"max-snippet:-1","max-image-preview":"max-image-preview:large","max-video-preview":"max-video-preview:-1"},"canonical":"https:\/\/industriemaroc.com\/en\/product\/eh-528\/","og_locale":"en_US","og_type":"article","og_title":"Electrode EH 528 Magmaweld - Industrie Maroc Online","og_description":"Diam\u00e8tres :  DIAM 3.25*350 mm : ETUI DE 5 KG.  DIAM 4.00*350 mm : ETUI DE 5 KG.  3 ETUIS PAR CARTON POUR TOUS LES DIAMETRES","og_url":"https:\/\/industriemaroc.com\/en\/product\/eh-528\/","og_site_name":"Industrie Maroc Online","article_modified_time":"2024-09-13T21:28:24+00:00","og_image":[{"width":700,"height":700,"url":"https:\/\/industriemaroc.com\/wp-content\/uploads\/2023\/10\/18.jpg","type":"image\/jpeg"}],"twitter_card":"summary_large_image","twitter_misc":{"Est. reading time":"1 minute"},"schema":{"@context":"https:\/\/schema.org","@graph":[{"@type":"WebPage","@id":"https:\/\/industriemaroc.com\/produit\/eh-528\/","url":"https:\/\/industriemaroc.com\/produit\/eh-528\/","name":"Electrode EH 528 Magmaweld - Industrie Maroc Online","isPartOf":{"@id":"https:\/\/industriemaroc.com\/#website"},"primaryImageOfPage":{"@id":"https:\/\/industriemaroc.com\/produit\/eh-528\/#primaryimage"},"image":{"@id":"https:\/\/industriemaroc.com\/produit\/eh-528\/#primaryimage"},"thumbnailUrl":"https:\/\/industriemaroc.com\/wp-content\/uploads\/2023\/10\/18.jpg","datePublished":"2023-10-12T15:51:08+00:00","dateModified":"2024-09-13T21:28:24+00:00","description":"Diam\u00e8tres : DIAM 3.25*350 mm : ETUI DE 5 KG. DIAM 4.00*350 mm : ETUI DE 5 KG. 3 ETUIS PAR CARTON POUR TOUS LES DIAMETRES","breadcrumb":{"@id":"https:\/\/industriemaroc.com\/produit\/eh-528\/#breadcrumb"},"inLanguage":"en-US","potentialAction":[{"@type":"ReadAction","target":["https:\/\/industriemaroc.com\/produit\/eh-528\/"]}]},{"@type":"ImageObject","inLanguage":"en-US","@id":"https:\/\/industriemaroc.com\/produit\/eh-528\/#primaryimage","url":"https:\/\/industriemaroc.com\/wp-content\/uploads\/2023\/10\/18.jpg","contentUrl":"https:\/\/industriemaroc.com\/wp-content\/uploads\/2023\/10\/18.jpg","width":700,"height":700},{"@type":"BreadcrumbList","@id":"https:\/\/industriemaroc.com\/produit\/eh-528\/#breadcrumb","itemListElement":[{"@type":"ListItem","position":1,"name":"Home","item":"https:\/\/industriemaroc.com\/"},{"@type":"ListItem","position":2,"name":"Shop","item":"https:\/\/industriemaroc.com\/shop\/"},{"@type":"ListItem","position":3,"name":"Electrode EH 528 Magmaweld"}]},{"@type":"WebSite","@id":"https:\/\/industriemaroc.com\/#website","url":"https:\/\/industriemaroc.com\/","name":"Industrie Maroc Online","description":"Plateforme B2B de mat\u00e9riel professionnel au Maroc","publisher":{"@id":"https:\/\/industriemaroc.com\/#organization"},"potentialAction":[{"@type":"SearchAction","target":{"@type":"EntryPoint","urlTemplate":"https:\/\/industriemaroc.com\/?s={search_term_string}"},"query-input":{"@type":"PropertyValueSpecification","valueRequired":true,"valueName":"search_term_string"}}],"inLanguage":"en-US"},{"@type":"Organization","@id":"https:\/\/industriemaroc.com\/#organization","name":"industriemaroc.com","url":"https:\/\/industriemaroc.com\/","logo":{"@type":"ImageObject","inLanguage":"en-US","@id":"https:\/\/industriemaroc.com\/#\/schema\/logo\/image\/","url":"https:\/\/industriemaroc.com\/wp-content\/uploads\/2024\/04\/IM.jpg","contentUrl":"https:\/\/industriemaroc.com\/wp-content\/uploads\/2024\/04\/IM.jpg","width":2500,"height":2500,"caption":"industriemaroc.com"},"image":{"@id":"https:\/\/industriemaroc.com\/#\/schema\/logo\/image\/"}}]}},"_links":{"self":[{"href":"https:\/\/industriemaroc.com\/en\/wp-json\/wp\/v2\/product\/18561","targetHints":{"allow":["GET"]}}],"collection":[{"href":"https:\/\/industriemaroc.com\/en\/wp-json\/wp\/v2\/product"}],"about":[{"href":"https:\/\/industriemaroc.com\/en\/wp-json\/wp\/v2\/types\/product"}],"replies":[{"embeddable":true,"href":"https:\/\/industriemaroc.com\/en\/wp-json\/wp\/v2\/comments?post=18561"}],"version-history":[{"count":3,"href":"https:\/\/industriemaroc.com\/en\/wp-json\/wp\/v2\/product\/18561\/revisions"}],"predecessor-version":[{"id":23019,"href":"https:\/\/industriemaroc.com\/en\/wp-json\/wp\/v2\/product\/18561\/revisions\/23019"}],"wp:featuredmedia":[{"embeddable":true,"href":"https:\/\/industriemaroc.com\/en\/wp-json\/wp\/v2\/media\/18524"}],"wp:attachment":[{"href":"https:\/\/industriemaroc.com\/en\/wp-json\/wp\/v2\/media?parent=18561"}],"wp:term":[{"taxonomy":"product_brand","embeddable":true,"href":"https:\/\/industriemaroc.com\/en\/wp-json\/wp\/v2\/product_brand?post=18561"},{"taxonomy":"product_cat","embeddable":true,"href":"https:\/\/industriemaroc.com\/en\/wp-json\/wp\/v2\/product_cat?post=18561"},{"taxonomy":"product_tag","embeddable":true,"href":"https:\/\/industriemaroc.com\/en\/wp-json\/wp\/v2\/product_tag?post=18561"}],"curies":[{"name":"wp","href":"https:\/\/api.w.org\/{rel}","templated":true}]}}