{"id":18568,"date":"2023-10-12T17:56:21","date_gmt":"2023-10-12T15:56:21","guid":{"rendered":"https:\/\/industriemaroc.com\/?post_type=product&#038;p=18568"},"modified":"2024-09-13T23:22:45","modified_gmt":"2024-09-13T21:22:45","slug":"2000","status":"publish","type":"product","link":"https:\/\/industriemaroc.com\/en\/product\/2000\/","title":{"rendered":"Electrodes  2000+ SOMATI"},"content":{"rendered":"<p>\u2013 Very good handling<\/p>\n<p>\u2013 Gentle and rapid melting<\/p>\n<p>\u2013 Easy priming and repriming<\/p>\n<p>\u2013 Easy removal of slag<\/p>\n<p>\u2013 Weak non-adherent projections<\/p>\n<p>DIAMETERS:<\/p>\n<p>DIAM 2.5*350 mm: 3.5 KG CASE 3 CASE PER BOX<\/p>\n<p>DIAM 3.15*350 mm: 5.5 KG CASE 3 CASE PER BOX<\/p>\n<p>DIAM 4.00*350 mm: 6.8 KG CASE 2 CASE PER CARTON<\/p>\n<p>DESCRIPTION :<\/p>\n<p>La SOMATI 2000+ est une \u00e9lectrode\u00a0\u00e9conomique particuli\u00e8rement recommand\u00e9e pour les travaux artisanaux.<\/p>\n<p>TYPE D\u2019ENROBAGE :\u00a0Rutile faiblement cellulosique.<\/p>\n<p>NUANCES D\u2019ACIERS :\u00a0\u2013 Aciers doux et\u00a0Aciers extra doux<\/p>","protected":false},"excerpt":{"rendered":"<p>\u2013 Very good handling<\/p>\n<p>\u2013 Gentle and rapid melting<\/p>\n<p>\u2013 Easy priming and repriming<\/p>\n<p>\u2013 Easy removal of slag<\/p>\n<p>\u2013 Weak non-adherent projections<\/p>\n<p>&nbsp;<\/p>","protected":false},"featured_media":18569,"comment_status":"open","ping_status":"closed","template":"","meta":{"om_disable_all_campaigns":false,"_monsterinsights_skip_tracking":false,"_monsterinsights_sitenote_active":false,"_monsterinsights_sitenote_note":"","_monsterinsights_sitenote_category":0,"_uf_show_specific_survey":0,"_uf_disable_surveys":false,"_joinchat":[]},"product_brand":[],"product_cat":[672,1080,1095,1079],"product_tag":[],"class_list":{"0":"post-18568","1":"product","2":"type-product","3":"status-publish","4":"has-post-thumbnail","6":"product_cat-fournitures-industrielles","7":"product_cat-metaux-dapport-electrodes","8":"product_cat-somati","9":"product_cat-materiel-de-soudage","11":"first","12":"instock","13":"taxable","14":"shipping-taxable","15":"product-type-simple"},"yoast_head":"<!-- This site is optimized with the Yoast SEO plugin v27.4 - https:\/\/yoast.com\/product\/yoast-seo-wordpress\/ -->\n<title>Electrodes 2000+ SOMATI - Industrie Maroc Online<\/title>\n<meta name=\"description\" content=\"\u2013 Tr\u00e8s\u00a0bonne maniabilit\u00e9  \u2013 Fusion douce et rapide  \u2013 Amor\u00e7age\u00a0et r\u00e9amor\u00e7age\u00a0facile  \u2013 Laitier facile d\u2019enl\u00e8vement  \u2013 Faibles projections non adh\u00e9rentes  &nbsp;\" \/>\n<meta name=\"robots\" content=\"index, follow, max-snippet:-1, max-image-preview:large, max-video-preview:-1\" \/>\n<link rel=\"canonical\" href=\"https:\/\/industriemaroc.com\/en\/product\/2000\/\" \/>\n<meta property=\"og:locale\" content=\"en_US\" \/>\n<meta property=\"og:type\" content=\"article\" \/>\n<meta property=\"og:title\" content=\"Electrodes 2000+ SOMATI - Industrie Maroc Online\" \/>\n<meta property=\"og:description\" content=\"\u2013 Tr\u00e8s\u00a0bonne maniabilit\u00e9  \u2013 Fusion douce et rapide  \u2013 Amor\u00e7age\u00a0et r\u00e9amor\u00e7age\u00a0facile  \u2013 Laitier facile d\u2019enl\u00e8vement  \u2013 Faibles projections non adh\u00e9rentes  &nbsp;\" \/>\n<meta property=\"og:url\" content=\"https:\/\/industriemaroc.com\/en\/product\/2000\/\" \/>\n<meta property=\"og:site_name\" content=\"Industrie Maroc Online\" \/>\n<meta property=\"article:modified_time\" content=\"2024-09-13T21:22:45+00:00\" \/>\n<meta property=\"og:image\" content=\"https:\/\/industriemaroc.com\/wp-content\/uploads\/2023\/10\/1-9.jpg\" \/>\n\t<meta property=\"og:image:width\" content=\"700\" \/>\n\t<meta property=\"og:image:height\" content=\"700\" \/>\n\t<meta property=\"og:image:type\" content=\"image\/jpeg\" \/>\n<meta name=\"twitter:card\" content=\"summary_large_image\" \/>\n<script type=\"application\/ld+json\" class=\"yoast-schema-graph\">{\"@context\":\"https:\\\/\\\/schema.org\",\"@graph\":[{\"@type\":\"WebPage\",\"@id\":\"https:\\\/\\\/industriemaroc.com\\\/produit\\\/2000\\\/\",\"url\":\"https:\\\/\\\/industriemaroc.com\\\/produit\\\/2000\\\/\",\"name\":\"Electrodes 2000+ SOMATI - Industrie Maroc Online\",\"isPartOf\":{\"@id\":\"https:\\\/\\\/industriemaroc.com\\\/#website\"},\"primaryImageOfPage\":{\"@id\":\"https:\\\/\\\/industriemaroc.com\\\/produit\\\/2000\\\/#primaryimage\"},\"image\":{\"@id\":\"https:\\\/\\\/industriemaroc.com\\\/produit\\\/2000\\\/#primaryimage\"},\"thumbnailUrl\":\"https:\\\/\\\/industriemaroc.com\\\/wp-content\\\/uploads\\\/2023\\\/10\\\/1-9.jpg\",\"datePublished\":\"2023-10-12T15:56:21+00:00\",\"dateModified\":\"2024-09-13T21:22:45+00:00\",\"description\":\"\u2013 Tr\u00e8s\u00a0bonne maniabilit\u00e9 \u2013 Fusion douce et rapide \u2013 Amor\u00e7age\u00a0et r\u00e9amor\u00e7age\u00a0facile \u2013 Laitier facile d\u2019enl\u00e8vement \u2013 Faibles projections non adh\u00e9rentes &nbsp;\",\"breadcrumb\":{\"@id\":\"https:\\\/\\\/industriemaroc.com\\\/produit\\\/2000\\\/#breadcrumb\"},\"inLanguage\":\"en-US\",\"potentialAction\":[{\"@type\":\"ReadAction\",\"target\":[\"https:\\\/\\\/industriemaroc.com\\\/produit\\\/2000\\\/\"]}]},{\"@type\":\"ImageObject\",\"inLanguage\":\"en-US\",\"@id\":\"https:\\\/\\\/industriemaroc.com\\\/produit\\\/2000\\\/#primaryimage\",\"url\":\"https:\\\/\\\/industriemaroc.com\\\/wp-content\\\/uploads\\\/2023\\\/10\\\/1-9.jpg\",\"contentUrl\":\"https:\\\/\\\/industriemaroc.com\\\/wp-content\\\/uploads\\\/2023\\\/10\\\/1-9.jpg\",\"width\":700,\"height\":700},{\"@type\":\"BreadcrumbList\",\"@id\":\"https:\\\/\\\/industriemaroc.com\\\/produit\\\/2000\\\/#breadcrumb\",\"itemListElement\":[{\"@type\":\"ListItem\",\"position\":1,\"name\":\"Home\",\"item\":\"https:\\\/\\\/industriemaroc.com\\\/\"},{\"@type\":\"ListItem\",\"position\":2,\"name\":\"Shop\",\"item\":\"https:\\\/\\\/industriemaroc.com\\\/shop\\\/\"},{\"@type\":\"ListItem\",\"position\":3,\"name\":\"Electrodes 2000+ SOMATI\"}]},{\"@type\":\"WebSite\",\"@id\":\"https:\\\/\\\/industriemaroc.com\\\/#website\",\"url\":\"https:\\\/\\\/industriemaroc.com\\\/\",\"name\":\"Industrie Maroc Online\",\"description\":\"Plateforme B2B de mat\u00e9riel professionnel au Maroc\",\"publisher\":{\"@id\":\"https:\\\/\\\/industriemaroc.com\\\/#organization\"},\"potentialAction\":[{\"@type\":\"SearchAction\",\"target\":{\"@type\":\"EntryPoint\",\"urlTemplate\":\"https:\\\/\\\/industriemaroc.com\\\/?s={search_term_string}\"},\"query-input\":{\"@type\":\"PropertyValueSpecification\",\"valueRequired\":true,\"valueName\":\"search_term_string\"}}],\"inLanguage\":\"en-US\"},{\"@type\":\"Organization\",\"@id\":\"https:\\\/\\\/industriemaroc.com\\\/#organization\",\"name\":\"industriemaroc.com\",\"url\":\"https:\\\/\\\/industriemaroc.com\\\/\",\"logo\":{\"@type\":\"ImageObject\",\"inLanguage\":\"en-US\",\"@id\":\"https:\\\/\\\/industriemaroc.com\\\/#\\\/schema\\\/logo\\\/image\\\/\",\"url\":\"https:\\\/\\\/industriemaroc.com\\\/wp-content\\\/uploads\\\/2024\\\/04\\\/IM.jpg\",\"contentUrl\":\"https:\\\/\\\/industriemaroc.com\\\/wp-content\\\/uploads\\\/2024\\\/04\\\/IM.jpg\",\"width\":2500,\"height\":2500,\"caption\":\"industriemaroc.com\"},\"image\":{\"@id\":\"https:\\\/\\\/industriemaroc.com\\\/#\\\/schema\\\/logo\\\/image\\\/\"}}]}<\/script>\n<!-- \/ Yoast SEO plugin. -->","yoast_head_json":{"title":"Electrodes 2000+ SOMATI - Industrie Maroc Online","description":"\u2013 Tr\u00e8s\u00a0bonne maniabilit\u00e9  \u2013 Fusion douce et rapide  \u2013 Amor\u00e7age\u00a0et r\u00e9amor\u00e7age\u00a0facile  \u2013 Laitier facile d\u2019enl\u00e8vement  \u2013 Faibles projections non adh\u00e9rentes  &nbsp;","robots":{"index":"index","follow":"follow","max-snippet":"max-snippet:-1","max-image-preview":"max-image-preview:large","max-video-preview":"max-video-preview:-1"},"canonical":"https:\/\/industriemaroc.com\/en\/product\/2000\/","og_locale":"en_US","og_type":"article","og_title":"Electrodes 2000+ SOMATI - Industrie Maroc Online","og_description":"\u2013 Tr\u00e8s\u00a0bonne maniabilit\u00e9  \u2013 Fusion douce et rapide  \u2013 Amor\u00e7age\u00a0et r\u00e9amor\u00e7age\u00a0facile  \u2013 Laitier facile d\u2019enl\u00e8vement  \u2013 Faibles projections non adh\u00e9rentes  &nbsp;","og_url":"https:\/\/industriemaroc.com\/en\/product\/2000\/","og_site_name":"Industrie Maroc Online","article_modified_time":"2024-09-13T21:22:45+00:00","og_image":[{"width":700,"height":700,"url":"https:\/\/industriemaroc.com\/wp-content\/uploads\/2023\/10\/1-9.jpg","type":"image\/jpeg"}],"twitter_card":"summary_large_image","schema":{"@context":"https:\/\/schema.org","@graph":[{"@type":"WebPage","@id":"https:\/\/industriemaroc.com\/produit\/2000\/","url":"https:\/\/industriemaroc.com\/produit\/2000\/","name":"Electrodes 2000+ SOMATI - Industrie Maroc Online","isPartOf":{"@id":"https:\/\/industriemaroc.com\/#website"},"primaryImageOfPage":{"@id":"https:\/\/industriemaroc.com\/produit\/2000\/#primaryimage"},"image":{"@id":"https:\/\/industriemaroc.com\/produit\/2000\/#primaryimage"},"thumbnailUrl":"https:\/\/industriemaroc.com\/wp-content\/uploads\/2023\/10\/1-9.jpg","datePublished":"2023-10-12T15:56:21+00:00","dateModified":"2024-09-13T21:22:45+00:00","description":"\u2013 Tr\u00e8s\u00a0bonne maniabilit\u00e9 \u2013 Fusion douce et rapide \u2013 Amor\u00e7age\u00a0et r\u00e9amor\u00e7age\u00a0facile \u2013 Laitier facile d\u2019enl\u00e8vement \u2013 Faibles projections non adh\u00e9rentes &nbsp;","breadcrumb":{"@id":"https:\/\/industriemaroc.com\/produit\/2000\/#breadcrumb"},"inLanguage":"en-US","potentialAction":[{"@type":"ReadAction","target":["https:\/\/industriemaroc.com\/produit\/2000\/"]}]},{"@type":"ImageObject","inLanguage":"en-US","@id":"https:\/\/industriemaroc.com\/produit\/2000\/#primaryimage","url":"https:\/\/industriemaroc.com\/wp-content\/uploads\/2023\/10\/1-9.jpg","contentUrl":"https:\/\/industriemaroc.com\/wp-content\/uploads\/2023\/10\/1-9.jpg","width":700,"height":700},{"@type":"BreadcrumbList","@id":"https:\/\/industriemaroc.com\/produit\/2000\/#breadcrumb","itemListElement":[{"@type":"ListItem","position":1,"name":"Home","item":"https:\/\/industriemaroc.com\/"},{"@type":"ListItem","position":2,"name":"Shop","item":"https:\/\/industriemaroc.com\/shop\/"},{"@type":"ListItem","position":3,"name":"Electrodes 2000+ SOMATI"}]},{"@type":"WebSite","@id":"https:\/\/industriemaroc.com\/#website","url":"https:\/\/industriemaroc.com\/","name":"Industrie Maroc Online","description":"Plateforme B2B de mat\u00e9riel professionnel au Maroc","publisher":{"@id":"https:\/\/industriemaroc.com\/#organization"},"potentialAction":[{"@type":"SearchAction","target":{"@type":"EntryPoint","urlTemplate":"https:\/\/industriemaroc.com\/?s={search_term_string}"},"query-input":{"@type":"PropertyValueSpecification","valueRequired":true,"valueName":"search_term_string"}}],"inLanguage":"en-US"},{"@type":"Organization","@id":"https:\/\/industriemaroc.com\/#organization","name":"industriemaroc.com","url":"https:\/\/industriemaroc.com\/","logo":{"@type":"ImageObject","inLanguage":"en-US","@id":"https:\/\/industriemaroc.com\/#\/schema\/logo\/image\/","url":"https:\/\/industriemaroc.com\/wp-content\/uploads\/2024\/04\/IM.jpg","contentUrl":"https:\/\/industriemaroc.com\/wp-content\/uploads\/2024\/04\/IM.jpg","width":2500,"height":2500,"caption":"industriemaroc.com"},"image":{"@id":"https:\/\/industriemaroc.com\/#\/schema\/logo\/image\/"}}]}},"_links":{"self":[{"href":"https:\/\/industriemaroc.com\/en\/wp-json\/wp\/v2\/product\/18568","targetHints":{"allow":["GET"]}}],"collection":[{"href":"https:\/\/industriemaroc.com\/en\/wp-json\/wp\/v2\/product"}],"about":[{"href":"https:\/\/industriemaroc.com\/en\/wp-json\/wp\/v2\/types\/product"}],"replies":[{"embeddable":true,"href":"https:\/\/industriemaroc.com\/en\/wp-json\/wp\/v2\/comments?post=18568"}],"version-history":[{"count":3,"href":"https:\/\/industriemaroc.com\/en\/wp-json\/wp\/v2\/product\/18568\/revisions"}],"predecessor-version":[{"id":23013,"href":"https:\/\/industriemaroc.com\/en\/wp-json\/wp\/v2\/product\/18568\/revisions\/23013"}],"wp:featuredmedia":[{"embeddable":true,"href":"https:\/\/industriemaroc.com\/en\/wp-json\/wp\/v2\/media\/18569"}],"wp:attachment":[{"href":"https:\/\/industriemaroc.com\/en\/wp-json\/wp\/v2\/media?parent=18568"}],"wp:term":[{"taxonomy":"product_brand","embeddable":true,"href":"https:\/\/industriemaroc.com\/en\/wp-json\/wp\/v2\/product_brand?post=18568"},{"taxonomy":"product_cat","embeddable":true,"href":"https:\/\/industriemaroc.com\/en\/wp-json\/wp\/v2\/product_cat?post=18568"},{"taxonomy":"product_tag","embeddable":true,"href":"https:\/\/industriemaroc.com\/en\/wp-json\/wp\/v2\/product_tag?post=18568"}],"curies":[{"name":"wp","href":"https:\/\/api.w.org\/{rel}","templated":true}]}}