{"id":18580,"date":"2023-10-13T14:17:49","date_gmt":"2023-10-13T12:17:49","guid":{"rendered":"https:\/\/industriemaroc.com\/?post_type=product&#038;p=18580"},"modified":"2024-09-14T23:20:15","modified_gmt":"2024-09-14T21:20:15","slug":"safer-nf-510","status":"publish","type":"product","link":"https:\/\/industriemaroc.com\/en\/product\/safer-nf-510\/","title":{"rendered":"Electrode Safer NF 510 SOMATI"},"content":{"rendered":"<p>NF (A 81-309) :\u00a0 \u00a0 \u00a0 \u00a0 \u00a0 \u00a0 \u00a0 \u00a0 \u00a0 \u00a0 \u00a0E515. 4B120. 26HB<\/p>\n<p>AWS (A. 5.1.69) :\u00a0 \u00a0 \u00a0 \u00a0 \u00a0 \u00a0 \u00a0 \u00a0 \u00a0E 7018<\/p>\n<p>\u2013 Rendement effectif moyen 120 %<\/p>\n<p>\u2013 Fusion douce et r\u00e9guli\u00e8re.<\/p>\n<p>\u2013 Tr\u00e8s bonne maniabilit\u00e9 et compacit\u00e9.<\/p>\n<p>\u2013 D\u00e9p\u00f4t tr\u00e8s r\u00e9gulier.<\/p>\n<p>\u2013 Bonne p\u00e9n\u00e9tration et mouillage \u00e0 l\u2019envers.<\/p>\n<p>\u2013 Tr\u00e8s haute r\u00e9sistance \u00e0 la crique et \u00e0 sa propagation tant \u00e0 chaud qu\u2019\u00e0 froid.<\/p>\n<p>&#8211; Hydrog\u00e8ne du m\u00e9tal d\u00e9pos\u00e9 5 ml\/ 100 g.<\/p>\n<p>DIAM\u00c8TRE\u00a0:<\/p>\n<p>DIAM 2.5*350 mm:\u00a0 ETUI DE 4.00 KG<\/p>\n<p>DIAM 3.15*350 \u00a0mm: ETUI DE 5.5 KG<\/p>\n<p>DIAM 4.00*450 \u00a0mm: ETUI DE 5.7 KG\u00a0\u00a0\u00a0\u00a0\u00a0\u00a0\u00a0 3 \u00c9TUIS PAR CARTON<\/p>\n<p>DIAM 5.00*450 \u00a0mm: ETUI DE 5.7 KG<\/p>\n<p>DESCRIPTION :<\/p>\n<p>\u2013 Tuyauteries moyennes et hautes pressions.<\/p>\n<p>\u2013 Travaux de tr\u00e8s\u00a0haute\u00a0s\u00e9curit\u00e9\u00a0sur acier de charge de rupture &lt; 550 N\/mm2<\/p>\n<p>\u2013 Assemblages tr\u00e8s \u00e9pais\u00a0ou fortement brid\u00e9s.<\/p>\n<p>\u2013 Assemblages subissant un travail \u00e0 chaud (forgeage)<\/p>\n<p>\u2013 Charpentes lourdes, grosses chaudronnerie, construction navale, travaux de montage etc.<\/p>\n<p>Nuances AFNOR :<\/p>\n<p>\u2013 E 24 \u00e0 E 36<\/p>\n<p>\u2013 A 42\u00a0\u00e0 A 50<\/p>\n<p>\u2013 E 355 \u00e0 E 420<\/p>\n<p>\u2013 CF 32 \u00e0 CF 42<\/p>","protected":false},"excerpt":{"rendered":"<p>DIAM 2.5*350 mm:\u00a0 ETUI DE 4.00 KG<\/p>\n<p>DIAM 3.15*350 \u00a0mm: ETUI DE 5.5 KG<\/p>\n<p>DIAM 4.00*450 \u00a0mm: ETUI DE 5.7 KG<\/p>\n<p>DIAM 5.00*450 \u00a0mm: ETUI DE 5.7 KG<\/p>\n<p>&nbsp;<\/p>\n<p>&nbsp;<\/p>\n<p>&nbsp;<\/p>","protected":false},"featured_media":18572,"comment_status":"open","ping_status":"closed","template":"","meta":{"om_disable_all_campaigns":false,"_monsterinsights_skip_tracking":false,"_monsterinsights_sitenote_active":false,"_monsterinsights_sitenote_note":"","_monsterinsights_sitenote_category":0,"_uf_show_specific_survey":0,"_uf_disable_surveys":false,"_joinchat":[]},"product_brand":[],"product_cat":[672,1080,1095,1079],"product_tag":[],"class_list":{"0":"post-18580","1":"product","2":"type-product","3":"status-publish","4":"has-post-thumbnail","6":"product_cat-fournitures-industrielles","7":"product_cat-metaux-dapport-electrodes","8":"product_cat-somati","9":"product_cat-materiel-de-soudage","11":"first","12":"instock","13":"taxable","14":"shipping-taxable","15":"product-type-simple"},"yoast_head":"<!-- This site is optimized with the Yoast SEO plugin v27.4 - https:\/\/yoast.com\/product\/yoast-seo-wordpress\/ -->\n<title>Electrode Safer NF 510 SOMATI - Industrie Maroc Online<\/title>\n<meta name=\"description\" content=\"DIAM 2.5*350 mm:\u00a0 ETUI DE 4.00 KG  DIAM 3.15*350 \u00a0mm: ETUI DE 5.5 KG  DIAM 4.00*450 \u00a0mm: ETUI DE 5.7 KG  DIAM 5.00*450 \u00a0mm: ETUI DE 5.7 KG  &nbsp;  &nbsp;  &nbsp;\" \/>\n<meta name=\"robots\" content=\"index, follow, max-snippet:-1, max-image-preview:large, max-video-preview:-1\" \/>\n<link rel=\"canonical\" href=\"https:\/\/industriemaroc.com\/en\/product\/safer-nf-510\/\" \/>\n<meta property=\"og:locale\" content=\"en_US\" \/>\n<meta property=\"og:type\" content=\"article\" \/>\n<meta property=\"og:title\" content=\"Electrode Safer NF 510 SOMATI - Industrie Maroc Online\" \/>\n<meta property=\"og:description\" content=\"DIAM 2.5*350 mm:\u00a0 ETUI DE 4.00 KG  DIAM 3.15*350 \u00a0mm: ETUI DE 5.5 KG  DIAM 4.00*450 \u00a0mm: ETUI DE 5.7 KG  DIAM 5.00*450 \u00a0mm: ETUI DE 5.7 KG  &nbsp;  &nbsp;  &nbsp;\" \/>\n<meta property=\"og:url\" content=\"https:\/\/industriemaroc.com\/en\/product\/safer-nf-510\/\" \/>\n<meta property=\"og:site_name\" content=\"Industrie Maroc Online\" \/>\n<meta property=\"article:modified_time\" content=\"2024-09-14T21:20:15+00:00\" \/>\n<meta property=\"og:image\" content=\"https:\/\/industriemaroc.com\/wp-content\/uploads\/2023\/10\/4-7.jpg\" \/>\n\t<meta property=\"og:image:width\" content=\"700\" \/>\n\t<meta property=\"og:image:height\" content=\"700\" \/>\n\t<meta property=\"og:image:type\" content=\"image\/jpeg\" \/>\n<meta name=\"twitter:card\" content=\"summary_large_image\" \/>\n<meta name=\"twitter:label1\" content=\"Est. reading time\" \/>\n\t<meta name=\"twitter:data1\" content=\"1 minute\" \/>\n<script type=\"application\/ld+json\" class=\"yoast-schema-graph\">{\"@context\":\"https:\\\/\\\/schema.org\",\"@graph\":[{\"@type\":\"WebPage\",\"@id\":\"https:\\\/\\\/industriemaroc.com\\\/produit\\\/safer-nf-510\\\/\",\"url\":\"https:\\\/\\\/industriemaroc.com\\\/produit\\\/safer-nf-510\\\/\",\"name\":\"Electrode Safer NF 510 SOMATI - Industrie Maroc Online\",\"isPartOf\":{\"@id\":\"https:\\\/\\\/industriemaroc.com\\\/#website\"},\"primaryImageOfPage\":{\"@id\":\"https:\\\/\\\/industriemaroc.com\\\/produit\\\/safer-nf-510\\\/#primaryimage\"},\"image\":{\"@id\":\"https:\\\/\\\/industriemaroc.com\\\/produit\\\/safer-nf-510\\\/#primaryimage\"},\"thumbnailUrl\":\"https:\\\/\\\/industriemaroc.com\\\/wp-content\\\/uploads\\\/2023\\\/10\\\/4-7.jpg\",\"datePublished\":\"2023-10-13T12:17:49+00:00\",\"dateModified\":\"2024-09-14T21:20:15+00:00\",\"description\":\"DIAM 2.5*350 mm:\u00a0 ETUI DE 4.00 KG DIAM 3.15*350 \u00a0mm: ETUI DE 5.5 KG DIAM 4.00*450 \u00a0mm: ETUI DE 5.7 KG DIAM 5.00*450 \u00a0mm: ETUI DE 5.7 KG &nbsp; &nbsp; &nbsp;\",\"breadcrumb\":{\"@id\":\"https:\\\/\\\/industriemaroc.com\\\/produit\\\/safer-nf-510\\\/#breadcrumb\"},\"inLanguage\":\"en-US\",\"potentialAction\":[{\"@type\":\"ReadAction\",\"target\":[\"https:\\\/\\\/industriemaroc.com\\\/produit\\\/safer-nf-510\\\/\"]}]},{\"@type\":\"ImageObject\",\"inLanguage\":\"en-US\",\"@id\":\"https:\\\/\\\/industriemaroc.com\\\/produit\\\/safer-nf-510\\\/#primaryimage\",\"url\":\"https:\\\/\\\/industriemaroc.com\\\/wp-content\\\/uploads\\\/2023\\\/10\\\/4-7.jpg\",\"contentUrl\":\"https:\\\/\\\/industriemaroc.com\\\/wp-content\\\/uploads\\\/2023\\\/10\\\/4-7.jpg\",\"width\":700,\"height\":700},{\"@type\":\"BreadcrumbList\",\"@id\":\"https:\\\/\\\/industriemaroc.com\\\/produit\\\/safer-nf-510\\\/#breadcrumb\",\"itemListElement\":[{\"@type\":\"ListItem\",\"position\":1,\"name\":\"Home\",\"item\":\"https:\\\/\\\/industriemaroc.com\\\/\"},{\"@type\":\"ListItem\",\"position\":2,\"name\":\"Shop\",\"item\":\"https:\\\/\\\/industriemaroc.com\\\/shop\\\/\"},{\"@type\":\"ListItem\",\"position\":3,\"name\":\"Electrode Safer NF 510 SOMATI\"}]},{\"@type\":\"WebSite\",\"@id\":\"https:\\\/\\\/industriemaroc.com\\\/#website\",\"url\":\"https:\\\/\\\/industriemaroc.com\\\/\",\"name\":\"Industrie Maroc Online\",\"description\":\"Plateforme B2B de mat\u00e9riel professionnel au Maroc\",\"publisher\":{\"@id\":\"https:\\\/\\\/industriemaroc.com\\\/#organization\"},\"potentialAction\":[{\"@type\":\"SearchAction\",\"target\":{\"@type\":\"EntryPoint\",\"urlTemplate\":\"https:\\\/\\\/industriemaroc.com\\\/?s={search_term_string}\"},\"query-input\":{\"@type\":\"PropertyValueSpecification\",\"valueRequired\":true,\"valueName\":\"search_term_string\"}}],\"inLanguage\":\"en-US\"},{\"@type\":\"Organization\",\"@id\":\"https:\\\/\\\/industriemaroc.com\\\/#organization\",\"name\":\"industriemaroc.com\",\"url\":\"https:\\\/\\\/industriemaroc.com\\\/\",\"logo\":{\"@type\":\"ImageObject\",\"inLanguage\":\"en-US\",\"@id\":\"https:\\\/\\\/industriemaroc.com\\\/#\\\/schema\\\/logo\\\/image\\\/\",\"url\":\"https:\\\/\\\/industriemaroc.com\\\/wp-content\\\/uploads\\\/2024\\\/04\\\/IM.jpg\",\"contentUrl\":\"https:\\\/\\\/industriemaroc.com\\\/wp-content\\\/uploads\\\/2024\\\/04\\\/IM.jpg\",\"width\":2500,\"height\":2500,\"caption\":\"industriemaroc.com\"},\"image\":{\"@id\":\"https:\\\/\\\/industriemaroc.com\\\/#\\\/schema\\\/logo\\\/image\\\/\"}}]}<\/script>\n<!-- \/ Yoast SEO plugin. -->","yoast_head_json":{"title":"Electrode Safer NF 510 SOMATI - Industrie Maroc Online","description":"DIAM 2.5*350 mm:\u00a0 ETUI DE 4.00 KG  DIAM 3.15*350 \u00a0mm: ETUI DE 5.5 KG  DIAM 4.00*450 \u00a0mm: ETUI DE 5.7 KG  DIAM 5.00*450 \u00a0mm: ETUI DE 5.7 KG  &nbsp;  &nbsp;  &nbsp;","robots":{"index":"index","follow":"follow","max-snippet":"max-snippet:-1","max-image-preview":"max-image-preview:large","max-video-preview":"max-video-preview:-1"},"canonical":"https:\/\/industriemaroc.com\/en\/product\/safer-nf-510\/","og_locale":"en_US","og_type":"article","og_title":"Electrode Safer NF 510 SOMATI - Industrie Maroc Online","og_description":"DIAM 2.5*350 mm:\u00a0 ETUI DE 4.00 KG  DIAM 3.15*350 \u00a0mm: ETUI DE 5.5 KG  DIAM 4.00*450 \u00a0mm: ETUI DE 5.7 KG  DIAM 5.00*450 \u00a0mm: ETUI DE 5.7 KG  &nbsp;  &nbsp;  &nbsp;","og_url":"https:\/\/industriemaroc.com\/en\/product\/safer-nf-510\/","og_site_name":"Industrie Maroc Online","article_modified_time":"2024-09-14T21:20:15+00:00","og_image":[{"width":700,"height":700,"url":"https:\/\/industriemaroc.com\/wp-content\/uploads\/2023\/10\/4-7.jpg","type":"image\/jpeg"}],"twitter_card":"summary_large_image","twitter_misc":{"Est. reading time":"1 minute"},"schema":{"@context":"https:\/\/schema.org","@graph":[{"@type":"WebPage","@id":"https:\/\/industriemaroc.com\/produit\/safer-nf-510\/","url":"https:\/\/industriemaroc.com\/produit\/safer-nf-510\/","name":"Electrode Safer NF 510 SOMATI - Industrie Maroc Online","isPartOf":{"@id":"https:\/\/industriemaroc.com\/#website"},"primaryImageOfPage":{"@id":"https:\/\/industriemaroc.com\/produit\/safer-nf-510\/#primaryimage"},"image":{"@id":"https:\/\/industriemaroc.com\/produit\/safer-nf-510\/#primaryimage"},"thumbnailUrl":"https:\/\/industriemaroc.com\/wp-content\/uploads\/2023\/10\/4-7.jpg","datePublished":"2023-10-13T12:17:49+00:00","dateModified":"2024-09-14T21:20:15+00:00","description":"DIAM 2.5*350 mm:\u00a0 ETUI DE 4.00 KG DIAM 3.15*350 \u00a0mm: ETUI DE 5.5 KG DIAM 4.00*450 \u00a0mm: ETUI DE 5.7 KG DIAM 5.00*450 \u00a0mm: ETUI DE 5.7 KG &nbsp; &nbsp; &nbsp;","breadcrumb":{"@id":"https:\/\/industriemaroc.com\/produit\/safer-nf-510\/#breadcrumb"},"inLanguage":"en-US","potentialAction":[{"@type":"ReadAction","target":["https:\/\/industriemaroc.com\/produit\/safer-nf-510\/"]}]},{"@type":"ImageObject","inLanguage":"en-US","@id":"https:\/\/industriemaroc.com\/produit\/safer-nf-510\/#primaryimage","url":"https:\/\/industriemaroc.com\/wp-content\/uploads\/2023\/10\/4-7.jpg","contentUrl":"https:\/\/industriemaroc.com\/wp-content\/uploads\/2023\/10\/4-7.jpg","width":700,"height":700},{"@type":"BreadcrumbList","@id":"https:\/\/industriemaroc.com\/produit\/safer-nf-510\/#breadcrumb","itemListElement":[{"@type":"ListItem","position":1,"name":"Home","item":"https:\/\/industriemaroc.com\/"},{"@type":"ListItem","position":2,"name":"Shop","item":"https:\/\/industriemaroc.com\/shop\/"},{"@type":"ListItem","position":3,"name":"Electrode Safer NF 510 SOMATI"}]},{"@type":"WebSite","@id":"https:\/\/industriemaroc.com\/#website","url":"https:\/\/industriemaroc.com\/","name":"Industrie Maroc Online","description":"Plateforme B2B de mat\u00e9riel professionnel au Maroc","publisher":{"@id":"https:\/\/industriemaroc.com\/#organization"},"potentialAction":[{"@type":"SearchAction","target":{"@type":"EntryPoint","urlTemplate":"https:\/\/industriemaroc.com\/?s={search_term_string}"},"query-input":{"@type":"PropertyValueSpecification","valueRequired":true,"valueName":"search_term_string"}}],"inLanguage":"en-US"},{"@type":"Organization","@id":"https:\/\/industriemaroc.com\/#organization","name":"industriemaroc.com","url":"https:\/\/industriemaroc.com\/","logo":{"@type":"ImageObject","inLanguage":"en-US","@id":"https:\/\/industriemaroc.com\/#\/schema\/logo\/image\/","url":"https:\/\/industriemaroc.com\/wp-content\/uploads\/2024\/04\/IM.jpg","contentUrl":"https:\/\/industriemaroc.com\/wp-content\/uploads\/2024\/04\/IM.jpg","width":2500,"height":2500,"caption":"industriemaroc.com"},"image":{"@id":"https:\/\/industriemaroc.com\/#\/schema\/logo\/image\/"}}]}},"_links":{"self":[{"href":"https:\/\/industriemaroc.com\/en\/wp-json\/wp\/v2\/product\/18580","targetHints":{"allow":["GET"]}}],"collection":[{"href":"https:\/\/industriemaroc.com\/en\/wp-json\/wp\/v2\/product"}],"about":[{"href":"https:\/\/industriemaroc.com\/en\/wp-json\/wp\/v2\/types\/product"}],"replies":[{"embeddable":true,"href":"https:\/\/industriemaroc.com\/en\/wp-json\/wp\/v2\/comments?post=18580"}],"version-history":[{"count":3,"href":"https:\/\/industriemaroc.com\/en\/wp-json\/wp\/v2\/product\/18580\/revisions"}],"predecessor-version":[{"id":23147,"href":"https:\/\/industriemaroc.com\/en\/wp-json\/wp\/v2\/product\/18580\/revisions\/23147"}],"wp:featuredmedia":[{"embeddable":true,"href":"https:\/\/industriemaroc.com\/en\/wp-json\/wp\/v2\/media\/18572"}],"wp:attachment":[{"href":"https:\/\/industriemaroc.com\/en\/wp-json\/wp\/v2\/media?parent=18580"}],"wp:term":[{"taxonomy":"product_brand","embeddable":true,"href":"https:\/\/industriemaroc.com\/en\/wp-json\/wp\/v2\/product_brand?post=18580"},{"taxonomy":"product_cat","embeddable":true,"href":"https:\/\/industriemaroc.com\/en\/wp-json\/wp\/v2\/product_cat?post=18580"},{"taxonomy":"product_tag","embeddable":true,"href":"https:\/\/industriemaroc.com\/en\/wp-json\/wp\/v2\/product_tag?post=18580"}],"curies":[{"name":"wp","href":"https:\/\/api.w.org\/{rel}","templated":true}]}}