{"id":18681,"date":"2023-10-18T03:03:23","date_gmt":"2023-10-18T01:03:23","guid":{"rendered":"https:\/\/industriemaroc.com\/?post_type=product&#038;p=18681"},"modified":"2024-09-14T21:46:32","modified_gmt":"2024-09-14T19:46:32","slug":"chalumeau-de-chauffe-2-tetes-yildiz","status":"publish","type":"product","link":"https:\/\/industriemaroc.com\/en\/product\/chalumeau-de-chauffe-2-tetes-yildiz\/","title":{"rendered":"Chalumeau De Chauffe 2 T\u00eates (yildiz)"},"content":{"rendered":"<div class=\"flex-shrink-0 flex flex-col relative items-end\">\n<div>\n<div class=\"pt-0\">\n<div class=\"gizmo-bot-avatar flex h-8 w-8 items-center justify-center overflow-hidden rounded-full\">\n<div class=\"relative p-1 rounded-sm flex items-center justify-center bg-token-main-surface-primary text-token-text-primary h-8 w-8\">Le chalumeau de chauffe \u00e0 2 t\u00eates Yildiz est con\u00e7u pour fournir une chaleur intense et homog\u00e8ne gr\u00e2ce \u00e0 ses deux flammes r\u00e9glables, id\u00e9ales pour des applications n\u00e9cessitant une pr\u00e9cision accrue.<\/div>\n<div class=\"relative p-1 rounded-sm flex items-center justify-center bg-token-main-surface-primary text-token-text-primary h-8 w-8\">Ce mod\u00e8le est particuli\u00e8rement efficace pour chauffer rapidement des mat\u00e9riaux ou des surfaces vari\u00e9es, tout en permettant un contr\u00f4le facile de la temp\u00e9rature.<\/div>\n<div class=\"relative p-1 rounded-sm flex items-center justify-center bg-token-main-surface-primary text-token-text-primary h-8 w-8\">Sa construction robuste garantit une longue dur\u00e9e de vie et une performance fiable dans des conditions de travail exigeantes.<\/div>\n<\/div>\n<\/div>\n<\/div>\n<\/div>","protected":false},"excerpt":{"rendered":"<div class=\"relative p-1 rounded-sm flex items-center justify-center bg-token-main-surface-primary text-token-text-primary h-8 w-8\">Fournir une chaleur intense et homog\u00e8ne gr\u00e2ce \u00e0 ses deux flammes r\u00e9glables.<\/div>\n<div class=\"relative p-1 rounded-sm flex items-center justify-center bg-token-main-surface-primary text-token-text-primary h-8 w-8\">Id\u00e9ales pour des applications n\u00e9cessitant une pr\u00e9cision accrue.<\/div>\n<div class=\"relative p-1 rounded-sm flex items-center justify-center bg-token-main-surface-primary text-token-text-primary h-8 w-8\"><\/div>","protected":false},"featured_media":18672,"comment_status":"open","ping_status":"closed","template":"","meta":{"om_disable_all_campaigns":false,"_monsterinsights_skip_tracking":false,"_monsterinsights_sitenote_active":false,"_monsterinsights_sitenote_note":"","_monsterinsights_sitenote_category":0,"_uf_show_specific_survey":0,"_uf_disable_surveys":false,"_joinchat":[]},"product_brand":[],"product_cat":[1100,672,1085,1079],"product_tag":[],"class_list":{"0":"post-18681","1":"product","2":"type-product","3":"status-publish","4":"has-post-thumbnail","6":"product_cat-chalumeau","7":"product_cat-fournitures-industrielles","8":"product_cat-gaz-et-flamme","9":"product_cat-materiel-de-soudage","11":"first","12":"instock","13":"taxable","14":"shipping-taxable","15":"product-type-simple"},"yoast_head":"<!-- This site is optimized with the Yoast SEO plugin v27.4 - https:\/\/yoast.com\/product\/yoast-seo-wordpress\/ -->\n<title>Chalumeau De Chauffe 2 T\u00eates (yildiz) - Industrie Maroc Online<\/title>\n<meta name=\"description\" content=\"Fournir une chaleur intense et homog\u00e8ne gr\u00e2ce \u00e0 ses deux flammes r\u00e9glables. Id\u00e9ales pour des applications n\u00e9cessitant une pr\u00e9cision accrue.\" \/>\n<meta name=\"robots\" content=\"index, follow, max-snippet:-1, max-image-preview:large, max-video-preview:-1\" \/>\n<link rel=\"canonical\" href=\"https:\/\/industriemaroc.com\/en\/product\/chalumeau-de-chauffe-2-tetes-yildiz\/\" \/>\n<meta property=\"og:locale\" content=\"en_US\" \/>\n<meta property=\"og:type\" content=\"article\" \/>\n<meta property=\"og:title\" content=\"Chalumeau De Chauffe 2 T\u00eates (yildiz) - Industrie Maroc Online\" \/>\n<meta property=\"og:description\" content=\"Fournir une chaleur intense et homog\u00e8ne gr\u00e2ce \u00e0 ses deux flammes r\u00e9glables. Id\u00e9ales pour des applications n\u00e9cessitant une pr\u00e9cision accrue.\" \/>\n<meta property=\"og:url\" content=\"https:\/\/industriemaroc.com\/en\/product\/chalumeau-de-chauffe-2-tetes-yildiz\/\" \/>\n<meta property=\"og:site_name\" content=\"Industrie Maroc Online\" \/>\n<meta property=\"article:modified_time\" content=\"2024-09-14T19:46:32+00:00\" \/>\n<meta property=\"og:image\" content=\"https:\/\/industriemaroc.com\/wp-content\/uploads\/2023\/10\/4-11.jpg\" \/>\n\t<meta property=\"og:image:width\" content=\"700\" \/>\n\t<meta property=\"og:image:height\" content=\"700\" \/>\n\t<meta property=\"og:image:type\" content=\"image\/jpeg\" \/>\n<meta name=\"twitter:card\" content=\"summary_large_image\" \/>\n<script type=\"application\/ld+json\" class=\"yoast-schema-graph\">{\"@context\":\"https:\\\/\\\/schema.org\",\"@graph\":[{\"@type\":\"WebPage\",\"@id\":\"https:\\\/\\\/industriemaroc.com\\\/produit\\\/chalumeau-de-chauffe-2-tetes-yildiz\\\/\",\"url\":\"https:\\\/\\\/industriemaroc.com\\\/produit\\\/chalumeau-de-chauffe-2-tetes-yildiz\\\/\",\"name\":\"Chalumeau De Chauffe 2 T\u00eates (yildiz) - Industrie Maroc Online\",\"isPartOf\":{\"@id\":\"https:\\\/\\\/industriemaroc.com\\\/#website\"},\"primaryImageOfPage\":{\"@id\":\"https:\\\/\\\/industriemaroc.com\\\/produit\\\/chalumeau-de-chauffe-2-tetes-yildiz\\\/#primaryimage\"},\"image\":{\"@id\":\"https:\\\/\\\/industriemaroc.com\\\/produit\\\/chalumeau-de-chauffe-2-tetes-yildiz\\\/#primaryimage\"},\"thumbnailUrl\":\"https:\\\/\\\/industriemaroc.com\\\/wp-content\\\/uploads\\\/2023\\\/10\\\/4-11.jpg\",\"datePublished\":\"2023-10-18T01:03:23+00:00\",\"dateModified\":\"2024-09-14T19:46:32+00:00\",\"description\":\"Fournir une chaleur intense et homog\u00e8ne gr\u00e2ce \u00e0 ses deux flammes r\u00e9glables. Id\u00e9ales pour des applications n\u00e9cessitant une pr\u00e9cision accrue.\",\"breadcrumb\":{\"@id\":\"https:\\\/\\\/industriemaroc.com\\\/produit\\\/chalumeau-de-chauffe-2-tetes-yildiz\\\/#breadcrumb\"},\"inLanguage\":\"en-US\",\"potentialAction\":[{\"@type\":\"ReadAction\",\"target\":[\"https:\\\/\\\/industriemaroc.com\\\/produit\\\/chalumeau-de-chauffe-2-tetes-yildiz\\\/\"]}]},{\"@type\":\"ImageObject\",\"inLanguage\":\"en-US\",\"@id\":\"https:\\\/\\\/industriemaroc.com\\\/produit\\\/chalumeau-de-chauffe-2-tetes-yildiz\\\/#primaryimage\",\"url\":\"https:\\\/\\\/industriemaroc.com\\\/wp-content\\\/uploads\\\/2023\\\/10\\\/4-11.jpg\",\"contentUrl\":\"https:\\\/\\\/industriemaroc.com\\\/wp-content\\\/uploads\\\/2023\\\/10\\\/4-11.jpg\",\"width\":700,\"height\":700},{\"@type\":\"BreadcrumbList\",\"@id\":\"https:\\\/\\\/industriemaroc.com\\\/produit\\\/chalumeau-de-chauffe-2-tetes-yildiz\\\/#breadcrumb\",\"itemListElement\":[{\"@type\":\"ListItem\",\"position\":1,\"name\":\"Home\",\"item\":\"https:\\\/\\\/industriemaroc.com\\\/\"},{\"@type\":\"ListItem\",\"position\":2,\"name\":\"Shop\",\"item\":\"https:\\\/\\\/industriemaroc.com\\\/shop\\\/\"},{\"@type\":\"ListItem\",\"position\":3,\"name\":\"Chalumeau De Chauffe 2 T\u00eates (yildiz)\"}]},{\"@type\":\"WebSite\",\"@id\":\"https:\\\/\\\/industriemaroc.com\\\/#website\",\"url\":\"https:\\\/\\\/industriemaroc.com\\\/\",\"name\":\"Industrie Maroc Online\",\"description\":\"Plateforme B2B de mat\u00e9riel professionnel au Maroc\",\"publisher\":{\"@id\":\"https:\\\/\\\/industriemaroc.com\\\/#organization\"},\"potentialAction\":[{\"@type\":\"SearchAction\",\"target\":{\"@type\":\"EntryPoint\",\"urlTemplate\":\"https:\\\/\\\/industriemaroc.com\\\/?s={search_term_string}\"},\"query-input\":{\"@type\":\"PropertyValueSpecification\",\"valueRequired\":true,\"valueName\":\"search_term_string\"}}],\"inLanguage\":\"en-US\"},{\"@type\":\"Organization\",\"@id\":\"https:\\\/\\\/industriemaroc.com\\\/#organization\",\"name\":\"industriemaroc.com\",\"url\":\"https:\\\/\\\/industriemaroc.com\\\/\",\"logo\":{\"@type\":\"ImageObject\",\"inLanguage\":\"en-US\",\"@id\":\"https:\\\/\\\/industriemaroc.com\\\/#\\\/schema\\\/logo\\\/image\\\/\",\"url\":\"https:\\\/\\\/industriemaroc.com\\\/wp-content\\\/uploads\\\/2024\\\/04\\\/IM.jpg\",\"contentUrl\":\"https:\\\/\\\/industriemaroc.com\\\/wp-content\\\/uploads\\\/2024\\\/04\\\/IM.jpg\",\"width\":2500,\"height\":2500,\"caption\":\"industriemaroc.com\"},\"image\":{\"@id\":\"https:\\\/\\\/industriemaroc.com\\\/#\\\/schema\\\/logo\\\/image\\\/\"}}]}<\/script>\n<!-- \/ Yoast SEO plugin. -->","yoast_head_json":{"title":"Chalumeau De Chauffe 2 T\u00eates (yildiz) - Industrie Maroc Online","description":"Fournir une chaleur intense et homog\u00e8ne gr\u00e2ce \u00e0 ses deux flammes r\u00e9glables. Id\u00e9ales pour des applications n\u00e9cessitant une pr\u00e9cision accrue.","robots":{"index":"index","follow":"follow","max-snippet":"max-snippet:-1","max-image-preview":"max-image-preview:large","max-video-preview":"max-video-preview:-1"},"canonical":"https:\/\/industriemaroc.com\/en\/product\/chalumeau-de-chauffe-2-tetes-yildiz\/","og_locale":"en_US","og_type":"article","og_title":"Chalumeau De Chauffe 2 T\u00eates (yildiz) - Industrie Maroc Online","og_description":"Fournir une chaleur intense et homog\u00e8ne gr\u00e2ce \u00e0 ses deux flammes r\u00e9glables. Id\u00e9ales pour des applications n\u00e9cessitant une pr\u00e9cision accrue.","og_url":"https:\/\/industriemaroc.com\/en\/product\/chalumeau-de-chauffe-2-tetes-yildiz\/","og_site_name":"Industrie Maroc Online","article_modified_time":"2024-09-14T19:46:32+00:00","og_image":[{"width":700,"height":700,"url":"https:\/\/industriemaroc.com\/wp-content\/uploads\/2023\/10\/4-11.jpg","type":"image\/jpeg"}],"twitter_card":"summary_large_image","schema":{"@context":"https:\/\/schema.org","@graph":[{"@type":"WebPage","@id":"https:\/\/industriemaroc.com\/produit\/chalumeau-de-chauffe-2-tetes-yildiz\/","url":"https:\/\/industriemaroc.com\/produit\/chalumeau-de-chauffe-2-tetes-yildiz\/","name":"Chalumeau De Chauffe 2 T\u00eates (yildiz) - Industrie Maroc Online","isPartOf":{"@id":"https:\/\/industriemaroc.com\/#website"},"primaryImageOfPage":{"@id":"https:\/\/industriemaroc.com\/produit\/chalumeau-de-chauffe-2-tetes-yildiz\/#primaryimage"},"image":{"@id":"https:\/\/industriemaroc.com\/produit\/chalumeau-de-chauffe-2-tetes-yildiz\/#primaryimage"},"thumbnailUrl":"https:\/\/industriemaroc.com\/wp-content\/uploads\/2023\/10\/4-11.jpg","datePublished":"2023-10-18T01:03:23+00:00","dateModified":"2024-09-14T19:46:32+00:00","description":"Fournir une chaleur intense et homog\u00e8ne gr\u00e2ce \u00e0 ses deux flammes r\u00e9glables. Id\u00e9ales pour des applications n\u00e9cessitant une pr\u00e9cision accrue.","breadcrumb":{"@id":"https:\/\/industriemaroc.com\/produit\/chalumeau-de-chauffe-2-tetes-yildiz\/#breadcrumb"},"inLanguage":"en-US","potentialAction":[{"@type":"ReadAction","target":["https:\/\/industriemaroc.com\/produit\/chalumeau-de-chauffe-2-tetes-yildiz\/"]}]},{"@type":"ImageObject","inLanguage":"en-US","@id":"https:\/\/industriemaroc.com\/produit\/chalumeau-de-chauffe-2-tetes-yildiz\/#primaryimage","url":"https:\/\/industriemaroc.com\/wp-content\/uploads\/2023\/10\/4-11.jpg","contentUrl":"https:\/\/industriemaroc.com\/wp-content\/uploads\/2023\/10\/4-11.jpg","width":700,"height":700},{"@type":"BreadcrumbList","@id":"https:\/\/industriemaroc.com\/produit\/chalumeau-de-chauffe-2-tetes-yildiz\/#breadcrumb","itemListElement":[{"@type":"ListItem","position":1,"name":"Home","item":"https:\/\/industriemaroc.com\/"},{"@type":"ListItem","position":2,"name":"Shop","item":"https:\/\/industriemaroc.com\/shop\/"},{"@type":"ListItem","position":3,"name":"Chalumeau De Chauffe 2 T\u00eates (yildiz)"}]},{"@type":"WebSite","@id":"https:\/\/industriemaroc.com\/#website","url":"https:\/\/industriemaroc.com\/","name":"Industrie Maroc Online","description":"Plateforme B2B de mat\u00e9riel professionnel au Maroc","publisher":{"@id":"https:\/\/industriemaroc.com\/#organization"},"potentialAction":[{"@type":"SearchAction","target":{"@type":"EntryPoint","urlTemplate":"https:\/\/industriemaroc.com\/?s={search_term_string}"},"query-input":{"@type":"PropertyValueSpecification","valueRequired":true,"valueName":"search_term_string"}}],"inLanguage":"en-US"},{"@type":"Organization","@id":"https:\/\/industriemaroc.com\/#organization","name":"industriemaroc.com","url":"https:\/\/industriemaroc.com\/","logo":{"@type":"ImageObject","inLanguage":"en-US","@id":"https:\/\/industriemaroc.com\/#\/schema\/logo\/image\/","url":"https:\/\/industriemaroc.com\/wp-content\/uploads\/2024\/04\/IM.jpg","contentUrl":"https:\/\/industriemaroc.com\/wp-content\/uploads\/2024\/04\/IM.jpg","width":2500,"height":2500,"caption":"industriemaroc.com"},"image":{"@id":"https:\/\/industriemaroc.com\/#\/schema\/logo\/image\/"}}]}},"_links":{"self":[{"href":"https:\/\/industriemaroc.com\/en\/wp-json\/wp\/v2\/product\/18681","targetHints":{"allow":["GET"]}}],"collection":[{"href":"https:\/\/industriemaroc.com\/en\/wp-json\/wp\/v2\/product"}],"about":[{"href":"https:\/\/industriemaroc.com\/en\/wp-json\/wp\/v2\/types\/product"}],"replies":[{"embeddable":true,"href":"https:\/\/industriemaroc.com\/en\/wp-json\/wp\/v2\/comments?post=18681"}],"version-history":[{"count":3,"href":"https:\/\/industriemaroc.com\/en\/wp-json\/wp\/v2\/product\/18681\/revisions"}],"predecessor-version":[{"id":23083,"href":"https:\/\/industriemaroc.com\/en\/wp-json\/wp\/v2\/product\/18681\/revisions\/23083"}],"wp:featuredmedia":[{"embeddable":true,"href":"https:\/\/industriemaroc.com\/en\/wp-json\/wp\/v2\/media\/18672"}],"wp:attachment":[{"href":"https:\/\/industriemaroc.com\/en\/wp-json\/wp\/v2\/media?parent=18681"}],"wp:term":[{"taxonomy":"product_brand","embeddable":true,"href":"https:\/\/industriemaroc.com\/en\/wp-json\/wp\/v2\/product_brand?post=18681"},{"taxonomy":"product_cat","embeddable":true,"href":"https:\/\/industriemaroc.com\/en\/wp-json\/wp\/v2\/product_cat?post=18681"},{"taxonomy":"product_tag","embeddable":true,"href":"https:\/\/industriemaroc.com\/en\/wp-json\/wp\/v2\/product_tag?post=18681"}],"curies":[{"name":"wp","href":"https:\/\/api.w.org\/{rel}","templated":true}]}}