{"id":18737,"date":"2023-10-18T17:45:19","date_gmt":"2023-10-18T15:45:19","guid":{"rendered":"https:\/\/industriemaroc.com\/?post_type=product&#038;p=18737"},"modified":"2024-09-14T22:52:06","modified_gmt":"2024-09-14T20:52:06","slug":"pate-anti-adherente","status":"publish","type":"product","link":"https:\/\/industriemaroc.com\/en\/product\/pate-anti-adherente\/","title":{"rendered":"P\u00e2te Anti Adh\u00e9rente Magmaweld"},"content":{"rendered":"<p>La p\u00e2te antiadh\u00e9rente Magmaweld est formul\u00e9e pour pr\u00e9venir l&rsquo;adh\u00e9sion des mat\u00e9riaux fondus aux surfaces de travail, facilitant ainsi le nettoyage apr\u00e8s les op\u00e9rations de soudage.<\/p>\n<p>Sa composition sp\u00e9ciale cr\u00e9e une barri\u00e8re protectrice qui r\u00e9duit l&rsquo;accumulation de d\u00e9p\u00f4ts et prolonge la dur\u00e9e de vie des \u00e9quipements.<\/p>\n<p>Facile \u00e0 appliquer, elle garantit une protection efficace contre les r\u00e9sidus, am\u00e9liorant l&rsquo;efficacit\u00e9 et la propret\u00e9 des postes de travail.<\/p>","protected":false},"excerpt":{"rendered":"<p>Formul\u00e9e pour pr\u00e9venir l&rsquo;adh\u00e9sion des mat\u00e9riaux fondus aux surfaces de travail.<\/p>\n<p>Facilitant ainsi le nettoyage apr\u00e8s les op\u00e9rations de soudage.<\/p>","protected":false},"featured_media":18727,"comment_status":"open","ping_status":"closed","template":"","meta":{"om_disable_all_campaigns":false,"_monsterinsights_skip_tracking":false,"_monsterinsights_sitenote_active":false,"_monsterinsights_sitenote_note":"","_monsterinsights_sitenote_category":0,"_uf_show_specific_survey":0,"_uf_disable_surveys":false,"_joinchat":[]},"product_brand":[],"product_cat":[1103,672,1079,1087],"product_tag":[],"class_list":{"0":"post-18737","1":"product","2":"type-product","3":"status-publish","4":"has-post-thumbnail","6":"product_cat-accessoires-mig","7":"product_cat-fournitures-industrielles","8":"product_cat-materiel-de-soudage","9":"product_cat-torches-de-soudage","11":"first","12":"instock","13":"taxable","14":"shipping-taxable","15":"product-type-simple"},"yoast_head":"<!-- This site is optimized with the Yoast SEO plugin v27.4 - https:\/\/yoast.com\/product\/yoast-seo-wordpress\/ -->\n<title>P\u00e2te Anti Adh\u00e9rente Magmaweld - Industrie Maroc Online<\/title>\n<meta name=\"description\" content=\"Formul\u00e9e pour pr\u00e9venir l&#039;adh\u00e9sion des mat\u00e9riaux fondus aux surfaces de travail.  Facilitant ainsi le nettoyage apr\u00e8s les op\u00e9rations de soudage.\" \/>\n<meta name=\"robots\" content=\"index, follow, max-snippet:-1, max-image-preview:large, max-video-preview:-1\" \/>\n<link rel=\"canonical\" href=\"https:\/\/industriemaroc.com\/en\/product\/pate-anti-adherente\/\" \/>\n<meta property=\"og:locale\" content=\"en_US\" \/>\n<meta property=\"og:type\" content=\"article\" \/>\n<meta property=\"og:title\" content=\"P\u00e2te Anti Adh\u00e9rente Magmaweld - Industrie Maroc Online\" \/>\n<meta property=\"og:description\" content=\"Formul\u00e9e pour pr\u00e9venir l&#039;adh\u00e9sion des mat\u00e9riaux fondus aux surfaces de travail.  Facilitant ainsi le nettoyage apr\u00e8s les op\u00e9rations de soudage.\" \/>\n<meta property=\"og:url\" content=\"https:\/\/industriemaroc.com\/en\/product\/pate-anti-adherente\/\" \/>\n<meta property=\"og:site_name\" content=\"Industrie Maroc Online\" \/>\n<meta property=\"article:modified_time\" content=\"2024-09-14T20:52:06+00:00\" \/>\n<meta property=\"og:image\" content=\"https:\/\/industriemaroc.com\/wp-content\/uploads\/2023\/10\/6-9.jpg\" \/>\n\t<meta property=\"og:image:width\" content=\"700\" \/>\n\t<meta property=\"og:image:height\" content=\"700\" \/>\n\t<meta property=\"og:image:type\" content=\"image\/jpeg\" \/>\n<meta name=\"twitter:card\" content=\"summary_large_image\" \/>\n<script type=\"application\/ld+json\" class=\"yoast-schema-graph\">{\"@context\":\"https:\\\/\\\/schema.org\",\"@graph\":[{\"@type\":\"WebPage\",\"@id\":\"https:\\\/\\\/industriemaroc.com\\\/produit\\\/pate-anti-adherente\\\/\",\"url\":\"https:\\\/\\\/industriemaroc.com\\\/produit\\\/pate-anti-adherente\\\/\",\"name\":\"P\u00e2te Anti Adh\u00e9rente Magmaweld - Industrie Maroc Online\",\"isPartOf\":{\"@id\":\"https:\\\/\\\/industriemaroc.com\\\/#website\"},\"primaryImageOfPage\":{\"@id\":\"https:\\\/\\\/industriemaroc.com\\\/produit\\\/pate-anti-adherente\\\/#primaryimage\"},\"image\":{\"@id\":\"https:\\\/\\\/industriemaroc.com\\\/produit\\\/pate-anti-adherente\\\/#primaryimage\"},\"thumbnailUrl\":\"https:\\\/\\\/industriemaroc.com\\\/wp-content\\\/uploads\\\/2023\\\/10\\\/6-9.jpg\",\"datePublished\":\"2023-10-18T15:45:19+00:00\",\"dateModified\":\"2024-09-14T20:52:06+00:00\",\"description\":\"Formul\u00e9e pour pr\u00e9venir l'adh\u00e9sion des mat\u00e9riaux fondus aux surfaces de travail. Facilitant ainsi le nettoyage apr\u00e8s les op\u00e9rations de soudage.\",\"breadcrumb\":{\"@id\":\"https:\\\/\\\/industriemaroc.com\\\/produit\\\/pate-anti-adherente\\\/#breadcrumb\"},\"inLanguage\":\"en-US\",\"potentialAction\":[{\"@type\":\"ReadAction\",\"target\":[\"https:\\\/\\\/industriemaroc.com\\\/produit\\\/pate-anti-adherente\\\/\"]}]},{\"@type\":\"ImageObject\",\"inLanguage\":\"en-US\",\"@id\":\"https:\\\/\\\/industriemaroc.com\\\/produit\\\/pate-anti-adherente\\\/#primaryimage\",\"url\":\"https:\\\/\\\/industriemaroc.com\\\/wp-content\\\/uploads\\\/2023\\\/10\\\/6-9.jpg\",\"contentUrl\":\"https:\\\/\\\/industriemaroc.com\\\/wp-content\\\/uploads\\\/2023\\\/10\\\/6-9.jpg\",\"width\":700,\"height\":700},{\"@type\":\"BreadcrumbList\",\"@id\":\"https:\\\/\\\/industriemaroc.com\\\/produit\\\/pate-anti-adherente\\\/#breadcrumb\",\"itemListElement\":[{\"@type\":\"ListItem\",\"position\":1,\"name\":\"Home\",\"item\":\"https:\\\/\\\/industriemaroc.com\\\/\"},{\"@type\":\"ListItem\",\"position\":2,\"name\":\"Shop\",\"item\":\"https:\\\/\\\/industriemaroc.com\\\/shop\\\/\"},{\"@type\":\"ListItem\",\"position\":3,\"name\":\"P\u00e2te Anti Adh\u00e9rente Magmaweld\"}]},{\"@type\":\"WebSite\",\"@id\":\"https:\\\/\\\/industriemaroc.com\\\/#website\",\"url\":\"https:\\\/\\\/industriemaroc.com\\\/\",\"name\":\"Industrie Maroc Online\",\"description\":\"Plateforme B2B de mat\u00e9riel professionnel au Maroc\",\"publisher\":{\"@id\":\"https:\\\/\\\/industriemaroc.com\\\/#organization\"},\"potentialAction\":[{\"@type\":\"SearchAction\",\"target\":{\"@type\":\"EntryPoint\",\"urlTemplate\":\"https:\\\/\\\/industriemaroc.com\\\/?s={search_term_string}\"},\"query-input\":{\"@type\":\"PropertyValueSpecification\",\"valueRequired\":true,\"valueName\":\"search_term_string\"}}],\"inLanguage\":\"en-US\"},{\"@type\":\"Organization\",\"@id\":\"https:\\\/\\\/industriemaroc.com\\\/#organization\",\"name\":\"industriemaroc.com\",\"url\":\"https:\\\/\\\/industriemaroc.com\\\/\",\"logo\":{\"@type\":\"ImageObject\",\"inLanguage\":\"en-US\",\"@id\":\"https:\\\/\\\/industriemaroc.com\\\/#\\\/schema\\\/logo\\\/image\\\/\",\"url\":\"https:\\\/\\\/industriemaroc.com\\\/wp-content\\\/uploads\\\/2024\\\/04\\\/IM.jpg\",\"contentUrl\":\"https:\\\/\\\/industriemaroc.com\\\/wp-content\\\/uploads\\\/2024\\\/04\\\/IM.jpg\",\"width\":2500,\"height\":2500,\"caption\":\"industriemaroc.com\"},\"image\":{\"@id\":\"https:\\\/\\\/industriemaroc.com\\\/#\\\/schema\\\/logo\\\/image\\\/\"}}]}<\/script>\n<!-- \/ Yoast SEO plugin. -->","yoast_head_json":{"title":"P\u00e2te Anti Adh\u00e9rente Magmaweld - Industrie Maroc Online","description":"Formul\u00e9e pour pr\u00e9venir l'adh\u00e9sion des mat\u00e9riaux fondus aux surfaces de travail.  Facilitant ainsi le nettoyage apr\u00e8s les op\u00e9rations de soudage.","robots":{"index":"index","follow":"follow","max-snippet":"max-snippet:-1","max-image-preview":"max-image-preview:large","max-video-preview":"max-video-preview:-1"},"canonical":"https:\/\/industriemaroc.com\/en\/product\/pate-anti-adherente\/","og_locale":"en_US","og_type":"article","og_title":"P\u00e2te Anti Adh\u00e9rente Magmaweld - Industrie Maroc Online","og_description":"Formul\u00e9e pour pr\u00e9venir l'adh\u00e9sion des mat\u00e9riaux fondus aux surfaces de travail.  Facilitant ainsi le nettoyage apr\u00e8s les op\u00e9rations de soudage.","og_url":"https:\/\/industriemaroc.com\/en\/product\/pate-anti-adherente\/","og_site_name":"Industrie Maroc Online","article_modified_time":"2024-09-14T20:52:06+00:00","og_image":[{"width":700,"height":700,"url":"https:\/\/industriemaroc.com\/wp-content\/uploads\/2023\/10\/6-9.jpg","type":"image\/jpeg"}],"twitter_card":"summary_large_image","schema":{"@context":"https:\/\/schema.org","@graph":[{"@type":"WebPage","@id":"https:\/\/industriemaroc.com\/produit\/pate-anti-adherente\/","url":"https:\/\/industriemaroc.com\/produit\/pate-anti-adherente\/","name":"P\u00e2te Anti Adh\u00e9rente Magmaweld - Industrie Maroc Online","isPartOf":{"@id":"https:\/\/industriemaroc.com\/#website"},"primaryImageOfPage":{"@id":"https:\/\/industriemaroc.com\/produit\/pate-anti-adherente\/#primaryimage"},"image":{"@id":"https:\/\/industriemaroc.com\/produit\/pate-anti-adherente\/#primaryimage"},"thumbnailUrl":"https:\/\/industriemaroc.com\/wp-content\/uploads\/2023\/10\/6-9.jpg","datePublished":"2023-10-18T15:45:19+00:00","dateModified":"2024-09-14T20:52:06+00:00","description":"Formul\u00e9e pour pr\u00e9venir l'adh\u00e9sion des mat\u00e9riaux fondus aux surfaces de travail. Facilitant ainsi le nettoyage apr\u00e8s les op\u00e9rations de soudage.","breadcrumb":{"@id":"https:\/\/industriemaroc.com\/produit\/pate-anti-adherente\/#breadcrumb"},"inLanguage":"en-US","potentialAction":[{"@type":"ReadAction","target":["https:\/\/industriemaroc.com\/produit\/pate-anti-adherente\/"]}]},{"@type":"ImageObject","inLanguage":"en-US","@id":"https:\/\/industriemaroc.com\/produit\/pate-anti-adherente\/#primaryimage","url":"https:\/\/industriemaroc.com\/wp-content\/uploads\/2023\/10\/6-9.jpg","contentUrl":"https:\/\/industriemaroc.com\/wp-content\/uploads\/2023\/10\/6-9.jpg","width":700,"height":700},{"@type":"BreadcrumbList","@id":"https:\/\/industriemaroc.com\/produit\/pate-anti-adherente\/#breadcrumb","itemListElement":[{"@type":"ListItem","position":1,"name":"Home","item":"https:\/\/industriemaroc.com\/"},{"@type":"ListItem","position":2,"name":"Shop","item":"https:\/\/industriemaroc.com\/shop\/"},{"@type":"ListItem","position":3,"name":"P\u00e2te Anti Adh\u00e9rente Magmaweld"}]},{"@type":"WebSite","@id":"https:\/\/industriemaroc.com\/#website","url":"https:\/\/industriemaroc.com\/","name":"Industrie Maroc Online","description":"Plateforme B2B de mat\u00e9riel professionnel au Maroc","publisher":{"@id":"https:\/\/industriemaroc.com\/#organization"},"potentialAction":[{"@type":"SearchAction","target":{"@type":"EntryPoint","urlTemplate":"https:\/\/industriemaroc.com\/?s={search_term_string}"},"query-input":{"@type":"PropertyValueSpecification","valueRequired":true,"valueName":"search_term_string"}}],"inLanguage":"en-US"},{"@type":"Organization","@id":"https:\/\/industriemaroc.com\/#organization","name":"industriemaroc.com","url":"https:\/\/industriemaroc.com\/","logo":{"@type":"ImageObject","inLanguage":"en-US","@id":"https:\/\/industriemaroc.com\/#\/schema\/logo\/image\/","url":"https:\/\/industriemaroc.com\/wp-content\/uploads\/2024\/04\/IM.jpg","contentUrl":"https:\/\/industriemaroc.com\/wp-content\/uploads\/2024\/04\/IM.jpg","width":2500,"height":2500,"caption":"industriemaroc.com"},"image":{"@id":"https:\/\/industriemaroc.com\/#\/schema\/logo\/image\/"}}]}},"_links":{"self":[{"href":"https:\/\/industriemaroc.com\/en\/wp-json\/wp\/v2\/product\/18737","targetHints":{"allow":["GET"]}}],"collection":[{"href":"https:\/\/industriemaroc.com\/en\/wp-json\/wp\/v2\/product"}],"about":[{"href":"https:\/\/industriemaroc.com\/en\/wp-json\/wp\/v2\/types\/product"}],"replies":[{"embeddable":true,"href":"https:\/\/industriemaroc.com\/en\/wp-json\/wp\/v2\/comments?post=18737"}],"version-history":[{"count":3,"href":"https:\/\/industriemaroc.com\/en\/wp-json\/wp\/v2\/product\/18737\/revisions"}],"predecessor-version":[{"id":23124,"href":"https:\/\/industriemaroc.com\/en\/wp-json\/wp\/v2\/product\/18737\/revisions\/23124"}],"wp:featuredmedia":[{"embeddable":true,"href":"https:\/\/industriemaroc.com\/en\/wp-json\/wp\/v2\/media\/18727"}],"wp:attachment":[{"href":"https:\/\/industriemaroc.com\/en\/wp-json\/wp\/v2\/media?parent=18737"}],"wp:term":[{"taxonomy":"product_brand","embeddable":true,"href":"https:\/\/industriemaroc.com\/en\/wp-json\/wp\/v2\/product_brand?post=18737"},{"taxonomy":"product_cat","embeddable":true,"href":"https:\/\/industriemaroc.com\/en\/wp-json\/wp\/v2\/product_cat?post=18737"},{"taxonomy":"product_tag","embeddable":true,"href":"https:\/\/industriemaroc.com\/en\/wp-json\/wp\/v2\/product_tag?post=18737"}],"curies":[{"name":"wp","href":"https:\/\/api.w.org\/{rel}","templated":true}]}}