{"id":18743,"date":"2023-10-18T17:47:11","date_gmt":"2023-10-18T15:47:11","guid":{"rendered":"https:\/\/industriemaroc.com\/?post_type=product&#038;p=18743"},"modified":"2024-09-15T16:51:43","modified_gmt":"2024-09-15T14:51:43","slug":"torche-delfo-sa-26-v-8-metres","status":"publish","type":"product","link":"https:\/\/industriemaroc.com\/en\/product\/torche-delfo-sa-26-v-8-metres\/","title":{"rendered":"Delfo Sa 26 V Torch (8 Meters)"},"content":{"rendered":"<div class=\"flex-shrink-0 flex flex-col relative items-end\">\n<div>\n<div class=\"pt-0\">\n<div class=\"gizmo-bot-avatar flex h-8 w-8 items-center justify-center overflow-hidden rounded-full\">\n<div class=\"relative p-1 rounded-sm flex items-center justify-center bg-token-main-surface-primary text-token-text-primary h-8 w-8\">La Torche Delfo SA 26 V, avec ses 8 m\u00e8tres de longueur, est con\u00e7ue pour offrir une grande flexibilit\u00e9 et une port\u00e9e \u00e9tendue lors des travaux de soudage MIG\/MAG.<\/div>\n<\/div>\n<\/div>\n<\/div>\n<\/div>\n<div class=\"group\/conversation-turn relative flex w-full min-w-0 flex-col agent-turn\">\n<div class=\"flex-col gap-1 md:gap-3\">\n<div class=\"flex max-w-full flex-col flex-grow\">\n<div class=\"min-h-[20px] text-message flex w-full flex-col items-end gap-2 whitespace-normal break-words [.text-message+&amp;]:mt-5\" dir=\"auto\" data-message-author-role=\"assistant\" data-message-id=\"fe756cb6-d2e4-4b1c-b016-c86151a413aa\">\n<div class=\"flex w-full flex-col gap-1 empty:hidden first:pt-[3px]\">\n<div class=\"markdown prose w-full break-words dark:prose-invert light\">\n<p>Elle est \u00e9quip\u00e9e de composants robustes et durables pour une performance fiable m\u00eame dans des conditions de travail exigeantes.<\/p>\n<p>Son design ergonomique assure une manipulation confortable et une utilisation prolong\u00e9e sans fatigue.<\/p>\n<\/div>\n<\/div>\n<\/div>\n<\/div>\n<\/div>\n<\/div>","protected":false},"excerpt":{"rendered":"<p>Con\u00e7ue pour offrir une grande flexibilit\u00e9 et une port\u00e9e \u00e9tendue lors des travaux de soudage MIG\/MAG.<\/p>\n<p>Elle est \u00e9quip\u00e9e de composants robustes et durables.<\/p>","protected":false},"featured_media":18740,"comment_status":"open","ping_status":"closed","template":"","meta":{"om_disable_all_campaigns":false,"_monsterinsights_skip_tracking":false,"_monsterinsights_sitenote_active":false,"_monsterinsights_sitenote_note":"","_monsterinsights_sitenote_category":0,"_uf_show_specific_survey":0,"_uf_disable_surveys":false,"_joinchat":[]},"product_brand":[],"product_cat":[672,1079,1087,1104],"product_tag":[],"class_list":{"0":"post-18743","1":"product","2":"type-product","3":"status-publish","4":"has-post-thumbnail","6":"product_cat-fournitures-industrielles","7":"product_cat-materiel-de-soudage","8":"product_cat-torches-de-soudage","9":"product_cat-torches-tig","11":"first","12":"instock","13":"taxable","14":"shipping-taxable","15":"product-type-simple"},"yoast_head":"<!-- This site is optimized with the Yoast SEO plugin v27.4 - https:\/\/yoast.com\/product\/yoast-seo-wordpress\/ -->\n<title>Torche Delfo Sa 26 V (8 M\u00e8tres) - Industrie Maroc Online<\/title>\n<meta name=\"description\" content=\"Con\u00e7ue pour offrir une grande flexibilit\u00e9 et une port\u00e9e \u00e9tendue lors des travaux de soudage MIG\/MAG.  Elle est \u00e9quip\u00e9e de composants robustes et durables.\" \/>\n<meta name=\"robots\" content=\"index, follow, max-snippet:-1, max-image-preview:large, max-video-preview:-1\" \/>\n<link rel=\"canonical\" href=\"https:\/\/industriemaroc.com\/en\/product\/torche-delfo-sa-26-v-8-metres\/\" \/>\n<meta property=\"og:locale\" content=\"en_US\" \/>\n<meta property=\"og:type\" content=\"article\" \/>\n<meta property=\"og:title\" content=\"Torche Delfo Sa 26 V (8 M\u00e8tres) - Industrie Maroc Online\" \/>\n<meta property=\"og:description\" content=\"Con\u00e7ue pour offrir une grande flexibilit\u00e9 et une port\u00e9e \u00e9tendue lors des travaux de soudage MIG\/MAG.  Elle est \u00e9quip\u00e9e de composants robustes et durables.\" \/>\n<meta property=\"og:url\" content=\"https:\/\/industriemaroc.com\/en\/product\/torche-delfo-sa-26-v-8-metres\/\" \/>\n<meta property=\"og:site_name\" content=\"Industrie Maroc Online\" \/>\n<meta property=\"article:modified_time\" content=\"2024-09-15T14:51:43+00:00\" \/>\n<meta property=\"og:image\" content=\"https:\/\/industriemaroc.com\/wp-content\/uploads\/2023\/10\/1-20.jpg\" \/>\n\t<meta property=\"og:image:width\" content=\"700\" \/>\n\t<meta property=\"og:image:height\" content=\"700\" \/>\n\t<meta property=\"og:image:type\" content=\"image\/jpeg\" \/>\n<meta name=\"twitter:card\" content=\"summary_large_image\" \/>\n<script type=\"application\/ld+json\" class=\"yoast-schema-graph\">{\"@context\":\"https:\\\/\\\/schema.org\",\"@graph\":[{\"@type\":\"WebPage\",\"@id\":\"https:\\\/\\\/industriemaroc.com\\\/produit\\\/torche-delfo-sa-26-v-8-metres\\\/\",\"url\":\"https:\\\/\\\/industriemaroc.com\\\/produit\\\/torche-delfo-sa-26-v-8-metres\\\/\",\"name\":\"Torche Delfo Sa 26 V (8 M\u00e8tres) - Industrie Maroc Online\",\"isPartOf\":{\"@id\":\"https:\\\/\\\/industriemaroc.com\\\/#website\"},\"primaryImageOfPage\":{\"@id\":\"https:\\\/\\\/industriemaroc.com\\\/produit\\\/torche-delfo-sa-26-v-8-metres\\\/#primaryimage\"},\"image\":{\"@id\":\"https:\\\/\\\/industriemaroc.com\\\/produit\\\/torche-delfo-sa-26-v-8-metres\\\/#primaryimage\"},\"thumbnailUrl\":\"https:\\\/\\\/industriemaroc.com\\\/wp-content\\\/uploads\\\/2023\\\/10\\\/1-20.jpg\",\"datePublished\":\"2023-10-18T15:47:11+00:00\",\"dateModified\":\"2024-09-15T14:51:43+00:00\",\"description\":\"Con\u00e7ue pour offrir une grande flexibilit\u00e9 et une port\u00e9e \u00e9tendue lors des travaux de soudage MIG\\\/MAG. Elle est \u00e9quip\u00e9e de composants robustes et durables.\",\"breadcrumb\":{\"@id\":\"https:\\\/\\\/industriemaroc.com\\\/produit\\\/torche-delfo-sa-26-v-8-metres\\\/#breadcrumb\"},\"inLanguage\":\"en-US\",\"potentialAction\":[{\"@type\":\"ReadAction\",\"target\":[\"https:\\\/\\\/industriemaroc.com\\\/produit\\\/torche-delfo-sa-26-v-8-metres\\\/\"]}]},{\"@type\":\"ImageObject\",\"inLanguage\":\"en-US\",\"@id\":\"https:\\\/\\\/industriemaroc.com\\\/produit\\\/torche-delfo-sa-26-v-8-metres\\\/#primaryimage\",\"url\":\"https:\\\/\\\/industriemaroc.com\\\/wp-content\\\/uploads\\\/2023\\\/10\\\/1-20.jpg\",\"contentUrl\":\"https:\\\/\\\/industriemaroc.com\\\/wp-content\\\/uploads\\\/2023\\\/10\\\/1-20.jpg\",\"width\":700,\"height\":700},{\"@type\":\"BreadcrumbList\",\"@id\":\"https:\\\/\\\/industriemaroc.com\\\/produit\\\/torche-delfo-sa-26-v-8-metres\\\/#breadcrumb\",\"itemListElement\":[{\"@type\":\"ListItem\",\"position\":1,\"name\":\"Home\",\"item\":\"https:\\\/\\\/industriemaroc.com\\\/\"},{\"@type\":\"ListItem\",\"position\":2,\"name\":\"Shop\",\"item\":\"https:\\\/\\\/industriemaroc.com\\\/shop\\\/\"},{\"@type\":\"ListItem\",\"position\":3,\"name\":\"Torche Delfo Sa 26 V (8 M\u00e8tres)\"}]},{\"@type\":\"WebSite\",\"@id\":\"https:\\\/\\\/industriemaroc.com\\\/#website\",\"url\":\"https:\\\/\\\/industriemaroc.com\\\/\",\"name\":\"Industrie Maroc Online\",\"description\":\"Plateforme B2B de mat\u00e9riel professionnel au Maroc\",\"publisher\":{\"@id\":\"https:\\\/\\\/industriemaroc.com\\\/#organization\"},\"potentialAction\":[{\"@type\":\"SearchAction\",\"target\":{\"@type\":\"EntryPoint\",\"urlTemplate\":\"https:\\\/\\\/industriemaroc.com\\\/?s={search_term_string}\"},\"query-input\":{\"@type\":\"PropertyValueSpecification\",\"valueRequired\":true,\"valueName\":\"search_term_string\"}}],\"inLanguage\":\"en-US\"},{\"@type\":\"Organization\",\"@id\":\"https:\\\/\\\/industriemaroc.com\\\/#organization\",\"name\":\"industriemaroc.com\",\"url\":\"https:\\\/\\\/industriemaroc.com\\\/\",\"logo\":{\"@type\":\"ImageObject\",\"inLanguage\":\"en-US\",\"@id\":\"https:\\\/\\\/industriemaroc.com\\\/#\\\/schema\\\/logo\\\/image\\\/\",\"url\":\"https:\\\/\\\/industriemaroc.com\\\/wp-content\\\/uploads\\\/2024\\\/04\\\/IM.jpg\",\"contentUrl\":\"https:\\\/\\\/industriemaroc.com\\\/wp-content\\\/uploads\\\/2024\\\/04\\\/IM.jpg\",\"width\":2500,\"height\":2500,\"caption\":\"industriemaroc.com\"},\"image\":{\"@id\":\"https:\\\/\\\/industriemaroc.com\\\/#\\\/schema\\\/logo\\\/image\\\/\"}}]}<\/script>\n<!-- \/ Yoast SEO plugin. -->","yoast_head_json":{"title":"Torche Delfo Sa 26 V (8 M\u00e8tres) - Industrie Maroc Online","description":"Con\u00e7ue pour offrir une grande flexibilit\u00e9 et une port\u00e9e \u00e9tendue lors des travaux de soudage MIG\/MAG.  Elle est \u00e9quip\u00e9e de composants robustes et durables.","robots":{"index":"index","follow":"follow","max-snippet":"max-snippet:-1","max-image-preview":"max-image-preview:large","max-video-preview":"max-video-preview:-1"},"canonical":"https:\/\/industriemaroc.com\/en\/product\/torche-delfo-sa-26-v-8-metres\/","og_locale":"en_US","og_type":"article","og_title":"Torche Delfo Sa 26 V (8 M\u00e8tres) - Industrie Maroc Online","og_description":"Con\u00e7ue pour offrir une grande flexibilit\u00e9 et une port\u00e9e \u00e9tendue lors des travaux de soudage MIG\/MAG.  Elle est \u00e9quip\u00e9e de composants robustes et durables.","og_url":"https:\/\/industriemaroc.com\/en\/product\/torche-delfo-sa-26-v-8-metres\/","og_site_name":"Industrie Maroc Online","article_modified_time":"2024-09-15T14:51:43+00:00","og_image":[{"width":700,"height":700,"url":"https:\/\/industriemaroc.com\/wp-content\/uploads\/2023\/10\/1-20.jpg","type":"image\/jpeg"}],"twitter_card":"summary_large_image","schema":{"@context":"https:\/\/schema.org","@graph":[{"@type":"WebPage","@id":"https:\/\/industriemaroc.com\/produit\/torche-delfo-sa-26-v-8-metres\/","url":"https:\/\/industriemaroc.com\/produit\/torche-delfo-sa-26-v-8-metres\/","name":"Torche Delfo Sa 26 V (8 M\u00e8tres) - Industrie Maroc Online","isPartOf":{"@id":"https:\/\/industriemaroc.com\/#website"},"primaryImageOfPage":{"@id":"https:\/\/industriemaroc.com\/produit\/torche-delfo-sa-26-v-8-metres\/#primaryimage"},"image":{"@id":"https:\/\/industriemaroc.com\/produit\/torche-delfo-sa-26-v-8-metres\/#primaryimage"},"thumbnailUrl":"https:\/\/industriemaroc.com\/wp-content\/uploads\/2023\/10\/1-20.jpg","datePublished":"2023-10-18T15:47:11+00:00","dateModified":"2024-09-15T14:51:43+00:00","description":"Con\u00e7ue pour offrir une grande flexibilit\u00e9 et une port\u00e9e \u00e9tendue lors des travaux de soudage MIG\/MAG. Elle est \u00e9quip\u00e9e de composants robustes et durables.","breadcrumb":{"@id":"https:\/\/industriemaroc.com\/produit\/torche-delfo-sa-26-v-8-metres\/#breadcrumb"},"inLanguage":"en-US","potentialAction":[{"@type":"ReadAction","target":["https:\/\/industriemaroc.com\/produit\/torche-delfo-sa-26-v-8-metres\/"]}]},{"@type":"ImageObject","inLanguage":"en-US","@id":"https:\/\/industriemaroc.com\/produit\/torche-delfo-sa-26-v-8-metres\/#primaryimage","url":"https:\/\/industriemaroc.com\/wp-content\/uploads\/2023\/10\/1-20.jpg","contentUrl":"https:\/\/industriemaroc.com\/wp-content\/uploads\/2023\/10\/1-20.jpg","width":700,"height":700},{"@type":"BreadcrumbList","@id":"https:\/\/industriemaroc.com\/produit\/torche-delfo-sa-26-v-8-metres\/#breadcrumb","itemListElement":[{"@type":"ListItem","position":1,"name":"Home","item":"https:\/\/industriemaroc.com\/"},{"@type":"ListItem","position":2,"name":"Shop","item":"https:\/\/industriemaroc.com\/shop\/"},{"@type":"ListItem","position":3,"name":"Torche Delfo Sa 26 V (8 M\u00e8tres)"}]},{"@type":"WebSite","@id":"https:\/\/industriemaroc.com\/#website","url":"https:\/\/industriemaroc.com\/","name":"Industrie Maroc Online","description":"Plateforme B2B de mat\u00e9riel professionnel au Maroc","publisher":{"@id":"https:\/\/industriemaroc.com\/#organization"},"potentialAction":[{"@type":"SearchAction","target":{"@type":"EntryPoint","urlTemplate":"https:\/\/industriemaroc.com\/?s={search_term_string}"},"query-input":{"@type":"PropertyValueSpecification","valueRequired":true,"valueName":"search_term_string"}}],"inLanguage":"en-US"},{"@type":"Organization","@id":"https:\/\/industriemaroc.com\/#organization","name":"industriemaroc.com","url":"https:\/\/industriemaroc.com\/","logo":{"@type":"ImageObject","inLanguage":"en-US","@id":"https:\/\/industriemaroc.com\/#\/schema\/logo\/image\/","url":"https:\/\/industriemaroc.com\/wp-content\/uploads\/2024\/04\/IM.jpg","contentUrl":"https:\/\/industriemaroc.com\/wp-content\/uploads\/2024\/04\/IM.jpg","width":2500,"height":2500,"caption":"industriemaroc.com"},"image":{"@id":"https:\/\/industriemaroc.com\/#\/schema\/logo\/image\/"}}]}},"_links":{"self":[{"href":"https:\/\/industriemaroc.com\/en\/wp-json\/wp\/v2\/product\/18743","targetHints":{"allow":["GET"]}}],"collection":[{"href":"https:\/\/industriemaroc.com\/en\/wp-json\/wp\/v2\/product"}],"about":[{"href":"https:\/\/industriemaroc.com\/en\/wp-json\/wp\/v2\/types\/product"}],"replies":[{"embeddable":true,"href":"https:\/\/industriemaroc.com\/en\/wp-json\/wp\/v2\/comments?post=18743"}],"version-history":[{"count":3,"href":"https:\/\/industriemaroc.com\/en\/wp-json\/wp\/v2\/product\/18743\/revisions"}],"predecessor-version":[{"id":23167,"href":"https:\/\/industriemaroc.com\/en\/wp-json\/wp\/v2\/product\/18743\/revisions\/23167"}],"wp:featuredmedia":[{"embeddable":true,"href":"https:\/\/industriemaroc.com\/en\/wp-json\/wp\/v2\/media\/18740"}],"wp:attachment":[{"href":"https:\/\/industriemaroc.com\/en\/wp-json\/wp\/v2\/media?parent=18743"}],"wp:term":[{"taxonomy":"product_brand","embeddable":true,"href":"https:\/\/industriemaroc.com\/en\/wp-json\/wp\/v2\/product_brand?post=18743"},{"taxonomy":"product_cat","embeddable":true,"href":"https:\/\/industriemaroc.com\/en\/wp-json\/wp\/v2\/product_cat?post=18743"},{"taxonomy":"product_tag","embeddable":true,"href":"https:\/\/industriemaroc.com\/en\/wp-json\/wp\/v2\/product_tag?post=18743"}],"curies":[{"name":"wp","href":"https:\/\/api.w.org\/{rel}","templated":true}]}}