{"id":18907,"date":"2023-10-23T15:37:03","date_gmt":"2023-10-23T13:37:03","guid":{"rendered":"https:\/\/industriemaroc.com\/?post_type=product&#038;p=18907"},"modified":"2024-09-17T19:56:58","modified_gmt":"2024-09-17T17:56:58","slug":"tambour-dimagerie-noir-hp-color-laserjet-cb384a","status":"publish","type":"product","link":"https:\/\/industriemaroc.com\/en\/product\/tambour-dimagerie-noir-hp-color-laserjet-cb384a\/","title":{"rendered":"Tambour d&rsquo;imagerie Noir HP Color CB384A"},"content":{"rendered":"<p>Le tambour d&rsquo;imagerie noir HP Color LaserJet CB384A.<\/p>\n<p>Con\u00e7u pour les imprimantes HP Color LaserJet CP4025 et CP4525.<\/p>\n<p>Il garantit des impressions nettes et pr\u00e9cises en noir avec une excellente qualit\u00e9 de texte.<\/p>\n<p>Assure une longue dur\u00e9e de vie et un rendement \u00e9lev\u00e9.<\/p>","protected":false},"excerpt":{"rendered":"<p>Le tambour d&rsquo;imagerie noir HP Color LaserJet CB384A.<\/p>\n<p>Con\u00e7u pour les imprimantes HP Color LaserJet CP4025 et CP4525.<\/p>\n<p>Assure une longue dur\u00e9e de vie.<\/p>","protected":false},"featured_media":18871,"comment_status":"open","ping_status":"closed","template":"","meta":{"om_disable_all_campaigns":false,"_monsterinsights_skip_tracking":false,"_monsterinsights_sitenote_active":false,"_monsterinsights_sitenote_note":"","_monsterinsights_sitenote_category":0,"_uf_show_specific_survey":0,"_uf_disable_surveys":false,"_joinchat":[]},"product_brand":[],"product_cat":[1072,1073],"product_tag":[],"class_list":{"0":"post-18907","1":"product","2":"type-product","3":"status-publish","4":"has-post-thumbnail","6":"product_cat-materiel-informatique","7":"product_cat-toner","9":"first","10":"instock","11":"taxable","12":"shipping-taxable","13":"product-type-simple"},"yoast_head":"<!-- This site is optimized with the Yoast SEO plugin v27.4 - https:\/\/yoast.com\/product\/yoast-seo-wordpress\/ -->\n<title>Tambour d&#039;imagerie Noir HP Color CB384A - Industrie Maroc Online<\/title>\n<meta name=\"description\" content=\"Le tambour d&#039;imagerie noir HP Color LaserJet CB384A.  Con\u00e7u pour les imprimantes HP Color LaserJet CP4025 et CP4525.  Assure une longue dur\u00e9e de vie.\" \/>\n<meta name=\"robots\" content=\"index, follow, max-snippet:-1, max-image-preview:large, max-video-preview:-1\" \/>\n<link rel=\"canonical\" href=\"https:\/\/industriemaroc.com\/en\/product\/tambour-dimagerie-noir-hp-color-laserjet-cb384a\/\" \/>\n<meta property=\"og:locale\" content=\"en_US\" \/>\n<meta property=\"og:type\" content=\"article\" \/>\n<meta property=\"og:title\" content=\"Tambour d&#039;imagerie Noir HP Color CB384A - Industrie Maroc Online\" \/>\n<meta property=\"og:description\" content=\"Le tambour d&#039;imagerie noir HP Color LaserJet CB384A.  Con\u00e7u pour les imprimantes HP Color LaserJet CP4025 et CP4525.  Assure une longue dur\u00e9e de vie.\" \/>\n<meta property=\"og:url\" content=\"https:\/\/industriemaroc.com\/en\/product\/tambour-dimagerie-noir-hp-color-laserjet-cb384a\/\" \/>\n<meta property=\"og:site_name\" content=\"Industrie Maroc Online\" \/>\n<meta property=\"article:modified_time\" content=\"2024-09-17T17:56:58+00:00\" \/>\n<meta property=\"og:image\" content=\"https:\/\/industriemaroc.com\/wp-content\/uploads\/2023\/10\/4-16.jpg\" \/>\n\t<meta property=\"og:image:width\" content=\"700\" \/>\n\t<meta property=\"og:image:height\" content=\"700\" \/>\n\t<meta property=\"og:image:type\" content=\"image\/jpeg\" \/>\n<meta name=\"twitter:card\" content=\"summary_large_image\" \/>\n<script type=\"application\/ld+json\" class=\"yoast-schema-graph\">{\"@context\":\"https:\\\/\\\/schema.org\",\"@graph\":[{\"@type\":\"WebPage\",\"@id\":\"https:\\\/\\\/industriemaroc.com\\\/produit\\\/tambour-dimagerie-noir-hp-color-laserjet-cb384a\\\/\",\"url\":\"https:\\\/\\\/industriemaroc.com\\\/produit\\\/tambour-dimagerie-noir-hp-color-laserjet-cb384a\\\/\",\"name\":\"Tambour d'imagerie Noir HP Color CB384A - Industrie Maroc Online\",\"isPartOf\":{\"@id\":\"https:\\\/\\\/industriemaroc.com\\\/#website\"},\"primaryImageOfPage\":{\"@id\":\"https:\\\/\\\/industriemaroc.com\\\/produit\\\/tambour-dimagerie-noir-hp-color-laserjet-cb384a\\\/#primaryimage\"},\"image\":{\"@id\":\"https:\\\/\\\/industriemaroc.com\\\/produit\\\/tambour-dimagerie-noir-hp-color-laserjet-cb384a\\\/#primaryimage\"},\"thumbnailUrl\":\"https:\\\/\\\/industriemaroc.com\\\/wp-content\\\/uploads\\\/2023\\\/10\\\/4-16.jpg\",\"datePublished\":\"2023-10-23T13:37:03+00:00\",\"dateModified\":\"2024-09-17T17:56:58+00:00\",\"description\":\"Le tambour d'imagerie noir HP Color LaserJet CB384A. Con\u00e7u pour les imprimantes HP Color LaserJet CP4025 et CP4525. Assure une longue dur\u00e9e de vie.\",\"breadcrumb\":{\"@id\":\"https:\\\/\\\/industriemaroc.com\\\/produit\\\/tambour-dimagerie-noir-hp-color-laserjet-cb384a\\\/#breadcrumb\"},\"inLanguage\":\"en-US\",\"potentialAction\":[{\"@type\":\"ReadAction\",\"target\":[\"https:\\\/\\\/industriemaroc.com\\\/produit\\\/tambour-dimagerie-noir-hp-color-laserjet-cb384a\\\/\"]}]},{\"@type\":\"ImageObject\",\"inLanguage\":\"en-US\",\"@id\":\"https:\\\/\\\/industriemaroc.com\\\/produit\\\/tambour-dimagerie-noir-hp-color-laserjet-cb384a\\\/#primaryimage\",\"url\":\"https:\\\/\\\/industriemaroc.com\\\/wp-content\\\/uploads\\\/2023\\\/10\\\/4-16.jpg\",\"contentUrl\":\"https:\\\/\\\/industriemaroc.com\\\/wp-content\\\/uploads\\\/2023\\\/10\\\/4-16.jpg\",\"width\":700,\"height\":700},{\"@type\":\"BreadcrumbList\",\"@id\":\"https:\\\/\\\/industriemaroc.com\\\/produit\\\/tambour-dimagerie-noir-hp-color-laserjet-cb384a\\\/#breadcrumb\",\"itemListElement\":[{\"@type\":\"ListItem\",\"position\":1,\"name\":\"Home\",\"item\":\"https:\\\/\\\/industriemaroc.com\\\/\"},{\"@type\":\"ListItem\",\"position\":2,\"name\":\"Shop\",\"item\":\"https:\\\/\\\/industriemaroc.com\\\/shop\\\/\"},{\"@type\":\"ListItem\",\"position\":3,\"name\":\"Tambour d&rsquo;imagerie Noir HP Color CB384A\"}]},{\"@type\":\"WebSite\",\"@id\":\"https:\\\/\\\/industriemaroc.com\\\/#website\",\"url\":\"https:\\\/\\\/industriemaroc.com\\\/\",\"name\":\"Industrie Maroc Online\",\"description\":\"Plateforme B2B de mat\u00e9riel professionnel au Maroc\",\"publisher\":{\"@id\":\"https:\\\/\\\/industriemaroc.com\\\/#organization\"},\"potentialAction\":[{\"@type\":\"SearchAction\",\"target\":{\"@type\":\"EntryPoint\",\"urlTemplate\":\"https:\\\/\\\/industriemaroc.com\\\/?s={search_term_string}\"},\"query-input\":{\"@type\":\"PropertyValueSpecification\",\"valueRequired\":true,\"valueName\":\"search_term_string\"}}],\"inLanguage\":\"en-US\"},{\"@type\":\"Organization\",\"@id\":\"https:\\\/\\\/industriemaroc.com\\\/#organization\",\"name\":\"industriemaroc.com\",\"url\":\"https:\\\/\\\/industriemaroc.com\\\/\",\"logo\":{\"@type\":\"ImageObject\",\"inLanguage\":\"en-US\",\"@id\":\"https:\\\/\\\/industriemaroc.com\\\/#\\\/schema\\\/logo\\\/image\\\/\",\"url\":\"https:\\\/\\\/industriemaroc.com\\\/wp-content\\\/uploads\\\/2024\\\/04\\\/IM.jpg\",\"contentUrl\":\"https:\\\/\\\/industriemaroc.com\\\/wp-content\\\/uploads\\\/2024\\\/04\\\/IM.jpg\",\"width\":2500,\"height\":2500,\"caption\":\"industriemaroc.com\"},\"image\":{\"@id\":\"https:\\\/\\\/industriemaroc.com\\\/#\\\/schema\\\/logo\\\/image\\\/\"}}]}<\/script>\n<!-- \/ Yoast SEO plugin. -->","yoast_head_json":{"title":"Tambour d'imagerie Noir HP Color CB384A - Industrie Maroc Online","description":"Le tambour d'imagerie noir HP Color LaserJet CB384A.  Con\u00e7u pour les imprimantes HP Color LaserJet CP4025 et CP4525.  Assure une longue dur\u00e9e de vie.","robots":{"index":"index","follow":"follow","max-snippet":"max-snippet:-1","max-image-preview":"max-image-preview:large","max-video-preview":"max-video-preview:-1"},"canonical":"https:\/\/industriemaroc.com\/en\/product\/tambour-dimagerie-noir-hp-color-laserjet-cb384a\/","og_locale":"en_US","og_type":"article","og_title":"Tambour d'imagerie Noir HP Color CB384A - Industrie Maroc Online","og_description":"Le tambour d'imagerie noir HP Color LaserJet CB384A.  Con\u00e7u pour les imprimantes HP Color LaserJet CP4025 et CP4525.  Assure une longue dur\u00e9e de vie.","og_url":"https:\/\/industriemaroc.com\/en\/product\/tambour-dimagerie-noir-hp-color-laserjet-cb384a\/","og_site_name":"Industrie Maroc Online","article_modified_time":"2024-09-17T17:56:58+00:00","og_image":[{"width":700,"height":700,"url":"https:\/\/industriemaroc.com\/wp-content\/uploads\/2023\/10\/4-16.jpg","type":"image\/jpeg"}],"twitter_card":"summary_large_image","schema":{"@context":"https:\/\/schema.org","@graph":[{"@type":"WebPage","@id":"https:\/\/industriemaroc.com\/produit\/tambour-dimagerie-noir-hp-color-laserjet-cb384a\/","url":"https:\/\/industriemaroc.com\/produit\/tambour-dimagerie-noir-hp-color-laserjet-cb384a\/","name":"Tambour d'imagerie Noir HP Color CB384A - Industrie Maroc Online","isPartOf":{"@id":"https:\/\/industriemaroc.com\/#website"},"primaryImageOfPage":{"@id":"https:\/\/industriemaroc.com\/produit\/tambour-dimagerie-noir-hp-color-laserjet-cb384a\/#primaryimage"},"image":{"@id":"https:\/\/industriemaroc.com\/produit\/tambour-dimagerie-noir-hp-color-laserjet-cb384a\/#primaryimage"},"thumbnailUrl":"https:\/\/industriemaroc.com\/wp-content\/uploads\/2023\/10\/4-16.jpg","datePublished":"2023-10-23T13:37:03+00:00","dateModified":"2024-09-17T17:56:58+00:00","description":"Le tambour d'imagerie noir HP Color LaserJet CB384A. Con\u00e7u pour les imprimantes HP Color LaserJet CP4025 et CP4525. Assure une longue dur\u00e9e de vie.","breadcrumb":{"@id":"https:\/\/industriemaroc.com\/produit\/tambour-dimagerie-noir-hp-color-laserjet-cb384a\/#breadcrumb"},"inLanguage":"en-US","potentialAction":[{"@type":"ReadAction","target":["https:\/\/industriemaroc.com\/produit\/tambour-dimagerie-noir-hp-color-laserjet-cb384a\/"]}]},{"@type":"ImageObject","inLanguage":"en-US","@id":"https:\/\/industriemaroc.com\/produit\/tambour-dimagerie-noir-hp-color-laserjet-cb384a\/#primaryimage","url":"https:\/\/industriemaroc.com\/wp-content\/uploads\/2023\/10\/4-16.jpg","contentUrl":"https:\/\/industriemaroc.com\/wp-content\/uploads\/2023\/10\/4-16.jpg","width":700,"height":700},{"@type":"BreadcrumbList","@id":"https:\/\/industriemaroc.com\/produit\/tambour-dimagerie-noir-hp-color-laserjet-cb384a\/#breadcrumb","itemListElement":[{"@type":"ListItem","position":1,"name":"Home","item":"https:\/\/industriemaroc.com\/"},{"@type":"ListItem","position":2,"name":"Shop","item":"https:\/\/industriemaroc.com\/shop\/"},{"@type":"ListItem","position":3,"name":"Tambour d&rsquo;imagerie Noir HP Color CB384A"}]},{"@type":"WebSite","@id":"https:\/\/industriemaroc.com\/#website","url":"https:\/\/industriemaroc.com\/","name":"Industrie Maroc Online","description":"Plateforme B2B de mat\u00e9riel professionnel au Maroc","publisher":{"@id":"https:\/\/industriemaroc.com\/#organization"},"potentialAction":[{"@type":"SearchAction","target":{"@type":"EntryPoint","urlTemplate":"https:\/\/industriemaroc.com\/?s={search_term_string}"},"query-input":{"@type":"PropertyValueSpecification","valueRequired":true,"valueName":"search_term_string"}}],"inLanguage":"en-US"},{"@type":"Organization","@id":"https:\/\/industriemaroc.com\/#organization","name":"industriemaroc.com","url":"https:\/\/industriemaroc.com\/","logo":{"@type":"ImageObject","inLanguage":"en-US","@id":"https:\/\/industriemaroc.com\/#\/schema\/logo\/image\/","url":"https:\/\/industriemaroc.com\/wp-content\/uploads\/2024\/04\/IM.jpg","contentUrl":"https:\/\/industriemaroc.com\/wp-content\/uploads\/2024\/04\/IM.jpg","width":2500,"height":2500,"caption":"industriemaroc.com"},"image":{"@id":"https:\/\/industriemaroc.com\/#\/schema\/logo\/image\/"}}]}},"_links":{"self":[{"href":"https:\/\/industriemaroc.com\/en\/wp-json\/wp\/v2\/product\/18907","targetHints":{"allow":["GET"]}}],"collection":[{"href":"https:\/\/industriemaroc.com\/en\/wp-json\/wp\/v2\/product"}],"about":[{"href":"https:\/\/industriemaroc.com\/en\/wp-json\/wp\/v2\/types\/product"}],"replies":[{"embeddable":true,"href":"https:\/\/industriemaroc.com\/en\/wp-json\/wp\/v2\/comments?post=18907"}],"version-history":[{"count":3,"href":"https:\/\/industriemaroc.com\/en\/wp-json\/wp\/v2\/product\/18907\/revisions"}],"predecessor-version":[{"id":23326,"href":"https:\/\/industriemaroc.com\/en\/wp-json\/wp\/v2\/product\/18907\/revisions\/23326"}],"wp:featuredmedia":[{"embeddable":true,"href":"https:\/\/industriemaroc.com\/en\/wp-json\/wp\/v2\/media\/18871"}],"wp:attachment":[{"href":"https:\/\/industriemaroc.com\/en\/wp-json\/wp\/v2\/media?parent=18907"}],"wp:term":[{"taxonomy":"product_brand","embeddable":true,"href":"https:\/\/industriemaroc.com\/en\/wp-json\/wp\/v2\/product_brand?post=18907"},{"taxonomy":"product_cat","embeddable":true,"href":"https:\/\/industriemaroc.com\/en\/wp-json\/wp\/v2\/product_cat?post=18907"},{"taxonomy":"product_tag","embeddable":true,"href":"https:\/\/industriemaroc.com\/en\/wp-json\/wp\/v2\/product_tag?post=18907"}],"curies":[{"name":"wp","href":"https:\/\/api.w.org\/{rel}","templated":true}]}}