{"id":19120,"date":"2023-12-01T16:11:18","date_gmt":"2023-12-01T15:11:18","guid":{"rendered":"https:\/\/industriemaroc.com\/?post_type=product&#038;p=19120"},"modified":"2024-09-05T19:48:11","modified_gmt":"2024-09-05T17:48:11","slug":"cercleuse-itistrap","status":"publish","type":"product","link":"https:\/\/industriemaroc.com\/en\/product\/cercleuse-itistrap\/","title":{"rendered":"Cercleuse ITISTRAP &#8211; ITISTRAP"},"content":{"rendered":"<p>Appareils de cerclage \u00e9lectrique (\u00e0 batterie) manuels pour feuillard polypropyl\u00e8ne, avec soudure par vibration fusion et aussi les appareils de cerclage pneumatique pour feuillard polyester et polypropyl\u00e8ne, avec soudure par vibration fusion.<\/p>\n<p>Ils sont con\u00e7us pour offrir une manipulation simplifi\u00e9e tout en assurant une bonne productivit\u00e9.<\/p>","protected":false},"excerpt":{"rendered":"<p>Appareils de cerclage \u00e9lectrique manuels pour feuillard polypropyl\u00e8ne.<\/p>\n<p>Offrir une manipulation simplifi\u00e9e tout en assurant une bonne productivit\u00e9.<\/p>","protected":false},"featured_media":19111,"comment_status":"open","ping_status":"closed","template":"","meta":{"om_disable_all_campaigns":false,"_monsterinsights_skip_tracking":false,"_monsterinsights_sitenote_active":false,"_monsterinsights_sitenote_note":"","_monsterinsights_sitenote_category":0,"_uf_show_specific_survey":0,"_uf_disable_surveys":false,"_joinchat":[]},"product_brand":[],"product_cat":[779,673,769],"product_tag":[],"class_list":{"0":"post-19120","1":"product","2":"type-product","3":"status-publish","4":"has-post-thumbnail","6":"product_cat-cercleuse-emballage-maroc","7":"product_cat-emballage-maroc","8":"product_cat-machine","10":"first","11":"instock","12":"taxable","13":"shipping-taxable","14":"product-type-simple"},"yoast_head":"<!-- This site is optimized with the Yoast SEO plugin v27.4 - https:\/\/yoast.com\/product\/yoast-seo-wordpress\/ -->\n<title>Cercleuse ITISTRAP - ITISTRAP - Industrie Maroc Online<\/title>\n<meta name=\"description\" content=\"Appareils de cerclage \u00e9lectrique manuels pour feuillard polypropyl\u00e8ne.  Offrir une manipulation simplifi\u00e9e tout en assurant une bonne productivit\u00e9.\" \/>\n<meta name=\"robots\" content=\"index, follow, max-snippet:-1, max-image-preview:large, max-video-preview:-1\" \/>\n<link rel=\"canonical\" href=\"https:\/\/industriemaroc.com\/en\/product\/cercleuse-itistrap\/\" \/>\n<meta property=\"og:locale\" content=\"en_US\" \/>\n<meta property=\"og:type\" content=\"article\" \/>\n<meta property=\"og:title\" content=\"Cercleuse ITISTRAP - ITISTRAP - Industrie Maroc Online\" \/>\n<meta property=\"og:description\" content=\"Appareils de cerclage \u00e9lectrique manuels pour feuillard polypropyl\u00e8ne.  Offrir une manipulation simplifi\u00e9e tout en assurant une bonne productivit\u00e9.\" \/>\n<meta property=\"og:url\" content=\"https:\/\/industriemaroc.com\/en\/product\/cercleuse-itistrap\/\" \/>\n<meta property=\"og:site_name\" content=\"Industrie Maroc Online\" \/>\n<meta property=\"article:modified_time\" content=\"2024-09-05T17:48:11+00:00\" \/>\n<meta property=\"og:image\" content=\"https:\/\/industriemaroc.com\/wp-content\/uploads\/2023\/12\/6.jpg\" \/>\n\t<meta property=\"og:image:width\" content=\"700\" \/>\n\t<meta property=\"og:image:height\" content=\"700\" \/>\n\t<meta property=\"og:image:type\" content=\"image\/jpeg\" \/>\n<meta name=\"twitter:card\" content=\"summary_large_image\" \/>\n<script type=\"application\/ld+json\" class=\"yoast-schema-graph\">{\"@context\":\"https:\\\/\\\/schema.org\",\"@graph\":[{\"@type\":\"WebPage\",\"@id\":\"https:\\\/\\\/industriemaroc.com\\\/produit\\\/cercleuse-itistrap\\\/\",\"url\":\"https:\\\/\\\/industriemaroc.com\\\/produit\\\/cercleuse-itistrap\\\/\",\"name\":\"Cercleuse ITISTRAP - ITISTRAP - Industrie Maroc Online\",\"isPartOf\":{\"@id\":\"https:\\\/\\\/industriemaroc.com\\\/#website\"},\"primaryImageOfPage\":{\"@id\":\"https:\\\/\\\/industriemaroc.com\\\/produit\\\/cercleuse-itistrap\\\/#primaryimage\"},\"image\":{\"@id\":\"https:\\\/\\\/industriemaroc.com\\\/produit\\\/cercleuse-itistrap\\\/#primaryimage\"},\"thumbnailUrl\":\"https:\\\/\\\/industriemaroc.com\\\/wp-content\\\/uploads\\\/2023\\\/12\\\/6.jpg\",\"datePublished\":\"2023-12-01T15:11:18+00:00\",\"dateModified\":\"2024-09-05T17:48:11+00:00\",\"description\":\"Appareils de cerclage \u00e9lectrique manuels pour feuillard polypropyl\u00e8ne. Offrir une manipulation simplifi\u00e9e tout en assurant une bonne productivit\u00e9.\",\"breadcrumb\":{\"@id\":\"https:\\\/\\\/industriemaroc.com\\\/produit\\\/cercleuse-itistrap\\\/#breadcrumb\"},\"inLanguage\":\"en-US\",\"potentialAction\":[{\"@type\":\"ReadAction\",\"target\":[\"https:\\\/\\\/industriemaroc.com\\\/produit\\\/cercleuse-itistrap\\\/\"]}]},{\"@type\":\"ImageObject\",\"inLanguage\":\"en-US\",\"@id\":\"https:\\\/\\\/industriemaroc.com\\\/produit\\\/cercleuse-itistrap\\\/#primaryimage\",\"url\":\"https:\\\/\\\/industriemaroc.com\\\/wp-content\\\/uploads\\\/2023\\\/12\\\/6.jpg\",\"contentUrl\":\"https:\\\/\\\/industriemaroc.com\\\/wp-content\\\/uploads\\\/2023\\\/12\\\/6.jpg\",\"width\":700,\"height\":700},{\"@type\":\"BreadcrumbList\",\"@id\":\"https:\\\/\\\/industriemaroc.com\\\/produit\\\/cercleuse-itistrap\\\/#breadcrumb\",\"itemListElement\":[{\"@type\":\"ListItem\",\"position\":1,\"name\":\"Home\",\"item\":\"https:\\\/\\\/industriemaroc.com\\\/\"},{\"@type\":\"ListItem\",\"position\":2,\"name\":\"Shop\",\"item\":\"https:\\\/\\\/industriemaroc.com\\\/shop\\\/\"},{\"@type\":\"ListItem\",\"position\":3,\"name\":\"Cercleuse ITISTRAP &#8211; ITISTRAP\"}]},{\"@type\":\"WebSite\",\"@id\":\"https:\\\/\\\/industriemaroc.com\\\/#website\",\"url\":\"https:\\\/\\\/industriemaroc.com\\\/\",\"name\":\"Industrie Maroc Online\",\"description\":\"Plateforme B2B de mat\u00e9riel professionnel au Maroc\",\"publisher\":{\"@id\":\"https:\\\/\\\/industriemaroc.com\\\/#organization\"},\"potentialAction\":[{\"@type\":\"SearchAction\",\"target\":{\"@type\":\"EntryPoint\",\"urlTemplate\":\"https:\\\/\\\/industriemaroc.com\\\/?s={search_term_string}\"},\"query-input\":{\"@type\":\"PropertyValueSpecification\",\"valueRequired\":true,\"valueName\":\"search_term_string\"}}],\"inLanguage\":\"en-US\"},{\"@type\":\"Organization\",\"@id\":\"https:\\\/\\\/industriemaroc.com\\\/#organization\",\"name\":\"industriemaroc.com\",\"url\":\"https:\\\/\\\/industriemaroc.com\\\/\",\"logo\":{\"@type\":\"ImageObject\",\"inLanguage\":\"en-US\",\"@id\":\"https:\\\/\\\/industriemaroc.com\\\/#\\\/schema\\\/logo\\\/image\\\/\",\"url\":\"https:\\\/\\\/industriemaroc.com\\\/wp-content\\\/uploads\\\/2024\\\/04\\\/IM.jpg\",\"contentUrl\":\"https:\\\/\\\/industriemaroc.com\\\/wp-content\\\/uploads\\\/2024\\\/04\\\/IM.jpg\",\"width\":2500,\"height\":2500,\"caption\":\"industriemaroc.com\"},\"image\":{\"@id\":\"https:\\\/\\\/industriemaroc.com\\\/#\\\/schema\\\/logo\\\/image\\\/\"}}]}<\/script>\n<!-- \/ Yoast SEO plugin. -->","yoast_head_json":{"title":"Cercleuse ITISTRAP - ITISTRAP - Industrie Maroc Online","description":"Appareils de cerclage \u00e9lectrique manuels pour feuillard polypropyl\u00e8ne.  Offrir une manipulation simplifi\u00e9e tout en assurant une bonne productivit\u00e9.","robots":{"index":"index","follow":"follow","max-snippet":"max-snippet:-1","max-image-preview":"max-image-preview:large","max-video-preview":"max-video-preview:-1"},"canonical":"https:\/\/industriemaroc.com\/en\/product\/cercleuse-itistrap\/","og_locale":"en_US","og_type":"article","og_title":"Cercleuse ITISTRAP - ITISTRAP - Industrie Maroc Online","og_description":"Appareils de cerclage \u00e9lectrique manuels pour feuillard polypropyl\u00e8ne.  Offrir une manipulation simplifi\u00e9e tout en assurant une bonne productivit\u00e9.","og_url":"https:\/\/industriemaroc.com\/en\/product\/cercleuse-itistrap\/","og_site_name":"Industrie Maroc Online","article_modified_time":"2024-09-05T17:48:11+00:00","og_image":[{"width":700,"height":700,"url":"https:\/\/industriemaroc.com\/wp-content\/uploads\/2023\/12\/6.jpg","type":"image\/jpeg"}],"twitter_card":"summary_large_image","schema":{"@context":"https:\/\/schema.org","@graph":[{"@type":"WebPage","@id":"https:\/\/industriemaroc.com\/produit\/cercleuse-itistrap\/","url":"https:\/\/industriemaroc.com\/produit\/cercleuse-itistrap\/","name":"Cercleuse ITISTRAP - ITISTRAP - Industrie Maroc Online","isPartOf":{"@id":"https:\/\/industriemaroc.com\/#website"},"primaryImageOfPage":{"@id":"https:\/\/industriemaroc.com\/produit\/cercleuse-itistrap\/#primaryimage"},"image":{"@id":"https:\/\/industriemaroc.com\/produit\/cercleuse-itistrap\/#primaryimage"},"thumbnailUrl":"https:\/\/industriemaroc.com\/wp-content\/uploads\/2023\/12\/6.jpg","datePublished":"2023-12-01T15:11:18+00:00","dateModified":"2024-09-05T17:48:11+00:00","description":"Appareils de cerclage \u00e9lectrique manuels pour feuillard polypropyl\u00e8ne. Offrir une manipulation simplifi\u00e9e tout en assurant une bonne productivit\u00e9.","breadcrumb":{"@id":"https:\/\/industriemaroc.com\/produit\/cercleuse-itistrap\/#breadcrumb"},"inLanguage":"en-US","potentialAction":[{"@type":"ReadAction","target":["https:\/\/industriemaroc.com\/produit\/cercleuse-itistrap\/"]}]},{"@type":"ImageObject","inLanguage":"en-US","@id":"https:\/\/industriemaroc.com\/produit\/cercleuse-itistrap\/#primaryimage","url":"https:\/\/industriemaroc.com\/wp-content\/uploads\/2023\/12\/6.jpg","contentUrl":"https:\/\/industriemaroc.com\/wp-content\/uploads\/2023\/12\/6.jpg","width":700,"height":700},{"@type":"BreadcrumbList","@id":"https:\/\/industriemaroc.com\/produit\/cercleuse-itistrap\/#breadcrumb","itemListElement":[{"@type":"ListItem","position":1,"name":"Home","item":"https:\/\/industriemaroc.com\/"},{"@type":"ListItem","position":2,"name":"Shop","item":"https:\/\/industriemaroc.com\/shop\/"},{"@type":"ListItem","position":3,"name":"Cercleuse ITISTRAP &#8211; ITISTRAP"}]},{"@type":"WebSite","@id":"https:\/\/industriemaroc.com\/#website","url":"https:\/\/industriemaroc.com\/","name":"Industrie Maroc Online","description":"Plateforme B2B de mat\u00e9riel professionnel au Maroc","publisher":{"@id":"https:\/\/industriemaroc.com\/#organization"},"potentialAction":[{"@type":"SearchAction","target":{"@type":"EntryPoint","urlTemplate":"https:\/\/industriemaroc.com\/?s={search_term_string}"},"query-input":{"@type":"PropertyValueSpecification","valueRequired":true,"valueName":"search_term_string"}}],"inLanguage":"en-US"},{"@type":"Organization","@id":"https:\/\/industriemaroc.com\/#organization","name":"industriemaroc.com","url":"https:\/\/industriemaroc.com\/","logo":{"@type":"ImageObject","inLanguage":"en-US","@id":"https:\/\/industriemaroc.com\/#\/schema\/logo\/image\/","url":"https:\/\/industriemaroc.com\/wp-content\/uploads\/2024\/04\/IM.jpg","contentUrl":"https:\/\/industriemaroc.com\/wp-content\/uploads\/2024\/04\/IM.jpg","width":2500,"height":2500,"caption":"industriemaroc.com"},"image":{"@id":"https:\/\/industriemaroc.com\/#\/schema\/logo\/image\/"}}]}},"_links":{"self":[{"href":"https:\/\/industriemaroc.com\/en\/wp-json\/wp\/v2\/product\/19120","targetHints":{"allow":["GET"]}}],"collection":[{"href":"https:\/\/industriemaroc.com\/en\/wp-json\/wp\/v2\/product"}],"about":[{"href":"https:\/\/industriemaroc.com\/en\/wp-json\/wp\/v2\/types\/product"}],"replies":[{"embeddable":true,"href":"https:\/\/industriemaroc.com\/en\/wp-json\/wp\/v2\/comments?post=19120"}],"version-history":[{"count":3,"href":"https:\/\/industriemaroc.com\/en\/wp-json\/wp\/v2\/product\/19120\/revisions"}],"predecessor-version":[{"id":22382,"href":"https:\/\/industriemaroc.com\/en\/wp-json\/wp\/v2\/product\/19120\/revisions\/22382"}],"wp:featuredmedia":[{"embeddable":true,"href":"https:\/\/industriemaroc.com\/en\/wp-json\/wp\/v2\/media\/19111"}],"wp:attachment":[{"href":"https:\/\/industriemaroc.com\/en\/wp-json\/wp\/v2\/media?parent=19120"}],"wp:term":[{"taxonomy":"product_brand","embeddable":true,"href":"https:\/\/industriemaroc.com\/en\/wp-json\/wp\/v2\/product_brand?post=19120"},{"taxonomy":"product_cat","embeddable":true,"href":"https:\/\/industriemaroc.com\/en\/wp-json\/wp\/v2\/product_cat?post=19120"},{"taxonomy":"product_tag","embeddable":true,"href":"https:\/\/industriemaroc.com\/en\/wp-json\/wp\/v2\/product_tag?post=19120"}],"curies":[{"name":"wp","href":"https:\/\/api.w.org\/{rel}","templated":true}]}}