{"id":19280,"date":"2023-12-08T15:31:47","date_gmt":"2023-12-08T14:31:47","guid":{"rendered":"https:\/\/industriemaroc.com\/?post_type=product&#038;p=19280"},"modified":"2025-02-06T17:24:16","modified_gmt":"2025-02-06T16:24:16","slug":"rubans-resine","status":"publish","type":"product","link":"https:\/\/industriemaroc.com\/en\/product\/rubans-resine\/","title":{"rendered":"Rubans R\u00e9sine &#8211; Marque ZEBRA"},"content":{"rendered":"<ul>\n<li>Qualit\u00e9 sp\u00e9cialement d\u00e9velopp\u00e9e pour imprimer sur des \u00e9tiquettes synth\u00e9tiques.<\/li>\n<li>Parfaite r\u00e9sistance aux frottement, bonne r\u00e9sistance aux produits chimiques et \u00e0 la chaleur.<\/li>\n<\/ul>\n<p>&nbsp;<\/p>","protected":false},"excerpt":{"rendered":"<ul>\n<li>Qualit\u00e9 sp\u00e9cialement d\u00e9velopp\u00e9e pour imprimer sur des \u00e9tiquettes synth\u00e9tiques.<\/li>\n<li>Bonne r\u00e9sistance aux produits chimiques et \u00e0 la chaleur.<\/li>\n<\/ul>","protected":false},"featured_media":19283,"comment_status":"open","ping_status":"closed","template":"","meta":{"om_disable_all_campaigns":false,"_monsterinsights_skip_tracking":false,"_monsterinsights_sitenote_active":false,"_monsterinsights_sitenote_note":"","_monsterinsights_sitenote_category":0,"_uf_show_specific_survey":0,"_uf_disable_surveys":false,"_joinchat":[]},"product_brand":[],"product_cat":[768,673,1137,1138],"product_tag":[],"class_list":{"0":"post-19280","1":"product","2":"type-product","3":"status-publish","4":"has-post-thumbnail","6":"product_cat-consommable-emballage-maroc","7":"product_cat-emballage-maroc","8":"product_cat-zebra-consommables-maroc","9":"product_cat-ruban-transfert-thermique-maroc","11":"first","12":"instock","13":"taxable","14":"shipping-taxable","15":"product-type-simple"},"yoast_head":"<!-- This site is optimized with the Yoast SEO plugin v27.4 - https:\/\/yoast.com\/product\/yoast-seo-wordpress\/ -->\n<title>Rubans R\u00e9sine - Marque ZEBRA - Industrie Maroc Online<\/title>\n<meta name=\"description\" content=\"Qualit\u00e9 sp\u00e9cialement d\u00e9velopp\u00e9e pour imprimer sur des \u00e9tiquettes synth\u00e9tiques.  Bonne r\u00e9sistance aux produits chimiques et \u00e0 la chaleur.\" \/>\n<meta name=\"robots\" content=\"index, follow, max-snippet:-1, max-image-preview:large, max-video-preview:-1\" \/>\n<link rel=\"canonical\" href=\"https:\/\/industriemaroc.com\/en\/product\/rubans-resine\/\" \/>\n<meta property=\"og:locale\" content=\"en_US\" \/>\n<meta property=\"og:type\" content=\"article\" \/>\n<meta property=\"og:title\" content=\"Rubans R\u00e9sine - Marque ZEBRA - Industrie Maroc Online\" \/>\n<meta property=\"og:description\" content=\"Qualit\u00e9 sp\u00e9cialement d\u00e9velopp\u00e9e pour imprimer sur des \u00e9tiquettes synth\u00e9tiques.  Bonne r\u00e9sistance aux produits chimiques et \u00e0 la chaleur.\" \/>\n<meta property=\"og:url\" content=\"https:\/\/industriemaroc.com\/en\/product\/rubans-resine\/\" \/>\n<meta property=\"og:site_name\" content=\"Industrie Maroc Online\" \/>\n<meta property=\"article:modified_time\" content=\"2025-02-06T16:24:16+00:00\" \/>\n<meta property=\"og:image\" content=\"https:\/\/industriemaroc.com\/wp-content\/uploads\/2023\/12\/1.jpg\" \/>\n\t<meta property=\"og:image:width\" content=\"1200\" \/>\n\t<meta property=\"og:image:height\" content=\"900\" \/>\n\t<meta property=\"og:image:type\" content=\"image\/jpeg\" \/>\n<meta name=\"twitter:card\" content=\"summary_large_image\" \/>\n<meta name=\"twitter:label1\" content=\"Est. reading time\" \/>\n\t<meta name=\"twitter:data1\" content=\"1 minute\" \/>\n<script type=\"application\/ld+json\" class=\"yoast-schema-graph\">{\"@context\":\"https:\\\/\\\/schema.org\",\"@graph\":[{\"@type\":\"WebPage\",\"@id\":\"https:\\\/\\\/industriemaroc.com\\\/produit\\\/rubans-resine\\\/\",\"url\":\"https:\\\/\\\/industriemaroc.com\\\/produit\\\/rubans-resine\\\/\",\"name\":\"Rubans R\u00e9sine - Marque ZEBRA - Industrie Maroc Online\",\"isPartOf\":{\"@id\":\"https:\\\/\\\/industriemaroc.com\\\/#website\"},\"primaryImageOfPage\":{\"@id\":\"https:\\\/\\\/industriemaroc.com\\\/produit\\\/rubans-resine\\\/#primaryimage\"},\"image\":{\"@id\":\"https:\\\/\\\/industriemaroc.com\\\/produit\\\/rubans-resine\\\/#primaryimage\"},\"thumbnailUrl\":\"https:\\\/\\\/industriemaroc.com\\\/wp-content\\\/uploads\\\/2023\\\/12\\\/1.jpg\",\"datePublished\":\"2023-12-08T14:31:47+00:00\",\"dateModified\":\"2025-02-06T16:24:16+00:00\",\"description\":\"Qualit\u00e9 sp\u00e9cialement d\u00e9velopp\u00e9e pour imprimer sur des \u00e9tiquettes synth\u00e9tiques. Bonne r\u00e9sistance aux produits chimiques et \u00e0 la chaleur.\",\"breadcrumb\":{\"@id\":\"https:\\\/\\\/industriemaroc.com\\\/produit\\\/rubans-resine\\\/#breadcrumb\"},\"inLanguage\":\"en-US\",\"potentialAction\":[{\"@type\":\"ReadAction\",\"target\":[\"https:\\\/\\\/industriemaroc.com\\\/produit\\\/rubans-resine\\\/\"]}]},{\"@type\":\"ImageObject\",\"inLanguage\":\"en-US\",\"@id\":\"https:\\\/\\\/industriemaroc.com\\\/produit\\\/rubans-resine\\\/#primaryimage\",\"url\":\"https:\\\/\\\/industriemaroc.com\\\/wp-content\\\/uploads\\\/2023\\\/12\\\/1.jpg\",\"contentUrl\":\"https:\\\/\\\/industriemaroc.com\\\/wp-content\\\/uploads\\\/2023\\\/12\\\/1.jpg\",\"width\":1200,\"height\":900},{\"@type\":\"BreadcrumbList\",\"@id\":\"https:\\\/\\\/industriemaroc.com\\\/produit\\\/rubans-resine\\\/#breadcrumb\",\"itemListElement\":[{\"@type\":\"ListItem\",\"position\":1,\"name\":\"Home\",\"item\":\"https:\\\/\\\/industriemaroc.com\\\/\"},{\"@type\":\"ListItem\",\"position\":2,\"name\":\"Shop\",\"item\":\"https:\\\/\\\/industriemaroc.com\\\/shop\\\/\"},{\"@type\":\"ListItem\",\"position\":3,\"name\":\"Rubans R\u00e9sine &#8211; Marque ZEBRA\"}]},{\"@type\":\"WebSite\",\"@id\":\"https:\\\/\\\/industriemaroc.com\\\/#website\",\"url\":\"https:\\\/\\\/industriemaroc.com\\\/\",\"name\":\"Industrie Maroc Online\",\"description\":\"Plateforme B2B de mat\u00e9riel professionnel au Maroc\",\"publisher\":{\"@id\":\"https:\\\/\\\/industriemaroc.com\\\/#organization\"},\"potentialAction\":[{\"@type\":\"SearchAction\",\"target\":{\"@type\":\"EntryPoint\",\"urlTemplate\":\"https:\\\/\\\/industriemaroc.com\\\/?s={search_term_string}\"},\"query-input\":{\"@type\":\"PropertyValueSpecification\",\"valueRequired\":true,\"valueName\":\"search_term_string\"}}],\"inLanguage\":\"en-US\"},{\"@type\":\"Organization\",\"@id\":\"https:\\\/\\\/industriemaroc.com\\\/#organization\",\"name\":\"industriemaroc.com\",\"url\":\"https:\\\/\\\/industriemaroc.com\\\/\",\"logo\":{\"@type\":\"ImageObject\",\"inLanguage\":\"en-US\",\"@id\":\"https:\\\/\\\/industriemaroc.com\\\/#\\\/schema\\\/logo\\\/image\\\/\",\"url\":\"https:\\\/\\\/industriemaroc.com\\\/wp-content\\\/uploads\\\/2024\\\/04\\\/IM.jpg\",\"contentUrl\":\"https:\\\/\\\/industriemaroc.com\\\/wp-content\\\/uploads\\\/2024\\\/04\\\/IM.jpg\",\"width\":2500,\"height\":2500,\"caption\":\"industriemaroc.com\"},\"image\":{\"@id\":\"https:\\\/\\\/industriemaroc.com\\\/#\\\/schema\\\/logo\\\/image\\\/\"}}]}<\/script>\n<!-- \/ Yoast SEO plugin. -->","yoast_head_json":{"title":"Rubans R\u00e9sine - Marque ZEBRA - Industrie Maroc Online","description":"Qualit\u00e9 sp\u00e9cialement d\u00e9velopp\u00e9e pour imprimer sur des \u00e9tiquettes synth\u00e9tiques.  Bonne r\u00e9sistance aux produits chimiques et \u00e0 la chaleur.","robots":{"index":"index","follow":"follow","max-snippet":"max-snippet:-1","max-image-preview":"max-image-preview:large","max-video-preview":"max-video-preview:-1"},"canonical":"https:\/\/industriemaroc.com\/en\/product\/rubans-resine\/","og_locale":"en_US","og_type":"article","og_title":"Rubans R\u00e9sine - Marque ZEBRA - Industrie Maroc Online","og_description":"Qualit\u00e9 sp\u00e9cialement d\u00e9velopp\u00e9e pour imprimer sur des \u00e9tiquettes synth\u00e9tiques.  Bonne r\u00e9sistance aux produits chimiques et \u00e0 la chaleur.","og_url":"https:\/\/industriemaroc.com\/en\/product\/rubans-resine\/","og_site_name":"Industrie Maroc Online","article_modified_time":"2025-02-06T16:24:16+00:00","og_image":[{"width":1200,"height":900,"url":"https:\/\/industriemaroc.com\/wp-content\/uploads\/2023\/12\/1.jpg","type":"image\/jpeg"}],"twitter_card":"summary_large_image","twitter_misc":{"Est. reading time":"1 minute"},"schema":{"@context":"https:\/\/schema.org","@graph":[{"@type":"WebPage","@id":"https:\/\/industriemaroc.com\/produit\/rubans-resine\/","url":"https:\/\/industriemaroc.com\/produit\/rubans-resine\/","name":"Rubans R\u00e9sine - Marque ZEBRA - Industrie Maroc Online","isPartOf":{"@id":"https:\/\/industriemaroc.com\/#website"},"primaryImageOfPage":{"@id":"https:\/\/industriemaroc.com\/produit\/rubans-resine\/#primaryimage"},"image":{"@id":"https:\/\/industriemaroc.com\/produit\/rubans-resine\/#primaryimage"},"thumbnailUrl":"https:\/\/industriemaroc.com\/wp-content\/uploads\/2023\/12\/1.jpg","datePublished":"2023-12-08T14:31:47+00:00","dateModified":"2025-02-06T16:24:16+00:00","description":"Qualit\u00e9 sp\u00e9cialement d\u00e9velopp\u00e9e pour imprimer sur des \u00e9tiquettes synth\u00e9tiques. Bonne r\u00e9sistance aux produits chimiques et \u00e0 la chaleur.","breadcrumb":{"@id":"https:\/\/industriemaroc.com\/produit\/rubans-resine\/#breadcrumb"},"inLanguage":"en-US","potentialAction":[{"@type":"ReadAction","target":["https:\/\/industriemaroc.com\/produit\/rubans-resine\/"]}]},{"@type":"ImageObject","inLanguage":"en-US","@id":"https:\/\/industriemaroc.com\/produit\/rubans-resine\/#primaryimage","url":"https:\/\/industriemaroc.com\/wp-content\/uploads\/2023\/12\/1.jpg","contentUrl":"https:\/\/industriemaroc.com\/wp-content\/uploads\/2023\/12\/1.jpg","width":1200,"height":900},{"@type":"BreadcrumbList","@id":"https:\/\/industriemaroc.com\/produit\/rubans-resine\/#breadcrumb","itemListElement":[{"@type":"ListItem","position":1,"name":"Home","item":"https:\/\/industriemaroc.com\/"},{"@type":"ListItem","position":2,"name":"Shop","item":"https:\/\/industriemaroc.com\/shop\/"},{"@type":"ListItem","position":3,"name":"Rubans R\u00e9sine &#8211; Marque ZEBRA"}]},{"@type":"WebSite","@id":"https:\/\/industriemaroc.com\/#website","url":"https:\/\/industriemaroc.com\/","name":"Industrie Maroc Online","description":"Plateforme B2B de mat\u00e9riel professionnel au Maroc","publisher":{"@id":"https:\/\/industriemaroc.com\/#organization"},"potentialAction":[{"@type":"SearchAction","target":{"@type":"EntryPoint","urlTemplate":"https:\/\/industriemaroc.com\/?s={search_term_string}"},"query-input":{"@type":"PropertyValueSpecification","valueRequired":true,"valueName":"search_term_string"}}],"inLanguage":"en-US"},{"@type":"Organization","@id":"https:\/\/industriemaroc.com\/#organization","name":"industriemaroc.com","url":"https:\/\/industriemaroc.com\/","logo":{"@type":"ImageObject","inLanguage":"en-US","@id":"https:\/\/industriemaroc.com\/#\/schema\/logo\/image\/","url":"https:\/\/industriemaroc.com\/wp-content\/uploads\/2024\/04\/IM.jpg","contentUrl":"https:\/\/industriemaroc.com\/wp-content\/uploads\/2024\/04\/IM.jpg","width":2500,"height":2500,"caption":"industriemaroc.com"},"image":{"@id":"https:\/\/industriemaroc.com\/#\/schema\/logo\/image\/"}}]}},"_links":{"self":[{"href":"https:\/\/industriemaroc.com\/en\/wp-json\/wp\/v2\/product\/19280","targetHints":{"allow":["GET"]}}],"collection":[{"href":"https:\/\/industriemaroc.com\/en\/wp-json\/wp\/v2\/product"}],"about":[{"href":"https:\/\/industriemaroc.com\/en\/wp-json\/wp\/v2\/types\/product"}],"replies":[{"embeddable":true,"href":"https:\/\/industriemaroc.com\/en\/wp-json\/wp\/v2\/comments?post=19280"}],"version-history":[{"count":3,"href":"https:\/\/industriemaroc.com\/en\/wp-json\/wp\/v2\/product\/19280\/revisions"}],"predecessor-version":[{"id":22398,"href":"https:\/\/industriemaroc.com\/en\/wp-json\/wp\/v2\/product\/19280\/revisions\/22398"}],"wp:featuredmedia":[{"embeddable":true,"href":"https:\/\/industriemaroc.com\/en\/wp-json\/wp\/v2\/media\/19283"}],"wp:attachment":[{"href":"https:\/\/industriemaroc.com\/en\/wp-json\/wp\/v2\/media?parent=19280"}],"wp:term":[{"taxonomy":"product_brand","embeddable":true,"href":"https:\/\/industriemaroc.com\/en\/wp-json\/wp\/v2\/product_brand?post=19280"},{"taxonomy":"product_cat","embeddable":true,"href":"https:\/\/industriemaroc.com\/en\/wp-json\/wp\/v2\/product_cat?post=19280"},{"taxonomy":"product_tag","embeddable":true,"href":"https:\/\/industriemaroc.com\/en\/wp-json\/wp\/v2\/product_tag?post=19280"}],"curies":[{"name":"wp","href":"https:\/\/api.w.org\/{rel}","templated":true}]}}