{"id":19613,"date":"2023-12-18T13:05:48","date_gmt":"2023-12-18T12:05:48","guid":{"rendered":"https:\/\/industriemaroc.com\/?post_type=product&#038;p=19613"},"modified":"2024-09-05T21:34:07","modified_gmt":"2024-09-05T19:34:07","slug":"boite-a-outils-5-compartiments","status":"publish","type":"product","link":"https:\/\/industriemaroc.com\/en\/product\/boite-a-outils-5-compartiments\/","title":{"rendered":"5 compartment toolbox"},"content":{"rendered":"<ul>\n<li>Five-compartment toolbox.<\/li>\n<li>Easy access to compartments with handle spacing.<\/li>\n<li>Possibility of locking the toolbox with a padlock.<\/li>\n<li>Available in several models and brands.<\/li>\n<\/ul>","protected":false},"excerpt":{"rendered":"<ul>\n<li>Five-compartment toolbox.<\/li>\n<li>Possibility of locking the toolbox with a padlock.<\/li>\n<li>Available in several models and brands.<\/li>\n<\/ul>","protected":false},"featured_media":19615,"comment_status":"open","ping_status":"closed","template":"","meta":{"om_disable_all_campaigns":false,"_monsterinsights_skip_tracking":false,"_monsterinsights_sitenote_active":false,"_monsterinsights_sitenote_note":"","_monsterinsights_sitenote_category":0,"_uf_show_specific_survey":0,"_uf_disable_surveys":false,"_joinchat":[]},"product_brand":[],"product_cat":[1165,672,1156,1161],"product_tag":[],"class_list":{"0":"post-19613","1":"product","2":"type-product","3":"status-publish","4":"has-post-thumbnail","6":"product_cat-boite-a-outils","7":"product_cat-fournitures-industrielles","8":"product_cat-outillage-professionnel-maroc","9":"product_cat-rangement-doutils","11":"first","12":"instock","13":"taxable","14":"shipping-taxable","15":"product-type-simple"},"yoast_head":"<!-- This site is optimized with the Yoast SEO plugin v27.4 - https:\/\/yoast.com\/product\/yoast-seo-wordpress\/ -->\n<title>Boite \u00e0 outils 5 compartiments - Industrie Maroc Online<\/title>\n<meta name=\"description\" content=\"Boite \u00e0 outils cinq compartiments.  Possibilit\u00e9 de verrouiller la bo\u00eete \u00e0 outils par cadenas.  Disponible en plusieurs mod\u00e8les et marques.\" \/>\n<meta name=\"robots\" content=\"index, follow, max-snippet:-1, max-image-preview:large, max-video-preview:-1\" \/>\n<link rel=\"canonical\" href=\"https:\/\/industriemaroc.com\/en\/product\/boite-a-outils-5-compartiments\/\" \/>\n<meta property=\"og:locale\" content=\"en_US\" \/>\n<meta property=\"og:type\" content=\"article\" \/>\n<meta property=\"og:title\" content=\"Boite \u00e0 outils 5 compartiments - Industrie Maroc Online\" \/>\n<meta property=\"og:description\" content=\"Boite \u00e0 outils cinq compartiments.  Possibilit\u00e9 de verrouiller la bo\u00eete \u00e0 outils par cadenas.  Disponible en plusieurs mod\u00e8les et marques.\" \/>\n<meta property=\"og:url\" content=\"https:\/\/industriemaroc.com\/en\/product\/boite-a-outils-5-compartiments\/\" \/>\n<meta property=\"og:site_name\" content=\"Industrie Maroc Online\" \/>\n<meta property=\"article:modified_time\" content=\"2024-09-05T19:34:07+00:00\" \/>\n<meta property=\"og:image\" content=\"https:\/\/industriemaroc.com\/wp-content\/uploads\/2023\/12\/1N-100.jpg\" \/>\n\t<meta property=\"og:image:width\" content=\"700\" \/>\n\t<meta property=\"og:image:height\" content=\"700\" \/>\n\t<meta property=\"og:image:type\" content=\"image\/jpeg\" \/>\n<meta name=\"twitter:card\" content=\"summary_large_image\" \/>\n<script type=\"application\/ld+json\" class=\"yoast-schema-graph\">{\"@context\":\"https:\\\/\\\/schema.org\",\"@graph\":[{\"@type\":\"WebPage\",\"@id\":\"https:\\\/\\\/industriemaroc.com\\\/produit\\\/boite-a-outils-5-compartiments\\\/\",\"url\":\"https:\\\/\\\/industriemaroc.com\\\/produit\\\/boite-a-outils-5-compartiments\\\/\",\"name\":\"Boite \u00e0 outils 5 compartiments - Industrie Maroc Online\",\"isPartOf\":{\"@id\":\"https:\\\/\\\/industriemaroc.com\\\/#website\"},\"primaryImageOfPage\":{\"@id\":\"https:\\\/\\\/industriemaroc.com\\\/produit\\\/boite-a-outils-5-compartiments\\\/#primaryimage\"},\"image\":{\"@id\":\"https:\\\/\\\/industriemaroc.com\\\/produit\\\/boite-a-outils-5-compartiments\\\/#primaryimage\"},\"thumbnailUrl\":\"https:\\\/\\\/industriemaroc.com\\\/wp-content\\\/uploads\\\/2023\\\/12\\\/1N-100.jpg\",\"datePublished\":\"2023-12-18T12:05:48+00:00\",\"dateModified\":\"2024-09-05T19:34:07+00:00\",\"description\":\"Boite \u00e0 outils cinq compartiments. Possibilit\u00e9 de verrouiller la bo\u00eete \u00e0 outils par cadenas. Disponible en plusieurs mod\u00e8les et marques.\",\"breadcrumb\":{\"@id\":\"https:\\\/\\\/industriemaroc.com\\\/produit\\\/boite-a-outils-5-compartiments\\\/#breadcrumb\"},\"inLanguage\":\"en-US\",\"potentialAction\":[{\"@type\":\"ReadAction\",\"target\":[\"https:\\\/\\\/industriemaroc.com\\\/produit\\\/boite-a-outils-5-compartiments\\\/\"]}]},{\"@type\":\"ImageObject\",\"inLanguage\":\"en-US\",\"@id\":\"https:\\\/\\\/industriemaroc.com\\\/produit\\\/boite-a-outils-5-compartiments\\\/#primaryimage\",\"url\":\"https:\\\/\\\/industriemaroc.com\\\/wp-content\\\/uploads\\\/2023\\\/12\\\/1N-100.jpg\",\"contentUrl\":\"https:\\\/\\\/industriemaroc.com\\\/wp-content\\\/uploads\\\/2023\\\/12\\\/1N-100.jpg\",\"width\":700,\"height\":700},{\"@type\":\"BreadcrumbList\",\"@id\":\"https:\\\/\\\/industriemaroc.com\\\/produit\\\/boite-a-outils-5-compartiments\\\/#breadcrumb\",\"itemListElement\":[{\"@type\":\"ListItem\",\"position\":1,\"name\":\"Home\",\"item\":\"https:\\\/\\\/industriemaroc.com\\\/\"},{\"@type\":\"ListItem\",\"position\":2,\"name\":\"Shop\",\"item\":\"https:\\\/\\\/industriemaroc.com\\\/shop\\\/\"},{\"@type\":\"ListItem\",\"position\":3,\"name\":\"Boite \u00e0 outils 5 compartiments\"}]},{\"@type\":\"WebSite\",\"@id\":\"https:\\\/\\\/industriemaroc.com\\\/#website\",\"url\":\"https:\\\/\\\/industriemaroc.com\\\/\",\"name\":\"Industrie Maroc Online\",\"description\":\"Plateforme B2B de mat\u00e9riel professionnel au Maroc\",\"publisher\":{\"@id\":\"https:\\\/\\\/industriemaroc.com\\\/#organization\"},\"potentialAction\":[{\"@type\":\"SearchAction\",\"target\":{\"@type\":\"EntryPoint\",\"urlTemplate\":\"https:\\\/\\\/industriemaroc.com\\\/?s={search_term_string}\"},\"query-input\":{\"@type\":\"PropertyValueSpecification\",\"valueRequired\":true,\"valueName\":\"search_term_string\"}}],\"inLanguage\":\"en-US\"},{\"@type\":\"Organization\",\"@id\":\"https:\\\/\\\/industriemaroc.com\\\/#organization\",\"name\":\"industriemaroc.com\",\"url\":\"https:\\\/\\\/industriemaroc.com\\\/\",\"logo\":{\"@type\":\"ImageObject\",\"inLanguage\":\"en-US\",\"@id\":\"https:\\\/\\\/industriemaroc.com\\\/#\\\/schema\\\/logo\\\/image\\\/\",\"url\":\"https:\\\/\\\/industriemaroc.com\\\/wp-content\\\/uploads\\\/2024\\\/04\\\/IM.jpg\",\"contentUrl\":\"https:\\\/\\\/industriemaroc.com\\\/wp-content\\\/uploads\\\/2024\\\/04\\\/IM.jpg\",\"width\":2500,\"height\":2500,\"caption\":\"industriemaroc.com\"},\"image\":{\"@id\":\"https:\\\/\\\/industriemaroc.com\\\/#\\\/schema\\\/logo\\\/image\\\/\"}}]}<\/script>\n<!-- \/ Yoast SEO plugin. -->","yoast_head_json":{"title":"Boite \u00e0 outils 5 compartiments - Industrie Maroc Online","description":"Boite \u00e0 outils cinq compartiments.  Possibilit\u00e9 de verrouiller la bo\u00eete \u00e0 outils par cadenas.  Disponible en plusieurs mod\u00e8les et marques.","robots":{"index":"index","follow":"follow","max-snippet":"max-snippet:-1","max-image-preview":"max-image-preview:large","max-video-preview":"max-video-preview:-1"},"canonical":"https:\/\/industriemaroc.com\/en\/product\/boite-a-outils-5-compartiments\/","og_locale":"en_US","og_type":"article","og_title":"Boite \u00e0 outils 5 compartiments - Industrie Maroc Online","og_description":"Boite \u00e0 outils cinq compartiments.  Possibilit\u00e9 de verrouiller la bo\u00eete \u00e0 outils par cadenas.  Disponible en plusieurs mod\u00e8les et marques.","og_url":"https:\/\/industriemaroc.com\/en\/product\/boite-a-outils-5-compartiments\/","og_site_name":"Industrie Maroc Online","article_modified_time":"2024-09-05T19:34:07+00:00","og_image":[{"width":700,"height":700,"url":"https:\/\/industriemaroc.com\/wp-content\/uploads\/2023\/12\/1N-100.jpg","type":"image\/jpeg"}],"twitter_card":"summary_large_image","schema":{"@context":"https:\/\/schema.org","@graph":[{"@type":"WebPage","@id":"https:\/\/industriemaroc.com\/produit\/boite-a-outils-5-compartiments\/","url":"https:\/\/industriemaroc.com\/produit\/boite-a-outils-5-compartiments\/","name":"Boite \u00e0 outils 5 compartiments - Industrie Maroc Online","isPartOf":{"@id":"https:\/\/industriemaroc.com\/#website"},"primaryImageOfPage":{"@id":"https:\/\/industriemaroc.com\/produit\/boite-a-outils-5-compartiments\/#primaryimage"},"image":{"@id":"https:\/\/industriemaroc.com\/produit\/boite-a-outils-5-compartiments\/#primaryimage"},"thumbnailUrl":"https:\/\/industriemaroc.com\/wp-content\/uploads\/2023\/12\/1N-100.jpg","datePublished":"2023-12-18T12:05:48+00:00","dateModified":"2024-09-05T19:34:07+00:00","description":"Boite \u00e0 outils cinq compartiments. Possibilit\u00e9 de verrouiller la bo\u00eete \u00e0 outils par cadenas. Disponible en plusieurs mod\u00e8les et marques.","breadcrumb":{"@id":"https:\/\/industriemaroc.com\/produit\/boite-a-outils-5-compartiments\/#breadcrumb"},"inLanguage":"en-US","potentialAction":[{"@type":"ReadAction","target":["https:\/\/industriemaroc.com\/produit\/boite-a-outils-5-compartiments\/"]}]},{"@type":"ImageObject","inLanguage":"en-US","@id":"https:\/\/industriemaroc.com\/produit\/boite-a-outils-5-compartiments\/#primaryimage","url":"https:\/\/industriemaroc.com\/wp-content\/uploads\/2023\/12\/1N-100.jpg","contentUrl":"https:\/\/industriemaroc.com\/wp-content\/uploads\/2023\/12\/1N-100.jpg","width":700,"height":700},{"@type":"BreadcrumbList","@id":"https:\/\/industriemaroc.com\/produit\/boite-a-outils-5-compartiments\/#breadcrumb","itemListElement":[{"@type":"ListItem","position":1,"name":"Home","item":"https:\/\/industriemaroc.com\/"},{"@type":"ListItem","position":2,"name":"Shop","item":"https:\/\/industriemaroc.com\/shop\/"},{"@type":"ListItem","position":3,"name":"Boite \u00e0 outils 5 compartiments"}]},{"@type":"WebSite","@id":"https:\/\/industriemaroc.com\/#website","url":"https:\/\/industriemaroc.com\/","name":"Industrie Maroc Online","description":"Plateforme B2B de mat\u00e9riel professionnel au Maroc","publisher":{"@id":"https:\/\/industriemaroc.com\/#organization"},"potentialAction":[{"@type":"SearchAction","target":{"@type":"EntryPoint","urlTemplate":"https:\/\/industriemaroc.com\/?s={search_term_string}"},"query-input":{"@type":"PropertyValueSpecification","valueRequired":true,"valueName":"search_term_string"}}],"inLanguage":"en-US"},{"@type":"Organization","@id":"https:\/\/industriemaroc.com\/#organization","name":"industriemaroc.com","url":"https:\/\/industriemaroc.com\/","logo":{"@type":"ImageObject","inLanguage":"en-US","@id":"https:\/\/industriemaroc.com\/#\/schema\/logo\/image\/","url":"https:\/\/industriemaroc.com\/wp-content\/uploads\/2024\/04\/IM.jpg","contentUrl":"https:\/\/industriemaroc.com\/wp-content\/uploads\/2024\/04\/IM.jpg","width":2500,"height":2500,"caption":"industriemaroc.com"},"image":{"@id":"https:\/\/industriemaroc.com\/#\/schema\/logo\/image\/"}}]}},"_links":{"self":[{"href":"https:\/\/industriemaroc.com\/en\/wp-json\/wp\/v2\/product\/19613","targetHints":{"allow":["GET"]}}],"collection":[{"href":"https:\/\/industriemaroc.com\/en\/wp-json\/wp\/v2\/product"}],"about":[{"href":"https:\/\/industriemaroc.com\/en\/wp-json\/wp\/v2\/types\/product"}],"replies":[{"embeddable":true,"href":"https:\/\/industriemaroc.com\/en\/wp-json\/wp\/v2\/comments?post=19613"}],"version-history":[{"count":2,"href":"https:\/\/industriemaroc.com\/en\/wp-json\/wp\/v2\/product\/19613\/revisions"}],"predecessor-version":[{"id":22451,"href":"https:\/\/industriemaroc.com\/en\/wp-json\/wp\/v2\/product\/19613\/revisions\/22451"}],"wp:featuredmedia":[{"embeddable":true,"href":"https:\/\/industriemaroc.com\/en\/wp-json\/wp\/v2\/media\/19615"}],"wp:attachment":[{"href":"https:\/\/industriemaroc.com\/en\/wp-json\/wp\/v2\/media?parent=19613"}],"wp:term":[{"taxonomy":"product_brand","embeddable":true,"href":"https:\/\/industriemaroc.com\/en\/wp-json\/wp\/v2\/product_brand?post=19613"},{"taxonomy":"product_cat","embeddable":true,"href":"https:\/\/industriemaroc.com\/en\/wp-json\/wp\/v2\/product_cat?post=19613"},{"taxonomy":"product_tag","embeddable":true,"href":"https:\/\/industriemaroc.com\/en\/wp-json\/wp\/v2\/product_tag?post=19613"}],"curies":[{"name":"wp","href":"https:\/\/api.w.org\/{rel}","templated":true}]}}