{"id":19725,"date":"2023-12-19T19:30:02","date_gmt":"2023-12-19T18:30:02","guid":{"rendered":"https:\/\/industriemaroc.com\/?post_type=product&#038;p=19725"},"modified":"2024-10-11T21:32:50","modified_gmt":"2024-10-11T19:32:50","slug":"tige-filetee-laiton","status":"publish","type":"product","link":"https:\/\/industriemaroc.com\/en\/product\/tige-filetee-laiton\/","title":{"rendered":"Tige filet\u00e9e Laiton -Diff\u00e9rentes dimensions"},"content":{"rendered":"<ul>\n<li>Tige filet\u00e9e en laiton.<\/li>\n<li>Tige en m\u00e9tal, g\u00e9n\u00e9ralement en alliage de cuivre et de zinc.<\/li>\n<li>Dot\u00e9e de filets h\u00e9lico\u00efdaux sur toute sa longueur.<\/li>\n<li>Excellente r\u00e9sistance \u00e0 la corrosion.<\/li>\n<li>Bonne conductivit\u00e9 \u00e9lectrique.<\/li>\n<li>Adapt\u00e9e aux environnements humides ou corrosifs.<\/li>\n<li>Utilis\u00e9e dans divers assemblages m\u00e9caniques et \u00e9lectriques.<\/li>\n<li>Fixation solide et durable.<\/li>\n<\/ul>","protected":false},"excerpt":{"rendered":"<ul>\n<li>Tige filet\u00e9e en laiton.<\/li>\n<li>Tige en m\u00e9tal, g\u00e9n\u00e9ralement en alliage de cuivre et de zinc.<\/li>\n<li>Dot\u00e9e de filets h\u00e9lico\u00efdaux sur toute sa longueur.<\/li>\n<\/ul>","protected":false},"featured_media":19727,"comment_status":"open","ping_status":"closed","template":"","meta":{"om_disable_all_campaigns":false,"_monsterinsights_skip_tracking":false,"_monsterinsights_sitenote_active":false,"_monsterinsights_sitenote_note":"","_monsterinsights_sitenote_category":0,"_uf_show_specific_survey":0,"_uf_disable_surveys":false,"_joinchat":[]},"product_brand":[],"product_cat":[972,1260,676],"product_tag":[],"class_list":{"0":"post-19725","1":"product","2":"type-product","3":"status-publish","4":"has-post-thumbnail","6":"product_cat-tige-filetee-maroc","7":"product_cat-tige-filetee-laiton","8":"product_cat-visserie-maroc","10":"first","11":"instock","12":"taxable","13":"shipping-taxable","14":"product-type-simple"},"yoast_head":"<!-- This site is optimized with the Yoast SEO plugin v27.4 - https:\/\/yoast.com\/product\/yoast-seo-wordpress\/ -->\n<title>Tige filet\u00e9e Laiton -Diff\u00e9rentes dimensions - Industrie Maroc Online<\/title>\n<meta name=\"description\" content=\"Tige filet\u00e9e en laiton.  Tige en m\u00e9tal, g\u00e9n\u00e9ralement en alliage de cuivre et de zinc.  Dot\u00e9e de filets h\u00e9lico\u00efdaux sur toute sa longueur.\" \/>\n<meta name=\"robots\" content=\"index, follow, max-snippet:-1, max-image-preview:large, max-video-preview:-1\" \/>\n<link rel=\"canonical\" href=\"https:\/\/industriemaroc.com\/en\/product\/tige-filetee-laiton\/\" \/>\n<meta property=\"og:locale\" content=\"en_US\" \/>\n<meta property=\"og:type\" content=\"article\" \/>\n<meta property=\"og:title\" content=\"Tige filet\u00e9e Laiton -Diff\u00e9rentes dimensions - Industrie Maroc Online\" \/>\n<meta property=\"og:description\" content=\"Tige filet\u00e9e en laiton.  Tige en m\u00e9tal, g\u00e9n\u00e9ralement en alliage de cuivre et de zinc.  Dot\u00e9e de filets h\u00e9lico\u00efdaux sur toute sa longueur.\" \/>\n<meta property=\"og:url\" content=\"https:\/\/industriemaroc.com\/en\/product\/tige-filetee-laiton\/\" \/>\n<meta property=\"og:site_name\" content=\"Industrie Maroc Online\" \/>\n<meta property=\"article:modified_time\" content=\"2024-10-11T19:32:50+00:00\" \/>\n<meta property=\"og:image\" content=\"https:\/\/industriemaroc.com\/wp-content\/uploads\/2023\/12\/1N-112.jpg\" \/>\n\t<meta property=\"og:image:width\" content=\"700\" \/>\n\t<meta property=\"og:image:height\" content=\"700\" \/>\n\t<meta property=\"og:image:type\" content=\"image\/jpeg\" \/>\n<meta name=\"twitter:card\" content=\"summary_large_image\" \/>\n<script type=\"application\/ld+json\" class=\"yoast-schema-graph\">{\"@context\":\"https:\\\/\\\/schema.org\",\"@graph\":[{\"@type\":\"WebPage\",\"@id\":\"https:\\\/\\\/industriemaroc.com\\\/produit\\\/tige-filetee-laiton\\\/\",\"url\":\"https:\\\/\\\/industriemaroc.com\\\/produit\\\/tige-filetee-laiton\\\/\",\"name\":\"Tige filet\u00e9e Laiton -Diff\u00e9rentes dimensions - Industrie Maroc Online\",\"isPartOf\":{\"@id\":\"https:\\\/\\\/industriemaroc.com\\\/#website\"},\"primaryImageOfPage\":{\"@id\":\"https:\\\/\\\/industriemaroc.com\\\/produit\\\/tige-filetee-laiton\\\/#primaryimage\"},\"image\":{\"@id\":\"https:\\\/\\\/industriemaroc.com\\\/produit\\\/tige-filetee-laiton\\\/#primaryimage\"},\"thumbnailUrl\":\"https:\\\/\\\/industriemaroc.com\\\/wp-content\\\/uploads\\\/2023\\\/12\\\/1N-112.jpg\",\"datePublished\":\"2023-12-19T18:30:02+00:00\",\"dateModified\":\"2024-10-11T19:32:50+00:00\",\"description\":\"Tige filet\u00e9e en laiton. Tige en m\u00e9tal, g\u00e9n\u00e9ralement en alliage de cuivre et de zinc. Dot\u00e9e de filets h\u00e9lico\u00efdaux sur toute sa longueur.\",\"breadcrumb\":{\"@id\":\"https:\\\/\\\/industriemaroc.com\\\/produit\\\/tige-filetee-laiton\\\/#breadcrumb\"},\"inLanguage\":\"en-US\",\"potentialAction\":[{\"@type\":\"ReadAction\",\"target\":[\"https:\\\/\\\/industriemaroc.com\\\/produit\\\/tige-filetee-laiton\\\/\"]}]},{\"@type\":\"ImageObject\",\"inLanguage\":\"en-US\",\"@id\":\"https:\\\/\\\/industriemaroc.com\\\/produit\\\/tige-filetee-laiton\\\/#primaryimage\",\"url\":\"https:\\\/\\\/industriemaroc.com\\\/wp-content\\\/uploads\\\/2023\\\/12\\\/1N-112.jpg\",\"contentUrl\":\"https:\\\/\\\/industriemaroc.com\\\/wp-content\\\/uploads\\\/2023\\\/12\\\/1N-112.jpg\",\"width\":700,\"height\":700},{\"@type\":\"BreadcrumbList\",\"@id\":\"https:\\\/\\\/industriemaroc.com\\\/produit\\\/tige-filetee-laiton\\\/#breadcrumb\",\"itemListElement\":[{\"@type\":\"ListItem\",\"position\":1,\"name\":\"Home\",\"item\":\"https:\\\/\\\/industriemaroc.com\\\/\"},{\"@type\":\"ListItem\",\"position\":2,\"name\":\"Shop\",\"item\":\"https:\\\/\\\/industriemaroc.com\\\/shop\\\/\"},{\"@type\":\"ListItem\",\"position\":3,\"name\":\"Tige filet\u00e9e Laiton -Diff\u00e9rentes dimensions\"}]},{\"@type\":\"WebSite\",\"@id\":\"https:\\\/\\\/industriemaroc.com\\\/#website\",\"url\":\"https:\\\/\\\/industriemaroc.com\\\/\",\"name\":\"Industrie Maroc Online\",\"description\":\"Plateforme B2B de mat\u00e9riel professionnel au Maroc\",\"publisher\":{\"@id\":\"https:\\\/\\\/industriemaroc.com\\\/#organization\"},\"potentialAction\":[{\"@type\":\"SearchAction\",\"target\":{\"@type\":\"EntryPoint\",\"urlTemplate\":\"https:\\\/\\\/industriemaroc.com\\\/?s={search_term_string}\"},\"query-input\":{\"@type\":\"PropertyValueSpecification\",\"valueRequired\":true,\"valueName\":\"search_term_string\"}}],\"inLanguage\":\"en-US\"},{\"@type\":\"Organization\",\"@id\":\"https:\\\/\\\/industriemaroc.com\\\/#organization\",\"name\":\"industriemaroc.com\",\"url\":\"https:\\\/\\\/industriemaroc.com\\\/\",\"logo\":{\"@type\":\"ImageObject\",\"inLanguage\":\"en-US\",\"@id\":\"https:\\\/\\\/industriemaroc.com\\\/#\\\/schema\\\/logo\\\/image\\\/\",\"url\":\"https:\\\/\\\/industriemaroc.com\\\/wp-content\\\/uploads\\\/2024\\\/04\\\/IM.jpg\",\"contentUrl\":\"https:\\\/\\\/industriemaroc.com\\\/wp-content\\\/uploads\\\/2024\\\/04\\\/IM.jpg\",\"width\":2500,\"height\":2500,\"caption\":\"industriemaroc.com\"},\"image\":{\"@id\":\"https:\\\/\\\/industriemaroc.com\\\/#\\\/schema\\\/logo\\\/image\\\/\"}}]}<\/script>\n<!-- \/ Yoast SEO plugin. -->","yoast_head_json":{"title":"Tige filet\u00e9e Laiton -Diff\u00e9rentes dimensions - Industrie Maroc Online","description":"Tige filet\u00e9e en laiton.  Tige en m\u00e9tal, g\u00e9n\u00e9ralement en alliage de cuivre et de zinc.  Dot\u00e9e de filets h\u00e9lico\u00efdaux sur toute sa longueur.","robots":{"index":"index","follow":"follow","max-snippet":"max-snippet:-1","max-image-preview":"max-image-preview:large","max-video-preview":"max-video-preview:-1"},"canonical":"https:\/\/industriemaroc.com\/en\/product\/tige-filetee-laiton\/","og_locale":"en_US","og_type":"article","og_title":"Tige filet\u00e9e Laiton -Diff\u00e9rentes dimensions - Industrie Maroc Online","og_description":"Tige filet\u00e9e en laiton.  Tige en m\u00e9tal, g\u00e9n\u00e9ralement en alliage de cuivre et de zinc.  Dot\u00e9e de filets h\u00e9lico\u00efdaux sur toute sa longueur.","og_url":"https:\/\/industriemaroc.com\/en\/product\/tige-filetee-laiton\/","og_site_name":"Industrie Maroc Online","article_modified_time":"2024-10-11T19:32:50+00:00","og_image":[{"width":700,"height":700,"url":"https:\/\/industriemaroc.com\/wp-content\/uploads\/2023\/12\/1N-112.jpg","type":"image\/jpeg"}],"twitter_card":"summary_large_image","schema":{"@context":"https:\/\/schema.org","@graph":[{"@type":"WebPage","@id":"https:\/\/industriemaroc.com\/produit\/tige-filetee-laiton\/","url":"https:\/\/industriemaroc.com\/produit\/tige-filetee-laiton\/","name":"Tige filet\u00e9e Laiton -Diff\u00e9rentes dimensions - Industrie Maroc Online","isPartOf":{"@id":"https:\/\/industriemaroc.com\/#website"},"primaryImageOfPage":{"@id":"https:\/\/industriemaroc.com\/produit\/tige-filetee-laiton\/#primaryimage"},"image":{"@id":"https:\/\/industriemaroc.com\/produit\/tige-filetee-laiton\/#primaryimage"},"thumbnailUrl":"https:\/\/industriemaroc.com\/wp-content\/uploads\/2023\/12\/1N-112.jpg","datePublished":"2023-12-19T18:30:02+00:00","dateModified":"2024-10-11T19:32:50+00:00","description":"Tige filet\u00e9e en laiton. Tige en m\u00e9tal, g\u00e9n\u00e9ralement en alliage de cuivre et de zinc. Dot\u00e9e de filets h\u00e9lico\u00efdaux sur toute sa longueur.","breadcrumb":{"@id":"https:\/\/industriemaroc.com\/produit\/tige-filetee-laiton\/#breadcrumb"},"inLanguage":"en-US","potentialAction":[{"@type":"ReadAction","target":["https:\/\/industriemaroc.com\/produit\/tige-filetee-laiton\/"]}]},{"@type":"ImageObject","inLanguage":"en-US","@id":"https:\/\/industriemaroc.com\/produit\/tige-filetee-laiton\/#primaryimage","url":"https:\/\/industriemaroc.com\/wp-content\/uploads\/2023\/12\/1N-112.jpg","contentUrl":"https:\/\/industriemaroc.com\/wp-content\/uploads\/2023\/12\/1N-112.jpg","width":700,"height":700},{"@type":"BreadcrumbList","@id":"https:\/\/industriemaroc.com\/produit\/tige-filetee-laiton\/#breadcrumb","itemListElement":[{"@type":"ListItem","position":1,"name":"Home","item":"https:\/\/industriemaroc.com\/"},{"@type":"ListItem","position":2,"name":"Shop","item":"https:\/\/industriemaroc.com\/shop\/"},{"@type":"ListItem","position":3,"name":"Tige filet\u00e9e Laiton -Diff\u00e9rentes dimensions"}]},{"@type":"WebSite","@id":"https:\/\/industriemaroc.com\/#website","url":"https:\/\/industriemaroc.com\/","name":"Industrie Maroc Online","description":"Plateforme B2B de mat\u00e9riel professionnel au Maroc","publisher":{"@id":"https:\/\/industriemaroc.com\/#organization"},"potentialAction":[{"@type":"SearchAction","target":{"@type":"EntryPoint","urlTemplate":"https:\/\/industriemaroc.com\/?s={search_term_string}"},"query-input":{"@type":"PropertyValueSpecification","valueRequired":true,"valueName":"search_term_string"}}],"inLanguage":"en-US"},{"@type":"Organization","@id":"https:\/\/industriemaroc.com\/#organization","name":"industriemaroc.com","url":"https:\/\/industriemaroc.com\/","logo":{"@type":"ImageObject","inLanguage":"en-US","@id":"https:\/\/industriemaroc.com\/#\/schema\/logo\/image\/","url":"https:\/\/industriemaroc.com\/wp-content\/uploads\/2024\/04\/IM.jpg","contentUrl":"https:\/\/industriemaroc.com\/wp-content\/uploads\/2024\/04\/IM.jpg","width":2500,"height":2500,"caption":"industriemaroc.com"},"image":{"@id":"https:\/\/industriemaroc.com\/#\/schema\/logo\/image\/"}}]}},"_links":{"self":[{"href":"https:\/\/industriemaroc.com\/en\/wp-json\/wp\/v2\/product\/19725","targetHints":{"allow":["GET"]}}],"collection":[{"href":"https:\/\/industriemaroc.com\/en\/wp-json\/wp\/v2\/product"}],"about":[{"href":"https:\/\/industriemaroc.com\/en\/wp-json\/wp\/v2\/types\/product"}],"replies":[{"embeddable":true,"href":"https:\/\/industriemaroc.com\/en\/wp-json\/wp\/v2\/comments?post=19725"}],"version-history":[{"count":4,"href":"https:\/\/industriemaroc.com\/en\/wp-json\/wp\/v2\/product\/19725\/revisions"}],"predecessor-version":[{"id":23738,"href":"https:\/\/industriemaroc.com\/en\/wp-json\/wp\/v2\/product\/19725\/revisions\/23738"}],"wp:featuredmedia":[{"embeddable":true,"href":"https:\/\/industriemaroc.com\/en\/wp-json\/wp\/v2\/media\/19727"}],"wp:attachment":[{"href":"https:\/\/industriemaroc.com\/en\/wp-json\/wp\/v2\/media?parent=19725"}],"wp:term":[{"taxonomy":"product_brand","embeddable":true,"href":"https:\/\/industriemaroc.com\/en\/wp-json\/wp\/v2\/product_brand?post=19725"},{"taxonomy":"product_cat","embeddable":true,"href":"https:\/\/industriemaroc.com\/en\/wp-json\/wp\/v2\/product_cat?post=19725"},{"taxonomy":"product_tag","embeddable":true,"href":"https:\/\/industriemaroc.com\/en\/wp-json\/wp\/v2\/product_tag?post=19725"}],"curies":[{"name":"wp","href":"https:\/\/api.w.org\/{rel}","templated":true}]}}