{"id":19797,"date":"2023-12-21T14:37:18","date_gmt":"2023-12-21T13:37:18","guid":{"rendered":"https:\/\/industriemaroc.com\/?post_type=product&#038;p=19797"},"modified":"2024-09-16T21:20:41","modified_gmt":"2024-09-16T19:20:41","slug":"cable-souple-multiconducteur","status":"publish","type":"product","link":"https:\/\/industriemaroc.com\/en\/product\/cable-souple-multiconducteur\/","title":{"rendered":"Multi-conductor flexible cable"},"content":{"rendered":"<ul>\n<li>Le c\u00e2ble souple multiconducteur U500V est compos\u00e9 de plusieurs conducteurs en cuivre \u00e9tam\u00e9, chacun isol\u00e9 individuellement et regroup\u00e9s sous une gaine en PVC flexible.<\/li>\n<li>Il est con\u00e7u pour des applications n\u00e9cessitant une flexibilit\u00e9 accrue et supporte une tension maximale de 500 volts.<\/li>\n<li>Sa structure permet une installation facile dans des espaces confin\u00e9s tout en offrant une performance fiable et durable.<\/li>\n<\/ul>","protected":false},"excerpt":{"rendered":"<ul>\n<li>Compos\u00e9 de plusieurs conducteurs en cuivre \u00e9tam\u00e9.<\/li>\n<li>Chacun isol\u00e9 individuellement et regroup\u00e9s sous une gaine en PVC flexible.<\/li>\n<li>Gammes : Nexans, Ingelec..<\/li>\n<\/ul>","protected":false},"featured_media":19800,"comment_status":"open","ping_status":"closed","template":"","meta":{"om_disable_all_campaigns":false,"_monsterinsights_skip_tracking":false,"_monsterinsights_sitenote_active":false,"_monsterinsights_sitenote_note":"","_monsterinsights_sitenote_category":0,"_uf_show_specific_survey":0,"_uf_disable_surveys":false,"_joinchat":[]},"product_brand":[],"product_cat":[1183,1181,1158,672],"product_tag":[],"class_list":{"0":"post-19797","1":"product","2":"type-product","3":"status-publish","4":"has-post-thumbnail","6":"product_cat-cable-domestique","7":"product_cat-cable-electrique","8":"product_cat-electricite","9":"product_cat-fournitures-industrielles","11":"first","12":"instock","13":"taxable","14":"shipping-taxable","15":"product-type-simple"},"yoast_head":"<!-- This site is optimized with the Yoast SEO plugin v27.4 - https:\/\/yoast.com\/product\/yoast-seo-wordpress\/ -->\n<title>C\u00e2ble souple multiconducteur - Industrie Maroc Online<\/title>\n<meta name=\"description\" content=\"Compos\u00e9 de plusieurs conducteurs en cuivre \u00e9tam\u00e9.  Chacun isol\u00e9 individuellement et regroup\u00e9s sous une gaine en PVC flexible.  Gammes : Nexans, Ingelec..\" \/>\n<meta name=\"robots\" content=\"index, follow, max-snippet:-1, max-image-preview:large, max-video-preview:-1\" \/>\n<link rel=\"canonical\" href=\"https:\/\/industriemaroc.com\/en\/product\/cable-souple-multiconducteur\/\" \/>\n<meta property=\"og:locale\" content=\"en_US\" \/>\n<meta property=\"og:type\" content=\"article\" \/>\n<meta property=\"og:title\" content=\"C\u00e2ble souple multiconducteur - Industrie Maroc Online\" \/>\n<meta property=\"og:description\" content=\"Compos\u00e9 de plusieurs conducteurs en cuivre \u00e9tam\u00e9.  Chacun isol\u00e9 individuellement et regroup\u00e9s sous une gaine en PVC flexible.  Gammes : Nexans, Ingelec..\" \/>\n<meta property=\"og:url\" content=\"https:\/\/industriemaroc.com\/en\/product\/cable-souple-multiconducteur\/\" \/>\n<meta property=\"og:site_name\" content=\"Industrie Maroc Online\" \/>\n<meta property=\"article:modified_time\" content=\"2024-09-16T19:20:41+00:00\" \/>\n<meta property=\"og:image\" content=\"https:\/\/industriemaroc.com\/wp-content\/uploads\/2023\/12\/1N-125.jpg\" \/>\n\t<meta property=\"og:image:width\" content=\"700\" \/>\n\t<meta property=\"og:image:height\" content=\"700\" \/>\n\t<meta property=\"og:image:type\" content=\"image\/jpeg\" \/>\n<meta name=\"twitter:card\" content=\"summary_large_image\" \/>\n<script type=\"application\/ld+json\" class=\"yoast-schema-graph\">{\"@context\":\"https:\\\/\\\/schema.org\",\"@graph\":[{\"@type\":\"WebPage\",\"@id\":\"https:\\\/\\\/industriemaroc.com\\\/produit\\\/cable-souple-multiconducteur\\\/\",\"url\":\"https:\\\/\\\/industriemaroc.com\\\/produit\\\/cable-souple-multiconducteur\\\/\",\"name\":\"C\u00e2ble souple multiconducteur - Industrie Maroc Online\",\"isPartOf\":{\"@id\":\"https:\\\/\\\/industriemaroc.com\\\/#website\"},\"primaryImageOfPage\":{\"@id\":\"https:\\\/\\\/industriemaroc.com\\\/produit\\\/cable-souple-multiconducteur\\\/#primaryimage\"},\"image\":{\"@id\":\"https:\\\/\\\/industriemaroc.com\\\/produit\\\/cable-souple-multiconducteur\\\/#primaryimage\"},\"thumbnailUrl\":\"https:\\\/\\\/industriemaroc.com\\\/wp-content\\\/uploads\\\/2023\\\/12\\\/1N-125.jpg\",\"datePublished\":\"2023-12-21T13:37:18+00:00\",\"dateModified\":\"2024-09-16T19:20:41+00:00\",\"description\":\"Compos\u00e9 de plusieurs conducteurs en cuivre \u00e9tam\u00e9. Chacun isol\u00e9 individuellement et regroup\u00e9s sous une gaine en PVC flexible. Gammes : Nexans, Ingelec..\",\"breadcrumb\":{\"@id\":\"https:\\\/\\\/industriemaroc.com\\\/produit\\\/cable-souple-multiconducteur\\\/#breadcrumb\"},\"inLanguage\":\"en-US\",\"potentialAction\":[{\"@type\":\"ReadAction\",\"target\":[\"https:\\\/\\\/industriemaroc.com\\\/produit\\\/cable-souple-multiconducteur\\\/\"]}]},{\"@type\":\"ImageObject\",\"inLanguage\":\"en-US\",\"@id\":\"https:\\\/\\\/industriemaroc.com\\\/produit\\\/cable-souple-multiconducteur\\\/#primaryimage\",\"url\":\"https:\\\/\\\/industriemaroc.com\\\/wp-content\\\/uploads\\\/2023\\\/12\\\/1N-125.jpg\",\"contentUrl\":\"https:\\\/\\\/industriemaroc.com\\\/wp-content\\\/uploads\\\/2023\\\/12\\\/1N-125.jpg\",\"width\":700,\"height\":700},{\"@type\":\"BreadcrumbList\",\"@id\":\"https:\\\/\\\/industriemaroc.com\\\/produit\\\/cable-souple-multiconducteur\\\/#breadcrumb\",\"itemListElement\":[{\"@type\":\"ListItem\",\"position\":1,\"name\":\"Home\",\"item\":\"https:\\\/\\\/industriemaroc.com\\\/\"},{\"@type\":\"ListItem\",\"position\":2,\"name\":\"Shop\",\"item\":\"https:\\\/\\\/industriemaroc.com\\\/shop\\\/\"},{\"@type\":\"ListItem\",\"position\":3,\"name\":\"C\u00e2ble souple multiconducteur\"}]},{\"@type\":\"WebSite\",\"@id\":\"https:\\\/\\\/industriemaroc.com\\\/#website\",\"url\":\"https:\\\/\\\/industriemaroc.com\\\/\",\"name\":\"Industrie Maroc Online\",\"description\":\"Plateforme B2B de mat\u00e9riel professionnel au Maroc\",\"publisher\":{\"@id\":\"https:\\\/\\\/industriemaroc.com\\\/#organization\"},\"potentialAction\":[{\"@type\":\"SearchAction\",\"target\":{\"@type\":\"EntryPoint\",\"urlTemplate\":\"https:\\\/\\\/industriemaroc.com\\\/?s={search_term_string}\"},\"query-input\":{\"@type\":\"PropertyValueSpecification\",\"valueRequired\":true,\"valueName\":\"search_term_string\"}}],\"inLanguage\":\"en-US\"},{\"@type\":\"Organization\",\"@id\":\"https:\\\/\\\/industriemaroc.com\\\/#organization\",\"name\":\"industriemaroc.com\",\"url\":\"https:\\\/\\\/industriemaroc.com\\\/\",\"logo\":{\"@type\":\"ImageObject\",\"inLanguage\":\"en-US\",\"@id\":\"https:\\\/\\\/industriemaroc.com\\\/#\\\/schema\\\/logo\\\/image\\\/\",\"url\":\"https:\\\/\\\/industriemaroc.com\\\/wp-content\\\/uploads\\\/2024\\\/04\\\/IM.jpg\",\"contentUrl\":\"https:\\\/\\\/industriemaroc.com\\\/wp-content\\\/uploads\\\/2024\\\/04\\\/IM.jpg\",\"width\":2500,\"height\":2500,\"caption\":\"industriemaroc.com\"},\"image\":{\"@id\":\"https:\\\/\\\/industriemaroc.com\\\/#\\\/schema\\\/logo\\\/image\\\/\"}}]}<\/script>\n<!-- \/ Yoast SEO plugin. -->","yoast_head_json":{"title":"C\u00e2ble souple multiconducteur - Industrie Maroc Online","description":"Compos\u00e9 de plusieurs conducteurs en cuivre \u00e9tam\u00e9.  Chacun isol\u00e9 individuellement et regroup\u00e9s sous une gaine en PVC flexible.  Gammes : Nexans, Ingelec..","robots":{"index":"index","follow":"follow","max-snippet":"max-snippet:-1","max-image-preview":"max-image-preview:large","max-video-preview":"max-video-preview:-1"},"canonical":"https:\/\/industriemaroc.com\/en\/product\/cable-souple-multiconducteur\/","og_locale":"en_US","og_type":"article","og_title":"C\u00e2ble souple multiconducteur - Industrie Maroc Online","og_description":"Compos\u00e9 de plusieurs conducteurs en cuivre \u00e9tam\u00e9.  Chacun isol\u00e9 individuellement et regroup\u00e9s sous une gaine en PVC flexible.  Gammes : Nexans, Ingelec..","og_url":"https:\/\/industriemaroc.com\/en\/product\/cable-souple-multiconducteur\/","og_site_name":"Industrie Maroc Online","article_modified_time":"2024-09-16T19:20:41+00:00","og_image":[{"width":700,"height":700,"url":"https:\/\/industriemaroc.com\/wp-content\/uploads\/2023\/12\/1N-125.jpg","type":"image\/jpeg"}],"twitter_card":"summary_large_image","schema":{"@context":"https:\/\/schema.org","@graph":[{"@type":"WebPage","@id":"https:\/\/industriemaroc.com\/produit\/cable-souple-multiconducteur\/","url":"https:\/\/industriemaroc.com\/produit\/cable-souple-multiconducteur\/","name":"C\u00e2ble souple multiconducteur - Industrie Maroc Online","isPartOf":{"@id":"https:\/\/industriemaroc.com\/#website"},"primaryImageOfPage":{"@id":"https:\/\/industriemaroc.com\/produit\/cable-souple-multiconducteur\/#primaryimage"},"image":{"@id":"https:\/\/industriemaroc.com\/produit\/cable-souple-multiconducteur\/#primaryimage"},"thumbnailUrl":"https:\/\/industriemaroc.com\/wp-content\/uploads\/2023\/12\/1N-125.jpg","datePublished":"2023-12-21T13:37:18+00:00","dateModified":"2024-09-16T19:20:41+00:00","description":"Compos\u00e9 de plusieurs conducteurs en cuivre \u00e9tam\u00e9. Chacun isol\u00e9 individuellement et regroup\u00e9s sous une gaine en PVC flexible. Gammes : Nexans, Ingelec..","breadcrumb":{"@id":"https:\/\/industriemaroc.com\/produit\/cable-souple-multiconducteur\/#breadcrumb"},"inLanguage":"en-US","potentialAction":[{"@type":"ReadAction","target":["https:\/\/industriemaroc.com\/produit\/cable-souple-multiconducteur\/"]}]},{"@type":"ImageObject","inLanguage":"en-US","@id":"https:\/\/industriemaroc.com\/produit\/cable-souple-multiconducteur\/#primaryimage","url":"https:\/\/industriemaroc.com\/wp-content\/uploads\/2023\/12\/1N-125.jpg","contentUrl":"https:\/\/industriemaroc.com\/wp-content\/uploads\/2023\/12\/1N-125.jpg","width":700,"height":700},{"@type":"BreadcrumbList","@id":"https:\/\/industriemaroc.com\/produit\/cable-souple-multiconducteur\/#breadcrumb","itemListElement":[{"@type":"ListItem","position":1,"name":"Home","item":"https:\/\/industriemaroc.com\/"},{"@type":"ListItem","position":2,"name":"Shop","item":"https:\/\/industriemaroc.com\/shop\/"},{"@type":"ListItem","position":3,"name":"C\u00e2ble souple multiconducteur"}]},{"@type":"WebSite","@id":"https:\/\/industriemaroc.com\/#website","url":"https:\/\/industriemaroc.com\/","name":"Industrie Maroc Online","description":"Plateforme B2B de mat\u00e9riel professionnel au Maroc","publisher":{"@id":"https:\/\/industriemaroc.com\/#organization"},"potentialAction":[{"@type":"SearchAction","target":{"@type":"EntryPoint","urlTemplate":"https:\/\/industriemaroc.com\/?s={search_term_string}"},"query-input":{"@type":"PropertyValueSpecification","valueRequired":true,"valueName":"search_term_string"}}],"inLanguage":"en-US"},{"@type":"Organization","@id":"https:\/\/industriemaroc.com\/#organization","name":"industriemaroc.com","url":"https:\/\/industriemaroc.com\/","logo":{"@type":"ImageObject","inLanguage":"en-US","@id":"https:\/\/industriemaroc.com\/#\/schema\/logo\/image\/","url":"https:\/\/industriemaroc.com\/wp-content\/uploads\/2024\/04\/IM.jpg","contentUrl":"https:\/\/industriemaroc.com\/wp-content\/uploads\/2024\/04\/IM.jpg","width":2500,"height":2500,"caption":"industriemaroc.com"},"image":{"@id":"https:\/\/industriemaroc.com\/#\/schema\/logo\/image\/"}}]}},"_links":{"self":[{"href":"https:\/\/industriemaroc.com\/en\/wp-json\/wp\/v2\/product\/19797","targetHints":{"allow":["GET"]}}],"collection":[{"href":"https:\/\/industriemaroc.com\/en\/wp-json\/wp\/v2\/product"}],"about":[{"href":"https:\/\/industriemaroc.com\/en\/wp-json\/wp\/v2\/types\/product"}],"replies":[{"embeddable":true,"href":"https:\/\/industriemaroc.com\/en\/wp-json\/wp\/v2\/comments?post=19797"}],"version-history":[{"count":3,"href":"https:\/\/industriemaroc.com\/en\/wp-json\/wp\/v2\/product\/19797\/revisions"}],"predecessor-version":[{"id":23206,"href":"https:\/\/industriemaroc.com\/en\/wp-json\/wp\/v2\/product\/19797\/revisions\/23206"}],"wp:featuredmedia":[{"embeddable":true,"href":"https:\/\/industriemaroc.com\/en\/wp-json\/wp\/v2\/media\/19800"}],"wp:attachment":[{"href":"https:\/\/industriemaroc.com\/en\/wp-json\/wp\/v2\/media?parent=19797"}],"wp:term":[{"taxonomy":"product_brand","embeddable":true,"href":"https:\/\/industriemaroc.com\/en\/wp-json\/wp\/v2\/product_brand?post=19797"},{"taxonomy":"product_cat","embeddable":true,"href":"https:\/\/industriemaroc.com\/en\/wp-json\/wp\/v2\/product_cat?post=19797"},{"taxonomy":"product_tag","embeddable":true,"href":"https:\/\/industriemaroc.com\/en\/wp-json\/wp\/v2\/product_tag?post=19797"}],"curies":[{"name":"wp","href":"https:\/\/api.w.org\/{rel}","templated":true}]}}